{"id":370,"date":"2017-11-06T18:19:16","date_gmt":"2017-11-06T17:19:16","guid":{"rendered":"https:\/\/visitrauland.com\/vinterfestival\/?page_id=370"},"modified":"2026-02-14T15:23:30","modified_gmt":"2026-02-14T14:23:30","slug":"program","status":"publish","type":"page","link":"https:\/\/visitrauland.com\/vinterfestival\/program\/","title":{"rendered":"Program"},"content":{"rendered":"<div id=\"cs-content\" class=\"cs-content\"><style>.lazy-loader-background-element-1.lazyloaded{ background-image: url(https:\/\/visitrauland.com\/vinterfestival\/wp-content\/uploads\/sites\/104\/2022\/11\/DSC_7905_1920.jpg); background-color: transparent; }<\/style><noscript><style>.lazy-loader-background-element-1.lazyload{ background-image: url(https:\/\/visitrauland.com\/vinterfestival\/wp-content\/uploads\/sites\/104\/2022\/11\/DSC_7905_1920.jpg); background-color: transparent; }<\/style><\/noscript><div id=\"x-section-1\" class=\"x-section bg-image lazyload lazy-loader-background-element-1 \" style=\"margin: 0px;padding: 45px 0px;  \" data-x-element=\"section\" data-x-params=\"{&quot;type&quot;:&quot;image&quot;,&quot;parallax&quot;:false}\"><div id class=\"x-container max width\" style=\"margin: 0px auto;padding: 0px;\"><div class=\"x-column x-sm x-1-2\" style=\"padding: 0px 30px; background-color:hsla(14, 35%, 43%, 0.45);\"><hr class=\"x-gap\" style=\"margin: 50px 0 0 0;\"><h1 class=\"h-custom-headline h1\" style=\"color: hsl(0, 0%, 100%);\"><span>Program<\/span><\/h1><div id class=\"x-text\" style=\"color: white;\"><p>Vinterfestivalen p\u00e5 Rauland<\/p>\n<\/div><\/div><div class=\"x-column x-sm x-1-2\" style=\"padding: 0px;\">&nbsp;<\/div><\/div><div id class=\"x-container max width\" style=\"margin: 0px auto;padding: 0px;\"><div class=\"x-column x-sm x-1-1\" style=\"padding: 0px;\"><hr class=\"x-gap x-hide-sm x-hide-xs x-hide-md\" style=\"margin: 320px 0 0 0;\"><\/div><\/div><\/div><div class=\"x-section e370-e11 maa-0\"><div class=\"x-row x-container max width e370-e12 maa-1 maa-2\"><div class=\"x-row-inner\"><div class=\"x-col e370-e13 maa-3\"><div id class=\"x-text\" style><h2>Program 2026<\/h2>\n<p><a href=\"https:\/\/visitrauland.com\/vinterfestival\/billetter\/\">Billettar finn ein her!<\/a><\/p>\n<p>Lokale st\u00e5r etter tittel\/lenke.<\/p>\n<p><strong>* Courses\/lectures with an asterisk will be completely or partially in English. Programpunkt med stjerne skal g\u00e5 heilt eller delvis p\u00e5 engelsk.<\/strong><\/p>\n<p><strong>Fredag 6.2<\/strong><br>\n09:00 <a href=\"https:\/\/fb.me\/e\/3Xn97fUkf\">Garv og sy ein Elg\u00f8re-pung (tysdag - onsdag) FULLT!<\/a> Olavskjellaren<\/p>\n<p><strong>Laurdag 7.2<br>\n<\/strong>14:00 <a href=\"https:\/\/fb.me\/e\/6HHsPyVwH\">Pop-up konsert p\u00e5 Spar Rauland - USN Studentar<\/a><\/p>\n<p><strong>Sundag 8.2<br>\n<\/strong>12:00 <a href=\"https:\/\/fb.me\/e\/6E4oxcaQA\">Pop-up konsert p\u00e5 Lega - USN Studentar<\/a><strong><\/strong><\/p>\n<p><strong>Tysdag 10.2<br>\n<\/strong>09:00 <a href=\"https:\/\/fb.me\/e\/9CSVZMLLj\">Skimaking (tysdag - laurdag)<\/a> Sl\u00f8ydsalen<br>\n09:00 <a href=\"https:\/\/fb.me\/e\/bVhXMXNPO\">Tr\u00e5dsl\u00f8yd (tysdag - onsdag)<\/a> Fernissen<br>\n09:00 <a href=\"https:\/\/fb.me\/e\/4XgEmnSMe\">Firfletting (tysdag - torsdag)<\/a> Midtstoga<br>\n09:00 <a href=\"https:\/\/fb.me\/e\/3Xn97fUkf\">Garv og sy ein Elg\u00f8re-pung (tysdag - onsdag) FULLT!<\/a> Olavskjellaren<\/p>\n<p>12:00 - 12:50 <a href=\"https:\/\/fb.me\/e\/8kblGGkMX\">Lecture by Conor Caldwell: Jazz and traditional Irish Music (in English)*<\/a> Myllarsalen<br>\n13:00 - 13:50 <a href=\"https:\/\/fb.me\/e\/3Zw8N2FGL\">Lecture by Breand\u00e1n de Galla\u00ed: Manly Men: Creative Process and Choreographing Masculinity in Irish Dance*<\/a> Vaasalen<br>\n17:00 - 17:50 <a href=\"https:\/\/fb.me\/e\/8Mh8tlKfa\">Kr\u00e6sjkurs i Teledans (Crash course in dances from Telemark)*<\/a> Vaasalen<\/p>\n<p>18:00 <a href=\"https:\/\/fb.me\/e\/5w1J6M6gd\">Utstillings\u00e5pning - Studentutstilling<\/a> Foajeen<\/p>\n<p><strong>Onsdag 11.2<br>\n<\/strong><\/p>\n<p>09:00 <a href=\"https:\/\/fb.me\/e\/1S8ZXAXEdm\">Sy liv med Veronika Glitsch (onsdag - fredag)<\/a> Tekstilsalen<br>\n09:00 <a href=\"https:\/\/fb.me\/e\/7XOj4CFHe\">Krympebokser (onsdag)<\/a> Tre<br>\n09:00 <a href=\"https:\/\/fb.me\/e\/4IUmmJWyX\">Felerosing (onsdag)*<\/a> Vinjesalen<br>\n09:00 <a href=\"https:\/\/fb.me\/e\/5d0Bkz1zw\">Vikingkjedemaking (onsdag - torsdag)<\/a>* Metallverkstedet<br>\n09:00 <a href=\"https:\/\/fb.me\/e\/47hxdDqK4\">Rosem\u00e5ling (onsdag - fredag) FULLT!<\/a> Utistoga<br>\n09:00 <a href=\"https:\/\/fb.me\/e\/9CSVZMLLj\">Skimaking (tysdag - laurdag)<\/a> Sl\u00f8ydsalen<br>\n09:00 <a href=\"https:\/\/fb.me\/e\/3Xn97fUkf\">Garv og sy ein Elg\u00f8re-pung (tysdag - onsdag) FULLT!<\/a> Olavskjellaren<br>\n09:00 <a href=\"https:\/\/fb.me\/e\/bVhXMXNPO\">Tr\u00e5dsl\u00f8yd (tysdag - onsdag)<\/a> Fernissen<br>\n09:00 <a href=\"https:\/\/fb.me\/e\/4XgEmnSMe\">Firfletting (tysdag - torsdag)<\/a> Olavskjellaren<\/p>\n<p>09:00 - 11:00 <a href=\"https:\/\/fb.me\/e\/7cEWwkQzp\">Traditional song with Anne Gravir Klykken og Unni Boksasp*<\/a> Grotten<br>\n09:00 - 11:00<a href=\"https:\/\/fb.me\/e\/3fPNMK9oc\"> Dansekurs med Vetle Springgard*<\/a> Vaasalen<\/p>\n<p>12:00 - 12:50 <a href=\"https:\/\/fb.me\/e\/5VJTP21YC\"><span data-usefontface=\"true\" data-contrast=\"none\" class=\"TextRun BCX8 SCXP33891727\" xml:lang=\"NB-NO\" lang=\"NB-NO\"><span class=\"NormalTextRun BCX8 SCXP33891727\">Panelsamtale: \u00abFelleskap, livskvalitet og immateriell kulturarv\u00bb Siri M\u00e6land<\/span><\/span><span data-usefontface=\"true\" data-contrast=\"none\" class=\"TextRun BCX8 SCXP33891727\" xml:lang=\"NB-NO\" lang=\"NB-NO\"><span class=\"NormalTextRun BCX8 SCXP33891727\"><span>&nbsp;<\/span>(<span>f\u00f8rsteamanuensis, USN Rauland) m.fleire<\/span><\/span><\/span><\/a> Vaasalen<br>\n13:00 - 13:50 <a href=\"https:\/\/fb.me\/e\/5VJTP21YC\">Arbeidsverksted:<\/a> <a href=\"https:\/\/fb.me\/e\/5VJTP21YC\"><span data-usefontface=\"true\" data-contrast=\"none\" class=\"TextRun BCX8 SCXP33891727\" xml:lang=\"NB-NO\" lang=\"NB-NO\"><span class=\"NormalTextRun BCX8 SCXP33891727\">\u00ab<\/span><\/span>Fellesskap, livskvalitet og immateriell kulturarv<span data-usefontface=\"true\" data-contrast=\"none\" class=\"TextRun BCX8 SCXP33891727\" xml:lang=\"NB-NO\" lang=\"NB-NO\"><span class=\"NormalTextRun BCX8 SCXP33891727\">\u00bb<\/span><\/span> fortsetter i ein arbeidsverkstad av fellesskap om og i refleksjon, interaksjon og praktiske uttrykk<\/a>&nbsp;Vaasalen<\/p>\n<p><span data-usefontface=\"true\" data-contrast=\"none\" class=\"TextRun BCX8 SCXP33891727\" xml:lang=\"NB-NO\" lang=\"NB-NO\"><span class=\"NormalTextRun BCX8 SCXP33891727\"><span>13:00 - 13:50 <a href=\"https:\/\/fb.me\/e\/79k4xKeHF\">Blikkfl\u00f8yte \/ Tin whistle with Per \u00c5smund Omholt*<\/a> Lj\u00f8sbl\u00e5tt<br>\n14:00 - 14:50 <a href=\"https:\/\/fb.me\/e\/6m598F774\">Speed date Norwegian traditional dances with Stian Roland and Siri M\u00e6land*<\/a> Vaasalen<br>\n15:00 - 15:50 <a href=\"https:\/\/fb.me\/e\/hW09bn9wQ\">Speed date Irish traditional dances with Breandan de Galli (IRE)*<\/a> Vaasalen<br>\n15:00 - 16:30 <a href=\"https:\/\/fb.me\/e\/3IcdtMpTB\">Irsk fele med Conor Caldwell (IRE)*<\/a> Vinjesalen<br>\n<\/span><\/span><\/span><\/p>\n<p><a href=\"https:\/\/fb.me\/e\/5w1J6M6gd\">18:00 - 19:00 Studentutstilling ope<\/a> Foajeen<br>\n<a href=\"https:\/\/fb.me\/e\/6MbNfVKGS\">20:00 Tostemt (Marit Karlberg og \u00d8yonn Groven Myhren)<\/a>&nbsp; \u00c5restoga<br>\n21:00 - 00:00 Kro og dans i Gardsjordstoga<\/p>\n<p><strong>Torsdag 12.2<br>\n<\/strong><\/p>\n<p>09:00 <a href=\"https:\/\/fb.me\/e\/3XvkU2qQQ\">Karveskurd (torsdag - fredag)<\/a> Sl\u00f8ydsalen<br>\n09:00 <a href=\"https:\/\/fb.me\/e\/3PSNRKXXS\">Smi tumling (torsdag - fredag) FULLT!<\/a>&nbsp; Ambolten<br>\n09:00 <a href=\"https:\/\/fb.me\/e\/fX8n39ML4\">Hesteh\u00e5rskoster (torsdag-fredag) FULLT!<\/a> Olavskjellaren<br>\n09:00 <a href=\"https:\/\/fb.me\/e\/6ArbjIjEz\">Shrink boxes (krympebokser) *<\/a> Fernissen<br>\n09:00 <a href=\"https:\/\/fb.me\/e\/9CSVZMLLj\">Skimaking<\/a><a href=\"https:\/\/fb.me\/e\/9CSVZMLLj\"> (tysdag - laurdag)<\/a> Sl\u00f8ydsalen<br>\n09:00 <a href=\"https:\/\/fb.me\/e\/4XgEmnSMe\">Firfletting (tysdag - torsdag)<\/a> Midtstoga<br>\n09:00 <a href=\"https:\/\/fb.me\/e\/1S8ZXAXEdm\">Sy liv med Veronika Glitsch (onsdag - fredag)<\/a> Tekstilsalen<br>\n09:00 <a href=\"https:\/\/fb.me\/e\/47hxdDqK4\">Rosem\u00e5ling (onsdag - fredag) FULLT!<\/a> Utistoga<br>\n09:00 <a href=\"https:\/\/fb.me\/e\/5d0Bkz1zw\">Vikingkjedemaking (onsdag - torsdag)<\/a>* Metallverkstadet<\/p>\n<p>09:00 - 09:50 <a href=\"https:\/\/fb.me\/e\/43ZWQSuyJ\">Intro to West - Telemark traditions: Lecture with Ottar K\u00e5sa - traditional hardanger fiddle player and builder*<\/a> Stubben<br>\n10:00 - 11:30 <a href=\"https:\/\/fb.me\/e\/7KVY1YEyK\">Intro to langeleik and Norwegian jaw harp with Anders R\u00f8ine*<\/a> Gorrlaus<br>\n10:00 - 11:30 <a href=\"https:\/\/fb.me\/e\/75Pj0BMuZ\">Kveding m. Marit Karlberg og \u00d8yonn Groven Myren*<\/a> Grotten<br>\n10:00 - 11:30 <a href=\"https:\/\/fb.me\/e\/7hObmHYcR\">Hardingfele m. Ottar K\u00e5sa<\/a> Stubben<\/p>\n<p><span>12:00 - 12:50 <a href=\"https:\/\/fb.me\/e\/5TwNDw7Yw\">Samtale med Karin Eriksson (post.doc., USN Rauland) og Sigurd Johan Heide (Kartellet dansekompani) - Om kj\u00f8nn og det performative i norsk folkedans: mellom lek og alvor<\/a>. Myllarsalen<\/span><br>\n<span>12:00 - 12:50 <a href=\"https:\/\/fb.me\/e\/aLfyD6rbu\">Research presentations in English* from Laura Ellestad (f\u00f8rsteamanuensis, USN Rauland), Benjamin Rygh (f\u00f8rsteamanuensis, USN Rauland), Linn Sigrid Bratland (Ph.d stipendiat, USN Rauland) and Kim S\u00f8lve Jacobsen (f\u00f8rsteamanuensis, USN Rauland)<\/a> Lj\u00f8sbl\u00e5tt<\/span><\/p>\n<p>1300 - 1450 <a href=\"https:\/\/fb.me\/e\/4gDKC2agO\">Samspel\/Trekkspel med Leif Ottosson (SWE)*<\/a> Lj\u00f8sbl\u00e5tt<br>\n<span>1400 - 14500 <a href=\"https:\/\/fb.me\/e\/5vivLoNTa\">Polska med Ami Dregelid og Olof Misgeld (SWE)<\/a> Vaasalen<br>\n1500 - 1630 <a href=\"https:\/\/fb.me\/e\/6yBNzOQOg\">Kveding m. Hill, \u00d8yonn og Tone Romtveit*<\/a> Grotten<br>\n1500 - 1630 <a href=\"https:\/\/fb.me\/e\/7yVTZMvoQ\">Olof Misgeld og Ami Dregelid (SWE) Forelesing om og praktisk utforsking av musikk-dans forholdet<\/a> Vaasalen<\/span><\/p>\n<p>1800 - 1900&nbsp;<a href=\"https:\/\/fb.me\/e\/5m6cHAoxo\">Dansekurs med Hill og \u00d8ystein Romtveit - for deg som har danse litt f\u00f8r og treng ein oppfrisking i Vest-Telemark tak og vendingar.<\/a> Vaasalen<\/p>\n<p><a href=\"https:\/\/fb.me\/e\/5w1J6M6gd\">18:00 - 19:00 Studentutstilling ope<\/a> Foajeen<br>\n<a href=\"https:\/\/fb.me\/e\/70FvKEsTU\">18:30 NATTHAGEN: Utstilling med musikk<\/a> Telemarkstunet (oppm\u00f8te \u00c5restoga)<\/p>\n<p><strong>Festkveld torsdag i Vinjesalen<\/strong><br>\n19:15 <a href=\"https:\/\/fb.me\/e\/8eggV4do6\">An dran drin drekt (Kartellet)<br>\n<\/a>20:00 <a href=\"https:\/\/fb.me\/e\/aW96Hieuq\">International Showcase Ireland<\/a><br>\n20:30 <a href=\"https:\/\/fb.me\/e\/7mvqdvVz5\">Sudan Dudan<\/a><br>\n21:45 Dansekonsert: Falkeriset spelemannslag<br>\n22:20 Dansekonsert: Anders R\u00f8ine og Sebastian Fykse<br>\n23:00 Dansekonsert: Strengjarhaugen<br>\n23:30 Dansekonsert: Syddansk Musikkonservatorium<\/p>\n<p><strong>Fredag 13.2<br>\n<\/strong><\/p>\n<p>09:00 <a href=\"https:\/\/fb.me\/e\/3VXaB7XBE\">Brikkevev (fredag)<\/a>* Midtstoga<br>\n09:00 <a href=\"https:\/\/fb.me\/e\/5zB2cEWyf\">Work with nettle fibers (fredag)*<\/a> Fernissen<br>\n09:00 <a href=\"https:\/\/fb.me\/e\/9CSVZMLLj\">Skimaking (tysdag - laurdag)<\/a> Sl\u00f8ydsalen<br>\n09:00 <a href=\"https:\/\/fb.me\/e\/1S8ZXAXEdm\">Sy liv med Veronika Glitsch (onsdag - fredag)<\/a> Tekstilsalen<br>\n09:00 <a href=\"https:\/\/fb.me\/e\/47hxdDqK4\">Rosem\u00e5ling (onsdag - fredag) FULLT!<\/a> Utistoga<br>\n09:00 <a href=\"https:\/\/fb.me\/e\/3XvkU2qQQ\">Karveskurd (torsdag - fredag) FULLT!<\/a> Sl\u00f8ydsalen<br>\n09:00 <a href=\"https:\/\/fb.me\/e\/3PSNRKXXS\">Smi tumling (torsdag - fredag)<\/a> Ambolten<br>\n09:00 <a href=\"https:\/\/fb.me\/e\/fX8n39ML4\">Hesteh\u00e5rskoster (torsdag-fredag) FULLT!<\/a> Olavskjellaren<\/p>\n<p><span>10:00 - 11:30<\/span><span> <\/span><a href=\"https:\/\/fb.me\/e\/5xnIsopOK\"><span>Hardanger fiddle with Laura Ellestad*<\/span><\/a> Lj\u00f8sbl\u00e5tt<\/p>\n<p>12:00 - 12:50 <a href=\"https:\/\/fb.me\/e\/3FfoLny5S\">Foredrag: R\u00f8dlista handverk med Maiken Bj\u00f8rklid<\/a> Lj\u00f8sbl\u00e5tt<br>\n12:00 - 13:30<a href=\"https:\/\/fb.me\/e\/1VmFUDjOP6\"> Panelsamtale: Musikalsk artikulasjon i svensk og norsk folkemusikk. Med Sven Ahlb\u00e4ck, Olof Misgeld og Ami Petersson Dregelid (Kungl. Musikh\u00f6gskolan i Stockholm) og Anders E R\u00f8ine og Mats Johansson (USN Rauland).<\/a> Myllarsalen<\/p>\n<p>14:00 - 16:00 <a href=\"https:\/\/fb.me\/e\/41602W6qx\">FolkOrg: Sosialt treff for folkemusikk- og folkedansut\u00f8vere (lukket arrangement)<\/a> Vaasalen<br>\n13:45 - 14:45 <a href=\"https:\/\/fb.me\/e\/44aFea2WA\">Hardingfele med Johanne Flottorp<\/a> Lj\u00f8sbl\u00e5tt<br>\n<span data-usefontface=\"true\" data-contrast=\"none\" class=\"TextRun BCX8 SCXP33891727\" xml:lang=\"NB-NO\" lang=\"NB-NO\"><span class=\"NormalTextRun BCX8 SCXP33891727\"><span>15:00 - 16:30 <a href=\"https:\/\/fb.me\/e\/5QqrGx2P2\">Song med Anna Wikenius og Sofia Sand\u00e9n (SWE)<\/a> Grotten<\/span><\/span><\/span><br>\n15:30 -16:30 <a href=\"https:\/\/fb.me\/e\/49xUJNihq\">Artistm\u00f8te med Karl Seglem<\/a> Vaasalen<br>\n15:30 - 17:00 <a href=\"https:\/\/fb.me\/e\/92xgSeWTY\">Fele med Sven Ahlb\u00e4ck (SWE)<\/a> Lj\u00f8sbl\u00e5tt<\/p>\n<p>16:00 - 18:00 Opptakspr\u00f8ve Bachelor i ut\u00f8vende folkedans (lukket arrangement) Vaasalen<\/p>\n<p><a href=\"https:\/\/fb.me\/e\/7vnlqub8Q\">18:30 Plateslipp: 'Patina' (Hill, \u00d8yonn og Tone Romtveit)<\/a> Grotten<br>\n<a href=\"https:\/\/fb.me\/e\/70FvKEsTU\">18:30 NATTHAGEN: Utstilling med musikk<\/a> Telemarkstunet (oppm\u00f8te \u00c5restoga)<\/p>\n<p><strong>Festkveld fredag i Vinjesalen<\/strong><br>\n<a href=\"https:\/\/fb.me\/e\/3pprCfU6w\">19:30 FolkJazz<\/a><br>\n20:30 <a href=\"https:\/\/fb.me\/e\/43HqGZlqX\">Konsert med studentar fr\u00e5 USN Rauland&nbsp;<\/a><br>\n21:45 - 02:00 Dansekonsertar:<br>\n<a href=\"https:\/\/fb.me\/e\/8chZMXHbt\">Johanne Flottorp<\/a><br>\nRauland Gammaldansband<br>\nErlend Viken + H\u00e5kon H\u00f8gemo<br>\nKjellbj\u00f8rn Karsrud<br>\nDanny Marshall \/ Magnhild Garn\u00e5s<br>\nLars Erik \u00d8ygarden<\/p>\n<p>PS! Skibussen kj\u00f8rer Festivalbuss med ekstra turar fredag og laurdag, <a href=\"https:\/\/visitrauland.com\/skiferietelemark\/alpint\/skibussen\"><strong>les meir her<\/strong><\/a><\/p>\n<p><strong>Laurdag 14.2<\/strong><strong><br>\n<\/strong><br>\n09:00 <a href=\"https:\/\/fb.me\/e\/3NoSmBqtZ\">Emaljering (laurdag)<\/a> Ambolten<br>\n09:00 <a href=\"https:\/\/fb.me\/e\/9CSVZMLLj\">Skimaking<\/a><a href=\"https:\/\/fb.me\/e\/9CSVZMLLj\"> (tysdag -<\/a><a href=\"https:\/\/fb.me\/e\/9CSVZMLLj\"> laurdag)<\/a> Sl\u00f8ydsalen<\/p>\n<p><a href=\"https:\/\/fb.me\/e\/5jGbDtxrH\">10:00 - 11:00 Minikappleik for born t.o.m. 11\u00e5r - p\u00e5melding p\u00e5 dagen<\/a> Vinjesalen<br>\n<a href=\"https:\/\/fb.me\/e\/5jGbDtxrH\">11:00 - 17:00 Vinterkappleiken - berre f\u00f8rehandsp\u00e5melding<\/a> Vinjesalen, Midtstoga<\/p>\n<p>11:00 - 16:00 Telemarkstunet: L\u00e5ven og bakeri ope<br>\n10:00 - 12:00 <a href=\"https:\/\/fb.me\/e\/5LWqekux0\">Spikking ved b\u00e5let<\/a> Telemarkstunet<br>\n<a href=\"https:\/\/fb.me\/e\/7gqjoQdJw\">11:00 - 15:00 Studentutstilling ope<\/a> Foajeen<br>\n12:00 - 13:00 <a href=\"https:\/\/fb.me\/e\/cuo1wiNSh\">Foredrag: Kl\u00e6r med heilnorsk verdikjede med Veronika Glitch (f\u00f8rsteamanuensis, USN Rauland) og Nina Alsborn<\/a> Myllarsalen<br>\n13:00 - 15:00 <a href=\"https:\/\/fb.me\/e\/5LWqekux0\">Spikking ved b\u00e5let<\/a> Telemarkstunet<\/p>\n<p><a href=\"https:\/\/fb.me\/e\/9GuFGTaQv\">18:00 Plateslipp 'Oskorei'<\/a> Midtstoga<br>\n<a href=\"https:\/\/fb.me\/e\/70FvKEsTU\">18:30 NATTHAGEN: Utstilling med musikk<\/a> Telemarkstunet (oppm\u00f8te \u00c5restoga)<\/p>\n<p><strong>Festkveld laurdag i Vinjesalen<\/strong><br>\n<a href=\"https:\/\/fb.me\/e\/6j167p04W\">20:00 Soger og spel med Knut Buen og Johan Vaa<\/a><br>\n21:00<a href=\"https:\/\/fb.me\/e\/4orEt0XKn\"> International Showcase Sweden<\/a><br>\n21:45 Premieutdeling (Vinterkappleiken) i foajeen<br>\n<a href=\"https:\/\/fb.me\/e\/71jNmhuE6\">22:15 Pumpegris<\/a><br>\n23:15 - 02:00 Dansekonsertar i Vinjesalen: <br>\nSyver Rolandsgard og Kjetil Myhren<br>\nEm Lomas &amp; Bruce Lambelle-Ruud<br>\nSpelemannslaget B\u00f8heringane<br>\n<a href=\"https:\/\/fb.me\/e\/9TmXcdEIQ\">Egil Kalman<\/a><\/p>\n<p>PS! Skibussen kj\u00f8rer Festivalbuss med ekstra turar fredag og laurdag, <a href=\"https:\/\/visitrauland.com\/skiferietelemark\/alpint\/skibussen\"><strong>les meir her<\/strong><\/a><\/p>\n<p><strong>Sundag 15.2<br>\n<\/strong>11:00 - 16:00 Telemarkstunet: Bakeri ope<br>\n12:00 <a href=\"https:\/\/fb.me\/e\/6kfQuo2ls\">Buskerud Talentskole og Fordjupingskurset i folkemusikk og folkedans (Midt-Telemark Kulturskole)<\/a> Vinjesalen<\/p>\n<h3>Program fr\u00e5 tidlegare \u00e5r:<\/h3>\n<p><a href=\"https:\/\/visitrauland.com\/vinterfestival\/program-2025\/\">Klikk her for \u00e5 sj\u00e5 programmet fr\u00e5 festivalen i 2025<\/a><\/p>\n<p><a href=\"https:\/\/visitrauland.com\/vinterfestival\/program-2024\/\">Klikk her for \u00e5 sj\u00e5 programmet fr\u00e5 festivalen i 2024<\/a><\/p>\n<p><a href=\"https:\/\/visitrauland.com\/vinterfestival\/program-vinterfestivalen-2023\/\">Klikk her for \u00e5 sj\u00e5 programmet fr\u00e5 festivalen i 2023<\/a><\/p>\n<\/div><\/div><\/div><\/div><\/div><\/div>\n","protected":false},"excerpt":{"rendered":"<p>ProgramVinterfestivalen p\u00e5 Rauland &nbsp;Program 2026 Billettar finn ein her! Lokale st\u00e5r etter tittel\/lenke. * Courses\/lectures with an asterisk will be completely or partially in English. Programpunkt med stjerne skal g\u00e5 heilt eller delvis p\u00e5 engelsk. Fredag 6.2 09:00 Garv og sy ein Elg\u00f8re-pung (tysdag &#8211; onsdag) FULLT! Olavskjellaren Laurdag 7.2 14:00 Pop-up konsert p\u00e5 Spar Rauland &#8211; USN Studentar Sundag &#8230; <\/p>\n<div><a href=\"https:\/\/visitrauland.com\/vinterfestival\/program\/\" class=\"more-link\">Les Mer<\/a><\/div>\n","protected":false},"author":4,"featured_media":0,"parent":0,"menu_order":0,"comment_status":"closed","ping_status":"closed","template":"template-blank-4.php","meta":{"_relevanssi_hide_post":"","_relevanssi_hide_content":"","_relevanssi_pin_for_all":"","_relevanssi_pin_keywords":"","_relevanssi_unpin_keywords":"","_relevanssi_related_keywords":"","_relevanssi_related_include_ids":"","_relevanssi_related_exclude_ids":"","_relevanssi_related_no_append":"","_relevanssi_related_not_related":"","_relevanssi_related_posts":"2537,2515,2458,2598,2423,2534","_relevanssi_noindex_reason":"","seo_booster_metabox":"","footnotes":""},"class_list":["post-370","page","type-page","status-publish","hentry","no-post-thumbnail"],"yoast_head":"<!-- This site is optimized with the Yoast SEO plugin v27.2 - https:\/\/yoast.com\/product\/yoast-seo-wordpress\/ -->\n<title>Program - Rauland Internasjonale Vinterfestival<\/title>\n<meta name=\"robots\" content=\"index, follow, max-snippet:-1, max-image-preview:large, max-video-preview:-1\" \/>\n<link rel=\"canonical\" href=\"https:\/\/visitrauland.com\/vinterfestival\/program\/\" \/>\n<meta property=\"og:locale\" content=\"nb_NO\" \/>\n<meta property=\"og:type\" content=\"article\" \/>\n<meta property=\"og:title\" content=\"Program - Rauland Internasjonale Vinterfestival\" \/>\n<meta property=\"og:description\" content=\"ProgramVinterfestivalen p\u00e5 Rauland &nbsp;Program 2026 Billettar finn ein her! Lokale st\u00e5r etter tittel\/lenke. * Courses\/lectures with an asterisk will be completely or partially in English. Programpunkt med stjerne skal g\u00e5 heilt eller delvis p\u00e5 engelsk. Fredag 6.2 09:00 Garv og sy ein Elg\u00f8re-pung (tysdag - onsdag) FULLT! Olavskjellaren Laurdag 7.2 14:00 Pop-up konsert p\u00e5 Spar Rauland - USN Studentar Sundag ... Les Mer\" \/>\n<meta property=\"og:url\" content=\"https:\/\/visitrauland.com\/vinterfestival\/program\/\" \/>\n<meta property=\"og:site_name\" content=\"Rauland Internasjonale Vinterfestival\" \/>\n<meta property=\"article:modified_time\" content=\"2026-02-14T14:23:30+00:00\" \/>\n<meta name=\"twitter:card\" content=\"summary_large_image\" \/>\n<meta name=\"twitter:label1\" content=\"Ansl. lesetid\" \/>\n\t<meta name=\"twitter:data1\" content=\"6 minutter\" \/>\n<script type=\"application\/ld+json\" class=\"yoast-schema-graph\">{\"@context\":\"https:\/\/schema.org\",\"@graph\":[{\"@type\":\"WebPage\",\"@id\":\"https:\/\/visitrauland.com\/vinterfestival\/program\/\",\"url\":\"https:\/\/visitrauland.com\/vinterfestival\/program\/\",\"name\":\"Program - Rauland Internasjonale Vinterfestival\",\"isPartOf\":{\"@id\":\"https:\/\/visitrauland.com\/vinterfestival\/#website\"},\"datePublished\":\"2017-11-06T17:19:16+00:00\",\"dateModified\":\"2026-02-14T14:23:30+00:00\",\"breadcrumb\":{\"@id\":\"https:\/\/visitrauland.com\/vinterfestival\/program\/#breadcrumb\"},\"inLanguage\":\"nb-NO\",\"potentialAction\":[{\"@type\":\"ReadAction\",\"target\":[\"https:\/\/visitrauland.com\/vinterfestival\/program\/\"]}]},{\"@type\":\"BreadcrumbList\",\"@id\":\"https:\/\/visitrauland.com\/vinterfestival\/program\/#breadcrumb\",\"itemListElement\":[{\"@type\":\"ListItem\",\"position\":1,\"name\":\"Hjem\",\"item\":\"https:\/\/visitrauland.com\/vinterfestival\/\"},{\"@type\":\"ListItem\",\"position\":2,\"name\":\"Program\"}]},{\"@type\":\"WebSite\",\"@id\":\"https:\/\/visitrauland.com\/vinterfestival\/#website\",\"url\":\"https:\/\/visitrauland.com\/vinterfestival\/\",\"name\":\"Rauland Internasjonale Vinterfestival\",\"description\":\"3 hytter med flott utsikt over Lognvikvatn\",\"potentialAction\":[{\"@type\":\"SearchAction\",\"target\":{\"@type\":\"EntryPoint\",\"urlTemplate\":\"https:\/\/visitrauland.com\/vinterfestival\/?s={search_term_string}\"},\"query-input\":{\"@type\":\"PropertyValueSpecification\",\"valueRequired\":true,\"valueName\":\"search_term_string\"}}],\"inLanguage\":\"nb-NO\"}]}<\/script>\n<!-- \/ Yoast SEO plugin. -->","yoast_head_json":{"title":"Program - Rauland Internasjonale Vinterfestival","robots":{"index":"index","follow":"follow","max-snippet":"max-snippet:-1","max-image-preview":"max-image-preview:large","max-video-preview":"max-video-preview:-1"},"canonical":"https:\/\/visitrauland.com\/vinterfestival\/program\/","og_locale":"nb_NO","og_type":"article","og_title":"Program - Rauland Internasjonale Vinterfestival","og_description":"ProgramVinterfestivalen p\u00e5 Rauland &nbsp;Program 2026 Billettar finn ein her! Lokale st\u00e5r etter tittel\/lenke. * Courses\/lectures with an asterisk will be completely or partially in English. Programpunkt med stjerne skal g\u00e5 heilt eller delvis p\u00e5 engelsk. Fredag 6.2 09:00 Garv og sy ein Elg\u00f8re-pung (tysdag - onsdag) FULLT! Olavskjellaren Laurdag 7.2 14:00 Pop-up konsert p\u00e5 Spar Rauland - USN Studentar Sundag ... Les Mer","og_url":"https:\/\/visitrauland.com\/vinterfestival\/program\/","og_site_name":"Rauland Internasjonale Vinterfestival","article_modified_time":"2026-02-14T14:23:30+00:00","twitter_card":"summary_large_image","twitter_misc":{"Ansl. lesetid":"6 minutter"},"schema":{"@context":"https:\/\/schema.org","@graph":[{"@type":"WebPage","@id":"https:\/\/visitrauland.com\/vinterfestival\/program\/","url":"https:\/\/visitrauland.com\/vinterfestival\/program\/","name":"Program - Rauland Internasjonale Vinterfestival","isPartOf":{"@id":"https:\/\/visitrauland.com\/vinterfestival\/#website"},"datePublished":"2017-11-06T17:19:16+00:00","dateModified":"2026-02-14T14:23:30+00:00","breadcrumb":{"@id":"https:\/\/visitrauland.com\/vinterfestival\/program\/#breadcrumb"},"inLanguage":"nb-NO","potentialAction":[{"@type":"ReadAction","target":["https:\/\/visitrauland.com\/vinterfestival\/program\/"]}]},{"@type":"BreadcrumbList","@id":"https:\/\/visitrauland.com\/vinterfestival\/program\/#breadcrumb","itemListElement":[{"@type":"ListItem","position":1,"name":"Hjem","item":"https:\/\/visitrauland.com\/vinterfestival\/"},{"@type":"ListItem","position":2,"name":"Program"}]},{"@type":"WebSite","@id":"https:\/\/visitrauland.com\/vinterfestival\/#website","url":"https:\/\/visitrauland.com\/vinterfestival\/","name":"Rauland Internasjonale Vinterfestival","description":"3 hytter med flott utsikt over Lognvikvatn","potentialAction":[{"@type":"SearchAction","target":{"@type":"EntryPoint","urlTemplate":"https:\/\/visitrauland.com\/vinterfestival\/?s={search_term_string}"},"query-input":{"@type":"PropertyValueSpecification","valueRequired":true,"valueName":"search_term_string"}}],"inLanguage":"nb-NO"}]}},"_links":{"self":[{"href":"https:\/\/visitrauland.com\/vinterfestival\/wp-json\/wp\/v2\/pages\/370","targetHints":{"allow":["GET"]}}],"collection":[{"href":"https:\/\/visitrauland.com\/vinterfestival\/wp-json\/wp\/v2\/pages"}],"about":[{"href":"https:\/\/visitrauland.com\/vinterfestival\/wp-json\/wp\/v2\/types\/page"}],"author":[{"embeddable":true,"href":"https:\/\/visitrauland.com\/vinterfestival\/wp-json\/wp\/v2\/users\/4"}],"replies":[{"embeddable":true,"href":"https:\/\/visitrauland.com\/vinterfestival\/wp-json\/wp\/v2\/comments?post=370"}],"version-history":[{"count":242,"href":"https:\/\/visitrauland.com\/vinterfestival\/wp-json\/wp\/v2\/pages\/370\/revisions"}],"predecessor-version":[{"id":2714,"href":"https:\/\/visitrauland.com\/vinterfestival\/wp-json\/wp\/v2\/pages\/370\/revisions\/2714"}],"wp:attachment":[{"href":"https:\/\/visitrauland.com\/vinterfestival\/wp-json\/wp\/v2\/media?parent=370"}],"curies":[{"name":"wp","href":"https:\/\/api.w.org\/{rel}","templated":true}]}}