{"id":2408,"date":"2024-08-24T15:45:48","date_gmt":"2024-08-24T13:45:48","guid":{"rendered":"https:\/\/visitrauland.com\/vinterfestival\/?page_id=2408"},"modified":"2025-02-21T10:48:48","modified_gmt":"2025-02-21T09:48:48","slug":"om","status":"publish","type":"page","link":"https:\/\/visitrauland.com\/vinterfestival\/om\/","title":{"rendered":"Om Rauland Internasjonale Vinterfestival"},"content":{"rendered":"<div id=\"cs-content\" class=\"cs-content\"><style>.lazy-loader-background-element-1.lazyloaded{ background-image: url(https:\/\/visitrauland.com\/vinterfestival\/wp-content\/uploads\/sites\/104\/2022\/11\/DSC_7979_1920.jpg); background-color: transparent; }<\/style><noscript><style>.lazy-loader-background-element-1.lazyload{ background-image: url(https:\/\/visitrauland.com\/vinterfestival\/wp-content\/uploads\/sites\/104\/2022\/11\/DSC_7979_1920.jpg); background-color: transparent; }<\/style><\/noscript><div id=\"x-section-1\" class=\"x-section bg-image lazyload lazy-loader-background-element-1 \" style=\"margin: 0px;padding: 45px 0px;  \" data-x-element=\"section\" data-x-params=\"{&quot;type&quot;:&quot;image&quot;,&quot;parallax&quot;:false}\"><div id class=\"x-container max width\" style=\"margin: 0px auto;padding: 0px;\"><div class=\"x-column x-sm x-1-2\" style=\"padding: 0px 30px; background-color:hsla(14, 35%, 43%, 0.45);\"><hr class=\"x-gap\" style=\"margin: 50px 0 0 0;\"><h1 class=\"h-custom-headline h1\" style=\"color: hsl(0, 0%, 100%);\"><span>Om Vinterfestivalen<\/span><\/h1><div id class=\"x-text\" style=\"color: white;\"><\/div><\/div><div class=\"x-column x-sm x-1-2\" style=\"padding: 0px;\">&nbsp;<\/div><\/div><div id class=\"x-container max width\" style=\"margin: 0px auto;padding: 0px;\"><div class=\"x-column x-sm x-1-1\" style=\"padding: 0px;\"><hr class=\"x-gap x-hide-sm x-hide-xs x-hide-md\" style=\"margin: 320px 0 0 0;\"><\/div><\/div><\/div><div class=\"x-section e2408-e11 m1uw-0\"><div class=\"x-row x-container max width e2408-e12 m1uw-1 m1uw-2\"><div class=\"x-row-inner\"><div class=\"x-col e2408-e13 m1uw-3\"><div id class=\"x-text\" style><h3>Kontaktinformasjon<\/h3>\n<p>Ingrid Hamberg - Festivalsjef: <a href=\"mailto:ingrid.hamberg@usn.no\">ingrid.hamberg@usn.no<\/a><\/p>\n<h3>Om Rauland Vinterfestival<\/h3>\n<p><span class=\"NormalTextRun SCXW32015429 BCX8\">Dei fyrste spor av Rauland Vinterfestival <\/span><span class=\"NormalTextRun SCXW32015429 BCX8\">er <\/span><span class=\"NormalTextRun SCXW32015429 BCX8\">Vinterkappleiken<\/span><span class=\"NormalTextRun SCXW32015429 BCX8\"> som <\/span><span class=\"NormalTextRun SpellingErrorV2Themed SCXW32015429 BCX8\">oppsto<\/span><span class=\"NormalTextRun SCXW32015429 BCX8\"> <\/span><span class=\"NormalTextRun SCXW32015429 BCX8\">i 1990.<\/span><span class=\"NormalTextRun SCXW32015429 BCX8\"> <\/span><span class=\"NormalTextRun SCXW32015429 BCX8\">Det var eit <\/span><span class=\"NormalTextRun SCXW32015429 BCX8\">studentpro<\/span><span class=\"NormalTextRun SCXW32015429 BCX8\">s<\/span><span class=\"NormalTextRun SCXW32015429 BCX8\">jekt<\/span><span class=\"NormalTextRun SCXW32015429 BCX8\"> som blei vidaref\u00f8rt <\/span><span class=\"NormalTextRun SCXW32015429 BCX8\">nesten kvart \u00e5r sidan<\/span><span class=\"NormalTextRun SCXW32015429 BCX8\">.<\/span><span class=\"NormalTextRun SCXW32015429 BCX8\"> <\/span><span class=\"NormalTextRun SCXW32015429 BCX8\">Rauland internasjonale vinterfestival vart etablert i 2008 <\/span><span class=\"NormalTextRun SCXW32015429 BCX8\">etter <\/span><span class=\"NormalTextRun SCXW32015429 BCX8\">initiativ<\/span><span class=\"NormalTextRun SCXW32015429 BCX8\">&nbsp;av <\/span><span class=\"NormalTextRun SCXW32015429 BCX8\">tilsette ved<\/span><span class=\"NormalTextRun SCXW32015429 BCX8\"> Institutt for tradisjonskunst og folkemusikk, USN (da <\/span><span class=\"NormalTextRun SpellingErrorV2Themed SCXW32015429 BCX8\">HiT<\/span><span class=\"NormalTextRun SCXW32015429 BCX8\">). Fr\u00e5 2024 vert namnet endra til Rauland Vinterfestival.<\/span><span class=\"NormalTextRun SCXW32015429 BCX8\">&nbsp;Kappleiken <\/span><span class=\"NormalTextRun SCXW32015429 BCX8\">p\u00e5 <\/span><span class=\"NormalTextRun SCXW32015429 BCX8\">laurdagen<\/span><span class=\"NormalTextRun SCXW32015429 BCX8\"> <\/span><span class=\"NormalTextRun SCXW32015429 BCX8\">er ein av dei store h\u00f8gdepunkt for b\u00e5de studentane som st\u00e5r for arrangementet, deltakarar og publikum<\/span><span class=\"NormalTextRun SCXW32015429 BCX8\">.&nbsp;<\/span><\/p>\n<p><span data-contrast=\"none\" xml:lang=\"NN-NO\" lang=\"NN-NO\" class=\"TextRun Highlight SCXW9908567 BCX8\"><span class=\"NormalTextRun SCXW9908567 BCX8\">Rauland<\/span><span class=\"NormalTextRun SCXW9908567 BCX8\"> Vinterfestival <\/span><span class=\"NormalTextRun SCXW9908567 BCX8\">blir <\/span><span class=\"NormalTextRun SCXW9908567 BCX8\">arrangert i<\/span><span class=\"NormalTextRun SCXW9908567 BCX8\"> kvart \u00e5r i veke 7<\/span><span class=\"NormalTextRun SCXW9908567 BCX8\">&nbsp;<\/span><span class=\"NormalTextRun SCXW9908567 BCX8\">med ein <\/span><span class=\"NormalTextRun SCXW9908567 BCX8\">heilt <\/span><span class=\"NormalTextRun SCXW9908567 BCX8\">unik<\/span><span class=\"NormalTextRun SCXW9908567 BCX8\"> og s\u00e6rmerkt <\/span><span class=\"NormalTextRun SCXW9908567 BCX8\">profil.<\/span><span class=\"NormalTextRun SCXW9908567 BCX8\"> <\/span><span class=\"NormalTextRun SCXW9908567 BCX8\">I tillegg til <\/span><span class=\"NormalTextRun SCXW9908567 BCX8\">konsertar<\/span><span class=\"NormalTextRun SCXW9908567 BCX8\"> og <\/span><span class=\"NormalTextRun SCXW9908567 BCX8\">yrande <\/span><span class=\"NormalTextRun SCXW9908567 BCX8\">dansegolv<\/span><span class=\"NormalTextRun SCXW9908567 BCX8\">, <\/span><span class=\"NormalTextRun SCXW9908567 BCX8\">er<\/span><span class=\"NormalTextRun SCXW9908567 BCX8\"> festivalen <\/span><span class=\"NormalTextRun SCXW9908567 BCX8\">ein<\/span><span class=\"NormalTextRun SCXW9908567 BCX8\"> <\/span><span class=\"NormalTextRun SCXW9908567 BCX8\">m\u00f8teplass der <\/span><span class=\"NormalTextRun SCXW9908567 BCX8\">forskingsformidling <\/span><span class=\"NormalTextRun SCXW9908567 BCX8\">av folkemusikk <\/span><span class=\"NormalTextRun SCXW9908567 BCX8\">og <\/span><span class=\"NormalTextRun SCXW9908567 BCX8\">tradisjonskunst <\/span><span class=\"NormalTextRun SCXW9908567 BCX8\">er ein viktig del <\/span><span class=\"NormalTextRun SCXW9908567 BCX8\">av <\/span><span class=\"NormalTextRun SCXW9908567 BCX8\">profilen.<\/span><span class=\"NormalTextRun SCXW9908567 BCX8\"> <\/span><span class=\"NormalTextRun SCXW9908567 BCX8\">Dette kjem til <\/span><span class=\"NormalTextRun SCXW9908567 BCX8\">utrykk i <\/span><span class=\"NormalTextRun SCXW9908567 BCX8\">foredrag<\/span><span class=\"NormalTextRun SCXW9908567 BCX8\">,<\/span><span class=\"NormalTextRun SCXW9908567 BCX8\"> <\/span><span class=\"NormalTextRun SCXW9908567 BCX8\">kurs\/<\/span><span class=\"NormalTextRun SpellingErrorV2Themed SCXW9908567 BCX8\">workshop<\/span><span class=\"NormalTextRun SCXW9908567 BCX8\"> og <\/span><span class=\"NormalTextRun SCXW9908567 BCX8\">utstillingar.<\/span><span class=\"NormalTextRun SCXW9908567 BCX8\"> <\/span><span class=\"NormalTextRun SCXW9908567 BCX8\">Festivalen samlar<\/span><span class=\"NormalTextRun SCXW9908567 BCX8\"> <\/span><span class=\"NormalTextRun SCXW9908567 BCX8\">p\u00e5 den m\u00e5ten<\/span><span class=\"NormalTextRun SCXW9908567 BCX8\"> b\u00e5de dyktige ut\u00f8var og <\/span><span class=\"NormalTextRun SCXW9908567 BCX8\">forskarar p\u00e5 feltet<\/span><span class=\"NormalTextRun SCXW9908567 BCX8\">. <\/span><span class=\"NormalTextRun SCXW9908567 BCX8\">Festivalen <\/span><span class=\"NormalTextRun SCXW9908567 BCX8\">legg ogs\u00e5 <\/span><span class=\"NormalTextRun SCXW9908567 BCX8\">vekt p\u00e5 \u00e5 <\/span><span class=\"NormalTextRun SCXW9908567 BCX8\">formidle <\/span><span class=\"NormalTextRun SCXW9908567 BCX8\">folkemusikk av h\u00f8g <\/span><span class=\"NormalTextRun SCXW9908567 BCX8\">kvalitet<\/span><span class=\"NormalTextRun SCXW9908567 BCX8\"> <\/span><span class=\"NormalTextRun SCXW9908567 BCX8\">ut til nye <\/span><span class=\"NormalTextRun SCXW9908567 BCX8\">publikumsgrupper<\/span><span class=\"NormalTextRun SCXW9908567 BCX8\">.<\/span><span class=\"NormalTextRun SCXW9908567 BCX8\"> <\/span><span class=\"NormalTextRun SCXW9908567 BCX8\">Konsertprogrammet <\/span><span class=\"NormalTextRun SCXW9908567 BCX8\">inneheld <\/span><span class=\"NormalTextRun SCXW9908567 BCX8\">b\u00e5de <\/span><span class=\"NormalTextRun SCXW9908567 BCX8\">smale intimkonsertar, st\u00f8rre arrangement, <\/span><span class=\"NormalTextRun SCXW9908567 BCX8\">dansefest&nbsp;<\/span><span class=\"NormalTextRun SCXW9908567 BCX8\"> og <\/span><span class=\"NormalTextRun SCXW9908567 BCX8\">kappleik<\/span><span class=\"NormalTextRun SCXW9908567 BCX8\">. <\/span><span class=\"NormalTextRun SCXW9908567 BCX8\">Mange <\/span><span class=\"NormalTextRun SCXW9908567 BCX8\">artistar<\/span><span class=\"NormalTextRun SCXW9908567 BCX8\"> <\/span><span class=\"NormalTextRun SCXW9908567 BCX8\">tek kontakt<\/span><span class=\"NormalTextRun SCXW9908567 BCX8\"> <\/span><span class=\"NormalTextRun SCXW9908567 BCX8\">kvart \u00e5r <\/span><span class=\"NormalTextRun SCXW9908567 BCX8\">fordi dei<\/span><span class=\"NormalTextRun SCXW9908567 BCX8\"> <\/span><span class=\"NormalTextRun SCXW9908567 BCX8\">ynskjer \u00e5 spela<\/span><span class=\"NormalTextRun SCXW9908567 BCX8\"> <\/span><span class=\"NormalTextRun SCXW9908567 BCX8\">p\u00e5 festivalen<\/span><span class=\"NormalTextRun SCXW9908567 BCX8\">. Publikummet er ungt<\/span><span class=\"NormalTextRun SCXW9908567 BCX8\">, veksande og <\/span><span class=\"NormalTextRun SCXW9908567 BCX8\">mange<\/span><span class=\"NormalTextRun SCXW9908567 BCX8\"> <\/span><span class=\"NormalTextRun SCXW9908567 BCX8\">reiser langt for <\/span><span class=\"NormalTextRun SCXW9908567 BCX8\">\u00e5 delta.<\/span><span class=\"NormalTextRun SCXW9908567 BCX8\"> <\/span><\/span><span class=\"EOP CommentStart CommentHighlightPipeRestV2 PointComment CommentHighlightRest SCXW9908567 BCX8\" data-ccp-props=\"{&quot;201341983&quot;:0,&quot;335559739&quot;:160,&quot;335559740&quot;:279}\"> <span data-contrast=\"none\" xml:lang=\"NN-NO\" lang=\"NN-NO\" class=\"TextRun Highlight SCXW66873036 BCX8\"><span class=\"NormalTextRun SCXW66873036 BCX8\">Festivalen har mange trufaste tilhengarar og <\/span><span class=\"NormalTextRun SCXW66873036 BCX8\">mange artistar ynskjer \u00e5 spele p\u00e5 <\/span><span class=\"NormalTextRun SCXW66873036 BCX8\">festival<\/span><span class=\"NormalTextRun SCXW66873036 BCX8\">en<\/span><span class=\"NormalTextRun SCXW66873036 BCX8\">.&nbsp;<\/span><\/span><\/span><\/p>\n<h3>Presse\/media<\/h3>\n<p><a href=\"https:\/\/www.usn.no\/nyhetsarkiv\/lars-ingar-meyer-fjeld-vinterfestivalen-pa-rauland-er-den-kuleste-tingen\">Vinterfestivalen p\u00e5 Rauland er den kuleste tingen<\/a><\/p>\n<p><a href=\"https:\/\/folkorg.custompublish.com\/innhaldsrik-veke-paa-rauland-for-dei-laerenemme-og-danseglade.6651848-608949.html#:~:text=Kvart%20%C3%A5r%20i%20veke%207%20blir%20Vinterfestivalen%20arrangert%20p%C3%A5%20Rauland\">Innhaldsrik veke p\u00e5 Rauland for dei l\u00e6renemme og danseglade<\/a><\/p>\n<p><a href=\"https:\/\/www.vtb.no\/kultur\/festivalfredag-med-dansen-i-hogsetet-det-starta-med-eit-oppdrag-der-eg-skulle-vere-ein-bevegeleg-spelemann\/354096\">Festivalfredag med dansen i h\u00f8gsetet<\/a><\/p>\n<p><a href=\"https:\/\/www.usn.no\/nyhetsarkiv\/blodklubb-a-la-rauland\">Blodklubb a la Rauland<\/a><\/p>\n<\/div><\/div><\/div><\/div><\/div><\/div>\n","protected":false},"excerpt":{"rendered":"<p>Om Vinterfestivalen&nbsp;Kontaktinformasjon Ingrid Hamberg &#8211; Festivalsjef: ingrid.hamberg@usn.no Om Rauland Vinterfestival Dei fyrste spor av Rauland Vinterfestival er Vinterkappleiken som oppsto i 1990. Det var eit studentprosjekt som blei vidaref\u00f8rt nesten kvart \u00e5r sidan. Rauland internasjonale vinterfestival vart etablert i 2008 etter initiativ&nbsp;av tilsette ved Institutt for tradisjonskunst og folkemusikk, USN (da HiT). Fr\u00e5 2024 vert namnet endra til Rauland Vinterfestival.&nbsp;Kappleiken &#8230; <\/p>\n<div><a href=\"https:\/\/visitrauland.com\/vinterfestival\/om\/\" class=\"more-link\">Les Mer<\/a><\/div>\n","protected":false},"author":10,"featured_media":0,"parent":0,"menu_order":0,"comment_status":"closed","ping_status":"closed","template":"template-blank-4.php","meta":{"_relevanssi_hide_post":"","_relevanssi_hide_content":"","_relevanssi_pin_for_all":"","_relevanssi_pin_keywords":"","_relevanssi_unpin_keywords":"","_relevanssi_related_keywords":"","_relevanssi_related_include_ids":"","_relevanssi_related_exclude_ids":"","_relevanssi_related_no_append":"","_relevanssi_related_not_related":"","_relevanssi_related_posts":"","_relevanssi_noindex_reason":"","seo_booster_metabox":"","footnotes":""},"class_list":["post-2408","page","type-page","status-publish","hentry","no-post-thumbnail"],"yoast_head":"<!-- This site is optimized with the Yoast SEO plugin v27.2 - https:\/\/yoast.com\/product\/yoast-seo-wordpress\/ -->\n<title>Om Rauland Internasjonale Vinterfestival - Rauland Internasjonale Vinterfestival<\/title>\n<meta name=\"robots\" content=\"index, follow, max-snippet:-1, max-image-preview:large, max-video-preview:-1\" \/>\n<link rel=\"canonical\" href=\"https:\/\/visitrauland.com\/vinterfestival\/om\/\" \/>\n<meta property=\"og:locale\" content=\"nb_NO\" \/>\n<meta property=\"og:type\" content=\"article\" \/>\n<meta property=\"og:title\" content=\"Om Rauland Internasjonale Vinterfestival - Rauland Internasjonale Vinterfestival\" \/>\n<meta property=\"og:description\" content=\"Om Vinterfestivalen&nbsp;Kontaktinformasjon Ingrid Hamberg - Festivalsjef: ingrid.hamberg@usn.no Om Rauland Vinterfestival Dei fyrste spor av Rauland Vinterfestival er Vinterkappleiken som oppsto i 1990. Det var eit studentprosjekt som blei vidaref\u00f8rt nesten kvart \u00e5r sidan. Rauland internasjonale vinterfestival vart etablert i 2008 etter initiativ&nbsp;av tilsette ved Institutt for tradisjonskunst og folkemusikk, USN (da HiT). Fr\u00e5 2024 vert namnet endra til Rauland Vinterfestival.&nbsp;Kappleiken ... Les Mer\" \/>\n<meta property=\"og:url\" content=\"https:\/\/visitrauland.com\/vinterfestival\/om\/\" \/>\n<meta property=\"og:site_name\" content=\"Rauland Internasjonale Vinterfestival\" \/>\n<meta property=\"article:modified_time\" content=\"2025-02-21T09:48:48+00:00\" \/>\n<meta name=\"twitter:card\" content=\"summary_large_image\" \/>\n<meta name=\"twitter:label1\" content=\"Ansl. lesetid\" \/>\n\t<meta name=\"twitter:data1\" content=\"2 minutter\" \/>\n<script type=\"application\/ld+json\" class=\"yoast-schema-graph\">{\"@context\":\"https:\/\/schema.org\",\"@graph\":[{\"@type\":\"WebPage\",\"@id\":\"https:\/\/visitrauland.com\/vinterfestival\/om\/\",\"url\":\"https:\/\/visitrauland.com\/vinterfestival\/om\/\",\"name\":\"Om Rauland Internasjonale Vinterfestival - Rauland Internasjonale Vinterfestival\",\"isPartOf\":{\"@id\":\"https:\/\/visitrauland.com\/vinterfestival\/#website\"},\"datePublished\":\"2024-08-24T13:45:48+00:00\",\"dateModified\":\"2025-02-21T09:48:48+00:00\",\"breadcrumb\":{\"@id\":\"https:\/\/visitrauland.com\/vinterfestival\/om\/#breadcrumb\"},\"inLanguage\":\"nb-NO\",\"potentialAction\":[{\"@type\":\"ReadAction\",\"target\":[\"https:\/\/visitrauland.com\/vinterfestival\/om\/\"]}]},{\"@type\":\"BreadcrumbList\",\"@id\":\"https:\/\/visitrauland.com\/vinterfestival\/om\/#breadcrumb\",\"itemListElement\":[{\"@type\":\"ListItem\",\"position\":1,\"name\":\"Hjem\",\"item\":\"https:\/\/visitrauland.com\/vinterfestival\/\"},{\"@type\":\"ListItem\",\"position\":2,\"name\":\"Om Rauland Internasjonale Vinterfestival\"}]},{\"@type\":\"WebSite\",\"@id\":\"https:\/\/visitrauland.com\/vinterfestival\/#website\",\"url\":\"https:\/\/visitrauland.com\/vinterfestival\/\",\"name\":\"Rauland Internasjonale Vinterfestival\",\"description\":\"3 hytter med flott utsikt over Lognvikvatn\",\"potentialAction\":[{\"@type\":\"SearchAction\",\"target\":{\"@type\":\"EntryPoint\",\"urlTemplate\":\"https:\/\/visitrauland.com\/vinterfestival\/?s={search_term_string}\"},\"query-input\":{\"@type\":\"PropertyValueSpecification\",\"valueRequired\":true,\"valueName\":\"search_term_string\"}}],\"inLanguage\":\"nb-NO\"}]}<\/script>\n<!-- \/ Yoast SEO plugin. -->","yoast_head_json":{"title":"Om Rauland Internasjonale Vinterfestival - Rauland Internasjonale Vinterfestival","robots":{"index":"index","follow":"follow","max-snippet":"max-snippet:-1","max-image-preview":"max-image-preview:large","max-video-preview":"max-video-preview:-1"},"canonical":"https:\/\/visitrauland.com\/vinterfestival\/om\/","og_locale":"nb_NO","og_type":"article","og_title":"Om Rauland Internasjonale Vinterfestival - Rauland Internasjonale Vinterfestival","og_description":"Om Vinterfestivalen&nbsp;Kontaktinformasjon Ingrid Hamberg - Festivalsjef: ingrid.hamberg@usn.no Om Rauland Vinterfestival Dei fyrste spor av Rauland Vinterfestival er Vinterkappleiken som oppsto i 1990. Det var eit studentprosjekt som blei vidaref\u00f8rt nesten kvart \u00e5r sidan. Rauland internasjonale vinterfestival vart etablert i 2008 etter initiativ&nbsp;av tilsette ved Institutt for tradisjonskunst og folkemusikk, USN (da HiT). Fr\u00e5 2024 vert namnet endra til Rauland Vinterfestival.&nbsp;Kappleiken ... Les Mer","og_url":"https:\/\/visitrauland.com\/vinterfestival\/om\/","og_site_name":"Rauland Internasjonale Vinterfestival","article_modified_time":"2025-02-21T09:48:48+00:00","twitter_card":"summary_large_image","twitter_misc":{"Ansl. lesetid":"2 minutter"},"schema":{"@context":"https:\/\/schema.org","@graph":[{"@type":"WebPage","@id":"https:\/\/visitrauland.com\/vinterfestival\/om\/","url":"https:\/\/visitrauland.com\/vinterfestival\/om\/","name":"Om Rauland Internasjonale Vinterfestival - Rauland Internasjonale Vinterfestival","isPartOf":{"@id":"https:\/\/visitrauland.com\/vinterfestival\/#website"},"datePublished":"2024-08-24T13:45:48+00:00","dateModified":"2025-02-21T09:48:48+00:00","breadcrumb":{"@id":"https:\/\/visitrauland.com\/vinterfestival\/om\/#breadcrumb"},"inLanguage":"nb-NO","potentialAction":[{"@type":"ReadAction","target":["https:\/\/visitrauland.com\/vinterfestival\/om\/"]}]},{"@type":"BreadcrumbList","@id":"https:\/\/visitrauland.com\/vinterfestival\/om\/#breadcrumb","itemListElement":[{"@type":"ListItem","position":1,"name":"Hjem","item":"https:\/\/visitrauland.com\/vinterfestival\/"},{"@type":"ListItem","position":2,"name":"Om Rauland Internasjonale Vinterfestival"}]},{"@type":"WebSite","@id":"https:\/\/visitrauland.com\/vinterfestival\/#website","url":"https:\/\/visitrauland.com\/vinterfestival\/","name":"Rauland Internasjonale Vinterfestival","description":"3 hytter med flott utsikt over Lognvikvatn","potentialAction":[{"@type":"SearchAction","target":{"@type":"EntryPoint","urlTemplate":"https:\/\/visitrauland.com\/vinterfestival\/?s={search_term_string}"},"query-input":{"@type":"PropertyValueSpecification","valueRequired":true,"valueName":"search_term_string"}}],"inLanguage":"nb-NO"}]}},"_links":{"self":[{"href":"https:\/\/visitrauland.com\/vinterfestival\/wp-json\/wp\/v2\/pages\/2408","targetHints":{"allow":["GET"]}}],"collection":[{"href":"https:\/\/visitrauland.com\/vinterfestival\/wp-json\/wp\/v2\/pages"}],"about":[{"href":"https:\/\/visitrauland.com\/vinterfestival\/wp-json\/wp\/v2\/types\/page"}],"author":[{"embeddable":true,"href":"https:\/\/visitrauland.com\/vinterfestival\/wp-json\/wp\/v2\/users\/10"}],"replies":[{"embeddable":true,"href":"https:\/\/visitrauland.com\/vinterfestival\/wp-json\/wp\/v2\/comments?post=2408"}],"version-history":[{"count":5,"href":"https:\/\/visitrauland.com\/vinterfestival\/wp-json\/wp\/v2\/pages\/2408\/revisions"}],"predecessor-version":[{"id":2525,"href":"https:\/\/visitrauland.com\/vinterfestival\/wp-json\/wp\/v2\/pages\/2408\/revisions\/2525"}],"wp:attachment":[{"href":"https:\/\/visitrauland.com\/vinterfestival\/wp-json\/wp\/v2\/media?parent=2408"}],"curies":[{"name":"wp","href":"https:\/\/api.w.org\/{rel}","templated":true}]}}