{"id":2109,"date":"2022-11-23T13:41:03","date_gmt":"2022-11-23T12:41:03","guid":{"rendered":"https:\/\/visitrauland.com\/vinterfestival\/?page_id=2109"},"modified":"2026-01-28T13:26:16","modified_gmt":"2026-01-28T12:26:16","slug":"overnatting","status":"publish","type":"page","link":"https:\/\/visitrauland.com\/vinterfestival\/overnatting\/","title":{"rendered":"Overnatting"},"content":{"rendered":"<div id=\"cs-content\" class=\"cs-content\"><style>.lazy-loader-background-element-1.lazyloaded{ background-image: url(https:\/\/visitrauland.com\/vinterfestival\/wp-content\/uploads\/sites\/104\/2022\/11\/DSC_7238_1920.jpg); background-color: transparent; }<\/style><noscript><style>.lazy-loader-background-element-1.lazyload{ background-image: url(https:\/\/visitrauland.com\/vinterfestival\/wp-content\/uploads\/sites\/104\/2022\/11\/DSC_7238_1920.jpg); background-color: transparent; }<\/style><\/noscript><div id=\"x-section-1\" class=\"x-section bg-image lazyload lazy-loader-background-element-1 \" style=\"margin: 0px;padding: 45px 0px;  \" data-x-element=\"section\" data-x-params=\"{&quot;type&quot;:&quot;image&quot;,&quot;parallax&quot;:false}\"><div id class=\"x-container max width\" style=\"margin: 0px auto;padding: 0px;\"><div class=\"x-column x-sm x-1-2\" style=\"padding: 0px 30px; background-color:hsla(14, 35%, 43%, 0.45);\"><hr class=\"x-gap\" style=\"margin: 50px 0 0 0;\"><h1 class=\"h-custom-headline h1\" style=\"color: hsl(0, 0%, 100%);\"><span>Overnatting og mat<\/span><\/h1><div id class=\"x-text\" style=\"color: white;\"><p>Vinterfestivalen p\u00e5 Rauland<\/p>\n<\/div><\/div><div class=\"x-column x-sm x-1-2\" style=\"padding: 0px;\">&nbsp;<\/div><\/div><div id class=\"x-container max width\" style=\"margin: 0px auto;padding: 0px;\"><div class=\"x-column x-sm x-1-1\" style=\"padding: 0px;\"><hr class=\"x-gap x-hide-sm x-hide-xs x-hide-md\" style=\"margin: 320px 0 0 0;\"><\/div><\/div><\/div><div class=\"x-section e2109-e11 m1ml-0\"><div class=\"x-row x-container max width e2109-e12 m1ml-1 m1ml-2\"><div class=\"x-row-inner\"><div class=\"x-col e2109-e13 m1ml-3\"><div id class=\"x-text\" style><h1>Overnatting<\/h1>\n<p>Her kan du s\u00f8ke p\u00e5 VisitRauland for ledige rom og hytter: <a href=\"https:\/\/visitrauland.com\/overnatting\/\">https:\/\/visitrauland.com\/overnatting\/<\/a><\/p>\n<p>Det er ogs\u00e5 ein del privat overnatting \u00e5 finne p\u00e5 <a href=\"https:\/\/www.airbnb.no\/rauland-norway\/stays\">AirBnb<\/a> og <a href=\"http:\/\/Finn.no\">Finn.no.<\/a><\/p>\n<p>FESTIVALBUSS! Fredag og laurdag blir skibussen til festivalbuss p\u00e5 kvelden s\u00e5 du kan enkelt og tryggt kome deg til og fr\u00e5 konsertar og dansefest: <a href=\"https:\/\/visitrauland.com\/skiferietelemark\/alpint\/skibussen\/\">Gratis skibuss - reis enkelt mellom skistedene - Visit Rauland<\/a><\/p>\n<h3><strong>Prisar p\u00e5 Raulandsakademiet 2026:<\/strong><\/h3>\n<p>Raulandsakademiet er festivalhotell. Det er n\u00e5 venteliste for overnatting p\u00e5 Raulandsakademiet under festivalen i 2026.&nbsp;<br>\nTa kontakt for for \u00e5 st\u00e5 p\u00e5 venteliste: <a href=\"mailto:post@raulandsakademiet.no\">post@raulandsakademiet.no<\/a><\/p>\n<p><strong>Rom m. frukost<\/strong>, senget\u00f8y og handkle<br>\nEnkeltrom: 1125,-\/d\u00f8gn<br>\nEnkeltrom med sovesofa: 1125,-\/d\u00f8gn<br>\nRom med plass til 2-4: kr. 825,-\/pers\/d\u00f8gn<\/p>\n<h1>Mat<\/h1>\n<p>Raulandsakademiet serverer heimelaga mat til b\u00e5de lunsj, middag og ut p\u00e5 kvelden.<\/p>\n<\/div><\/div><\/div><\/div><\/div><\/div>\n","protected":false},"excerpt":{"rendered":"<p>Overnatting og matVinterfestivalen p\u00e5 Rauland &nbsp;Overnatting Her kan du s\u00f8ke p\u00e5 VisitRauland for ledige rom og hytter: https:\/\/visitrauland.com\/overnatting\/ Det er ogs\u00e5 ein del privat overnatting \u00e5 finne p\u00e5 AirBnb og Finn.no. FESTIVALBUSS! Fredag og laurdag blir skibussen til festivalbuss p\u00e5 kvelden s\u00e5 du kan enkelt og tryggt kome deg til og fr\u00e5 konsertar og dansefest: Gratis skibuss &#8211; reis enkelt &#8230; <\/p>\n<div><a href=\"https:\/\/visitrauland.com\/vinterfestival\/overnatting\/\" class=\"more-link\">Les Mer<\/a><\/div>\n","protected":false},"author":10,"featured_media":0,"parent":0,"menu_order":0,"comment_status":"closed","ping_status":"closed","template":"template-blank-4.php","meta":{"_relevanssi_hide_post":"","_relevanssi_hide_content":"","_relevanssi_pin_for_all":"","_relevanssi_pin_keywords":"","_relevanssi_unpin_keywords":"","_relevanssi_related_keywords":"","_relevanssi_related_include_ids":"","_relevanssi_related_exclude_ids":"","_relevanssi_related_no_append":"","_relevanssi_related_not_related":"","_relevanssi_related_posts":"","_relevanssi_noindex_reason":"","seo_booster_metabox":"","footnotes":""},"class_list":["post-2109","page","type-page","status-publish","hentry","no-post-thumbnail"],"yoast_head":"<!-- This site is optimized with the Yoast SEO plugin v27.2 - https:\/\/yoast.com\/product\/yoast-seo-wordpress\/ -->\n<title>Overnatting - Rauland Internasjonale Vinterfestival<\/title>\n<meta name=\"robots\" content=\"index, follow, max-snippet:-1, max-image-preview:large, max-video-preview:-1\" \/>\n<link rel=\"canonical\" href=\"https:\/\/visitrauland.com\/vinterfestival\/overnatting\/\" \/>\n<meta property=\"og:locale\" content=\"nb_NO\" \/>\n<meta property=\"og:type\" content=\"article\" \/>\n<meta property=\"og:title\" content=\"Overnatting - Rauland Internasjonale Vinterfestival\" \/>\n<meta property=\"og:description\" content=\"Overnatting og matVinterfestivalen p\u00e5 Rauland &nbsp;Overnatting Her kan du s\u00f8ke p\u00e5 VisitRauland for ledige rom og hytter: https:\/\/visitrauland.com\/overnatting\/ Det er ogs\u00e5 ein del privat overnatting \u00e5 finne p\u00e5 AirBnb og Finn.no. FESTIVALBUSS! Fredag og laurdag blir skibussen til festivalbuss p\u00e5 kvelden s\u00e5 du kan enkelt og tryggt kome deg til og fr\u00e5 konsertar og dansefest: Gratis skibuss - reis enkelt ... Les Mer\" \/>\n<meta property=\"og:url\" content=\"https:\/\/visitrauland.com\/vinterfestival\/overnatting\/\" \/>\n<meta property=\"og:site_name\" content=\"Rauland Internasjonale Vinterfestival\" \/>\n<meta property=\"article:modified_time\" content=\"2026-01-28T12:26:16+00:00\" \/>\n<meta name=\"twitter:card\" content=\"summary_large_image\" \/>\n<meta name=\"twitter:label1\" content=\"Ansl. lesetid\" \/>\n\t<meta name=\"twitter:data1\" content=\"2 minutter\" \/>\n<script type=\"application\/ld+json\" class=\"yoast-schema-graph\">{\"@context\":\"https:\/\/schema.org\",\"@graph\":[{\"@type\":\"WebPage\",\"@id\":\"https:\/\/visitrauland.com\/vinterfestival\/overnatting\/\",\"url\":\"https:\/\/visitrauland.com\/vinterfestival\/overnatting\/\",\"name\":\"Overnatting - Rauland Internasjonale Vinterfestival\",\"isPartOf\":{\"@id\":\"https:\/\/visitrauland.com\/vinterfestival\/#website\"},\"datePublished\":\"2022-11-23T12:41:03+00:00\",\"dateModified\":\"2026-01-28T12:26:16+00:00\",\"breadcrumb\":{\"@id\":\"https:\/\/visitrauland.com\/vinterfestival\/overnatting\/#breadcrumb\"},\"inLanguage\":\"nb-NO\",\"potentialAction\":[{\"@type\":\"ReadAction\",\"target\":[\"https:\/\/visitrauland.com\/vinterfestival\/overnatting\/\"]}]},{\"@type\":\"BreadcrumbList\",\"@id\":\"https:\/\/visitrauland.com\/vinterfestival\/overnatting\/#breadcrumb\",\"itemListElement\":[{\"@type\":\"ListItem\",\"position\":1,\"name\":\"Hjem\",\"item\":\"https:\/\/visitrauland.com\/vinterfestival\/\"},{\"@type\":\"ListItem\",\"position\":2,\"name\":\"Overnatting\"}]},{\"@type\":\"WebSite\",\"@id\":\"https:\/\/visitrauland.com\/vinterfestival\/#website\",\"url\":\"https:\/\/visitrauland.com\/vinterfestival\/\",\"name\":\"Rauland Internasjonale Vinterfestival\",\"description\":\"3 hytter med flott utsikt over Lognvikvatn\",\"potentialAction\":[{\"@type\":\"SearchAction\",\"target\":{\"@type\":\"EntryPoint\",\"urlTemplate\":\"https:\/\/visitrauland.com\/vinterfestival\/?s={search_term_string}\"},\"query-input\":{\"@type\":\"PropertyValueSpecification\",\"valueRequired\":true,\"valueName\":\"search_term_string\"}}],\"inLanguage\":\"nb-NO\"}]}<\/script>\n<!-- \/ Yoast SEO plugin. -->","yoast_head_json":{"title":"Overnatting - Rauland Internasjonale Vinterfestival","robots":{"index":"index","follow":"follow","max-snippet":"max-snippet:-1","max-image-preview":"max-image-preview:large","max-video-preview":"max-video-preview:-1"},"canonical":"https:\/\/visitrauland.com\/vinterfestival\/overnatting\/","og_locale":"nb_NO","og_type":"article","og_title":"Overnatting - Rauland Internasjonale Vinterfestival","og_description":"Overnatting og matVinterfestivalen p\u00e5 Rauland &nbsp;Overnatting Her kan du s\u00f8ke p\u00e5 VisitRauland for ledige rom og hytter: https:\/\/visitrauland.com\/overnatting\/ Det er ogs\u00e5 ein del privat overnatting \u00e5 finne p\u00e5 AirBnb og Finn.no. FESTIVALBUSS! Fredag og laurdag blir skibussen til festivalbuss p\u00e5 kvelden s\u00e5 du kan enkelt og tryggt kome deg til og fr\u00e5 konsertar og dansefest: Gratis skibuss - reis enkelt ... Les Mer","og_url":"https:\/\/visitrauland.com\/vinterfestival\/overnatting\/","og_site_name":"Rauland Internasjonale Vinterfestival","article_modified_time":"2026-01-28T12:26:16+00:00","twitter_card":"summary_large_image","twitter_misc":{"Ansl. lesetid":"2 minutter"},"schema":{"@context":"https:\/\/schema.org","@graph":[{"@type":"WebPage","@id":"https:\/\/visitrauland.com\/vinterfestival\/overnatting\/","url":"https:\/\/visitrauland.com\/vinterfestival\/overnatting\/","name":"Overnatting - Rauland Internasjonale Vinterfestival","isPartOf":{"@id":"https:\/\/visitrauland.com\/vinterfestival\/#website"},"datePublished":"2022-11-23T12:41:03+00:00","dateModified":"2026-01-28T12:26:16+00:00","breadcrumb":{"@id":"https:\/\/visitrauland.com\/vinterfestival\/overnatting\/#breadcrumb"},"inLanguage":"nb-NO","potentialAction":[{"@type":"ReadAction","target":["https:\/\/visitrauland.com\/vinterfestival\/overnatting\/"]}]},{"@type":"BreadcrumbList","@id":"https:\/\/visitrauland.com\/vinterfestival\/overnatting\/#breadcrumb","itemListElement":[{"@type":"ListItem","position":1,"name":"Hjem","item":"https:\/\/visitrauland.com\/vinterfestival\/"},{"@type":"ListItem","position":2,"name":"Overnatting"}]},{"@type":"WebSite","@id":"https:\/\/visitrauland.com\/vinterfestival\/#website","url":"https:\/\/visitrauland.com\/vinterfestival\/","name":"Rauland Internasjonale Vinterfestival","description":"3 hytter med flott utsikt over Lognvikvatn","potentialAction":[{"@type":"SearchAction","target":{"@type":"EntryPoint","urlTemplate":"https:\/\/visitrauland.com\/vinterfestival\/?s={search_term_string}"},"query-input":{"@type":"PropertyValueSpecification","valueRequired":true,"valueName":"search_term_string"}}],"inLanguage":"nb-NO"}]}},"_links":{"self":[{"href":"https:\/\/visitrauland.com\/vinterfestival\/wp-json\/wp\/v2\/pages\/2109","targetHints":{"allow":["GET"]}}],"collection":[{"href":"https:\/\/visitrauland.com\/vinterfestival\/wp-json\/wp\/v2\/pages"}],"about":[{"href":"https:\/\/visitrauland.com\/vinterfestival\/wp-json\/wp\/v2\/types\/page"}],"author":[{"embeddable":true,"href":"https:\/\/visitrauland.com\/vinterfestival\/wp-json\/wp\/v2\/users\/10"}],"replies":[{"embeddable":true,"href":"https:\/\/visitrauland.com\/vinterfestival\/wp-json\/wp\/v2\/comments?post=2109"}],"version-history":[{"count":25,"href":"https:\/\/visitrauland.com\/vinterfestival\/wp-json\/wp\/v2\/pages\/2109\/revisions"}],"predecessor-version":[{"id":2612,"href":"https:\/\/visitrauland.com\/vinterfestival\/wp-json\/wp\/v2\/pages\/2109\/revisions\/2612"}],"wp:attachment":[{"href":"https:\/\/visitrauland.com\/vinterfestival\/wp-json\/wp\/v2\/media?parent=2109"}],"curies":[{"name":"wp","href":"https:\/\/api.w.org\/{rel}","templated":true}]}}