{"id":339,"date":"2017-10-30T18:03:03","date_gmt":"2017-10-30T17:03:03","guid":{"rendered":"https:\/\/visitrauland.com\/vinjesenteret\/?page_id=339"},"modified":"2026-02-10T13:34:15","modified_gmt":"2026-02-10T12:34:15","slug":"vinjesenteret","status":"publish","type":"page","link":"https:\/\/visitrauland.com\/vinjesenteret\/","title":{"rendered":"Vinjesenteret"},"content":{"rendered":"<div id=\"cs-content\" class=\"cs-content\"><div class=\"x-section e339-e1 m9f-0 m9f-1 m9f-2 hero-2026\"><div class=\"x-bg\" aria-hidden=\"true\"><div class=\"x-bg-layer-lower-image\"><\/div><div class=\"x-bg-layer-upper-color\"><\/div><\/div><div class=\"x-div e339-e2 m9f-8 m9f-9 m9f-a m9f-b\"><div class=\"x-text x-text-headline e339-e3 m9f-f m9f-g m9f-h\"><div class=\"x-text-content\"><div class=\"x-text-content-text\"><h1 class=\"x-text-content-text-primary\">Vinjesenteret<\/h1>\n<\/div><\/div><\/div><\/div><\/div><div id=\"x-section-1\" class=\"x-section text-24px underhero-text\" style=\"margin: 0px;padding: 45px 0px; background-color: transparent;\"><div id class=\"x-container max width\" style=\"margin: 0px auto;padding: 0px;\"><div class=\"x-column x-sm x-2-3\" style=\"padding: 0px;\"><div id class=\"x-text\" style><p><strong>Vinjesenteret er eit nasjonalt senter for dikting og journalistikk med utgangspunkt i dei fire lokale forfatterane Aasmund Olavsson Vinje, Aslaug Vaa, Tarjei Vesaas og Halldis Moren Vesaas.<\/strong><\/p>\n<p><span>Gjestene f\u00e5r innblikk i kva dikting og journalistikk fortel om oss menneske og kva det tyder for oss. Senteret inneheld ei utstilling med utdrag fr\u00e5 b\u00f8ker og journalistikk, bilete, sitat, flotte digitale installasjonar, spel om kjeldekritikk, barnel\u00f8ype, barnevegg, lesekrok og ei boksamling.<\/span><\/p>\n<p><strong>Vinjesenteret, Vinje<\/strong><span><\/span><br>\n<span>Vinjevegen 1441,<\/span><br>\n<span>3890 Vinje<\/span><\/p>\n<p><span>70 04 75 70<br>\n<a href=\"mailto:post@nynorsk.no\"><strong>post@nynorsk.no<\/strong><\/a><\/span><\/p>\n<p><a href=\"https:\/\/www.nynorsk.no\/vinjesenteret\/\" target=\"_blank\" rel=\"noopener\"><span style=\"color: #ff6600;\"><strong>\u00bb Bes\u00f8k Vinjesenteret<\/strong><\/span><\/a><br>\n<span style=\"color: #ff6600;\"><a href=\"https:\/\/www.nynorsk.no\/vinjesenteret\/opningstider-og-prisar\/\" target=\"_blank\" style=\"color: #ff6600;\" rel=\"noopener\"><strong>\u00bb Opningstider og priser<\/strong><\/a><\/span><\/p>\n<\/div><\/div><div class=\"x-column x-sm x-1-3\" style=\"padding: 0px 0px 45px;\"><noscript><img decoding=\"async\" class=\"x-img x-img-none\" src=\"https:\/\/visitrauland.com\/vinjesenteret\/wp-content\/uploads\/sites\/103\/2022\/06\/vinjesenteret-900x600-1.jpg\" alt=\"Kulturhus i skoglandskap ved solnedgang med mennesker utenfor.\"><\/noscript><img decoding=\"async\" class=\"x-img x-img-none lazyload\" src=\"data:image\/gif;base64,R0lGODlhAQABAIAAAAAAAP\/\/\/yH5BAEAAAAALAAAAAABAAEAAAIBRAA7\" alt=\"Kulturhus i skoglandskap ved solnedgang med mennesker utenfor.\" data-src=\"https:\/\/visitrauland.com\/vinjesenteret\/wp-content\/uploads\/sites\/103\/2022\/06\/vinjesenteret-900x600-1.jpg\"><\/div><\/div><\/div><div class=\"x-section e339-e10 m9f-0 m9f-2 m9f-3\"><div class=\"x-bg\"><div class=\"x-bg-layer-lower-img\" data-x-element-bg-layer=\"{&quot;parallaxSize&quot;:&quot;150%&quot;,&quot;parallaxDir&quot;:&quot;v&quot;,&quot;parallaxRev&quot;:false}\"><noscript><img decoding=\"async\" src=\"https:\/\/visitrauland.com\/vinjesenteret\/wp-content\/uploads\/sites\/103\/2022\/06\/IMG_4302-1024x768-1.jpg\" alt=\"To barn leser b\u00f8ker i huler utformet som fjell, del av en kreativ innend\u00f8rs lesesone.\"><\/noscript><img decoding=\"async\" src=\"data:image\/gif;base64,R0lGODlhAQABAIAAAAAAAP\/\/\/yH5BAEAAAAALAAAAAABAAEAAAIBRAA7\" alt=\"To barn leser b\u00f8ker i huler utformet som fjell, del av en kreativ innend\u00f8rs lesesone.\" data-src=\"https:\/\/visitrauland.com\/vinjesenteret\/wp-content\/uploads\/sites\/103\/2022\/06\/IMG_4302-1024x768-1.jpg\" class=\" lazyload\"><\/div><\/div><div class=\"x-row x-container max width e339-e11 m9f-k m9f-l m9f-m m9f-n m9f-q m9f-r\"><div class=\"x-row-inner\"><div class=\"x-col e339-e12 m9f-v\"><\/div><\/div><\/div><\/div><div class=\"x-section e339-e13 m9f-0 m9f-4\"><div class=\"x-row e339-e14 m9f-k m9f-m m9f-o m9f-s overflow-scroll-title\"><div class=\"x-row-inner\"><div class=\"x-col e339-e15 m9f-v\"><div class=\"x-text x-text-headline e339-e16 m9f-g m9f-h m9f-i\"><div class=\"x-text-content\"><div class=\"x-text-content-text\"><h3 class=\"x-text-content-text-primary\">Siste nytt<\/h3>\n<\/div><\/div><\/div><\/div><\/div><\/div><div class=\"x-row e339-e21 m9f-k m9f-l m9f-m m9f-n m9f-q m9f-t overflow-scroll-wrapper\"><div class=\"x-row-inner\"><div class=\"x-col e339-e22 m9f-v overflow-scroll\" id=\"posts-1\"><div class=\"x-row e339-e23 m9f-k m9f-l m9f-p m9f-u overflow-scroll-posts\"><div class=\"x-row-inner\"><a class=\"x-col e339-e24 m9f-v m9f-w m9f-y m9f-5 m9f-6 overflow-scroll-post\" href=\"https:\/\/visitrauland.com\/vinjesenteret\/litteraturdagane-feirar-tarjei-vesaas\/\"><figure class=\"x-div e339-e25 m9f-a m9f-b m9f-c m9f-d\"><span class=\"x-image e339-e26 m9f-13\"><noscript><img decoding=\"async\" src=\"https:\/\/visitrauland.com\/vinjesenteret\/wp-content\/uploads\/sites\/103\/2022\/06\/litteraturdagane2022-1920.jpg\" width=\"960\" height=\"540\" alt=\"Featured image for \u201cLitteraturdagane feirar Tarjei Vesaas\u201d\"><\/noscript><img decoding=\"async\" src=\"data:image\/svg+xml,%3Csvg%20xmlns%3D%22http%3A%2F%2Fwww.w3.org%2F2000%2Fsvg%22%20viewBox%3D%220%200%20960%20540%22%3E%3C%2Fsvg%3E\" width=\"960\" height=\"540\" alt=\"Featured image for \u201cLitteraturdagane feirar Tarjei Vesaas\u201d\" data-src=\"https:\/\/visitrauland.com\/vinjesenteret\/wp-content\/uploads\/sites\/103\/2022\/06\/litteraturdagane2022-1920.jpg\" class=\" lazyload\"><\/span><\/figure><article class=\"x-div e339-e27 m9f-8 m9f-b m9f-d m9f-e\"><div class=\"x-text x-text-headline e339-e28 m9f-h m9f-j m9f-5 m9f-7 max-2-lines force-inter\"><div class=\"x-text-content\"><div class=\"x-text-content-text\"><h2 class=\"x-text-content-text-primary\">Litteraturdagane feirar Tarjei Vesaas<\/h2>\n<\/div><\/div><\/div><div class=\"x-text x-content e339-e29 m9f-11 m9f-12\">Frode Grytten, Hildegun Riise og Aasmund Nordstoga er nokre av ut\u00f8varane som gjestar \u00e5rets Litteraturdagar. Det er 125 \u00e5r sidan\u2026<\/div><\/article><\/a><\/div><\/div><\/div><div class=\"x-col e339-e30 m9f-v\"><div id=\"post-1-progress-bar\"><\/div><\/div><\/div><\/div><\/div><\/div>\n","protected":false},"excerpt":{"rendered":"<p>Vinjesenteret Vinjesenteret er eit nasjonalt senter for dikting og journalistikk med utgangspunkt i dei fire lokale forfatterane Aasmund Olavsson Vinje, Aslaug Vaa, Tarjei Vesaas og Halldis Moren Vesaas. Gjestene f\u00e5r innblikk i kva dikting og journalistikk fortel om oss menneske og kva det tyder for oss. Senteret inneheld ei utstilling med utdrag fr\u00e5 b\u00f8ker og journalistikk, bilete, sitat, flotte digitale &#8230; <\/p>\n<div><a href=\"https:\/\/visitrauland.com\/vinjesenteret\/\" class=\"more-link\">Les Mer<\/a><\/div>\n","protected":false},"author":3,"featured_media":0,"parent":0,"menu_order":0,"comment_status":"closed","ping_status":"closed","template":"template-sites.php","meta":{"_relevanssi_hide_post":"","_relevanssi_hide_content":"","_relevanssi_pin_for_all":"","_relevanssi_pin_keywords":"","_relevanssi_unpin_keywords":"","_relevanssi_related_keywords":"","_relevanssi_related_include_ids":"","_relevanssi_related_exclude_ids":"","_relevanssi_related_no_append":"","_relevanssi_related_not_related":"","_relevanssi_related_posts":"1936,1","_relevanssi_noindex_reason":"","seo_booster_metabox":"","footnotes":""},"class_list":["post-339","page","type-page","status-publish","hentry","no-post-thumbnail"],"yoast_head":"<!-- This site is optimized with the Yoast SEO plugin v27.2 - https:\/\/yoast.com\/product\/yoast-seo-wordpress\/ -->\n<title>Vinjesenteret - Visit Rauland<\/title>\n<meta name=\"robots\" content=\"noindex, follow, max-snippet:-1, max-image-preview:large, max-video-preview:-1\" \/>\n<meta property=\"og:locale\" content=\"nb_NO\" \/>\n<meta property=\"og:type\" content=\"article\" \/>\n<meta property=\"og:title\" content=\"Vinjesenteret - Visit Rauland\" \/>\n<meta property=\"og:description\" content=\"Vinjesenteret Vinjesenteret er eit nasjonalt senter for dikting og journalistikk med utgangspunkt i dei fire lokale forfatterane Aasmund Olavsson Vinje, Aslaug Vaa, Tarjei Vesaas og Halldis Moren Vesaas. Gjestene f\u00e5r innblikk i kva dikting og journalistikk fortel om oss menneske og kva det tyder for oss. Senteret inneheld ei utstilling med utdrag fr\u00e5 b\u00f8ker og journalistikk, bilete, sitat, flotte digitale ... Les Mer\" \/>\n<meta property=\"og:url\" content=\"https:\/\/visitrauland.com\/vinjesenteret\/\" \/>\n<meta property=\"og:site_name\" content=\"Vinjesenteret\" \/>\n<meta property=\"article:modified_time\" content=\"2026-02-10T12:34:15+00:00\" \/>\n<meta name=\"twitter:card\" content=\"summary_large_image\" \/>\n<meta name=\"twitter:label1\" content=\"Ansl. lesetid\" \/>\n\t<meta name=\"twitter:data1\" content=\"3 minutter\" \/>\n<script type=\"application\/ld+json\" class=\"yoast-schema-graph\">{\"@context\":\"https:\/\/schema.org\",\"@graph\":[{\"@type\":\"WebPage\",\"@id\":\"https:\/\/visitrauland.com\/vinjesenteret\/\",\"url\":\"https:\/\/visitrauland.com\/vinjesenteret\/\",\"name\":\"Vinjesenteret - Visit Rauland\",\"isPartOf\":{\"@id\":\"https:\/\/visitrauland.com\/vinjesenteret\/#website\"},\"datePublished\":\"2017-10-30T17:03:03+00:00\",\"dateModified\":\"2026-02-10T12:34:15+00:00\",\"breadcrumb\":{\"@id\":\"https:\/\/visitrauland.com\/vinjesenteret\/#breadcrumb\"},\"inLanguage\":\"nb-NO\",\"potentialAction\":[{\"@type\":\"ReadAction\",\"target\":[\"https:\/\/visitrauland.com\/vinjesenteret\/\"]}]},{\"@type\":\"BreadcrumbList\",\"@id\":\"https:\/\/visitrauland.com\/vinjesenteret\/#breadcrumb\",\"itemListElement\":[{\"@type\":\"ListItem\",\"position\":1,\"name\":\"Hjem\",\"item\":\"https:\/\/visitrauland.com\/vinjesenteret\/\"},{\"@type\":\"ListItem\",\"position\":2,\"name\":\"Vinjesenteret\"}]},{\"@type\":\"WebSite\",\"@id\":\"https:\/\/visitrauland.com\/vinjesenteret\/#website\",\"url\":\"https:\/\/visitrauland.com\/vinjesenteret\/\",\"name\":\"Vinjesenteret\",\"description\":\"3 hytter med flott utsikt over Lognvikvatn\",\"potentialAction\":[{\"@type\":\"SearchAction\",\"target\":{\"@type\":\"EntryPoint\",\"urlTemplate\":\"https:\/\/visitrauland.com\/vinjesenteret\/?s={search_term_string}\"},\"query-input\":{\"@type\":\"PropertyValueSpecification\",\"valueRequired\":true,\"valueName\":\"search_term_string\"}}],\"inLanguage\":\"nb-NO\"}]}<\/script>\n<!-- \/ Yoast SEO plugin. -->","yoast_head_json":{"title":"Vinjesenteret - Visit Rauland","robots":{"index":"noindex","follow":"follow","max-snippet":"max-snippet:-1","max-image-preview":"max-image-preview:large","max-video-preview":"max-video-preview:-1"},"og_locale":"nb_NO","og_type":"article","og_title":"Vinjesenteret - Visit Rauland","og_description":"Vinjesenteret Vinjesenteret er eit nasjonalt senter for dikting og journalistikk med utgangspunkt i dei fire lokale forfatterane Aasmund Olavsson Vinje, Aslaug Vaa, Tarjei Vesaas og Halldis Moren Vesaas. Gjestene f\u00e5r innblikk i kva dikting og journalistikk fortel om oss menneske og kva det tyder for oss. Senteret inneheld ei utstilling med utdrag fr\u00e5 b\u00f8ker og journalistikk, bilete, sitat, flotte digitale ... Les Mer","og_url":"https:\/\/visitrauland.com\/vinjesenteret\/","og_site_name":"Vinjesenteret","article_modified_time":"2026-02-10T12:34:15+00:00","twitter_card":"summary_large_image","twitter_misc":{"Ansl. lesetid":"3 minutter"},"schema":{"@context":"https:\/\/schema.org","@graph":[{"@type":"WebPage","@id":"https:\/\/visitrauland.com\/vinjesenteret\/","url":"https:\/\/visitrauland.com\/vinjesenteret\/","name":"Vinjesenteret - Visit Rauland","isPartOf":{"@id":"https:\/\/visitrauland.com\/vinjesenteret\/#website"},"datePublished":"2017-10-30T17:03:03+00:00","dateModified":"2026-02-10T12:34:15+00:00","breadcrumb":{"@id":"https:\/\/visitrauland.com\/vinjesenteret\/#breadcrumb"},"inLanguage":"nb-NO","potentialAction":[{"@type":"ReadAction","target":["https:\/\/visitrauland.com\/vinjesenteret\/"]}]},{"@type":"BreadcrumbList","@id":"https:\/\/visitrauland.com\/vinjesenteret\/#breadcrumb","itemListElement":[{"@type":"ListItem","position":1,"name":"Hjem","item":"https:\/\/visitrauland.com\/vinjesenteret\/"},{"@type":"ListItem","position":2,"name":"Vinjesenteret"}]},{"@type":"WebSite","@id":"https:\/\/visitrauland.com\/vinjesenteret\/#website","url":"https:\/\/visitrauland.com\/vinjesenteret\/","name":"Vinjesenteret","description":"3 hytter med flott utsikt over Lognvikvatn","potentialAction":[{"@type":"SearchAction","target":{"@type":"EntryPoint","urlTemplate":"https:\/\/visitrauland.com\/vinjesenteret\/?s={search_term_string}"},"query-input":{"@type":"PropertyValueSpecification","valueRequired":true,"valueName":"search_term_string"}}],"inLanguage":"nb-NO"}]}},"_links":{"self":[{"href":"https:\/\/visitrauland.com\/vinjesenteret\/wp-json\/wp\/v2\/pages\/339","targetHints":{"allow":["GET"]}}],"collection":[{"href":"https:\/\/visitrauland.com\/vinjesenteret\/wp-json\/wp\/v2\/pages"}],"about":[{"href":"https:\/\/visitrauland.com\/vinjesenteret\/wp-json\/wp\/v2\/types\/page"}],"author":[{"embeddable":true,"href":"https:\/\/visitrauland.com\/vinjesenteret\/wp-json\/wp\/v2\/users\/3"}],"replies":[{"embeddable":true,"href":"https:\/\/visitrauland.com\/vinjesenteret\/wp-json\/wp\/v2\/comments?post=339"}],"version-history":[{"count":7,"href":"https:\/\/visitrauland.com\/vinjesenteret\/wp-json\/wp\/v2\/pages\/339\/revisions"}],"predecessor-version":[{"id":1965,"href":"https:\/\/visitrauland.com\/vinjesenteret\/wp-json\/wp\/v2\/pages\/339\/revisions\/1965"}],"wp:attachment":[{"href":"https:\/\/visitrauland.com\/vinjesenteret\/wp-json\/wp\/v2\/media?parent=339"}],"curies":[{"name":"wp","href":"https:\/\/api.w.org\/{rel}","templated":true}]}}