{"id":437,"date":"2017-12-04T13:18:08","date_gmt":"2017-12-04T12:18:08","guid":{"rendered":"https:\/\/visitrauland.com\/vierli\/?page_id=437"},"modified":"2023-10-17T10:55:50","modified_gmt":"2023-10-17T08:55:50","slug":"praktisk","status":"publish","type":"page","link":"https:\/\/visitrauland.com\/vierli\/informasjon\/praktisk\/","title":{"rendered":"Praktisk info"},"content":{"rendered":"<div id=\"cs-content\" class=\"cs-content\"><\/div>\n","protected":false},"excerpt":{"rendered":"<p>Det skal v\u00e6re enkelt \u00e5 ha hytte p\u00e5 Vierli. Her finner du litt praktisk informasjon som du som hytteeier vil ha nytte av \u00e5 vite. Vi anbefaler ogs\u00e5 hytteeiere \u00e5 melde seg inn&nbsp;Rauland Hyttevelforening&nbsp;&nbsp;som gir mye nyttig og&nbsp;relevant informasjon. Har du noen sp\u00f8rsm\u00e5l? Kontakt Kristin Larsen \/ H\u00e5vard Bj\u00f8rke kl@raulandskisenter.no\/&nbsp;hb@raulandskisenter.no Br\u00f8yting p\u00e5 Vierli Br\u00f8yting og sommervedlikehold av veier blir utf\u00f8rt &#8230; <\/p>\n<div><a href=\"https:\/\/visitrauland.com\/vierli\/informasjon\/praktisk\/\" class=\"more-link\">Les Mer<\/a><\/div>\n","protected":false},"author":1,"featured_media":0,"parent":370,"menu_order":0,"comment_status":"closed","ping_status":"closed","template":"","meta":{"_relevanssi_hide_post":"","_relevanssi_hide_content":"","_relevanssi_pin_for_all":"","_relevanssi_pin_keywords":"","_relevanssi_unpin_keywords":"","_relevanssi_related_keywords":"","_relevanssi_related_include_ids":"","_relevanssi_related_exclude_ids":"","_relevanssi_related_no_append":"","_relevanssi_related_not_related":"","_relevanssi_related_posts":"","_relevanssi_noindex_reason":"","seo_booster_metabox":"","footnotes":""},"class_list":["post-437","page","type-page","status-publish","hentry","no-post-thumbnail"],"yoast_head":"<!-- This site is optimized with the Yoast SEO plugin v27.2 - https:\/\/yoast.com\/product\/yoast-seo-wordpress\/ -->\n<title>Praktisk info - Vierli<\/title>\n<meta name=\"robots\" content=\"index, follow, max-snippet:-1, max-image-preview:large, max-video-preview:-1\" \/>\n<link rel=\"canonical\" href=\"https:\/\/visitrauland.com\/vierli\/informasjon\/praktisk\/\" \/>\n<meta property=\"og:locale\" content=\"nb_NO\" \/>\n<meta property=\"og:type\" content=\"article\" \/>\n<meta property=\"og:title\" content=\"Praktisk info - Vierli\" \/>\n<meta property=\"og:description\" content=\"Det skal v\u00e6re enkelt \u00e5 ha hytte p\u00e5 Vierli. Her finner du litt praktisk informasjon som du som hytteeier vil ha nytte av \u00e5 vite. Vi anbefaler ogs\u00e5 hytteeiere \u00e5 melde seg inn&nbsp;Rauland Hyttevelforening&nbsp;&nbsp;som gir mye nyttig og&nbsp;relevant informasjon. Har du noen sp\u00f8rsm\u00e5l? Kontakt Kristin Larsen \/ H\u00e5vard Bj\u00f8rke kl@raulandskisenter.no\/&nbsp;hb@raulandskisenter.no Br\u00f8yting p\u00e5 Vierli Br\u00f8yting og sommervedlikehold av veier blir utf\u00f8rt ... Les Mer\" \/>\n<meta property=\"og:url\" content=\"https:\/\/visitrauland.com\/vierli\/informasjon\/praktisk\/\" \/>\n<meta property=\"og:site_name\" content=\"Vierli\" \/>\n<meta property=\"article:modified_time\" content=\"2023-10-17T08:55:50+00:00\" \/>\n<meta property=\"og:image\" content=\"https:\/\/visitrauland.com\/vierli\/wp-content\/uploads\/sites\/42\/2021\/03\/trakkemaskin_1920.jpg\" \/>\n<meta name=\"twitter:card\" content=\"summary_large_image\" \/>\n<meta name=\"twitter:label1\" content=\"Ansl. lesetid\" \/>\n\t<meta name=\"twitter:data1\" content=\"4 minutter\" \/>\n<script type=\"application\/ld+json\" class=\"yoast-schema-graph\">{\"@context\":\"https:\/\/schema.org\",\"@graph\":[{\"@type\":\"WebPage\",\"@id\":\"https:\/\/visitrauland.com\/vierli\/informasjon\/praktisk\/\",\"url\":\"https:\/\/visitrauland.com\/vierli\/informasjon\/praktisk\/\",\"name\":\"Praktisk info - Vierli\",\"isPartOf\":{\"@id\":\"https:\/\/visitrauland.com\/vierli\/#website\"},\"primaryImageOfPage\":{\"@id\":\"https:\/\/visitrauland.com\/vierli\/informasjon\/praktisk\/#primaryimage\"},\"image\":{\"@id\":\"https:\/\/visitrauland.com\/vierli\/informasjon\/praktisk\/#primaryimage\"},\"thumbnailUrl\":\"https:\/\/visitrauland.com\/vierli\/wp-content\/uploads\/sites\/42\/2021\/03\/trakkemaskin_1920.jpg\",\"datePublished\":\"2017-12-04T12:18:08+00:00\",\"dateModified\":\"2023-10-17T08:55:50+00:00\",\"breadcrumb\":{\"@id\":\"https:\/\/visitrauland.com\/vierli\/informasjon\/praktisk\/#breadcrumb\"},\"inLanguage\":\"nb-NO\",\"potentialAction\":[{\"@type\":\"ReadAction\",\"target\":[\"https:\/\/visitrauland.com\/vierli\/informasjon\/praktisk\/\"]}]},{\"@type\":\"ImageObject\",\"inLanguage\":\"nb-NO\",\"@id\":\"https:\/\/visitrauland.com\/vierli\/informasjon\/praktisk\/#primaryimage\",\"url\":\"https:\/\/visitrauland.com\/vierli\/wp-content\/uploads\/sites\/42\/2021\/03\/trakkemaskin_1920.jpg\",\"contentUrl\":\"https:\/\/visitrauland.com\/vierli\/wp-content\/uploads\/sites\/42\/2021\/03\/trakkemaskin_1920.jpg\",\"width\":1920,\"height\":1080,\"caption\":\"Sn\u00f8beltebil kj\u00f8rer i solfylte, sn\u00f8dekte omgivelser med fjell i bakgrunnen.\"},{\"@type\":\"BreadcrumbList\",\"@id\":\"https:\/\/visitrauland.com\/vierli\/informasjon\/praktisk\/#breadcrumb\",\"itemListElement\":[{\"@type\":\"ListItem\",\"position\":1,\"name\":\"Hjem\",\"item\":\"https:\/\/visitrauland.com\/vierli\/\"},{\"@type\":\"ListItem\",\"position\":2,\"name\":\"Informasjon\",\"item\":\"https:\/\/visitrauland.com\/vierli\/informasjon\/\"},{\"@type\":\"ListItem\",\"position\":3,\"name\":\"Praktisk info\"}]},{\"@type\":\"WebSite\",\"@id\":\"https:\/\/visitrauland.com\/vierli\/#website\",\"url\":\"https:\/\/visitrauland.com\/vierli\/\",\"name\":\"Vierli\",\"description\":\"Velkommen til Vierli\",\"potentialAction\":[{\"@type\":\"SearchAction\",\"target\":{\"@type\":\"EntryPoint\",\"urlTemplate\":\"https:\/\/visitrauland.com\/vierli\/?s={search_term_string}\"},\"query-input\":{\"@type\":\"PropertyValueSpecification\",\"valueRequired\":true,\"valueName\":\"search_term_string\"}}],\"inLanguage\":\"nb-NO\"}]}<\/script>\n<!-- \/ Yoast SEO plugin. -->","yoast_head_json":{"title":"Praktisk info - Vierli","robots":{"index":"index","follow":"follow","max-snippet":"max-snippet:-1","max-image-preview":"max-image-preview:large","max-video-preview":"max-video-preview:-1"},"canonical":"https:\/\/visitrauland.com\/vierli\/informasjon\/praktisk\/","og_locale":"nb_NO","og_type":"article","og_title":"Praktisk info - Vierli","og_description":"Det skal v\u00e6re enkelt \u00e5 ha hytte p\u00e5 Vierli. Her finner du litt praktisk informasjon som du som hytteeier vil ha nytte av \u00e5 vite. Vi anbefaler ogs\u00e5 hytteeiere \u00e5 melde seg inn&nbsp;Rauland Hyttevelforening&nbsp;&nbsp;som gir mye nyttig og&nbsp;relevant informasjon. Har du noen sp\u00f8rsm\u00e5l? Kontakt Kristin Larsen \/ H\u00e5vard Bj\u00f8rke kl@raulandskisenter.no\/&nbsp;hb@raulandskisenter.no Br\u00f8yting p\u00e5 Vierli Br\u00f8yting og sommervedlikehold av veier blir utf\u00f8rt ... Les Mer","og_url":"https:\/\/visitrauland.com\/vierli\/informasjon\/praktisk\/","og_site_name":"Vierli","article_modified_time":"2023-10-17T08:55:50+00:00","og_image":[{"url":"https:\/\/visitrauland.com\/vierli\/wp-content\/uploads\/sites\/42\/2021\/03\/trakkemaskin_1920.jpg","type":"","width":"","height":""}],"twitter_card":"summary_large_image","twitter_misc":{"Ansl. lesetid":"4 minutter"},"schema":{"@context":"https:\/\/schema.org","@graph":[{"@type":"WebPage","@id":"https:\/\/visitrauland.com\/vierli\/informasjon\/praktisk\/","url":"https:\/\/visitrauland.com\/vierli\/informasjon\/praktisk\/","name":"Praktisk info - Vierli","isPartOf":{"@id":"https:\/\/visitrauland.com\/vierli\/#website"},"primaryImageOfPage":{"@id":"https:\/\/visitrauland.com\/vierli\/informasjon\/praktisk\/#primaryimage"},"image":{"@id":"https:\/\/visitrauland.com\/vierli\/informasjon\/praktisk\/#primaryimage"},"thumbnailUrl":"https:\/\/visitrauland.com\/vierli\/wp-content\/uploads\/sites\/42\/2021\/03\/trakkemaskin_1920.jpg","datePublished":"2017-12-04T12:18:08+00:00","dateModified":"2023-10-17T08:55:50+00:00","breadcrumb":{"@id":"https:\/\/visitrauland.com\/vierli\/informasjon\/praktisk\/#breadcrumb"},"inLanguage":"nb-NO","potentialAction":[{"@type":"ReadAction","target":["https:\/\/visitrauland.com\/vierli\/informasjon\/praktisk\/"]}]},{"@type":"ImageObject","inLanguage":"nb-NO","@id":"https:\/\/visitrauland.com\/vierli\/informasjon\/praktisk\/#primaryimage","url":"https:\/\/visitrauland.com\/vierli\/wp-content\/uploads\/sites\/42\/2021\/03\/trakkemaskin_1920.jpg","contentUrl":"https:\/\/visitrauland.com\/vierli\/wp-content\/uploads\/sites\/42\/2021\/03\/trakkemaskin_1920.jpg","width":1920,"height":1080,"caption":"Sn\u00f8beltebil kj\u00f8rer i solfylte, sn\u00f8dekte omgivelser med fjell i bakgrunnen."},{"@type":"BreadcrumbList","@id":"https:\/\/visitrauland.com\/vierli\/informasjon\/praktisk\/#breadcrumb","itemListElement":[{"@type":"ListItem","position":1,"name":"Hjem","item":"https:\/\/visitrauland.com\/vierli\/"},{"@type":"ListItem","position":2,"name":"Informasjon","item":"https:\/\/visitrauland.com\/vierli\/informasjon\/"},{"@type":"ListItem","position":3,"name":"Praktisk info"}]},{"@type":"WebSite","@id":"https:\/\/visitrauland.com\/vierli\/#website","url":"https:\/\/visitrauland.com\/vierli\/","name":"Vierli","description":"Velkommen til Vierli","potentialAction":[{"@type":"SearchAction","target":{"@type":"EntryPoint","urlTemplate":"https:\/\/visitrauland.com\/vierli\/?s={search_term_string}"},"query-input":{"@type":"PropertyValueSpecification","valueRequired":true,"valueName":"search_term_string"}}],"inLanguage":"nb-NO"}]}},"_links":{"self":[{"href":"https:\/\/visitrauland.com\/vierli\/wp-json\/wp\/v2\/pages\/437","targetHints":{"allow":["GET"]}}],"collection":[{"href":"https:\/\/visitrauland.com\/vierli\/wp-json\/wp\/v2\/pages"}],"about":[{"href":"https:\/\/visitrauland.com\/vierli\/wp-json\/wp\/v2\/types\/page"}],"author":[{"embeddable":true,"href":"https:\/\/visitrauland.com\/vierli\/wp-json\/wp\/v2\/users\/1"}],"replies":[{"embeddable":true,"href":"https:\/\/visitrauland.com\/vierli\/wp-json\/wp\/v2\/comments?post=437"}],"version-history":[{"count":10,"href":"https:\/\/visitrauland.com\/vierli\/wp-json\/wp\/v2\/pages\/437\/revisions"}],"predecessor-version":[{"id":2226,"href":"https:\/\/visitrauland.com\/vierli\/wp-json\/wp\/v2\/pages\/437\/revisions\/2226"}],"up":[{"embeddable":true,"href":"https:\/\/visitrauland.com\/vierli\/wp-json\/wp\/v2\/pages\/370"}],"wp:attachment":[{"href":"https:\/\/visitrauland.com\/vierli\/wp-json\/wp\/v2\/media?parent=437"}],"curies":[{"name":"wp","href":"https:\/\/api.w.org\/{rel}","templated":true}]}}