{"id":339,"date":"2017-10-30T18:03:03","date_gmt":"2017-10-30T18:03:03","guid":{"rendered":"https:\/\/visitrauland.com\/vierli\/?page_id=339"},"modified":"2026-02-13T14:08:55","modified_gmt":"2026-02-13T13:08:55","slug":"subpage-demo","status":"publish","type":"page","link":"https:\/\/visitrauland.com\/vierli\/","title":{"rendered":"Vierli"},"content":{"rendered":"<div id=\"cs-content\" class=\"cs-content\"><div class=\"x-section e339-e1 m9f-0 m9f-1 hero-2026\"><div class=\"x-bg\" aria-hidden=\"true\"><div class=\"x-bg-layer-lower-image\"><\/div><div class=\"x-bg-layer-upper-color\"><\/div><\/div><div class=\"x-div e339-e2 m9f-3 m9f-4\"><div class=\"x-text x-text-headline e339-e3 m9f-6 m9f-7 m9f-8\"><div class=\"x-text-content\"><div class=\"x-text-content-text\"><h1 class=\"x-text-content-text-primary\">Velkommen til Vierli<\/h1>\n<\/div><\/div><\/div><\/div><\/div><div id=\"x-section-1\" class=\"x-section text-24px underhero-text\" style=\"margin: 0px;padding: 45px 0px; background-color: transparent;\"><div id class=\"x-container max width\" style=\"margin: 0px auto;padding: 0px;\"><div class=\"x-column x-sm x-1-2\" style=\"padding: 0px;\"><div id class=\"x-text\" style><p><b>Vierli ligger 1000 moh p\u00e5 Rauland i Vinje Kommune. Tomteomr\u00e5det ligger h\u00f8yt til fjells, med fantastisk og solrik beliggenhet med Hardangervidda i vest og kort vei til magiske silkedalen.&nbsp;<\/b><\/p>\n<p>Omr\u00e5det er idyllisk og har fantastiske turomr\u00e5der s\u00e5 langt \u00f8yet rekker, sommer som vinter.<\/p>\n<p>Rauland er sn\u00f8sikkert, tilbyr 12 skiheiser fordelt p\u00e5 3 skisteder, daglig preparerte langrennsl\u00f8yper, serveringsteder, et godt utbygd handelssentrum,&nbsp; afterski og arrangement gjennom hele \u00e5ret.<\/p>\n<p>Les mer om <a href=\"\/rauland-skisenter\/\"><strong>Rauland Skisenter<\/strong><\/a>.<strong><\/strong><\/p>\n<p><strong>Ta kontakt med oss for mer informasjon:<\/strong><br>\nTlf: 97095162\/ <a href=\"mailto:hb@raulandskisenter.no\">hb@raulandskisenter.no<\/a><\/p>\n<\/div><\/div><div class=\"x-column x-sm x-1-2\" style=\"padding: 0px;\"><hr class=\"x-gap\" style=\"margin: 130px 0 0 0;\"><noscript><img decoding=\"async\" class=\"x-img x-img-none\" src=\"https:\/\/visitrauland.com\/vierli\/wp-content\/uploads\/sites\/42\/2018\/01\/vierli.jpg\"><\/noscript><img decoding=\"async\" class=\"x-img x-img-none lazyload\" src=\"data:image\/gif;base64,R0lGODlhAQABAIAAAAAAAP\/\/\/yH5BAEAAAAALAAAAAABAAEAAAIBRAA7\" data-src=\"https:\/\/visitrauland.com\/vierli\/wp-content\/uploads\/sites\/42\/2018\/01\/vierli.jpg\"><\/div><\/div><\/div><div id=\"aktiviteter\" class=\"x-section\" style=\"margin: 0px;padding: 0px 0px 45px; background-color: transparent;\"><div id class=\"x-container max width\" style=\"margin: 0px auto;padding: 0px;\"><div class=\"x-column x-sm x-1-1\" style=\"padding: 0px;\"><h2 class=\"h-custom-headline h3\"><span>Om Vierli<\/span><\/h2><hr class=\"x-gap\" style=\"margin: 50px 0 0 0;\"><\/div><\/div><div id class=\"x-container max width\" style=\"margin: 0px auto;padding: 0px;\"><div class=\"x-column x-sm x-1-3\" style=\"padding: 0px;\"><div class=\"x-promo\"><div class=\"x-promo-image-wrap\"><noscript><img decoding=\"async\" src=\"https:\/\/visitrauland.com\/vierli\/wp-content\/uploads\/sites\/42\/2023\/10\/DSC5813_600_1697533111.jpg\"><\/noscript><img decoding=\"async\" src=\"data:image\/gif;base64,R0lGODlhAQABAIAAAAAAAP\/\/\/yH5BAEAAAAALAAAAAABAAEAAAIBRAA7\" data-src=\"https:\/\/visitrauland.com\/vierli\/wp-content\/uploads\/sites\/42\/2023\/10\/DSC5813_600_1697533111.jpg\" class=\" lazyload\"><\/div><div class=\"x-promo-content\"><p><strong><a href=\"\/vierli\/om-oss\/\">OM OSS<\/a><\/strong><br>\nVierli Eigedom er et familieeid selskap og har drevet med tomtesalg i en lang \u00e5rrekke.<\/p>\n<p><a class=\"x-btn\" href=\"\/vierli\/om-oss\/\" data-options=\"thumbnail: ''\">Les mer<\/a><\/p><\/div><\/div><\/div><div class=\"x-column x-sm x-1-3\" style=\"padding: 0px;\"><div class=\"x-promo\"><div class=\"x-promo-image-wrap\"><noscript><img decoding=\"async\" src=\"https:\/\/visitrauland.com\/vierli\/wp-content\/uploads\/sites\/42\/2018\/01\/Tomter-Vierli-600.jpg\"><\/noscript><img decoding=\"async\" src=\"data:image\/gif;base64,R0lGODlhAQABAIAAAAAAAP\/\/\/yH5BAEAAAAALAAAAAABAAEAAAIBRAA7\" data-src=\"https:\/\/visitrauland.com\/vierli\/wp-content\/uploads\/sites\/42\/2018\/01\/Tomter-Vierli-600.jpg\" class=\" lazyload\"><\/div><div class=\"x-promo-content\"><p><strong><a href=\"\/vierli\/tomter\/\">HYTTETOMTER P\u00c5 VIERLI<\/a><\/strong><br>\nFlotte selveier tomter til salgs.&nbsp;Ta kontakt med oss for en uforpliktende prat.<\/p>\n<p><a class=\"x-btn\" href=\"\/vierli\/tomter\/\" data-options=\"thumbnail: ''\">Les mer<\/a><\/p><\/div><\/div><\/div><div class=\"x-column x-sm x-1-3\" style=\"padding: 0px;\"><div class=\"x-promo\"><div class=\"x-promo-image-wrap\"><noscript><img decoding=\"async\" src=\"https:\/\/visitrauland.com\/vierli\/wp-content\/uploads\/sites\/42\/2018\/01\/hytte-600.jpg\"><\/noscript><img decoding=\"async\" src=\"data:image\/gif;base64,R0lGODlhAQABAIAAAAAAAP\/\/\/yH5BAEAAAAALAAAAAABAAEAAAIBRAA7\" data-src=\"https:\/\/visitrauland.com\/vierli\/wp-content\/uploads\/sites\/42\/2018\/01\/hytte-600.jpg\" class=\" lazyload\"><\/div><div class=\"x-promo-content\"><p><strong><a href=\"https:\/\/www.finn.no\/realestate\/leisuresale\/ad.html?finnkode=319762372\" target=\"_blank\" rel=\"noopener\">HYTTER TIL SALGS<\/a><\/strong><br>\n<br>\nTotaltoppusset halvpart med attraktiv belligenhet.<\/p>\n<p><a class=\"x-btn\" href=\"#\" data-options=\"thumbnail: ''\">Les mer<\/a><\/p><\/div><\/div><\/div><\/div><div id class=\"x-container max width\" style=\"margin: 0px auto;padding: 0px;\"><div class=\"x-column x-sm x-1-3\" style=\"padding: 0px;\"><div class=\"x-promo\"><div class=\"x-promo-image-wrap\"><noscript><img decoding=\"async\" src=\"https:\/\/visitrauland.com\/vierli\/wp-content\/uploads\/sites\/42\/2021\/03\/raulandskisenter-600.png\"><\/noscript><img decoding=\"async\" src=\"data:image\/gif;base64,R0lGODlhAQABAIAAAAAAAP\/\/\/yH5BAEAAAAALAAAAAABAAEAAAIBRAA7\" data-src=\"https:\/\/visitrauland.com\/vierli\/wp-content\/uploads\/sites\/42\/2021\/03\/raulandskisenter-600.png\" class=\" lazyload\"><\/div><div class=\"x-promo-content\"><p><strong><a href=\"\/rauland-skisenter\/\">RAULAND SKISENTER<\/a><\/strong><br>\nRauland Skisenter best\u00e5r av tre skiomr\u00e5der med 12 heiser og 26 nedfarter.<\/p>\n<p><a class=\"x-btn\" href=\"\/rauland-skisenter\/\" data-options=\"thumbnail: ''\">Les mer<\/a><\/p><\/div><\/div><\/div><div class=\"x-column x-sm x-1-3\" style=\"padding: 0px;opacity: 0;transition-duration: 750ms;\" data-x-element=\"column\" data-x-params=\"{&quot;fade&quot;:true}\" data-fade=\"true\"><div class=\"x-promo\"><div class=\"x-promo-image-wrap\"><noscript><img decoding=\"async\" src=\"https:\/\/visitrauland.com\/vierli\/wp-content\/uploads\/sites\/42\/2018\/01\/RS-Topp-600.jpg\"><\/noscript><img decoding=\"async\" src=\"data:image\/gif;base64,R0lGODlhAQABAIAAAAAAAP\/\/\/yH5BAEAAAAALAAAAAABAAEAAAIBRAA7\" data-src=\"https:\/\/visitrauland.com\/vierli\/wp-content\/uploads\/sites\/42\/2018\/01\/RS-Topp-600.jpg\" class=\" lazyload\"><\/div><div class=\"x-promo-content\"><p><strong><a href=\"\/vierli\/omrauland\/\">OM RAULAND<\/a><\/strong><br>\nLes v\u00e5re tips til hva du kan oppleve sommer og vinter p\u00e5 Rauland.<\/p>\n<p><a class=\"x-btn\" href=\"\/vierli\/omrauland\/\" data-options=\"thumbnail: ''\">Les mer<\/a><\/p><\/div><\/div><\/div><div class=\"x-column x-sm x-1-3\" style=\"padding: 0px;\"><div class=\"x-promo\"><div class=\"x-promo-image-wrap\"><noscript><img decoding=\"async\" src=\"https:\/\/visitrauland.com\/vierli\/wp-content\/uploads\/sites\/42\/2018\/06\/Familie-Sommer-600.jpg\"><\/noscript><img decoding=\"async\" src=\"data:image\/gif;base64,R0lGODlhAQABAIAAAAAAAP\/\/\/yH5BAEAAAAALAAAAAABAAEAAAIBRAA7\" data-src=\"https:\/\/visitrauland.com\/vierli\/wp-content\/uploads\/sites\/42\/2018\/06\/Familie-Sommer-600.jpg\" class=\" lazyload\"><\/div><div class=\"x-promo-content\"><p><strong><a href=\"\/vierli\/informasjon\/\">INFO TIL HYTTEEIERE<\/a><\/strong><br>\nRelevant informasjon til deg som hytteeier p\u00e5 Vierli. Les mer her.<\/p>\n<p><a class=\"x-btn\" href=\"\/vierli\/informasjon\/\" data-options=\"thumbnail: ''\">Les mer<\/a><\/p><\/div><\/div><\/div><\/div><\/div><div class=\"x-section e339-e30 m9f-0 m9f-2 hero-2026\"><div class=\"x-bg\" aria-hidden=\"true\"><div class=\"x-bg-layer-lower-image\"><\/div><div class=\"x-bg-layer-upper-color\"><\/div><\/div><div class=\"x-div e339-e31 m9f-3 m9f-5\"><div class=\"x-text x-text-headline e339-e32 m9f-6 m9f-7 m9f-9\"><div class=\"x-text-content\"><div class=\"x-text-content-text\"><h2 class=\"x-text-content-text-primary\">Rauland - Telemarks st\u00f8rste skidestinasjon<\/h2>\n<\/div><\/div><\/div><div class=\"x-text x-text-headline e339-e33 m9f-6 m9f-a\"><div class=\"x-text-content\"><div class=\"x-text-content-text\"><span class=\"x-text-content-text-primary\">12 Heiser- 26 nedfarter<br>\n150 km langrennsl\u00f8yper<\/span>\n<\/div><\/div><\/div><\/div><\/div><\/div>\n","protected":false},"excerpt":{"rendered":"<p>Velkommen til Vierli Vierli ligger 1000 moh p\u00e5 Rauland i Vinje Kommune. Tomteomr\u00e5det ligger h\u00f8yt til fjells, med fantastisk og solrik beliggenhet med Hardangervidda i vest og kort vei til magiske silkedalen.&nbsp; Omr\u00e5det er idyllisk og har fantastiske turomr\u00e5der s\u00e5 langt \u00f8yet rekker, sommer som vinter. Rauland er sn\u00f8sikkert, tilbyr 12 skiheiser fordelt p\u00e5 3 skisteder, daglig preparerte langrennsl\u00f8yper, serveringsteder, &#8230; <\/p>\n<div><a href=\"https:\/\/visitrauland.com\/vierli\/\" class=\"more-link\">Les Mer<\/a><\/div>\n","protected":false},"author":3,"featured_media":0,"parent":0,"menu_order":0,"comment_status":"closed","ping_status":"closed","template":"template-sites.php","meta":{"_relevanssi_hide_post":"","_relevanssi_hide_content":"","_relevanssi_pin_for_all":"","_relevanssi_pin_keywords":"","_relevanssi_unpin_keywords":"","_relevanssi_related_keywords":"","_relevanssi_related_include_ids":"","_relevanssi_related_exclude_ids":"","_relevanssi_related_no_append":"","_relevanssi_related_not_related":"","_relevanssi_related_posts":"1746,1754,1751,399,1742","_relevanssi_noindex_reason":"","seo_booster_metabox":"","footnotes":""},"class_list":["post-339","page","type-page","status-publish","hentry","no-post-thumbnail"],"yoast_head":"<!-- This site is optimized with the Yoast SEO plugin v27.2 - https:\/\/yoast.com\/product\/yoast-seo-wordpress\/ -->\n<title>Vierli - Vierli<\/title>\n<meta name=\"robots\" content=\"index, follow, max-snippet:-1, max-image-preview:large, max-video-preview:-1\" \/>\n<link rel=\"canonical\" href=\"https:\/\/visitrauland.com\/vierli\/\" \/>\n<meta property=\"og:locale\" content=\"nb_NO\" \/>\n<meta property=\"og:type\" content=\"article\" \/>\n<meta property=\"og:title\" content=\"Vierli - Vierli\" \/>\n<meta property=\"og:description\" content=\"Velkommen til Vierli Vierli ligger 1000 moh p\u00e5 Rauland i Vinje Kommune. Tomteomr\u00e5det ligger h\u00f8yt til fjells, med fantastisk og solrik beliggenhet med Hardangervidda i vest og kort vei til magiske silkedalen.&nbsp; Omr\u00e5det er idyllisk og har fantastiske turomr\u00e5der s\u00e5 langt \u00f8yet rekker, sommer som vinter. Rauland er sn\u00f8sikkert, tilbyr 12 skiheiser fordelt p\u00e5 3 skisteder, daglig preparerte langrennsl\u00f8yper, serveringsteder, ... Les Mer\" \/>\n<meta property=\"og:url\" content=\"https:\/\/visitrauland.com\/vierli\/\" \/>\n<meta property=\"og:site_name\" content=\"Vierli\" \/>\n<meta property=\"article:modified_time\" content=\"2026-02-13T13:08:55+00:00\" \/>\n<meta name=\"twitter:card\" content=\"summary_large_image\" \/>\n<meta name=\"twitter:label1\" content=\"Ansl. lesetid\" \/>\n\t<meta name=\"twitter:data1\" content=\"5 minutter\" \/>\n<script type=\"application\/ld+json\" class=\"yoast-schema-graph\">{\"@context\":\"https:\/\/schema.org\",\"@graph\":[{\"@type\":\"WebPage\",\"@id\":\"https:\/\/visitrauland.com\/vierli\/\",\"url\":\"https:\/\/visitrauland.com\/vierli\/\",\"name\":\"Vierli - Vierli\",\"isPartOf\":{\"@id\":\"https:\/\/visitrauland.com\/vierli\/#website\"},\"datePublished\":\"2017-10-30T18:03:03+00:00\",\"dateModified\":\"2026-02-13T13:08:55+00:00\",\"breadcrumb\":{\"@id\":\"https:\/\/visitrauland.com\/vierli\/#breadcrumb\"},\"inLanguage\":\"nb-NO\",\"potentialAction\":[{\"@type\":\"ReadAction\",\"target\":[\"https:\/\/visitrauland.com\/vierli\/\"]}]},{\"@type\":\"BreadcrumbList\",\"@id\":\"https:\/\/visitrauland.com\/vierli\/#breadcrumb\",\"itemListElement\":[{\"@type\":\"ListItem\",\"position\":1,\"name\":\"Hjem\",\"item\":\"https:\/\/visitrauland.com\/vierli\/\"},{\"@type\":\"ListItem\",\"position\":2,\"name\":\"Vierli\"}]},{\"@type\":\"WebSite\",\"@id\":\"https:\/\/visitrauland.com\/vierli\/#website\",\"url\":\"https:\/\/visitrauland.com\/vierli\/\",\"name\":\"Vierli\",\"description\":\"Velkommen til Vierli\",\"potentialAction\":[{\"@type\":\"SearchAction\",\"target\":{\"@type\":\"EntryPoint\",\"urlTemplate\":\"https:\/\/visitrauland.com\/vierli\/?s={search_term_string}\"},\"query-input\":{\"@type\":\"PropertyValueSpecification\",\"valueRequired\":true,\"valueName\":\"search_term_string\"}}],\"inLanguage\":\"nb-NO\"}]}<\/script>\n<!-- \/ Yoast SEO plugin. -->","yoast_head_json":{"title":"Vierli - Vierli","robots":{"index":"index","follow":"follow","max-snippet":"max-snippet:-1","max-image-preview":"max-image-preview:large","max-video-preview":"max-video-preview:-1"},"canonical":"https:\/\/visitrauland.com\/vierli\/","og_locale":"nb_NO","og_type":"article","og_title":"Vierli - Vierli","og_description":"Velkommen til Vierli Vierli ligger 1000 moh p\u00e5 Rauland i Vinje Kommune. Tomteomr\u00e5det ligger h\u00f8yt til fjells, med fantastisk og solrik beliggenhet med Hardangervidda i vest og kort vei til magiske silkedalen.&nbsp; Omr\u00e5det er idyllisk og har fantastiske turomr\u00e5der s\u00e5 langt \u00f8yet rekker, sommer som vinter. Rauland er sn\u00f8sikkert, tilbyr 12 skiheiser fordelt p\u00e5 3 skisteder, daglig preparerte langrennsl\u00f8yper, serveringsteder, ... Les Mer","og_url":"https:\/\/visitrauland.com\/vierli\/","og_site_name":"Vierli","article_modified_time":"2026-02-13T13:08:55+00:00","twitter_card":"summary_large_image","twitter_misc":{"Ansl. lesetid":"5 minutter"},"schema":{"@context":"https:\/\/schema.org","@graph":[{"@type":"WebPage","@id":"https:\/\/visitrauland.com\/vierli\/","url":"https:\/\/visitrauland.com\/vierli\/","name":"Vierli - Vierli","isPartOf":{"@id":"https:\/\/visitrauland.com\/vierli\/#website"},"datePublished":"2017-10-30T18:03:03+00:00","dateModified":"2026-02-13T13:08:55+00:00","breadcrumb":{"@id":"https:\/\/visitrauland.com\/vierli\/#breadcrumb"},"inLanguage":"nb-NO","potentialAction":[{"@type":"ReadAction","target":["https:\/\/visitrauland.com\/vierli\/"]}]},{"@type":"BreadcrumbList","@id":"https:\/\/visitrauland.com\/vierli\/#breadcrumb","itemListElement":[{"@type":"ListItem","position":1,"name":"Hjem","item":"https:\/\/visitrauland.com\/vierli\/"},{"@type":"ListItem","position":2,"name":"Vierli"}]},{"@type":"WebSite","@id":"https:\/\/visitrauland.com\/vierli\/#website","url":"https:\/\/visitrauland.com\/vierli\/","name":"Vierli","description":"Velkommen til Vierli","potentialAction":[{"@type":"SearchAction","target":{"@type":"EntryPoint","urlTemplate":"https:\/\/visitrauland.com\/vierli\/?s={search_term_string}"},"query-input":{"@type":"PropertyValueSpecification","valueRequired":true,"valueName":"search_term_string"}}],"inLanguage":"nb-NO"}]}},"_links":{"self":[{"href":"https:\/\/visitrauland.com\/vierli\/wp-json\/wp\/v2\/pages\/339","targetHints":{"allow":["GET"]}}],"collection":[{"href":"https:\/\/visitrauland.com\/vierli\/wp-json\/wp\/v2\/pages"}],"about":[{"href":"https:\/\/visitrauland.com\/vierli\/wp-json\/wp\/v2\/types\/page"}],"author":[{"embeddable":true,"href":"https:\/\/visitrauland.com\/vierli\/wp-json\/wp\/v2\/users\/3"}],"replies":[{"embeddable":true,"href":"https:\/\/visitrauland.com\/vierli\/wp-json\/wp\/v2\/comments?post=339"}],"version-history":[{"count":40,"href":"https:\/\/visitrauland.com\/vierli\/wp-json\/wp\/v2\/pages\/339\/revisions"}],"predecessor-version":[{"id":2262,"href":"https:\/\/visitrauland.com\/vierli\/wp-json\/wp\/v2\/pages\/339\/revisions\/2262"}],"wp:attachment":[{"href":"https:\/\/visitrauland.com\/vierli\/wp-json\/wp\/v2\/media?parent=339"}],"curies":[{"name":"wp","href":"https:\/\/api.w.org\/{rel}","templated":true}]}}