{"id":2098,"date":"2021-03-21T14:32:21","date_gmt":"2021-03-21T13:32:21","guid":{"rendered":"https:\/\/visitrauland.com\/vierli\/?page_id=2098"},"modified":"2023-10-17T13:11:22","modified_gmt":"2023-10-17T11:11:22","slug":"h35","status":"publish","type":"page","link":"https:\/\/visitrauland.com\/vierli\/tomter\/h35\/","title":{"rendered":"Tomter &#8211; H35"},"content":{"rendered":"<div id=\"cs-content\" class=\"cs-content\"><\/div>\n","protected":false},"excerpt":{"rendered":"<p>Flotte selveier tomter p\u00e5 Vierli til salgs&nbsp; Vierli er et attraktivt hyttteomr\u00e5det p\u00e5 Rauland med fantastisk utsikt mot Raulandsfjell og&nbsp; har umiddelbar n\u00e6rhet til Silkedalen og flotte langrennsl\u00f8yper. Vierli H-35 er et nytt hyttefelt i enden av eksisterende hyttefelt p\u00e5 Vierli. Feltet best\u00e5r av ca. 63 nye tomter. St\u00f8rrelse p\u00e5 tomtene varierer fra 600m2 til 1200m2. F\u00f8resegnene for omr\u00e5det &#8211; &#8230; <\/p>\n<div><a href=\"https:\/\/visitrauland.com\/vierli\/tomter\/h35\/\" class=\"more-link\">Les Mer<\/a><\/div>\n","protected":false},"author":10,"featured_media":0,"parent":1820,"menu_order":0,"comment_status":"closed","ping_status":"closed","template":"","meta":{"_relevanssi_hide_post":"","_relevanssi_hide_content":"","_relevanssi_pin_for_all":"","_relevanssi_pin_keywords":"","_relevanssi_unpin_keywords":"","_relevanssi_related_keywords":"","_relevanssi_related_include_ids":"","_relevanssi_related_exclude_ids":"","_relevanssi_related_no_append":"","_relevanssi_related_not_related":"","_relevanssi_related_posts":"","_relevanssi_noindex_reason":"","seo_booster_metabox":"","footnotes":""},"class_list":["post-2098","page","type-page","status-publish","hentry","no-post-thumbnail"],"yoast_head":"<!-- This site is optimized with the Yoast SEO plugin v27.2 - https:\/\/yoast.com\/product\/yoast-seo-wordpress\/ -->\n<title>Tomter - H35 - Vierli<\/title>\n<meta name=\"robots\" content=\"index, follow, max-snippet:-1, max-image-preview:large, max-video-preview:-1\" \/>\n<link rel=\"canonical\" href=\"https:\/\/visitrauland.com\/vierli\/tomter\/h35\/\" \/>\n<meta property=\"og:locale\" content=\"nb_NO\" \/>\n<meta property=\"og:type\" content=\"article\" \/>\n<meta property=\"og:title\" content=\"Tomter - H35 - Vierli\" \/>\n<meta property=\"og:description\" content=\"Flotte selveier tomter p\u00e5 Vierli til salgs&nbsp; Vierli er et attraktivt hyttteomr\u00e5det p\u00e5 Rauland med fantastisk utsikt mot Raulandsfjell og&nbsp; har umiddelbar n\u00e6rhet til Silkedalen og flotte langrennsl\u00f8yper. Vierli H-35 er et nytt hyttefelt i enden av eksisterende hyttefelt p\u00e5 Vierli. Feltet best\u00e5r av ca. 63 nye tomter. St\u00f8rrelse p\u00e5 tomtene varierer fra 600m2 til 1200m2. F\u00f8resegnene for omr\u00e5det - ... Les Mer\" \/>\n<meta property=\"og:url\" content=\"https:\/\/visitrauland.com\/vierli\/tomter\/h35\/\" \/>\n<meta property=\"og:site_name\" content=\"Vierli\" \/>\n<meta property=\"article:modified_time\" content=\"2023-10-17T11:11:22+00:00\" \/>\n<meta name=\"twitter:card\" content=\"summary_large_image\" \/>\n<meta name=\"twitter:label1\" content=\"Ansl. lesetid\" \/>\n\t<meta name=\"twitter:data1\" content=\"6 minutter\" \/>\n<script type=\"application\/ld+json\" class=\"yoast-schema-graph\">{\"@context\":\"https:\/\/schema.org\",\"@graph\":[{\"@type\":\"WebPage\",\"@id\":\"https:\/\/visitrauland.com\/vierli\/tomter\/h35\/\",\"url\":\"https:\/\/visitrauland.com\/vierli\/tomter\/h35\/\",\"name\":\"Tomter - H35 - Vierli\",\"isPartOf\":{\"@id\":\"https:\/\/visitrauland.com\/vierli\/#website\"},\"datePublished\":\"2021-03-21T13:32:21+00:00\",\"dateModified\":\"2023-10-17T11:11:22+00:00\",\"breadcrumb\":{\"@id\":\"https:\/\/visitrauland.com\/vierli\/tomter\/h35\/#breadcrumb\"},\"inLanguage\":\"nb-NO\",\"potentialAction\":[{\"@type\":\"ReadAction\",\"target\":[\"https:\/\/visitrauland.com\/vierli\/tomter\/h35\/\"]}]},{\"@type\":\"BreadcrumbList\",\"@id\":\"https:\/\/visitrauland.com\/vierli\/tomter\/h35\/#breadcrumb\",\"itemListElement\":[{\"@type\":\"ListItem\",\"position\":1,\"name\":\"Hjem\",\"item\":\"https:\/\/visitrauland.com\/vierli\/\"},{\"@type\":\"ListItem\",\"position\":2,\"name\":\"Hyttetomter p\u00e5 Vierli\",\"item\":\"https:\/\/visitrauland.com\/vierli\/tomter\/\"},{\"@type\":\"ListItem\",\"position\":3,\"name\":\"Tomter &#8211; H35\"}]},{\"@type\":\"WebSite\",\"@id\":\"https:\/\/visitrauland.com\/vierli\/#website\",\"url\":\"https:\/\/visitrauland.com\/vierli\/\",\"name\":\"Vierli\",\"description\":\"Velkommen til Vierli\",\"potentialAction\":[{\"@type\":\"SearchAction\",\"target\":{\"@type\":\"EntryPoint\",\"urlTemplate\":\"https:\/\/visitrauland.com\/vierli\/?s={search_term_string}\"},\"query-input\":{\"@type\":\"PropertyValueSpecification\",\"valueRequired\":true,\"valueName\":\"search_term_string\"}}],\"inLanguage\":\"nb-NO\"}]}<\/script>\n<!-- \/ Yoast SEO plugin. -->","yoast_head_json":{"title":"Tomter - H35 - Vierli","robots":{"index":"index","follow":"follow","max-snippet":"max-snippet:-1","max-image-preview":"max-image-preview:large","max-video-preview":"max-video-preview:-1"},"canonical":"https:\/\/visitrauland.com\/vierli\/tomter\/h35\/","og_locale":"nb_NO","og_type":"article","og_title":"Tomter - H35 - Vierli","og_description":"Flotte selveier tomter p\u00e5 Vierli til salgs&nbsp; Vierli er et attraktivt hyttteomr\u00e5det p\u00e5 Rauland med fantastisk utsikt mot Raulandsfjell og&nbsp; har umiddelbar n\u00e6rhet til Silkedalen og flotte langrennsl\u00f8yper. Vierli H-35 er et nytt hyttefelt i enden av eksisterende hyttefelt p\u00e5 Vierli. Feltet best\u00e5r av ca. 63 nye tomter. St\u00f8rrelse p\u00e5 tomtene varierer fra 600m2 til 1200m2. F\u00f8resegnene for omr\u00e5det - ... Les Mer","og_url":"https:\/\/visitrauland.com\/vierli\/tomter\/h35\/","og_site_name":"Vierli","article_modified_time":"2023-10-17T11:11:22+00:00","twitter_card":"summary_large_image","twitter_misc":{"Ansl. lesetid":"6 minutter"},"schema":{"@context":"https:\/\/schema.org","@graph":[{"@type":"WebPage","@id":"https:\/\/visitrauland.com\/vierli\/tomter\/h35\/","url":"https:\/\/visitrauland.com\/vierli\/tomter\/h35\/","name":"Tomter - H35 - Vierli","isPartOf":{"@id":"https:\/\/visitrauland.com\/vierli\/#website"},"datePublished":"2021-03-21T13:32:21+00:00","dateModified":"2023-10-17T11:11:22+00:00","breadcrumb":{"@id":"https:\/\/visitrauland.com\/vierli\/tomter\/h35\/#breadcrumb"},"inLanguage":"nb-NO","potentialAction":[{"@type":"ReadAction","target":["https:\/\/visitrauland.com\/vierli\/tomter\/h35\/"]}]},{"@type":"BreadcrumbList","@id":"https:\/\/visitrauland.com\/vierli\/tomter\/h35\/#breadcrumb","itemListElement":[{"@type":"ListItem","position":1,"name":"Hjem","item":"https:\/\/visitrauland.com\/vierli\/"},{"@type":"ListItem","position":2,"name":"Hyttetomter p\u00e5 Vierli","item":"https:\/\/visitrauland.com\/vierli\/tomter\/"},{"@type":"ListItem","position":3,"name":"Tomter &#8211; H35"}]},{"@type":"WebSite","@id":"https:\/\/visitrauland.com\/vierli\/#website","url":"https:\/\/visitrauland.com\/vierli\/","name":"Vierli","description":"Velkommen til Vierli","potentialAction":[{"@type":"SearchAction","target":{"@type":"EntryPoint","urlTemplate":"https:\/\/visitrauland.com\/vierli\/?s={search_term_string}"},"query-input":{"@type":"PropertyValueSpecification","valueRequired":true,"valueName":"search_term_string"}}],"inLanguage":"nb-NO"}]}},"_links":{"self":[{"href":"https:\/\/visitrauland.com\/vierli\/wp-json\/wp\/v2\/pages\/2098","targetHints":{"allow":["GET"]}}],"collection":[{"href":"https:\/\/visitrauland.com\/vierli\/wp-json\/wp\/v2\/pages"}],"about":[{"href":"https:\/\/visitrauland.com\/vierli\/wp-json\/wp\/v2\/types\/page"}],"author":[{"embeddable":true,"href":"https:\/\/visitrauland.com\/vierli\/wp-json\/wp\/v2\/users\/10"}],"replies":[{"embeddable":true,"href":"https:\/\/visitrauland.com\/vierli\/wp-json\/wp\/v2\/comments?post=2098"}],"version-history":[{"count":11,"href":"https:\/\/visitrauland.com\/vierli\/wp-json\/wp\/v2\/pages\/2098\/revisions"}],"predecessor-version":[{"id":2231,"href":"https:\/\/visitrauland.com\/vierli\/wp-json\/wp\/v2\/pages\/2098\/revisions\/2231"}],"up":[{"embeddable":true,"href":"https:\/\/visitrauland.com\/vierli\/wp-json\/wp\/v2\/pages\/1820"}],"wp:attachment":[{"href":"https:\/\/visitrauland.com\/vierli\/wp-json\/wp\/v2\/media?parent=2098"}],"curies":[{"name":"wp","href":"https:\/\/api.w.org\/{rel}","templated":true}]}}