{"id":1991,"date":"2021-03-05T17:52:04","date_gmt":"2021-03-05T16:52:04","guid":{"rendered":"https:\/\/visitrauland.com\/vierli\/?page_id=1991"},"modified":"2023-10-03T20:50:09","modified_gmt":"2023-10-03T18:50:09","slug":"historie","status":"publish","type":"page","link":"https:\/\/visitrauland.com\/vierli\/informasjon\/historie\/","title":{"rendered":"Historie"},"content":{"rendered":"<div id=\"cs-content\" class=\"cs-content\"><\/div>\n","protected":false},"excerpt":{"rendered":"<p>Historien om Vierli Det hele startet for over 40 \u00e5r siden, med en geiteseter og Kristins bestemor S\u00e5ve. S\u00e5ve bodde p\u00e5 en g\u00e5rd i Rauland sammen med sin mann Bjarne, og om sommeren tilbragte de mye tid sammen med geitene sine p\u00e5 en geitest\u00f8l oppe p\u00e5 Vierli. Det var her ideen om en kiosk langs riksvegen ble til. Kiosken som &#8230; <\/p>\n<div><a href=\"https:\/\/visitrauland.com\/vierli\/informasjon\/historie\/\" class=\"more-link\">Les Mer<\/a><\/div>\n","protected":false},"author":10,"featured_media":0,"parent":370,"menu_order":0,"comment_status":"closed","ping_status":"closed","template":"","meta":{"_relevanssi_hide_post":"","_relevanssi_hide_content":"","_relevanssi_pin_for_all":"","_relevanssi_pin_keywords":"","_relevanssi_unpin_keywords":"","_relevanssi_related_keywords":"","_relevanssi_related_include_ids":"","_relevanssi_related_exclude_ids":"","_relevanssi_related_no_append":"","_relevanssi_related_not_related":"","_relevanssi_related_posts":"","_relevanssi_noindex_reason":"","seo_booster_metabox":"","footnotes":""},"class_list":["post-1991","page","type-page","status-publish","hentry","no-post-thumbnail"],"yoast_head":"<!-- This site is optimized with the Yoast SEO plugin v27.2 - https:\/\/yoast.com\/product\/yoast-seo-wordpress\/ -->\n<title>Historie - Vierli<\/title>\n<meta name=\"robots\" content=\"index, follow, max-snippet:-1, max-image-preview:large, max-video-preview:-1\" \/>\n<link rel=\"canonical\" href=\"https:\/\/visitrauland.com\/vierli\/informasjon\/historie\/\" \/>\n<meta property=\"og:locale\" content=\"nb_NO\" \/>\n<meta property=\"og:type\" content=\"article\" \/>\n<meta property=\"og:title\" content=\"Historie - Vierli\" \/>\n<meta property=\"og:description\" content=\"Historien om Vierli Det hele startet for over 40 \u00e5r siden, med en geiteseter og Kristins bestemor S\u00e5ve. S\u00e5ve bodde p\u00e5 en g\u00e5rd i Rauland sammen med sin mann Bjarne, og om sommeren tilbragte de mye tid sammen med geitene sine p\u00e5 en geitest\u00f8l oppe p\u00e5 Vierli. Det var her ideen om en kiosk langs riksvegen ble til. Kiosken som ... Les Mer\" \/>\n<meta property=\"og:url\" content=\"https:\/\/visitrauland.com\/vierli\/informasjon\/historie\/\" \/>\n<meta property=\"og:site_name\" content=\"Vierli\" \/>\n<meta property=\"article:modified_time\" content=\"2023-10-03T18:50:09+00:00\" \/>\n<meta name=\"twitter:card\" content=\"summary_large_image\" \/>\n<meta name=\"twitter:label1\" content=\"Ansl. lesetid\" \/>\n\t<meta name=\"twitter:data1\" content=\"6 minutter\" \/>\n<script type=\"application\/ld+json\" class=\"yoast-schema-graph\">{\"@context\":\"https:\/\/schema.org\",\"@graph\":[{\"@type\":\"WebPage\",\"@id\":\"https:\/\/visitrauland.com\/vierli\/informasjon\/historie\/\",\"url\":\"https:\/\/visitrauland.com\/vierli\/informasjon\/historie\/\",\"name\":\"Historie - Vierli\",\"isPartOf\":{\"@id\":\"https:\/\/visitrauland.com\/vierli\/#website\"},\"datePublished\":\"2021-03-05T16:52:04+00:00\",\"dateModified\":\"2023-10-03T18:50:09+00:00\",\"breadcrumb\":{\"@id\":\"https:\/\/visitrauland.com\/vierli\/informasjon\/historie\/#breadcrumb\"},\"inLanguage\":\"nb-NO\",\"potentialAction\":[{\"@type\":\"ReadAction\",\"target\":[\"https:\/\/visitrauland.com\/vierli\/informasjon\/historie\/\"]}]},{\"@type\":\"BreadcrumbList\",\"@id\":\"https:\/\/visitrauland.com\/vierli\/informasjon\/historie\/#breadcrumb\",\"itemListElement\":[{\"@type\":\"ListItem\",\"position\":1,\"name\":\"Hjem\",\"item\":\"https:\/\/visitrauland.com\/vierli\/\"},{\"@type\":\"ListItem\",\"position\":2,\"name\":\"Informasjon\",\"item\":\"https:\/\/visitrauland.com\/vierli\/informasjon\/\"},{\"@type\":\"ListItem\",\"position\":3,\"name\":\"Historie\"}]},{\"@type\":\"WebSite\",\"@id\":\"https:\/\/visitrauland.com\/vierli\/#website\",\"url\":\"https:\/\/visitrauland.com\/vierli\/\",\"name\":\"Vierli\",\"description\":\"Velkommen til Vierli\",\"potentialAction\":[{\"@type\":\"SearchAction\",\"target\":{\"@type\":\"EntryPoint\",\"urlTemplate\":\"https:\/\/visitrauland.com\/vierli\/?s={search_term_string}\"},\"query-input\":{\"@type\":\"PropertyValueSpecification\",\"valueRequired\":true,\"valueName\":\"search_term_string\"}}],\"inLanguage\":\"nb-NO\"}]}<\/script>\n<!-- \/ Yoast SEO plugin. -->","yoast_head_json":{"title":"Historie - Vierli","robots":{"index":"index","follow":"follow","max-snippet":"max-snippet:-1","max-image-preview":"max-image-preview:large","max-video-preview":"max-video-preview:-1"},"canonical":"https:\/\/visitrauland.com\/vierli\/informasjon\/historie\/","og_locale":"nb_NO","og_type":"article","og_title":"Historie - Vierli","og_description":"Historien om Vierli Det hele startet for over 40 \u00e5r siden, med en geiteseter og Kristins bestemor S\u00e5ve. S\u00e5ve bodde p\u00e5 en g\u00e5rd i Rauland sammen med sin mann Bjarne, og om sommeren tilbragte de mye tid sammen med geitene sine p\u00e5 en geitest\u00f8l oppe p\u00e5 Vierli. Det var her ideen om en kiosk langs riksvegen ble til. Kiosken som ... Les Mer","og_url":"https:\/\/visitrauland.com\/vierli\/informasjon\/historie\/","og_site_name":"Vierli","article_modified_time":"2023-10-03T18:50:09+00:00","twitter_card":"summary_large_image","twitter_misc":{"Ansl. lesetid":"6 minutter"},"schema":{"@context":"https:\/\/schema.org","@graph":[{"@type":"WebPage","@id":"https:\/\/visitrauland.com\/vierli\/informasjon\/historie\/","url":"https:\/\/visitrauland.com\/vierli\/informasjon\/historie\/","name":"Historie - Vierli","isPartOf":{"@id":"https:\/\/visitrauland.com\/vierli\/#website"},"datePublished":"2021-03-05T16:52:04+00:00","dateModified":"2023-10-03T18:50:09+00:00","breadcrumb":{"@id":"https:\/\/visitrauland.com\/vierli\/informasjon\/historie\/#breadcrumb"},"inLanguage":"nb-NO","potentialAction":[{"@type":"ReadAction","target":["https:\/\/visitrauland.com\/vierli\/informasjon\/historie\/"]}]},{"@type":"BreadcrumbList","@id":"https:\/\/visitrauland.com\/vierli\/informasjon\/historie\/#breadcrumb","itemListElement":[{"@type":"ListItem","position":1,"name":"Hjem","item":"https:\/\/visitrauland.com\/vierli\/"},{"@type":"ListItem","position":2,"name":"Informasjon","item":"https:\/\/visitrauland.com\/vierli\/informasjon\/"},{"@type":"ListItem","position":3,"name":"Historie"}]},{"@type":"WebSite","@id":"https:\/\/visitrauland.com\/vierli\/#website","url":"https:\/\/visitrauland.com\/vierli\/","name":"Vierli","description":"Velkommen til Vierli","potentialAction":[{"@type":"SearchAction","target":{"@type":"EntryPoint","urlTemplate":"https:\/\/visitrauland.com\/vierli\/?s={search_term_string}"},"query-input":{"@type":"PropertyValueSpecification","valueRequired":true,"valueName":"search_term_string"}}],"inLanguage":"nb-NO"}]}},"_links":{"self":[{"href":"https:\/\/visitrauland.com\/vierli\/wp-json\/wp\/v2\/pages\/1991","targetHints":{"allow":["GET"]}}],"collection":[{"href":"https:\/\/visitrauland.com\/vierli\/wp-json\/wp\/v2\/pages"}],"about":[{"href":"https:\/\/visitrauland.com\/vierli\/wp-json\/wp\/v2\/types\/page"}],"author":[{"embeddable":true,"href":"https:\/\/visitrauland.com\/vierli\/wp-json\/wp\/v2\/users\/10"}],"replies":[{"embeddable":true,"href":"https:\/\/visitrauland.com\/vierli\/wp-json\/wp\/v2\/comments?post=1991"}],"version-history":[{"count":3,"href":"https:\/\/visitrauland.com\/vierli\/wp-json\/wp\/v2\/pages\/1991\/revisions"}],"predecessor-version":[{"id":2224,"href":"https:\/\/visitrauland.com\/vierli\/wp-json\/wp\/v2\/pages\/1991\/revisions\/2224"}],"up":[{"embeddable":true,"href":"https:\/\/visitrauland.com\/vierli\/wp-json\/wp\/v2\/pages\/370"}],"wp:attachment":[{"href":"https:\/\/visitrauland.com\/vierli\/wp-json\/wp\/v2\/media?parent=1991"}],"curies":[{"name":"wp","href":"https:\/\/api.w.org\/{rel}","templated":true}]}}