{"id":1840,"date":"2018-11-12T14:39:20","date_gmt":"2018-11-12T13:39:20","guid":{"rendered":"https:\/\/visitrauland.com\/team-telemark\/?page_id=1840"},"modified":"2018-11-12T14:57:58","modified_gmt":"2018-11-12T13:57:58","slug":"teamet","status":"publish","type":"page","link":"https:\/\/visitrauland.com\/team-telemark\/teamet\/","title":{"rendered":"Teamet v\u00e5rt"},"content":{"rendered":"<div id=\"cs-content\" class=\"cs-content\"><\/div>\n","protected":false},"excerpt":{"rendered":"","protected":false},"author":10,"featured_media":0,"parent":0,"menu_order":0,"comment_status":"closed","ping_status":"closed","template":"","meta":{"_relevanssi_hide_post":"","_relevanssi_hide_content":"","_relevanssi_pin_for_all":"","_relevanssi_pin_keywords":"","_relevanssi_unpin_keywords":"","_relevanssi_related_keywords":"","_relevanssi_related_include_ids":"","_relevanssi_related_exclude_ids":"","_relevanssi_related_no_append":"","_relevanssi_related_not_related":"","_relevanssi_related_posts":"","_relevanssi_noindex_reason":"","seo_booster_metabox":"","footnotes":""},"class_list":["post-1840","page","type-page","status-publish","hentry","no-post-thumbnail"],"yoast_head":"<!-- This site is optimized with the Yoast SEO plugin v27.2 - https:\/\/yoast.com\/product\/yoast-seo-wordpress\/ -->\n<title>Teamet v\u00e5rt - Team Telemark<\/title>\n<meta name=\"robots\" content=\"index, follow, max-snippet:-1, max-image-preview:large, max-video-preview:-1\" \/>\n<link rel=\"canonical\" href=\"https:\/\/visitrauland.com\/team-telemark\/teamet\/\" \/>\n<meta property=\"og:locale\" content=\"nb_NO\" \/>\n<meta property=\"og:type\" content=\"article\" \/>\n<meta property=\"og:title\" content=\"Teamet v\u00e5rt - Team Telemark\" \/>\n<meta property=\"og:url\" content=\"https:\/\/visitrauland.com\/team-telemark\/teamet\/\" \/>\n<meta property=\"og:site_name\" content=\"Team Telemark\" \/>\n<meta property=\"article:modified_time\" content=\"2018-11-12T13:57:58+00:00\" \/>\n<meta property=\"og:image\" content=\"https:\/\/visitrauland.com\/team-telemark\/wp-content\/uploads\/sites\/72\/2018\/11\/lag-a.jpg\" \/>\n<meta name=\"twitter:card\" content=\"summary_large_image\" \/>\n<script type=\"application\/ld+json\" class=\"yoast-schema-graph\">{\"@context\":\"https:\/\/schema.org\",\"@graph\":[{\"@type\":\"WebPage\",\"@id\":\"https:\/\/visitrauland.com\/team-telemark\/teamet\/\",\"url\":\"https:\/\/visitrauland.com\/team-telemark\/teamet\/\",\"name\":\"Teamet v\u00e5rt - Team Telemark\",\"isPartOf\":{\"@id\":\"https:\/\/visitrauland.com\/team-telemark\/#website\"},\"primaryImageOfPage\":{\"@id\":\"https:\/\/visitrauland.com\/team-telemark\/teamet\/#primaryimage\"},\"image\":{\"@id\":\"https:\/\/visitrauland.com\/team-telemark\/teamet\/#primaryimage\"},\"thumbnailUrl\":\"https:\/\/visitrauland.com\/team-telemark\/wp-content\/uploads\/sites\/72\/2018\/11\/lag-a.jpg\",\"datePublished\":\"2018-11-12T13:39:20+00:00\",\"dateModified\":\"2018-11-12T13:57:58+00:00\",\"breadcrumb\":{\"@id\":\"https:\/\/visitrauland.com\/team-telemark\/teamet\/#breadcrumb\"},\"inLanguage\":\"nb-NO\",\"potentialAction\":[{\"@type\":\"ReadAction\",\"target\":[\"https:\/\/visitrauland.com\/team-telemark\/teamet\/\"]}]},{\"@type\":\"ImageObject\",\"inLanguage\":\"nb-NO\",\"@id\":\"https:\/\/visitrauland.com\/team-telemark\/teamet\/#primaryimage\",\"url\":\"https:\/\/visitrauland.com\/team-telemark\/wp-content\/uploads\/sites\/72\/2018\/11\/lag-a.jpg\",\"contentUrl\":\"https:\/\/visitrauland.com\/team-telemark\/wp-content\/uploads\/sites\/72\/2018\/11\/lag-a.jpg\",\"width\":966,\"height\":828,\"caption\":\"Fire personer i vinterlandskap med luer p\u00e5, alle har smilende ansikter under solfylt himmel.\"},{\"@type\":\"BreadcrumbList\",\"@id\":\"https:\/\/visitrauland.com\/team-telemark\/teamet\/#breadcrumb\",\"itemListElement\":[{\"@type\":\"ListItem\",\"position\":1,\"name\":\"Hjem\",\"item\":\"https:\/\/visitrauland.com\/team-telemark\/\"},{\"@type\":\"ListItem\",\"position\":2,\"name\":\"Teamet v\u00e5rt\"}]},{\"@type\":\"WebSite\",\"@id\":\"https:\/\/visitrauland.com\/team-telemark\/#website\",\"url\":\"https:\/\/visitrauland.com\/team-telemark\/\",\"name\":\"Team Telemark\",\"description\":\"hjelper deg med \u00e5 sette gode m\u00e5l og n\u00e5 dem\",\"potentialAction\":[{\"@type\":\"SearchAction\",\"target\":{\"@type\":\"EntryPoint\",\"urlTemplate\":\"https:\/\/visitrauland.com\/team-telemark\/?s={search_term_string}\"},\"query-input\":{\"@type\":\"PropertyValueSpecification\",\"valueRequired\":true,\"valueName\":\"search_term_string\"}}],\"inLanguage\":\"nb-NO\"}]}<\/script>\n<!-- \/ Yoast SEO plugin. -->","yoast_head_json":{"title":"Teamet v\u00e5rt - Team Telemark","robots":{"index":"index","follow":"follow","max-snippet":"max-snippet:-1","max-image-preview":"max-image-preview:large","max-video-preview":"max-video-preview:-1"},"canonical":"https:\/\/visitrauland.com\/team-telemark\/teamet\/","og_locale":"nb_NO","og_type":"article","og_title":"Teamet v\u00e5rt - Team Telemark","og_url":"https:\/\/visitrauland.com\/team-telemark\/teamet\/","og_site_name":"Team Telemark","article_modified_time":"2018-11-12T13:57:58+00:00","og_image":[{"url":"https:\/\/visitrauland.com\/team-telemark\/wp-content\/uploads\/sites\/72\/2018\/11\/lag-a.jpg","type":"","width":"","height":""}],"twitter_card":"summary_large_image","schema":{"@context":"https:\/\/schema.org","@graph":[{"@type":"WebPage","@id":"https:\/\/visitrauland.com\/team-telemark\/teamet\/","url":"https:\/\/visitrauland.com\/team-telemark\/teamet\/","name":"Teamet v\u00e5rt - Team Telemark","isPartOf":{"@id":"https:\/\/visitrauland.com\/team-telemark\/#website"},"primaryImageOfPage":{"@id":"https:\/\/visitrauland.com\/team-telemark\/teamet\/#primaryimage"},"image":{"@id":"https:\/\/visitrauland.com\/team-telemark\/teamet\/#primaryimage"},"thumbnailUrl":"https:\/\/visitrauland.com\/team-telemark\/wp-content\/uploads\/sites\/72\/2018\/11\/lag-a.jpg","datePublished":"2018-11-12T13:39:20+00:00","dateModified":"2018-11-12T13:57:58+00:00","breadcrumb":{"@id":"https:\/\/visitrauland.com\/team-telemark\/teamet\/#breadcrumb"},"inLanguage":"nb-NO","potentialAction":[{"@type":"ReadAction","target":["https:\/\/visitrauland.com\/team-telemark\/teamet\/"]}]},{"@type":"ImageObject","inLanguage":"nb-NO","@id":"https:\/\/visitrauland.com\/team-telemark\/teamet\/#primaryimage","url":"https:\/\/visitrauland.com\/team-telemark\/wp-content\/uploads\/sites\/72\/2018\/11\/lag-a.jpg","contentUrl":"https:\/\/visitrauland.com\/team-telemark\/wp-content\/uploads\/sites\/72\/2018\/11\/lag-a.jpg","width":966,"height":828,"caption":"Fire personer i vinterlandskap med luer p\u00e5, alle har smilende ansikter under solfylt himmel."},{"@type":"BreadcrumbList","@id":"https:\/\/visitrauland.com\/team-telemark\/teamet\/#breadcrumb","itemListElement":[{"@type":"ListItem","position":1,"name":"Hjem","item":"https:\/\/visitrauland.com\/team-telemark\/"},{"@type":"ListItem","position":2,"name":"Teamet v\u00e5rt"}]},{"@type":"WebSite","@id":"https:\/\/visitrauland.com\/team-telemark\/#website","url":"https:\/\/visitrauland.com\/team-telemark\/","name":"Team Telemark","description":"hjelper deg med \u00e5 sette gode m\u00e5l og n\u00e5 dem","potentialAction":[{"@type":"SearchAction","target":{"@type":"EntryPoint","urlTemplate":"https:\/\/visitrauland.com\/team-telemark\/?s={search_term_string}"},"query-input":{"@type":"PropertyValueSpecification","valueRequired":true,"valueName":"search_term_string"}}],"inLanguage":"nb-NO"}]}},"_links":{"self":[{"href":"https:\/\/visitrauland.com\/team-telemark\/wp-json\/wp\/v2\/pages\/1840","targetHints":{"allow":["GET"]}}],"collection":[{"href":"https:\/\/visitrauland.com\/team-telemark\/wp-json\/wp\/v2\/pages"}],"about":[{"href":"https:\/\/visitrauland.com\/team-telemark\/wp-json\/wp\/v2\/types\/page"}],"author":[{"embeddable":true,"href":"https:\/\/visitrauland.com\/team-telemark\/wp-json\/wp\/v2\/users\/10"}],"replies":[{"embeddable":true,"href":"https:\/\/visitrauland.com\/team-telemark\/wp-json\/wp\/v2\/comments?post=1840"}],"version-history":[{"count":2,"href":"https:\/\/visitrauland.com\/team-telemark\/wp-json\/wp\/v2\/pages\/1840\/revisions"}],"predecessor-version":[{"id":1855,"href":"https:\/\/visitrauland.com\/team-telemark\/wp-json\/wp\/v2\/pages\/1840\/revisions\/1855"}],"wp:attachment":[{"href":"https:\/\/visitrauland.com\/team-telemark\/wp-json\/wp\/v2\/media?parent=1840"}],"curies":[{"name":"wp","href":"https:\/\/api.w.org\/{rel}","templated":true}]}}