{"id":339,"date":"2017-10-30T18:03:03","date_gmt":"2017-10-30T18:03:03","guid":{"rendered":"https:\/\/visitrauland.com\/sparrauland\/?page_id=339"},"modified":"2026-02-09T13:04:52","modified_gmt":"2026-02-09T12:04:52","slug":"subpage-demo","status":"publish","type":"page","link":"https:\/\/visitrauland.com\/spar-rauland\/","title":{"rendered":"Spar Rauland"},"content":{"rendered":"<div id=\"cs-content\" class=\"cs-content\"><style>.lazy-loader-background-element-1.lazyloaded{ background-image: url(https:\/\/visitrauland.com\/spar-rauland\/wp-content\/uploads\/sites\/26\/2026\/02\/Spar-bg_1920_1770638594.jpg); background-color: transparent; }<\/style><noscript><style>.lazy-loader-background-element-1.lazyload{ background-image: url(https:\/\/visitrauland.com\/spar-rauland\/wp-content\/uploads\/sites\/26\/2026\/02\/Spar-bg_1920_1770638594.jpg); background-color: transparent; }<\/style><\/noscript><div id=\"x-section-1\" class=\"x-section cs-ta-left bg-image lazyload lazy-loader-background-element-1 \" style=\"margin: 0px;padding: 0px;  \" data-x-element=\"section\" data-x-params=\"{&quot;type&quot;:&quot;image&quot;,&quot;parallax&quot;:false}\"><div id class=\"x-container max width\" style=\"margin: 0px 0 0px auto;padding: 0px;\"><div class=\"x-column x-sm x-1-1\" style=\"padding: 45px 0px;\"><hr class=\"x-gap\" style=\"margin: 400px 0 0 0;\"><\/div><\/div><div id class=\"x-container max width\" style=\"margin: 0px auto;padding: 0px;\"><div class=\"x-column x-sm x-1-1 e339-e6 m9f-0\"><div class=\"x-text x-text-headline e339-e7 m9f-1\"><div class=\"x-text-content\"><div class=\"x-text-content-text\"><h1 class=\"x-text-content-text-primary\"><h1><span style=\"color: #ffffff; filter: drop-shadow(3px 3px 4px #000000);\">Spar Rauland<\/span><\/h1><\/h1>\n<\/div><\/div><\/div><hr class=\"x-gap\" style=\"margin: 60px 0 0 0;\"><\/div><\/div><\/div><div id=\"x-section-2\" class=\"x-section\" style=\"margin: 0px;padding: 45px 0px; background-color: transparent;\"><div id class=\"x-container max width\" style=\"margin: 0px auto;padding: 0px;\"><div class=\"x-column x-sm x-1-2\" style=\"padding: 0px;\"><div id class=\"x-text\" style><h5><strong>Velkommen til Spar Rauland i 1.etasje p\u00e5 Rauland Handelshus<\/strong><\/h5>\n<p>Her f\u00e5r du kj\u00f8pt dagligvarer, kj\u00f8kkenutstyr og leker. Ferskvareavdeling og alltid varm mat klar til servering.<\/p>\n<p>Vi har ogs\u00e5 reinsdyr, elg, hjort, Bodils p\u00f8lser og annen lokalmat.<\/p>\n<p>DnBNOR Bank i butikk, tipping\/rikstoto og post i butikk.<\/p>\n<p><strong>Adresse:<\/strong> Juvlandsveien 2 3864 RAULAND<br>\n<strong>Telefon:<\/strong> 35 07 31 64<br>\n<strong>E-post:<\/strong> <strong><a href=\"mailto:spar.rauland@ngbutikk.net\">spar.rauland@ngbutikk.net<\/a><\/strong><\/p>\n<div><\/div>\n<div><strong>\u00c5pningstider<\/strong><\/div>\n<div><a href=\"https:\/\/spar.no\/finn-butikk\/spar-rauland\" target=\"_blank\" rel=\"noopener\"><strong>Klikk her for \u00e5pningstider<\/strong><\/a><\/div>\n<\/div><\/div><div class=\"x-column x-sm x-1-2\" style=\"padding: 0px;\">&nbsp;<\/div><\/div><\/div><div id=\"aktiviteter\" class=\"x-section\" style=\"margin: 0px;padding: 0px 0px 45px; background-color: transparent;\"><div id class=\"x-container max width\" style=\"margin: 0px auto;padding: 0px;\"><div class=\"x-column x-sm x-1-1\" style=\"padding: 0px;\"><h2 class=\"h-custom-headline h3\"><span>Spar Rauland Varesenter<\/span><\/h2><hr class=\"x-gap\" style=\"margin: 50px 0 0 0;\"><\/div><\/div><div id class=\"x-container max width\" style=\"margin: 0px auto;padding: 0px;\"><div class=\"x-column x-sm x-1-3\" style=\"padding: 0px;\"><div class=\"x-promo\"><div class=\"x-promo-image-wrap\"><noscript><img decoding=\"async\" src=\"https:\/\/visitrauland.com\/sparrauland\/wp-content\/uploads\/sites\/26\/2017\/12\/sparforside.jpg\"><\/noscript><img decoding=\"async\" src=\"data:image\/gif;base64,R0lGODlhAQABAIAAAAAAAP\/\/\/yH5BAEAAAAALAAAAAABAAEAAAIBRAA7\" data-src=\"https:\/\/visitrauland.com\/sparrauland\/wp-content\/uploads\/sites\/26\/2017\/12\/sparforside.jpg\" class=\" lazyload\"><\/div><div class=\"x-promo-content\"><p><strong><a href=\"https:\/\/www.virtualtours.dk\/Hosting\/Norway\/Rauland\/rauland%20c\/spar\/Spar.html\">Interaktiv oversikt<\/a><\/strong><br>\nBes\u00f8k Rauland Handelshus i denne interaktive 360\u00ba visningen.<\/p>\n<p><a class=\"x-btn\" href=\"https:\/\/www.virtualtours.dk\/Hosting\/Norway\/Rauland\/rauland%20c\/spar\/Spar.html\" data-options=\"thumbnail: ''\">Se mer<\/a><\/p><\/div><\/div><\/div><div class=\"x-column x-sm x-1-3\" style=\"padding: 0px;\">&nbsp;<\/div><div class=\"x-column x-sm x-1-3\" style=\"padding: 0px;\">&nbsp;<\/div><\/div><\/div><\/div>\n","protected":false},"excerpt":{"rendered":"<p>Spar Rauland Velkommen til Spar Rauland i 1.etasje p\u00e5 Rauland Handelshus Her f\u00e5r du kj\u00f8pt dagligvarer, kj\u00f8kkenutstyr og leker. Ferskvareavdeling og alltid varm mat klar til servering. Vi har ogs\u00e5 reinsdyr, elg, hjort, Bodils p\u00f8lser og annen lokalmat. DnBNOR Bank i butikk, tipping\/rikstoto og post i butikk. Adresse: Juvlandsveien 2 3864 RAULAND Telefon: 35 07 31 64 E-post: spar.rauland@ngbutikk.net \u00c5pningstider &#8230; <\/p>\n<div><a href=\"https:\/\/visitrauland.com\/spar-rauland\/\" class=\"more-link\">Les Mer<\/a><\/div>\n","protected":false},"author":3,"featured_media":0,"parent":0,"menu_order":0,"comment_status":"closed","ping_status":"closed","template":"template-sites.php","meta":{"_relevanssi_hide_post":"","_relevanssi_hide_content":"","_relevanssi_pin_for_all":"","_relevanssi_pin_keywords":"","_relevanssi_unpin_keywords":"","_relevanssi_related_keywords":"","_relevanssi_related_include_ids":"","_relevanssi_related_exclude_ids":"","_relevanssi_related_no_append":"","_relevanssi_related_not_related":"","_relevanssi_related_posts":"1788,399","_relevanssi_noindex_reason":"","seo_booster_metabox":"","footnotes":""},"class_list":["post-339","page","type-page","status-publish","hentry","no-post-thumbnail"],"yoast_head":"<!-- This site is optimized with the Yoast SEO plugin v27.2 - https:\/\/yoast.com\/product\/yoast-seo-wordpress\/ -->\n<title>Spar Rauland - Spar Rauland<\/title>\n<meta name=\"robots\" content=\"index, follow, max-snippet:-1, max-image-preview:large, max-video-preview:-1\" \/>\n<link rel=\"canonical\" href=\"https:\/\/visitrauland.com\/spar-rauland\/\" \/>\n<meta property=\"og:locale\" content=\"nb_NO\" \/>\n<meta property=\"og:type\" content=\"article\" \/>\n<meta property=\"og:title\" content=\"Spar Rauland - Spar Rauland\" \/>\n<meta property=\"og:description\" content=\"Spar Rauland Velkommen til Spar Rauland i 1.etasje p\u00e5 Rauland Handelshus Her f\u00e5r du kj\u00f8pt dagligvarer, kj\u00f8kkenutstyr og leker. Ferskvareavdeling og alltid varm mat klar til servering. Vi har ogs\u00e5 reinsdyr, elg, hjort, Bodils p\u00f8lser og annen lokalmat. DnBNOR Bank i butikk, tipping\/rikstoto og post i butikk. Adresse: Juvlandsveien 2 3864 RAULAND Telefon: 35 07 31 64 E-post: spar.rauland@ngbutikk.net \u00c5pningstider ... Les Mer\" \/>\n<meta property=\"og:url\" content=\"https:\/\/visitrauland.com\/spar-rauland\/\" \/>\n<meta property=\"og:site_name\" content=\"Spar Rauland\" \/>\n<meta property=\"article:modified_time\" content=\"2026-02-09T12:04:52+00:00\" \/>\n<meta name=\"twitter:card\" content=\"summary_large_image\" \/>\n<meta name=\"twitter:label1\" content=\"Ansl. lesetid\" \/>\n\t<meta name=\"twitter:data1\" content=\"4 minutter\" \/>\n<script type=\"application\/ld+json\" class=\"yoast-schema-graph\">{\"@context\":\"https:\/\/schema.org\",\"@graph\":[{\"@type\":\"WebPage\",\"@id\":\"https:\/\/visitrauland.com\/spar-rauland\/\",\"url\":\"https:\/\/visitrauland.com\/spar-rauland\/\",\"name\":\"Spar Rauland - Spar Rauland\",\"isPartOf\":{\"@id\":\"https:\/\/visitrauland.com\/spar-rauland\/#website\"},\"datePublished\":\"2017-10-30T18:03:03+00:00\",\"dateModified\":\"2026-02-09T12:04:52+00:00\",\"breadcrumb\":{\"@id\":\"https:\/\/visitrauland.com\/spar-rauland\/#breadcrumb\"},\"inLanguage\":\"nb-NO\",\"potentialAction\":[{\"@type\":\"ReadAction\",\"target\":[\"https:\/\/visitrauland.com\/spar-rauland\/\"]}]},{\"@type\":\"BreadcrumbList\",\"@id\":\"https:\/\/visitrauland.com\/spar-rauland\/#breadcrumb\",\"itemListElement\":[{\"@type\":\"ListItem\",\"position\":1,\"name\":\"Hjem\",\"item\":\"https:\/\/visitrauland.com\/spar-rauland\/\"},{\"@type\":\"ListItem\",\"position\":2,\"name\":\"Spar Rauland\"}]},{\"@type\":\"WebSite\",\"@id\":\"https:\/\/visitrauland.com\/spar-rauland\/#website\",\"url\":\"https:\/\/visitrauland.com\/spar-rauland\/\",\"name\":\"Spar Rauland\",\"description\":\"Spar Rauland\",\"potentialAction\":[{\"@type\":\"SearchAction\",\"target\":{\"@type\":\"EntryPoint\",\"urlTemplate\":\"https:\/\/visitrauland.com\/spar-rauland\/?s={search_term_string}\"},\"query-input\":{\"@type\":\"PropertyValueSpecification\",\"valueRequired\":true,\"valueName\":\"search_term_string\"}}],\"inLanguage\":\"nb-NO\"}]}<\/script>\n<!-- \/ Yoast SEO plugin. -->","yoast_head_json":{"title":"Spar Rauland - Spar Rauland","robots":{"index":"index","follow":"follow","max-snippet":"max-snippet:-1","max-image-preview":"max-image-preview:large","max-video-preview":"max-video-preview:-1"},"canonical":"https:\/\/visitrauland.com\/spar-rauland\/","og_locale":"nb_NO","og_type":"article","og_title":"Spar Rauland - Spar Rauland","og_description":"Spar Rauland Velkommen til Spar Rauland i 1.etasje p\u00e5 Rauland Handelshus Her f\u00e5r du kj\u00f8pt dagligvarer, kj\u00f8kkenutstyr og leker. Ferskvareavdeling og alltid varm mat klar til servering. Vi har ogs\u00e5 reinsdyr, elg, hjort, Bodils p\u00f8lser og annen lokalmat. DnBNOR Bank i butikk, tipping\/rikstoto og post i butikk. Adresse: Juvlandsveien 2 3864 RAULAND Telefon: 35 07 31 64 E-post: spar.rauland@ngbutikk.net \u00c5pningstider ... Les Mer","og_url":"https:\/\/visitrauland.com\/spar-rauland\/","og_site_name":"Spar Rauland","article_modified_time":"2026-02-09T12:04:52+00:00","twitter_card":"summary_large_image","twitter_misc":{"Ansl. lesetid":"4 minutter"},"schema":{"@context":"https:\/\/schema.org","@graph":[{"@type":"WebPage","@id":"https:\/\/visitrauland.com\/spar-rauland\/","url":"https:\/\/visitrauland.com\/spar-rauland\/","name":"Spar Rauland - Spar Rauland","isPartOf":{"@id":"https:\/\/visitrauland.com\/spar-rauland\/#website"},"datePublished":"2017-10-30T18:03:03+00:00","dateModified":"2026-02-09T12:04:52+00:00","breadcrumb":{"@id":"https:\/\/visitrauland.com\/spar-rauland\/#breadcrumb"},"inLanguage":"nb-NO","potentialAction":[{"@type":"ReadAction","target":["https:\/\/visitrauland.com\/spar-rauland\/"]}]},{"@type":"BreadcrumbList","@id":"https:\/\/visitrauland.com\/spar-rauland\/#breadcrumb","itemListElement":[{"@type":"ListItem","position":1,"name":"Hjem","item":"https:\/\/visitrauland.com\/spar-rauland\/"},{"@type":"ListItem","position":2,"name":"Spar Rauland"}]},{"@type":"WebSite","@id":"https:\/\/visitrauland.com\/spar-rauland\/#website","url":"https:\/\/visitrauland.com\/spar-rauland\/","name":"Spar Rauland","description":"Spar Rauland","potentialAction":[{"@type":"SearchAction","target":{"@type":"EntryPoint","urlTemplate":"https:\/\/visitrauland.com\/spar-rauland\/?s={search_term_string}"},"query-input":{"@type":"PropertyValueSpecification","valueRequired":true,"valueName":"search_term_string"}}],"inLanguage":"nb-NO"}]}},"_links":{"self":[{"href":"https:\/\/visitrauland.com\/spar-rauland\/wp-json\/wp\/v2\/pages\/339","targetHints":{"allow":["GET"]}}],"collection":[{"href":"https:\/\/visitrauland.com\/spar-rauland\/wp-json\/wp\/v2\/pages"}],"about":[{"href":"https:\/\/visitrauland.com\/spar-rauland\/wp-json\/wp\/v2\/types\/page"}],"author":[{"embeddable":true,"href":"https:\/\/visitrauland.com\/spar-rauland\/wp-json\/wp\/v2\/users\/3"}],"replies":[{"embeddable":true,"href":"https:\/\/visitrauland.com\/spar-rauland\/wp-json\/wp\/v2\/comments?post=339"}],"version-history":[{"count":11,"href":"https:\/\/visitrauland.com\/spar-rauland\/wp-json\/wp\/v2\/pages\/339\/revisions"}],"predecessor-version":[{"id":1852,"href":"https:\/\/visitrauland.com\/spar-rauland\/wp-json\/wp\/v2\/pages\/339\/revisions\/1852"}],"wp:attachment":[{"href":"https:\/\/visitrauland.com\/spar-rauland\/wp-json\/wp\/v2\/media?parent=339"}],"curies":[{"name":"wp","href":"https:\/\/api.w.org\/{rel}","templated":true}]}}