{"id":339,"date":"2017-10-30T18:03:03","date_gmt":"2017-10-30T17:03:03","guid":{"rendered":"https:\/\/visitrauland.com\/rshytteforening\/?page_id=339"},"modified":"2021-10-19T10:18:36","modified_gmt":"2021-10-19T08:18:36","slug":"rshytteforening","status":"publish","type":"page","link":"https:\/\/visitrauland.com\/rshytteforening\/","title":{"rendered":"Rauland Skisenter Hytteforening"},"content":{"rendered":"<div id=\"cs-content\" class=\"cs-content\"><\/div>\n","protected":false},"excerpt":{"rendered":"<p>&nbsp;Rauland Hytteforening ble opprettet 30.12.1995. Hytteforeningen har 195 betalende medlemmer. Det er Rauland skisenter Hytteforening som blant annet st\u00e5r for Nytt\u00e5rsarrangement i Holtardalen. Da kommer julenissen ned bakken p\u00e5 ski deler ut godteposer til alle barna . Det blir servert gl\u00f8gg og pepperkaker . Der er fakkeltog . Og det hele. avslutttes med et flott fyrverkeri. Og det er et &#8230; <\/p>\n<div><a href=\"https:\/\/visitrauland.com\/rshytteforening\/styremedlemmer-i-rauland-skisenter-hytteforening\/\" class=\"more-link\">Les Mer<\/a><\/div>\n","protected":false},"author":3,"featured_media":0,"parent":0,"menu_order":0,"comment_status":"closed","ping_status":"closed","template":"template-sites.php","meta":{"_relevanssi_hide_post":"","_relevanssi_hide_content":"","_relevanssi_pin_for_all":"","_relevanssi_pin_keywords":"","_relevanssi_unpin_keywords":"","_relevanssi_related_keywords":"","_relevanssi_related_include_ids":"","_relevanssi_related_exclude_ids":"","_relevanssi_related_no_append":"","_relevanssi_related_not_related":"","_relevanssi_related_posts":"","_relevanssi_noindex_reason":"","seo_booster_metabox":"","footnotes":""},"class_list":["post-339","page","type-page","status-publish","hentry","no-post-thumbnail"],"yoast_head":"<!-- This site is optimized with the Yoast SEO plugin v27.2 - https:\/\/yoast.com\/product\/yoast-seo-wordpress\/ -->\n<title>Rauland Skisenter Hytteforening - Rauland Skisenter Hytteforening<\/title>\n<meta name=\"robots\" content=\"index, follow, max-snippet:-1, max-image-preview:large, max-video-preview:-1\" \/>\n<link rel=\"canonical\" href=\"https:\/\/visitrauland.com\/rshytteforening\/\" \/>\n<meta property=\"og:locale\" content=\"nb_NO\" \/>\n<meta property=\"og:type\" content=\"article\" \/>\n<meta property=\"og:title\" content=\"Rauland Skisenter Hytteforening - Rauland Skisenter Hytteforening\" \/>\n<meta property=\"og:description\" content=\"&nbsp;Rauland Hytteforening ble opprettet 30.12.1995. Hytteforeningen har 195 betalende medlemmer. Det er Rauland skisenter Hytteforening som blant annet st\u00e5r for Nytt\u00e5rsarrangement i Holtardalen. Da kommer julenissen ned bakken p\u00e5 ski deler ut godteposer til alle barna . Det blir servert gl\u00f8gg og pepperkaker . Der er fakkeltog . Og det hele. avslutttes med et flott fyrverkeri. Og det er et ... Les Mer\" \/>\n<meta property=\"og:url\" content=\"https:\/\/visitrauland.com\/rshytteforening\/\" \/>\n<meta property=\"og:site_name\" content=\"Rauland Skisenter Hytteforening\" \/>\n<meta property=\"article:modified_time\" content=\"2021-10-19T08:18:36+00:00\" \/>\n<meta name=\"twitter:card\" content=\"summary_large_image\" \/>\n<meta name=\"twitter:label1\" content=\"Ansl. lesetid\" \/>\n\t<meta name=\"twitter:data1\" content=\"2 minutter\" \/>\n<script type=\"application\/ld+json\" class=\"yoast-schema-graph\">{\"@context\":\"https:\/\/schema.org\",\"@graph\":[{\"@type\":\"WebPage\",\"@id\":\"https:\/\/visitrauland.com\/rshytteforening\/\",\"url\":\"https:\/\/visitrauland.com\/rshytteforening\/\",\"name\":\"Rauland Skisenter Hytteforening - Rauland Skisenter Hytteforening\",\"isPartOf\":{\"@id\":\"https:\/\/visitrauland.com\/rshytteforening\/#website\"},\"datePublished\":\"2017-10-30T17:03:03+00:00\",\"dateModified\":\"2021-10-19T08:18:36+00:00\",\"breadcrumb\":{\"@id\":\"https:\/\/visitrauland.com\/rshytteforening\/#breadcrumb\"},\"inLanguage\":\"nb-NO\",\"potentialAction\":[{\"@type\":\"ReadAction\",\"target\":[\"https:\/\/visitrauland.com\/rshytteforening\/\"]}]},{\"@type\":\"BreadcrumbList\",\"@id\":\"https:\/\/visitrauland.com\/rshytteforening\/#breadcrumb\",\"itemListElement\":[{\"@type\":\"ListItem\",\"position\":1,\"name\":\"Hjem\",\"item\":\"https:\/\/visitrauland.com\/rshytteforening\/\"},{\"@type\":\"ListItem\",\"position\":2,\"name\":\"Rauland Skisenter Hytteforening\"}]},{\"@type\":\"WebSite\",\"@id\":\"https:\/\/visitrauland.com\/rshytteforening\/#website\",\"url\":\"https:\/\/visitrauland.com\/rshytteforening\/\",\"name\":\"Rauland Skisenter Hytteforening\",\"description\":\"3 hytter med flott utsikt over Lognvikvatn\",\"potentialAction\":[{\"@type\":\"SearchAction\",\"target\":{\"@type\":\"EntryPoint\",\"urlTemplate\":\"https:\/\/visitrauland.com\/rshytteforening\/?s={search_term_string}\"},\"query-input\":{\"@type\":\"PropertyValueSpecification\",\"valueRequired\":true,\"valueName\":\"search_term_string\"}}],\"inLanguage\":\"nb-NO\"}]}<\/script>\n<!-- \/ Yoast SEO plugin. -->","yoast_head_json":{"title":"Rauland Skisenter Hytteforening - Rauland Skisenter Hytteforening","robots":{"index":"index","follow":"follow","max-snippet":"max-snippet:-1","max-image-preview":"max-image-preview:large","max-video-preview":"max-video-preview:-1"},"canonical":"https:\/\/visitrauland.com\/rshytteforening\/","og_locale":"nb_NO","og_type":"article","og_title":"Rauland Skisenter Hytteforening - Rauland Skisenter Hytteforening","og_description":"&nbsp;Rauland Hytteforening ble opprettet 30.12.1995. Hytteforeningen har 195 betalende medlemmer. Det er Rauland skisenter Hytteforening som blant annet st\u00e5r for Nytt\u00e5rsarrangement i Holtardalen. Da kommer julenissen ned bakken p\u00e5 ski deler ut godteposer til alle barna . Det blir servert gl\u00f8gg og pepperkaker . Der er fakkeltog . Og det hele. avslutttes med et flott fyrverkeri. Og det er et ... Les Mer","og_url":"https:\/\/visitrauland.com\/rshytteforening\/","og_site_name":"Rauland Skisenter Hytteforening","article_modified_time":"2021-10-19T08:18:36+00:00","twitter_card":"summary_large_image","twitter_misc":{"Ansl. lesetid":"2 minutter"},"schema":{"@context":"https:\/\/schema.org","@graph":[{"@type":"WebPage","@id":"https:\/\/visitrauland.com\/rshytteforening\/","url":"https:\/\/visitrauland.com\/rshytteforening\/","name":"Rauland Skisenter Hytteforening - Rauland Skisenter Hytteforening","isPartOf":{"@id":"https:\/\/visitrauland.com\/rshytteforening\/#website"},"datePublished":"2017-10-30T17:03:03+00:00","dateModified":"2021-10-19T08:18:36+00:00","breadcrumb":{"@id":"https:\/\/visitrauland.com\/rshytteforening\/#breadcrumb"},"inLanguage":"nb-NO","potentialAction":[{"@type":"ReadAction","target":["https:\/\/visitrauland.com\/rshytteforening\/"]}]},{"@type":"BreadcrumbList","@id":"https:\/\/visitrauland.com\/rshytteforening\/#breadcrumb","itemListElement":[{"@type":"ListItem","position":1,"name":"Hjem","item":"https:\/\/visitrauland.com\/rshytteforening\/"},{"@type":"ListItem","position":2,"name":"Rauland Skisenter Hytteforening"}]},{"@type":"WebSite","@id":"https:\/\/visitrauland.com\/rshytteforening\/#website","url":"https:\/\/visitrauland.com\/rshytteforening\/","name":"Rauland Skisenter Hytteforening","description":"3 hytter med flott utsikt over Lognvikvatn","potentialAction":[{"@type":"SearchAction","target":{"@type":"EntryPoint","urlTemplate":"https:\/\/visitrauland.com\/rshytteforening\/?s={search_term_string}"},"query-input":{"@type":"PropertyValueSpecification","valueRequired":true,"valueName":"search_term_string"}}],"inLanguage":"nb-NO"}]}},"_links":{"self":[{"href":"https:\/\/visitrauland.com\/rshytteforening\/wp-json\/wp\/v2\/pages\/339","targetHints":{"allow":["GET"]}}],"collection":[{"href":"https:\/\/visitrauland.com\/rshytteforening\/wp-json\/wp\/v2\/pages"}],"about":[{"href":"https:\/\/visitrauland.com\/rshytteforening\/wp-json\/wp\/v2\/types\/page"}],"author":[{"embeddable":true,"href":"https:\/\/visitrauland.com\/rshytteforening\/wp-json\/wp\/v2\/users\/3"}],"replies":[{"embeddable":true,"href":"https:\/\/visitrauland.com\/rshytteforening\/wp-json\/wp\/v2\/comments?post=339"}],"version-history":[{"count":5,"href":"https:\/\/visitrauland.com\/rshytteforening\/wp-json\/wp\/v2\/pages\/339\/revisions"}],"predecessor-version":[{"id":1879,"href":"https:\/\/visitrauland.com\/rshytteforening\/wp-json\/wp\/v2\/pages\/339\/revisions\/1879"}],"wp:attachment":[{"href":"https:\/\/visitrauland.com\/rshytteforening\/wp-json\/wp\/v2\/media?parent=339"}],"curies":[{"name":"wp","href":"https:\/\/api.w.org\/{rel}","templated":true}]}}