{"id":339,"date":"2017-10-30T18:03:03","date_gmt":"2017-10-30T17:03:03","guid":{"rendered":"https:\/\/visitrauland.com\/renovest\/?page_id=339"},"modified":"2026-02-12T14:58:04","modified_gmt":"2026-02-12T13:58:04","slug":"renovest","status":"publish","type":"page","link":"https:\/\/visitrauland.com\/renovest\/","title":{"rendered":"Renovest"},"content":{"rendered":"<div id=\"cs-content\" class=\"cs-content\"><div class=\"x-section e339-e1 m9f-0 m9f-1 m9f-2 m9f-3 hero-2026\"><div class=\"x-bg\" aria-hidden=\"true\"><div class=\"x-bg-layer-lower-image\"><\/div><div class=\"x-bg-layer-upper-color\"><\/div><\/div><div class=\"x-div e339-e2 m9f-a m9f-b m9f-c m9f-d\"><div class=\"x-text x-text-headline e339-e3 m9f-h m9f-i m9f-j\"><div class=\"x-text-content\"><div class=\"x-text-content-text\"><h1 class=\"x-text-content-text-primary\">Renovest<\/h1>\n<\/div><\/div><\/div><\/div><\/div><div id=\"x-section-1\" class=\"x-section text-24px underhero-text\" style=\"margin: 0px;padding: 45px 0px; background-color: transparent;\"><div id class=\"x-container max width\" style=\"margin: 0px auto;padding: 0px;\"><div class=\"x-column x-sm x-2-3\" style=\"padding: 0px;\"><div id class=\"x-text\" style><h5>Renovest er renovasjonsselskapet for alle i Vest-Telemark<\/h5>\n<p><a href=\"https:\/\/renovest.no\/om-renovest\/apningstider\/\"><strong>\u00bb Sj\u00e5 v\u00e5re opningstider for avfallsmottaka her<\/strong><\/a><\/p>\n<h5>Hytterenovasjon p\u00e5 Rauland<\/h5>\n<p>Avfall fr\u00e5 hytta sorterast p\u00e5 same m\u00e5te om vanleg hushaldningsavfall og bringast til eit av v\u00e5re hyttereturpunkt. Som hytteabonnent i Fyresdal, Kviteseid, Seljord, Tokke eller Vinje st\u00e5r du fritt til \u00e5 nytte det returpunktet som passar deg best.<\/p>\n<p>Om lag halvparten av hyttereturpunkta er n\u00e5 oppgradert med moglegheit for full kjeldesortering.<\/p>\n<p>Oversikt over kor dei ulike returpunkta er plassera, og kva avfallsfraksjonar du kan levere p\u00e5 kvart<span>&nbsp;<\/span><em><strong><a href=\"https:\/\/renovest.no\/renovasjon-hushaldning\/returpunkter\/\">returpunkt finn du her.<\/a><\/strong><\/em><\/p>\n<h6><span style=\"color: #ff6600;\"><strong>KONTAKT OSS<\/strong><\/span><\/h6>\n<p><strong>Renovest IKS<\/strong><br>\nOrdalsvegen 63<br>\n3850 Kviteseid<\/p>\n<p>Telefon: 350 68 000<br>\nE-post: <a href=\"mailto:post@renovest.no\"><strong>post@renovest.no<\/strong><\/a><\/p>\n<\/div><\/div><div class=\"x-column x-sm x-1-3\" style=\"padding: 0px 0px 45px;\"><noscript><img decoding=\"async\" class=\"x-img x-img-none\" src=\"https:\/\/visitrauland.com\/renovest\/wp-content\/uploads\/sites\/111\/2023\/11\/0B6A7588_1920_1700757101.jpg\"><\/noscript><img decoding=\"async\" class=\"x-img x-img-none lazyload\" src=\"data:image\/gif;base64,R0lGODlhAQABAIAAAAAAAP\/\/\/yH5BAEAAAAALAAAAAABAAEAAAIBRAA7\" data-src=\"https:\/\/visitrauland.com\/renovest\/wp-content\/uploads\/sites\/111\/2023\/11\/0B6A7588_1920_1700757101.jpg\"><span class=\"x-image e339-e10 m9f-m\"><noscript><img decoding=\"async\" src=\"https:\/\/visitrauland.com\/renovest\/wp-content\/uploads\/sites\/111\/2023\/11\/Panorama_1920_1700757235.jpg\" width=\"960\" height=\"540\" alt=\"Resirkuleringscontainere p\u00e5 fjellet under en bl\u00e5 himmel med fjellandskap i bakgrunnen.\"><\/noscript><img decoding=\"async\" src=\"data:image\/svg+xml,%3Csvg%20xmlns%3D%22http%3A%2F%2Fwww.w3.org%2F2000%2Fsvg%22%20viewBox%3D%220%200%20960%20540%22%3E%3C%2Fsvg%3E\" width=\"960\" height=\"540\" alt=\"Resirkuleringscontainere p\u00e5 fjellet under en bl\u00e5 himmel med fjellandskap i bakgrunnen.\" data-src=\"https:\/\/visitrauland.com\/renovest\/wp-content\/uploads\/sites\/111\/2023\/11\/Panorama_1920_1700757235.jpg\" class=\" lazyload\"><\/span><\/div><\/div><\/div><div class=\"x-section e339-e11 m9f-0 m9f-2 m9f-4 m9f-5\"><div class=\"x-row e339-e12 m9f-o m9f-p m9f-q m9f-u overflow-scroll-title\"><div class=\"x-row-inner\"><div class=\"x-col e339-e13 m9f-z\"><div class=\"x-text x-text-headline e339-e14 m9f-i m9f-j m9f-k\"><div class=\"x-text-content\"><div class=\"x-text-content-text\"><h3 class=\"x-text-content-text-primary\">Siste nytt<\/h3>\n<\/div><\/div><\/div><\/div><\/div><\/div><div class=\"x-row e339-e19 m9f-o m9f-q m9f-r m9f-s m9f-v m9f-w overflow-scroll-wrapper\"><div class=\"x-row-inner\"><div class=\"x-col e339-e20 m9f-z overflow-scroll\" id=\"posts-1\"><div class=\"x-row e339-e21 m9f-o m9f-r m9f-t m9f-x overflow-scroll-posts\"><div class=\"x-row-inner\"><a class=\"x-col e339-e22 m9f-z m9f-10 m9f-12 m9f-7 m9f-8 overflow-scroll-post\" href=\"https:\/\/visitrauland.com\/renovest\/eigen-behaldar-til-farleg-avfall-og-smaelektronikk\/\"><figure class=\"x-div e339-e23 m9f-c m9f-d m9f-e m9f-f\"><span class=\"x-image e339-e24 m9f-m m9f-n\"><noscript><img decoding=\"async\" src=\"https:\/\/visitrauland.com\/renovest\/wp-content\/uploads\/sites\/111\/2023\/11\/IMG_6715_1920_1700758012.jpg\" width=\"960\" height=\"540\" alt=\"Featured image for \u201cEigen behaldar til farleg avfall og sm\u00e5elektronikk!\u201d\"><\/noscript><img decoding=\"async\" src=\"data:image\/svg+xml,%3Csvg%20xmlns%3D%22http%3A%2F%2Fwww.w3.org%2F2000%2Fsvg%22%20viewBox%3D%220%200%20960%20540%22%3E%3C%2Fsvg%3E\" width=\"960\" height=\"540\" alt=\"Featured image for \u201cEigen behaldar til farleg avfall og sm\u00e5elektronikk!\u201d\" data-src=\"https:\/\/visitrauland.com\/renovest\/wp-content\/uploads\/sites\/111\/2023\/11\/IMG_6715_1920_1700758012.jpg\" class=\" lazyload\"><\/span><\/figure><article class=\"x-div e339-e25 m9f-a m9f-d m9f-f m9f-g\"><div class=\"x-text x-text-headline e339-e26 m9f-j m9f-l m9f-7 m9f-9 max-2-lines force-inter\"><div class=\"x-text-content\"><div class=\"x-text-content-text\"><h2 class=\"x-text-content-text-primary\">Eigen behaldar til farleg avfall og sm\u00e5elektronikk!<\/h2>\n<\/div><\/div><\/div><div class=\"x-text x-content e339-e27 m9f-15 m9f-16\">Renovest tilbyr n\u00e5 eigen behaldar for oppbevaring av farleg avfall og sm\u00e5elektronikk for b\u00e5de hushaldsabonnentar og fritidsbonnentar! Denne kan du&hellip;<\/div><\/article><\/a><a class=\"x-col e339-e22 m9f-z m9f-10 m9f-12 m9f-7 m9f-8 overflow-scroll-post\" href=\"https:\/\/visitrauland.com\/renovest\/tips-til-sorteringsloysingar\/\"><figure class=\"x-div e339-e23 m9f-c m9f-d m9f-e m9f-f\"><span class=\"x-image e339-e24 m9f-m m9f-n\"><noscript><img decoding=\"async\" src=\"https:\/\/visitrauland.com\/renovest\/wp-content\/uploads\/sites\/111\/2023\/11\/IMG_6664_1920_1700758006.jpg\" width=\"960\" height=\"540\" alt=\"Featured image for \u201cTips til sorteringsl\u00f8ysingar\u201d\"><\/noscript><img decoding=\"async\" src=\"data:image\/svg+xml,%3Csvg%20xmlns%3D%22http%3A%2F%2Fwww.w3.org%2F2000%2Fsvg%22%20viewBox%3D%220%200%20960%20540%22%3E%3C%2Fsvg%3E\" width=\"960\" height=\"540\" alt=\"Featured image for \u201cTips til sorteringsl\u00f8ysingar\u201d\" data-src=\"https:\/\/visitrauland.com\/renovest\/wp-content\/uploads\/sites\/111\/2023\/11\/IMG_6664_1920_1700758006.jpg\" class=\" lazyload\"><\/span><\/figure><article class=\"x-div e339-e25 m9f-a m9f-d m9f-f m9f-g\"><div class=\"x-text x-text-headline e339-e26 m9f-j m9f-l m9f-7 m9f-9 max-2-lines force-inter\"><div class=\"x-text-content\"><div class=\"x-text-content-text\"><h2 class=\"x-text-content-text-primary\">Tips til sorteringsl\u00f8ysingar<\/h2>\n<\/div><\/div><\/div><div class=\"x-text x-content e339-e27 m9f-15 m9f-16\">Kastar du plastemballasje, matavfall, og enda verre;&nbsp;FARLEG AVFALL&nbsp;i restavfallsbehaldaren? Er det fordi du er usikker p\u00e5 kva som skal sorterast&hellip;<\/div><\/article><\/a><a class=\"x-col e339-e22 m9f-z m9f-10 m9f-12 m9f-7 m9f-8 overflow-scroll-post\" href=\"https:\/\/visitrauland.com\/renovest\/nytt-hyttereturpunkt-pa-rukkemo-aust-pa-rauland\/\"><figure class=\"x-div e339-e23 m9f-c m9f-d m9f-e m9f-f\"><span class=\"x-image e339-e24 m9f-m m9f-n\"><noscript><img decoding=\"async\" src=\"https:\/\/visitrauland.com\/renovest\/wp-content\/uploads\/sites\/111\/2023\/11\/Rukkemo-e1701177551818.png_1920_1701207087.jpg\" width=\"960\" height=\"540\" alt=\"Featured image for \u201cNytt hyttereturpunkt p\u00e5 Rukkemo Aust p\u00e5 Rauland\u201d\"><\/noscript><img decoding=\"async\" src=\"data:image\/svg+xml,%3Csvg%20xmlns%3D%22http%3A%2F%2Fwww.w3.org%2F2000%2Fsvg%22%20viewBox%3D%220%200%20960%20540%22%3E%3C%2Fsvg%3E\" width=\"960\" height=\"540\" alt=\"Featured image for \u201cNytt hyttereturpunkt p\u00e5 Rukkemo Aust p\u00e5 Rauland\u201d\" data-src=\"https:\/\/visitrauland.com\/renovest\/wp-content\/uploads\/sites\/111\/2023\/11\/Rukkemo-e1701177551818.png_1920_1701207087.jpg\" class=\" lazyload\"><\/span><\/figure><article class=\"x-div e339-e25 m9f-a m9f-d m9f-f m9f-g\"><div class=\"x-text x-text-headline e339-e26 m9f-j m9f-l m9f-7 m9f-9 max-2-lines force-inter\"><div class=\"x-text-content\"><div class=\"x-text-content-text\"><h2 class=\"x-text-content-text-primary\">Nytt hyttereturpunkt p\u00e5 Rukkemo Aust p\u00e5 Rauland<\/h2>\n<\/div><\/div><\/div><div class=\"x-text x-content e339-e27 m9f-15 m9f-16\">Renovest IKS har no etablera eit nytt hyttereturpunkt med full kjeldesortering p\u00e5 Rukkemo Aust p\u00e5 Rauland. Punktet ligg om lag&hellip;<\/div><\/article><\/a><a class=\"x-col e339-e22 m9f-z m9f-10 m9f-12 m9f-7 m9f-8 overflow-scroll-post\" href=\"https:\/\/visitrauland.com\/renovest\/renovest-hytterenovasjon-pa-rauland\/\"><figure class=\"x-div e339-e23 m9f-c m9f-d m9f-e m9f-f\"><span class=\"x-image e339-e24 m9f-m m9f-n\"><noscript><img decoding=\"async\" src=\"https:\/\/visitrauland.com\/renovest\/wp-content\/uploads\/sites\/111\/2023\/11\/Rukkemo-e1701177551818.png_1920_1701207087.jpg\" width=\"960\" height=\"540\" alt=\"Featured image for \u201cRenovest &#8211; hytterenovasjon p\u00e5 Rauland\u201d\"><\/noscript><img decoding=\"async\" src=\"data:image\/svg+xml,%3Csvg%20xmlns%3D%22http%3A%2F%2Fwww.w3.org%2F2000%2Fsvg%22%20viewBox%3D%220%200%20960%20540%22%3E%3C%2Fsvg%3E\" width=\"960\" height=\"540\" alt=\"Featured image for \u201cRenovest &#8211; hytterenovasjon p\u00e5 Rauland\u201d\" data-src=\"https:\/\/visitrauland.com\/renovest\/wp-content\/uploads\/sites\/111\/2023\/11\/Rukkemo-e1701177551818.png_1920_1701207087.jpg\" class=\" lazyload\"><\/span><\/figure><article class=\"x-div e339-e25 m9f-a m9f-d m9f-f m9f-g\"><div class=\"x-text x-text-headline e339-e26 m9f-j m9f-l m9f-7 m9f-9 max-2-lines force-inter\"><div class=\"x-text-content\"><div class=\"x-text-content-text\"><h2 class=\"x-text-content-text-primary\">Renovest &#8211; hytterenovasjon p\u00e5 Rauland<\/h2>\n<\/div><\/div><\/div><div class=\"x-text x-content e339-e27 m9f-15 m9f-16\">Avfall fr\u00e5 hytta sorterast p\u00e5 same m\u00e5te om vanleg hushaldningsavfall og bringast til eit av v\u00e5re hyttereturpunkt. Som hytteabonnent i&hellip;<\/div><\/article><\/a><\/div><\/div><\/div><div class=\"x-col e339-e28 m9f-z\"><div id=\"post-1-progress-bar\"><\/div><\/div><\/div><\/div><\/div><div class=\"x-section e339-e30 m9f-0 m9f-3 m9f-4 m9f-6\"><div class=\"x-bg\" aria-hidden=\"true\"><div class=\"x-bg-layer-lower-image\" data-x-element-bg-layer=\"{&quot;parallaxSize&quot;:&quot;150%&quot;,&quot;parallaxDir&quot;:&quot;v&quot;,&quot;parallaxRev&quot;:false}\"><\/div><\/div><div class=\"x-row x-container max width e339-e31 m9f-o m9f-q m9f-r m9f-s m9f-v m9f-y\"><div class=\"x-row-inner\"><div class=\"x-col e339-e32 m9f-z\"><\/div><\/div><\/div><\/div><\/div>\n","protected":false},"excerpt":{"rendered":"<p>Renovest Renovest er renovasjonsselskapet for alle i Vest-Telemark \u00bb Sj\u00e5 v\u00e5re opningstider for avfallsmottaka her Hytterenovasjon p\u00e5 Rauland Avfall fr\u00e5 hytta sorterast p\u00e5 same m\u00e5te om vanleg hushaldningsavfall og bringast til eit av v\u00e5re hyttereturpunkt. Som hytteabonnent i Fyresdal, Kviteseid, Seljord, Tokke eller Vinje st\u00e5r du fritt til \u00e5 nytte det returpunktet som passar deg best. Om lag halvparten av &#8230; <\/p>\n<div><a href=\"https:\/\/visitrauland.com\/renovest\/\" class=\"more-link\">Les Mer<\/a><\/div>\n","protected":false},"author":3,"featured_media":0,"parent":0,"menu_order":0,"comment_status":"closed","ping_status":"closed","template":"template-sites.php","meta":{"_relevanssi_hide_post":"","_relevanssi_hide_content":"","_relevanssi_pin_for_all":"","_relevanssi_pin_keywords":"","_relevanssi_unpin_keywords":"","_relevanssi_related_keywords":"","_relevanssi_related_include_ids":"","_relevanssi_related_exclude_ids":"","_relevanssi_related_no_append":"","_relevanssi_related_not_related":"","_relevanssi_related_posts":"1972,1956,1966,1961","_relevanssi_noindex_reason":"","seo_booster_metabox":"","footnotes":""},"class_list":["post-339","page","type-page","status-publish","hentry","no-post-thumbnail"],"yoast_head":"<!-- This site is optimized with the Yoast SEO plugin v27.2 - https:\/\/yoast.com\/product\/yoast-seo-wordpress\/ -->\n<title>Renovest - Visit Rauland<\/title>\n<meta name=\"description\" content=\"Renovasjonsselskapet for alle i Vest-Telemark.\" \/>\n<meta name=\"robots\" content=\"index, follow, max-snippet:-1, max-image-preview:large, max-video-preview:-1\" \/>\n<link rel=\"canonical\" href=\"https:\/\/visitrauland.com\/renovest\/\" \/>\n<meta property=\"og:locale\" content=\"nb_NO\" \/>\n<meta property=\"og:type\" content=\"article\" \/>\n<meta property=\"og:title\" content=\"Renovest - Visit Rauland\" \/>\n<meta property=\"og:description\" content=\"Renovasjonsselskapet for alle i Vest-Telemark.\" \/>\n<meta property=\"og:url\" content=\"https:\/\/visitrauland.com\/renovest\/\" \/>\n<meta property=\"og:site_name\" content=\"Renovest\" \/>\n<meta property=\"article:modified_time\" content=\"2026-02-12T13:58:04+00:00\" \/>\n<meta name=\"twitter:card\" content=\"summary_large_image\" \/>\n<meta name=\"twitter:label1\" content=\"Ansl. lesetid\" \/>\n\t<meta name=\"twitter:data1\" content=\"5 minutter\" \/>\n<script type=\"application\/ld+json\" class=\"yoast-schema-graph\">{\"@context\":\"https:\/\/schema.org\",\"@graph\":[{\"@type\":\"WebPage\",\"@id\":\"https:\/\/visitrauland.com\/renovest\/\",\"url\":\"https:\/\/visitrauland.com\/renovest\/\",\"name\":\"Renovest - Visit Rauland\",\"isPartOf\":{\"@id\":\"https:\/\/visitrauland.com\/renovest\/#website\"},\"datePublished\":\"2017-10-30T17:03:03+00:00\",\"dateModified\":\"2026-02-12T13:58:04+00:00\",\"description\":\"Renovasjonsselskapet for alle i Vest-Telemark.\",\"breadcrumb\":{\"@id\":\"https:\/\/visitrauland.com\/renovest\/#breadcrumb\"},\"inLanguage\":\"nb-NO\",\"potentialAction\":[{\"@type\":\"ReadAction\",\"target\":[\"https:\/\/visitrauland.com\/renovest\/\"]}]},{\"@type\":\"BreadcrumbList\",\"@id\":\"https:\/\/visitrauland.com\/renovest\/#breadcrumb\",\"itemListElement\":[{\"@type\":\"ListItem\",\"position\":1,\"name\":\"Hjem\",\"item\":\"https:\/\/visitrauland.com\/renovest\/\"},{\"@type\":\"ListItem\",\"position\":2,\"name\":\"Renovest\"}]},{\"@type\":\"WebSite\",\"@id\":\"https:\/\/visitrauland.com\/renovest\/#website\",\"url\":\"https:\/\/visitrauland.com\/renovest\/\",\"name\":\"Renovest\",\"description\":\"Slagord\",\"potentialAction\":[{\"@type\":\"SearchAction\",\"target\":{\"@type\":\"EntryPoint\",\"urlTemplate\":\"https:\/\/visitrauland.com\/renovest\/?s={search_term_string}\"},\"query-input\":{\"@type\":\"PropertyValueSpecification\",\"valueRequired\":true,\"valueName\":\"search_term_string\"}}],\"inLanguage\":\"nb-NO\"}]}<\/script>\n<!-- \/ Yoast SEO plugin. -->","yoast_head_json":{"title":"Renovest - Visit Rauland","description":"Renovasjonsselskapet for alle i Vest-Telemark.","robots":{"index":"index","follow":"follow","max-snippet":"max-snippet:-1","max-image-preview":"max-image-preview:large","max-video-preview":"max-video-preview:-1"},"canonical":"https:\/\/visitrauland.com\/renovest\/","og_locale":"nb_NO","og_type":"article","og_title":"Renovest - Visit Rauland","og_description":"Renovasjonsselskapet for alle i Vest-Telemark.","og_url":"https:\/\/visitrauland.com\/renovest\/","og_site_name":"Renovest","article_modified_time":"2026-02-12T13:58:04+00:00","twitter_card":"summary_large_image","twitter_misc":{"Ansl. lesetid":"5 minutter"},"schema":{"@context":"https:\/\/schema.org","@graph":[{"@type":"WebPage","@id":"https:\/\/visitrauland.com\/renovest\/","url":"https:\/\/visitrauland.com\/renovest\/","name":"Renovest - Visit Rauland","isPartOf":{"@id":"https:\/\/visitrauland.com\/renovest\/#website"},"datePublished":"2017-10-30T17:03:03+00:00","dateModified":"2026-02-12T13:58:04+00:00","description":"Renovasjonsselskapet for alle i Vest-Telemark.","breadcrumb":{"@id":"https:\/\/visitrauland.com\/renovest\/#breadcrumb"},"inLanguage":"nb-NO","potentialAction":[{"@type":"ReadAction","target":["https:\/\/visitrauland.com\/renovest\/"]}]},{"@type":"BreadcrumbList","@id":"https:\/\/visitrauland.com\/renovest\/#breadcrumb","itemListElement":[{"@type":"ListItem","position":1,"name":"Hjem","item":"https:\/\/visitrauland.com\/renovest\/"},{"@type":"ListItem","position":2,"name":"Renovest"}]},{"@type":"WebSite","@id":"https:\/\/visitrauland.com\/renovest\/#website","url":"https:\/\/visitrauland.com\/renovest\/","name":"Renovest","description":"Slagord","potentialAction":[{"@type":"SearchAction","target":{"@type":"EntryPoint","urlTemplate":"https:\/\/visitrauland.com\/renovest\/?s={search_term_string}"},"query-input":{"@type":"PropertyValueSpecification","valueRequired":true,"valueName":"search_term_string"}}],"inLanguage":"nb-NO"}]}},"_links":{"self":[{"href":"https:\/\/visitrauland.com\/renovest\/wp-json\/wp\/v2\/pages\/339","targetHints":{"allow":["GET"]}}],"collection":[{"href":"https:\/\/visitrauland.com\/renovest\/wp-json\/wp\/v2\/pages"}],"about":[{"href":"https:\/\/visitrauland.com\/renovest\/wp-json\/wp\/v2\/types\/page"}],"author":[{"embeddable":true,"href":"https:\/\/visitrauland.com\/renovest\/wp-json\/wp\/v2\/users\/3"}],"replies":[{"embeddable":true,"href":"https:\/\/visitrauland.com\/renovest\/wp-json\/wp\/v2\/comments?post=339"}],"version-history":[{"count":10,"href":"https:\/\/visitrauland.com\/renovest\/wp-json\/wp\/v2\/pages\/339\/revisions"}],"predecessor-version":[{"id":1995,"href":"https:\/\/visitrauland.com\/renovest\/wp-json\/wp\/v2\/pages\/339\/revisions\/1995"}],"wp:attachment":[{"href":"https:\/\/visitrauland.com\/renovest\/wp-json\/wp\/v2\/media?parent=339"}],"curies":[{"name":"wp","href":"https:\/\/api.w.org\/{rel}","templated":true}]}}