{"id":339,"date":"2017-10-30T18:03:03","date_gmt":"2017-10-30T17:03:03","guid":{"rendered":"https:\/\/visitrauland.com\/raulending\/?page_id=339"},"modified":"2026-01-09T14:38:34","modified_gmt":"2026-01-09T13:38:34","slug":"raulending","status":"publish","type":"page","link":"https:\/\/visitrauland.com\/raulending\/","title":{"rendered":"Raulending"},"content":{"rendered":"<div id=\"cs-content\" class=\"cs-content\"><\/div>\n","protected":false},"excerpt":{"rendered":"<p>Raulending Det er med stor glede me lanserar eit samarbeid med v\u00e5rt lokale Vinje Bryggeri. Resultatet er \u00f8let Raulending. Du har kanskje f\u00e5tt med deg&nbsp;diktkonkurransen me hadde tidlegare. Raulending blir \u00e5 f\u00e5 kj\u00f8pt hos Rauland Skisenter, Rauland H\u00f8gfjellshotell, Austb\u00f8 Hotell, Raulandsakademiet og Raulandstoga s\u00e5 lenge varelageret rekk. Lansering etter planen i slutten av november. Mer informasjon kommer n\u00e5r den er &#8230; <\/p>\n<div><a href=\"https:\/\/visitrauland.com\/raulending\/rauland-vinje-bryggeri-raulending\/\" class=\"more-link\">Les Mer<\/a><\/div>\n","protected":false},"author":3,"featured_media":0,"parent":0,"menu_order":0,"comment_status":"closed","ping_status":"closed","template":"template-sites.php","meta":{"_relevanssi_hide_post":"","_relevanssi_hide_content":"","_relevanssi_pin_for_all":"","_relevanssi_pin_keywords":"","_relevanssi_unpin_keywords":"","_relevanssi_related_keywords":"","_relevanssi_related_include_ids":"","_relevanssi_related_exclude_ids":"","_relevanssi_related_no_append":"","_relevanssi_related_not_related":"","_relevanssi_related_posts":"1946","_relevanssi_noindex_reason":"","seo_booster_metabox":"","footnotes":""},"class_list":["post-339","page","type-page","status-publish","hentry","no-post-thumbnail"],"yoast_head":"<!-- This site is optimized with the Yoast SEO plugin v27.5 - https:\/\/yoast.com\/product\/yoast-seo-wordpress\/ -->\n<title>Raulending - Raulending<\/title>\n<meta name=\"robots\" content=\"index, follow, max-snippet:-1, max-image-preview:large, max-video-preview:-1\" \/>\n<link rel=\"canonical\" href=\"https:\/\/visitrauland.com\/raulending\/\" \/>\n<meta property=\"og:locale\" content=\"nb_NO\" \/>\n<meta property=\"og:type\" content=\"article\" \/>\n<meta property=\"og:title\" content=\"Raulending - Raulending\" \/>\n<meta property=\"og:description\" content=\"Raulending Det er med stor glede me lanserar eit samarbeid med v\u00e5rt lokale Vinje Bryggeri. Resultatet er \u00f8let Raulending. Du har kanskje f\u00e5tt med deg&nbsp;diktkonkurransen me hadde tidlegare. Raulending blir \u00e5 f\u00e5 kj\u00f8pt hos Rauland Skisenter, Rauland H\u00f8gfjellshotell, Austb\u00f8 Hotell, Raulandsakademiet og Raulandstoga s\u00e5 lenge varelageret rekk. Lansering etter planen i slutten av november. Mer informasjon kommer n\u00e5r den er ... Les Mer\" \/>\n<meta property=\"og:url\" content=\"https:\/\/visitrauland.com\/raulending\/\" \/>\n<meta property=\"og:site_name\" content=\"Raulending\" \/>\n<meta property=\"article:modified_time\" content=\"2026-01-09T13:38:34+00:00\" \/>\n<meta name=\"twitter:card\" content=\"summary_large_image\" \/>\n<meta name=\"twitter:label1\" content=\"Ansl. lesetid\" \/>\n\t<meta name=\"twitter:data1\" content=\"5 minutter\" \/>\n<script type=\"application\/ld+json\" class=\"yoast-schema-graph\">{\"@context\":\"https:\\\/\\\/schema.org\",\"@graph\":[{\"@type\":\"WebPage\",\"@id\":\"https:\\\/\\\/visitrauland.com\\\/raulending\\\/\",\"url\":\"https:\\\/\\\/visitrauland.com\\\/raulending\\\/\",\"name\":\"Raulending - Raulending\",\"isPartOf\":{\"@id\":\"https:\\\/\\\/visitrauland.com\\\/raulending\\\/#website\"},\"datePublished\":\"2017-10-30T17:03:03+00:00\",\"dateModified\":\"2026-01-09T13:38:34+00:00\",\"breadcrumb\":{\"@id\":\"https:\\\/\\\/visitrauland.com\\\/raulending\\\/#breadcrumb\"},\"inLanguage\":\"nb-NO\",\"potentialAction\":[{\"@type\":\"ReadAction\",\"target\":[\"https:\\\/\\\/visitrauland.com\\\/raulending\\\/\"]}]},{\"@type\":\"BreadcrumbList\",\"@id\":\"https:\\\/\\\/visitrauland.com\\\/raulending\\\/#breadcrumb\",\"itemListElement\":[{\"@type\":\"ListItem\",\"position\":1,\"name\":\"Hjem\",\"item\":\"https:\\\/\\\/visitrauland.com\\\/raulending\\\/\"},{\"@type\":\"ListItem\",\"position\":2,\"name\":\"Raulending\"}]},{\"@type\":\"WebSite\",\"@id\":\"https:\\\/\\\/visitrauland.com\\\/raulending\\\/#website\",\"url\":\"https:\\\/\\\/visitrauland.com\\\/raulending\\\/\",\"name\":\"Raulending\",\"description\":\"Slagord\",\"potentialAction\":[{\"@type\":\"SearchAction\",\"target\":{\"@type\":\"EntryPoint\",\"urlTemplate\":\"https:\\\/\\\/visitrauland.com\\\/raulending\\\/?s={search_term_string}\"},\"query-input\":{\"@type\":\"PropertyValueSpecification\",\"valueRequired\":true,\"valueName\":\"search_term_string\"}}],\"inLanguage\":\"nb-NO\"}]}<\/script>\n<!-- \/ Yoast SEO plugin. -->","yoast_head_json":{"title":"Raulending - Raulending","robots":{"index":"index","follow":"follow","max-snippet":"max-snippet:-1","max-image-preview":"max-image-preview:large","max-video-preview":"max-video-preview:-1"},"canonical":"https:\/\/visitrauland.com\/raulending\/","og_locale":"nb_NO","og_type":"article","og_title":"Raulending - Raulending","og_description":"Raulending Det er med stor glede me lanserar eit samarbeid med v\u00e5rt lokale Vinje Bryggeri. Resultatet er \u00f8let Raulending. Du har kanskje f\u00e5tt med deg&nbsp;diktkonkurransen me hadde tidlegare. Raulending blir \u00e5 f\u00e5 kj\u00f8pt hos Rauland Skisenter, Rauland H\u00f8gfjellshotell, Austb\u00f8 Hotell, Raulandsakademiet og Raulandstoga s\u00e5 lenge varelageret rekk. Lansering etter planen i slutten av november. Mer informasjon kommer n\u00e5r den er ... Les Mer","og_url":"https:\/\/visitrauland.com\/raulending\/","og_site_name":"Raulending","article_modified_time":"2026-01-09T13:38:34+00:00","twitter_card":"summary_large_image","twitter_misc":{"Ansl. lesetid":"5 minutter"},"schema":{"@context":"https:\/\/schema.org","@graph":[{"@type":"WebPage","@id":"https:\/\/visitrauland.com\/raulending\/","url":"https:\/\/visitrauland.com\/raulending\/","name":"Raulending - Raulending","isPartOf":{"@id":"https:\/\/visitrauland.com\/raulending\/#website"},"datePublished":"2017-10-30T17:03:03+00:00","dateModified":"2026-01-09T13:38:34+00:00","breadcrumb":{"@id":"https:\/\/visitrauland.com\/raulending\/#breadcrumb"},"inLanguage":"nb-NO","potentialAction":[{"@type":"ReadAction","target":["https:\/\/visitrauland.com\/raulending\/"]}]},{"@type":"BreadcrumbList","@id":"https:\/\/visitrauland.com\/raulending\/#breadcrumb","itemListElement":[{"@type":"ListItem","position":1,"name":"Hjem","item":"https:\/\/visitrauland.com\/raulending\/"},{"@type":"ListItem","position":2,"name":"Raulending"}]},{"@type":"WebSite","@id":"https:\/\/visitrauland.com\/raulending\/#website","url":"https:\/\/visitrauland.com\/raulending\/","name":"Raulending","description":"Slagord","potentialAction":[{"@type":"SearchAction","target":{"@type":"EntryPoint","urlTemplate":"https:\/\/visitrauland.com\/raulending\/?s={search_term_string}"},"query-input":{"@type":"PropertyValueSpecification","valueRequired":true,"valueName":"search_term_string"}}],"inLanguage":"nb-NO"}]}},"_links":{"self":[{"href":"https:\/\/visitrauland.com\/raulending\/wp-json\/wp\/v2\/pages\/339","targetHints":{"allow":["GET"]}}],"collection":[{"href":"https:\/\/visitrauland.com\/raulending\/wp-json\/wp\/v2\/pages"}],"about":[{"href":"https:\/\/visitrauland.com\/raulending\/wp-json\/wp\/v2\/types\/page"}],"author":[{"embeddable":true,"href":"https:\/\/visitrauland.com\/raulending\/wp-json\/wp\/v2\/users\/3"}],"replies":[{"embeddable":true,"href":"https:\/\/visitrauland.com\/raulending\/wp-json\/wp\/v2\/comments?post=339"}],"version-history":[{"count":8,"href":"https:\/\/visitrauland.com\/raulending\/wp-json\/wp\/v2\/pages\/339\/revisions"}],"predecessor-version":[{"id":1945,"href":"https:\/\/visitrauland.com\/raulending\/wp-json\/wp\/v2\/pages\/339\/revisions\/1945"}],"wp:attachment":[{"href":"https:\/\/visitrauland.com\/raulending\/wp-json\/wp\/v2\/media?parent=339"}],"curies":[{"name":"wp","href":"https:\/\/api.w.org\/{rel}","templated":true}]}}