{"id":339,"date":"2017-10-30T18:03:03","date_gmt":"2017-10-30T18:03:03","guid":{"rendered":"https:\/\/visitrauland.com\/raulandstoga\/?page_id=339"},"modified":"2026-02-11T14:48:36","modified_gmt":"2026-02-11T13:48:36","slug":"subpage-demo","status":"publish","type":"page","link":"https:\/\/visitrauland.com\/raulandstoga\/","title":{"rendered":"Raulandstoga"},"content":{"rendered":"<div id=\"cs-content\" class=\"cs-content\"><div class=\"x-section e339-e1 m9f-0 m9f-1 m9f-2 m9f-3 hero-2026\"><div class=\"x-bg\" aria-hidden=\"true\"><div class=\"x-bg-layer-lower-image\"><\/div><div class=\"x-bg-layer-upper-color\"><\/div><\/div><div class=\"x-div e339-e2 m9f-c m9f-d m9f-e m9f-f m9f-g\"><div class=\"x-text x-text-headline e339-e3 m9f-l m9f-m m9f-n m9f-o m9f-p m9f-q\"><div class=\"x-text-content\"><div class=\"x-text-content-text\"><h1 class=\"x-text-content-text-primary\">Velkommen til Raulandstoga<\/h1>\n<\/div><\/div><\/div><\/div><\/div><div id=\"x-section-1\" class=\"x-section text-24px underhero-text\" style=\"margin: 0px;padding: 45px 0px; background-color: transparent;\"><div id class=\"x-container max width\" style=\"margin: 0px auto;padding: 0px;\"><div class=\"x-column x-sm x-1-2\" style=\"padding: 0px;\"><div id class=\"x-text\" style><p>Raulandstoga er et spisested i Rauland sentrum og kan tilby god, hjemmelaget mat til de fleste anledninger.<\/p>\n<p>Menyene inneholder innslag av lokale r\u00e5varer hele \u00e5ret.<\/p>\n<p><a href=\"https:\/\/visitrauland.com\/raulandstoga\/meny-raulandstoga-2024\/\"><strong>Se v\u00e5re menyer her<\/strong><\/a><br>\n<a href=\"https:\/\/www.facebook.com\/Raulandstoga\/?locale=nb_NO\"><strong>F\u00f8lg oss p\u00e5 Facebook<\/strong><\/a><\/p>\n<\/div><\/div><div class=\"x-column x-sm x-1-2\" style=\"padding: 0px;\"><div id class=\"x-text\" style><p><noscript><img decoding=\"async\" src=\"https:\/\/visitrauland.com\/raulandstoga\/wp-content\/uploads\/sites\/43\/2021\/07\/5B8A2156.jpg\" alt=\"Skilt av treverk med teksten Stoga delvis skjult av en parasoll, blomster i forgrunnen.\" width=\"1920\" height=\"1080\" class=\"alignnone size-full wp-image-1916\" srcset=\"https:\/\/visitrauland.com\/raulandstoga\/wp-content\/uploads\/sites\/43\/2021\/07\/5B8A2156.jpg 1920w, https:\/\/visitrauland.com\/raulandstoga\/wp-content\/uploads\/sites\/43\/2021\/07\/5B8A2156-300x169.jpg 300w, https:\/\/visitrauland.com\/raulandstoga\/wp-content\/uploads\/sites\/43\/2021\/07\/5B8A2156-1024x576.jpg 1024w, https:\/\/visitrauland.com\/raulandstoga\/wp-content\/uploads\/sites\/43\/2021\/07\/5B8A2156-768x432.jpg 768w, https:\/\/visitrauland.com\/raulandstoga\/wp-content\/uploads\/sites\/43\/2021\/07\/5B8A2156-1536x864.jpg 1536w, https:\/\/visitrauland.com\/raulandstoga\/wp-content\/uploads\/sites\/43\/2021\/07\/5B8A2156-500x281.jpg 500w, https:\/\/visitrauland.com\/raulandstoga\/wp-content\/uploads\/sites\/43\/2021\/07\/5B8A2156-100x56.jpg 100w, https:\/\/visitrauland.com\/raulandstoga\/wp-content\/uploads\/sites\/43\/2021\/07\/5B8A2156-862x485.jpg 862w, https:\/\/visitrauland.com\/raulandstoga\/wp-content\/uploads\/sites\/43\/2021\/07\/5B8A2156-1200x675.jpg 1200w\" sizes=\"(max-width: 1920px) 100vw, 1920px\"><\/noscript><img decoding=\"async\" src=\"data:image\/svg+xml,%3Csvg%20xmlns%3D%22http%3A%2F%2Fwww.w3.org%2F2000%2Fsvg%22%20viewBox%3D%220%200%201920%201080%22%3E%3C%2Fsvg%3E\" alt=\"Skilt av treverk med teksten Stoga delvis skjult av en parasoll, blomster i forgrunnen.\" width=\"1920\" height=\"1080\" class=\"alignnone size-full wp-image-1916 lazyload\" srcset=\"data:image\/svg+xml,%3Csvg%20xmlns%3D%22http%3A%2F%2Fwww.w3.org%2F2000%2Fsvg%22%20viewBox%3D%220%200%201920%201080%22%3E%3C%2Fsvg%3E 1920w\" sizes=\"(max-width: 1920px) 100vw, 1920px\" data-srcset=\"https:\/\/visitrauland.com\/raulandstoga\/wp-content\/uploads\/sites\/43\/2021\/07\/5B8A2156.jpg 1920w, https:\/\/visitrauland.com\/raulandstoga\/wp-content\/uploads\/sites\/43\/2021\/07\/5B8A2156-300x169.jpg 300w, https:\/\/visitrauland.com\/raulandstoga\/wp-content\/uploads\/sites\/43\/2021\/07\/5B8A2156-1024x576.jpg 1024w, https:\/\/visitrauland.com\/raulandstoga\/wp-content\/uploads\/sites\/43\/2021\/07\/5B8A2156-768x432.jpg 768w, https:\/\/visitrauland.com\/raulandstoga\/wp-content\/uploads\/sites\/43\/2021\/07\/5B8A2156-1536x864.jpg 1536w, https:\/\/visitrauland.com\/raulandstoga\/wp-content\/uploads\/sites\/43\/2021\/07\/5B8A2156-500x281.jpg 500w, https:\/\/visitrauland.com\/raulandstoga\/wp-content\/uploads\/sites\/43\/2021\/07\/5B8A2156-100x56.jpg 100w, https:\/\/visitrauland.com\/raulandstoga\/wp-content\/uploads\/sites\/43\/2021\/07\/5B8A2156-862x485.jpg 862w, https:\/\/visitrauland.com\/raulandstoga\/wp-content\/uploads\/sites\/43\/2021\/07\/5B8A2156-1200x675.jpg 1200w\" data-src=\"https:\/\/visitrauland.com\/raulandstoga\/wp-content\/uploads\/sites\/43\/2021\/07\/5B8A2156.jpg\"><\/p>\n<p><span>Vi vurderer \u00e5 selge Raulandstoga. I denne forbindelse vil v\u00e5re \u00e5pningstider fremover kunne avvike. Sjekk derfor v\u00e5re \u00e5pningstider p\u00e5 Google, der er st\u00f8rre endringer i \u00e5pningstidene alltid oppdatert!<\/span><\/p>\n<p>Telefon: 47 71 77 49<br>\nE-post: <a href=\"mailto:stoga@online.no\">stoga@online.no<\/a><\/p>\n<\/div><\/div><\/div><\/div><div class=\"x-section e339-e10 m9f-0 m9f-4 m9f-5 m9f-6\"><div class=\"x-row x-container max width e339-e11 m9f-w m9f-x m9f-y m9f-z m9f-12 m9f-13\"><div class=\"x-row-inner\"><div class=\"x-col e339-e12 m9f-17\"><span class=\"x-image e339-e13 m9f-1b\"><noscript><img decoding=\"async\" src=\"https:\/\/visitrauland.com\/raulandstoga\/wp-content\/uploads\/sites\/43\/2024\/11\/IMG_4736_1920_1730985260.jpg\" width=\"960\" height=\"540\" alt=\"Kj\u00f8ttfat med spekeskinke, salami, flatbr\u00f8d og gr\u00f8t med sm\u00f8r serveres p\u00e5 tallerken, dekorert med persille.\"><\/noscript><img decoding=\"async\" src=\"data:image\/svg+xml,%3Csvg%20xmlns%3D%22http%3A%2F%2Fwww.w3.org%2F2000%2Fsvg%22%20viewBox%3D%220%200%20960%20540%22%3E%3C%2Fsvg%3E\" width=\"960\" height=\"540\" alt=\"Kj\u00f8ttfat med spekeskinke, salami, flatbr\u00f8d og gr\u00f8t med sm\u00f8r serveres p\u00e5 tallerken, dekorert med persille.\" data-src=\"https:\/\/visitrauland.com\/raulandstoga\/wp-content\/uploads\/sites\/43\/2024\/11\/IMG_4736_1920_1730985260.jpg\" class=\" lazyload\"><\/span><\/div><div class=\"x-col e339-e14 m9f-17\"><span class=\"x-image e339-e15 m9f-1b\"><noscript><img decoding=\"async\" src=\"https:\/\/visitrauland.com\/raulandstoga\/wp-content\/uploads\/sites\/43\/2024\/11\/IMG_4845_1920_1730985263.jpg\" width=\"960\" height=\"540\" alt=\"Dessert i glass med bringeb\u00e6r, krem, og mynte, servert p\u00e5 middagstallerken. Perfekt for spesielle anledninger.\"><\/noscript><img decoding=\"async\" src=\"data:image\/svg+xml,%3Csvg%20xmlns%3D%22http%3A%2F%2Fwww.w3.org%2F2000%2Fsvg%22%20viewBox%3D%220%200%20960%20540%22%3E%3C%2Fsvg%3E\" width=\"960\" height=\"540\" alt=\"Dessert i glass med bringeb\u00e6r, krem, og mynte, servert p\u00e5 middagstallerken. Perfekt for spesielle anledninger.\" data-src=\"https:\/\/visitrauland.com\/raulandstoga\/wp-content\/uploads\/sites\/43\/2024\/11\/IMG_4845_1920_1730985263.jpg\" class=\" lazyload\"><\/span><\/div><\/div><\/div><\/div><div class=\"x-section e339-e16 m9f-0 m9f-2 m9f-4 m9f-6 m9f-7\"><div class=\"x-row e339-e17 m9f-w m9f-y m9f-10 m9f-14 overflow-scroll-title\"><div class=\"x-row-inner\"><div class=\"x-col e339-e18 m9f-17\"><div class=\"x-text x-text-headline e339-e19 m9f-m m9f-n m9f-o m9f-r\"><div class=\"x-text-content\"><div class=\"x-text-content-text\"><h3 class=\"x-text-content-text-primary\">Siste nytt<\/h3>\n<\/div><\/div><\/div><\/div><\/div><\/div><div class=\"x-row e339-e24 m9f-w m9f-x m9f-y m9f-z m9f-12 m9f-15 overflow-scroll-wrapper\"><div class=\"x-row-inner\"><div class=\"x-col e339-e25 m9f-17 overflow-scroll\" id=\"posts-1\"><div class=\"x-row e339-e26 m9f-w m9f-x m9f-11 m9f-16 overflow-scroll-posts\"><div class=\"x-row-inner\"><a class=\"x-col e339-e27 m9f-17 m9f-18 m9f-1a m9f-9 m9f-a overflow-scroll-post\" href=\"https:\/\/visitrauland.com\/raulandstoga\/lokalmat-pa-raulandstoga\/\"><figure class=\"x-div e339-e28 m9f-e m9f-f m9f-h m9f-i\"><span class=\"x-image e339-e29 m9f-1b m9f-1c\"><noscript><img decoding=\"async\" src=\"https:\/\/visitrauland.com\/raulandstoga\/wp-content\/uploads\/sites\/43\/2018\/01\/raulandstoga.jpg\" width=\"960\" height=\"540\" alt=\"Featured image for \u201cLokalmat p\u00e5 Raulandstoga\u201d\"><\/noscript><img decoding=\"async\" src=\"data:image\/svg+xml,%3Csvg%20xmlns%3D%22http%3A%2F%2Fwww.w3.org%2F2000%2Fsvg%22%20viewBox%3D%220%200%20960%20540%22%3E%3C%2Fsvg%3E\" width=\"960\" height=\"540\" alt=\"Featured image for \u201cLokalmat p\u00e5 Raulandstoga\u201d\" data-src=\"https:\/\/visitrauland.com\/raulandstoga\/wp-content\/uploads\/sites\/43\/2018\/01\/raulandstoga.jpg\" class=\" lazyload\"><\/span><\/figure><article class=\"x-div e339-e30 m9f-c m9f-f m9f-i m9f-j\"><div class=\"x-text x-text-headline e339-e31 m9f-n m9f-s m9f-t m9f-9 m9f-b max-2-lines force-inter\"><div class=\"x-text-content\"><div class=\"x-text-content-text\"><h2 class=\"x-text-content-text-primary\">Lokalmat p\u00e5 Raulandstoga<\/h2>\n<\/div><\/div><\/div><div class=\"x-text x-content e339-e32 m9f-1f m9f-1g\">Raulandstoga er et spisested i Rauland sentrum og tilbyr god, hjemmelaget mat til de fleste anledninger.\u2026<\/div><\/article><\/a><a class=\"x-col e339-e27 m9f-17 m9f-18 m9f-1a m9f-9 m9f-a overflow-scroll-post\" href=\"https:\/\/visitrauland.com\/raulandstoga\/meny-raulandstoga-2\/\"><figure class=\"x-div e339-e28 m9f-e m9f-f m9f-h m9f-i\"><span class=\"x-image e339-e29 m9f-1b m9f-1c\"><noscript><img decoding=\"async\" src=\"https:\/\/visitrauland.com\/raulandstoga\/wp-content\/uploads\/sites\/43\/2019\/01\/stoga-2-900.jpg\" width=\"450\" height=\"253\" alt=\"Featured image for \u201cMeny Raulandstoga\u201d\"><\/noscript><img decoding=\"async\" src=\"data:image\/svg+xml,%3Csvg%20xmlns%3D%22http%3A%2F%2Fwww.w3.org%2F2000%2Fsvg%22%20viewBox%3D%220%200%20450%20253%22%3E%3C%2Fsvg%3E\" width=\"450\" height=\"253\" alt=\"Featured image for \u201cMeny Raulandstoga\u201d\" data-src=\"https:\/\/visitrauland.com\/raulandstoga\/wp-content\/uploads\/sites\/43\/2019\/01\/stoga-2-900.jpg\" class=\" lazyload\"><\/span><\/figure><article class=\"x-div e339-e30 m9f-c m9f-f m9f-i m9f-j\"><div class=\"x-text x-text-headline e339-e31 m9f-n m9f-s m9f-t m9f-9 m9f-b max-2-lines force-inter\"><div class=\"x-text-content\"><div class=\"x-text-content-text\"><h2 class=\"x-text-content-text-primary\">Meny Raulandstoga<\/h2>\n<\/div><\/div><\/div><div class=\"x-text x-content e339-e32 m9f-1f m9f-1g\">Lunsj og middag Koldtbord \u2013 ta med Burgere og s\u00e5nt \u2013 ta med Gryteretter og supper \u2013 ta med Pizzameny\u2026<\/div><\/article><\/a><\/div><\/div><\/div><div class=\"x-col e339-e33 m9f-17\"><div id=\"post-1-progress-bar\"><\/div><\/div><\/div><\/div><\/div><div class=\"x-section e339-e35 m9f-0 m9f-2 m9f-3 m9f-4 m9f-8 hero-2026\"><div class=\"x-bg\" aria-hidden=\"true\"><div class=\"x-bg-layer-lower-image\"><\/div><div class=\"x-bg-layer-upper-color\"><\/div><\/div><div class=\"x-div e339-e36 m9f-c m9f-d m9f-e m9f-f m9f-k\"><div class=\"x-text x-text-headline e339-e37 m9f-l m9f-m m9f-n m9f-o m9f-p m9f-u\"><div class=\"x-text-content\"><div class=\"x-text-content-text\"><h2 class=\"x-text-content-text-primary\">Raulandstoga<\/h2>\n<\/div><\/div><\/div><div class=\"x-text x-text-headline e339-e38 m9f-l m9f-m m9f-n m9f-t m9f-u m9f-v\"><div class=\"x-text-content\"><div class=\"x-text-content-text\"><span class=\"x-text-content-text-primary\">Generelt benytter vi oss av lokale r\u00e5varer n\u00e5r disse er tilgjengelige \u2013 blant annet vilt fra lokale jegere og sopp, b\u00e6r, fisk og bakst fra lokale tradisjonsb\u00e6rere. For oss er det aller viktigste at mesteparten av maten er laget av gode r\u00e5varer fra bunnen av!<\/span>\n<\/div><\/div><\/div><\/div><\/div><\/div>\n","protected":false},"excerpt":{"rendered":"<p>Velkommen til Raulandstoga Raulandstoga er et spisested i Rauland sentrum og kan tilby god, hjemmelaget mat til de fleste anledninger. Menyene inneholder innslag av lokale r\u00e5varer hele \u00e5ret. Se v\u00e5re menyer her F\u00f8lg oss p\u00e5 Facebook Vi vurderer \u00e5 selge Raulandstoga. I denne forbindelse vil v\u00e5re \u00e5pningstider fremover kunne avvike. Sjekk derfor v\u00e5re \u00e5pningstider p\u00e5 Google, der er st\u00f8rre endringer &#8230; <\/p>\n<div><a href=\"https:\/\/visitrauland.com\/raulandstoga\/\" class=\"more-link\">Les Mer<\/a><\/div>\n","protected":false},"author":3,"featured_media":0,"parent":0,"menu_order":0,"comment_status":"closed","ping_status":"closed","template":"template-sites.php","meta":{"_relevanssi_hide_post":"","_relevanssi_hide_content":"","_relevanssi_pin_for_all":"","_relevanssi_pin_keywords":"","_relevanssi_unpin_keywords":"","_relevanssi_related_keywords":"","_relevanssi_related_include_ids":"","_relevanssi_related_exclude_ids":"","_relevanssi_related_no_append":"","_relevanssi_related_not_related":"","_relevanssi_related_posts":"1841,1869,1897,1","_relevanssi_noindex_reason":"","seo_booster_metabox":"","footnotes":""},"class_list":["post-339","page","type-page","status-publish","hentry","no-post-thumbnail"],"yoast_head":"<!-- This site is optimized with the Yoast SEO plugin v27.2 - https:\/\/yoast.com\/product\/yoast-seo-wordpress\/ -->\n<title>Raulandstoga - Raulandstoga<\/title>\n<meta name=\"robots\" content=\"index, follow, max-snippet:-1, max-image-preview:large, max-video-preview:-1\" \/>\n<link rel=\"canonical\" href=\"https:\/\/visitrauland.com\/raulandstoga\/\" \/>\n<meta property=\"og:locale\" content=\"nb_NO\" \/>\n<meta property=\"og:type\" content=\"article\" \/>\n<meta property=\"og:title\" content=\"Raulandstoga - Raulandstoga\" \/>\n<meta property=\"og:description\" content=\"Velkommen til Raulandstoga Raulandstoga er et spisested i Rauland sentrum og kan tilby god, hjemmelaget mat til de fleste anledninger. Menyene inneholder innslag av lokale r\u00e5varer hele \u00e5ret. Se v\u00e5re menyer her F\u00f8lg oss p\u00e5 Facebook Vi vurderer \u00e5 selge Raulandstoga. I denne forbindelse vil v\u00e5re \u00e5pningstider fremover kunne avvike. Sjekk derfor v\u00e5re \u00e5pningstider p\u00e5 Google, der er st\u00f8rre endringer ... Les Mer\" \/>\n<meta property=\"og:url\" content=\"https:\/\/visitrauland.com\/raulandstoga\/\" \/>\n<meta property=\"og:site_name\" content=\"Raulandstoga\" \/>\n<meta property=\"article:modified_time\" content=\"2026-02-11T13:48:36+00:00\" \/>\n<meta property=\"og:image\" content=\"https:\/\/visitrauland.com\/raulandstoga\/wp-content\/uploads\/sites\/43\/2021\/07\/5B8A2156.jpg\" \/>\n\t<meta property=\"og:image:width\" content=\"1920\" \/>\n\t<meta property=\"og:image:height\" content=\"1080\" \/>\n\t<meta property=\"og:image:type\" content=\"image\/jpeg\" \/>\n<meta name=\"twitter:card\" content=\"summary_large_image\" \/>\n<meta name=\"twitter:label1\" content=\"Ansl. lesetid\" \/>\n\t<meta name=\"twitter:data1\" content=\"5 minutter\" \/>\n<script type=\"application\/ld+json\" class=\"yoast-schema-graph\">{\"@context\":\"https:\/\/schema.org\",\"@graph\":[{\"@type\":\"WebPage\",\"@id\":\"https:\/\/visitrauland.com\/raulandstoga\/\",\"url\":\"https:\/\/visitrauland.com\/raulandstoga\/\",\"name\":\"Raulandstoga - Raulandstoga\",\"isPartOf\":{\"@id\":\"https:\/\/visitrauland.com\/raulandstoga\/#website\"},\"primaryImageOfPage\":{\"@id\":\"https:\/\/visitrauland.com\/raulandstoga\/#primaryimage\"},\"image\":{\"@id\":\"https:\/\/visitrauland.com\/raulandstoga\/#primaryimage\"},\"thumbnailUrl\":\"https:\/\/visitrauland.com\/raulandstoga\/wp-content\/uploads\/sites\/43\/2021\/07\/5B8A2156.jpg\",\"datePublished\":\"2017-10-30T18:03:03+00:00\",\"dateModified\":\"2026-02-11T13:48:36+00:00\",\"breadcrumb\":{\"@id\":\"https:\/\/visitrauland.com\/raulandstoga\/#breadcrumb\"},\"inLanguage\":\"nb-NO\",\"potentialAction\":[{\"@type\":\"ReadAction\",\"target\":[\"https:\/\/visitrauland.com\/raulandstoga\/\"]}]},{\"@type\":\"ImageObject\",\"inLanguage\":\"nb-NO\",\"@id\":\"https:\/\/visitrauland.com\/raulandstoga\/#primaryimage\",\"url\":\"https:\/\/visitrauland.com\/raulandstoga\/wp-content\/uploads\/sites\/43\/2021\/07\/5B8A2156.jpg\",\"contentUrl\":\"https:\/\/visitrauland.com\/raulandstoga\/wp-content\/uploads\/sites\/43\/2021\/07\/5B8A2156.jpg\",\"width\":1920,\"height\":1080,\"caption\":\"Skilt av treverk med teksten Stoga delvis skjult av en parasoll, blomster i forgrunnen.\"},{\"@type\":\"BreadcrumbList\",\"@id\":\"https:\/\/visitrauland.com\/raulandstoga\/#breadcrumb\",\"itemListElement\":[{\"@type\":\"ListItem\",\"position\":1,\"name\":\"Hjem\",\"item\":\"https:\/\/visitrauland.com\/raulandstoga\/\"},{\"@type\":\"ListItem\",\"position\":2,\"name\":\"Raulandstoga\"}]},{\"@type\":\"WebSite\",\"@id\":\"https:\/\/visitrauland.com\/raulandstoga\/#website\",\"url\":\"https:\/\/visitrauland.com\/raulandstoga\/\",\"name\":\"Raulandstoga\",\"description\":\"Raulandstoga i Rauland\",\"potentialAction\":[{\"@type\":\"SearchAction\",\"target\":{\"@type\":\"EntryPoint\",\"urlTemplate\":\"https:\/\/visitrauland.com\/raulandstoga\/?s={search_term_string}\"},\"query-input\":{\"@type\":\"PropertyValueSpecification\",\"valueRequired\":true,\"valueName\":\"search_term_string\"}}],\"inLanguage\":\"nb-NO\"}]}<\/script>\n<!-- \/ Yoast SEO plugin. -->","yoast_head_json":{"title":"Raulandstoga - Raulandstoga","robots":{"index":"index","follow":"follow","max-snippet":"max-snippet:-1","max-image-preview":"max-image-preview:large","max-video-preview":"max-video-preview:-1"},"canonical":"https:\/\/visitrauland.com\/raulandstoga\/","og_locale":"nb_NO","og_type":"article","og_title":"Raulandstoga - Raulandstoga","og_description":"Velkommen til Raulandstoga Raulandstoga er et spisested i Rauland sentrum og kan tilby god, hjemmelaget mat til de fleste anledninger. Menyene inneholder innslag av lokale r\u00e5varer hele \u00e5ret. Se v\u00e5re menyer her F\u00f8lg oss p\u00e5 Facebook Vi vurderer \u00e5 selge Raulandstoga. I denne forbindelse vil v\u00e5re \u00e5pningstider fremover kunne avvike. Sjekk derfor v\u00e5re \u00e5pningstider p\u00e5 Google, der er st\u00f8rre endringer ... Les Mer","og_url":"https:\/\/visitrauland.com\/raulandstoga\/","og_site_name":"Raulandstoga","article_modified_time":"2026-02-11T13:48:36+00:00","og_image":[{"width":1920,"height":1080,"url":"https:\/\/visitrauland.com\/raulandstoga\/wp-content\/uploads\/sites\/43\/2021\/07\/5B8A2156.jpg","type":"image\/jpeg"}],"twitter_card":"summary_large_image","twitter_misc":{"Ansl. lesetid":"5 minutter"},"schema":{"@context":"https:\/\/schema.org","@graph":[{"@type":"WebPage","@id":"https:\/\/visitrauland.com\/raulandstoga\/","url":"https:\/\/visitrauland.com\/raulandstoga\/","name":"Raulandstoga - Raulandstoga","isPartOf":{"@id":"https:\/\/visitrauland.com\/raulandstoga\/#website"},"primaryImageOfPage":{"@id":"https:\/\/visitrauland.com\/raulandstoga\/#primaryimage"},"image":{"@id":"https:\/\/visitrauland.com\/raulandstoga\/#primaryimage"},"thumbnailUrl":"https:\/\/visitrauland.com\/raulandstoga\/wp-content\/uploads\/sites\/43\/2021\/07\/5B8A2156.jpg","datePublished":"2017-10-30T18:03:03+00:00","dateModified":"2026-02-11T13:48:36+00:00","breadcrumb":{"@id":"https:\/\/visitrauland.com\/raulandstoga\/#breadcrumb"},"inLanguage":"nb-NO","potentialAction":[{"@type":"ReadAction","target":["https:\/\/visitrauland.com\/raulandstoga\/"]}]},{"@type":"ImageObject","inLanguage":"nb-NO","@id":"https:\/\/visitrauland.com\/raulandstoga\/#primaryimage","url":"https:\/\/visitrauland.com\/raulandstoga\/wp-content\/uploads\/sites\/43\/2021\/07\/5B8A2156.jpg","contentUrl":"https:\/\/visitrauland.com\/raulandstoga\/wp-content\/uploads\/sites\/43\/2021\/07\/5B8A2156.jpg","width":1920,"height":1080,"caption":"Skilt av treverk med teksten Stoga delvis skjult av en parasoll, blomster i forgrunnen."},{"@type":"BreadcrumbList","@id":"https:\/\/visitrauland.com\/raulandstoga\/#breadcrumb","itemListElement":[{"@type":"ListItem","position":1,"name":"Hjem","item":"https:\/\/visitrauland.com\/raulandstoga\/"},{"@type":"ListItem","position":2,"name":"Raulandstoga"}]},{"@type":"WebSite","@id":"https:\/\/visitrauland.com\/raulandstoga\/#website","url":"https:\/\/visitrauland.com\/raulandstoga\/","name":"Raulandstoga","description":"Raulandstoga i Rauland","potentialAction":[{"@type":"SearchAction","target":{"@type":"EntryPoint","urlTemplate":"https:\/\/visitrauland.com\/raulandstoga\/?s={search_term_string}"},"query-input":{"@type":"PropertyValueSpecification","valueRequired":true,"valueName":"search_term_string"}}],"inLanguage":"nb-NO"}]}},"_links":{"self":[{"href":"https:\/\/visitrauland.com\/raulandstoga\/wp-json\/wp\/v2\/pages\/339","targetHints":{"allow":["GET"]}}],"collection":[{"href":"https:\/\/visitrauland.com\/raulandstoga\/wp-json\/wp\/v2\/pages"}],"about":[{"href":"https:\/\/visitrauland.com\/raulandstoga\/wp-json\/wp\/v2\/types\/page"}],"author":[{"embeddable":true,"href":"https:\/\/visitrauland.com\/raulandstoga\/wp-json\/wp\/v2\/users\/3"}],"replies":[{"embeddable":true,"href":"https:\/\/visitrauland.com\/raulandstoga\/wp-json\/wp\/v2\/comments?post=339"}],"version-history":[{"count":19,"href":"https:\/\/visitrauland.com\/raulandstoga\/wp-json\/wp\/v2\/pages\/339\/revisions"}],"predecessor-version":[{"id":2163,"href":"https:\/\/visitrauland.com\/raulandstoga\/wp-json\/wp\/v2\/pages\/339\/revisions\/2163"}],"wp:attachment":[{"href":"https:\/\/visitrauland.com\/raulandstoga\/wp-json\/wp\/v2\/media?parent=339"}],"curies":[{"name":"wp","href":"https:\/\/api.w.org\/{rel}","templated":true}]}}