{"id":9051,"date":"2026-01-09T10:50:46","date_gmt":"2026-01-09T09:50:46","guid":{"rendered":"https:\/\/visitrauland.com\/raulandsakademiet\/?page_id=9051"},"modified":"2026-01-09T10:51:39","modified_gmt":"2026-01-09T09:51:39","slug":"nyheter","status":"publish","type":"page","link":"https:\/\/visitrauland.com\/raulandsakademiet\/nyheter\/","title":{"rendered":"Nyheter"},"content":{"rendered":"<div id=\"cs-content\" class=\"cs-content\"><div class=\"x-section e9051-e1 m6zf-0\"><div class=\"x-row e9051-e2 m6zf-4 m6zf-5 m6zf-6 m6zf-a overflow-scroll-title\"><div class=\"x-row-inner\"><div class=\"x-col e9051-e3 m6zf-d m6zf-e\"><div class=\"x-text x-text-headline e9051-e4 m6zf-g m6zf-h\"><div class=\"x-text-content\"><div class=\"x-text-content-text\"><h2 class=\"x-text-content-text-primary\">Aktuelt<\/h2>\n<\/div><\/div><\/div><\/div><\/div><\/div><div class=\"x-row e9051-e5 m6zf-4 m6zf-6 m6zf-7 m6zf-8 m6zf-b\"><div class=\"x-row-inner\"><div class=\"x-col e9051-e6 m6zf-d\"><div class=\"x-row e9051-e7 m6zf-4 m6zf-7 m6zf-9 m6zf-c\"><div class=\"x-row-inner\"><a class=\"x-col e9051-e8 m6zf-d m6zf-f m6zf-1 m6zf-2\" href=\"https:\/\/visitrauland.com\/raulandsakademiet\/eldhuset-steinomnsbakeri-opent\/\"><figure class=\"x-div e9051-e9 m6zf-j m6zf-k\"><span class=\"x-image e9051-e10 m6zf-m\"><noscript><img decoding=\"async\" src=\"https:\/\/visitrauland.com\/raulandsakademiet\/wp-content\/uploads\/sites\/32\/2026\/03\/Eldhuset-1920_1773921205.jpg\" width=\"960\" height=\"540\" alt=\"Featured image for \u201cEldhuset steinomnsbakeri ope\u201d\"><\/noscript><img decoding=\"async\" src=\"data:image\/svg+xml,%3Csvg%20xmlns%3D%22http%3A%2F%2Fwww.w3.org%2F2000%2Fsvg%22%20viewBox%3D%220%200%20960%20540%22%3E%3C%2Fsvg%3E\" width=\"960\" height=\"540\" alt=\"Featured image for \u201cEldhuset steinomnsbakeri ope\u201d\" data-src=\"https:\/\/visitrauland.com\/raulandsakademiet\/wp-content\/uploads\/sites\/32\/2026\/03\/Eldhuset-1920_1773921205.jpg\" class=\" lazyload\"><\/span><\/figure><article class=\"x-div e9051-e11 m6zf-k m6zf-l\"><div class=\"x-text x-text-headline e9051-e12 m6zf-h m6zf-i m6zf-1 m6zf-3 max-2-lines force-inter\"><div class=\"x-text-content\"><div class=\"x-text-content-text\"><h2 class=\"x-text-content-text-primary\">Eldhuset steinomnsbakeri ope<\/h2>\n<\/div><\/div><\/div><div class=\"x-text x-content e9051-e13 m6zf-n\">Har du lyst p\u00e5 ferske bakervarer i helga? D\u00e5 b\u00f8r du ta turen innom Eldhuset steinomnsbakeri p\u00e5 Telemarkstunet ved Raulandsakademiet.&hellip;<\/div><\/article><\/a><a class=\"x-col e9051-e8 m6zf-d m6zf-f m6zf-1 m6zf-2\" href=\"https:\/\/visitrauland.com\/raulandsakademiet\/paske-pa-telemarkstunet-4\/\"><figure class=\"x-div e9051-e9 m6zf-j m6zf-k\"><span class=\"x-image e9051-e10 m6zf-m\"><noscript><img decoding=\"async\" src=\"https:\/\/visitrauland.com\/raulandsakademiet\/wp-content\/uploads\/sites\/32\/2026\/03\/IMG_1789_1920_1773662288.jpg\" width=\"960\" height=\"540\" alt=\"Featured image for \u201cP\u00e5ske p\u00e5 Telemarkstunet\u201d\"><\/noscript><img decoding=\"async\" src=\"data:image\/svg+xml,%3Csvg%20xmlns%3D%22http%3A%2F%2Fwww.w3.org%2F2000%2Fsvg%22%20viewBox%3D%220%200%20960%20540%22%3E%3C%2Fsvg%3E\" width=\"960\" height=\"540\" alt=\"Featured image for \u201cP\u00e5ske p\u00e5 Telemarkstunet\u201d\" data-src=\"https:\/\/visitrauland.com\/raulandsakademiet\/wp-content\/uploads\/sites\/32\/2026\/03\/IMG_1789_1920_1773662288.jpg\" class=\" lazyload\"><\/span><\/figure><article class=\"x-div e9051-e11 m6zf-k m6zf-l\"><div class=\"x-text x-text-headline e9051-e12 m6zf-h m6zf-i m6zf-1 m6zf-3 max-2-lines force-inter\"><div class=\"x-text-content\"><div class=\"x-text-content-text\"><h2 class=\"x-text-content-text-primary\">P\u00e5ske p\u00e5 Telemarkstunet<\/h2>\n<\/div><\/div><\/div><div class=\"x-text x-content e9051-e13 m6zf-n\">I \u00e5r som tidlegare \u00e5r har me p\u00e5skeope p\u00e5 Telemarkstunet. Raulandsakademiet og damene p\u00e5 L\u00e5ven ynskjer velkomen til handverksutsal, steinomnsbakeri&hellip;<\/div><\/article><\/a><a class=\"x-col e9051-e8 m6zf-d m6zf-f m6zf-1 m6zf-2\" href=\"https:\/\/visitrauland.com\/raulandsakademiet\/bygdekino-27-3-pa-raulandsakademiet\/\"><figure class=\"x-div e9051-e9 m6zf-j m6zf-k\"><span class=\"x-image e9051-e10 m6zf-m\"><noscript><img decoding=\"async\" src=\"https:\/\/visitrauland.com\/raulandsakademiet\/wp-content\/uploads\/sites\/32\/2025\/10\/raulandsakademiet-vinter_1760438417.jpg\" width=\"1136\" height=\"852\" alt=\"Featured image for \u201cBygdekino 27.3 p\u00e5 Raulandsakademiet\u201d\"><\/noscript><img decoding=\"async\" src=\"data:image\/svg+xml,%3Csvg%20xmlns%3D%22http%3A%2F%2Fwww.w3.org%2F2000%2Fsvg%22%20viewBox%3D%220%200%201136%20852%22%3E%3C%2Fsvg%3E\" width=\"1136\" height=\"852\" alt=\"Featured image for \u201cBygdekino 27.3 p\u00e5 Raulandsakademiet\u201d\" data-src=\"https:\/\/visitrauland.com\/raulandsakademiet\/wp-content\/uploads\/sites\/32\/2025\/10\/raulandsakademiet-vinter_1760438417.jpg\" class=\" lazyload\"><\/span><\/figure><article class=\"x-div e9051-e11 m6zf-k m6zf-l\"><div class=\"x-text x-text-headline e9051-e12 m6zf-h m6zf-i m6zf-1 m6zf-3 max-2-lines force-inter\"><div class=\"x-text-content\"><div class=\"x-text-content-text\"><h2 class=\"x-text-content-text-primary\">Bygdekino 27.3 p\u00e5 Raulandsakademiet<\/h2>\n<\/div><\/div><\/div><div class=\"x-text x-content e9051-e13 m6zf-n\">Velkomen til bygdekino 27.3 p\u00e5 Raulandsakademiet. Sal av popcorn og brus.&hellip;<\/div><\/article><\/a><a class=\"x-col e9051-e8 m6zf-d m6zf-f m6zf-1 m6zf-2\" href=\"https:\/\/visitrauland.com\/raulandsakademiet\/temakveld-med-laekjaren-tore-godal-og-forfattaren-aashild-sorheim\/\"><figure class=\"x-div e9051-e9 m6zf-j m6zf-k\"><span class=\"x-image e9051-e10 m6zf-m\"><noscript><img decoding=\"async\" src=\"https:\/\/visitrauland.com\/raulandsakademiet\/wp-content\/uploads\/sites\/32\/2026\/03\/toregodal_portrait_1773305431.jpg\" width=\"960\" height=\"540\" alt=\"Featured image for \u201cNoregs dyraste mann &#8211; historia om l\u00e6kjaren Tore Godal\u201d\"><\/noscript><img decoding=\"async\" src=\"data:image\/svg+xml,%3Csvg%20xmlns%3D%22http%3A%2F%2Fwww.w3.org%2F2000%2Fsvg%22%20viewBox%3D%220%200%20960%20540%22%3E%3C%2Fsvg%3E\" width=\"960\" height=\"540\" alt=\"Featured image for \u201cNoregs dyraste mann &#8211; historia om l\u00e6kjaren Tore Godal\u201d\" data-src=\"https:\/\/visitrauland.com\/raulandsakademiet\/wp-content\/uploads\/sites\/32\/2026\/03\/toregodal_portrait_1773305431.jpg\" class=\" lazyload\"><\/span><\/figure><article class=\"x-div e9051-e11 m6zf-k m6zf-l\"><div class=\"x-text x-text-headline e9051-e12 m6zf-h m6zf-i m6zf-1 m6zf-3 max-2-lines force-inter\"><div class=\"x-text-content\"><div class=\"x-text-content-text\"><h2 class=\"x-text-content-text-primary\">Noregs dyraste mann &#8211; historia om l\u00e6kjaren Tore Godal<\/h2>\n<\/div><\/div><\/div><div class=\"x-text x-content e9051-e13 m6zf-n\">Torsdag 26. mars kl. 18.00 blir det ein annleis temakveld p\u00e5 Raulandsakademiet Astrid Versto skal vera ordstyrar for ei samtale&hellip;<\/div><\/article><\/a><a class=\"x-col e9051-e8 m6zf-d m6zf-f m6zf-1 m6zf-2\" href=\"https:\/\/visitrauland.com\/raulandsakademiet\/din-tid-et-pusterom-i-hverdagen\/\"><figure class=\"x-div e9051-e9 m6zf-j m6zf-k\"><span class=\"x-image e9051-e10 m6zf-m\"><noscript><img decoding=\"async\" src=\"https:\/\/visitrauland.com\/raulandsakademiet\/wp-content\/uploads\/sites\/32\/2026\/01\/Yoga-900_1768565116.jpg\" width=\"450\" height=\"253\" alt=\"Featured image for \u201cDi tid \u2013 eit pusterom i kvardagen\u201d\"><\/noscript><img decoding=\"async\" src=\"data:image\/svg+xml,%3Csvg%20xmlns%3D%22http%3A%2F%2Fwww.w3.org%2F2000%2Fsvg%22%20viewBox%3D%220%200%20450%20253%22%3E%3C%2Fsvg%3E\" width=\"450\" height=\"253\" alt=\"Featured image for \u201cDi tid \u2013 eit pusterom i kvardagen\u201d\" data-src=\"https:\/\/visitrauland.com\/raulandsakademiet\/wp-content\/uploads\/sites\/32\/2026\/01\/Yoga-900_1768565116.jpg\" class=\" lazyload\"><\/span><\/figure><article class=\"x-div e9051-e11 m6zf-k m6zf-l\"><div class=\"x-text x-text-headline e9051-e12 m6zf-h m6zf-i m6zf-1 m6zf-3 max-2-lines force-inter\"><div class=\"x-text-content\"><div class=\"x-text-content-text\"><h2 class=\"x-text-content-text-primary\">Di tid \u2013 eit pusterom i kvardagen<\/h2>\n<\/div><\/div><\/div><div class=\"x-text x-content e9051-e13 m6zf-n\">Nokre gonger er det einaste me eigentleg treng\u2026 \u00e5 stoppe litt opp. Trekke pusten heilt ned i magen. Og hugse&hellip;<\/div><\/article><\/a><a class=\"x-col e9051-e8 m6zf-d m6zf-f m6zf-1 m6zf-2\" href=\"https:\/\/visitrauland.com\/raulandsakademiet\/raulandsmagasinet-2025-26\/\"><figure class=\"x-div e9051-e9 m6zf-j m6zf-k\"><span class=\"x-image e9051-e10 m6zf-m\"><noscript><img decoding=\"async\" src=\"https:\/\/visitrauland.com\/raulandsakademiet\/wp-content\/uploads\/sites\/32\/2026\/01\/Magasinet-1920_1920-x-1080_1767870591.jpg\" width=\"960\" height=\"540\" alt=\"Featured image for \u201cRaulandsmagasinet 2025\/26\u201d\"><\/noscript><img decoding=\"async\" src=\"data:image\/svg+xml,%3Csvg%20xmlns%3D%22http%3A%2F%2Fwww.w3.org%2F2000%2Fsvg%22%20viewBox%3D%220%200%20960%20540%22%3E%3C%2Fsvg%3E\" width=\"960\" height=\"540\" alt=\"Featured image for \u201cRaulandsmagasinet 2025\/26\u201d\" data-src=\"https:\/\/visitrauland.com\/raulandsakademiet\/wp-content\/uploads\/sites\/32\/2026\/01\/Magasinet-1920_1920-x-1080_1767870591.jpg\" class=\" lazyload\"><\/span><\/figure><article class=\"x-div e9051-e11 m6zf-k m6zf-l\"><div class=\"x-text x-text-headline e9051-e12 m6zf-h m6zf-i m6zf-1 m6zf-3 max-2-lines force-inter\"><div class=\"x-text-content\"><div class=\"x-text-content-text\"><h2 class=\"x-text-content-text-primary\">Raulandsmagasinet 2025\/26<\/h2>\n<\/div><\/div><\/div><div class=\"x-text x-content e9051-e13 m6zf-n\">Raulandsmagasinet sin nyeste utgave er ute! Raulandsmagasinet gis ut \u00e5rlig og har blitt en fast f\u00f8lgesvenn for b\u00e5de bes\u00f8kende, hytteeiere&hellip;<\/div><\/article><\/a><a class=\"x-col e9051-e8 m6zf-d m6zf-f m6zf-1 m6zf-2\" href=\"https:\/\/visitrauland.com\/raulandsakademiet\/heimelaga-mat-rett-fra-raulandsakademiet\/\"><figure class=\"x-div e9051-e9 m6zf-j m6zf-k\"><span class=\"x-image e9051-e10 m6zf-m\"><noscript><img decoding=\"async\" src=\"https:\/\/visitrauland.com\/raulandsakademiet\/wp-content\/uploads\/sites\/32\/2018\/12\/bl\u00e5-suppebolle-89db38b5-236f-40fa-8673-18005301414b.jpg\" width=\"180\" height=\"120\" alt=\"Featured image for \u201cHeimelaga mat rett fr\u00e5 Raulandsakademiet\u201d\"><\/noscript><img decoding=\"async\" src=\"data:image\/svg+xml,%3Csvg%20xmlns%3D%22http%3A%2F%2Fwww.w3.org%2F2000%2Fsvg%22%20viewBox%3D%220%200%20180%20120%22%3E%3C%2Fsvg%3E\" width=\"180\" height=\"120\" alt=\"Featured image for \u201cHeimelaga mat rett fr\u00e5 Raulandsakademiet\u201d\" data-src=\"https:\/\/visitrauland.com\/raulandsakademiet\/wp-content\/uploads\/sites\/32\/2018\/12\/bl\u00e5-suppebolle-89db38b5-236f-40fa-8673-18005301414b.jpg\" class=\" lazyload\"><\/span><\/figure><article class=\"x-div e9051-e11 m6zf-k m6zf-l\"><div class=\"x-text x-text-headline e9051-e12 m6zf-h m6zf-i m6zf-1 m6zf-3 max-2-lines force-inter\"><div class=\"x-text-content\"><div class=\"x-text-content-text\"><h2 class=\"x-text-content-text-primary\">Heimelaga mat rett fr\u00e5 Raulandsakademiet<\/h2>\n<\/div><\/div><\/div><div class=\"x-text x-content e9051-e13 m6zf-n\">Enten du er p\u00e5 hytta, planlegg m\u00f8te, eller skal samle vener og familie til ei feiring \u2013 Raulandsakademiet st\u00e5r klare&hellip;<\/div><\/article><\/a><a class=\"x-col e9051-e8 m6zf-d m6zf-f m6zf-1 m6zf-2\" href=\"https:\/\/visitrauland.com\/raulandsakademiet\/kurskatalogen\/\"><figure class=\"x-div e9051-e9 m6zf-j m6zf-k\"><span class=\"x-image e9051-e10 m6zf-m\"><noscript><img decoding=\"async\" src=\"https:\/\/visitrauland.com\/raulandsakademiet\/wp-content\/uploads\/sites\/32\/2022\/12\/Skinnfell_1920_1080_1736342409.jpg\" width=\"960\" height=\"540\" alt=\"Featured image for \u201cKurskataliste for 2026 &#8211; Raulandsakademiet\u201d\"><\/noscript><img decoding=\"async\" src=\"data:image\/svg+xml,%3Csvg%20xmlns%3D%22http%3A%2F%2Fwww.w3.org%2F2000%2Fsvg%22%20viewBox%3D%220%200%20960%20540%22%3E%3C%2Fsvg%3E\" width=\"960\" height=\"540\" alt=\"Featured image for \u201cKurskataliste for 2026 &#8211; Raulandsakademiet\u201d\" data-src=\"https:\/\/visitrauland.com\/raulandsakademiet\/wp-content\/uploads\/sites\/32\/2022\/12\/Skinnfell_1920_1080_1736342409.jpg\" class=\" lazyload\"><\/span><\/figure><article class=\"x-div e9051-e11 m6zf-k m6zf-l\"><div class=\"x-text x-text-headline e9051-e12 m6zf-h m6zf-i m6zf-1 m6zf-3 max-2-lines force-inter\"><div class=\"x-text-content\"><div class=\"x-text-content-text\"><h2 class=\"x-text-content-text-primary\">Kurskataliste for 2026 &#8211; Raulandsakademiet<\/h2>\n<\/div><\/div><\/div><div class=\"x-text x-content e9051-e13 m6zf-n\">No excerpt&hellip;<\/div><\/article><\/a><a class=\"x-col e9051-e8 m6zf-d m6zf-f m6zf-1 m6zf-2\" href=\"https:\/\/visitrauland.com\/raulandsakademiet\/opplev-rauland-i-360\/\"><figure class=\"x-div e9051-e9 m6zf-j m6zf-k\"><span class=\"x-image e9051-e10 m6zf-m\"><noscript><img decoding=\"async\" src=\"https:\/\/visitrauland.com\/raulandsakademiet\/wp-content\/uploads\/sites\/32\/2025\/08\/rauland-360-171717_1920x1080_1753198042_1755079919.jpg\" width=\"960\" height=\"540\" alt=\"Featured image for \u201cOpplev Rauland i 360\u00b0\u201d\"><\/noscript><img decoding=\"async\" src=\"data:image\/svg+xml,%3Csvg%20xmlns%3D%22http%3A%2F%2Fwww.w3.org%2F2000%2Fsvg%22%20viewBox%3D%220%200%20960%20540%22%3E%3C%2Fsvg%3E\" width=\"960\" height=\"540\" alt=\"Featured image for \u201cOpplev Rauland i 360\u00b0\u201d\" data-src=\"https:\/\/visitrauland.com\/raulandsakademiet\/wp-content\/uploads\/sites\/32\/2025\/08\/rauland-360-171717_1920x1080_1753198042_1755079919.jpg\" class=\" lazyload\"><\/span><\/figure><article class=\"x-div e9051-e11 m6zf-k m6zf-l\"><div class=\"x-text x-text-headline e9051-e12 m6zf-h m6zf-i m6zf-1 m6zf-3 max-2-lines force-inter\"><div class=\"x-text-content\"><div class=\"x-text-content-text\"><h2 class=\"x-text-content-text-primary\">Opplev Rauland i 360\u00b0<\/h2>\n<\/div><\/div><\/div><div class=\"x-text x-content e9051-e13 m6zf-n\">Nysgjerrig p\u00e5 Rauland? N\u00e5 kan du utforske omr\u00e5det hjemmefra! Vi har f\u00e5tt en helt ny interaktiv 360-visning der du kan&hellip;<\/div><\/article><\/a><a class=\"x-col e9051-e8 m6zf-d m6zf-f m6zf-1 m6zf-2\" href=\"https:\/\/visitrauland.com\/raulandsakademiet\/oppdag-rauland-med-vare-nye-kart\/\"><figure class=\"x-div e9051-e9 m6zf-j m6zf-k\"><span class=\"x-image e9051-e10 m6zf-m\"><noscript><img decoding=\"async\" src=\"https:\/\/visitrauland.com\/raulandsakademiet\/wp-content\/uploads\/sites\/32\/2025\/08\/Rauland_sommar_2025-Juli_1751477078-1024x582_1754992737.jpg\" width=\"512\" height=\"291\" alt=\"Featured image for \u201cOppdag Rauland med v\u00e5re nye kart\u201d\"><\/noscript><img decoding=\"async\" src=\"data:image\/svg+xml,%3Csvg%20xmlns%3D%22http%3A%2F%2Fwww.w3.org%2F2000%2Fsvg%22%20viewBox%3D%220%200%20512%20291%22%3E%3C%2Fsvg%3E\" width=\"512\" height=\"291\" alt=\"Featured image for \u201cOppdag Rauland med v\u00e5re nye kart\u201d\" data-src=\"https:\/\/visitrauland.com\/raulandsakademiet\/wp-content\/uploads\/sites\/32\/2025\/08\/Rauland_sommar_2025-Juli_1751477078-1024x582_1754992737.jpg\" class=\" lazyload\"><\/span><\/figure><article class=\"x-div e9051-e11 m6zf-k m6zf-l\"><div class=\"x-text x-text-headline e9051-e12 m6zf-h m6zf-i m6zf-1 m6zf-3 max-2-lines force-inter\"><div class=\"x-text-content\"><div class=\"x-text-content-text\"><h2 class=\"x-text-content-text-primary\">Oppdag Rauland med v\u00e5re nye kart<\/h2>\n<\/div><\/div><\/div><div class=\"x-text x-content e9051-e13 m6zf-n\">Er du klar for \u00e5 utforske Rauland? Se v\u00e5rt nye sommerkart over Rauland og omr\u00e5det rundt, som viser alle de&hellip;<\/div><\/article><\/a><a class=\"x-col e9051-e8 m6zf-d m6zf-f m6zf-1 m6zf-2\" href=\"https:\/\/visitrauland.com\/raulandsakademiet\/raulandsmagasinet-24-25\/\"><figure class=\"x-div e9051-e9 m6zf-j m6zf-k\"><span class=\"x-image e9051-e10 m6zf-m\"><noscript><img decoding=\"async\" src=\"https:\/\/visitrauland.com\/raulandsakademiet\/wp-content\/uploads\/sites\/32\/2025\/01\/Rmag2025-900_1735576444_1736852539.jpg\" width=\"450\" height=\"253\" alt=\"Featured image for \u201cRaulandsmagasinet 24\/25\u201d\"><\/noscript><img decoding=\"async\" src=\"data:image\/svg+xml,%3Csvg%20xmlns%3D%22http%3A%2F%2Fwww.w3.org%2F2000%2Fsvg%22%20viewBox%3D%220%200%20450%20253%22%3E%3C%2Fsvg%3E\" width=\"450\" height=\"253\" alt=\"Featured image for \u201cRaulandsmagasinet 24\/25\u201d\" data-src=\"https:\/\/visitrauland.com\/raulandsakademiet\/wp-content\/uploads\/sites\/32\/2025\/01\/Rmag2025-900_1735576444_1736852539.jpg\" class=\" lazyload\"><\/span><\/figure><article class=\"x-div e9051-e11 m6zf-k m6zf-l\"><div class=\"x-text x-text-headline e9051-e12 m6zf-h m6zf-i m6zf-1 m6zf-3 max-2-lines force-inter\"><div class=\"x-text-content\"><div class=\"x-text-content-text\"><h2 class=\"x-text-content-text-primary\">Raulandsmagasinet 24\/25<\/h2>\n<\/div><\/div><\/div><div class=\"x-text x-content e9051-e13 m6zf-n\">En rekke jubileum pryder Raulandsmagasinet i \u00e5rets utgave! I tillegg finner du naturligvis en rekke annet spennende innhold, med sm\u00e5tt&hellip;<\/div><\/article><\/a><a class=\"x-col e9051-e8 m6zf-d m6zf-f m6zf-1 m6zf-2\" href=\"https:\/\/visitrauland.com\/raulandsakademiet\/gjev-eit-kurs-i-jolegave-2\/\"><figure class=\"x-div e9051-e9 m6zf-j m6zf-k\"><span class=\"x-image e9051-e10 m6zf-m\"><noscript><img decoding=\"async\" src=\"https:\/\/visitrauland.com\/raulandsakademiet\/wp-content\/uploads\/sites\/32\/2018\/12\/2021-2.jpg\" width=\"450\" height=\"253\" alt=\"Featured image for \u201cGje eit kurs i g\u00e5ve!\u201d\"><\/noscript><img decoding=\"async\" src=\"data:image\/svg+xml,%3Csvg%20xmlns%3D%22http%3A%2F%2Fwww.w3.org%2F2000%2Fsvg%22%20viewBox%3D%220%200%20450%20253%22%3E%3C%2Fsvg%3E\" width=\"450\" height=\"253\" alt=\"Featured image for \u201cGje eit kurs i g\u00e5ve!\u201d\" data-src=\"https:\/\/visitrauland.com\/raulandsakademiet\/wp-content\/uploads\/sites\/32\/2018\/12\/2021-2.jpg\" class=\" lazyload\"><\/span><\/figure><article class=\"x-div e9051-e11 m6zf-k m6zf-l\"><div class=\"x-text x-text-headline e9051-e12 m6zf-h m6zf-i m6zf-1 m6zf-3 max-2-lines force-inter\"><div class=\"x-text-content\"><div class=\"x-text-content-text\"><h2 class=\"x-text-content-text-primary\">Gje eit kurs i g\u00e5ve!<\/h2>\n<\/div><\/div><\/div><div class=\"x-text x-content e9051-e13 m6zf-n\">Kjenner du nokon som har veldig lyst \u00e5 l\u00e6re noko nytt? Eller nokon som har alt fr\u00e5 f\u00f8r? Kanskje dei&hellip;<\/div><\/article><\/a><\/div><\/div><\/div><\/div><\/div><\/div><\/div>\n","protected":false},"excerpt":{"rendered":"<p>Aktuelt Eldhuset steinomnsbakeri ope Har du lyst p\u00e5 ferske bakervarer i helga? D\u00e5 b\u00f8r du ta turen innom Eldhuset steinomnsbakeri p\u00e5 Telemarkstunet ved Raulandsakademiet.&hellip;P\u00e5ske p\u00e5 Telemarkstunet I \u00e5r som tidlegare \u00e5r har me p\u00e5skeope p\u00e5 Telemarkstunet. Raulandsakademiet og damene p\u00e5 L\u00e5ven ynskjer velkomen til handverksutsal, steinomnsbakeri&hellip;Bygdekino 27.3 p\u00e5 Raulandsakademiet Velkomen til bygdekino 27.3 p\u00e5 Raulandsakademiet. Sal av popcorn og brus.&hellip;Noregs &#8230; <\/p>\n<div><a href=\"https:\/\/visitrauland.com\/raulandsakademiet\/nyheter\/\" class=\"more-link\">Les Mer<\/a><\/div>\n","protected":false},"author":3,"featured_media":0,"parent":0,"menu_order":0,"comment_status":"closed","ping_status":"closed","template":"template-blank-1.php","meta":{"_relevanssi_hide_post":"","_relevanssi_hide_content":"","_relevanssi_pin_for_all":"","_relevanssi_pin_keywords":"","_relevanssi_unpin_keywords":"","_relevanssi_related_keywords":"","_relevanssi_related_include_ids":"","_relevanssi_related_exclude_ids":"","_relevanssi_related_no_append":"","_relevanssi_related_not_related":"","_relevanssi_related_posts":"2238,9042,4573,2227,2223,399","_relevanssi_noindex_reason":"","seo_booster_metabox":"","footnotes":""},"class_list":["post-9051","page","type-page","status-publish","hentry","no-post-thumbnail"],"yoast_head":"<!-- This site is optimized with the Yoast SEO plugin v27.2 - https:\/\/yoast.com\/product\/yoast-seo-wordpress\/ -->\n<title>Nyheter - Raulandsakademiet<\/title>\n<meta name=\"robots\" content=\"index, follow, max-snippet:-1, max-image-preview:large, max-video-preview:-1\" \/>\n<link rel=\"canonical\" href=\"https:\/\/visitrauland.com\/raulandsakademiet\/nyheter\/\" \/>\n<meta property=\"og:locale\" content=\"nb_NO\" \/>\n<meta property=\"og:type\" content=\"article\" \/>\n<meta property=\"og:title\" content=\"Nyheter - Raulandsakademiet\" \/>\n<meta property=\"og:description\" content=\"Aktuelt Eldhuset steinomnsbakeri ope Har du lyst p\u00e5 ferske bakervarer i helga? D\u00e5 b\u00f8r du ta turen innom Eldhuset steinomnsbakeri p\u00e5 Telemarkstunet ved Raulandsakademiet.&hellip;P\u00e5ske p\u00e5 Telemarkstunet I \u00e5r som tidlegare \u00e5r har me p\u00e5skeope p\u00e5 Telemarkstunet. Raulandsakademiet og damene p\u00e5 L\u00e5ven ynskjer velkomen til handverksutsal, steinomnsbakeri&hellip;Bygdekino 27.3 p\u00e5 Raulandsakademiet Velkomen til bygdekino 27.3 p\u00e5 Raulandsakademiet. Sal av popcorn og brus.&hellip;Noregs ... Les Mer\" \/>\n<meta property=\"og:url\" content=\"https:\/\/visitrauland.com\/raulandsakademiet\/nyheter\/\" \/>\n<meta property=\"og:site_name\" content=\"Raulandsakademiet\" \/>\n<meta property=\"article:modified_time\" content=\"2026-01-09T09:51:39+00:00\" \/>\n<meta name=\"twitter:card\" content=\"summary_large_image\" \/>\n<script type=\"application\/ld+json\" class=\"yoast-schema-graph\">{\"@context\":\"https:\/\/schema.org\",\"@graph\":[{\"@type\":\"WebPage\",\"@id\":\"https:\/\/visitrauland.com\/raulandsakademiet\/nyheter\/\",\"url\":\"https:\/\/visitrauland.com\/raulandsakademiet\/nyheter\/\",\"name\":\"Nyheter - Raulandsakademiet\",\"isPartOf\":{\"@id\":\"https:\/\/visitrauland.com\/raulandsakademiet\/#website\"},\"datePublished\":\"2026-01-09T09:50:46+00:00\",\"dateModified\":\"2026-01-09T09:51:39+00:00\",\"breadcrumb\":{\"@id\":\"https:\/\/visitrauland.com\/raulandsakademiet\/nyheter\/#breadcrumb\"},\"inLanguage\":\"nb-NO\",\"potentialAction\":[{\"@type\":\"ReadAction\",\"target\":[\"https:\/\/visitrauland.com\/raulandsakademiet\/nyheter\/\"]}]},{\"@type\":\"BreadcrumbList\",\"@id\":\"https:\/\/visitrauland.com\/raulandsakademiet\/nyheter\/#breadcrumb\",\"itemListElement\":[{\"@type\":\"ListItem\",\"position\":1,\"name\":\"Hjem\",\"item\":\"https:\/\/visitrauland.com\/raulandsakademiet\/\"},{\"@type\":\"ListItem\",\"position\":2,\"name\":\"Nyheter\"}]},{\"@type\":\"WebSite\",\"@id\":\"https:\/\/visitrauland.com\/raulandsakademiet\/#website\",\"url\":\"https:\/\/visitrauland.com\/raulandsakademiet\/\",\"name\":\"Raulandsakademiet\",\"description\":\"Overnatting - Kurs - Opplevelser\",\"potentialAction\":[{\"@type\":\"SearchAction\",\"target\":{\"@type\":\"EntryPoint\",\"urlTemplate\":\"https:\/\/visitrauland.com\/raulandsakademiet\/?s={search_term_string}\"},\"query-input\":{\"@type\":\"PropertyValueSpecification\",\"valueRequired\":true,\"valueName\":\"search_term_string\"}}],\"inLanguage\":\"nb-NO\"}]}<\/script>\n<!-- \/ Yoast SEO plugin. -->","yoast_head_json":{"title":"Nyheter - Raulandsakademiet","robots":{"index":"index","follow":"follow","max-snippet":"max-snippet:-1","max-image-preview":"max-image-preview:large","max-video-preview":"max-video-preview:-1"},"canonical":"https:\/\/visitrauland.com\/raulandsakademiet\/nyheter\/","og_locale":"nb_NO","og_type":"article","og_title":"Nyheter - Raulandsakademiet","og_description":"Aktuelt Eldhuset steinomnsbakeri ope Har du lyst p\u00e5 ferske bakervarer i helga? D\u00e5 b\u00f8r du ta turen innom Eldhuset steinomnsbakeri p\u00e5 Telemarkstunet ved Raulandsakademiet.&hellip;P\u00e5ske p\u00e5 Telemarkstunet I \u00e5r som tidlegare \u00e5r har me p\u00e5skeope p\u00e5 Telemarkstunet. Raulandsakademiet og damene p\u00e5 L\u00e5ven ynskjer velkomen til handverksutsal, steinomnsbakeri&hellip;Bygdekino 27.3 p\u00e5 Raulandsakademiet Velkomen til bygdekino 27.3 p\u00e5 Raulandsakademiet. Sal av popcorn og brus.&hellip;Noregs ... Les Mer","og_url":"https:\/\/visitrauland.com\/raulandsakademiet\/nyheter\/","og_site_name":"Raulandsakademiet","article_modified_time":"2026-01-09T09:51:39+00:00","twitter_card":"summary_large_image","schema":{"@context":"https:\/\/schema.org","@graph":[{"@type":"WebPage","@id":"https:\/\/visitrauland.com\/raulandsakademiet\/nyheter\/","url":"https:\/\/visitrauland.com\/raulandsakademiet\/nyheter\/","name":"Nyheter - Raulandsakademiet","isPartOf":{"@id":"https:\/\/visitrauland.com\/raulandsakademiet\/#website"},"datePublished":"2026-01-09T09:50:46+00:00","dateModified":"2026-01-09T09:51:39+00:00","breadcrumb":{"@id":"https:\/\/visitrauland.com\/raulandsakademiet\/nyheter\/#breadcrumb"},"inLanguage":"nb-NO","potentialAction":[{"@type":"ReadAction","target":["https:\/\/visitrauland.com\/raulandsakademiet\/nyheter\/"]}]},{"@type":"BreadcrumbList","@id":"https:\/\/visitrauland.com\/raulandsakademiet\/nyheter\/#breadcrumb","itemListElement":[{"@type":"ListItem","position":1,"name":"Hjem","item":"https:\/\/visitrauland.com\/raulandsakademiet\/"},{"@type":"ListItem","position":2,"name":"Nyheter"}]},{"@type":"WebSite","@id":"https:\/\/visitrauland.com\/raulandsakademiet\/#website","url":"https:\/\/visitrauland.com\/raulandsakademiet\/","name":"Raulandsakademiet","description":"Overnatting - Kurs - Opplevelser","potentialAction":[{"@type":"SearchAction","target":{"@type":"EntryPoint","urlTemplate":"https:\/\/visitrauland.com\/raulandsakademiet\/?s={search_term_string}"},"query-input":{"@type":"PropertyValueSpecification","valueRequired":true,"valueName":"search_term_string"}}],"inLanguage":"nb-NO"}]}},"publishpress_future_action":{"enabled":false,"date":"2026-04-13 06:27:29","action":"change-status","newStatus":"draft","terms":[],"taxonomy":"","extraData":[]},"publishpress_future_workflow_manual_trigger":{"enabledWorkflows":[]},"_links":{"self":[{"href":"https:\/\/visitrauland.com\/raulandsakademiet\/wp-json\/wp\/v2\/pages\/9051","targetHints":{"allow":["GET"]}}],"collection":[{"href":"https:\/\/visitrauland.com\/raulandsakademiet\/wp-json\/wp\/v2\/pages"}],"about":[{"href":"https:\/\/visitrauland.com\/raulandsakademiet\/wp-json\/wp\/v2\/types\/page"}],"author":[{"embeddable":true,"href":"https:\/\/visitrauland.com\/raulandsakademiet\/wp-json\/wp\/v2\/users\/3"}],"replies":[{"embeddable":true,"href":"https:\/\/visitrauland.com\/raulandsakademiet\/wp-json\/wp\/v2\/comments?post=9051"}],"version-history":[{"count":2,"href":"https:\/\/visitrauland.com\/raulandsakademiet\/wp-json\/wp\/v2\/pages\/9051\/revisions"}],"predecessor-version":[{"id":9054,"href":"https:\/\/visitrauland.com\/raulandsakademiet\/wp-json\/wp\/v2\/pages\/9051\/revisions\/9054"}],"wp:attachment":[{"href":"https:\/\/visitrauland.com\/raulandsakademiet\/wp-json\/wp\/v2\/media?parent=9051"}],"curies":[{"name":"wp","href":"https:\/\/api.w.org\/{rel}","templated":true}]}}