{"id":8477,"date":"2024-05-07T14:01:07","date_gmt":"2024-05-07T12:01:07","guid":{"rendered":"https:\/\/visitrauland.com\/raulandsakademiet\/?page_id=8477"},"modified":"2025-08-06T15:14:42","modified_gmt":"2025-08-06T13:14:42","slug":"telemarkstunet-rauland","status":"publish","type":"page","link":"https:\/\/visitrauland.com\/raulandsakademiet\/telemarkstunet-rauland\/","title":{"rendered":"Telemarkstunet"},"content":{"rendered":"<div id=\"cs-content\" class=\"cs-content\"><div id=\"x-section-1\" class=\"x-section\" style=\"margin: 0px;padding: 0px; background-color: transparent;\"><div id class=\"x-container\" style=\"margin: 0px auto;padding: 0px;\"><div class=\"x-column x-sm x-1-1\" style=\"padding: 0px;\"><div id class=\"x-text\" style><p><strong>Telemarkstunet er innramma med tradisjonelle hus fr\u00e5 Rauland, som blei sett opp som eit tun p\u00e5 1990-talet.<\/strong><\/p>\n<p><a href=\"https:\/\/visitrauland.com\/raulandsakademiet\/sommar-pa-telemarkstunet-3\/\"><strong>\u00bb Sommar p\u00e5 Telemarkstunet<\/strong><\/a><br>\n<a href=\"https:\/\/360.vistaportal.io\/share\/collection\/71rDW?logo=1&amp;amp;info=0&amp;amp;logosize=%2096&amp;amp;fs=0&amp;amp;vr=0&amp;amp;zoom=1&amp;amp;gyro=0&amp;amp;thumbs=4&amp;amp;margin=6&amp;amp;alpha=0.78&amp;amp;inst=0\" data-wplink-url-error=\"true\"><strong>\u00bb Sj\u00e5 360-visning av Telemarkstunet her<\/strong><\/a><\/p>\n<\/div><\/div><\/div><div id class=\"x-container\" style=\"margin: 0px auto;padding: 0px;\"><div class=\"x-column x-sm x-1-1\" style=\"padding: 0px;\"><noscript><img decoding=\"async\" class=\"x-img x-img-none\" src=\"https:\/\/visitrauland.com\/raulandsakademiet\/wp-content\/uploads\/sites\/32\/2021\/07\/Telemarkstunet-drone-1920.jpg\" alt=\"Norsk fjellandskap med tradisjonelle gressdekte hus og utsikt over en innsj\u00f8.\"><\/noscript><img decoding=\"async\" class=\"x-img x-img-none lazyload\" src=\"data:image\/gif;base64,R0lGODlhAQABAIAAAAAAAP\/\/\/yH5BAEAAAAALAAAAAABAAEAAAIBRAA7\" alt=\"Norsk fjellandskap med tradisjonelle gressdekte hus og utsikt over en innsj\u00f8.\" data-src=\"https:\/\/visitrauland.com\/raulandsakademiet\/wp-content\/uploads\/sites\/32\/2021\/07\/Telemarkstunet-drone-1920.jpg\"><\/div><\/div><\/div><div id=\"x-section-2\" class=\"x-section\" style=\"margin: 0px;padding: 0px 0px 10px; background-color: transparent;\"><div id class=\"x-container\" style=\"margin: 0px auto;padding: 0px;\"><div class=\"x-column x-sm x-1-1\" style=\"padding: 0px;\"><div id class=\"x-text\" style><p><strong>Telemarkstunet har marknad om sommaren og jolemarknad i november\/desember.&nbsp;<\/strong><\/p>\n<p>Telemarkstunet er ogs\u00e5 kjend for sine sommeraktivitetar. Her er det bruktsal, sommerkaf\u00e8 i Gardsjordstoga, utstillarar, handverkutsal p\u00e5 L\u00e5ven, natursti (Beverstien) og leikekrok for borna med sandkasse.<\/p>\n<p>Det er konsertar i \u00c5restoga, som blir publisert i<span>&nbsp;<\/span><a href=\"https:\/\/visitrauland.com\/raulandsakademiet\/\"><strong>eventkalenderen<\/strong><\/a><span>&nbsp;<\/span>p\u00e5 framsida.<\/p>\n<p><noscript><img decoding=\"async\" src=\"https:\/\/visitrauland.com\/raulandsakademiet\/wp-content\/uploads\/sites\/32\/2025\/06\/516102572_1580415526718260_6234916953046425446_n_1920_1753188206.jpg\" alt=\"Historiske norske trehus med torvtak i en gr\u00f8nn landsbygd setting.\" width=\"1920\" height=\"1080\" class=\"alignnone size-full wp-image-8770\" srcset=\"https:\/\/visitrauland.com\/raulandsakademiet\/wp-content\/uploads\/sites\/32\/2025\/06\/516102572_1580415526718260_6234916953046425446_n_1920_1753188206.jpg 1920w, https:\/\/visitrauland.com\/raulandsakademiet\/wp-content\/uploads\/sites\/32\/2025\/06\/516102572_1580415526718260_6234916953046425446_n_1920_1753188206-300x169.jpg 300w, https:\/\/visitrauland.com\/raulandsakademiet\/wp-content\/uploads\/sites\/32\/2025\/06\/516102572_1580415526718260_6234916953046425446_n_1920_1753188206-1024x576.jpg 1024w, https:\/\/visitrauland.com\/raulandsakademiet\/wp-content\/uploads\/sites\/32\/2025\/06\/516102572_1580415526718260_6234916953046425446_n_1920_1753188206-768x432.jpg 768w, https:\/\/visitrauland.com\/raulandsakademiet\/wp-content\/uploads\/sites\/32\/2025\/06\/516102572_1580415526718260_6234916953046425446_n_1920_1753188206-1536x864.jpg 1536w, https:\/\/visitrauland.com\/raulandsakademiet\/wp-content\/uploads\/sites\/32\/2025\/06\/516102572_1580415526718260_6234916953046425446_n_1920_1753188206-500x281.jpg 500w, https:\/\/visitrauland.com\/raulandsakademiet\/wp-content\/uploads\/sites\/32\/2025\/06\/516102572_1580415526718260_6234916953046425446_n_1920_1753188206-100x56.jpg 100w, https:\/\/visitrauland.com\/raulandsakademiet\/wp-content\/uploads\/sites\/32\/2025\/06\/516102572_1580415526718260_6234916953046425446_n_1920_1753188206-862x485.jpg 862w, https:\/\/visitrauland.com\/raulandsakademiet\/wp-content\/uploads\/sites\/32\/2025\/06\/516102572_1580415526718260_6234916953046425446_n_1920_1753188206-1200x675.jpg 1200w\" sizes=\"(max-width: 1920px) 100vw, 1920px\"><\/noscript><img decoding=\"async\" src=\"data:image\/svg+xml,%3Csvg%20xmlns%3D%22http%3A%2F%2Fwww.w3.org%2F2000%2Fsvg%22%20viewBox%3D%220%200%201920%201080%22%3E%3C%2Fsvg%3E\" alt=\"Historiske norske trehus med torvtak i en gr\u00f8nn landsbygd setting.\" width=\"1920\" height=\"1080\" class=\"alignnone size-full wp-image-8770 lazyload\" srcset=\"data:image\/svg+xml,%3Csvg%20xmlns%3D%22http%3A%2F%2Fwww.w3.org%2F2000%2Fsvg%22%20viewBox%3D%220%200%201920%201080%22%3E%3C%2Fsvg%3E 1920w\" sizes=\"(max-width: 1920px) 100vw, 1920px\" data-srcset=\"https:\/\/visitrauland.com\/raulandsakademiet\/wp-content\/uploads\/sites\/32\/2025\/06\/516102572_1580415526718260_6234916953046425446_n_1920_1753188206.jpg 1920w, https:\/\/visitrauland.com\/raulandsakademiet\/wp-content\/uploads\/sites\/32\/2025\/06\/516102572_1580415526718260_6234916953046425446_n_1920_1753188206-300x169.jpg 300w, https:\/\/visitrauland.com\/raulandsakademiet\/wp-content\/uploads\/sites\/32\/2025\/06\/516102572_1580415526718260_6234916953046425446_n_1920_1753188206-1024x576.jpg 1024w, https:\/\/visitrauland.com\/raulandsakademiet\/wp-content\/uploads\/sites\/32\/2025\/06\/516102572_1580415526718260_6234916953046425446_n_1920_1753188206-768x432.jpg 768w, https:\/\/visitrauland.com\/raulandsakademiet\/wp-content\/uploads\/sites\/32\/2025\/06\/516102572_1580415526718260_6234916953046425446_n_1920_1753188206-1536x864.jpg 1536w, https:\/\/visitrauland.com\/raulandsakademiet\/wp-content\/uploads\/sites\/32\/2025\/06\/516102572_1580415526718260_6234916953046425446_n_1920_1753188206-500x281.jpg 500w, https:\/\/visitrauland.com\/raulandsakademiet\/wp-content\/uploads\/sites\/32\/2025\/06\/516102572_1580415526718260_6234916953046425446_n_1920_1753188206-100x56.jpg 100w, https:\/\/visitrauland.com\/raulandsakademiet\/wp-content\/uploads\/sites\/32\/2025\/06\/516102572_1580415526718260_6234916953046425446_n_1920_1753188206-862x485.jpg 862w, https:\/\/visitrauland.com\/raulandsakademiet\/wp-content\/uploads\/sites\/32\/2025\/06\/516102572_1580415526718260_6234916953046425446_n_1920_1753188206-1200x675.jpg 1200w\" data-src=\"https:\/\/visitrauland.com\/raulandsakademiet\/wp-content\/uploads\/sites\/32\/2025\/06\/516102572_1580415526718260_6234916953046425446_n_1920_1753188206.jpg\"><\/p>\n<\/div><\/div><\/div><\/div><div id=\"x-section-3\" class=\"x-section\" style=\"margin: 0px;padding: 0px; background-color: transparent;\"><div id class=\"x-container\" style=\"margin: 0px auto;padding: 0px;\"><div class=\"x-column x-sm x-1-2\" style=\"padding: 0px;\"><noscript><img decoding=\"async\" class=\"x-img x-img-none\" src=\"https:\/\/visitrauland.com\/raulandsakademiet\/wp-content\/uploads\/sites\/32\/2025\/06\/517242760_1580415523384927_4385069366650547965_n_1920_1753188209.jpg\" alt=\"Tavle med teksten Velkomen inn! Me heve rjomegraut ved en trevegg i en koselig, rustikk setting.\"><\/noscript><img decoding=\"async\" class=\"x-img x-img-none lazyload\" src=\"data:image\/gif;base64,R0lGODlhAQABAIAAAAAAAP\/\/\/yH5BAEAAAAALAAAAAABAAEAAAIBRAA7\" alt=\"Tavle med teksten Velkomen inn! Me heve rjomegraut ved en trevegg i en koselig, rustikk setting.\" data-src=\"https:\/\/visitrauland.com\/raulandsakademiet\/wp-content\/uploads\/sites\/32\/2025\/06\/517242760_1580415523384927_4385069366650547965_n_1920_1753188209.jpg\"><\/div><div class=\"x-column x-sm x-1-2\" style=\"padding: 0px;\"><noscript><img decoding=\"async\" class=\"x-img x-img-none\" src=\"https:\/\/visitrauland.com\/raulandsakademiet\/wp-content\/uploads\/sites\/32\/2021\/07\/5B8A2128.jpg\" alt=\"Ungdom g\u00e5r p\u00e5 stylter i en solfylt hage med folk i bakgrunnen.\"><\/noscript><img decoding=\"async\" class=\"x-img x-img-none lazyload\" src=\"data:image\/gif;base64,R0lGODlhAQABAIAAAAAAAP\/\/\/yH5BAEAAAAALAAAAAABAAEAAAIBRAA7\" alt=\"Ungdom g\u00e5r p\u00e5 stylter i en solfylt hage med folk i bakgrunnen.\" data-src=\"https:\/\/visitrauland.com\/raulandsakademiet\/wp-content\/uploads\/sites\/32\/2021\/07\/5B8A2128.jpg\"><\/div><\/div><\/div><div id=\"x-section-4\" class=\"x-section\" style=\"margin: 0px;padding: 0px; background-color: transparent;\"><div id class=\"x-container\" style=\"margin: 0px auto;padding: 0px;\"><div class=\"x-column x-sm x-1-1\" style=\"padding: 0px;\"><div id class=\"x-text\" style><h5><strong>Telemarkstunet<\/strong><\/h5>\n<p>Gardsjordstoga p\u00e5 Telemarkstunet kan ein leige om ein vil ha eit intimt og hyggeleg selskapslokale til feiring av ein stor dag. Ein fin m\u00e5te \u00e5 feire bursdag, bryllaup eller jubileum.<\/p>\n<p>Ein kan ogs\u00e5 leige lokale p\u00e5 Telemarkstunet om ein vil arrangere eit kurs eller ein fest der ein legg inn ein del aktivitetar, t.d. matlaging i Gardsjordstoga, baking i Eldhuset, konsert i \u00c5restoga, eller r\u00f8yking av kj\u00f8t og fisk i Badstoga.<\/p>\n<\/div><\/div><\/div><\/div><div id=\"x-section-5\" class=\"x-section\" style=\"margin: 0px;padding: 0px; background-color: transparent;\"><div id class=\"x-container\" style=\"margin: 0px auto;padding: 0px;\"><div class=\"x-column x-sm x-1-2\" style=\"padding: 0px;\"><noscript><img decoding=\"async\" class=\"x-img x-img-none\" src=\"https:\/\/visitrauland.com\/raulandsakademiet\/wp-content\/uploads\/sites\/32\/2017\/12\/Catering-2-600.jpg\" alt=\"Smakfulle forretter servert p\u00e5 skjeer med delikat garnityr p\u00e5 hvite tallerkener.\"><\/noscript><img decoding=\"async\" class=\"x-img x-img-none lazyload\" src=\"data:image\/gif;base64,R0lGODlhAQABAIAAAAAAAP\/\/\/yH5BAEAAAAALAAAAAABAAEAAAIBRAA7\" alt=\"Smakfulle forretter servert p\u00e5 skjeer med delikat garnityr p\u00e5 hvite tallerkener.\" data-src=\"https:\/\/visitrauland.com\/raulandsakademiet\/wp-content\/uploads\/sites\/32\/2017\/12\/Catering-2-600.jpg\"><\/div><div class=\"x-column x-sm x-1-2\" style=\"padding: 0px;\"><noscript><img decoding=\"async\" class=\"x-img x-img-none\" src=\"https:\/\/visitrauland.com\/raulandsakademiet\/wp-content\/uploads\/sites\/32\/2018\/05\/Telemarkstunet-600.jpg\" alt=\"Folk samles ved trebenker i en solrik park med gr\u00f8nne omgivelser og trehus.\"><\/noscript><img decoding=\"async\" class=\"x-img x-img-none lazyload\" src=\"data:image\/gif;base64,R0lGODlhAQABAIAAAAAAAP\/\/\/yH5BAEAAAAALAAAAAABAAEAAAIBRAA7\" alt=\"Folk samles ved trebenker i en solrik park med gr\u00f8nne omgivelser og trehus.\" data-src=\"https:\/\/visitrauland.com\/raulandsakademiet\/wp-content\/uploads\/sites\/32\/2018\/05\/Telemarkstunet-600.jpg\"><\/div><\/div><\/div><div id=\"x-section-6\" class=\"x-section\" style=\"margin: 0px;padding: 45px 0px; background-color: transparent;\"><div id class=\"x-container\" style=\"margin: 0px auto;padding: 0px;\"><div class=\"x-column x-sm x-1-1\" style=\"padding: 0px;\"><div id class=\"x-text\" style><p>H\u00e5ndverksutsalget p\u00e5 L\u00e5ven \u00e5pent i vinterferien og i p\u00e5ska.<\/p>\n<p>Det er gratis parkering p\u00e5 Telemarkstunet.<\/p>\n<p>Omtrent en gang i m\u00e5neden er det konsert i \u00c5restoga i regi av Folkemusikkscena p\u00e5 Rauland. Etter konsertane er det kro med dans i Gardsjordstoga.<\/p>\n<\/div><\/div><\/div><\/div><div id=\"x-section-7\" class=\"x-section\" style=\"margin: 0px;padding: 0px; background-color: transparent;\"><div id class=\"x-container\" style=\"margin: 0px auto;padding: 0px;\"><div class=\"x-column x-sm x-1-2\" style=\"padding: 0px;\"><noscript><img decoding=\"async\" class=\"x-img x-img-none\" src=\"https:\/\/visitrauland.com\/raulandsakademiet\/wp-content\/uploads\/sites\/32\/2017\/12\/TMtunet-3-600.jpg\" alt=\"Historisk norsk landskap med tradisjonelle hus og gr\u00f8nn gressdekt tak, omgitt av skog og utsikt over en innsj\u00f8.\"><\/noscript><img decoding=\"async\" class=\"x-img x-img-none lazyload\" src=\"data:image\/gif;base64,R0lGODlhAQABAIAAAAAAAP\/\/\/yH5BAEAAAAALAAAAAABAAEAAAIBRAA7\" alt=\"Historisk norsk landskap med tradisjonelle hus og gr\u00f8nn gressdekt tak, omgitt av skog og utsikt over en innsj\u00f8.\" data-src=\"https:\/\/visitrauland.com\/raulandsakademiet\/wp-content\/uploads\/sites\/32\/2017\/12\/TMtunet-3-600.jpg\"><\/div><div class=\"x-column x-sm x-1-2\" style=\"padding: 0px;\"><noscript><img decoding=\"async\" class=\"x-img x-img-none\" src=\"https:\/\/visitrauland.com\/raulandsakademiet\/wp-content\/uploads\/sites\/32\/2017\/12\/Barn-600.jpg\" alt=\"Barn leker og jubler p\u00e5 en treleke i en gr\u00f8nn park om sommeren, med trehus og tr\u00e6r i bakgrunnen.\"><\/noscript><img decoding=\"async\" class=\"x-img x-img-none lazyload\" src=\"data:image\/gif;base64,R0lGODlhAQABAIAAAAAAAP\/\/\/yH5BAEAAAAALAAAAAABAAEAAAIBRAA7\" alt=\"Barn leker og jubler p\u00e5 en treleke i en gr\u00f8nn park om sommeren, med trehus og tr\u00e6r i bakgrunnen.\" data-src=\"https:\/\/visitrauland.com\/raulandsakademiet\/wp-content\/uploads\/sites\/32\/2017\/12\/Barn-600.jpg\"><\/div><\/div><\/div><\/div>\n","protected":false},"excerpt":{"rendered":"","protected":false},"author":10,"featured_media":0,"parent":0,"menu_order":0,"comment_status":"closed","ping_status":"closed","template":"","meta":{"_relevanssi_hide_post":"","_relevanssi_hide_content":"","_relevanssi_pin_for_all":"","_relevanssi_pin_keywords":"","_relevanssi_unpin_keywords":"","_relevanssi_related_keywords":"","_relevanssi_related_include_ids":"","_relevanssi_related_exclude_ids":"","_relevanssi_related_no_append":"","_relevanssi_related_not_related":"","_relevanssi_related_posts":"8509,6055,2223,5639,399,8695","_relevanssi_noindex_reason":"","seo_booster_metabox":"","footnotes":""},"class_list":["post-8477","page","type-page","status-publish","hentry","no-post-thumbnail"],"yoast_head":"<!-- This site is optimized with the Yoast SEO plugin v27.2 - https:\/\/yoast.com\/product\/yoast-seo-wordpress\/ -->\n<title>Telemarkstunet - Raulandsakademiet<\/title>\n<meta name=\"robots\" content=\"index, follow, max-snippet:-1, max-image-preview:large, max-video-preview:-1\" \/>\n<link rel=\"canonical\" href=\"https:\/\/visitrauland.com\/raulandsakademiet\/telemarkstunet-rauland\/\" \/>\n<meta property=\"og:locale\" content=\"nb_NO\" \/>\n<meta property=\"og:type\" content=\"article\" \/>\n<meta property=\"og:title\" content=\"Telemarkstunet - Raulandsakademiet\" \/>\n<meta property=\"og:url\" content=\"https:\/\/visitrauland.com\/raulandsakademiet\/telemarkstunet-rauland\/\" \/>\n<meta property=\"og:site_name\" content=\"Raulandsakademiet\" \/>\n<meta property=\"article:modified_time\" content=\"2025-08-06T13:14:42+00:00\" \/>\n<meta property=\"og:image\" content=\"https:\/\/visitrauland.com\/raulandsakademiet\/wp-content\/uploads\/sites\/32\/2025\/06\/516102572_1580415526718260_6234916953046425446_n_1920_1753188206.jpg\" \/>\n<meta name=\"twitter:card\" content=\"summary_large_image\" \/>\n<meta name=\"twitter:label1\" content=\"Ansl. lesetid\" \/>\n\t<meta name=\"twitter:data1\" content=\"6 minutter\" \/>\n<script type=\"application\/ld+json\" class=\"yoast-schema-graph\">{\"@context\":\"https:\/\/schema.org\",\"@graph\":[{\"@type\":\"WebPage\",\"@id\":\"https:\/\/visitrauland.com\/raulandsakademiet\/telemarkstunet-rauland\/\",\"url\":\"https:\/\/visitrauland.com\/raulandsakademiet\/telemarkstunet-rauland\/\",\"name\":\"Telemarkstunet - Raulandsakademiet\",\"isPartOf\":{\"@id\":\"https:\/\/visitrauland.com\/raulandsakademiet\/#website\"},\"primaryImageOfPage\":{\"@id\":\"https:\/\/visitrauland.com\/raulandsakademiet\/telemarkstunet-rauland\/#primaryimage\"},\"image\":{\"@id\":\"https:\/\/visitrauland.com\/raulandsakademiet\/telemarkstunet-rauland\/#primaryimage\"},\"thumbnailUrl\":\"https:\/\/visitrauland.com\/raulandsakademiet\/wp-content\/uploads\/sites\/32\/2025\/06\/516102572_1580415526718260_6234916953046425446_n_1920_1753188206.jpg\",\"datePublished\":\"2024-05-07T12:01:07+00:00\",\"dateModified\":\"2025-08-06T13:14:42+00:00\",\"breadcrumb\":{\"@id\":\"https:\/\/visitrauland.com\/raulandsakademiet\/telemarkstunet-rauland\/#breadcrumb\"},\"inLanguage\":\"nb-NO\",\"potentialAction\":[{\"@type\":\"ReadAction\",\"target\":[\"https:\/\/visitrauland.com\/raulandsakademiet\/telemarkstunet-rauland\/\"]}]},{\"@type\":\"ImageObject\",\"inLanguage\":\"nb-NO\",\"@id\":\"https:\/\/visitrauland.com\/raulandsakademiet\/telemarkstunet-rauland\/#primaryimage\",\"url\":\"https:\/\/visitrauland.com\/raulandsakademiet\/wp-content\/uploads\/sites\/32\/2025\/06\/516102572_1580415526718260_6234916953046425446_n_1920_1753188206.jpg\",\"contentUrl\":\"https:\/\/visitrauland.com\/raulandsakademiet\/wp-content\/uploads\/sites\/32\/2025\/06\/516102572_1580415526718260_6234916953046425446_n_1920_1753188206.jpg\",\"width\":1920,\"height\":1080,\"caption\":\"Historiske norske trehus med torvtak i en gr\u00f8nn landsbygd setting.\"},{\"@type\":\"BreadcrumbList\",\"@id\":\"https:\/\/visitrauland.com\/raulandsakademiet\/telemarkstunet-rauland\/#breadcrumb\",\"itemListElement\":[{\"@type\":\"ListItem\",\"position\":1,\"name\":\"Hjem\",\"item\":\"https:\/\/visitrauland.com\/raulandsakademiet\/\"},{\"@type\":\"ListItem\",\"position\":2,\"name\":\"Telemarkstunet\"}]},{\"@type\":\"WebSite\",\"@id\":\"https:\/\/visitrauland.com\/raulandsakademiet\/#website\",\"url\":\"https:\/\/visitrauland.com\/raulandsakademiet\/\",\"name\":\"Raulandsakademiet\",\"description\":\"Overnatting - Kurs - Opplevelser\",\"potentialAction\":[{\"@type\":\"SearchAction\",\"target\":{\"@type\":\"EntryPoint\",\"urlTemplate\":\"https:\/\/visitrauland.com\/raulandsakademiet\/?s={search_term_string}\"},\"query-input\":{\"@type\":\"PropertyValueSpecification\",\"valueRequired\":true,\"valueName\":\"search_term_string\"}}],\"inLanguage\":\"nb-NO\"}]}<\/script>\n<!-- \/ Yoast SEO plugin. -->","yoast_head_json":{"title":"Telemarkstunet - Raulandsakademiet","robots":{"index":"index","follow":"follow","max-snippet":"max-snippet:-1","max-image-preview":"max-image-preview:large","max-video-preview":"max-video-preview:-1"},"canonical":"https:\/\/visitrauland.com\/raulandsakademiet\/telemarkstunet-rauland\/","og_locale":"nb_NO","og_type":"article","og_title":"Telemarkstunet - Raulandsakademiet","og_url":"https:\/\/visitrauland.com\/raulandsakademiet\/telemarkstunet-rauland\/","og_site_name":"Raulandsakademiet","article_modified_time":"2025-08-06T13:14:42+00:00","og_image":[{"url":"https:\/\/visitrauland.com\/raulandsakademiet\/wp-content\/uploads\/sites\/32\/2025\/06\/516102572_1580415526718260_6234916953046425446_n_1920_1753188206.jpg","type":"","width":"","height":""}],"twitter_card":"summary_large_image","twitter_misc":{"Ansl. lesetid":"6 minutter"},"schema":{"@context":"https:\/\/schema.org","@graph":[{"@type":"WebPage","@id":"https:\/\/visitrauland.com\/raulandsakademiet\/telemarkstunet-rauland\/","url":"https:\/\/visitrauland.com\/raulandsakademiet\/telemarkstunet-rauland\/","name":"Telemarkstunet - Raulandsakademiet","isPartOf":{"@id":"https:\/\/visitrauland.com\/raulandsakademiet\/#website"},"primaryImageOfPage":{"@id":"https:\/\/visitrauland.com\/raulandsakademiet\/telemarkstunet-rauland\/#primaryimage"},"image":{"@id":"https:\/\/visitrauland.com\/raulandsakademiet\/telemarkstunet-rauland\/#primaryimage"},"thumbnailUrl":"https:\/\/visitrauland.com\/raulandsakademiet\/wp-content\/uploads\/sites\/32\/2025\/06\/516102572_1580415526718260_6234916953046425446_n_1920_1753188206.jpg","datePublished":"2024-05-07T12:01:07+00:00","dateModified":"2025-08-06T13:14:42+00:00","breadcrumb":{"@id":"https:\/\/visitrauland.com\/raulandsakademiet\/telemarkstunet-rauland\/#breadcrumb"},"inLanguage":"nb-NO","potentialAction":[{"@type":"ReadAction","target":["https:\/\/visitrauland.com\/raulandsakademiet\/telemarkstunet-rauland\/"]}]},{"@type":"ImageObject","inLanguage":"nb-NO","@id":"https:\/\/visitrauland.com\/raulandsakademiet\/telemarkstunet-rauland\/#primaryimage","url":"https:\/\/visitrauland.com\/raulandsakademiet\/wp-content\/uploads\/sites\/32\/2025\/06\/516102572_1580415526718260_6234916953046425446_n_1920_1753188206.jpg","contentUrl":"https:\/\/visitrauland.com\/raulandsakademiet\/wp-content\/uploads\/sites\/32\/2025\/06\/516102572_1580415526718260_6234916953046425446_n_1920_1753188206.jpg","width":1920,"height":1080,"caption":"Historiske norske trehus med torvtak i en gr\u00f8nn landsbygd setting."},{"@type":"BreadcrumbList","@id":"https:\/\/visitrauland.com\/raulandsakademiet\/telemarkstunet-rauland\/#breadcrumb","itemListElement":[{"@type":"ListItem","position":1,"name":"Hjem","item":"https:\/\/visitrauland.com\/raulandsakademiet\/"},{"@type":"ListItem","position":2,"name":"Telemarkstunet"}]},{"@type":"WebSite","@id":"https:\/\/visitrauland.com\/raulandsakademiet\/#website","url":"https:\/\/visitrauland.com\/raulandsakademiet\/","name":"Raulandsakademiet","description":"Overnatting - Kurs - Opplevelser","potentialAction":[{"@type":"SearchAction","target":{"@type":"EntryPoint","urlTemplate":"https:\/\/visitrauland.com\/raulandsakademiet\/?s={search_term_string}"},"query-input":{"@type":"PropertyValueSpecification","valueRequired":true,"valueName":"search_term_string"}}],"inLanguage":"nb-NO"}]}},"publishpress_future_action":{"enabled":false,"date":"2026-04-22 03:15:28","action":"change-status","newStatus":"draft","terms":[],"taxonomy":"","extraData":[]},"publishpress_future_workflow_manual_trigger":{"enabledWorkflows":[]},"_links":{"self":[{"href":"https:\/\/visitrauland.com\/raulandsakademiet\/wp-json\/wp\/v2\/pages\/8477","targetHints":{"allow":["GET"]}}],"collection":[{"href":"https:\/\/visitrauland.com\/raulandsakademiet\/wp-json\/wp\/v2\/pages"}],"about":[{"href":"https:\/\/visitrauland.com\/raulandsakademiet\/wp-json\/wp\/v2\/types\/page"}],"author":[{"embeddable":true,"href":"https:\/\/visitrauland.com\/raulandsakademiet\/wp-json\/wp\/v2\/users\/10"}],"replies":[{"embeddable":true,"href":"https:\/\/visitrauland.com\/raulandsakademiet\/wp-json\/wp\/v2\/comments?post=8477"}],"version-history":[{"count":10,"href":"https:\/\/visitrauland.com\/raulandsakademiet\/wp-json\/wp\/v2\/pages\/8477\/revisions"}],"predecessor-version":[{"id":8785,"href":"https:\/\/visitrauland.com\/raulandsakademiet\/wp-json\/wp\/v2\/pages\/8477\/revisions\/8785"}],"wp:attachment":[{"href":"https:\/\/visitrauland.com\/raulandsakademiet\/wp-json\/wp\/v2\/media?parent=8477"}],"curies":[{"name":"wp","href":"https:\/\/api.w.org\/{rel}","templated":true}]}}