{"id":7895,"date":"2022-11-09T13:28:10","date_gmt":"2022-11-09T12:28:10","guid":{"rendered":"https:\/\/visitrauland.com\/raulandsakademiet\/?page_id=7895"},"modified":"2025-11-28T10:17:04","modified_gmt":"2025-11-28T09:17:04","slug":"telemarkstunet","status":"publish","type":"page","link":"https:\/\/visitrauland.com\/raulandsakademiet\/telemarkstunet\/","title":{"rendered":"Telemarkstunet"},"content":{"rendered":"<div id=\"cs-content\" class=\"cs-content\"><div id=\"x-section-1\" class=\"x-section\" style=\"margin: 0px;padding: 0px; background-color: transparent;\"><div id class=\"x-container\" style=\"margin: 0px auto;padding: 0px;\"><div class=\"x-column x-sm x-1-1\" style=\"padding: 0px;\"><div id class=\"x-text\" style><p><strong>Telemarkstunet er eit tun med kopiar av gamle hus fr\u00e5 Rauland. Det blei sett opp som eit tun p\u00e5 1990-talet.<\/strong><\/p>\n<p><a href=\"https:\/\/visitrauland.com\/raulandsakademiet\/sommar-pa-telemarkstunet-3\/\"><strong>\u00bb Sommar p\u00e5 Telemarkstunet<\/strong><\/a><\/p>\n<p><span style=\"color: #ff6600\"><a href=\"https:\/\/visitrauland.com\/raulandsakademiet\/jol-pa-telemarkstunet\/\" style=\"color: #ff6600\"><strong>\u00bb Jol p\u00e5 Telemarkstunet&nbsp;<\/strong><\/a><\/span><\/p>\n<\/div><\/div><\/div><div id class=\"x-container\" style=\"margin: 0px auto;padding: 0px;\"><div class=\"x-column x-sm x-1-1\" style=\"padding: 0px;\"><noscript><img decoding=\"async\" class=\"x-img x-img-none\" src=\"https:\/\/visitrauland.com\/raulandsakademiet\/wp-content\/uploads\/sites\/32\/2021\/07\/Telemarkstunet-drone-1920.jpg\"><\/noscript><img decoding=\"async\" class=\"x-img x-img-none lazyload\" src=\"data:image\/gif;base64,R0lGODlhAQABAIAAAAAAAP\/\/\/yH5BAEAAAAALAAAAAABAAEAAAIBRAA7\" data-src=\"https:\/\/visitrauland.com\/raulandsakademiet\/wp-content\/uploads\/sites\/32\/2021\/07\/Telemarkstunet-drone-1920.jpg\"><\/div><\/div><\/div><div id=\"x-section-2\" class=\"x-section\" style=\"margin: 0px;padding: 0px 0px 10px; background-color: transparent;\"><div id class=\"x-container\" style=\"margin: 0px auto;padding: 0px;\"><div class=\"x-column x-sm x-1-1\" style=\"padding: 0px;\"><div id class=\"x-text\" style><p><strong>Telemarkstunet er ope kvar dag, for bes\u00f8k ut i tunet. Om sommaren er det utsal i l\u00e5ven, bakeri i Eldhuset og kaf\u00e8 i Gardsjordstoga. Det er \u00f2g jolemarknad i desember. Sj\u00e5 eigen informasjon.&nbsp;<\/strong><\/p>\n<p>Telemarkstunet har aktivitetar om sommaren. Her er det bruktsal, sommerkaf\u00e8 i Gardsjordstoga, utstillarar, handverk p\u00e5 tunet, natursti og leikekrok for borna,&nbsp; med sandkasse.<\/p>\n<\/div><\/div><\/div><\/div><div id=\"x-section-3\" class=\"x-section\" style=\"margin: 0px;padding: 0px; background-color: transparent;\"><div id class=\"x-container\" style=\"margin: 0px auto;padding: 0px;\"><div class=\"x-column x-sm x-1-2\" style=\"padding: 0px;\"><noscript><img decoding=\"async\" class=\"x-img x-img-none\" src=\"https:\/\/visitrauland.com\/raulandsakademiet\/wp-content\/uploads\/sites\/32\/2017\/12\/Barn-600.jpg\"><\/noscript><img decoding=\"async\" class=\"x-img x-img-none lazyload\" src=\"data:image\/gif;base64,R0lGODlhAQABAIAAAAAAAP\/\/\/yH5BAEAAAAALAAAAAABAAEAAAIBRAA7\" data-src=\"https:\/\/visitrauland.com\/raulandsakademiet\/wp-content\/uploads\/sites\/32\/2017\/12\/Barn-600.jpg\"><\/div><div class=\"x-column x-sm x-1-2\" style=\"padding: 0px;\"><noscript><img decoding=\"async\" class=\"x-img x-img-none\" src=\"https:\/\/visitrauland.com\/raulandsakademiet\/wp-content\/uploads\/sites\/32\/2017\/12\/jul-paa-tunet-600.jpg\"><\/noscript><img decoding=\"async\" class=\"x-img x-img-none lazyload\" src=\"data:image\/gif;base64,R0lGODlhAQABAIAAAAAAAP\/\/\/yH5BAEAAAAALAAAAAABAAEAAAIBRAA7\" data-src=\"https:\/\/visitrauland.com\/raulandsakademiet\/wp-content\/uploads\/sites\/32\/2017\/12\/jul-paa-tunet-600.jpg\"><\/div><\/div><\/div><div id=\"x-section-4\" class=\"x-section\" style=\"margin: 0px;padding: 0px; background-color: transparent;\"><div id class=\"x-container\" style=\"margin: 0px auto;padding: 0px;\"><div class=\"x-column x-sm x-1-1\" style=\"padding: 0px;\"><div id class=\"x-text\" style><p>Telemarkstunet er \u00f3g ope dei siste helgene f\u00f8r jol. D\u00e5 er det handverksutsal p\u00e5 L\u00e5ven, kaf\u00e8 i Gardsjordstoga og bakeri i Eldhuset.<br>\nI tillegg er h\u00e5ndverksutsalet p\u00e5 L\u00e5ven ope i vinterferien og i p\u00e5ska.<\/p>\n<p>Det er gratis entr\u00e9 p\u00e5 Telemarkstunet.<\/p>\n<p>Omtrent ein gong i m\u00e5naden er det konsert i \u00c5restoga i regi av Folkemusikkscena p\u00e5 Rauland. Etter konsertane er det kro med dans i Gardsjordstoga.<\/p>\n<p><strong>Ein kan \u00f3g leige lokale p\u00e5 Telemarkstunet om ein vil ha selskap, m\u00f8ter eller andre arrangement. Det er plass til ca. 35 personar i Gardsjordstoga.&nbsp;<\/strong><\/p>\n<p><strong> Ta kontakt med&nbsp; Raulandsakademiet, <\/strong><\/p>\n<p><strong>tlf 35 07 32 92.<\/strong><\/p>\n<\/div><\/div><\/div><\/div><div id=\"x-section-5\" class=\"x-section\" style=\"margin: 0px;padding: 0px; background-color: transparent;\"><div id class=\"x-container\" style=\"margin: 0px auto;padding: 0px;\"><div class=\"x-column x-sm x-1-1\" style=\"padding: 0px;\"><noscript><img decoding=\"async\" class=\"x-img x-img-none\" src=\"https:\/\/visitrauland.com\/raulandsakademiet\/wp-content\/uploads\/sites\/32\/2025\/10\/thumbnail_IMG_4887_1760433543.jpg\"><\/noscript><img decoding=\"async\" class=\"x-img x-img-none lazyload\" src=\"data:image\/gif;base64,R0lGODlhAQABAIAAAAAAAP\/\/\/yH5BAEAAAAALAAAAAABAAEAAAIBRAA7\" data-src=\"https:\/\/visitrauland.com\/raulandsakademiet\/wp-content\/uploads\/sites\/32\/2025\/10\/thumbnail_IMG_4887_1760433543.jpg\"><\/div><\/div><div id class=\"x-container\" style=\"margin: 0px auto;padding: 0px;\"><div class=\"x-column x-sm x-1-2\" style=\"padding: 0px;\"><noscript><img decoding=\"async\" class=\"x-img x-img-none\" src=\"https:\/\/visitrauland.com\/raulandsakademiet\/wp-content\/uploads\/sites\/32\/2025\/10\/IMG_2128_1760433504-scaled.jpeg\"><\/noscript><img decoding=\"async\" class=\"x-img x-img-none lazyload\" src=\"data:image\/gif;base64,R0lGODlhAQABAIAAAAAAAP\/\/\/yH5BAEAAAAALAAAAAABAAEAAAIBRAA7\" data-src=\"https:\/\/visitrauland.com\/raulandsakademiet\/wp-content\/uploads\/sites\/32\/2025\/10\/IMG_2128_1760433504-scaled.jpeg\"><\/div><div class=\"x-column x-sm x-1-2\" style=\"padding: 0px;\"><noscript><img decoding=\"async\" class=\"x-img x-img-none\" src=\"https:\/\/visitrauland.com\/raulandsakademiet\/wp-content\/uploads\/sites\/32\/2025\/10\/IMG_1230_1760433482-rotated.jpeg\"><\/noscript><img decoding=\"async\" class=\"x-img x-img-none lazyload\" src=\"data:image\/gif;base64,R0lGODlhAQABAIAAAAAAAP\/\/\/yH5BAEAAAAALAAAAAABAAEAAAIBRAA7\" data-src=\"https:\/\/visitrauland.com\/raulandsakademiet\/wp-content\/uploads\/sites\/32\/2025\/10\/IMG_1230_1760433482-rotated.jpeg\"><\/div><\/div><\/div><div id=\"x-section-6\" class=\"x-section\" style=\"margin: 0px;padding: 45px 0px; background-color: transparent;\"><div id class=\"x-container\" style=\"margin: 0px auto;padding: 0px;\"><div class=\"x-column x-sm x-1-1\" style=\"padding: 0px;\"><div id class=\"x-text\" style><h5>Husa p\u00e5 tunet<\/h5>\n<p><strong>\u00c5restoga<\/strong><br>\nOmlag ein gong i m\u00e5naden er det konsert og kro i \u00c5restoga i regi av Folkemusikkscena p\u00e5 Rauland.<\/p>\n<p><strong>L\u00e5ven<\/strong><br>\nL\u00e5ven er kopi av ei tradisjonell l\u00f8e fr\u00e5 Vest-Telemark. Her finn du eit handverksutsal med ekte produkt fr\u00e5 omlag 120 ulike kunsthandverkarar. Det blir lagt vekt p\u00e5 norske produkt.<\/p>\n<p>L\u00e5ven er ope kvar dag heile sommaren, i feriane og nokre helger f\u00f8r jul. Det er \u00f3g h\u00f8ve til \u00e5 halde ope elles, etter avtale. Det gjeld handverkutsalget og omvisning p\u00e5 Telemarkstunet.<br>\n<strong><br>\nGardsjordstoga<\/strong><br>\nGardsjordstoga er ein kopi av eit hus p\u00e5 Rauland. Me har utvida med eit stort moderne kj\u00f8ken s\u00e5 ein kan nytte seg av stoga til selskapslokale. Gardsjord er delt inn i to rom, og har sitjeplass til ca. 35 personar. Om sommaren kan ein bes\u00f8ke v\u00e5r sommarkaf\u00e9.<\/p>\n<p>I tillegg har me fleire rekonstruerte hus i bruk p\u00e5 tunet:<\/p>\n<ul>\n<li>Veslebur<\/li>\n<li>Loftet<\/li>\n<li>Eldhuset<\/li>\n<li>Stallen<\/li>\n<li>Badstoga<\/li>\n<\/ul>\n<\/div><\/div><\/div><\/div><div id=\"x-section-7\" class=\"x-section\" style=\"margin: 0px;padding: 45px 0px; background-color: transparent;\"><div id class=\"x-container\" style=\"margin: 0px auto;padding: 0px;\"><div class=\"x-column x-sm x-1-2\" style=\"padding: 0px;\"><noscript><img decoding=\"async\" class=\"x-img x-img-none\" src=\"https:\/\/visitrauland.com\/raulandsakademiet\/wp-content\/uploads\/sites\/32\/2025\/10\/IMG_1628_1760433491-rotated.jpeg\"><\/noscript><img decoding=\"async\" class=\"x-img x-img-none lazyload\" src=\"data:image\/gif;base64,R0lGODlhAQABAIAAAAAAAP\/\/\/yH5BAEAAAAALAAAAAABAAEAAAIBRAA7\" data-src=\"https:\/\/visitrauland.com\/raulandsakademiet\/wp-content\/uploads\/sites\/32\/2025\/10\/IMG_1628_1760433491-rotated.jpeg\"><\/div><div class=\"x-column x-sm x-1-2\" style=\"padding: 0px;\"><noscript><img decoding=\"async\" class=\"x-img x-img-none\" src=\"https:\/\/visitrauland.com\/raulandsakademiet\/wp-content\/uploads\/sites\/32\/2019\/07\/boller-telemarkstunet-1920.jpg\"><\/noscript><img decoding=\"async\" class=\"x-img x-img-none lazyload\" src=\"data:image\/gif;base64,R0lGODlhAQABAIAAAAAAAP\/\/\/yH5BAEAAAAALAAAAAABAAEAAAIBRAA7\" data-src=\"https:\/\/visitrauland.com\/raulandsakademiet\/wp-content\/uploads\/sites\/32\/2019\/07\/boller-telemarkstunet-1920.jpg\"><\/div><\/div><div id class=\"x-container\" style=\"margin: 0px auto;padding: 0px;\"><div class=\"x-column x-sm x-1-1\" style=\"padding: 0px;\"><noscript><img decoding=\"async\" class=\"x-img x-img-none\" src=\"https:\/\/visitrauland.com\/raulandsakademiet\/wp-content\/uploads\/sites\/32\/2017\/12\/TMtunet-3-900.jpg\"><\/noscript><img decoding=\"async\" class=\"x-img x-img-none lazyload\" src=\"data:image\/gif;base64,R0lGODlhAQABAIAAAAAAAP\/\/\/yH5BAEAAAAALAAAAAABAAEAAAIBRAA7\" data-src=\"https:\/\/visitrauland.com\/raulandsakademiet\/wp-content\/uploads\/sites\/32\/2017\/12\/TMtunet-3-900.jpg\"><\/div><\/div><div id class=\"x-container\" style=\"margin: 0px auto;padding: 0px;\"><div class=\"x-column x-sm x-1-1\" style=\"padding: 0px;\"><noscript><img decoding=\"async\" class=\"x-img x-img-none\" src=\"https:\/\/visitrauland.com\/raulandsakademiet\/wp-content\/uploads\/sites\/32\/2018\/01\/Jolemarked-1920.jpg\"><\/noscript><img decoding=\"async\" class=\"x-img x-img-none lazyload\" src=\"data:image\/gif;base64,R0lGODlhAQABAIAAAAAAAP\/\/\/yH5BAEAAAAALAAAAAABAAEAAAIBRAA7\" data-src=\"https:\/\/visitrauland.com\/raulandsakademiet\/wp-content\/uploads\/sites\/32\/2018\/01\/Jolemarked-1920.jpg\"><\/div><\/div><\/div><\/div>\n","protected":false},"excerpt":{"rendered":"","protected":false},"author":10,"featured_media":0,"parent":0,"menu_order":0,"comment_status":"closed","ping_status":"closed","template":"","meta":{"_relevanssi_hide_post":"","_relevanssi_hide_content":"","_relevanssi_pin_for_all":"","_relevanssi_pin_keywords":"","_relevanssi_unpin_keywords":"","_relevanssi_related_keywords":"","_relevanssi_related_include_ids":"","_relevanssi_related_exclude_ids":"","_relevanssi_related_no_append":"","_relevanssi_related_not_related":"","_relevanssi_related_posts":"8509,2223,4573,8695,399,3351","_relevanssi_noindex_reason":"","seo_booster_metabox":"","footnotes":""},"class_list":["post-7895","page","type-page","status-publish","hentry","no-post-thumbnail"],"yoast_head":"<!-- This site is optimized with the Yoast SEO plugin v27.2 - https:\/\/yoast.com\/product\/yoast-seo-wordpress\/ -->\n<title>Telemarkstunet - Raulandsakademiet<\/title>\n<meta name=\"robots\" content=\"index, follow, max-snippet:-1, max-image-preview:large, max-video-preview:-1\" \/>\n<link rel=\"canonical\" href=\"https:\/\/visitrauland.com\/raulandsakademiet\/telemarkstunet\/\" \/>\n<meta property=\"og:locale\" content=\"nb_NO\" \/>\n<meta property=\"og:type\" content=\"article\" \/>\n<meta property=\"og:title\" content=\"Telemarkstunet - Raulandsakademiet\" \/>\n<meta property=\"og:url\" content=\"https:\/\/visitrauland.com\/raulandsakademiet\/telemarkstunet\/\" \/>\n<meta property=\"og:site_name\" content=\"Raulandsakademiet\" \/>\n<meta property=\"article:modified_time\" content=\"2025-11-28T09:17:04+00:00\" \/>\n<meta name=\"twitter:card\" content=\"summary_large_image\" \/>\n<meta name=\"twitter:label1\" content=\"Ansl. lesetid\" \/>\n\t<meta name=\"twitter:data1\" content=\"5 minutter\" \/>\n<script type=\"application\/ld+json\" class=\"yoast-schema-graph\">{\"@context\":\"https:\/\/schema.org\",\"@graph\":[{\"@type\":\"WebPage\",\"@id\":\"https:\/\/visitrauland.com\/raulandsakademiet\/telemarkstunet\/\",\"url\":\"https:\/\/visitrauland.com\/raulandsakademiet\/telemarkstunet\/\",\"name\":\"Telemarkstunet - Raulandsakademiet\",\"isPartOf\":{\"@id\":\"https:\/\/visitrauland.com\/raulandsakademiet\/#website\"},\"datePublished\":\"2022-11-09T12:28:10+00:00\",\"dateModified\":\"2025-11-28T09:17:04+00:00\",\"breadcrumb\":{\"@id\":\"https:\/\/visitrauland.com\/raulandsakademiet\/telemarkstunet\/#breadcrumb\"},\"inLanguage\":\"nb-NO\",\"potentialAction\":[{\"@type\":\"ReadAction\",\"target\":[\"https:\/\/visitrauland.com\/raulandsakademiet\/telemarkstunet\/\"]}]},{\"@type\":\"BreadcrumbList\",\"@id\":\"https:\/\/visitrauland.com\/raulandsakademiet\/telemarkstunet\/#breadcrumb\",\"itemListElement\":[{\"@type\":\"ListItem\",\"position\":1,\"name\":\"Hjem\",\"item\":\"https:\/\/visitrauland.com\/raulandsakademiet\/\"},{\"@type\":\"ListItem\",\"position\":2,\"name\":\"Telemarkstunet\"}]},{\"@type\":\"WebSite\",\"@id\":\"https:\/\/visitrauland.com\/raulandsakademiet\/#website\",\"url\":\"https:\/\/visitrauland.com\/raulandsakademiet\/\",\"name\":\"Raulandsakademiet\",\"description\":\"Overnatting - Kurs - Opplevelser\",\"potentialAction\":[{\"@type\":\"SearchAction\",\"target\":{\"@type\":\"EntryPoint\",\"urlTemplate\":\"https:\/\/visitrauland.com\/raulandsakademiet\/?s={search_term_string}\"},\"query-input\":{\"@type\":\"PropertyValueSpecification\",\"valueRequired\":true,\"valueName\":\"search_term_string\"}}],\"inLanguage\":\"nb-NO\"}]}<\/script>\n<!-- \/ Yoast SEO plugin. -->","yoast_head_json":{"title":"Telemarkstunet - Raulandsakademiet","robots":{"index":"index","follow":"follow","max-snippet":"max-snippet:-1","max-image-preview":"max-image-preview:large","max-video-preview":"max-video-preview:-1"},"canonical":"https:\/\/visitrauland.com\/raulandsakademiet\/telemarkstunet\/","og_locale":"nb_NO","og_type":"article","og_title":"Telemarkstunet - Raulandsakademiet","og_url":"https:\/\/visitrauland.com\/raulandsakademiet\/telemarkstunet\/","og_site_name":"Raulandsakademiet","article_modified_time":"2025-11-28T09:17:04+00:00","twitter_card":"summary_large_image","twitter_misc":{"Ansl. lesetid":"5 minutter"},"schema":{"@context":"https:\/\/schema.org","@graph":[{"@type":"WebPage","@id":"https:\/\/visitrauland.com\/raulandsakademiet\/telemarkstunet\/","url":"https:\/\/visitrauland.com\/raulandsakademiet\/telemarkstunet\/","name":"Telemarkstunet - Raulandsakademiet","isPartOf":{"@id":"https:\/\/visitrauland.com\/raulandsakademiet\/#website"},"datePublished":"2022-11-09T12:28:10+00:00","dateModified":"2025-11-28T09:17:04+00:00","breadcrumb":{"@id":"https:\/\/visitrauland.com\/raulandsakademiet\/telemarkstunet\/#breadcrumb"},"inLanguage":"nb-NO","potentialAction":[{"@type":"ReadAction","target":["https:\/\/visitrauland.com\/raulandsakademiet\/telemarkstunet\/"]}]},{"@type":"BreadcrumbList","@id":"https:\/\/visitrauland.com\/raulandsakademiet\/telemarkstunet\/#breadcrumb","itemListElement":[{"@type":"ListItem","position":1,"name":"Hjem","item":"https:\/\/visitrauland.com\/raulandsakademiet\/"},{"@type":"ListItem","position":2,"name":"Telemarkstunet"}]},{"@type":"WebSite","@id":"https:\/\/visitrauland.com\/raulandsakademiet\/#website","url":"https:\/\/visitrauland.com\/raulandsakademiet\/","name":"Raulandsakademiet","description":"Overnatting - Kurs - Opplevelser","potentialAction":[{"@type":"SearchAction","target":{"@type":"EntryPoint","urlTemplate":"https:\/\/visitrauland.com\/raulandsakademiet\/?s={search_term_string}"},"query-input":{"@type":"PropertyValueSpecification","valueRequired":true,"valueName":"search_term_string"}}],"inLanguage":"nb-NO"}]}},"publishpress_future_action":{"enabled":false,"date":"2026-04-22 00:56:12","action":"change-status","newStatus":"draft","terms":[],"taxonomy":"","extraData":[]},"publishpress_future_workflow_manual_trigger":{"enabledWorkflows":[]},"_links":{"self":[{"href":"https:\/\/visitrauland.com\/raulandsakademiet\/wp-json\/wp\/v2\/pages\/7895","targetHints":{"allow":["GET"]}}],"collection":[{"href":"https:\/\/visitrauland.com\/raulandsakademiet\/wp-json\/wp\/v2\/pages"}],"about":[{"href":"https:\/\/visitrauland.com\/raulandsakademiet\/wp-json\/wp\/v2\/types\/page"}],"author":[{"embeddable":true,"href":"https:\/\/visitrauland.com\/raulandsakademiet\/wp-json\/wp\/v2\/users\/10"}],"replies":[{"embeddable":true,"href":"https:\/\/visitrauland.com\/raulandsakademiet\/wp-json\/wp\/v2\/comments?post=7895"}],"version-history":[{"count":12,"href":"https:\/\/visitrauland.com\/raulandsakademiet\/wp-json\/wp\/v2\/pages\/7895\/revisions"}],"predecessor-version":[{"id":8989,"href":"https:\/\/visitrauland.com\/raulandsakademiet\/wp-json\/wp\/v2\/pages\/7895\/revisions\/8989"}],"wp:attachment":[{"href":"https:\/\/visitrauland.com\/raulandsakademiet\/wp-json\/wp\/v2\/media?parent=7895"}],"curies":[{"name":"wp","href":"https:\/\/api.w.org\/{rel}","templated":true}]}}