{"id":4021,"date":"2019-04-03T12:25:05","date_gmt":"2019-04-03T10:25:05","guid":{"rendered":"https:\/\/visitrauland.com\/raulandsakademiet\/?page_id=4021"},"modified":"2025-11-28T10:10:43","modified_gmt":"2025-11-28T09:10:43","slug":"fasiliteter","status":"publish","type":"page","link":"https:\/\/visitrauland.com\/raulandsakademiet\/fasiliteter\/","title":{"rendered":"Fasiliteter"},"content":{"rendered":"<div id=\"cs-content\" class=\"cs-content\"><div id=\"x-section-1\" class=\"x-section\" style=\"margin: 0px;padding: 0px; background-color: transparent;\"><div id class=\"x-container\" style=\"margin: 0px auto;padding: 0px;\"><div class=\"x-column x-sm x-1-1\" style=\"padding: 0px;\"><div id class=\"x-text\" style><p><strong>Me har store fellesrom, festsal,&nbsp; kurs- og undervisningslokale med tilgang til digitale hjelpemiddel. I overnattingslolalet har du tilgang til eit minikj\u00f8kken, i tillegg til eit enklare kj\u00f8kken i kvar gang, t\u00f8rkesk\u00e5p, eit enkelt TV &#8211; rom.<\/strong><\/p>\n<\/div><\/div><\/div><\/div><div id=\"x-section-2\" class=\"x-section\" style=\"margin: 0px;padding: 0px; background-color: transparent;\"><div id class=\"x-container\" style=\"margin: 0px auto;padding: 0px;\"><div class=\"x-column x-sm x-1-1\" style=\"padding: 0px;\"><noscript><img decoding=\"async\" class=\"x-img x-img-none\" src=\"https:\/\/visitrauland.com\/raulandsakademiet\/wp-content\/uploads\/sites\/32\/2024\/09\/IMG_3488_1727093030-scaled.jpeg\"><\/noscript><img decoding=\"async\" class=\"x-img x-img-none lazyload\" src=\"data:image\/gif;base64,R0lGODlhAQABAIAAAAAAAP\/\/\/yH5BAEAAAAALAAAAAABAAEAAAIBRAA7\" data-src=\"https:\/\/visitrauland.com\/raulandsakademiet\/wp-content\/uploads\/sites\/32\/2024\/09\/IMG_3488_1727093030-scaled.jpeg\"><\/div><\/div><div id class=\"x-container\" style=\"margin: 0px auto;padding: 0px;\"><div class=\"x-column x-sm x-1-2\" style=\"padding: 0px;\"><noscript><img decoding=\"async\" class=\"x-img x-img-none\" src=\"https:\/\/visitrauland.com\/raulandsakademiet\/wp-content\/uploads\/sites\/32\/2024\/10\/rakefisk-potet-brau_1728550742.jpg\"><\/noscript><img decoding=\"async\" class=\"x-img x-img-none lazyload\" src=\"data:image\/gif;base64,R0lGODlhAQABAIAAAAAAAP\/\/\/yH5BAEAAAAALAAAAAABAAEAAAIBRAA7\" data-src=\"https:\/\/visitrauland.com\/raulandsakademiet\/wp-content\/uploads\/sites\/32\/2024\/10\/rakefisk-potet-brau_1728550742.jpg\"><\/div><div class=\"x-column x-sm x-1-2\" style=\"padding: 0px;\"><noscript><img decoding=\"async\" class=\"x-img x-img-none\" src=\"https:\/\/visitrauland.com\/raulandsakademiet\/wp-content\/uploads\/sites\/32\/2018\/01\/aarestoga-600.png\"><\/noscript><img decoding=\"async\" class=\"x-img x-img-none lazyload\" src=\"data:image\/gif;base64,R0lGODlhAQABAIAAAAAAAP\/\/\/yH5BAEAAAAALAAAAAABAAEAAAIBRAA7\" data-src=\"https:\/\/visitrauland.com\/raulandsakademiet\/wp-content\/uploads\/sites\/32\/2018\/01\/aarestoga-600.png\"><\/div><\/div><\/div><div id=\"x-section-3\" class=\"x-section\" style=\"margin: 0px;padding: 0px; background-color: transparent;\"><div id class=\"x-container\" style=\"margin: 0px auto;padding: 0px;\"><div class=\"x-column x-sm x-1-1\" style=\"padding: 0px;\"><div id class=\"x-text\" style><p><strong>Matsal<\/strong><br>\nMatsalen har plass til 80 personar, og her blir det servert god, heimelaga mat kvar dag. Frukosten har eit stort utval av kvalitetsp\u00e5legg, frukostblandingar, yoghurt, og heimebaka br\u00f8d! Kj\u00f8kkenet legg til rette for matallergi, og andre ynskje knytt til mat.<\/p>\n<p><strong>Internett og bibliotek<\/strong><br>\nDet er tr\u00e5dlaust internett i alle fellesomr\u00e5da og i overnattingsromma. I fellesomr\u00e5da er det b\u00e5de gjestenettverk og EDUROAM nettverk. Biblioteket sine opningstider finn du p\u00e5 heimesida til USN.<\/p>\n<p><strong>M\u00f8tefasilitetar<\/strong><br>\nMe har to rom med moderne m\u00f8tefasilitetar (lydanlegg, prosjektor, internett) til st\u00f8rre grupper, mindre m\u00f8te- og grupperom. Me lagar m\u00f8tepakker tilpassa behov som inkluderar overnatting, kaffe, pausemat, alle m\u00e5ltider (inkl. festmiddag) og m\u00f8terom.<\/p>\n<p>Ta gjerne kontakt om det er sp\u00f8rsm\u00e5l!<\/p>\n<p><a href=\"https:\/\/www.virtualtours.dk\/Hosting\/Norway\/Rauland\/raulandsakademiet\/raulands_a.html\" target=\"_blank\" rel=\"noopener\"><strong>Se 360-graders visning<\/strong> <\/a><\/p>\n<\/div><\/div><\/div><\/div><div id=\"x-section-4\" class=\"x-section\" style=\"margin: 0px;padding: 0px; background-color: transparent;\"><div id class=\"x-container\" style=\"margin: 0px auto;padding: 0px;\"><div class=\"x-column x-sm x-1-1\" style=\"padding: 0px;\"><noscript><img decoding=\"async\" class=\"x-img x-img-none\" src=\"https:\/\/visitrauland.com\/raulandsakademiet\/wp-content\/uploads\/sites\/32\/2017\/12\/Inngang-vinter-1920.jpg\"><\/noscript><img decoding=\"async\" class=\"x-img x-img-none lazyload\" src=\"data:image\/gif;base64,R0lGODlhAQABAIAAAAAAAP\/\/\/yH5BAEAAAAALAAAAAABAAEAAAIBRAA7\" data-src=\"https:\/\/visitrauland.com\/raulandsakademiet\/wp-content\/uploads\/sites\/32\/2017\/12\/Inngang-vinter-1920.jpg\"><\/div><\/div><\/div><\/div>\n","protected":false},"excerpt":{"rendered":"","protected":false},"author":3,"featured_media":0,"parent":0,"menu_order":0,"comment_status":"closed","ping_status":"closed","template":"","meta":{"_relevanssi_hide_post":"","_relevanssi_hide_content":"","_relevanssi_pin_for_all":"","_relevanssi_pin_keywords":"","_relevanssi_unpin_keywords":"","_relevanssi_related_keywords":"","_relevanssi_related_include_ids":"","_relevanssi_related_exclude_ids":"","_relevanssi_related_no_append":"","_relevanssi_related_not_related":"","_relevanssi_related_posts":"2227,8821,8872,8862,6055,8695","_relevanssi_noindex_reason":"","seo_booster_metabox":"","footnotes":""},"class_list":["post-4021","page","type-page","status-publish","hentry","no-post-thumbnail"],"yoast_head":"<!-- This site is optimized with the Yoast SEO plugin v27.2 - https:\/\/yoast.com\/product\/yoast-seo-wordpress\/ -->\n<title>Fasiliteter - Raulandsakademiet<\/title>\n<meta name=\"robots\" content=\"index, follow, max-snippet:-1, max-image-preview:large, max-video-preview:-1\" \/>\n<link rel=\"canonical\" href=\"https:\/\/visitrauland.com\/raulandsakademiet\/fasiliteter\/\" \/>\n<meta property=\"og:locale\" content=\"nb_NO\" \/>\n<meta property=\"og:type\" content=\"article\" \/>\n<meta property=\"og:title\" content=\"Fasiliteter - Raulandsakademiet\" \/>\n<meta property=\"og:url\" content=\"https:\/\/visitrauland.com\/raulandsakademiet\/fasiliteter\/\" \/>\n<meta property=\"og:site_name\" content=\"Raulandsakademiet\" \/>\n<meta property=\"article:modified_time\" content=\"2025-11-28T09:10:43+00:00\" \/>\n<meta name=\"twitter:card\" content=\"summary_large_image\" \/>\n<meta name=\"twitter:label1\" content=\"Ansl. lesetid\" \/>\n\t<meta name=\"twitter:data1\" content=\"3 minutter\" \/>\n<script type=\"application\/ld+json\" class=\"yoast-schema-graph\">{\"@context\":\"https:\/\/schema.org\",\"@graph\":[{\"@type\":\"WebPage\",\"@id\":\"https:\/\/visitrauland.com\/raulandsakademiet\/fasiliteter\/\",\"url\":\"https:\/\/visitrauland.com\/raulandsakademiet\/fasiliteter\/\",\"name\":\"Fasiliteter - Raulandsakademiet\",\"isPartOf\":{\"@id\":\"https:\/\/visitrauland.com\/raulandsakademiet\/#website\"},\"datePublished\":\"2019-04-03T10:25:05+00:00\",\"dateModified\":\"2025-11-28T09:10:43+00:00\",\"breadcrumb\":{\"@id\":\"https:\/\/visitrauland.com\/raulandsakademiet\/fasiliteter\/#breadcrumb\"},\"inLanguage\":\"nb-NO\",\"potentialAction\":[{\"@type\":\"ReadAction\",\"target\":[\"https:\/\/visitrauland.com\/raulandsakademiet\/fasiliteter\/\"]}]},{\"@type\":\"BreadcrumbList\",\"@id\":\"https:\/\/visitrauland.com\/raulandsakademiet\/fasiliteter\/#breadcrumb\",\"itemListElement\":[{\"@type\":\"ListItem\",\"position\":1,\"name\":\"Hjem\",\"item\":\"https:\/\/visitrauland.com\/raulandsakademiet\/\"},{\"@type\":\"ListItem\",\"position\":2,\"name\":\"Fasiliteter\"}]},{\"@type\":\"WebSite\",\"@id\":\"https:\/\/visitrauland.com\/raulandsakademiet\/#website\",\"url\":\"https:\/\/visitrauland.com\/raulandsakademiet\/\",\"name\":\"Raulandsakademiet\",\"description\":\"Overnatting - Kurs - Opplevelser\",\"potentialAction\":[{\"@type\":\"SearchAction\",\"target\":{\"@type\":\"EntryPoint\",\"urlTemplate\":\"https:\/\/visitrauland.com\/raulandsakademiet\/?s={search_term_string}\"},\"query-input\":{\"@type\":\"PropertyValueSpecification\",\"valueRequired\":true,\"valueName\":\"search_term_string\"}}],\"inLanguage\":\"nb-NO\"}]}<\/script>\n<!-- \/ Yoast SEO plugin. -->","yoast_head_json":{"title":"Fasiliteter - Raulandsakademiet","robots":{"index":"index","follow":"follow","max-snippet":"max-snippet:-1","max-image-preview":"max-image-preview:large","max-video-preview":"max-video-preview:-1"},"canonical":"https:\/\/visitrauland.com\/raulandsakademiet\/fasiliteter\/","og_locale":"nb_NO","og_type":"article","og_title":"Fasiliteter - Raulandsakademiet","og_url":"https:\/\/visitrauland.com\/raulandsakademiet\/fasiliteter\/","og_site_name":"Raulandsakademiet","article_modified_time":"2025-11-28T09:10:43+00:00","twitter_card":"summary_large_image","twitter_misc":{"Ansl. lesetid":"3 minutter"},"schema":{"@context":"https:\/\/schema.org","@graph":[{"@type":"WebPage","@id":"https:\/\/visitrauland.com\/raulandsakademiet\/fasiliteter\/","url":"https:\/\/visitrauland.com\/raulandsakademiet\/fasiliteter\/","name":"Fasiliteter - Raulandsakademiet","isPartOf":{"@id":"https:\/\/visitrauland.com\/raulandsakademiet\/#website"},"datePublished":"2019-04-03T10:25:05+00:00","dateModified":"2025-11-28T09:10:43+00:00","breadcrumb":{"@id":"https:\/\/visitrauland.com\/raulandsakademiet\/fasiliteter\/#breadcrumb"},"inLanguage":"nb-NO","potentialAction":[{"@type":"ReadAction","target":["https:\/\/visitrauland.com\/raulandsakademiet\/fasiliteter\/"]}]},{"@type":"BreadcrumbList","@id":"https:\/\/visitrauland.com\/raulandsakademiet\/fasiliteter\/#breadcrumb","itemListElement":[{"@type":"ListItem","position":1,"name":"Hjem","item":"https:\/\/visitrauland.com\/raulandsakademiet\/"},{"@type":"ListItem","position":2,"name":"Fasiliteter"}]},{"@type":"WebSite","@id":"https:\/\/visitrauland.com\/raulandsakademiet\/#website","url":"https:\/\/visitrauland.com\/raulandsakademiet\/","name":"Raulandsakademiet","description":"Overnatting - Kurs - Opplevelser","potentialAction":[{"@type":"SearchAction","target":{"@type":"EntryPoint","urlTemplate":"https:\/\/visitrauland.com\/raulandsakademiet\/?s={search_term_string}"},"query-input":{"@type":"PropertyValueSpecification","valueRequired":true,"valueName":"search_term_string"}}],"inLanguage":"nb-NO"}]}},"publishpress_future_action":{"enabled":false,"date":"2026-04-26 08:30:17","action":"change-status","newStatus":"draft","terms":[],"taxonomy":"","extraData":[]},"publishpress_future_workflow_manual_trigger":{"enabledWorkflows":[]},"_links":{"self":[{"href":"https:\/\/visitrauland.com\/raulandsakademiet\/wp-json\/wp\/v2\/pages\/4021","targetHints":{"allow":["GET"]}}],"collection":[{"href":"https:\/\/visitrauland.com\/raulandsakademiet\/wp-json\/wp\/v2\/pages"}],"about":[{"href":"https:\/\/visitrauland.com\/raulandsakademiet\/wp-json\/wp\/v2\/types\/page"}],"author":[{"embeddable":true,"href":"https:\/\/visitrauland.com\/raulandsakademiet\/wp-json\/wp\/v2\/users\/3"}],"replies":[{"embeddable":true,"href":"https:\/\/visitrauland.com\/raulandsakademiet\/wp-json\/wp\/v2\/comments?post=4021"}],"version-history":[{"count":7,"href":"https:\/\/visitrauland.com\/raulandsakademiet\/wp-json\/wp\/v2\/pages\/4021\/revisions"}],"predecessor-version":[{"id":8987,"href":"https:\/\/visitrauland.com\/raulandsakademiet\/wp-json\/wp\/v2\/pages\/4021\/revisions\/8987"}],"wp:attachment":[{"href":"https:\/\/visitrauland.com\/raulandsakademiet\/wp-json\/wp\/v2\/media?parent=4021"}],"curies":[{"name":"wp","href":"https:\/\/api.w.org\/{rel}","templated":true}]}}