{"id":370,"date":"2017-11-06T18:19:16","date_gmt":"2017-11-06T17:19:16","guid":{"rendered":"https:\/\/visitrauland.com\/raulandsakademiet\/?page_id=370"},"modified":"2025-12-17T09:48:36","modified_gmt":"2025-12-17T08:48:36","slug":"kursliste","status":"publish","type":"page","link":"https:\/\/visitrauland.com\/raulandsakademiet\/kursliste\/","title":{"rendered":"Kursliste &#8211; Raulandsakademiet"},"content":{"rendered":"<div id=\"cs-content\" class=\"cs-content\"><div class=\"x-section e370-e1 maa-0 maa-1\"><div class=\"x-row x-container max width e370-e2 maa-3 maa-4 maa-5\"><div class=\"x-row-inner\"><div class=\"x-col e370-e3 maa-8\"><div class=\"x-text x-content e370-e4 maa-9\"><h2>Kursliste - Raulandsakademiet<\/h2>\n<p>Kursliste for 2026<\/p><\/div><hr class=\"x-line e370-e5 maa-a\"><div class=\"x-text x-content e370-e6 maa-9\"><a href=\"https:\/\/visitrauland.com\/raulandsakademiet\/nyttig-info-pa-kurs\/\"><strong>Nyttig info<\/strong><\/a>&nbsp; | <strong><a href=\"https:\/\/raulandsakademiet.us12.list-manage.com\/subscribe?u=ed2ab3cf877dbb001f22a3b9e&amp;id=48bc405a60\">Meld deg p\u00e5 nyheitsbrev<\/a><\/strong> | &nbsp;<a href=\"https:\/\/visitrauland.com\/raulandsakademiet\/nyttig-info-pa-kurs\/#avmelding\">Avmeldingsreglar<\/a><\/div><\/div><\/div><\/div><\/div><div class=\"x-section e370-e7 maa-0 maa-2\"><div class=\"x-row x-container max width e370-e8 maa-3 maa-4 maa-6\"><div class=\"x-row-inner\"><div class=\"x-col e370-e9 maa-8\"><div class=\"x-text x-content e370-e10 maa-9\"><noscript><iframe style=\"width: 100%;height: 900px\" id=\"kursagenten-iframe\" src=\"https:\/\/embed.kursagenten.no\/360\/Kursliste?theme=raulandsakademiet-lang&amp;orderby=FirstCourseDate-Ascending\" frameborder=\"0\"><\/iframe><\/noscript><iframe style=\"width: 100%;height: 900px\" id=\"kursagenten-iframe\" frameborder=\"0\" data-src=\"https:\/\/embed.kursagenten.no\/360\/Kursliste?theme=raulandsakademiet-lang&amp;orderby=FirstCourseDate-Ascending\" class=\" lazyload\"><\/iframe><\/div><\/div><\/div><\/div><div class=\"x-row x-container max width e370-e11 maa-3 maa-4 maa-7\"><div class=\"x-row-inner\"><\/div><\/div><\/div><\/div>\n","protected":false},"excerpt":{"rendered":"<p>Kursliste &#8211; Raulandsakademiet Kursliste for 2026Nyttig info&nbsp; | Meld deg p\u00e5 nyheitsbrev | &nbsp;Avmeldingsreglar<\/p>\n","protected":false},"author":4,"featured_media":0,"parent":0,"menu_order":0,"comment_status":"closed","ping_status":"closed","template":"template-blank-4.php","meta":{"_relevanssi_hide_post":"","_relevanssi_hide_content":"","_relevanssi_pin_for_all":"","_relevanssi_pin_keywords":"","_relevanssi_unpin_keywords":"","_relevanssi_related_keywords":"","_relevanssi_related_include_ids":"","_relevanssi_related_exclude_ids":"","_relevanssi_related_no_append":"","_relevanssi_related_not_related":"","_relevanssi_related_posts":"6602,2227,8509,6055,8821,2223","_relevanssi_noindex_reason":"","seo_booster_metabox":"","footnotes":""},"class_list":["post-370","page","type-page","status-publish","hentry","no-post-thumbnail"],"yoast_head":"<!-- This site is optimized with the Yoast SEO plugin v27.2 - https:\/\/yoast.com\/product\/yoast-seo-wordpress\/ -->\n<title>Kurs p\u00e5 Raulandsakademiet - se kurslisten her<\/title>\n<meta name=\"description\" content=\"L\u00e6r tradisjonelle h\u00e5ndverksteknikker p\u00e5 Raulandsakademiet. Kurslisten ser du her.\" \/>\n<meta name=\"robots\" content=\"index, follow, max-snippet:-1, max-image-preview:large, max-video-preview:-1\" \/>\n<link rel=\"canonical\" href=\"https:\/\/visitrauland.com\/raulandsakademiet\/kursliste\/\" \/>\n<meta property=\"og:locale\" content=\"nb_NO\" \/>\n<meta property=\"og:type\" content=\"article\" \/>\n<meta property=\"og:title\" content=\"Kurs p\u00e5 Raulandsakademiet - se kurslisten her\" \/>\n<meta property=\"og:description\" content=\"L\u00e6r tradisjonelle h\u00e5ndverksteknikker p\u00e5 Raulandsakademiet. Kurslisten ser du her.\" \/>\n<meta property=\"og:url\" content=\"https:\/\/visitrauland.com\/raulandsakademiet\/kursliste\/\" \/>\n<meta property=\"og:site_name\" content=\"Raulandsakademiet\" \/>\n<meta property=\"article:modified_time\" content=\"2025-12-17T08:48:36+00:00\" \/>\n<meta name=\"twitter:card\" content=\"summary_large_image\" \/>\n<meta name=\"twitter:label1\" content=\"Ansl. lesetid\" \/>\n\t<meta name=\"twitter:data1\" content=\"1 minutt\" \/>\n<script type=\"application\/ld+json\" class=\"yoast-schema-graph\">{\"@context\":\"https:\/\/schema.org\",\"@graph\":[{\"@type\":\"WebPage\",\"@id\":\"https:\/\/visitrauland.com\/raulandsakademiet\/kursliste\/\",\"url\":\"https:\/\/visitrauland.com\/raulandsakademiet\/kursliste\/\",\"name\":\"Kurs p\u00e5 Raulandsakademiet - se kurslisten her\",\"isPartOf\":{\"@id\":\"https:\/\/visitrauland.com\/raulandsakademiet\/#website\"},\"datePublished\":\"2017-11-06T17:19:16+00:00\",\"dateModified\":\"2025-12-17T08:48:36+00:00\",\"description\":\"L\u00e6r tradisjonelle h\u00e5ndverksteknikker p\u00e5 Raulandsakademiet. Kurslisten ser du her.\",\"breadcrumb\":{\"@id\":\"https:\/\/visitrauland.com\/raulandsakademiet\/kursliste\/#breadcrumb\"},\"inLanguage\":\"nb-NO\",\"potentialAction\":[{\"@type\":\"ReadAction\",\"target\":[\"https:\/\/visitrauland.com\/raulandsakademiet\/kursliste\/\"]}]},{\"@type\":\"BreadcrumbList\",\"@id\":\"https:\/\/visitrauland.com\/raulandsakademiet\/kursliste\/#breadcrumb\",\"itemListElement\":[{\"@type\":\"ListItem\",\"position\":1,\"name\":\"Hjem\",\"item\":\"https:\/\/visitrauland.com\/raulandsakademiet\/\"},{\"@type\":\"ListItem\",\"position\":2,\"name\":\"Kursliste &#8211; Raulandsakademiet\"}]},{\"@type\":\"WebSite\",\"@id\":\"https:\/\/visitrauland.com\/raulandsakademiet\/#website\",\"url\":\"https:\/\/visitrauland.com\/raulandsakademiet\/\",\"name\":\"Raulandsakademiet\",\"description\":\"Overnatting - Kurs - Opplevelser\",\"potentialAction\":[{\"@type\":\"SearchAction\",\"target\":{\"@type\":\"EntryPoint\",\"urlTemplate\":\"https:\/\/visitrauland.com\/raulandsakademiet\/?s={search_term_string}\"},\"query-input\":{\"@type\":\"PropertyValueSpecification\",\"valueRequired\":true,\"valueName\":\"search_term_string\"}}],\"inLanguage\":\"nb-NO\"}]}<\/script>\n<!-- \/ Yoast SEO plugin. -->","yoast_head_json":{"title":"Kurs p\u00e5 Raulandsakademiet - se kurslisten her","description":"L\u00e6r tradisjonelle h\u00e5ndverksteknikker p\u00e5 Raulandsakademiet. Kurslisten ser du her.","robots":{"index":"index","follow":"follow","max-snippet":"max-snippet:-1","max-image-preview":"max-image-preview:large","max-video-preview":"max-video-preview:-1"},"canonical":"https:\/\/visitrauland.com\/raulandsakademiet\/kursliste\/","og_locale":"nb_NO","og_type":"article","og_title":"Kurs p\u00e5 Raulandsakademiet - se kurslisten her","og_description":"L\u00e6r tradisjonelle h\u00e5ndverksteknikker p\u00e5 Raulandsakademiet. Kurslisten ser du her.","og_url":"https:\/\/visitrauland.com\/raulandsakademiet\/kursliste\/","og_site_name":"Raulandsakademiet","article_modified_time":"2025-12-17T08:48:36+00:00","twitter_card":"summary_large_image","twitter_misc":{"Ansl. lesetid":"1 minutt"},"schema":{"@context":"https:\/\/schema.org","@graph":[{"@type":"WebPage","@id":"https:\/\/visitrauland.com\/raulandsakademiet\/kursliste\/","url":"https:\/\/visitrauland.com\/raulandsakademiet\/kursliste\/","name":"Kurs p\u00e5 Raulandsakademiet - se kurslisten her","isPartOf":{"@id":"https:\/\/visitrauland.com\/raulandsakademiet\/#website"},"datePublished":"2017-11-06T17:19:16+00:00","dateModified":"2025-12-17T08:48:36+00:00","description":"L\u00e6r tradisjonelle h\u00e5ndverksteknikker p\u00e5 Raulandsakademiet. Kurslisten ser du her.","breadcrumb":{"@id":"https:\/\/visitrauland.com\/raulandsakademiet\/kursliste\/#breadcrumb"},"inLanguage":"nb-NO","potentialAction":[{"@type":"ReadAction","target":["https:\/\/visitrauland.com\/raulandsakademiet\/kursliste\/"]}]},{"@type":"BreadcrumbList","@id":"https:\/\/visitrauland.com\/raulandsakademiet\/kursliste\/#breadcrumb","itemListElement":[{"@type":"ListItem","position":1,"name":"Hjem","item":"https:\/\/visitrauland.com\/raulandsakademiet\/"},{"@type":"ListItem","position":2,"name":"Kursliste &#8211; Raulandsakademiet"}]},{"@type":"WebSite","@id":"https:\/\/visitrauland.com\/raulandsakademiet\/#website","url":"https:\/\/visitrauland.com\/raulandsakademiet\/","name":"Raulandsakademiet","description":"Overnatting - Kurs - Opplevelser","potentialAction":[{"@type":"SearchAction","target":{"@type":"EntryPoint","urlTemplate":"https:\/\/visitrauland.com\/raulandsakademiet\/?s={search_term_string}"},"query-input":{"@type":"PropertyValueSpecification","valueRequired":true,"valueName":"search_term_string"}}],"inLanguage":"nb-NO"}]}},"publishpress_future_action":{"enabled":false,"date":"2026-04-26 12:09:27","action":"change-status","newStatus":"draft","terms":[],"taxonomy":"","extraData":[]},"publishpress_future_workflow_manual_trigger":{"enabledWorkflows":[]},"_links":{"self":[{"href":"https:\/\/visitrauland.com\/raulandsakademiet\/wp-json\/wp\/v2\/pages\/370","targetHints":{"allow":["GET"]}}],"collection":[{"href":"https:\/\/visitrauland.com\/raulandsakademiet\/wp-json\/wp\/v2\/pages"}],"about":[{"href":"https:\/\/visitrauland.com\/raulandsakademiet\/wp-json\/wp\/v2\/types\/page"}],"author":[{"embeddable":true,"href":"https:\/\/visitrauland.com\/raulandsakademiet\/wp-json\/wp\/v2\/users\/4"}],"replies":[{"embeddable":true,"href":"https:\/\/visitrauland.com\/raulandsakademiet\/wp-json\/wp\/v2\/comments?post=370"}],"version-history":[{"count":21,"href":"https:\/\/visitrauland.com\/raulandsakademiet\/wp-json\/wp\/v2\/pages\/370\/revisions"}],"predecessor-version":[{"id":9019,"href":"https:\/\/visitrauland.com\/raulandsakademiet\/wp-json\/wp\/v2\/pages\/370\/revisions\/9019"}],"wp:attachment":[{"href":"https:\/\/visitrauland.com\/raulandsakademiet\/wp-json\/wp\/v2\/media?parent=370"}],"curies":[{"name":"wp","href":"https:\/\/api.w.org\/{rel}","templated":true}]}}