{"id":1945,"date":"2018-01-02T16:07:10","date_gmt":"2018-01-02T15:07:10","guid":{"rendered":"https:\/\/visitrauland.com\/raulandsakademiet\/?page_id=1945"},"modified":"2025-11-28T10:12:48","modified_gmt":"2025-11-28T09:12:48","slug":"mat-og-drikke","status":"publish","type":"page","link":"https:\/\/visitrauland.com\/raulandsakademiet\/mat-og-drikke\/","title":{"rendered":"Mat og drikke"},"content":{"rendered":"<div id=\"cs-content\" class=\"cs-content\"><div id=\"x-section-1\" class=\"x-section\" style=\"margin: 0px;padding: 0px; background-color: transparent;\"><div id class=\"x-container\" style=\"margin: 0px auto;padding: 0px;\"><div class=\"x-column x-sm x-1-1\" style=\"padding: 0px;\"><div id class=\"x-text\" style><p><strong>I matsalen er det plass til ca 80 personar. Det blir servert god, heimelaga mat. Frokost er eit stort utval av kvalitetsp\u00e5legg, frukostblandingar og yogurt, og heimebaka br\u00f8d! <\/strong><\/p>\n<p>Kj\u00f8kenet p\u00e5 Raulandsakademiet serverar mat som er laga fr\u00e5 botnen, med kvalitetsr\u00e5varer. Me er s\u00e6rs gode p\u00e5 norsk tradisjonsmat, samstundes som me s\u00f8ker inspirasjon og smakar fr\u00e5 andre stadar i verda.<\/p>\n<p>Me har kantine for studentane og l\u00e6rarar p\u00e5 USN, men alle er velkomne til lunsj. Det er varmmat i kantina kl. 11.oo-13.oo m\u00e5ndag-fredag i studie\u00e5ret.<\/p>\n<p>Me har skjenkel\u00f8yve.<\/p>\n<p>Kokkane s\u00f8rger for \u00e5 lage god mat \u00f2g til dei som har matallergier &#8211; gje beskjed n\u00e5r du tingar rom for \u00e5 hjelpe oss med \u00e5 lage mat til deg.<\/p>\n<\/div><\/div><\/div><\/div><div id=\"x-section-2\" class=\"x-section\" style=\"margin: 0px;padding: 0px; background-color: transparent;\"><div id class=\"x-container\" style=\"margin: 0px auto;padding: 0px;\"><div class=\"x-column x-sm x-1-2\" style=\"padding: 0px;\"><noscript><img decoding=\"async\" class=\"x-img x-img-none\" src=\"https:\/\/www.visitrauland.com\/raulandsakademiet\/wp-content\/uploads\/sites\/32\/2017\/12\/Speltbrod-600-1.jpg\"><\/noscript><img decoding=\"async\" class=\"x-img x-img-none lazyload\" src=\"data:image\/gif;base64,R0lGODlhAQABAIAAAAAAAP\/\/\/yH5BAEAAAAALAAAAAABAAEAAAIBRAA7\" data-src=\"https:\/\/www.visitrauland.com\/raulandsakademiet\/wp-content\/uploads\/sites\/32\/2017\/12\/Speltbrod-600-1.jpg\"><\/div><div class=\"x-column x-sm x-1-2\" style=\"padding: 0px;\"><noscript><img decoding=\"async\" class=\"x-img x-img-none\" src=\"https:\/\/visitrauland.com\/raulandsakademiet\/wp-content\/uploads\/sites\/32\/2025\/10\/2015-08-30-23.40.44_1760432629-scaled.jpg\"><\/noscript><img decoding=\"async\" class=\"x-img x-img-none lazyload\" src=\"data:image\/gif;base64,R0lGODlhAQABAIAAAAAAAP\/\/\/yH5BAEAAAAALAAAAAABAAEAAAIBRAA7\" data-src=\"https:\/\/visitrauland.com\/raulandsakademiet\/wp-content\/uploads\/sites\/32\/2025\/10\/2015-08-30-23.40.44_1760432629-scaled.jpg\"><\/div><\/div><div id class=\"x-container\" style=\"margin: 0px auto;padding: 0px;\"><div class=\"x-column x-sm x-1-1\" style=\"padding: 0px;\"><noscript><img decoding=\"async\" class=\"x-img x-img-none\" src=\"https:\/\/www.visitrauland.com\/raulandsakademiet\/wp-content\/uploads\/sites\/32\/2018\/01\/Akademiet-restaurant-1920.jpg\"><\/noscript><img decoding=\"async\" class=\"x-img x-img-none lazyload\" src=\"data:image\/gif;base64,R0lGODlhAQABAIAAAAAAAP\/\/\/yH5BAEAAAAALAAAAAABAAEAAAIBRAA7\" data-src=\"https:\/\/www.visitrauland.com\/raulandsakademiet\/wp-content\/uploads\/sites\/32\/2018\/01\/Akademiet-restaurant-1920.jpg\"><\/div><\/div><\/div><div id=\"x-section-3\" class=\"x-section\" style=\"margin: 0px;padding: 0px; background-color: transparent;\"><div id class=\"x-container\" style=\"margin: 0px auto;padding: 0px;\"><div class=\"x-column x-sm x-1-1\" style=\"padding: 0px;\"><noscript><img decoding=\"async\" class=\"x-img x-img-none\" src=\"https:\/\/visitrauland.com\/raulandsakademiet\/wp-content\/uploads\/sites\/32\/2025\/10\/rakfisk-stort-bilde225b2_1760432642.jpg\"><\/noscript><img decoding=\"async\" class=\"x-img x-img-none lazyload\" src=\"data:image\/gif;base64,R0lGODlhAQABAIAAAAAAAP\/\/\/yH5BAEAAAAALAAAAAABAAEAAAIBRAA7\" data-src=\"https:\/\/visitrauland.com\/raulandsakademiet\/wp-content\/uploads\/sites\/32\/2025\/10\/rakfisk-stort-bilde225b2_1760432642.jpg\"><\/div><\/div><\/div><\/div>\n","protected":false},"excerpt":{"rendered":"","protected":false},"author":1,"featured_media":0,"parent":0,"menu_order":0,"comment_status":"closed","ping_status":"closed","template":"","meta":{"_relevanssi_hide_post":"","_relevanssi_hide_content":"","_relevanssi_pin_for_all":"","_relevanssi_pin_keywords":"","_relevanssi_unpin_keywords":"","_relevanssi_related_keywords":"","_relevanssi_related_include_ids":"","_relevanssi_related_exclude_ids":"","_relevanssi_related_no_append":"","_relevanssi_related_not_related":"","_relevanssi_related_posts":"5639,8818,8872,8509,4573,399","_relevanssi_noindex_reason":"","seo_booster_metabox":"","footnotes":""},"class_list":["post-1945","page","type-page","status-publish","hentry","no-post-thumbnail"],"yoast_head":"<!-- This site is optimized with the Yoast SEO plugin v27.2 - https:\/\/yoast.com\/product\/yoast-seo-wordpress\/ -->\n<title>Mat og drikke - Raulandsakademiet<\/title>\n<meta name=\"robots\" content=\"index, follow, max-snippet:-1, max-image-preview:large, max-video-preview:-1\" \/>\n<link rel=\"canonical\" href=\"https:\/\/visitrauland.com\/raulandsakademiet\/mat-og-drikke\/\" \/>\n<meta property=\"og:locale\" content=\"nb_NO\" \/>\n<meta property=\"og:type\" content=\"article\" \/>\n<meta property=\"og:title\" content=\"Mat og drikke - Raulandsakademiet\" \/>\n<meta property=\"og:url\" content=\"https:\/\/visitrauland.com\/raulandsakademiet\/mat-og-drikke\/\" \/>\n<meta property=\"og:site_name\" content=\"Raulandsakademiet\" \/>\n<meta property=\"article:modified_time\" content=\"2025-11-28T09:12:48+00:00\" \/>\n<meta name=\"twitter:card\" content=\"summary_large_image\" \/>\n<meta name=\"twitter:label1\" content=\"Ansl. lesetid\" \/>\n\t<meta name=\"twitter:data1\" content=\"3 minutter\" \/>\n<script type=\"application\/ld+json\" class=\"yoast-schema-graph\">{\"@context\":\"https:\/\/schema.org\",\"@graph\":[{\"@type\":\"WebPage\",\"@id\":\"https:\/\/visitrauland.com\/raulandsakademiet\/mat-og-drikke\/\",\"url\":\"https:\/\/visitrauland.com\/raulandsakademiet\/mat-og-drikke\/\",\"name\":\"Mat og drikke - Raulandsakademiet\",\"isPartOf\":{\"@id\":\"https:\/\/visitrauland.com\/raulandsakademiet\/#website\"},\"datePublished\":\"2018-01-02T15:07:10+00:00\",\"dateModified\":\"2025-11-28T09:12:48+00:00\",\"breadcrumb\":{\"@id\":\"https:\/\/visitrauland.com\/raulandsakademiet\/mat-og-drikke\/#breadcrumb\"},\"inLanguage\":\"nb-NO\",\"potentialAction\":[{\"@type\":\"ReadAction\",\"target\":[\"https:\/\/visitrauland.com\/raulandsakademiet\/mat-og-drikke\/\"]}]},{\"@type\":\"BreadcrumbList\",\"@id\":\"https:\/\/visitrauland.com\/raulandsakademiet\/mat-og-drikke\/#breadcrumb\",\"itemListElement\":[{\"@type\":\"ListItem\",\"position\":1,\"name\":\"Hjem\",\"item\":\"https:\/\/visitrauland.com\/raulandsakademiet\/\"},{\"@type\":\"ListItem\",\"position\":2,\"name\":\"Mat og drikke\"}]},{\"@type\":\"WebSite\",\"@id\":\"https:\/\/visitrauland.com\/raulandsakademiet\/#website\",\"url\":\"https:\/\/visitrauland.com\/raulandsakademiet\/\",\"name\":\"Raulandsakademiet\",\"description\":\"Overnatting - Kurs - Opplevelser\",\"potentialAction\":[{\"@type\":\"SearchAction\",\"target\":{\"@type\":\"EntryPoint\",\"urlTemplate\":\"https:\/\/visitrauland.com\/raulandsakademiet\/?s={search_term_string}\"},\"query-input\":{\"@type\":\"PropertyValueSpecification\",\"valueRequired\":true,\"valueName\":\"search_term_string\"}}],\"inLanguage\":\"nb-NO\"}]}<\/script>\n<!-- \/ Yoast SEO plugin. -->","yoast_head_json":{"title":"Mat og drikke - Raulandsakademiet","robots":{"index":"index","follow":"follow","max-snippet":"max-snippet:-1","max-image-preview":"max-image-preview:large","max-video-preview":"max-video-preview:-1"},"canonical":"https:\/\/visitrauland.com\/raulandsakademiet\/mat-og-drikke\/","og_locale":"nb_NO","og_type":"article","og_title":"Mat og drikke - Raulandsakademiet","og_url":"https:\/\/visitrauland.com\/raulandsakademiet\/mat-og-drikke\/","og_site_name":"Raulandsakademiet","article_modified_time":"2025-11-28T09:12:48+00:00","twitter_card":"summary_large_image","twitter_misc":{"Ansl. lesetid":"3 minutter"},"schema":{"@context":"https:\/\/schema.org","@graph":[{"@type":"WebPage","@id":"https:\/\/visitrauland.com\/raulandsakademiet\/mat-og-drikke\/","url":"https:\/\/visitrauland.com\/raulandsakademiet\/mat-og-drikke\/","name":"Mat og drikke - Raulandsakademiet","isPartOf":{"@id":"https:\/\/visitrauland.com\/raulandsakademiet\/#website"},"datePublished":"2018-01-02T15:07:10+00:00","dateModified":"2025-11-28T09:12:48+00:00","breadcrumb":{"@id":"https:\/\/visitrauland.com\/raulandsakademiet\/mat-og-drikke\/#breadcrumb"},"inLanguage":"nb-NO","potentialAction":[{"@type":"ReadAction","target":["https:\/\/visitrauland.com\/raulandsakademiet\/mat-og-drikke\/"]}]},{"@type":"BreadcrumbList","@id":"https:\/\/visitrauland.com\/raulandsakademiet\/mat-og-drikke\/#breadcrumb","itemListElement":[{"@type":"ListItem","position":1,"name":"Hjem","item":"https:\/\/visitrauland.com\/raulandsakademiet\/"},{"@type":"ListItem","position":2,"name":"Mat og drikke"}]},{"@type":"WebSite","@id":"https:\/\/visitrauland.com\/raulandsakademiet\/#website","url":"https:\/\/visitrauland.com\/raulandsakademiet\/","name":"Raulandsakademiet","description":"Overnatting - Kurs - Opplevelser","potentialAction":[{"@type":"SearchAction","target":{"@type":"EntryPoint","urlTemplate":"https:\/\/visitrauland.com\/raulandsakademiet\/?s={search_term_string}"},"query-input":{"@type":"PropertyValueSpecification","valueRequired":true,"valueName":"search_term_string"}}],"inLanguage":"nb-NO"}]}},"publishpress_future_action":{"enabled":false,"date":"2026-04-11 06:59:25","action":"change-status","newStatus":"draft","terms":[],"taxonomy":"","extraData":[]},"publishpress_future_workflow_manual_trigger":{"enabledWorkflows":[]},"_links":{"self":[{"href":"https:\/\/visitrauland.com\/raulandsakademiet\/wp-json\/wp\/v2\/pages\/1945","targetHints":{"allow":["GET"]}}],"collection":[{"href":"https:\/\/visitrauland.com\/raulandsakademiet\/wp-json\/wp\/v2\/pages"}],"about":[{"href":"https:\/\/visitrauland.com\/raulandsakademiet\/wp-json\/wp\/v2\/types\/page"}],"author":[{"embeddable":true,"href":"https:\/\/visitrauland.com\/raulandsakademiet\/wp-json\/wp\/v2\/users\/1"}],"replies":[{"embeddable":true,"href":"https:\/\/visitrauland.com\/raulandsakademiet\/wp-json\/wp\/v2\/comments?post=1945"}],"version-history":[{"count":5,"href":"https:\/\/visitrauland.com\/raulandsakademiet\/wp-json\/wp\/v2\/pages\/1945\/revisions"}],"predecessor-version":[{"id":8988,"href":"https:\/\/visitrauland.com\/raulandsakademiet\/wp-json\/wp\/v2\/pages\/1945\/revisions\/8988"}],"wp:attachment":[{"href":"https:\/\/visitrauland.com\/raulandsakademiet\/wp-json\/wp\/v2\/media?parent=1945"}],"curies":[{"name":"wp","href":"https:\/\/api.w.org\/{rel}","templated":true}]}}