{"id":339,"date":"2017-10-30T18:03:03","date_gmt":"2017-10-30T17:03:03","guid":{"rendered":"https:\/\/visitrauland.com\/raulandhostfest\/?page_id=339"},"modified":"2026-01-09T14:41:15","modified_gmt":"2026-01-09T13:41:15","slug":"rauland-hostfest","status":"publish","type":"page","link":"https:\/\/visitrauland.com\/raulandhostfest\/","title":{"rendered":"Rauland H\u00f8stfest"},"content":{"rendered":"<div id=\"cs-content\" class=\"cs-content\"><style>.lazy-loader-background-element-1.lazyloaded{ background-image: url(https:\/\/visitrauland.com\/raulandhostfest\/wp-content\/uploads\/sites\/107\/2023\/07\/Rauland-Hostfest-Marked-1920_1688555580.jpg); background-color: transparent; }<\/style><noscript><style>.lazy-loader-background-element-1.lazyload{ background-image: url(https:\/\/visitrauland.com\/raulandhostfest\/wp-content\/uploads\/sites\/107\/2023\/07\/Rauland-Hostfest-Marked-1920_1688555580.jpg); background-color: transparent; }<\/style><\/noscript><div id=\"x-section-1\" class=\"x-section cs-ta-left bg-image lazyload lazy-loader-background-element-1 \" style=\"margin: 0px;padding: 0px;  \" data-x-element=\"section\" data-x-params=\"{&quot;type&quot;:&quot;image&quot;,&quot;parallax&quot;:false}\"><div id class=\"x-container max width\" style=\"margin: 0px 0 0px auto;padding: 0px;\"><div class=\"x-column x-sm x-1-1\" style=\"padding: 45px 0px;\"><hr class=\"x-gap\" style=\"margin: 250px 0 0 0;\"><\/div><\/div><div id class=\"x-container max width\" style=\"margin: 0px auto;padding: 0px;\"><div class=\"x-column x-sm x-1-1 e339-e6 m9f-0\"><div class=\"x-text x-text-headline e339-e7 m9f-1\"><div class=\"x-text-content\"><div class=\"x-text-content-text\"><h1 class=\"x-text-content-text-primary\"><h1><span style=\"color: #ffffff; filter: drop-shadow(3px 3px 4px #000000);\">Rauland Haustfest<\/span><\/h1><\/h1>\n<\/div><\/div><\/div><hr class=\"x-gap\" style=\"margin: 60px 0 0 0;\"><\/div><\/div><\/div><div id=\"x-section-2\" class=\"x-section\" style=\"margin: 0px;padding: 45px 0px; background-color: transparent;\"><div id class=\"x-container max width\" style=\"margin: 0px auto;padding: 0px;\"><div class=\"x-column x-sm x-2-3\" style=\"padding: 0px;\"><div id class=\"x-text\" style><h5><span style=\"color: #ff6600;\"><b>Velkomen til Rauland Haustfest<\/b><\/span><\/h5>\n<ul>\n<li>Handlegate i Rauland sentrum - no st\u00f8rre og med fleire utstillarar<\/li>\n<li>Marknad og utstillarar<\/li>\n<li>Lokalmat og lokale r\u00e5varer<\/li>\n<\/ul>\n<p>Me er tilbake i 2026!<\/p>\n<p><strong>Ynskjer du \u00e5 stille ut?<br>\n<\/strong>Ta kontakt med <a href=\"mailto:gro@lega.no\"><strong>gro@lega.no<\/strong><\/a><\/p>\n<\/div><\/div><div class=\"x-column x-sm x-1-3\" style=\"padding: 0px 0px 45px;\"><noscript><img decoding=\"async\" class=\"x-img x-img-none\" src=\"https:\/\/visitrauland.com\/raulandhostfest\/wp-content\/uploads\/sites\/107\/2023\/07\/5B8A6957_HOSTFEST_2022_1920_1688555868.jpg\"><\/noscript><img decoding=\"async\" class=\"x-img x-img-none lazyload\" src=\"data:image\/gif;base64,R0lGODlhAQABAIAAAAAAAP\/\/\/yH5BAEAAAAALAAAAAABAAEAAAIBRAA7\" data-src=\"https:\/\/visitrauland.com\/raulandhostfest\/wp-content\/uploads\/sites\/107\/2023\/07\/5B8A6957_HOSTFEST_2022_1920_1688555868.jpg\"><span class=\"x-image e339-e15 m9f-2\"><noscript><img decoding=\"async\" src=\"https:\/\/visitrauland.com\/raulandhostfest\/wp-content\/uploads\/sites\/107\/2023\/07\/5B8A6864_HOSTFEST_2022_1920_1688555872.jpg\" width=\"960\" height=\"540\" alt=\"Ullprodukter p\u00e5 markedet: votter, skjerf og en r\u00f8d lue p\u00e5 et glasshode st\u00e5r utstilt p\u00e5 et fargerikt bord.\"><\/noscript><img decoding=\"async\" src=\"data:image\/svg+xml,%3Csvg%20xmlns%3D%22http%3A%2F%2Fwww.w3.org%2F2000%2Fsvg%22%20viewBox%3D%220%200%20960%20540%22%3E%3C%2Fsvg%3E\" width=\"960\" height=\"540\" alt=\"Ullprodukter p\u00e5 markedet: votter, skjerf og en r\u00f8d lue p\u00e5 et glasshode st\u00e5r utstilt p\u00e5 et fargerikt bord.\" data-src=\"https:\/\/visitrauland.com\/raulandhostfest\/wp-content\/uploads\/sites\/107\/2023\/07\/5B8A6864_HOSTFEST_2022_1920_1688555872.jpg\" class=\" lazyload\"><\/span><\/div><\/div><\/div><div id=\"x-section-3\" class=\"x-section\" style=\"margin: 0px;padding: 9px 0px 45px; background-color: transparent;\"><div id class=\"x-container max width\" style=\"margin: 0px auto;padding: 0px;\"><div class=\"x-column x-sm x-1-1\" style=\"padding: 0px;\"><h2 class=\"h-custom-headline h3\"><span>Aktuelt<\/span><\/h2><hr class=\"x-gap\" style=\"margin: 50px 0 0 0;\"><!-- The Grid Plugin Version 2.8.1 --><div class=\"tg-error-msg\" data-grid-name=\"Aktuelt - forside\">Ikke noe nytt \u00e5 vise akkurat n\u00e5.\n<\/div><\/div><\/div><\/div><style>.lazy-loader-background-element-2.lazyloaded{ background-image: url(https:\/\/visitrauland.com\/raulandhostfest\/wp-content\/uploads\/sites\/107\/2023\/07\/17_A_Handlegate-1920_1688555839.jpg); background-color: transparent; }<\/style><noscript><style>.lazy-loader-background-element-2.lazyload{ background-image: url(https:\/\/visitrauland.com\/raulandhostfest\/wp-content\/uploads\/sites\/107\/2023\/07\/17_A_Handlegate-1920_1688555839.jpg); background-color: transparent; }<\/style><\/noscript><div id=\"x-section-4\" class=\"x-section bg-image lazyload lazy-loader-background-element-2 \" style=\"margin: 0px;padding: 0px;  \" data-x-element=\"section\" data-x-params=\"{&quot;type&quot;:&quot;image&quot;,&quot;parallax&quot;:false}\"><div id class=\"x-container max width\" style=\"margin: 0px 0 0px auto;padding: 0px;\"><div class=\"x-column x-sm x-1-1\" style=\"padding: 45px 0px;\"><hr class=\"x-gap\" style=\"margin: 450px 0 0 0;\"><\/div><\/div><\/div><\/div>\n","protected":false},"excerpt":{"rendered":"<p>Rauland Haustfest Velkomen til Rauland Haustfest Handlegate i Rauland sentrum &#8211; no st\u00f8rre og med fleire utstillarar Marknad og utstillarar Lokalmat og lokale r\u00e5varer Me er tilbake i 2026! Ynskjer du \u00e5 stille ut? Ta kontakt med gro@lega.no AktueltIkke noe nytt \u00e5 vise akkurat n\u00e5.<\/p>\n","protected":false},"author":3,"featured_media":0,"parent":0,"menu_order":0,"comment_status":"closed","ping_status":"closed","template":"template-sites.php","meta":{"_relevanssi_hide_post":"","_relevanssi_hide_content":"","_relevanssi_pin_for_all":"","_relevanssi_pin_keywords":"","_relevanssi_unpin_keywords":"","_relevanssi_related_keywords":"","_relevanssi_related_include_ids":"","_relevanssi_related_exclude_ids":"","_relevanssi_related_no_append":"","_relevanssi_related_not_related":"","_relevanssi_related_posts":"2023,2005","_relevanssi_noindex_reason":"","seo_booster_metabox":"","footnotes":""},"class_list":["post-339","page","type-page","status-publish","hentry","no-post-thumbnail"],"yoast_head":"<!-- This site is optimized with the Yoast SEO plugin v27.2 - https:\/\/yoast.com\/product\/yoast-seo-wordpress\/ -->\n<title>Rauland H\u00f8stfest - Rauland H\u00f8stfest<\/title>\n<meta name=\"description\" content=\"Markedsdag i Rauland sentrum med lokale utstillere, marked og aktiviteter - Rauland H\u00f8stfest.\" \/>\n<meta name=\"robots\" content=\"index, follow, max-snippet:-1, max-image-preview:large, max-video-preview:-1\" \/>\n<link rel=\"canonical\" href=\"https:\/\/visitrauland.com\/raulandhostfest\/\" \/>\n<meta property=\"og:locale\" content=\"nb_NO\" \/>\n<meta property=\"og:type\" content=\"article\" \/>\n<meta property=\"og:title\" content=\"Rauland H\u00f8stfest - Rauland H\u00f8stfest\" \/>\n<meta property=\"og:description\" content=\"Markedsdag i Rauland sentrum med lokale utstillere, marked og aktiviteter - Rauland H\u00f8stfest.\" \/>\n<meta property=\"og:url\" content=\"https:\/\/visitrauland.com\/raulandhostfest\/\" \/>\n<meta property=\"og:site_name\" content=\"Rauland H\u00f8stfest\" \/>\n<meta property=\"article:modified_time\" content=\"2026-01-09T13:41:15+00:00\" \/>\n<meta name=\"twitter:card\" content=\"summary_large_image\" \/>\n<meta name=\"twitter:label1\" content=\"Ansl. lesetid\" \/>\n\t<meta name=\"twitter:data1\" content=\"2 minutter\" \/>\n<script type=\"application\/ld+json\" class=\"yoast-schema-graph\">{\"@context\":\"https:\/\/schema.org\",\"@graph\":[{\"@type\":\"WebPage\",\"@id\":\"https:\/\/visitrauland.com\/raulandhostfest\/\",\"url\":\"https:\/\/visitrauland.com\/raulandhostfest\/\",\"name\":\"Rauland H\u00f8stfest - Rauland H\u00f8stfest\",\"isPartOf\":{\"@id\":\"https:\/\/visitrauland.com\/raulandhostfest\/#website\"},\"datePublished\":\"2017-10-30T17:03:03+00:00\",\"dateModified\":\"2026-01-09T13:41:15+00:00\",\"description\":\"Markedsdag i Rauland sentrum med lokale utstillere, marked og aktiviteter - Rauland H\u00f8stfest.\",\"breadcrumb\":{\"@id\":\"https:\/\/visitrauland.com\/raulandhostfest\/#breadcrumb\"},\"inLanguage\":\"nb-NO\",\"potentialAction\":[{\"@type\":\"ReadAction\",\"target\":[\"https:\/\/visitrauland.com\/raulandhostfest\/\"]}]},{\"@type\":\"BreadcrumbList\",\"@id\":\"https:\/\/visitrauland.com\/raulandhostfest\/#breadcrumb\",\"itemListElement\":[{\"@type\":\"ListItem\",\"position\":1,\"name\":\"Hjem\",\"item\":\"https:\/\/visitrauland.com\/raulandhostfest\/\"},{\"@type\":\"ListItem\",\"position\":2,\"name\":\"Rauland H\u00f8stfest\"}]},{\"@type\":\"WebSite\",\"@id\":\"https:\/\/visitrauland.com\/raulandhostfest\/#website\",\"url\":\"https:\/\/visitrauland.com\/raulandhostfest\/\",\"name\":\"Rauland H\u00f8stfest\",\"description\":\"Slagord\",\"potentialAction\":[{\"@type\":\"SearchAction\",\"target\":{\"@type\":\"EntryPoint\",\"urlTemplate\":\"https:\/\/visitrauland.com\/raulandhostfest\/?s={search_term_string}\"},\"query-input\":{\"@type\":\"PropertyValueSpecification\",\"valueRequired\":true,\"valueName\":\"search_term_string\"}}],\"inLanguage\":\"nb-NO\"}]}<\/script>\n<!-- \/ Yoast SEO plugin. -->","yoast_head_json":{"title":"Rauland H\u00f8stfest - Rauland H\u00f8stfest","description":"Markedsdag i Rauland sentrum med lokale utstillere, marked og aktiviteter - Rauland H\u00f8stfest.","robots":{"index":"index","follow":"follow","max-snippet":"max-snippet:-1","max-image-preview":"max-image-preview:large","max-video-preview":"max-video-preview:-1"},"canonical":"https:\/\/visitrauland.com\/raulandhostfest\/","og_locale":"nb_NO","og_type":"article","og_title":"Rauland H\u00f8stfest - Rauland H\u00f8stfest","og_description":"Markedsdag i Rauland sentrum med lokale utstillere, marked og aktiviteter - Rauland H\u00f8stfest.","og_url":"https:\/\/visitrauland.com\/raulandhostfest\/","og_site_name":"Rauland H\u00f8stfest","article_modified_time":"2026-01-09T13:41:15+00:00","twitter_card":"summary_large_image","twitter_misc":{"Ansl. lesetid":"2 minutter"},"schema":{"@context":"https:\/\/schema.org","@graph":[{"@type":"WebPage","@id":"https:\/\/visitrauland.com\/raulandhostfest\/","url":"https:\/\/visitrauland.com\/raulandhostfest\/","name":"Rauland H\u00f8stfest - Rauland H\u00f8stfest","isPartOf":{"@id":"https:\/\/visitrauland.com\/raulandhostfest\/#website"},"datePublished":"2017-10-30T17:03:03+00:00","dateModified":"2026-01-09T13:41:15+00:00","description":"Markedsdag i Rauland sentrum med lokale utstillere, marked og aktiviteter - Rauland H\u00f8stfest.","breadcrumb":{"@id":"https:\/\/visitrauland.com\/raulandhostfest\/#breadcrumb"},"inLanguage":"nb-NO","potentialAction":[{"@type":"ReadAction","target":["https:\/\/visitrauland.com\/raulandhostfest\/"]}]},{"@type":"BreadcrumbList","@id":"https:\/\/visitrauland.com\/raulandhostfest\/#breadcrumb","itemListElement":[{"@type":"ListItem","position":1,"name":"Hjem","item":"https:\/\/visitrauland.com\/raulandhostfest\/"},{"@type":"ListItem","position":2,"name":"Rauland H\u00f8stfest"}]},{"@type":"WebSite","@id":"https:\/\/visitrauland.com\/raulandhostfest\/#website","url":"https:\/\/visitrauland.com\/raulandhostfest\/","name":"Rauland H\u00f8stfest","description":"Slagord","potentialAction":[{"@type":"SearchAction","target":{"@type":"EntryPoint","urlTemplate":"https:\/\/visitrauland.com\/raulandhostfest\/?s={search_term_string}"},"query-input":{"@type":"PropertyValueSpecification","valueRequired":true,"valueName":"search_term_string"}}],"inLanguage":"nb-NO"}]}},"_links":{"self":[{"href":"https:\/\/visitrauland.com\/raulandhostfest\/wp-json\/wp\/v2\/pages\/339","targetHints":{"allow":["GET"]}}],"collection":[{"href":"https:\/\/visitrauland.com\/raulandhostfest\/wp-json\/wp\/v2\/pages"}],"about":[{"href":"https:\/\/visitrauland.com\/raulandhostfest\/wp-json\/wp\/v2\/types\/page"}],"author":[{"embeddable":true,"href":"https:\/\/visitrauland.com\/raulandhostfest\/wp-json\/wp\/v2\/users\/3"}],"replies":[{"embeddable":true,"href":"https:\/\/visitrauland.com\/raulandhostfest\/wp-json\/wp\/v2\/comments?post=339"}],"version-history":[{"count":24,"href":"https:\/\/visitrauland.com\/raulandhostfest\/wp-json\/wp\/v2\/pages\/339\/revisions"}],"predecessor-version":[{"id":2058,"href":"https:\/\/visitrauland.com\/raulandhostfest\/wp-json\/wp\/v2\/pages\/339\/revisions\/2058"}],"wp:attachment":[{"href":"https:\/\/visitrauland.com\/raulandhostfest\/wp-json\/wp\/v2\/media?parent=339"}],"curies":[{"name":"wp","href":"https:\/\/api.w.org\/{rel}","templated":true}]}}