{"id":370,"date":"2017-11-06T18:19:16","date_gmt":"2017-11-06T17:19:16","guid":{"rendered":"https:\/\/visitrauland.com\/raulandhistorielag\/?page_id=370"},"modified":"2025-04-30T13:38:11","modified_gmt":"2025-04-30T11:38:11","slug":"omoss","status":"publish","type":"page","link":"https:\/\/visitrauland.com\/raulandhistorielag\/omoss\/","title":{"rendered":"Om oss"},"content":{"rendered":"<div id=\"cs-content\" class=\"cs-content\"><div class=\"x-section e370-e1 maa-0\"><div class=\"x-row x-container max width e370-e2 maa-1 maa-2\"><div class=\"x-row-inner\"><div class=\"x-col e370-e3 maa-3\"><div class=\"x-text x-content e370-e4 maa-4\"><h3><strong>Om oss <\/strong><\/h3>\n<p>Rauland Historielag vart oppretta i 1986. Heile \u00e5ret har laget temakveldar med lokal og kulturhistorisk innhald, turar og gjev ut ei bok\/ \u00e5rskrift med varierande tema i \u00e5ret.<\/p>\n<p>Historielaget arbeider ogs\u00e5 med st\u00f8rre prosjekt og hjelper til med kulturarvssp\u00f8rsm\u00e5l i Vinje kommune. <span><\/span><\/p>\n<p>Rauland Historielag er medlem av <a href=\"https:\/\/landslaget.org\/\">Landslaget for lokalhistorie<\/a>.<\/p>\n<p><span>Styret i Rauland historielag fr\u00e5 2025:<br \/>\n<\/span><\/p>\n\n<table width=\"591\">\n<tbody>\n<tr>\n<td>Leiar:<\/td>\n<td>Toril Nicolaisen<\/td>\n<td>Tlf:\u00a0\u00a095 21 29 25<\/td>\n<\/tr>\n<tr>\n<td><\/td>\n<td><\/td>\n<td><\/td>\n<\/tr>\n<tr>\n<td>Kasserar:<\/td>\n<td>Halvor Fossli<\/td>\n<td><\/td>\n<\/tr>\n<tr>\n<td>Sekret\u00e6r:<\/td>\n<td>Fr\u00f8ydis Fossli<\/td>\n<td><\/td>\n<\/tr>\n<tr>\n<td>Styremedlem:<\/td>\n<td>Herdis Lien<\/td>\n<td><\/td>\n<\/tr>\n<tr>\n<td><\/td>\n<td>Rune L\u00f8d\u00f8en<\/td>\n<td><\/td>\n<\/tr>\n<tr>\n<td><\/td>\n<td>Tore Tj\u00f8nn<\/td>\n<td><\/td>\n<\/tr>\n<tr>\n<td>Varamedlem:<\/td>\n<td>Marit Jordtveit<\/td>\n<td><\/td>\n<\/tr>\n<tr>\n<td><\/td>\n<td>Alf Selvtveit<\/td>\n<td><\/td>\n<\/tr>\n<\/tbody>\n<\/table>\n<p><a href=\"https:\/\/visitrauland.com\/raulandhistorielag\/vedtekter\/\">Vedtekter for Rauland Historielag finn du her<\/a><\/p>\n<p>Tidlegare <a href=\"https:\/\/visitrauland.com\/raulandhistorielag\/aarsmoter\/\">\u00e5rsmeldingar og \u00e5rsm\u00f8tereferat for Rauland Historielag finn du her<\/a><a href=\"https:\/\/visitrauland.com\/raulandhistorielag\/aarsplanar\/\"><\/a><\/p>\n<p><strong>Kontaktinformasjon:<\/strong><\/p>\n<p>Har du sp\u00f8rsm\u00e5l til Rauland Historielag, ta kontakt med leiar Toril Nicolaisen<\/p>\n<p>E-post: <a href=\"mailto:raulandhistorielag@gmail.com\">raulandhistorielag@gmail.com<\/a><br \/>\nTelefon: 95 21 29 25<\/p>\n<p>Adresse: Rjukanvegen 6, 3864 Rauland<\/p>\n<p>Organisasjonsnummer: 988\u00a0712\u00a0426<br \/>\nBankkonto: 2620 27 18204<\/p><\/div><\/div><\/div><\/div><\/div><\/div>\n","protected":false},"excerpt":{"rendered":"<p>Om oss Rauland Historielag vart oppretta i 1986. Heile \u00e5ret har laget temakveldar med lokal og kulturhistorisk innhald, turar og gjev ut ei bok\/ \u00e5rskrift med varierande tema i \u00e5ret. Historielaget arbeider ogs\u00e5 med st\u00f8rre prosjekt og hjelper til med kulturarvssp\u00f8rsm\u00e5l i Vinje kommune. Rauland Historielag er medlem av Landslaget for lokalhistorie. Styret i Rauland historielag fr\u00e5 2025: Leiar: Toril &#8230; <\/p>\n<div><a href=\"https:\/\/visitrauland.com\/raulandhistorielag\/omoss\/\" class=\"more-link\">Les Mer<\/a><\/div>\n","protected":false},"author":4,"featured_media":0,"parent":0,"menu_order":0,"comment_status":"closed","ping_status":"closed","template":"template-blank-4.php","meta":{"_relevanssi_hide_post":"","_relevanssi_hide_content":"","_relevanssi_pin_for_all":"","_relevanssi_pin_keywords":"","_relevanssi_unpin_keywords":"","_relevanssi_related_keywords":"","_relevanssi_related_include_ids":"","_relevanssi_related_exclude_ids":"","_relevanssi_related_no_append":"","_relevanssi_related_not_related":"","_relevanssi_related_posts":"","_relevanssi_noindex_reason":"","seo_booster_metabox":"","footnotes":""},"class_list":["post-370","page","type-page","status-publish","hentry","no-post-thumbnail"],"yoast_head":"<!-- This site is optimized with the Yoast SEO plugin v27.2 - https:\/\/yoast.com\/product\/yoast-seo-wordpress\/ -->\n<title>Om oss - Rauland Historielag<\/title>\n<meta name=\"robots\" content=\"index, follow, max-snippet:-1, max-image-preview:large, max-video-preview:-1\" \/>\n<link rel=\"canonical\" href=\"https:\/\/visitrauland.com\/raulandhistorielag\/omoss\/\" \/>\n<meta property=\"og:locale\" content=\"nb_NO\" \/>\n<meta property=\"og:type\" content=\"article\" \/>\n<meta property=\"og:title\" content=\"Om oss - Rauland Historielag\" \/>\n<meta property=\"og:description\" content=\"Om oss Rauland Historielag vart oppretta i 1986. Heile \u00e5ret har laget temakveldar med lokal og kulturhistorisk innhald, turar og gjev ut ei bok\/ \u00e5rskrift med varierande tema i \u00e5ret. Historielaget arbeider ogs\u00e5 med st\u00f8rre prosjekt og hjelper til med kulturarvssp\u00f8rsm\u00e5l i Vinje kommune. Rauland Historielag er medlem av Landslaget for lokalhistorie. Styret i Rauland historielag fr\u00e5 2025: Leiar: Toril ... Les Mer\" \/>\n<meta property=\"og:url\" content=\"https:\/\/visitrauland.com\/raulandhistorielag\/omoss\/\" \/>\n<meta property=\"og:site_name\" content=\"Rauland Historielag\" \/>\n<meta property=\"article:modified_time\" content=\"2025-04-30T11:38:11+00:00\" \/>\n<meta name=\"twitter:card\" content=\"summary_large_image\" \/>\n<meta name=\"twitter:label1\" content=\"Ansl. lesetid\" \/>\n\t<meta name=\"twitter:data1\" content=\"1 minutt\" \/>\n<script type=\"application\/ld+json\" class=\"yoast-schema-graph\">{\"@context\":\"https:\/\/schema.org\",\"@graph\":[{\"@type\":\"WebPage\",\"@id\":\"https:\/\/visitrauland.com\/raulandhistorielag\/omoss\/\",\"url\":\"https:\/\/visitrauland.com\/raulandhistorielag\/omoss\/\",\"name\":\"Om oss - Rauland Historielag\",\"isPartOf\":{\"@id\":\"https:\/\/visitrauland.com\/raulandhistorielag\/#website\"},\"datePublished\":\"2017-11-06T17:19:16+00:00\",\"dateModified\":\"2025-04-30T11:38:11+00:00\",\"breadcrumb\":{\"@id\":\"https:\/\/visitrauland.com\/raulandhistorielag\/omoss\/#breadcrumb\"},\"inLanguage\":\"nb-NO\",\"potentialAction\":[{\"@type\":\"ReadAction\",\"target\":[\"https:\/\/visitrauland.com\/raulandhistorielag\/omoss\/\"]}]},{\"@type\":\"BreadcrumbList\",\"@id\":\"https:\/\/visitrauland.com\/raulandhistorielag\/omoss\/#breadcrumb\",\"itemListElement\":[{\"@type\":\"ListItem\",\"position\":1,\"name\":\"Hjem\",\"item\":\"https:\/\/visitrauland.com\/raulandhistorielag\/\"},{\"@type\":\"ListItem\",\"position\":2,\"name\":\"Om oss\"}]},{\"@type\":\"WebSite\",\"@id\":\"https:\/\/visitrauland.com\/raulandhistorielag\/#website\",\"url\":\"https:\/\/visitrauland.com\/raulandhistorielag\/\",\"name\":\"Rauland Historielag\",\"description\":\"Slagord\",\"potentialAction\":[{\"@type\":\"SearchAction\",\"target\":{\"@type\":\"EntryPoint\",\"urlTemplate\":\"https:\/\/visitrauland.com\/raulandhistorielag\/?s={search_term_string}\"},\"query-input\":{\"@type\":\"PropertyValueSpecification\",\"valueRequired\":true,\"valueName\":\"search_term_string\"}}],\"inLanguage\":\"nb-NO\"}]}<\/script>\n<!-- \/ Yoast SEO plugin. -->","yoast_head_json":{"title":"Om oss - Rauland Historielag","robots":{"index":"index","follow":"follow","max-snippet":"max-snippet:-1","max-image-preview":"max-image-preview:large","max-video-preview":"max-video-preview:-1"},"canonical":"https:\/\/visitrauland.com\/raulandhistorielag\/omoss\/","og_locale":"nb_NO","og_type":"article","og_title":"Om oss - Rauland Historielag","og_description":"Om oss Rauland Historielag vart oppretta i 1986. Heile \u00e5ret har laget temakveldar med lokal og kulturhistorisk innhald, turar og gjev ut ei bok\/ \u00e5rskrift med varierande tema i \u00e5ret. Historielaget arbeider ogs\u00e5 med st\u00f8rre prosjekt og hjelper til med kulturarvssp\u00f8rsm\u00e5l i Vinje kommune. Rauland Historielag er medlem av Landslaget for lokalhistorie. Styret i Rauland historielag fr\u00e5 2025: Leiar: Toril ... Les Mer","og_url":"https:\/\/visitrauland.com\/raulandhistorielag\/omoss\/","og_site_name":"Rauland Historielag","article_modified_time":"2025-04-30T11:38:11+00:00","twitter_card":"summary_large_image","twitter_misc":{"Ansl. lesetid":"1 minutt"},"schema":{"@context":"https:\/\/schema.org","@graph":[{"@type":"WebPage","@id":"https:\/\/visitrauland.com\/raulandhistorielag\/omoss\/","url":"https:\/\/visitrauland.com\/raulandhistorielag\/omoss\/","name":"Om oss - Rauland Historielag","isPartOf":{"@id":"https:\/\/visitrauland.com\/raulandhistorielag\/#website"},"datePublished":"2017-11-06T17:19:16+00:00","dateModified":"2025-04-30T11:38:11+00:00","breadcrumb":{"@id":"https:\/\/visitrauland.com\/raulandhistorielag\/omoss\/#breadcrumb"},"inLanguage":"nb-NO","potentialAction":[{"@type":"ReadAction","target":["https:\/\/visitrauland.com\/raulandhistorielag\/omoss\/"]}]},{"@type":"BreadcrumbList","@id":"https:\/\/visitrauland.com\/raulandhistorielag\/omoss\/#breadcrumb","itemListElement":[{"@type":"ListItem","position":1,"name":"Hjem","item":"https:\/\/visitrauland.com\/raulandhistorielag\/"},{"@type":"ListItem","position":2,"name":"Om oss"}]},{"@type":"WebSite","@id":"https:\/\/visitrauland.com\/raulandhistorielag\/#website","url":"https:\/\/visitrauland.com\/raulandhistorielag\/","name":"Rauland Historielag","description":"Slagord","potentialAction":[{"@type":"SearchAction","target":{"@type":"EntryPoint","urlTemplate":"https:\/\/visitrauland.com\/raulandhistorielag\/?s={search_term_string}"},"query-input":{"@type":"PropertyValueSpecification","valueRequired":true,"valueName":"search_term_string"}}],"inLanguage":"nb-NO"}]}},"_links":{"self":[{"href":"https:\/\/visitrauland.com\/raulandhistorielag\/wp-json\/wp\/v2\/pages\/370","targetHints":{"allow":["GET"]}}],"collection":[{"href":"https:\/\/visitrauland.com\/raulandhistorielag\/wp-json\/wp\/v2\/pages"}],"about":[{"href":"https:\/\/visitrauland.com\/raulandhistorielag\/wp-json\/wp\/v2\/types\/page"}],"author":[{"embeddable":true,"href":"https:\/\/visitrauland.com\/raulandhistorielag\/wp-json\/wp\/v2\/users\/4"}],"replies":[{"embeddable":true,"href":"https:\/\/visitrauland.com\/raulandhistorielag\/wp-json\/wp\/v2\/comments?post=370"}],"version-history":[{"count":23,"href":"https:\/\/visitrauland.com\/raulandhistorielag\/wp-json\/wp\/v2\/pages\/370\/revisions"}],"predecessor-version":[{"id":2605,"href":"https:\/\/visitrauland.com\/raulandhistorielag\/wp-json\/wp\/v2\/pages\/370\/revisions\/2605"}],"wp:attachment":[{"href":"https:\/\/visitrauland.com\/raulandhistorielag\/wp-json\/wp\/v2\/media?parent=370"}],"curies":[{"name":"wp","href":"https:\/\/api.w.org\/{rel}","templated":true}]}}