{"id":2523,"date":"2024-12-13T14:01:28","date_gmt":"2024-12-13T13:01:28","guid":{"rendered":"https:\/\/visitrauland.com\/raulandhistorielag\/?page_id=2523"},"modified":"2024-12-13T14:01:28","modified_gmt":"2024-12-13T13:01:28","slug":"vedtekter","status":"publish","type":"page","link":"https:\/\/visitrauland.com\/raulandhistorielag\/vedtekter\/","title":{"rendered":"Vedtekter"},"content":{"rendered":"<div id=\"cs-content\" class=\"cs-content\"><div class=\"x-section e2523-e1 m1y3-0\"><div class=\"x-row x-container max width e2523-e2 m1y3-1 m1y3-2\"><div class=\"x-row-inner\"><div class=\"x-col e2523-e3 m1y3-3\"><div class=\"x-text x-content e2523-e4 m1y3-4\"><h4>Lover for Rauland historielag<\/h4>\n<ol>\n \t<li>Rauland Historielag er eit lokalhistorisk lag. Medlemskapet er ope for all.<\/li>\n \t<li>F\u00f8rem\u00e5let med laget er:\n<ol>\n \t<li>\u00c5 arbeide for at alt av historisk interesse i bygdi vert teke vare p\u00e5 og verna om.<\/li>\n \t<li>\u00c5 vekkje, auke og spreie interessa for og kunnskap om historia i Rauland.<\/li>\n<\/ol>\n<\/li>\n \t<li>Arbeidsoppg\u00e5vene til laget kan vere;\n<ol>\n \t<li>Organisere og leie lokalhistorisk arbeid, m\u00f8te, kurs, ekskursjonar, registreringar, innsamling av munnleg tradisjon og anna av historisk interesse.<\/li>\n \t<li>Arbeide for at det vert gjeve ut historiske skrifter med lokalhistorisk innhald.<\/li>\n \t<li>Arbeide for vern av kulturminne av alle salg i bygdi<\/li>\n \t<li>Samarbeide med skulen og andre lag, t.d. Telemark Historielag og historielag i andre kommunar.<\/li>\n<\/ol>\n<\/li>\n \t<li>\u00c5rsm\u00f8te er den h\u00f8gste styremakt for laget. Det b\u00f8r haldast innan utgangen av mars m\u00e5nad. M\u00f8te m\u00e5 kunngjerast minst ei veke i f\u00f8revegen i lokalpressa.<br \/>\nM\u00f8tet skal handsame desse saker: \u00e5rsmelding, rekneskap, \u00e5rspengar, val av formann og styremedelemmer, revisor og andre tillitsmenn. Saker som skal fram p\u00e5 \u00e5rsm\u00f8tet, m\u00e5 ha kome inn til styret skriftleg minst ei veke f\u00f8r m\u00f8tet<\/li>\n \t<li>Laget skal ha eit styre p\u00e5 fem (5) medlemmer: formann, nestformann, sekret\u00e6r, kasserar og eit (1) styremedlem, og tre (3) varamenn. Styremedlemmene blir valde for to (2) \u00e5r om gongen, slik at to (2) er p\u00e5 val eit \u00e5r og tre (3) det neste \u00e5ret. Varamenn har ogs\u00e5 ei funksjonstid p\u00e5 to (2) \u00e5r. Dei er p\u00e5 val vekselvis ein (1) og to (2) personar. Valnemnd p\u00e5 tre (3) personar har ei funksjonstid p\u00e5 to (2) \u00e5r, og er p\u00e5 val vekselvis ein (1) og to (2) personar. Revisorar, to (2) personar funksjonstid to (2) \u00e5r, ein \u00ab1) er p\u00e5 val kvart \u00e5rStyret er vedtaksf\u00f8rt n\u00e5r minst tre (3) medlemmer er til stades og det er innkalla p\u00e5 vanleg m\u00e5te<\/li>\n \t<li>Oppl\u00f8ysing av laget kan ein berre avgjera p\u00e5 eit \u00e5rsm\u00f8tet etter samr\u00f8ystes vedtak. Det laget eig kan overf\u00f8rast til andre lag i bygda. Arkivet til laget skal g\u00e5 inn i lokalarkivet.<\/li>\n \t<li>Framlegg til brigde av lovene m\u00e5 ha kome til styret minst tre (3) veker f\u00f8r \u00e5rsm\u00f8tet. Lovbrigde kan ein berre gjere p\u00e5 vanleg \u00e5rsm\u00f8te, og det krev to tredjedel (2\/3) fleirtal av dei framm\u00f8tte medlemmene.<\/li>\n \t<li>Styret er pliktig til \u00e5 f\u00f8re m\u00f8tebok.<\/li>\n<\/ol>\n<p>Desse lovene er vedteke p\u00e5 \u00e5rsm\u00f8tet den 27.03.87.<\/p><\/div><\/div><\/div><\/div><\/div><\/div>\n","protected":false},"excerpt":{"rendered":"<p>Lover for Rauland historielag Rauland Historielag er eit lokalhistorisk lag. Medlemskapet er ope for all. F\u00f8rem\u00e5let med laget er: \u00c5 arbeide for at alt av historisk interesse i bygdi vert teke vare p\u00e5 og verna om. \u00c5 vekkje, auke og spreie interessa for og kunnskap om historia i Rauland. Arbeidsoppg\u00e5vene til laget kan vere; Organisere og leie lokalhistorisk arbeid, m\u00f8te, &#8230; <\/p>\n<div><a href=\"https:\/\/visitrauland.com\/raulandhistorielag\/vedtekter\/\" class=\"more-link\">Les Mer<\/a><\/div>\n","protected":false},"author":29,"featured_media":0,"parent":0,"menu_order":0,"comment_status":"closed","ping_status":"closed","template":"template-blank-4.php","meta":{"_relevanssi_hide_post":"","_relevanssi_hide_content":"","_relevanssi_pin_for_all":"","_relevanssi_pin_keywords":"","_relevanssi_unpin_keywords":"","_relevanssi_related_keywords":"","_relevanssi_related_include_ids":"","_relevanssi_related_exclude_ids":"","_relevanssi_related_no_append":"","_relevanssi_related_not_related":"","_relevanssi_related_posts":"","_relevanssi_noindex_reason":"","seo_booster_metabox":"","footnotes":""},"class_list":["post-2523","page","type-page","status-publish","hentry","no-post-thumbnail"],"yoast_head":"<!-- This site is optimized with the Yoast SEO plugin v27.2 - https:\/\/yoast.com\/product\/yoast-seo-wordpress\/ -->\n<title>Vedtekter - Rauland Historielag<\/title>\n<meta name=\"robots\" content=\"index, follow, max-snippet:-1, max-image-preview:large, max-video-preview:-1\" \/>\n<link rel=\"canonical\" href=\"https:\/\/visitrauland.com\/raulandhistorielag\/vedtekter\/\" \/>\n<meta property=\"og:locale\" content=\"nb_NO\" \/>\n<meta property=\"og:type\" content=\"article\" \/>\n<meta property=\"og:title\" content=\"Vedtekter - Rauland Historielag\" \/>\n<meta property=\"og:description\" content=\"Lover for Rauland historielag Rauland Historielag er eit lokalhistorisk lag. Medlemskapet er ope for all. F\u00f8rem\u00e5let med laget er: \u00c5 arbeide for at alt av historisk interesse i bygdi vert teke vare p\u00e5 og verna om. \u00c5 vekkje, auke og spreie interessa for og kunnskap om historia i Rauland. Arbeidsoppg\u00e5vene til laget kan vere; Organisere og leie lokalhistorisk arbeid, m\u00f8te, ... Les Mer\" \/>\n<meta property=\"og:url\" content=\"https:\/\/visitrauland.com\/raulandhistorielag\/vedtekter\/\" \/>\n<meta property=\"og:site_name\" content=\"Rauland Historielag\" \/>\n<meta name=\"twitter:card\" content=\"summary_large_image\" \/>\n<meta name=\"twitter:label1\" content=\"Ansl. lesetid\" \/>\n\t<meta name=\"twitter:data1\" content=\"5 minutter\" \/>\n<script type=\"application\/ld+json\" class=\"yoast-schema-graph\">{\"@context\":\"https:\/\/schema.org\",\"@graph\":[{\"@type\":\"WebPage\",\"@id\":\"https:\/\/visitrauland.com\/raulandhistorielag\/vedtekter\/\",\"url\":\"https:\/\/visitrauland.com\/raulandhistorielag\/vedtekter\/\",\"name\":\"Vedtekter - Rauland Historielag\",\"isPartOf\":{\"@id\":\"https:\/\/visitrauland.com\/raulandhistorielag\/#website\"},\"datePublished\":\"2024-12-13T13:01:28+00:00\",\"breadcrumb\":{\"@id\":\"https:\/\/visitrauland.com\/raulandhistorielag\/vedtekter\/#breadcrumb\"},\"inLanguage\":\"nb-NO\",\"potentialAction\":[{\"@type\":\"ReadAction\",\"target\":[\"https:\/\/visitrauland.com\/raulandhistorielag\/vedtekter\/\"]}]},{\"@type\":\"BreadcrumbList\",\"@id\":\"https:\/\/visitrauland.com\/raulandhistorielag\/vedtekter\/#breadcrumb\",\"itemListElement\":[{\"@type\":\"ListItem\",\"position\":1,\"name\":\"Hjem\",\"item\":\"https:\/\/visitrauland.com\/raulandhistorielag\/\"},{\"@type\":\"ListItem\",\"position\":2,\"name\":\"Vedtekter\"}]},{\"@type\":\"WebSite\",\"@id\":\"https:\/\/visitrauland.com\/raulandhistorielag\/#website\",\"url\":\"https:\/\/visitrauland.com\/raulandhistorielag\/\",\"name\":\"Rauland Historielag\",\"description\":\"Slagord\",\"potentialAction\":[{\"@type\":\"SearchAction\",\"target\":{\"@type\":\"EntryPoint\",\"urlTemplate\":\"https:\/\/visitrauland.com\/raulandhistorielag\/?s={search_term_string}\"},\"query-input\":{\"@type\":\"PropertyValueSpecification\",\"valueRequired\":true,\"valueName\":\"search_term_string\"}}],\"inLanguage\":\"nb-NO\"}]}<\/script>\n<!-- \/ Yoast SEO plugin. -->","yoast_head_json":{"title":"Vedtekter - Rauland Historielag","robots":{"index":"index","follow":"follow","max-snippet":"max-snippet:-1","max-image-preview":"max-image-preview:large","max-video-preview":"max-video-preview:-1"},"canonical":"https:\/\/visitrauland.com\/raulandhistorielag\/vedtekter\/","og_locale":"nb_NO","og_type":"article","og_title":"Vedtekter - Rauland Historielag","og_description":"Lover for Rauland historielag Rauland Historielag er eit lokalhistorisk lag. Medlemskapet er ope for all. F\u00f8rem\u00e5let med laget er: \u00c5 arbeide for at alt av historisk interesse i bygdi vert teke vare p\u00e5 og verna om. \u00c5 vekkje, auke og spreie interessa for og kunnskap om historia i Rauland. Arbeidsoppg\u00e5vene til laget kan vere; Organisere og leie lokalhistorisk arbeid, m\u00f8te, ... Les Mer","og_url":"https:\/\/visitrauland.com\/raulandhistorielag\/vedtekter\/","og_site_name":"Rauland Historielag","twitter_card":"summary_large_image","twitter_misc":{"Ansl. lesetid":"5 minutter"},"schema":{"@context":"https:\/\/schema.org","@graph":[{"@type":"WebPage","@id":"https:\/\/visitrauland.com\/raulandhistorielag\/vedtekter\/","url":"https:\/\/visitrauland.com\/raulandhistorielag\/vedtekter\/","name":"Vedtekter - Rauland Historielag","isPartOf":{"@id":"https:\/\/visitrauland.com\/raulandhistorielag\/#website"},"datePublished":"2024-12-13T13:01:28+00:00","breadcrumb":{"@id":"https:\/\/visitrauland.com\/raulandhistorielag\/vedtekter\/#breadcrumb"},"inLanguage":"nb-NO","potentialAction":[{"@type":"ReadAction","target":["https:\/\/visitrauland.com\/raulandhistorielag\/vedtekter\/"]}]},{"@type":"BreadcrumbList","@id":"https:\/\/visitrauland.com\/raulandhistorielag\/vedtekter\/#breadcrumb","itemListElement":[{"@type":"ListItem","position":1,"name":"Hjem","item":"https:\/\/visitrauland.com\/raulandhistorielag\/"},{"@type":"ListItem","position":2,"name":"Vedtekter"}]},{"@type":"WebSite","@id":"https:\/\/visitrauland.com\/raulandhistorielag\/#website","url":"https:\/\/visitrauland.com\/raulandhistorielag\/","name":"Rauland Historielag","description":"Slagord","potentialAction":[{"@type":"SearchAction","target":{"@type":"EntryPoint","urlTemplate":"https:\/\/visitrauland.com\/raulandhistorielag\/?s={search_term_string}"},"query-input":{"@type":"PropertyValueSpecification","valueRequired":true,"valueName":"search_term_string"}}],"inLanguage":"nb-NO"}]}},"_links":{"self":[{"href":"https:\/\/visitrauland.com\/raulandhistorielag\/wp-json\/wp\/v2\/pages\/2523","targetHints":{"allow":["GET"]}}],"collection":[{"href":"https:\/\/visitrauland.com\/raulandhistorielag\/wp-json\/wp\/v2\/pages"}],"about":[{"href":"https:\/\/visitrauland.com\/raulandhistorielag\/wp-json\/wp\/v2\/types\/page"}],"author":[{"embeddable":true,"href":"https:\/\/visitrauland.com\/raulandhistorielag\/wp-json\/wp\/v2\/users\/29"}],"replies":[{"embeddable":true,"href":"https:\/\/visitrauland.com\/raulandhistorielag\/wp-json\/wp\/v2\/comments?post=2523"}],"version-history":[{"count":7,"href":"https:\/\/visitrauland.com\/raulandhistorielag\/wp-json\/wp\/v2\/pages\/2523\/revisions"}],"predecessor-version":[{"id":2532,"href":"https:\/\/visitrauland.com\/raulandhistorielag\/wp-json\/wp\/v2\/pages\/2523\/revisions\/2532"}],"wp:attachment":[{"href":"https:\/\/visitrauland.com\/raulandhistorielag\/wp-json\/wp\/v2\/media?parent=2523"}],"curies":[{"name":"wp","href":"https:\/\/api.w.org\/{rel}","templated":true}]}}