{"id":2506,"date":"2024-12-09T15:58:21","date_gmt":"2024-12-09T14:58:21","guid":{"rendered":"https:\/\/visitrauland.com\/raulandhistorielag\/?page_id=2506"},"modified":"2025-08-18T16:54:14","modified_gmt":"2025-08-18T14:54:14","slug":"kyrkjegardsvandring","status":"publish","type":"page","link":"https:\/\/visitrauland.com\/raulandhistorielag\/kyrkjegardsvandring\/","title":{"rendered":"Kyrkjegardsvandring"},"content":{"rendered":"<div id=\"cs-content\" class=\"cs-content\"><style>.lazy-loader-background-element-1.lazyloaded{ background-image: url(https:\/\/visitrauland.com\/raulandhistorielag\/wp-content\/uploads\/sites\/113\/2024\/12\/Rauland_Kirke_Mai_2018_1733756588.jpg); background-color: transparent; }<\/style><noscript><style>.lazy-loader-background-element-1.lazyload{ background-image: url(https:\/\/visitrauland.com\/raulandhistorielag\/wp-content\/uploads\/sites\/113\/2024\/12\/Rauland_Kirke_Mai_2018_1733756588.jpg); background-color: transparent; }<\/style><\/noscript><div id=\"x-section-1\" class=\"x-section bg-image lazyload lazy-loader-background-element-1 \" style=\"margin: 0px;padding: 45px 0px;  \" data-x-element=\"section\" data-x-params=\"{&quot;type&quot;:&quot;image&quot;,&quot;parallax&quot;:false}\"><div id class=\"x-container max width\" style=\"margin: 0px auto;padding: 0px;\"><div class=\"x-column x-sm x-1-2\" style=\"padding: 0px 30px; background-color:hsla(226, 45%, 24%, 0.45);\"><h2 class=\"h-custom-headline h3\" style=\"color: hsl(0, 0%, 100%);\"><span>Kyrkjegardsvandring<\/span><\/h2><div id class=\"x-text\" style=\"color: white;\"><\/div><\/div><div class=\"x-column x-sm x-1-2\" style=\"padding: 0px;\">&nbsp;<\/div><\/div><div id class=\"x-container max width\" style=\"margin: 0px auto;padding: 0px;\"><div class=\"x-column x-sm x-1-1\" style=\"padding: 0px;\"><hr class=\"x-gap x-hide-sm x-hide-xs x-hide-md\" style=\"margin: 150px 0 0 0;\"><\/div><\/div><\/div><div class=\"x-section e2506-e10 m1xm-0\"><div class=\"x-row x-container max width e2506-e11 m1xm-1 m1xm-2\"><div class=\"x-row-inner\"><div class=\"x-col e2506-e12 m1xm-3\"><div class=\"x-text x-content e2506-e13 m1xm-4\"><p><strong>Eit av Rauland Historielag sine mest popul\u00e6re arrangement er den \u00e5rlige kyrkjegardsvandringa p\u00e5 Oldsokkvelden. Kvart \u00e5r kan du h\u00f8yre enkelthistoriar om raulendingar som ligg gravlagt p\u00e5 Rauland kyrkjegard.<\/strong><\/p>\n<p>Kyrkjegardsvandringa er eit samarbeid mellom Rauland Historielag og Rauland sokner\u00e5d og har har blitt arrangert sidan 2026. Historielaget st\u00e5r for innhaldet, medan Sokner\u00e5det stiller med Oslokgraut. Kyrkjegardvandringa blir avslutta med messe i Rauland kyrkje.<\/p>\n\n\n<div id=\"attachment_2533\" style=\"width: 1180px\" class=\"wp-caption alignnone\"><noscript><img decoding=\"async\" aria-describedby=\"caption-attachment-2533\" src=\"https:\/\/visitrauland.com\/raulandhistorielag\/wp-content\/uploads\/sites\/113\/2024\/12\/462561833_1103930597840909_8814356321933683547_n_1734095212.jpg\" alt=\"Kyrkjegardsvandring. \" width=\"1170\" height=\"1560\" class=\"size-full wp-image-2533\" srcset=\"https:\/\/visitrauland.com\/raulandhistorielag\/wp-content\/uploads\/sites\/113\/2024\/12\/462561833_1103930597840909_8814356321933683547_n_1734095212.jpg 1170w, https:\/\/visitrauland.com\/raulandhistorielag\/wp-content\/uploads\/sites\/113\/2024\/12\/462561833_1103930597840909_8814356321933683547_n_1734095212-225x300.jpg 225w, https:\/\/visitrauland.com\/raulandhistorielag\/wp-content\/uploads\/sites\/113\/2024\/12\/462561833_1103930597840909_8814356321933683547_n_1734095212-768x1024.jpg 768w, https:\/\/visitrauland.com\/raulandhistorielag\/wp-content\/uploads\/sites\/113\/2024\/12\/462561833_1103930597840909_8814356321933683547_n_1734095212-300x400.jpg 300w, https:\/\/visitrauland.com\/raulandhistorielag\/wp-content\/uploads\/sites\/113\/2024\/12\/462561833_1103930597840909_8814356321933683547_n_1734095212-1152x1536.jpg 1152w, https:\/\/visitrauland.com\/raulandhistorielag\/wp-content\/uploads\/sites\/113\/2024\/12\/462561833_1103930597840909_8814356321933683547_n_1734095212-500x667.jpg 500w, https:\/\/visitrauland.com\/raulandhistorielag\/wp-content\/uploads\/sites\/113\/2024\/12\/462561833_1103930597840909_8814356321933683547_n_1734095212-100x133.jpg 100w, https:\/\/visitrauland.com\/raulandhistorielag\/wp-content\/uploads\/sites\/113\/2024\/12\/462561833_1103930597840909_8814356321933683547_n_1734095212-862x1149.jpg 862w\" sizes=\"(max-width: 1170px) 100vw, 1170px\"><\/noscript><img decoding=\"async\" aria-describedby=\"caption-attachment-2533\" src=\"data:image\/svg+xml,%3Csvg%20xmlns%3D%22http%3A%2F%2Fwww.w3.org%2F2000%2Fsvg%22%20viewBox%3D%220%200%201170%201560%22%3E%3C%2Fsvg%3E\" alt=\"Kyrkjegardsvandring. \" width=\"1170\" height=\"1560\" class=\"size-full wp-image-2533 lazyload\" srcset=\"data:image\/svg+xml,%3Csvg%20xmlns%3D%22http%3A%2F%2Fwww.w3.org%2F2000%2Fsvg%22%20viewBox%3D%220%200%201170%201560%22%3E%3C%2Fsvg%3E 1170w\" sizes=\"(max-width: 1170px) 100vw, 1170px\" data-srcset=\"https:\/\/visitrauland.com\/raulandhistorielag\/wp-content\/uploads\/sites\/113\/2024\/12\/462561833_1103930597840909_8814356321933683547_n_1734095212.jpg 1170w, https:\/\/visitrauland.com\/raulandhistorielag\/wp-content\/uploads\/sites\/113\/2024\/12\/462561833_1103930597840909_8814356321933683547_n_1734095212-225x300.jpg 225w, https:\/\/visitrauland.com\/raulandhistorielag\/wp-content\/uploads\/sites\/113\/2024\/12\/462561833_1103930597840909_8814356321933683547_n_1734095212-768x1024.jpg 768w, https:\/\/visitrauland.com\/raulandhistorielag\/wp-content\/uploads\/sites\/113\/2024\/12\/462561833_1103930597840909_8814356321933683547_n_1734095212-300x400.jpg 300w, https:\/\/visitrauland.com\/raulandhistorielag\/wp-content\/uploads\/sites\/113\/2024\/12\/462561833_1103930597840909_8814356321933683547_n_1734095212-1152x1536.jpg 1152w, https:\/\/visitrauland.com\/raulandhistorielag\/wp-content\/uploads\/sites\/113\/2024\/12\/462561833_1103930597840909_8814356321933683547_n_1734095212-500x667.jpg 500w, https:\/\/visitrauland.com\/raulandhistorielag\/wp-content\/uploads\/sites\/113\/2024\/12\/462561833_1103930597840909_8814356321933683547_n_1734095212-100x133.jpg 100w, https:\/\/visitrauland.com\/raulandhistorielag\/wp-content\/uploads\/sites\/113\/2024\/12\/462561833_1103930597840909_8814356321933683547_n_1734095212-862x1149.jpg 862w\" data-src=\"https:\/\/visitrauland.com\/raulandhistorielag\/wp-content\/uploads\/sites\/113\/2024\/12\/462561833_1103930597840909_8814356321933683547_n_1734095212.jpg\"><p id=\"caption-attachment-2533\" class=\"wp-caption-text\">Fr\u00e5 kyrkjegardsvandringa i 2024. Tarjei Kramviken fortel om bestefar sin.<\/p><\/div>\n<p>Her finn du ei oversikt over kven som er fortalt om, og kven som har fortalt attende til 2020.<\/p>\n<p><strong>2025<\/strong><\/p>\n\n<ul>\n \t<li>Anne S\u00e6ren fortalt av Signe Gardsteig<\/li>\n \t<li>Karl Rikard Fehn fortalt av Halvor Fehn<\/li>\n \t<li>\u00c5nund Aslaksen Lognvik fotalt av Alf Seltveit<\/li>\n \t<li>Torbj\u00f8rg Rikardsdotter Berge fortalt av Torbj\u00f8rg Enerstad<\/li>\n<\/ul>\n<p><a href=\"https:\/\/visitrauland.com\/raulandhistorielag\/kyrkjegardsvandring-2025-med-markering-av-freds-og-utvandrarjubileet\/\">Her kan du lese meir om kyrkjegardsvandringa i 2025&nbsp;<\/a><\/p>\n<p><strong>2024 <br>\n<\/strong><\/p>\n\n<ul>\n \t<li>Gunhild Rui&nbsp; fortalt av Jan Tveiti<\/li>\n \t<li>Hege Varmekro&nbsp; fortalt av Fr\u00f8ydis Fossli<\/li>\n \t<li>Gudrun og Alf Solbakken fortalt av \u00d8yvind Solbakken<\/li>\n \t<li>Tarjei Kramviken d.e. fortalt av Tarjei Kramviken<\/li>\n<\/ul>\n<p><strong>2023<\/strong><\/p>\n\n<ul>\n \t<li>Svallaug Svalastoga fortalt av Ingrid Hayes<\/li>\n \t<li>Sigrid Lid fortalt av Hilde Lid Str\u00f8mme<\/li>\n \t<li>Olaus Nystog fortalt av Erik Nystog<\/li>\n \t<li>Wilhelm Aakre fortalt av Signe Gardsteig<\/li>\n<\/ul>\n<p><strong>2022<\/strong><\/p>\n\n<ul>\n \t<li>Anne Aksvik fortalt av Marit Vaagen Lilleland<\/li>\n \t<li>Olav Kvammen fortalt av Birger Kjelingtveit<\/li>\n \t<li>Olav Storlid fortalt av Ragnhild Storlid<\/li>\n \t<li>Kjersti og Gutte Strondi fortalt av Johannes Skinnarland<\/li>\n \t<li>Martha Fundlid fortalt av \u00c5sta \u00d8stmo Kostveit<\/li>\n<\/ul>\n<p><strong>2021<\/strong><\/p>\n\n<ul>\n \t<li>Eivind Gardsteig fortalt av Signe Gardsteig<\/li>\n \t<li>Thora Vaa fotalt av Anne Jorunn S\u00e6tre<\/li>\n \t<li>Aslak Djuve fortalt av Astrid Lyslid<\/li>\n \t<li>Kitty Svalastoga fortalt av Anne M Romtveit<\/li>\n<\/ul>\n<p><strong>2020<\/strong><\/p>\n\n<ul>\n \t<li>Kirsti og Eivind \u00d8ygarden fortalt av Asbj\u00f8rg \u00d8. Neset<\/li>\n \t<li>Anne Lofthus fortalt av Sigrun Midtb\u00f8<\/li>\n \t<li>Odd Kjelingtveit (Skeie) fortalt av Anne Oddny Fold\u00f8y<\/li>\n \t<li>Martin Mikkelsen fortalt av Birger Kjelingtveit.<\/li>\n<\/ul>\n<p><strong>Tidlegare kyrkjegardsvandringar<\/strong><\/p>\n<p>Lurar du p\u00e5 tidlegare kyrkjegardsvandringar finn du ei <a href=\"https:\/\/visitrauland.com\/raulandhistorielag\/wp-content\/uploads\/sites\/113\/2024\/12\/Kyrkjegardsvandringar-fra-1996-til-2024_1734096414.pdf\">oversikt i dette dokumentet<\/a>. P\u00e5 denne sida finn du ogs\u00e5 plasseing av fleire av gravene. Du kan leite dei fram med \u00e5 bruke dette <a href=\"https:\/\/visitrauland.com\/raulandhistorielag\/wp-content\/uploads\/sites\/113\/2024\/12\/Oversiktskart-Rauland-kyrkjegard-_1734096372.pdf\">kartet over kyrkjegarden<\/a>. Leitar du etter andre gravlagde p\u00e5 Rauland kyrkjegarden kan du finne gravplassering med nummer\/ plassering p\u00e5 nettsida <a href=\"https:\/\/grav.no\/search\">grav.no<\/a>.<\/p>\n\n<ul><\/ul><\/div><\/div><div class=\"x-col e2506-e14 m1xm-3\"><\/div><\/div><\/div><\/div><\/div>\n","protected":false},"excerpt":{"rendered":"<p>Kyrkjegardsvandring&nbsp;Eit av Rauland Historielag sine mest popul\u00e6re arrangement er den \u00e5rlige kyrkjegardsvandringa p\u00e5 Oldsokkvelden. Kvart \u00e5r kan du h\u00f8yre enkelthistoriar om raulendingar som ligg gravlagt p\u00e5 Rauland kyrkjegard. Kyrkjegardsvandringa er eit samarbeid mellom Rauland Historielag og Rauland sokner\u00e5d og har har blitt arrangert sidan 2026. Historielaget st\u00e5r for innhaldet, medan Sokner\u00e5det stiller med Oslokgraut. Kyrkjegardvandringa blir avslutta med messe i &#8230; <\/p>\n<div><a href=\"https:\/\/visitrauland.com\/raulandhistorielag\/kyrkjegardsvandring\/\" class=\"more-link\">Les Mer<\/a><\/div>\n","protected":false},"author":29,"featured_media":0,"parent":0,"menu_order":0,"comment_status":"closed","ping_status":"closed","template":"template-blank-4.php","meta":{"_relevanssi_hide_post":"","_relevanssi_hide_content":"","_relevanssi_pin_for_all":"","_relevanssi_pin_keywords":"","_relevanssi_unpin_keywords":"","_relevanssi_related_keywords":"","_relevanssi_related_include_ids":"","_relevanssi_related_exclude_ids":"","_relevanssi_related_no_append":"","_relevanssi_related_not_related":"","_relevanssi_related_posts":"","_relevanssi_noindex_reason":"","seo_booster_metabox":"","footnotes":""},"class_list":["post-2506","page","type-page","status-publish","hentry","no-post-thumbnail"],"yoast_head":"<!-- This site is optimized with the Yoast SEO plugin v27.2 - https:\/\/yoast.com\/product\/yoast-seo-wordpress\/ -->\n<title>Kyrkjegardsvandring - Rauland Historielag<\/title>\n<meta name=\"robots\" content=\"index, follow, max-snippet:-1, max-image-preview:large, max-video-preview:-1\" \/>\n<link rel=\"canonical\" href=\"https:\/\/visitrauland.com\/raulandhistorielag\/kyrkjegardsvandring\/\" \/>\n<meta property=\"og:locale\" content=\"nb_NO\" \/>\n<meta property=\"og:type\" content=\"article\" \/>\n<meta property=\"og:title\" content=\"Kyrkjegardsvandring - Rauland Historielag\" \/>\n<meta property=\"og:description\" content=\"Kyrkjegardsvandring&nbsp;Eit av Rauland Historielag sine mest popul\u00e6re arrangement er den \u00e5rlige kyrkjegardsvandringa p\u00e5 Oldsokkvelden. Kvart \u00e5r kan du h\u00f8yre enkelthistoriar om raulendingar som ligg gravlagt p\u00e5 Rauland kyrkjegard. Kyrkjegardsvandringa er eit samarbeid mellom Rauland Historielag og Rauland sokner\u00e5d og har har blitt arrangert sidan 2026. Historielaget st\u00e5r for innhaldet, medan Sokner\u00e5det stiller med Oslokgraut. Kyrkjegardvandringa blir avslutta med messe i ... Les Mer\" \/>\n<meta property=\"og:url\" content=\"https:\/\/visitrauland.com\/raulandhistorielag\/kyrkjegardsvandring\/\" \/>\n<meta property=\"og:site_name\" content=\"Rauland Historielag\" \/>\n<meta property=\"article:modified_time\" content=\"2025-08-18T14:54:14+00:00\" \/>\n<meta property=\"og:image\" content=\"https:\/\/visitrauland.com\/raulandhistorielag\/wp-content\/uploads\/sites\/113\/2024\/12\/462561833_1103930597840909_8814356321933683547_n_1734095212.jpg\" \/>\n\t<meta property=\"og:image:width\" content=\"1170\" \/>\n\t<meta property=\"og:image:height\" content=\"1560\" \/>\n\t<meta property=\"og:image:type\" content=\"image\/jpeg\" \/>\n<meta name=\"twitter:card\" content=\"summary_large_image\" \/>\n<meta name=\"twitter:label1\" content=\"Ansl. lesetid\" \/>\n\t<meta name=\"twitter:data1\" content=\"2 minutter\" \/>\n<script type=\"application\/ld+json\" class=\"yoast-schema-graph\">{\"@context\":\"https:\/\/schema.org\",\"@graph\":[{\"@type\":\"WebPage\",\"@id\":\"https:\/\/visitrauland.com\/raulandhistorielag\/kyrkjegardsvandring\/\",\"url\":\"https:\/\/visitrauland.com\/raulandhistorielag\/kyrkjegardsvandring\/\",\"name\":\"Kyrkjegardsvandring - Rauland Historielag\",\"isPartOf\":{\"@id\":\"https:\/\/visitrauland.com\/raulandhistorielag\/#website\"},\"primaryImageOfPage\":{\"@id\":\"https:\/\/visitrauland.com\/raulandhistorielag\/kyrkjegardsvandring\/#primaryimage\"},\"image\":{\"@id\":\"https:\/\/visitrauland.com\/raulandhistorielag\/kyrkjegardsvandring\/#primaryimage\"},\"thumbnailUrl\":\"https:\/\/visitrauland.com\/raulandhistorielag\/wp-content\/uploads\/sites\/113\/2024\/12\/462561833_1103930597840909_8814356321933683547_n_1734095212.jpg\",\"datePublished\":\"2024-12-09T14:58:21+00:00\",\"dateModified\":\"2025-08-18T14:54:14+00:00\",\"breadcrumb\":{\"@id\":\"https:\/\/visitrauland.com\/raulandhistorielag\/kyrkjegardsvandring\/#breadcrumb\"},\"inLanguage\":\"nb-NO\",\"potentialAction\":[{\"@type\":\"ReadAction\",\"target\":[\"https:\/\/visitrauland.com\/raulandhistorielag\/kyrkjegardsvandring\/\"]}]},{\"@type\":\"ImageObject\",\"inLanguage\":\"nb-NO\",\"@id\":\"https:\/\/visitrauland.com\/raulandhistorielag\/kyrkjegardsvandring\/#primaryimage\",\"url\":\"https:\/\/visitrauland.com\/raulandhistorielag\/wp-content\/uploads\/sites\/113\/2024\/12\/462561833_1103930597840909_8814356321933683547_n_1734095212.jpg\",\"contentUrl\":\"https:\/\/visitrauland.com\/raulandhistorielag\/wp-content\/uploads\/sites\/113\/2024\/12\/462561833_1103930597840909_8814356321933683547_n_1734095212.jpg\",\"width\":1170,\"height\":1560,\"caption\":\"Fr\u00e5 kyrkjegardsvandringa i 2024.\"},{\"@type\":\"BreadcrumbList\",\"@id\":\"https:\/\/visitrauland.com\/raulandhistorielag\/kyrkjegardsvandring\/#breadcrumb\",\"itemListElement\":[{\"@type\":\"ListItem\",\"position\":1,\"name\":\"Hjem\",\"item\":\"https:\/\/visitrauland.com\/raulandhistorielag\/\"},{\"@type\":\"ListItem\",\"position\":2,\"name\":\"Kyrkjegardsvandring\"}]},{\"@type\":\"WebSite\",\"@id\":\"https:\/\/visitrauland.com\/raulandhistorielag\/#website\",\"url\":\"https:\/\/visitrauland.com\/raulandhistorielag\/\",\"name\":\"Rauland Historielag\",\"description\":\"Slagord\",\"potentialAction\":[{\"@type\":\"SearchAction\",\"target\":{\"@type\":\"EntryPoint\",\"urlTemplate\":\"https:\/\/visitrauland.com\/raulandhistorielag\/?s={search_term_string}\"},\"query-input\":{\"@type\":\"PropertyValueSpecification\",\"valueRequired\":true,\"valueName\":\"search_term_string\"}}],\"inLanguage\":\"nb-NO\"}]}<\/script>\n<!-- \/ Yoast SEO plugin. -->","yoast_head_json":{"title":"Kyrkjegardsvandring - Rauland Historielag","robots":{"index":"index","follow":"follow","max-snippet":"max-snippet:-1","max-image-preview":"max-image-preview:large","max-video-preview":"max-video-preview:-1"},"canonical":"https:\/\/visitrauland.com\/raulandhistorielag\/kyrkjegardsvandring\/","og_locale":"nb_NO","og_type":"article","og_title":"Kyrkjegardsvandring - Rauland Historielag","og_description":"Kyrkjegardsvandring&nbsp;Eit av Rauland Historielag sine mest popul\u00e6re arrangement er den \u00e5rlige kyrkjegardsvandringa p\u00e5 Oldsokkvelden. Kvart \u00e5r kan du h\u00f8yre enkelthistoriar om raulendingar som ligg gravlagt p\u00e5 Rauland kyrkjegard. Kyrkjegardsvandringa er eit samarbeid mellom Rauland Historielag og Rauland sokner\u00e5d og har har blitt arrangert sidan 2026. Historielaget st\u00e5r for innhaldet, medan Sokner\u00e5det stiller med Oslokgraut. Kyrkjegardvandringa blir avslutta med messe i ... Les Mer","og_url":"https:\/\/visitrauland.com\/raulandhistorielag\/kyrkjegardsvandring\/","og_site_name":"Rauland Historielag","article_modified_time":"2025-08-18T14:54:14+00:00","og_image":[{"width":1170,"height":1560,"url":"https:\/\/visitrauland.com\/raulandhistorielag\/wp-content\/uploads\/sites\/113\/2024\/12\/462561833_1103930597840909_8814356321933683547_n_1734095212.jpg","type":"image\/jpeg"}],"twitter_card":"summary_large_image","twitter_misc":{"Ansl. lesetid":"2 minutter"},"schema":{"@context":"https:\/\/schema.org","@graph":[{"@type":"WebPage","@id":"https:\/\/visitrauland.com\/raulandhistorielag\/kyrkjegardsvandring\/","url":"https:\/\/visitrauland.com\/raulandhistorielag\/kyrkjegardsvandring\/","name":"Kyrkjegardsvandring - Rauland Historielag","isPartOf":{"@id":"https:\/\/visitrauland.com\/raulandhistorielag\/#website"},"primaryImageOfPage":{"@id":"https:\/\/visitrauland.com\/raulandhistorielag\/kyrkjegardsvandring\/#primaryimage"},"image":{"@id":"https:\/\/visitrauland.com\/raulandhistorielag\/kyrkjegardsvandring\/#primaryimage"},"thumbnailUrl":"https:\/\/visitrauland.com\/raulandhistorielag\/wp-content\/uploads\/sites\/113\/2024\/12\/462561833_1103930597840909_8814356321933683547_n_1734095212.jpg","datePublished":"2024-12-09T14:58:21+00:00","dateModified":"2025-08-18T14:54:14+00:00","breadcrumb":{"@id":"https:\/\/visitrauland.com\/raulandhistorielag\/kyrkjegardsvandring\/#breadcrumb"},"inLanguage":"nb-NO","potentialAction":[{"@type":"ReadAction","target":["https:\/\/visitrauland.com\/raulandhistorielag\/kyrkjegardsvandring\/"]}]},{"@type":"ImageObject","inLanguage":"nb-NO","@id":"https:\/\/visitrauland.com\/raulandhistorielag\/kyrkjegardsvandring\/#primaryimage","url":"https:\/\/visitrauland.com\/raulandhistorielag\/wp-content\/uploads\/sites\/113\/2024\/12\/462561833_1103930597840909_8814356321933683547_n_1734095212.jpg","contentUrl":"https:\/\/visitrauland.com\/raulandhistorielag\/wp-content\/uploads\/sites\/113\/2024\/12\/462561833_1103930597840909_8814356321933683547_n_1734095212.jpg","width":1170,"height":1560,"caption":"Fr\u00e5 kyrkjegardsvandringa i 2024."},{"@type":"BreadcrumbList","@id":"https:\/\/visitrauland.com\/raulandhistorielag\/kyrkjegardsvandring\/#breadcrumb","itemListElement":[{"@type":"ListItem","position":1,"name":"Hjem","item":"https:\/\/visitrauland.com\/raulandhistorielag\/"},{"@type":"ListItem","position":2,"name":"Kyrkjegardsvandring"}]},{"@type":"WebSite","@id":"https:\/\/visitrauland.com\/raulandhistorielag\/#website","url":"https:\/\/visitrauland.com\/raulandhistorielag\/","name":"Rauland Historielag","description":"Slagord","potentialAction":[{"@type":"SearchAction","target":{"@type":"EntryPoint","urlTemplate":"https:\/\/visitrauland.com\/raulandhistorielag\/?s={search_term_string}"},"query-input":{"@type":"PropertyValueSpecification","valueRequired":true,"valueName":"search_term_string"}}],"inLanguage":"nb-NO"}]}},"_links":{"self":[{"href":"https:\/\/visitrauland.com\/raulandhistorielag\/wp-json\/wp\/v2\/pages\/2506","targetHints":{"allow":["GET"]}}],"collection":[{"href":"https:\/\/visitrauland.com\/raulandhistorielag\/wp-json\/wp\/v2\/pages"}],"about":[{"href":"https:\/\/visitrauland.com\/raulandhistorielag\/wp-json\/wp\/v2\/types\/page"}],"author":[{"embeddable":true,"href":"https:\/\/visitrauland.com\/raulandhistorielag\/wp-json\/wp\/v2\/users\/29"}],"replies":[{"embeddable":true,"href":"https:\/\/visitrauland.com\/raulandhistorielag\/wp-json\/wp\/v2\/comments?post=2506"}],"version-history":[{"count":12,"href":"https:\/\/visitrauland.com\/raulandhistorielag\/wp-json\/wp\/v2\/pages\/2506\/revisions"}],"predecessor-version":[{"id":2656,"href":"https:\/\/visitrauland.com\/raulandhistorielag\/wp-json\/wp\/v2\/pages\/2506\/revisions\/2656"}],"wp:attachment":[{"href":"https:\/\/visitrauland.com\/raulandhistorielag\/wp-json\/wp\/v2\/media?parent=2506"}],"curies":[{"name":"wp","href":"https:\/\/api.w.org\/{rel}","templated":true}]}}