{"id":2484,"date":"2024-12-09T14:38:35","date_gmt":"2024-12-09T13:38:35","guid":{"rendered":"https:\/\/visitrauland.com\/raulandhistorielag\/?page_id=2484"},"modified":"2024-12-27T18:08:12","modified_gmt":"2024-12-27T17:08:12","slug":"utvandrarjubileet2025","status":"publish","type":"page","link":"https:\/\/visitrauland.com\/raulandhistorielag\/utvandrarjubileet2025\/","title":{"rendered":"Utvandrarjubileet2025"},"content":{"rendered":"<div id=\"cs-content\" class=\"cs-content\"><style>.lazy-loader-background-element-1.lazyloaded{ background-image: url(https:\/\/visitrauland.com\/raulandhistorielag\/wp-content\/uploads\/sites\/113\/2024\/11\/Utvandrere_1902_gustav_wentzel_1920_1730540764.jpg); background-color: transparent; }<\/style><noscript><style>.lazy-loader-background-element-1.lazyload{ background-image: url(https:\/\/visitrauland.com\/raulandhistorielag\/wp-content\/uploads\/sites\/113\/2024\/11\/Utvandrere_1902_gustav_wentzel_1920_1730540764.jpg); background-color: transparent; }<\/style><\/noscript><div id=\"x-section-1\" class=\"x-section bg-image lazyload lazy-loader-background-element-1 \" style=\"margin: 0px;padding: 45px 0px;  \" data-x-element=\"section\" data-x-params=\"{&quot;type&quot;:&quot;image&quot;,&quot;parallax&quot;:false}\"><div id class=\"x-container max width\" style=\"margin: 0px auto;padding: 0px;\"><div class=\"x-column x-sm x-1-2\" style=\"padding: 0px 30px; background-color:hsla(226, 45%, 24%, 0.45);\"><h2 class=\"h-custom-headline h3\" style=\"color: hsl(0, 0%, 100%);\"><span>Utvandrarjubileet 2025<\/span><\/h2><div id class=\"x-text\" style=\"color: white;\"><\/div><\/div><div class=\"x-column x-sm x-1-2\" style=\"padding: 0px;\">&nbsp;<\/div><\/div><div id class=\"x-container max width\" style=\"margin: 0px auto;padding: 0px;\"><div class=\"x-column x-sm x-1-1\" style=\"padding: 0px;\"><hr class=\"x-gap x-hide-sm x-hide-xs x-hide-md\" style=\"margin: 150px 0 0 0;\"><\/div><\/div><\/div><div class=\"x-section e2484-e10 m1x0-0\"><div class=\"x-row x-container max width e2484-e11 m1x0-1 m1x0-2\"><div class=\"x-row-inner\"><div class=\"x-col e2484-e12 m1x0-3\"><div class=\"x-text x-content e2484-e13 m1x0-4\"><p>I 2025 er det 200 \u00e5r sidan den fyrste organiserte utvandringa fr\u00e5 Noreg til det amerikanske kontinentet. I 1825 segla Restauration fr\u00e5 Stavanger til New York med 25 norske emigrantar. I \u00e5ra etter fylgde mange nordmenn, ogs\u00e5 fr\u00e5 raulandsomr\u00e5det.<\/p>\n<p>I jubileums\u00e5ret vil Rauland Historielag ha eit fokus p\u00e5 denne delen av den lokale historia. Saman med Slekt og Data Vinje vil vi gjennom jubileums\u00e5ret ha temakveldar og andre arrangement omkring temaet. Vi byrja arbeidet med temakveld om utvandring med Dag Rogremoen i november 2024, og byrjar 2025 <a href=\"https:\/\/visitrauland.com\/raulandhistorielag\/events\/temakveld-utvandrarjubileet-2025\/\">med slektsgranskingskveld&nbsp; 7. januar<\/a>.<\/p>\n<p>Kanskje har du slektningar som reiste og du kan l\u00e6re meir om? P\u00e5 denne sida vil det kome meir informasjon om kva som skjer og korleis vi arbeider med det.<\/p><\/div><\/div><div class=\"x-col e2484-e14 m1x0-3\"><\/div><\/div><\/div><\/div><\/div>\n","protected":false},"excerpt":{"rendered":"<p>Utvandrarjubileet 2025&nbsp;I 2025 er det 200 \u00e5r sidan den fyrste organiserte utvandringa fr\u00e5 Noreg til det amerikanske kontinentet. I 1825 segla Restauration fr\u00e5 Stavanger til New York med 25 norske emigrantar. I \u00e5ra etter fylgde mange nordmenn, ogs\u00e5 fr\u00e5 raulandsomr\u00e5det. I jubileums\u00e5ret vil Rauland Historielag ha eit fokus p\u00e5 denne delen av den lokale historia. Saman med Slekt og Data &#8230; <\/p>\n<div><a href=\"https:\/\/visitrauland.com\/raulandhistorielag\/utvandrarjubileet2025\/\" class=\"more-link\">Les Mer<\/a><\/div>\n","protected":false},"author":29,"featured_media":0,"parent":0,"menu_order":0,"comment_status":"closed","ping_status":"closed","template":"template-blank-4.php","meta":{"_relevanssi_hide_post":"","_relevanssi_hide_content":"","_relevanssi_pin_for_all":"","_relevanssi_pin_keywords":"","_relevanssi_unpin_keywords":"","_relevanssi_related_keywords":"","_relevanssi_related_include_ids":"","_relevanssi_related_exclude_ids":"","_relevanssi_related_no_append":"","_relevanssi_related_not_related":"","_relevanssi_related_posts":"","_relevanssi_noindex_reason":"","seo_booster_metabox":"","footnotes":""},"class_list":["post-2484","page","type-page","status-publish","hentry","no-post-thumbnail"],"yoast_head":"<!-- This site is optimized with the Yoast SEO plugin v27.2 - https:\/\/yoast.com\/product\/yoast-seo-wordpress\/ -->\n<title>Utvandrarjubileet2025 - Rauland Historielag<\/title>\n<meta name=\"robots\" content=\"index, follow, max-snippet:-1, max-image-preview:large, max-video-preview:-1\" \/>\n<link rel=\"canonical\" href=\"https:\/\/visitrauland.com\/raulandhistorielag\/utvandrarjubileet2025\/\" \/>\n<meta property=\"og:locale\" content=\"nb_NO\" \/>\n<meta property=\"og:type\" content=\"article\" \/>\n<meta property=\"og:title\" content=\"Utvandrarjubileet2025 - Rauland Historielag\" \/>\n<meta property=\"og:description\" content=\"Utvandrarjubileet 2025&nbsp;I 2025 er det 200 \u00e5r sidan den fyrste organiserte utvandringa fr\u00e5 Noreg til det amerikanske kontinentet. I 1825 segla Restauration fr\u00e5 Stavanger til New York med 25 norske emigrantar. I \u00e5ra etter fylgde mange nordmenn, ogs\u00e5 fr\u00e5 raulandsomr\u00e5det. I jubileums\u00e5ret vil Rauland Historielag ha eit fokus p\u00e5 denne delen av den lokale historia. Saman med Slekt og Data ... Les Mer\" \/>\n<meta property=\"og:url\" content=\"https:\/\/visitrauland.com\/raulandhistorielag\/utvandrarjubileet2025\/\" \/>\n<meta property=\"og:site_name\" content=\"Rauland Historielag\" \/>\n<meta property=\"article:modified_time\" content=\"2024-12-27T17:08:12+00:00\" \/>\n<meta name=\"twitter:card\" content=\"summary_large_image\" \/>\n<meta name=\"twitter:label1\" content=\"Ansl. lesetid\" \/>\n\t<meta name=\"twitter:data1\" content=\"2 minutter\" \/>\n<script type=\"application\/ld+json\" class=\"yoast-schema-graph\">{\"@context\":\"https:\/\/schema.org\",\"@graph\":[{\"@type\":\"WebPage\",\"@id\":\"https:\/\/visitrauland.com\/raulandhistorielag\/utvandrarjubileet2025\/\",\"url\":\"https:\/\/visitrauland.com\/raulandhistorielag\/utvandrarjubileet2025\/\",\"name\":\"Utvandrarjubileet2025 - Rauland Historielag\",\"isPartOf\":{\"@id\":\"https:\/\/visitrauland.com\/raulandhistorielag\/#website\"},\"datePublished\":\"2024-12-09T13:38:35+00:00\",\"dateModified\":\"2024-12-27T17:08:12+00:00\",\"breadcrumb\":{\"@id\":\"https:\/\/visitrauland.com\/raulandhistorielag\/utvandrarjubileet2025\/#breadcrumb\"},\"inLanguage\":\"nb-NO\",\"potentialAction\":[{\"@type\":\"ReadAction\",\"target\":[\"https:\/\/visitrauland.com\/raulandhistorielag\/utvandrarjubileet2025\/\"]}]},{\"@type\":\"BreadcrumbList\",\"@id\":\"https:\/\/visitrauland.com\/raulandhistorielag\/utvandrarjubileet2025\/#breadcrumb\",\"itemListElement\":[{\"@type\":\"ListItem\",\"position\":1,\"name\":\"Hjem\",\"item\":\"https:\/\/visitrauland.com\/raulandhistorielag\/\"},{\"@type\":\"ListItem\",\"position\":2,\"name\":\"Utvandrarjubileet2025\"}]},{\"@type\":\"WebSite\",\"@id\":\"https:\/\/visitrauland.com\/raulandhistorielag\/#website\",\"url\":\"https:\/\/visitrauland.com\/raulandhistorielag\/\",\"name\":\"Rauland Historielag\",\"description\":\"Slagord\",\"potentialAction\":[{\"@type\":\"SearchAction\",\"target\":{\"@type\":\"EntryPoint\",\"urlTemplate\":\"https:\/\/visitrauland.com\/raulandhistorielag\/?s={search_term_string}\"},\"query-input\":{\"@type\":\"PropertyValueSpecification\",\"valueRequired\":true,\"valueName\":\"search_term_string\"}}],\"inLanguage\":\"nb-NO\"}]}<\/script>\n<!-- \/ Yoast SEO plugin. -->","yoast_head_json":{"title":"Utvandrarjubileet2025 - Rauland Historielag","robots":{"index":"index","follow":"follow","max-snippet":"max-snippet:-1","max-image-preview":"max-image-preview:large","max-video-preview":"max-video-preview:-1"},"canonical":"https:\/\/visitrauland.com\/raulandhistorielag\/utvandrarjubileet2025\/","og_locale":"nb_NO","og_type":"article","og_title":"Utvandrarjubileet2025 - Rauland Historielag","og_description":"Utvandrarjubileet 2025&nbsp;I 2025 er det 200 \u00e5r sidan den fyrste organiserte utvandringa fr\u00e5 Noreg til det amerikanske kontinentet. I 1825 segla Restauration fr\u00e5 Stavanger til New York med 25 norske emigrantar. I \u00e5ra etter fylgde mange nordmenn, ogs\u00e5 fr\u00e5 raulandsomr\u00e5det. I jubileums\u00e5ret vil Rauland Historielag ha eit fokus p\u00e5 denne delen av den lokale historia. Saman med Slekt og Data ... Les Mer","og_url":"https:\/\/visitrauland.com\/raulandhistorielag\/utvandrarjubileet2025\/","og_site_name":"Rauland Historielag","article_modified_time":"2024-12-27T17:08:12+00:00","twitter_card":"summary_large_image","twitter_misc":{"Ansl. lesetid":"2 minutter"},"schema":{"@context":"https:\/\/schema.org","@graph":[{"@type":"WebPage","@id":"https:\/\/visitrauland.com\/raulandhistorielag\/utvandrarjubileet2025\/","url":"https:\/\/visitrauland.com\/raulandhistorielag\/utvandrarjubileet2025\/","name":"Utvandrarjubileet2025 - Rauland Historielag","isPartOf":{"@id":"https:\/\/visitrauland.com\/raulandhistorielag\/#website"},"datePublished":"2024-12-09T13:38:35+00:00","dateModified":"2024-12-27T17:08:12+00:00","breadcrumb":{"@id":"https:\/\/visitrauland.com\/raulandhistorielag\/utvandrarjubileet2025\/#breadcrumb"},"inLanguage":"nb-NO","potentialAction":[{"@type":"ReadAction","target":["https:\/\/visitrauland.com\/raulandhistorielag\/utvandrarjubileet2025\/"]}]},{"@type":"BreadcrumbList","@id":"https:\/\/visitrauland.com\/raulandhistorielag\/utvandrarjubileet2025\/#breadcrumb","itemListElement":[{"@type":"ListItem","position":1,"name":"Hjem","item":"https:\/\/visitrauland.com\/raulandhistorielag\/"},{"@type":"ListItem","position":2,"name":"Utvandrarjubileet2025"}]},{"@type":"WebSite","@id":"https:\/\/visitrauland.com\/raulandhistorielag\/#website","url":"https:\/\/visitrauland.com\/raulandhistorielag\/","name":"Rauland Historielag","description":"Slagord","potentialAction":[{"@type":"SearchAction","target":{"@type":"EntryPoint","urlTemplate":"https:\/\/visitrauland.com\/raulandhistorielag\/?s={search_term_string}"},"query-input":{"@type":"PropertyValueSpecification","valueRequired":true,"valueName":"search_term_string"}}],"inLanguage":"nb-NO"}]}},"_links":{"self":[{"href":"https:\/\/visitrauland.com\/raulandhistorielag\/wp-json\/wp\/v2\/pages\/2484","targetHints":{"allow":["GET"]}}],"collection":[{"href":"https:\/\/visitrauland.com\/raulandhistorielag\/wp-json\/wp\/v2\/pages"}],"about":[{"href":"https:\/\/visitrauland.com\/raulandhistorielag\/wp-json\/wp\/v2\/types\/page"}],"author":[{"embeddable":true,"href":"https:\/\/visitrauland.com\/raulandhistorielag\/wp-json\/wp\/v2\/users\/29"}],"replies":[{"embeddable":true,"href":"https:\/\/visitrauland.com\/raulandhistorielag\/wp-json\/wp\/v2\/comments?post=2484"}],"version-history":[{"count":7,"href":"https:\/\/visitrauland.com\/raulandhistorielag\/wp-json\/wp\/v2\/pages\/2484\/revisions"}],"predecessor-version":[{"id":2551,"href":"https:\/\/visitrauland.com\/raulandhistorielag\/wp-json\/wp\/v2\/pages\/2484\/revisions\/2551"}],"wp:attachment":[{"href":"https:\/\/visitrauland.com\/raulandhistorielag\/wp-json\/wp\/v2\/media?parent=2484"}],"curies":[{"name":"wp","href":"https:\/\/api.w.org\/{rel}","templated":true}]}}