{"id":2458,"date":"2024-11-13T17:56:41","date_gmt":"2024-11-13T16:56:41","guid":{"rendered":"https:\/\/visitrauland.com\/raulandhistorielag\/?page_id=2458"},"modified":"2024-12-09T17:05:38","modified_gmt":"2024-12-09T16:05:38","slug":"prosjekt","status":"publish","type":"page","link":"https:\/\/visitrauland.com\/raulandhistorielag\/prosjekt\/","title":{"rendered":"Prosjekt"},"content":{"rendered":"<div id=\"cs-content\" class=\"cs-content\"><div class=\"x-section e2458-e1 m1wa-0\"><div class=\"x-row x-container max width e2458-e2 m1wa-1 m1wa-2 m1wa-3\"><div class=\"x-row-inner\"><div class=\"x-col e2458-e3 m1wa-5\"><div class=\"x-text x-content e2458-e4 m1wa-6\"><h3><strong>Prosjekt <br \/>\n<\/strong><\/h3>\n<p>I tillegg til arrangement, turar og bokutgjevingar har Rauland Historielag\u00a0 vore, og er , involvert i fleire lokalhistoriske prosjekt. P\u00e5 denne sida finn du ei oversikt og informasjon om tidlegare og p\u00e5g\u00e5ande arbeid<\/p>\n<p><span>\u00a0<\/span><\/p><\/div><\/div><\/div><\/div><div class=\"x-row x-container max width e2458-e5 m1wa-1 m1wa-2 m1wa-4\"><div class=\"x-row-inner\"><div class=\"x-col e2458-e6 m1wa-5\"><div class=\"x-text x-content e2458-e7 m1wa-6\"><p>P\u00e5g\u00e5ande prosjekt<\/p>\n\n<ul>\n \t<li><a href=\"https:\/\/visitrauland.com\/raulandhistorielag\/rinde\/\">Rinde <\/a><\/li>\n \t<li><a href=\"https:\/\/visitrauland.com\/raulandhistorielag\/utvandrarjubileet2025\/\">Utvandrarjubileet 2025<\/a><\/li>\n<\/ul>\n<p>Avslutta prosjekt<\/p>\n\n<ul>\n \t<li><a href=\"https:\/\/visitrauland.com\/raulandhistorielag\/stadnamn\/\">Stadnamn i Vest- Telemark<\/a><\/li>\n<\/ul><\/div><\/div><\/div><\/div><\/div><\/div>\n","protected":false},"excerpt":{"rendered":"<p>Prosjekt I tillegg til arrangement, turar og bokutgjevingar har Rauland Historielag\u00a0 vore, og er , involvert i fleire lokalhistoriske prosjekt. P\u00e5 denne sida finn du ei oversikt og informasjon om tidlegare og p\u00e5g\u00e5ande arbeid \u00a0P\u00e5g\u00e5ande prosjekt Rinde Utvandrarjubileet 2025 Avslutta prosjekt Stadnamn i Vest- Telemark<\/p>\n","protected":false},"author":29,"featured_media":0,"parent":0,"menu_order":0,"comment_status":"closed","ping_status":"closed","template":"template-blank-4.php","meta":{"_relevanssi_hide_post":"","_relevanssi_hide_content":"","_relevanssi_pin_for_all":"","_relevanssi_pin_keywords":"","_relevanssi_unpin_keywords":"","_relevanssi_related_keywords":"","_relevanssi_related_include_ids":"","_relevanssi_related_exclude_ids":"","_relevanssi_related_no_append":"","_relevanssi_related_not_related":"","_relevanssi_related_posts":"","_relevanssi_noindex_reason":"","seo_booster_metabox":"","footnotes":""},"class_list":["post-2458","page","type-page","status-publish","hentry","no-post-thumbnail"],"yoast_head":"<!-- This site is optimized with the Yoast SEO plugin v27.2 - https:\/\/yoast.com\/product\/yoast-seo-wordpress\/ -->\n<title>Prosjekt - Rauland Historielag<\/title>\n<meta name=\"robots\" content=\"index, follow, max-snippet:-1, max-image-preview:large, max-video-preview:-1\" \/>\n<link rel=\"canonical\" href=\"https:\/\/visitrauland.com\/raulandhistorielag\/prosjekt\/\" \/>\n<meta property=\"og:locale\" content=\"nb_NO\" \/>\n<meta property=\"og:type\" content=\"article\" \/>\n<meta property=\"og:title\" content=\"Prosjekt - Rauland Historielag\" \/>\n<meta property=\"og:description\" content=\"Prosjekt I tillegg til arrangement, turar og bokutgjevingar har Rauland Historielag\u00a0 vore, og er , involvert i fleire lokalhistoriske prosjekt. P\u00e5 denne sida finn du ei oversikt og informasjon om tidlegare og p\u00e5g\u00e5ande arbeid \u00a0P\u00e5g\u00e5ande prosjekt Rinde Utvandrarjubileet 2025 Avslutta prosjekt Stadnamn i Vest- Telemark\" \/>\n<meta property=\"og:url\" content=\"https:\/\/visitrauland.com\/raulandhistorielag\/prosjekt\/\" \/>\n<meta property=\"og:site_name\" content=\"Rauland Historielag\" \/>\n<meta property=\"article:modified_time\" content=\"2024-12-09T16:05:38+00:00\" \/>\n<meta name=\"twitter:card\" content=\"summary_large_image\" \/>\n<meta name=\"twitter:label1\" content=\"Ansl. lesetid\" \/>\n\t<meta name=\"twitter:data1\" content=\"2 minutter\" \/>\n<script type=\"application\/ld+json\" class=\"yoast-schema-graph\">{\"@context\":\"https:\/\/schema.org\",\"@graph\":[{\"@type\":\"WebPage\",\"@id\":\"https:\/\/visitrauland.com\/raulandhistorielag\/prosjekt\/\",\"url\":\"https:\/\/visitrauland.com\/raulandhistorielag\/prosjekt\/\",\"name\":\"Prosjekt - Rauland Historielag\",\"isPartOf\":{\"@id\":\"https:\/\/visitrauland.com\/raulandhistorielag\/#website\"},\"datePublished\":\"2024-11-13T16:56:41+00:00\",\"dateModified\":\"2024-12-09T16:05:38+00:00\",\"breadcrumb\":{\"@id\":\"https:\/\/visitrauland.com\/raulandhistorielag\/prosjekt\/#breadcrumb\"},\"inLanguage\":\"nb-NO\",\"potentialAction\":[{\"@type\":\"ReadAction\",\"target\":[\"https:\/\/visitrauland.com\/raulandhistorielag\/prosjekt\/\"]}]},{\"@type\":\"BreadcrumbList\",\"@id\":\"https:\/\/visitrauland.com\/raulandhistorielag\/prosjekt\/#breadcrumb\",\"itemListElement\":[{\"@type\":\"ListItem\",\"position\":1,\"name\":\"Hjem\",\"item\":\"https:\/\/visitrauland.com\/raulandhistorielag\/\"},{\"@type\":\"ListItem\",\"position\":2,\"name\":\"Prosjekt\"}]},{\"@type\":\"WebSite\",\"@id\":\"https:\/\/visitrauland.com\/raulandhistorielag\/#website\",\"url\":\"https:\/\/visitrauland.com\/raulandhistorielag\/\",\"name\":\"Rauland Historielag\",\"description\":\"Slagord\",\"potentialAction\":[{\"@type\":\"SearchAction\",\"target\":{\"@type\":\"EntryPoint\",\"urlTemplate\":\"https:\/\/visitrauland.com\/raulandhistorielag\/?s={search_term_string}\"},\"query-input\":{\"@type\":\"PropertyValueSpecification\",\"valueRequired\":true,\"valueName\":\"search_term_string\"}}],\"inLanguage\":\"nb-NO\"}]}<\/script>\n<!-- \/ Yoast SEO plugin. -->","yoast_head_json":{"title":"Prosjekt - Rauland Historielag","robots":{"index":"index","follow":"follow","max-snippet":"max-snippet:-1","max-image-preview":"max-image-preview:large","max-video-preview":"max-video-preview:-1"},"canonical":"https:\/\/visitrauland.com\/raulandhistorielag\/prosjekt\/","og_locale":"nb_NO","og_type":"article","og_title":"Prosjekt - Rauland Historielag","og_description":"Prosjekt I tillegg til arrangement, turar og bokutgjevingar har Rauland Historielag\u00a0 vore, og er , involvert i fleire lokalhistoriske prosjekt. P\u00e5 denne sida finn du ei oversikt og informasjon om tidlegare og p\u00e5g\u00e5ande arbeid \u00a0P\u00e5g\u00e5ande prosjekt Rinde Utvandrarjubileet 2025 Avslutta prosjekt Stadnamn i Vest- Telemark","og_url":"https:\/\/visitrauland.com\/raulandhistorielag\/prosjekt\/","og_site_name":"Rauland Historielag","article_modified_time":"2024-12-09T16:05:38+00:00","twitter_card":"summary_large_image","twitter_misc":{"Ansl. lesetid":"2 minutter"},"schema":{"@context":"https:\/\/schema.org","@graph":[{"@type":"WebPage","@id":"https:\/\/visitrauland.com\/raulandhistorielag\/prosjekt\/","url":"https:\/\/visitrauland.com\/raulandhistorielag\/prosjekt\/","name":"Prosjekt - Rauland Historielag","isPartOf":{"@id":"https:\/\/visitrauland.com\/raulandhistorielag\/#website"},"datePublished":"2024-11-13T16:56:41+00:00","dateModified":"2024-12-09T16:05:38+00:00","breadcrumb":{"@id":"https:\/\/visitrauland.com\/raulandhistorielag\/prosjekt\/#breadcrumb"},"inLanguage":"nb-NO","potentialAction":[{"@type":"ReadAction","target":["https:\/\/visitrauland.com\/raulandhistorielag\/prosjekt\/"]}]},{"@type":"BreadcrumbList","@id":"https:\/\/visitrauland.com\/raulandhistorielag\/prosjekt\/#breadcrumb","itemListElement":[{"@type":"ListItem","position":1,"name":"Hjem","item":"https:\/\/visitrauland.com\/raulandhistorielag\/"},{"@type":"ListItem","position":2,"name":"Prosjekt"}]},{"@type":"WebSite","@id":"https:\/\/visitrauland.com\/raulandhistorielag\/#website","url":"https:\/\/visitrauland.com\/raulandhistorielag\/","name":"Rauland Historielag","description":"Slagord","potentialAction":[{"@type":"SearchAction","target":{"@type":"EntryPoint","urlTemplate":"https:\/\/visitrauland.com\/raulandhistorielag\/?s={search_term_string}"},"query-input":{"@type":"PropertyValueSpecification","valueRequired":true,"valueName":"search_term_string"}}],"inLanguage":"nb-NO"}]}},"_links":{"self":[{"href":"https:\/\/visitrauland.com\/raulandhistorielag\/wp-json\/wp\/v2\/pages\/2458","targetHints":{"allow":["GET"]}}],"collection":[{"href":"https:\/\/visitrauland.com\/raulandhistorielag\/wp-json\/wp\/v2\/pages"}],"about":[{"href":"https:\/\/visitrauland.com\/raulandhistorielag\/wp-json\/wp\/v2\/types\/page"}],"author":[{"embeddable":true,"href":"https:\/\/visitrauland.com\/raulandhistorielag\/wp-json\/wp\/v2\/users\/29"}],"replies":[{"embeddable":true,"href":"https:\/\/visitrauland.com\/raulandhistorielag\/wp-json\/wp\/v2\/comments?post=2458"}],"version-history":[{"count":12,"href":"https:\/\/visitrauland.com\/raulandhistorielag\/wp-json\/wp\/v2\/pages\/2458\/revisions"}],"predecessor-version":[{"id":2520,"href":"https:\/\/visitrauland.com\/raulandhistorielag\/wp-json\/wp\/v2\/pages\/2458\/revisions\/2520"}],"wp:attachment":[{"href":"https:\/\/visitrauland.com\/raulandhistorielag\/wp-json\/wp\/v2\/media?parent=2458"}],"curies":[{"name":"wp","href":"https:\/\/api.w.org\/{rel}","templated":true}]}}