{"id":2392,"date":"2024-11-05T18:23:31","date_gmt":"2024-11-05T17:23:31","guid":{"rendered":"https:\/\/visitrauland.com\/raulandhistorielag\/?page_id=2392"},"modified":"2024-11-06T14:42:12","modified_gmt":"2024-11-06T13:42:12","slug":"rinde","status":"publish","type":"page","link":"https:\/\/visitrauland.com\/raulandhistorielag\/rinde\/","title":{"rendered":"Rinde"},"content":{"rendered":"<div id=\"cs-content\" class=\"cs-content\"><style>.lazy-loader-background-element-1.lazyloaded{ background-image: url(https:\/\/visitrauland.com\/raulandhistorielag\/wp-content\/uploads\/sites\/113\/2024\/05\/17-Krysset-1954-55_1716493653.jpg); background-color: transparent; }<\/style><noscript><style>.lazy-loader-background-element-1.lazyload{ background-image: url(https:\/\/visitrauland.com\/raulandhistorielag\/wp-content\/uploads\/sites\/113\/2024\/05\/17-Krysset-1954-55_1716493653.jpg); background-color: transparent; }<\/style><\/noscript><div id=\"x-section-1\" class=\"x-section bg-image lazyload lazy-loader-background-element-1 \" style=\"margin: 0px;padding: 45px 0px;  \" data-x-element=\"section\" data-x-params=\"{&quot;type&quot;:&quot;image&quot;,&quot;parallax&quot;:false}\"><div id class=\"x-container max width\" style=\"margin: 0px auto;padding: 0px;\"><div class=\"x-column x-sm x-1-2\" style=\"padding: 0px 30px; background-color:hsla(226, 45%, 24%, 0.45);\"><h2 class=\"h-custom-headline h3\" style=\"color: hsl(0, 0%, 100%);\"><span>Rinde<\/span><\/h2><div id class=\"x-text\" style=\"color: white;\"><\/div><\/div><div class=\"x-column x-sm x-1-2\" style=\"padding: 0px;\">&nbsp;<\/div><\/div><div id class=\"x-container max width\" style=\"margin: 0px auto;padding: 0px;\"><div class=\"x-column x-sm x-1-1\" style=\"padding: 0px;\"><hr class=\"x-gap x-hide-sm x-hide-xs x-hide-md\" style=\"margin: 150px 0 0 0;\"><\/div><\/div><\/div><div class=\"x-section e2392-e10 m1ug-0\"><div class=\"x-row x-container max width e2392-e11 m1ug-1 m1ug-2\"><div class=\"x-row-inner\"><div class=\"x-col e2392-e12 m1ug-3\"><div class=\"x-text x-content e2392-e13 m1ug-4\"><p><strong>Midt i byggefeltet Krontveit p\u00e5 Rauland ligg tuftene etter husmannsplassen Rinde. Saman med Lokalhistorisk arkiv - Vinje, Rauland skule, Krontveit Vel og kulturkontoret i Vinje arbeider Rauland historielag med eit prosjekt som skal gje b\u00e5de lokalbefolking og turistar auka kunnskap om historia.<\/strong><\/p>\n<p>Husmannsplassen Rinde l\u00e5g under garden Krontveit. I tillegg til tufter etter den nyare husmannsplassen er det arkeologiske funn fr\u00e5 jernalderen i omr\u00e5det. Det er funne b\u00e5de gravminne og gardsanlegg, med spor etter tufter, rydningsr\u00f8yser, gjerde og \u00e5kerreiner, datert til om lag 320 \u2013 440 e.kr.<\/p>\n<p>M\u00e5let med prosjektet er \u00e5 lage tilrettelagte turvegar med informasjon om omr\u00e5det, og ein leikeplass eller opphaldstad. M\u00e5lgruppa er b\u00e5de lokalbefolking og turistar. 8. klasse p\u00e5 Rauland skule er viktige akt\u00f8rar i prosjektarbeidet og eit viktig m\u00e5l er at elevane skal bli kjent med lokalhistoria si gjennom lokale krefter og kjelder. Gjennom kjennskap til digitale kjelder h\u00e5par historielaget at dei b\u00e5de skal f\u00e5 interesse for historia si, og forst\u00e5 kvifor det er viktig \u00e5 kjenne til ho.<\/p>\n<p>Prosjektet er st\u00f8tta av Landslaget for lokalhistorie.<\/p><\/div><\/div><div class=\"x-col e2392-e14 m1ug-3\"><\/div><\/div><\/div><\/div><\/div>\n","protected":false},"excerpt":{"rendered":"<p>Rinde&nbsp;Midt i byggefeltet Krontveit p\u00e5 Rauland ligg tuftene etter husmannsplassen Rinde. Saman med Lokalhistorisk arkiv &#8211; Vinje, Rauland skule, Krontveit Vel og kulturkontoret i Vinje arbeider Rauland historielag med eit prosjekt som skal gje b\u00e5de lokalbefolking og turistar auka kunnskap om historia. Husmannsplassen Rinde l\u00e5g under garden Krontveit. I tillegg til tufter etter den nyare husmannsplassen er det arkeologiske funn &#8230; <\/p>\n<div><a href=\"https:\/\/visitrauland.com\/raulandhistorielag\/rinde\/\" class=\"more-link\">Les Mer<\/a><\/div>\n","protected":false},"author":29,"featured_media":0,"parent":0,"menu_order":0,"comment_status":"closed","ping_status":"closed","template":"template-blank-4.php","meta":{"_relevanssi_hide_post":"","_relevanssi_hide_content":"","_relevanssi_pin_for_all":"","_relevanssi_pin_keywords":"","_relevanssi_unpin_keywords":"","_relevanssi_related_keywords":"","_relevanssi_related_include_ids":"","_relevanssi_related_exclude_ids":"","_relevanssi_related_no_append":"","_relevanssi_related_not_related":"","_relevanssi_related_posts":"","_relevanssi_noindex_reason":"","seo_booster_metabox":"","footnotes":""},"class_list":["post-2392","page","type-page","status-publish","hentry","no-post-thumbnail"],"yoast_head":"<!-- This site is optimized with the Yoast SEO plugin v27.2 - https:\/\/yoast.com\/product\/yoast-seo-wordpress\/ -->\n<title>Rinde - Rauland Historielag<\/title>\n<meta name=\"robots\" content=\"index, follow, max-snippet:-1, max-image-preview:large, max-video-preview:-1\" \/>\n<link rel=\"canonical\" href=\"https:\/\/visitrauland.com\/raulandhistorielag\/rinde\/\" \/>\n<meta property=\"og:locale\" content=\"nb_NO\" \/>\n<meta property=\"og:type\" content=\"article\" \/>\n<meta property=\"og:title\" content=\"Rinde - Rauland Historielag\" \/>\n<meta property=\"og:description\" content=\"Rinde&nbsp;Midt i byggefeltet Krontveit p\u00e5 Rauland ligg tuftene etter husmannsplassen Rinde. Saman med Lokalhistorisk arkiv - Vinje, Rauland skule, Krontveit Vel og kulturkontoret i Vinje arbeider Rauland historielag med eit prosjekt som skal gje b\u00e5de lokalbefolking og turistar auka kunnskap om historia. Husmannsplassen Rinde l\u00e5g under garden Krontveit. I tillegg til tufter etter den nyare husmannsplassen er det arkeologiske funn ... Les Mer\" \/>\n<meta property=\"og:url\" content=\"https:\/\/visitrauland.com\/raulandhistorielag\/rinde\/\" \/>\n<meta property=\"og:site_name\" content=\"Rauland Historielag\" \/>\n<meta property=\"article:modified_time\" content=\"2024-11-06T13:42:12+00:00\" \/>\n<meta name=\"twitter:card\" content=\"summary_large_image\" \/>\n<meta name=\"twitter:label1\" content=\"Ansl. lesetid\" \/>\n\t<meta name=\"twitter:data1\" content=\"2 minutter\" \/>\n<script type=\"application\/ld+json\" class=\"yoast-schema-graph\">{\"@context\":\"https:\/\/schema.org\",\"@graph\":[{\"@type\":\"WebPage\",\"@id\":\"https:\/\/visitrauland.com\/raulandhistorielag\/rinde\/\",\"url\":\"https:\/\/visitrauland.com\/raulandhistorielag\/rinde\/\",\"name\":\"Rinde - Rauland Historielag\",\"isPartOf\":{\"@id\":\"https:\/\/visitrauland.com\/raulandhistorielag\/#website\"},\"datePublished\":\"2024-11-05T17:23:31+00:00\",\"dateModified\":\"2024-11-06T13:42:12+00:00\",\"breadcrumb\":{\"@id\":\"https:\/\/visitrauland.com\/raulandhistorielag\/rinde\/#breadcrumb\"},\"inLanguage\":\"nb-NO\",\"potentialAction\":[{\"@type\":\"ReadAction\",\"target\":[\"https:\/\/visitrauland.com\/raulandhistorielag\/rinde\/\"]}]},{\"@type\":\"BreadcrumbList\",\"@id\":\"https:\/\/visitrauland.com\/raulandhistorielag\/rinde\/#breadcrumb\",\"itemListElement\":[{\"@type\":\"ListItem\",\"position\":1,\"name\":\"Hjem\",\"item\":\"https:\/\/visitrauland.com\/raulandhistorielag\/\"},{\"@type\":\"ListItem\",\"position\":2,\"name\":\"Rinde\"}]},{\"@type\":\"WebSite\",\"@id\":\"https:\/\/visitrauland.com\/raulandhistorielag\/#website\",\"url\":\"https:\/\/visitrauland.com\/raulandhistorielag\/\",\"name\":\"Rauland Historielag\",\"description\":\"Slagord\",\"potentialAction\":[{\"@type\":\"SearchAction\",\"target\":{\"@type\":\"EntryPoint\",\"urlTemplate\":\"https:\/\/visitrauland.com\/raulandhistorielag\/?s={search_term_string}\"},\"query-input\":{\"@type\":\"PropertyValueSpecification\",\"valueRequired\":true,\"valueName\":\"search_term_string\"}}],\"inLanguage\":\"nb-NO\"}]}<\/script>\n<!-- \/ Yoast SEO plugin. -->","yoast_head_json":{"title":"Rinde - Rauland Historielag","robots":{"index":"index","follow":"follow","max-snippet":"max-snippet:-1","max-image-preview":"max-image-preview:large","max-video-preview":"max-video-preview:-1"},"canonical":"https:\/\/visitrauland.com\/raulandhistorielag\/rinde\/","og_locale":"nb_NO","og_type":"article","og_title":"Rinde - Rauland Historielag","og_description":"Rinde&nbsp;Midt i byggefeltet Krontveit p\u00e5 Rauland ligg tuftene etter husmannsplassen Rinde. Saman med Lokalhistorisk arkiv - Vinje, Rauland skule, Krontveit Vel og kulturkontoret i Vinje arbeider Rauland historielag med eit prosjekt som skal gje b\u00e5de lokalbefolking og turistar auka kunnskap om historia. Husmannsplassen Rinde l\u00e5g under garden Krontveit. I tillegg til tufter etter den nyare husmannsplassen er det arkeologiske funn ... Les Mer","og_url":"https:\/\/visitrauland.com\/raulandhistorielag\/rinde\/","og_site_name":"Rauland Historielag","article_modified_time":"2024-11-06T13:42:12+00:00","twitter_card":"summary_large_image","twitter_misc":{"Ansl. lesetid":"2 minutter"},"schema":{"@context":"https:\/\/schema.org","@graph":[{"@type":"WebPage","@id":"https:\/\/visitrauland.com\/raulandhistorielag\/rinde\/","url":"https:\/\/visitrauland.com\/raulandhistorielag\/rinde\/","name":"Rinde - Rauland Historielag","isPartOf":{"@id":"https:\/\/visitrauland.com\/raulandhistorielag\/#website"},"datePublished":"2024-11-05T17:23:31+00:00","dateModified":"2024-11-06T13:42:12+00:00","breadcrumb":{"@id":"https:\/\/visitrauland.com\/raulandhistorielag\/rinde\/#breadcrumb"},"inLanguage":"nb-NO","potentialAction":[{"@type":"ReadAction","target":["https:\/\/visitrauland.com\/raulandhistorielag\/rinde\/"]}]},{"@type":"BreadcrumbList","@id":"https:\/\/visitrauland.com\/raulandhistorielag\/rinde\/#breadcrumb","itemListElement":[{"@type":"ListItem","position":1,"name":"Hjem","item":"https:\/\/visitrauland.com\/raulandhistorielag\/"},{"@type":"ListItem","position":2,"name":"Rinde"}]},{"@type":"WebSite","@id":"https:\/\/visitrauland.com\/raulandhistorielag\/#website","url":"https:\/\/visitrauland.com\/raulandhistorielag\/","name":"Rauland Historielag","description":"Slagord","potentialAction":[{"@type":"SearchAction","target":{"@type":"EntryPoint","urlTemplate":"https:\/\/visitrauland.com\/raulandhistorielag\/?s={search_term_string}"},"query-input":{"@type":"PropertyValueSpecification","valueRequired":true,"valueName":"search_term_string"}}],"inLanguage":"nb-NO"}]}},"_links":{"self":[{"href":"https:\/\/visitrauland.com\/raulandhistorielag\/wp-json\/wp\/v2\/pages\/2392","targetHints":{"allow":["GET"]}}],"collection":[{"href":"https:\/\/visitrauland.com\/raulandhistorielag\/wp-json\/wp\/v2\/pages"}],"about":[{"href":"https:\/\/visitrauland.com\/raulandhistorielag\/wp-json\/wp\/v2\/types\/page"}],"author":[{"embeddable":true,"href":"https:\/\/visitrauland.com\/raulandhistorielag\/wp-json\/wp\/v2\/users\/29"}],"replies":[{"embeddable":true,"href":"https:\/\/visitrauland.com\/raulandhistorielag\/wp-json\/wp\/v2\/comments?post=2392"}],"version-history":[{"count":6,"href":"https:\/\/visitrauland.com\/raulandhistorielag\/wp-json\/wp\/v2\/pages\/2392\/revisions"}],"predecessor-version":[{"id":2421,"href":"https:\/\/visitrauland.com\/raulandhistorielag\/wp-json\/wp\/v2\/pages\/2392\/revisions\/2421"}],"wp:attachment":[{"href":"https:\/\/visitrauland.com\/raulandhistorielag\/wp-json\/wp\/v2\/media?parent=2392"}],"curies":[{"name":"wp","href":"https:\/\/api.w.org\/{rel}","templated":true}]}}