{"id":2387,"date":"2024-11-05T18:03:53","date_gmt":"2024-11-05T17:03:53","guid":{"rendered":"https:\/\/visitrauland.com\/raulandhistorielag\/?page_id=2387"},"modified":"2024-12-27T18:11:38","modified_gmt":"2024-12-27T17:11:38","slug":"stadnamn","status":"publish","type":"page","link":"https:\/\/visitrauland.com\/raulandhistorielag\/stadnamn\/","title":{"rendered":"Stadnamn"},"content":{"rendered":"<div id=\"cs-content\" class=\"cs-content\"><style>.lazy-loader-background-element-1.lazyloaded{ background-image: url(https:\/\/visitrauland.com\/raulandhistorielag\/wp-content\/uploads\/sites\/113\/2024\/05\/155-Fra-Notas-og-austover-Bitdal_1716494185.jpg); background-color: transparent; }<\/style><noscript><style>.lazy-loader-background-element-1.lazyload{ background-image: url(https:\/\/visitrauland.com\/raulandhistorielag\/wp-content\/uploads\/sites\/113\/2024\/05\/155-Fra-Notas-og-austover-Bitdal_1716494185.jpg); background-color: transparent; }<\/style><\/noscript><div id=\"x-section-1\" class=\"x-section bg-image lazyload lazy-loader-background-element-1 \" style=\"margin: 0px;padding: 45px 0px;  \" data-x-element=\"section\" data-x-params=\"{&quot;type&quot;:&quot;image&quot;,&quot;parallax&quot;:false}\"><div id class=\"x-container max width\" style=\"margin: 0px auto;padding: 0px;\"><div class=\"x-column x-sm x-1-2\" style=\"padding: 0px 30px; background-color:hsla(226, 45%, 24%, 0.45);\"><h2 class=\"h-custom-headline h3\" style=\"color: hsl(0, 0%, 100%);\"><span>Stadnamn i Vinje kommune <\/span><\/h2><div id class=\"x-text\" style=\"color: white;\"><\/div><\/div><div class=\"x-column x-sm x-1-2\" style=\"padding: 0px;\">&nbsp;<\/div><\/div><div id class=\"x-container max width\" style=\"margin: 0px auto;padding: 0px;\"><div class=\"x-column x-sm x-1-1\" style=\"padding: 0px;\"><hr class=\"x-gap x-hide-sm x-hide-xs x-hide-md\" style=\"margin: 150px 0 0 0;\"><\/div><\/div><\/div><div class=\"x-section e2387-e10 m1ub-0\"><div class=\"x-row x-container max width e2387-e11 m1ub-1 m1ub-2 m1ub-3\"><div class=\"x-row-inner\"><div class=\"x-col e2387-e12 m1ub-5\"><div class=\"x-text x-content e2387-e13 m1ub-6\"><p><strong>Stadnamn er viktig lokalhistorisk kunnskap som kan fortelje oss mykje om fortida. Dette er ein immateriell kunnksap som i mange tilfelle er i ferd med \u00e5 forsvinne sidan mange stadnamn ikkje lengre er i bruk. Fr\u00e5 2020 - 2024 er det registrert over 9700 stadnamn i Vinje kommune, og Rauland Historielag har vore ein viktig del av arbeidet. <br>\n<\/strong><\/p>\n<p>Fr\u00e5 2020 til 2024 har Rauland historielag, med fleire, vore med p\u00e5 eit st\u00f8rre projekt med m\u00e5l om \u00e5 samle inn stadnamn i Vinje kommune. Til saman er det registrert over 9000 namn som du no kan finne i Spr\u00e5kr\u00e5det sin stadnamndatabase. Prosjektet har vore eit samarbeid mellom <a href=\"https:\/\/www.visittelemark.no\/vest-telemark-museum\">Vest Telemark Museum<\/a>, historielaga i kommunen, bygdeboklaget i \u00d8yfjell og bygdelaget p\u00e5 M\u00f8sstrond.<\/p>\n<p>Mange namn er samla inn i tidlegare innsamlingar. S\u00e6rlig m\u00e5 innsamlingane til Aslak Svalastog og Anders M\u00e6land&nbsp; p\u00e5 1970- talet trekkast fram. Desse har til no vore tilgjengelig p\u00e5 Vinje lokalhistoriske arkiv. Hovudarbeidet i prosjektet har difor vore \u00e5 eventuelt supplere med namn og kartfeste namna p\u00e5 digitale kart. P\u00e5 kvar registrering finn du namn, skrivem\u00e5te, uttale, kva det er, informant og kven som har registrert namnet, i tillegg til eventuell anna informasjon.<\/p>\n<p>Fr\u00e5 Rauland, \u00d8yfjell og M\u00f8sstrond er det per i dag registrert ca 5600 namn. Birger Kjelingtveit har vore ein primus motor i arbeidet og har sj\u00f8lv registrert over 3300 stadnamn.<\/p>\n<p>Stadnamnprosjektet var st\u00f8tta av Spr\u00e5kr\u00e5det og Vinje Kommune.<\/p>\n<p><strong>Finn stadnamn<\/strong><\/p>\n<p><a href=\"https:\/\/www.edd.uio.no\/navneregistrering\/aapen\/hovedside.html?SMdADisByfiTnnGTtNZg&amp;knavn=\">Stadnamndatabasen finn du p\u00e5 denne sida<\/a>. Det er ein stor database. For \u00e5 gjere s\u00f8k og arbeid lettare har <a href=\"https:\/\/visitrauland.com\/raulandhistorielag\/wp-content\/uploads\/sites\/113\/2024\/12\/Brukermanual-open-side_1734098277.pdf\">Vest Telemark Museum laga ein brukarmanual<\/a> som du kan bruke for \u00e5 gjere s\u00f8ket lettare.<\/p>\n<p><strong>Les meir om stadnamnprosjektet<\/strong><\/p>\n<p>Du kan lese meir om stadnamnprosjektet i Vest Telemark Blad:<\/p>\n<p>14.07.20202 <a href=\"https:\/\/www.vtb.no\/nyhende\/fra-dritholet-til-grisengasen\/\">Fr\u00e5 Dritholet til Griseng\u00e5sen<\/a><\/p>\n<p>20.04.2022 <a href=\"https:\/\/www.vtb.no\/kultur\/kunnskap-er-i-ferd-med-a-bli-borte-na-blir-dei-gamle-stadnamna-registrerte\/\">Kunnskap er i ferd med \u00e5 bli borte. N\u00e5 blir dei gamle stadnamna registrerte<\/a><\/p>\n<p>12.05.2024 <a href=\"https:\/\/www.vtb.no\/reportasjar\/birger-har-plassert-3311-stadnamn-pa-sprakrad-kartet\/\">Birger har plassert 3311 stadnamn p\u00e5 Spr\u00e5kr\u00e5d-kartet<\/a><\/p><\/div><div class=\"x-text x-content e2387-e14 m1ub-6\"><p><\/p>\n<p><\/p><\/div><\/div><\/div><\/div><\/div><div class=\"x-section e2387-e15 m1ub-0\"><div class=\"x-row x-container max width e2387-e16 m1ub-1 m1ub-2 m1ub-4\"><div class=\"x-row-inner\"><div class=\"x-col e2387-e17 m1ub-5\"><\/div><\/div><\/div><\/div><\/div>\n","protected":false},"excerpt":{"rendered":"<p>Stadnamn i Vinje kommune &nbsp;Stadnamn er viktig lokalhistorisk kunnskap som kan fortelje oss mykje om fortida. Dette er ein immateriell kunnksap som i mange tilfelle er i ferd med \u00e5 forsvinne sidan mange stadnamn ikkje lengre er i bruk. Fr\u00e5 2020 &#8211; 2024 er det registrert over 9700 stadnamn i Vinje kommune, og Rauland Historielag har vore ein viktig del &#8230; <\/p>\n<div><a href=\"https:\/\/visitrauland.com\/raulandhistorielag\/stadnamn\/\" class=\"more-link\">Les Mer<\/a><\/div>\n","protected":false},"author":29,"featured_media":0,"parent":0,"menu_order":0,"comment_status":"closed","ping_status":"closed","template":"template-blank-4.php","meta":{"_relevanssi_hide_post":"","_relevanssi_hide_content":"","_relevanssi_pin_for_all":"","_relevanssi_pin_keywords":"","_relevanssi_unpin_keywords":"","_relevanssi_related_keywords":"","_relevanssi_related_include_ids":"","_relevanssi_related_exclude_ids":"","_relevanssi_related_no_append":"","_relevanssi_related_not_related":"","_relevanssi_related_posts":"","_relevanssi_noindex_reason":"","seo_booster_metabox":"","footnotes":""},"class_list":["post-2387","page","type-page","status-publish","hentry","no-post-thumbnail"],"yoast_head":"<!-- This site is optimized with the Yoast SEO plugin v27.2 - https:\/\/yoast.com\/product\/yoast-seo-wordpress\/ -->\n<title>Stadnamn - Rauland Historielag<\/title>\n<meta name=\"robots\" content=\"index, follow, max-snippet:-1, max-image-preview:large, max-video-preview:-1\" \/>\n<link rel=\"canonical\" href=\"https:\/\/visitrauland.com\/raulandhistorielag\/stadnamn\/\" \/>\n<meta property=\"og:locale\" content=\"nb_NO\" \/>\n<meta property=\"og:type\" content=\"article\" \/>\n<meta property=\"og:title\" content=\"Stadnamn - Rauland Historielag\" \/>\n<meta property=\"og:description\" content=\"Stadnamn i Vinje kommune &nbsp;Stadnamn er viktig lokalhistorisk kunnskap som kan fortelje oss mykje om fortida. Dette er ein immateriell kunnksap som i mange tilfelle er i ferd med \u00e5 forsvinne sidan mange stadnamn ikkje lengre er i bruk. Fr\u00e5 2020 - 2024 er det registrert over 9700 stadnamn i Vinje kommune, og Rauland Historielag har vore ein viktig del ... Les Mer\" \/>\n<meta property=\"og:url\" content=\"https:\/\/visitrauland.com\/raulandhistorielag\/stadnamn\/\" \/>\n<meta property=\"og:site_name\" content=\"Rauland Historielag\" \/>\n<meta property=\"article:modified_time\" content=\"2024-12-27T17:11:38+00:00\" \/>\n<meta name=\"twitter:card\" content=\"summary_large_image\" \/>\n<meta name=\"twitter:label1\" content=\"Ansl. lesetid\" \/>\n\t<meta name=\"twitter:data1\" content=\"3 minutter\" \/>\n<script type=\"application\/ld+json\" class=\"yoast-schema-graph\">{\"@context\":\"https:\/\/schema.org\",\"@graph\":[{\"@type\":\"WebPage\",\"@id\":\"https:\/\/visitrauland.com\/raulandhistorielag\/stadnamn\/\",\"url\":\"https:\/\/visitrauland.com\/raulandhistorielag\/stadnamn\/\",\"name\":\"Stadnamn - Rauland Historielag\",\"isPartOf\":{\"@id\":\"https:\/\/visitrauland.com\/raulandhistorielag\/#website\"},\"datePublished\":\"2024-11-05T17:03:53+00:00\",\"dateModified\":\"2024-12-27T17:11:38+00:00\",\"breadcrumb\":{\"@id\":\"https:\/\/visitrauland.com\/raulandhistorielag\/stadnamn\/#breadcrumb\"},\"inLanguage\":\"nb-NO\",\"potentialAction\":[{\"@type\":\"ReadAction\",\"target\":[\"https:\/\/visitrauland.com\/raulandhistorielag\/stadnamn\/\"]}]},{\"@type\":\"BreadcrumbList\",\"@id\":\"https:\/\/visitrauland.com\/raulandhistorielag\/stadnamn\/#breadcrumb\",\"itemListElement\":[{\"@type\":\"ListItem\",\"position\":1,\"name\":\"Hjem\",\"item\":\"https:\/\/visitrauland.com\/raulandhistorielag\/\"},{\"@type\":\"ListItem\",\"position\":2,\"name\":\"Stadnamn\"}]},{\"@type\":\"WebSite\",\"@id\":\"https:\/\/visitrauland.com\/raulandhistorielag\/#website\",\"url\":\"https:\/\/visitrauland.com\/raulandhistorielag\/\",\"name\":\"Rauland Historielag\",\"description\":\"Slagord\",\"potentialAction\":[{\"@type\":\"SearchAction\",\"target\":{\"@type\":\"EntryPoint\",\"urlTemplate\":\"https:\/\/visitrauland.com\/raulandhistorielag\/?s={search_term_string}\"},\"query-input\":{\"@type\":\"PropertyValueSpecification\",\"valueRequired\":true,\"valueName\":\"search_term_string\"}}],\"inLanguage\":\"nb-NO\"}]}<\/script>\n<!-- \/ Yoast SEO plugin. -->","yoast_head_json":{"title":"Stadnamn - Rauland Historielag","robots":{"index":"index","follow":"follow","max-snippet":"max-snippet:-1","max-image-preview":"max-image-preview:large","max-video-preview":"max-video-preview:-1"},"canonical":"https:\/\/visitrauland.com\/raulandhistorielag\/stadnamn\/","og_locale":"nb_NO","og_type":"article","og_title":"Stadnamn - Rauland Historielag","og_description":"Stadnamn i Vinje kommune &nbsp;Stadnamn er viktig lokalhistorisk kunnskap som kan fortelje oss mykje om fortida. Dette er ein immateriell kunnksap som i mange tilfelle er i ferd med \u00e5 forsvinne sidan mange stadnamn ikkje lengre er i bruk. Fr\u00e5 2020 - 2024 er det registrert over 9700 stadnamn i Vinje kommune, og Rauland Historielag har vore ein viktig del ... Les Mer","og_url":"https:\/\/visitrauland.com\/raulandhistorielag\/stadnamn\/","og_site_name":"Rauland Historielag","article_modified_time":"2024-12-27T17:11:38+00:00","twitter_card":"summary_large_image","twitter_misc":{"Ansl. lesetid":"3 minutter"},"schema":{"@context":"https:\/\/schema.org","@graph":[{"@type":"WebPage","@id":"https:\/\/visitrauland.com\/raulandhistorielag\/stadnamn\/","url":"https:\/\/visitrauland.com\/raulandhistorielag\/stadnamn\/","name":"Stadnamn - Rauland Historielag","isPartOf":{"@id":"https:\/\/visitrauland.com\/raulandhistorielag\/#website"},"datePublished":"2024-11-05T17:03:53+00:00","dateModified":"2024-12-27T17:11:38+00:00","breadcrumb":{"@id":"https:\/\/visitrauland.com\/raulandhistorielag\/stadnamn\/#breadcrumb"},"inLanguage":"nb-NO","potentialAction":[{"@type":"ReadAction","target":["https:\/\/visitrauland.com\/raulandhistorielag\/stadnamn\/"]}]},{"@type":"BreadcrumbList","@id":"https:\/\/visitrauland.com\/raulandhistorielag\/stadnamn\/#breadcrumb","itemListElement":[{"@type":"ListItem","position":1,"name":"Hjem","item":"https:\/\/visitrauland.com\/raulandhistorielag\/"},{"@type":"ListItem","position":2,"name":"Stadnamn"}]},{"@type":"WebSite","@id":"https:\/\/visitrauland.com\/raulandhistorielag\/#website","url":"https:\/\/visitrauland.com\/raulandhistorielag\/","name":"Rauland Historielag","description":"Slagord","potentialAction":[{"@type":"SearchAction","target":{"@type":"EntryPoint","urlTemplate":"https:\/\/visitrauland.com\/raulandhistorielag\/?s={search_term_string}"},"query-input":{"@type":"PropertyValueSpecification","valueRequired":true,"valueName":"search_term_string"}}],"inLanguage":"nb-NO"}]}},"_links":{"self":[{"href":"https:\/\/visitrauland.com\/raulandhistorielag\/wp-json\/wp\/v2\/pages\/2387","targetHints":{"allow":["GET"]}}],"collection":[{"href":"https:\/\/visitrauland.com\/raulandhistorielag\/wp-json\/wp\/v2\/pages"}],"about":[{"href":"https:\/\/visitrauland.com\/raulandhistorielag\/wp-json\/wp\/v2\/types\/page"}],"author":[{"embeddable":true,"href":"https:\/\/visitrauland.com\/raulandhistorielag\/wp-json\/wp\/v2\/users\/29"}],"replies":[{"embeddable":true,"href":"https:\/\/visitrauland.com\/raulandhistorielag\/wp-json\/wp\/v2\/comments?post=2387"}],"version-history":[{"count":7,"href":"https:\/\/visitrauland.com\/raulandhistorielag\/wp-json\/wp\/v2\/pages\/2387\/revisions"}],"predecessor-version":[{"id":2552,"href":"https:\/\/visitrauland.com\/raulandhistorielag\/wp-json\/wp\/v2\/pages\/2387\/revisions\/2552"}],"wp:attachment":[{"href":"https:\/\/visitrauland.com\/raulandhistorielag\/wp-json\/wp\/v2\/media?parent=2387"}],"curies":[{"name":"wp","href":"https:\/\/api.w.org\/{rel}","templated":true}]}}