{"id":2378,"date":"2024-11-06T09:49:08","date_gmt":"2024-11-06T08:49:08","guid":{"rendered":"https:\/\/visitrauland.com\/raulandhistorielag\/?page_id=2378"},"modified":"2024-12-27T17:54:05","modified_gmt":"2024-12-27T16:54:05","slug":"bli-medlem","status":"publish","type":"page","link":"https:\/\/visitrauland.com\/raulandhistorielag\/bli-medlem\/","title":{"rendered":"Bli medlem"},"content":{"rendered":"<div id=\"cs-content\" class=\"cs-content\"><div class=\"x-section e2378-e1 m1u2-0\"><div class=\"x-row x-container max width e2378-e2 m1u2-1 m1u2-2\"><div class=\"x-row-inner\"><div class=\"x-col e2378-e3 m1u2-3\"><div class=\"x-text x-content e2378-e4 m1u2-4\"><h3><strong>Bli medlem!<br>\n<\/strong><\/h3>\n<p>Lokal historie og kulturarv har vore viktige for \u00e5 skape lokalsamfunnet du bur i, eller har ei tilknytting til. Den store kulturhistorieskrivinga har ofte handla om nasjonale hendingar, krigar og store endringar. I lokalhistoria har ein h\u00f8ve til \u00e5 kome n\u00e6rmare inn p\u00e5 lokalt kvardagsliv.<\/p>\n<p>I arbeidet sitt brukar Rauland Historielag lokal kunnskap og personar for \u00e5 samle informsjon. Dette kan vera om stader, hendingar og personar. Dette er arbeid som kan f\u00f8re til ny kunnskap som er viktig b\u00e5de for historiefeltet og den lokale historia.<\/p>\n\n\n<div id=\"attachment_2138\" style=\"width: 1210px\" class=\"wp-caption alignnone\"><noscript><img decoding=\"async\" aria-describedby=\"caption-attachment-2138\" src=\"https:\/\/visitrauland.com\/raulandhistorielag\/wp-content\/uploads\/sites\/113\/2024\/05\/57-Mosvasskomiteen-1903_1716493797.jpg\" alt=\"Menn foran en t\u00f8mmerhytte med hester i 1903, relatert til M\u00f8svandskomiteens befaring til damstedet.\" width=\"1200\" height=\"948\" class=\"size-full wp-image-2138\" srcset=\"https:\/\/visitrauland.com\/raulandhistorielag\/wp-content\/uploads\/sites\/113\/2024\/05\/57-Mosvasskomiteen-1903_1716493797.jpg 1200w, https:\/\/visitrauland.com\/raulandhistorielag\/wp-content\/uploads\/sites\/113\/2024\/05\/57-Mosvasskomiteen-1903_1716493797-300x237.jpg 300w, https:\/\/visitrauland.com\/raulandhistorielag\/wp-content\/uploads\/sites\/113\/2024\/05\/57-Mosvasskomiteen-1903_1716493797-1024x809.jpg 1024w, https:\/\/visitrauland.com\/raulandhistorielag\/wp-content\/uploads\/sites\/113\/2024\/05\/57-Mosvasskomiteen-1903_1716493797-768x607.jpg 768w, https:\/\/visitrauland.com\/raulandhistorielag\/wp-content\/uploads\/sites\/113\/2024\/05\/57-Mosvasskomiteen-1903_1716493797-500x395.jpg 500w, https:\/\/visitrauland.com\/raulandhistorielag\/wp-content\/uploads\/sites\/113\/2024\/05\/57-Mosvasskomiteen-1903_1716493797-100x79.jpg 100w, https:\/\/visitrauland.com\/raulandhistorielag\/wp-content\/uploads\/sites\/113\/2024\/05\/57-Mosvasskomiteen-1903_1716493797-862x681.jpg 862w\" sizes=\"(max-width: 1200px) 100vw, 1200px\"><\/noscript><img decoding=\"async\" aria-describedby=\"caption-attachment-2138\" src=\"data:image\/svg+xml,%3Csvg%20xmlns%3D%22http%3A%2F%2Fwww.w3.org%2F2000%2Fsvg%22%20viewBox%3D%220%200%201200%20948%22%3E%3C%2Fsvg%3E\" alt=\"Menn foran en t\u00f8mmerhytte med hester i 1903, relatert til M\u00f8svandskomiteens befaring til damstedet.\" width=\"1200\" height=\"948\" class=\"size-full wp-image-2138 lazyload\" srcset=\"data:image\/svg+xml,%3Csvg%20xmlns%3D%22http%3A%2F%2Fwww.w3.org%2F2000%2Fsvg%22%20viewBox%3D%220%200%201200%20948%22%3E%3C%2Fsvg%3E 1200w\" sizes=\"(max-width: 1200px) 100vw, 1200px\" data-srcset=\"https:\/\/visitrauland.com\/raulandhistorielag\/wp-content\/uploads\/sites\/113\/2024\/05\/57-Mosvasskomiteen-1903_1716493797.jpg 1200w, https:\/\/visitrauland.com\/raulandhistorielag\/wp-content\/uploads\/sites\/113\/2024\/05\/57-Mosvasskomiteen-1903_1716493797-300x237.jpg 300w, https:\/\/visitrauland.com\/raulandhistorielag\/wp-content\/uploads\/sites\/113\/2024\/05\/57-Mosvasskomiteen-1903_1716493797-1024x809.jpg 1024w, https:\/\/visitrauland.com\/raulandhistorielag\/wp-content\/uploads\/sites\/113\/2024\/05\/57-Mosvasskomiteen-1903_1716493797-768x607.jpg 768w, https:\/\/visitrauland.com\/raulandhistorielag\/wp-content\/uploads\/sites\/113\/2024\/05\/57-Mosvasskomiteen-1903_1716493797-500x395.jpg 500w, https:\/\/visitrauland.com\/raulandhistorielag\/wp-content\/uploads\/sites\/113\/2024\/05\/57-Mosvasskomiteen-1903_1716493797-100x79.jpg 100w, https:\/\/visitrauland.com\/raulandhistorielag\/wp-content\/uploads\/sites\/113\/2024\/05\/57-Mosvasskomiteen-1903_1716493797-862x681.jpg 862w\" data-src=\"https:\/\/visitrauland.com\/raulandhistorielag\/wp-content\/uploads\/sites\/113\/2024\/05\/57-Mosvasskomiteen-1903_1716493797.jpg\"><p id=\"caption-attachment-2138\" class=\"wp-caption-text\">M\u00f8svasskomiteen 1903. Vasskraft har vore ein viktig del av historia i raulandsomr\u00e5det i over&nbsp; 100 \u00e5r.<\/p><\/div>\n<p>Vil du vera med \u00e5 st\u00f8tte opp om arbeidet til historielaget? Bli medlem og st\u00f8tt opp om arbeidet. Som medlem f\u00e5r du rabatt p\u00e5 temakveldar.<\/p>\n<p>Medlemskontingenten er p\u00e5 200 kr<\/p>\n<p>Send ein e-post til <a href=\"mailto:raulanhistorielag@gmail.com\">raulandhistorielag@gmail.com<\/a> s\u00e5 ordnar vi resten!<\/p>\n<p><span>&nbsp;<\/span><\/p><\/div><\/div><div class=\"x-col e2378-e5 m1u2-3\"><\/div><\/div><\/div><\/div><\/div>\n","protected":false},"excerpt":{"rendered":"<p>Bli medlem! Lokal historie og kulturarv har vore viktige for \u00e5 skape lokalsamfunnet du bur i, eller har ei tilknytting til. Den store kulturhistorieskrivinga har ofte handla om nasjonale hendingar, krigar og store endringar. I lokalhistoria har ein h\u00f8ve til \u00e5 kome n\u00e6rmare inn p\u00e5 lokalt kvardagsliv. I arbeidet sitt brukar Rauland Historielag lokal kunnskap og personar for \u00e5 samle &#8230; <\/p>\n<div><a href=\"https:\/\/visitrauland.com\/raulandhistorielag\/bli-medlem\/\" class=\"more-link\">Les Mer<\/a><\/div>\n","protected":false},"author":29,"featured_media":0,"parent":0,"menu_order":0,"comment_status":"closed","ping_status":"closed","template":"template-blank-4.php","meta":{"_relevanssi_hide_post":"","_relevanssi_hide_content":"","_relevanssi_pin_for_all":"","_relevanssi_pin_keywords":"","_relevanssi_unpin_keywords":"","_relevanssi_related_keywords":"","_relevanssi_related_include_ids":"","_relevanssi_related_exclude_ids":"","_relevanssi_related_no_append":"","_relevanssi_related_not_related":"","_relevanssi_related_posts":"","_relevanssi_noindex_reason":"","seo_booster_metabox":"","footnotes":""},"class_list":["post-2378","page","type-page","status-publish","hentry","no-post-thumbnail"],"yoast_head":"<!-- This site is optimized with the Yoast SEO plugin v27.2 - https:\/\/yoast.com\/product\/yoast-seo-wordpress\/ -->\n<title>Bli medlem - Rauland Historielag<\/title>\n<meta name=\"robots\" content=\"index, follow, max-snippet:-1, max-image-preview:large, max-video-preview:-1\" \/>\n<link rel=\"canonical\" href=\"https:\/\/visitrauland.com\/raulandhistorielag\/bli-medlem\/\" \/>\n<meta property=\"og:locale\" content=\"nb_NO\" \/>\n<meta property=\"og:type\" content=\"article\" \/>\n<meta property=\"og:title\" content=\"Bli medlem - Rauland Historielag\" \/>\n<meta property=\"og:description\" content=\"Bli medlem! Lokal historie og kulturarv har vore viktige for \u00e5 skape lokalsamfunnet du bur i, eller har ei tilknytting til. Den store kulturhistorieskrivinga har ofte handla om nasjonale hendingar, krigar og store endringar. I lokalhistoria har ein h\u00f8ve til \u00e5 kome n\u00e6rmare inn p\u00e5 lokalt kvardagsliv. I arbeidet sitt brukar Rauland Historielag lokal kunnskap og personar for \u00e5 samle ... Les Mer\" \/>\n<meta property=\"og:url\" content=\"https:\/\/visitrauland.com\/raulandhistorielag\/bli-medlem\/\" \/>\n<meta property=\"og:site_name\" content=\"Rauland Historielag\" \/>\n<meta property=\"article:modified_time\" content=\"2024-12-27T16:54:05+00:00\" \/>\n<meta property=\"og:image\" content=\"https:\/\/visitrauland.com\/raulandhistorielag\/wp-content\/uploads\/sites\/113\/2024\/05\/57-Mosvasskomiteen-1903_1716493797.jpg\" \/>\n<meta name=\"twitter:card\" content=\"summary_large_image\" \/>\n<meta name=\"twitter:label1\" content=\"Ansl. lesetid\" \/>\n\t<meta name=\"twitter:data1\" content=\"2 minutter\" \/>\n<script type=\"application\/ld+json\" class=\"yoast-schema-graph\">{\"@context\":\"https:\/\/schema.org\",\"@graph\":[{\"@type\":\"WebPage\",\"@id\":\"https:\/\/visitrauland.com\/raulandhistorielag\/bli-medlem\/\",\"url\":\"https:\/\/visitrauland.com\/raulandhistorielag\/bli-medlem\/\",\"name\":\"Bli medlem - Rauland Historielag\",\"isPartOf\":{\"@id\":\"https:\/\/visitrauland.com\/raulandhistorielag\/#website\"},\"primaryImageOfPage\":{\"@id\":\"https:\/\/visitrauland.com\/raulandhistorielag\/bli-medlem\/#primaryimage\"},\"image\":{\"@id\":\"https:\/\/visitrauland.com\/raulandhistorielag\/bli-medlem\/#primaryimage\"},\"thumbnailUrl\":\"https:\/\/visitrauland.com\/raulandhistorielag\/wp-content\/uploads\/sites\/113\/2024\/05\/57-Mosvasskomiteen-1903_1716493797.jpg\",\"datePublished\":\"2024-11-06T08:49:08+00:00\",\"dateModified\":\"2024-12-27T16:54:05+00:00\",\"breadcrumb\":{\"@id\":\"https:\/\/visitrauland.com\/raulandhistorielag\/bli-medlem\/#breadcrumb\"},\"inLanguage\":\"nb-NO\",\"potentialAction\":[{\"@type\":\"ReadAction\",\"target\":[\"https:\/\/visitrauland.com\/raulandhistorielag\/bli-medlem\/\"]}]},{\"@type\":\"ImageObject\",\"inLanguage\":\"nb-NO\",\"@id\":\"https:\/\/visitrauland.com\/raulandhistorielag\/bli-medlem\/#primaryimage\",\"url\":\"https:\/\/visitrauland.com\/raulandhistorielag\/wp-content\/uploads\/sites\/113\/2024\/05\/57-Mosvasskomiteen-1903_1716493797.jpg\",\"contentUrl\":\"https:\/\/visitrauland.com\/raulandhistorielag\/wp-content\/uploads\/sites\/113\/2024\/05\/57-Mosvasskomiteen-1903_1716493797.jpg\",\"width\":1200,\"height\":948,\"caption\":\"M\u00f8svasskomiteen 1903. Vannkraft har vore ein viktig del av historia i raulandsomr\u00e5det dei siste 100 \u00e5ra.\"},{\"@type\":\"BreadcrumbList\",\"@id\":\"https:\/\/visitrauland.com\/raulandhistorielag\/bli-medlem\/#breadcrumb\",\"itemListElement\":[{\"@type\":\"ListItem\",\"position\":1,\"name\":\"Hjem\",\"item\":\"https:\/\/visitrauland.com\/raulandhistorielag\/\"},{\"@type\":\"ListItem\",\"position\":2,\"name\":\"Bli medlem\"}]},{\"@type\":\"WebSite\",\"@id\":\"https:\/\/visitrauland.com\/raulandhistorielag\/#website\",\"url\":\"https:\/\/visitrauland.com\/raulandhistorielag\/\",\"name\":\"Rauland Historielag\",\"description\":\"Slagord\",\"potentialAction\":[{\"@type\":\"SearchAction\",\"target\":{\"@type\":\"EntryPoint\",\"urlTemplate\":\"https:\/\/visitrauland.com\/raulandhistorielag\/?s={search_term_string}\"},\"query-input\":{\"@type\":\"PropertyValueSpecification\",\"valueRequired\":true,\"valueName\":\"search_term_string\"}}],\"inLanguage\":\"nb-NO\"}]}<\/script>\n<!-- \/ Yoast SEO plugin. -->","yoast_head_json":{"title":"Bli medlem - Rauland Historielag","robots":{"index":"index","follow":"follow","max-snippet":"max-snippet:-1","max-image-preview":"max-image-preview:large","max-video-preview":"max-video-preview:-1"},"canonical":"https:\/\/visitrauland.com\/raulandhistorielag\/bli-medlem\/","og_locale":"nb_NO","og_type":"article","og_title":"Bli medlem - Rauland Historielag","og_description":"Bli medlem! Lokal historie og kulturarv har vore viktige for \u00e5 skape lokalsamfunnet du bur i, eller har ei tilknytting til. Den store kulturhistorieskrivinga har ofte handla om nasjonale hendingar, krigar og store endringar. I lokalhistoria har ein h\u00f8ve til \u00e5 kome n\u00e6rmare inn p\u00e5 lokalt kvardagsliv. I arbeidet sitt brukar Rauland Historielag lokal kunnskap og personar for \u00e5 samle ... Les Mer","og_url":"https:\/\/visitrauland.com\/raulandhistorielag\/bli-medlem\/","og_site_name":"Rauland Historielag","article_modified_time":"2024-12-27T16:54:05+00:00","og_image":[{"url":"https:\/\/visitrauland.com\/raulandhistorielag\/wp-content\/uploads\/sites\/113\/2024\/05\/57-Mosvasskomiteen-1903_1716493797.jpg","type":"","width":"","height":""}],"twitter_card":"summary_large_image","twitter_misc":{"Ansl. lesetid":"2 minutter"},"schema":{"@context":"https:\/\/schema.org","@graph":[{"@type":"WebPage","@id":"https:\/\/visitrauland.com\/raulandhistorielag\/bli-medlem\/","url":"https:\/\/visitrauland.com\/raulandhistorielag\/bli-medlem\/","name":"Bli medlem - Rauland Historielag","isPartOf":{"@id":"https:\/\/visitrauland.com\/raulandhistorielag\/#website"},"primaryImageOfPage":{"@id":"https:\/\/visitrauland.com\/raulandhistorielag\/bli-medlem\/#primaryimage"},"image":{"@id":"https:\/\/visitrauland.com\/raulandhistorielag\/bli-medlem\/#primaryimage"},"thumbnailUrl":"https:\/\/visitrauland.com\/raulandhistorielag\/wp-content\/uploads\/sites\/113\/2024\/05\/57-Mosvasskomiteen-1903_1716493797.jpg","datePublished":"2024-11-06T08:49:08+00:00","dateModified":"2024-12-27T16:54:05+00:00","breadcrumb":{"@id":"https:\/\/visitrauland.com\/raulandhistorielag\/bli-medlem\/#breadcrumb"},"inLanguage":"nb-NO","potentialAction":[{"@type":"ReadAction","target":["https:\/\/visitrauland.com\/raulandhistorielag\/bli-medlem\/"]}]},{"@type":"ImageObject","inLanguage":"nb-NO","@id":"https:\/\/visitrauland.com\/raulandhistorielag\/bli-medlem\/#primaryimage","url":"https:\/\/visitrauland.com\/raulandhistorielag\/wp-content\/uploads\/sites\/113\/2024\/05\/57-Mosvasskomiteen-1903_1716493797.jpg","contentUrl":"https:\/\/visitrauland.com\/raulandhistorielag\/wp-content\/uploads\/sites\/113\/2024\/05\/57-Mosvasskomiteen-1903_1716493797.jpg","width":1200,"height":948,"caption":"M\u00f8svasskomiteen 1903. Vannkraft har vore ein viktig del av historia i raulandsomr\u00e5det dei siste 100 \u00e5ra."},{"@type":"BreadcrumbList","@id":"https:\/\/visitrauland.com\/raulandhistorielag\/bli-medlem\/#breadcrumb","itemListElement":[{"@type":"ListItem","position":1,"name":"Hjem","item":"https:\/\/visitrauland.com\/raulandhistorielag\/"},{"@type":"ListItem","position":2,"name":"Bli medlem"}]},{"@type":"WebSite","@id":"https:\/\/visitrauland.com\/raulandhistorielag\/#website","url":"https:\/\/visitrauland.com\/raulandhistorielag\/","name":"Rauland Historielag","description":"Slagord","potentialAction":[{"@type":"SearchAction","target":{"@type":"EntryPoint","urlTemplate":"https:\/\/visitrauland.com\/raulandhistorielag\/?s={search_term_string}"},"query-input":{"@type":"PropertyValueSpecification","valueRequired":true,"valueName":"search_term_string"}}],"inLanguage":"nb-NO"}]}},"_links":{"self":[{"href":"https:\/\/visitrauland.com\/raulandhistorielag\/wp-json\/wp\/v2\/pages\/2378","targetHints":{"allow":["GET"]}}],"collection":[{"href":"https:\/\/visitrauland.com\/raulandhistorielag\/wp-json\/wp\/v2\/pages"}],"about":[{"href":"https:\/\/visitrauland.com\/raulandhistorielag\/wp-json\/wp\/v2\/types\/page"}],"author":[{"embeddable":true,"href":"https:\/\/visitrauland.com\/raulandhistorielag\/wp-json\/wp\/v2\/users\/29"}],"replies":[{"embeddable":true,"href":"https:\/\/visitrauland.com\/raulandhistorielag\/wp-json\/wp\/v2\/comments?post=2378"}],"version-history":[{"count":9,"href":"https:\/\/visitrauland.com\/raulandhistorielag\/wp-json\/wp\/v2\/pages\/2378\/revisions"}],"predecessor-version":[{"id":2547,"href":"https:\/\/visitrauland.com\/raulandhistorielag\/wp-json\/wp\/v2\/pages\/2378\/revisions\/2547"}],"wp:attachment":[{"href":"https:\/\/visitrauland.com\/raulandhistorielag\/wp-json\/wp\/v2\/media?parent=2378"}],"curies":[{"name":"wp","href":"https:\/\/api.w.org\/{rel}","templated":true}]}}