{"id":2351,"date":"2024-10-30T16:22:22","date_gmt":"2024-10-30T15:22:22","guid":{"rendered":"https:\/\/visitrauland.com\/raulandhistorielag\/?page_id=2351"},"modified":"2024-11-20T11:37:43","modified_gmt":"2024-11-20T10:37:43","slug":"fagstoff","status":"publish","type":"page","link":"https:\/\/visitrauland.com\/raulandhistorielag\/fagstoff\/","title":{"rendered":"Lokalhistorisk fagstoff"},"content":{"rendered":"<div id=\"cs-content\" class=\"cs-content\"><style>.lazy-loader-background-element-1.lazyloaded{ background-image: url(https:\/\/visitrauland.com\/raulandhistorielag\/wp-content\/uploads\/sites\/113\/2024\/05\/137-Rauland-skule-under-krigen_edited-1_1716494116.jpg); background-color: transparent; }<\/style><noscript><style>.lazy-loader-background-element-1.lazyload{ background-image: url(https:\/\/visitrauland.com\/raulandhistorielag\/wp-content\/uploads\/sites\/113\/2024\/05\/137-Rauland-skule-under-krigen_edited-1_1716494116.jpg); background-color: transparent; }<\/style><\/noscript><div id=\"x-section-1\" class=\"x-section bg-image lazyload lazy-loader-background-element-1 \" style=\"margin: 0px;padding: 45px 0px;  \" data-x-element=\"section\" data-x-params=\"{&quot;type&quot;:&quot;image&quot;,&quot;parallax&quot;:false}\"><div id class=\"x-container max width\" style=\"margin: 0px auto;padding: 0px;\"><div class=\"x-column x-sm x-1-2\" style=\"padding: 0px 30px; background-color:hsla(226, 45%, 24%, 0.45);\"><h2 class=\"h-custom-headline h3\" style=\"color: hsl(0, 0%, 100%);\"><span>Lokalhistorisk fagstoff<\/span><\/h2><div id class=\"x-text\" style=\"color: white;\"><\/div><\/div><div class=\"x-column x-sm x-1-2\" style=\"padding: 0px;\">&nbsp;<\/div><\/div><div id class=\"x-container max width\" style=\"margin: 0px auto;padding: 0px;\"><div class=\"x-column x-sm x-1-1\" style=\"padding: 0px;\"><hr class=\"x-gap x-hide-sm x-hide-xs x-hide-md\" style=\"margin: 150px 0 0 0;\"><\/div><\/div><\/div><div class=\"x-section e2351-e10 m1tb-0\"><div class=\"x-row x-container max width e2351-e11 m1tb-1 m1tb-2\"><div class=\"x-row-inner\"><div class=\"x-col e2351-e12 m1tb-3\"><div class=\"x-text x-content e2351-e13 m1tb-4\"><p><span>Er du interessert i lokalhistorisk fagstoff fr\u00e5 Rauland, \u00d8yfjell og M\u00f8sstrond? Vi har laga ei oversikt over stader du finn kjeldemateriale og spennande fagstoff fr\u00e5 omr\u00e5det. Trykk p\u00e5 lenkene i oransje for \u00e5 kome til den aktuelle sida. <br>\n<\/span><\/p>\n\n<h4>Historielaget sin fotodatabase<\/h4>\n<p>Rauland Historielag har digitalisert mange gamle fotografi fr\u00e5 omr\u00e5det.<\/p>\n<p>Du finn b\u00e5de fotografi <a href=\"https:\/\/visitrauland.com\/raulandhistorielag\/biletgalleri-2\/\">med informasjon<\/a> og <a href=\"https:\/\/visitrauland.com\/raulandhistorielag\/ukjende\/\">utan informasjon<\/a><\/p>\n\n<h4>Arkiv<\/h4>\n<ul>\n \t<li>&nbsp;<a href=\"https:\/\/www.facebook.com\/profile.php?id=100064618754368\">Lokalhistorisk arkiv - Vinje <\/a>finn du i Grotten p\u00e5 Raulandsakademie. Her finn du bygdeb\u00f8ker, lokalhistorisk litteratur, foto og anna arkivmateriale.<\/li>\n \t<li><a href=\"https:\/\/www.digitalarkivet.no\/\">Digitalarkivet:<\/a> Arkivverket sin digitale publiseringskanal. Her finn du mellom anna folketeljingar, kyrkjeb\u00f8ker, skifteprotokollar, tinglysingsdokument med meir. (Ver merksam p\u00e5 at arkivmateriale kan ha klausular&nbsp; som gjeld tid, innhald og liknande)<\/li>\n \t<li><a href=\"https:\/\/www.arkivverket.no\/\">Arkivverket:<\/a> Riksarkivet, \u00e5tte statsarkiv, Samisk arkiv og helsearkivet. Her finn du praktisk informasjon om korleis du kan bruke arkivet, og kontaktinformasjon.<\/li>\n \t<li><a href=\"https:\/\/viewer.samla.no\/viewer\/index\/\">Samla - Digitalisering av norske tradisjonsarkiv: <\/a>Digitaliserte tradisjons- og kulturhistoriske arkiv (Norsk folkeminnesamling, Etno- folkloristisk arkiv og Norsk etnologisk gransking). Kjeldemateriale fr\u00e5 heile landet, ogs\u00e5 fr\u00e5 Raulandsomr\u00e5det.<\/li>\n<\/ul>\n<h4>Museum<\/h4>\n<p><a href=\"https:\/\/www.visittelemark.no\/vest-telemark-museum\">Vest Telemark Museum&nbsp;<\/a> er eit konsilidert museum med tilsaman 11 museumseiningar i Vest Telemark. Fleire av einigane er i Rauland og Vinje.<\/p>\n<p>P\u00e5 Digitalt Museum har du tilgang til ei oversikt av musea sine samlingar, med informasjon som er registrert. Dette kan vera gjenstandar, fotografi og bygg. Det er h\u00f8ve til \u00e5 s\u00f8ke p\u00e5 gjenstandskategori, geografi, tidsperiode med meir.<\/p>\n<p>Det er ulit fr\u00e5 museum til museum kor stor del av samlinga som vil vera tilgjengelig p\u00e5 Digitalt Museum.<\/p>\n<p>Her er nokre Digitalt Museumssider som du kan finne aktuelt materiale fr\u00e5 omr\u00e5det p\u00e5:<\/p>\n\n<ul>\n \t<li><a href=\"https:\/\/digitaltmuseum.org\/vtm\">Vest Telemark Museum<\/a><\/li>\n \t<li><a href=\"https:\/\/digitaltmuseum.no\/tem\">Telemark Museum<\/a><\/li>\n \t<li><a href=\"https:\/\/digitaltmuseum.no\/folkemuseet\">Norsk Folkemuseum<\/a><\/li>\n \t<li><a href=\"https:\/\/digitaltmuseum.no\/nia\">Norsk Industrarbeidermuseum<\/a><\/li>\n<\/ul>\n<h4>Bibliotek og anna<\/h4>\n<ul>\n \t<li><a href=\"https:\/\/www.nb.no\/search\">Nasjonalbiblioteket sitt nettbibliotek<\/a> har&nbsp; mykje historisk trykt materiale digitalisert og tilgjengelig (bygdeb\u00f8ker, \u00e5rsskrift, fagtidsskrift, aviser mm). Du har ogs\u00e5 h\u00f8ve til \u00e5 s\u00f8ke om tilgang til materiale det er restriksjonar p\u00e5 i opningstida.<\/li>\n \t<li><a href=\"https:\/\/www.genealogi.no\/wiki\/index.php\/Liste_over_digitaliserte_bygdeb%C3%B8ker_%E2%80%93_Telemark\">Norsk slektshistorisk forening<\/a> har laga ei oversikt over bygdeb\u00f8ker og andre lokalhistoriske utgjevingar fr\u00e5 Telemark og Vinje.<\/li>\n \t<li><a href=\"https:\/\/lokalhistoriewiki.no\/wiki\/Lokalhistoriewiki:Hovedside\">Lokalhistoriewiki<\/a> er drive av Norsk lokahistorisk institutt og har mange mindre og lengre artiklar med lokalhistorisk materiale.<\/li>\n \t<li><a href=\"https:\/\/www.kulturminnesok.no\/\">Kultminnes\u00f8k<\/a> er ei digital oversikt over registrerte kulturminne og kulturmilj\u00f8 fr\u00e5 steinalder og fram til i dag.<\/li>\n<\/ul><\/div><\/div><\/div><\/div><\/div><\/div>\n","protected":false},"excerpt":{"rendered":"<p>Lokalhistorisk fagstoff&nbsp;Er du interessert i lokalhistorisk fagstoff fr\u00e5 Rauland, \u00d8yfjell og M\u00f8sstrond? Vi har laga ei oversikt over stader du finn kjeldemateriale og spennande fagstoff fr\u00e5 omr\u00e5det. Trykk p\u00e5 lenkene i oransje for \u00e5 kome til den aktuelle sida. Historielaget sin fotodatabase Rauland Historielag har digitalisert mange gamle fotografi fr\u00e5 omr\u00e5det. Du finn b\u00e5de fotografi med informasjon og utan informasjon &#8230; <\/p>\n<div><a href=\"https:\/\/visitrauland.com\/raulandhistorielag\/fagstoff\/\" class=\"more-link\">Les Mer<\/a><\/div>\n","protected":false},"author":10,"featured_media":0,"parent":0,"menu_order":0,"comment_status":"closed","ping_status":"closed","template":"template-blank-4.php","meta":{"_relevanssi_hide_post":"","_relevanssi_hide_content":"","_relevanssi_pin_for_all":"","_relevanssi_pin_keywords":"","_relevanssi_unpin_keywords":"","_relevanssi_related_keywords":"","_relevanssi_related_include_ids":"","_relevanssi_related_exclude_ids":"","_relevanssi_related_no_append":"","_relevanssi_related_not_related":"","_relevanssi_related_posts":"","_relevanssi_noindex_reason":"","seo_booster_metabox":"","footnotes":""},"class_list":["post-2351","page","type-page","status-publish","hentry","no-post-thumbnail"],"yoast_head":"<!-- This site is optimized with the Yoast SEO plugin v27.2 - https:\/\/yoast.com\/product\/yoast-seo-wordpress\/ -->\n<title>Lokalhistorisk fagstoff - Rauland Historielag<\/title>\n<meta name=\"robots\" content=\"index, follow, max-snippet:-1, max-image-preview:large, max-video-preview:-1\" \/>\n<link rel=\"canonical\" href=\"https:\/\/visitrauland.com\/raulandhistorielag\/fagstoff\/\" \/>\n<meta property=\"og:locale\" content=\"nb_NO\" \/>\n<meta property=\"og:type\" content=\"article\" \/>\n<meta property=\"og:title\" content=\"Lokalhistorisk fagstoff - Rauland Historielag\" \/>\n<meta property=\"og:description\" content=\"Lokalhistorisk fagstoff&nbsp;Er du interessert i lokalhistorisk fagstoff fr\u00e5 Rauland, \u00d8yfjell og M\u00f8sstrond? Vi har laga ei oversikt over stader du finn kjeldemateriale og spennande fagstoff fr\u00e5 omr\u00e5det. Trykk p\u00e5 lenkene i oransje for \u00e5 kome til den aktuelle sida. Historielaget sin fotodatabase Rauland Historielag har digitalisert mange gamle fotografi fr\u00e5 omr\u00e5det. Du finn b\u00e5de fotografi med informasjon og utan informasjon ... Les Mer\" \/>\n<meta property=\"og:url\" content=\"https:\/\/visitrauland.com\/raulandhistorielag\/fagstoff\/\" \/>\n<meta property=\"og:site_name\" content=\"Rauland Historielag\" \/>\n<meta property=\"article:modified_time\" content=\"2024-11-20T10:37:43+00:00\" \/>\n<meta name=\"twitter:card\" content=\"summary_large_image\" \/>\n<meta name=\"twitter:label1\" content=\"Ansl. lesetid\" \/>\n\t<meta name=\"twitter:data1\" content=\"3 minutter\" \/>\n<script type=\"application\/ld+json\" class=\"yoast-schema-graph\">{\"@context\":\"https:\/\/schema.org\",\"@graph\":[{\"@type\":\"WebPage\",\"@id\":\"https:\/\/visitrauland.com\/raulandhistorielag\/fagstoff\/\",\"url\":\"https:\/\/visitrauland.com\/raulandhistorielag\/fagstoff\/\",\"name\":\"Lokalhistorisk fagstoff - Rauland Historielag\",\"isPartOf\":{\"@id\":\"https:\/\/visitrauland.com\/raulandhistorielag\/#website\"},\"datePublished\":\"2024-10-30T15:22:22+00:00\",\"dateModified\":\"2024-11-20T10:37:43+00:00\",\"breadcrumb\":{\"@id\":\"https:\/\/visitrauland.com\/raulandhistorielag\/fagstoff\/#breadcrumb\"},\"inLanguage\":\"nb-NO\",\"potentialAction\":[{\"@type\":\"ReadAction\",\"target\":[\"https:\/\/visitrauland.com\/raulandhistorielag\/fagstoff\/\"]}]},{\"@type\":\"BreadcrumbList\",\"@id\":\"https:\/\/visitrauland.com\/raulandhistorielag\/fagstoff\/#breadcrumb\",\"itemListElement\":[{\"@type\":\"ListItem\",\"position\":1,\"name\":\"Hjem\",\"item\":\"https:\/\/visitrauland.com\/raulandhistorielag\/\"},{\"@type\":\"ListItem\",\"position\":2,\"name\":\"Lokalhistorisk fagstoff\"}]},{\"@type\":\"WebSite\",\"@id\":\"https:\/\/visitrauland.com\/raulandhistorielag\/#website\",\"url\":\"https:\/\/visitrauland.com\/raulandhistorielag\/\",\"name\":\"Rauland Historielag\",\"description\":\"Slagord\",\"potentialAction\":[{\"@type\":\"SearchAction\",\"target\":{\"@type\":\"EntryPoint\",\"urlTemplate\":\"https:\/\/visitrauland.com\/raulandhistorielag\/?s={search_term_string}\"},\"query-input\":{\"@type\":\"PropertyValueSpecification\",\"valueRequired\":true,\"valueName\":\"search_term_string\"}}],\"inLanguage\":\"nb-NO\"}]}<\/script>\n<!-- \/ Yoast SEO plugin. -->","yoast_head_json":{"title":"Lokalhistorisk fagstoff - Rauland Historielag","robots":{"index":"index","follow":"follow","max-snippet":"max-snippet:-1","max-image-preview":"max-image-preview:large","max-video-preview":"max-video-preview:-1"},"canonical":"https:\/\/visitrauland.com\/raulandhistorielag\/fagstoff\/","og_locale":"nb_NO","og_type":"article","og_title":"Lokalhistorisk fagstoff - Rauland Historielag","og_description":"Lokalhistorisk fagstoff&nbsp;Er du interessert i lokalhistorisk fagstoff fr\u00e5 Rauland, \u00d8yfjell og M\u00f8sstrond? Vi har laga ei oversikt over stader du finn kjeldemateriale og spennande fagstoff fr\u00e5 omr\u00e5det. Trykk p\u00e5 lenkene i oransje for \u00e5 kome til den aktuelle sida. Historielaget sin fotodatabase Rauland Historielag har digitalisert mange gamle fotografi fr\u00e5 omr\u00e5det. Du finn b\u00e5de fotografi med informasjon og utan informasjon ... Les Mer","og_url":"https:\/\/visitrauland.com\/raulandhistorielag\/fagstoff\/","og_site_name":"Rauland Historielag","article_modified_time":"2024-11-20T10:37:43+00:00","twitter_card":"summary_large_image","twitter_misc":{"Ansl. lesetid":"3 minutter"},"schema":{"@context":"https:\/\/schema.org","@graph":[{"@type":"WebPage","@id":"https:\/\/visitrauland.com\/raulandhistorielag\/fagstoff\/","url":"https:\/\/visitrauland.com\/raulandhistorielag\/fagstoff\/","name":"Lokalhistorisk fagstoff - Rauland Historielag","isPartOf":{"@id":"https:\/\/visitrauland.com\/raulandhistorielag\/#website"},"datePublished":"2024-10-30T15:22:22+00:00","dateModified":"2024-11-20T10:37:43+00:00","breadcrumb":{"@id":"https:\/\/visitrauland.com\/raulandhistorielag\/fagstoff\/#breadcrumb"},"inLanguage":"nb-NO","potentialAction":[{"@type":"ReadAction","target":["https:\/\/visitrauland.com\/raulandhistorielag\/fagstoff\/"]}]},{"@type":"BreadcrumbList","@id":"https:\/\/visitrauland.com\/raulandhistorielag\/fagstoff\/#breadcrumb","itemListElement":[{"@type":"ListItem","position":1,"name":"Hjem","item":"https:\/\/visitrauland.com\/raulandhistorielag\/"},{"@type":"ListItem","position":2,"name":"Lokalhistorisk fagstoff"}]},{"@type":"WebSite","@id":"https:\/\/visitrauland.com\/raulandhistorielag\/#website","url":"https:\/\/visitrauland.com\/raulandhistorielag\/","name":"Rauland Historielag","description":"Slagord","potentialAction":[{"@type":"SearchAction","target":{"@type":"EntryPoint","urlTemplate":"https:\/\/visitrauland.com\/raulandhistorielag\/?s={search_term_string}"},"query-input":{"@type":"PropertyValueSpecification","valueRequired":true,"valueName":"search_term_string"}}],"inLanguage":"nb-NO"}]}},"_links":{"self":[{"href":"https:\/\/visitrauland.com\/raulandhistorielag\/wp-json\/wp\/v2\/pages\/2351","targetHints":{"allow":["GET"]}}],"collection":[{"href":"https:\/\/visitrauland.com\/raulandhistorielag\/wp-json\/wp\/v2\/pages"}],"about":[{"href":"https:\/\/visitrauland.com\/raulandhistorielag\/wp-json\/wp\/v2\/types\/page"}],"author":[{"embeddable":true,"href":"https:\/\/visitrauland.com\/raulandhistorielag\/wp-json\/wp\/v2\/users\/10"}],"replies":[{"embeddable":true,"href":"https:\/\/visitrauland.com\/raulandhistorielag\/wp-json\/wp\/v2\/comments?post=2351"}],"version-history":[{"count":16,"href":"https:\/\/visitrauland.com\/raulandhistorielag\/wp-json\/wp\/v2\/pages\/2351\/revisions"}],"predecessor-version":[{"id":2469,"href":"https:\/\/visitrauland.com\/raulandhistorielag\/wp-json\/wp\/v2\/pages\/2351\/revisions\/2469"}],"wp:attachment":[{"href":"https:\/\/visitrauland.com\/raulandhistorielag\/wp-json\/wp\/v2\/media?parent=2351"}],"curies":[{"name":"wp","href":"https:\/\/api.w.org\/{rel}","templated":true}]}}