{"id":2000,"date":"2024-04-15T11:38:07","date_gmt":"2024-04-15T09:38:07","guid":{"rendered":"https:\/\/visitrauland.com\/raulandhistorielag\/?page_id=2000"},"modified":"2025-05-20T20:05:31","modified_gmt":"2025-05-20T18:05:31","slug":"aarsmoter","status":"publish","type":"page","link":"https:\/\/visitrauland.com\/raulandhistorielag\/aarsmoter\/","title":{"rendered":"\u00c5rsm\u00f8ter"},"content":{"rendered":"<div id=\"cs-content\" class=\"cs-content\"><style>.lazy-loader-background-element-1.lazyloaded{ background-image: url(https:\/\/visitrauland.com\/raulandhistorielag\/wp-content\/uploads\/sites\/113\/2024\/03\/Rauland-Esso-1960-talet_1711014626.jpg); background-color: transparent; }<\/style><noscript><style>.lazy-loader-background-element-1.lazyload{ background-image: url(https:\/\/visitrauland.com\/raulandhistorielag\/wp-content\/uploads\/sites\/113\/2024\/03\/Rauland-Esso-1960-talet_1711014626.jpg); background-color: transparent; }<\/style><\/noscript><div id=\"x-section-1\" class=\"x-section bg-image lazyload lazy-loader-background-element-1 \" style=\"margin: 0px;padding: 45px 0px;  \" data-x-element=\"section\" data-x-params=\"{&quot;type&quot;:&quot;image&quot;,&quot;parallax&quot;:false}\"><div id class=\"x-container max width\" style=\"margin: 0px auto;padding: 0px;\"><div class=\"x-column x-sm x-1-2\" style=\"padding: 0px 30px; background-color:hsla(226, 45%, 24%, 0.45);\"><h2 class=\"h-custom-headline h3\" style=\"color: hsl(0, 0%, 100%);\"><span>\u00c5rsm\u00f8te<\/span><\/h2><div id class=\"x-text\" style=\"color: white;\"><p><span>Sj\u00e5 oversikt over \u00e5rsm\u00f8te, \u00e5rsmeldingar med meir fr\u00e5 Rauland Historielag.<\/span><\/p>\n<\/div><\/div><div class=\"x-column x-sm x-1-2\" style=\"padding: 0px;\">&nbsp;<\/div><\/div><div id class=\"x-container max width\" style=\"margin: 0px auto;padding: 0px;\"><div class=\"x-column x-sm x-1-1\" style=\"padding: 0px;\"><hr class=\"x-gap x-hide-sm x-hide-xs x-hide-md\" style=\"margin: 150px 0 0 0;\"><\/div><\/div><\/div><div class=\"x-section e2000-e10 m1jk-0\"><div class=\"x-row x-container max width e2000-e11 m1jk-1 m1jk-2\"><div class=\"x-row-inner\"><div class=\"x-col e2000-e12 m1jk-3\"><div class=\"x-text x-content e2000-e13 m1jk-4\"><h3>\u00c5rsm\u00f8te 2025<\/h3>\n<ul>\n \t<li><a href=\"https:\/\/visitrauland.com\/raulandhistorielag\/wp-content\/uploads\/sites\/113\/2025\/05\/Arsresultat_merged_1747764044.pdf\">\u00c5rsresultat 2024<\/a><\/li>\n \t<li><a href=\"https:\/\/visitrauland.com\/raulandhistorielag\/wp-content\/uploads\/sites\/113\/2025\/05\/Arsmelding-2024_1747764091.pdf\">\u00c5rsmelding 2024<\/a><\/li>\n \t<li><a href=\"https:\/\/visitrauland.com\/raulandhistorielag\/wp-content\/uploads\/sites\/113\/2025\/05\/Arsmoteprotokoll-2024_1747764093.pdf\">\u00c5rsm\u00f8teprotokoll 2025<\/a><\/li>\n<\/ul>\n<h3>\u00c5rsm\u00f8te 2024<\/h3>\n<ul>\n \t<li><a href=\"https:\/\/visitrauland.com\/raulandhistorielag\/wp-content\/uploads\/sites\/113\/2025\/01\/RH-rekneskap-2023_1736167340.pdf\">\u00c5rsresultat 2023<\/a><\/li>\n \t<li><a href=\"https:\/\/visitrauland.com\/raulandhistorielag\/wp-content\/uploads\/sites\/113\/2025\/01\/RH-arsmelding-2023_1736167342.pdf\">\u00c5rsmelding 2023<\/a><\/li>\n \t<li><a href=\"https:\/\/visitrauland.com\/raulandhistorielag\/wp-content\/uploads\/sites\/113\/2025\/01\/RH-arsmoteprotokoll-02.05.24_1736167343.pdf\">\u00c5rsm\u00f8teprotokoll 2024<\/a><\/li>\n<\/ul>\n<h3>\u00c5rsm\u00f8te 2023<\/h3>\n<p>Rauland Historielag gjennomf\u00f8rte \u00e5rsm\u00f8tet 9. mars 2023 p\u00e5 Raulandsakademiet. 12 personar m\u00f8tte fram. Opninga gjennomf\u00f8rte to studentar ved Raulandsakademiet med musikalske innslag. Styreleiar gjekk gjennom \u00e5rsmeldinga og framdriftsplan, kasseraren oppsummerte \u00f8konomien i laget og leiar tok seg av valet.<\/p>\n\n<ul>\n \t<li><a href=\"https:\/\/visitrauland.com\/raulandhistorielag\/wp-content\/uploads\/sites\/113\/2025\/01\/Rekneskap-2022-med-revisjon_1736167339.pdf\">\u00c5rsresultat 2022<\/a><\/li>\n \t<li><a href=\"https:\/\/visitrauland.com\/raulandhistorielag\/wp-content\/uploads\/sites\/113\/2025\/01\/RH-arsmelding-2022._1736167344.pdf\">\u00c5rsmelding 2022<\/a><\/li>\n<\/ul>\n<h3>\u00c5rsm\u00f8te 2022<\/h3>\n<p>Det blei eit stussleg \u00e5rsm\u00f8te dette \u00e5ret. Det m\u00f8tte sv\u00e6rt f\u00e5 fram. Til og med styremedlemmer glimra med sitt fr\u00e5v\u00e6r. Til neste \u00e5r m\u00e5 me gjera noko med dette! Vonar Veimannbutrollet s\u00e5leis kan vera til ei hjelp.<\/p>\n\n<ul>\n \t<li><a href=\"https:\/\/raulandhistorielag.no\/wp-content\/uploads\/sites\/51\/2022\/05\/Arsresultat-2021..pdf\">\u00c5rsresultat 2021.<\/a><\/li>\n \t<li><a href=\"https:\/\/raulandhistorielag.no\/wp-content\/uploads\/sites\/51\/2022\/05\/Arsmelding-2021.pdf\">\u00c5rsmelding 2021<\/a><\/li>\n \t<li><a href=\"https:\/\/raulandhistorielag.no\/wp-content\/uploads\/sites\/51\/2022\/05\/RH-arsmoteprotokoll-21.03.22.pdf\">RH-\u00e5rsm\u00f8teprotokoll 21.03.22<\/a><\/li>\n<\/ul>\n<h3>\u00c5rsm\u00f8te 2021<\/h3>\n<ul>\n \t<li><a href=\"https:\/\/visitrauland.com\/raulandhistorielag\/wp-content\/uploads\/sites\/113\/2025\/01\/arresultat-2020_1738007266.pdf\">\u00c5rsresultat 2020<\/a><\/li>\n \t<li><a href=\"https:\/\/visitrauland.com\/raulandhistorielag\/wp-content\/uploads\/sites\/113\/2025\/01\/Rauland-Historielag-arsmelding-2020._1738007087.pdf\">\u00c5rsmelding 2020<\/a><\/li>\n<\/ul>\n<h3>\u00c5rsm\u00f8te 2020<\/h3>\n<ul>\n \t<li><a href=\"https:\/\/visitrauland.com\/raulandhistorielag\/wp-content\/uploads\/sites\/113\/2025\/01\/Rauland-Historielag-rekneskap-2019_1738070910.pdf\">\u00c5rsresultat 2019<\/a><\/li>\n \t<li><a href=\"https:\/\/visitrauland.com\/raulandhistorielag\/wp-content\/uploads\/sites\/113\/2025\/01\/Rauland-Historielag-arsmelding-2019._1738070918.pdf\">\u00c5rsmelding 2019<\/a><\/li>\n<\/ul>\n<h3 class=\"title\">\u00c5rsm\u00f8te 2019<\/h3>\n<p>\u00c5rsm\u00f8te&nbsp;var tysdag 26. feb. kl. 1900 p\u00e5 Raulandsakademiet. Det m\u00f8tte fram 14 personar og m\u00f8tet gjekk greitt. <a href=\"https:\/\/raulandhistorielag.no\/wp-content\/uploads\/sites\/51\/2019\/03\/Referat-%C3%A5rsm%C3%B8te-2018.pdf\"><\/a><\/p>\n\n<ul>\n \t<li><a href=\"https:\/\/raulandhistorielag.no\/wp-content\/uploads\/sites\/51\/2019\/03\/Referat-%C3%A5rsm%C3%B8te-2018.pdf\">Referat \u00e5rsm\u00f8te 2018<\/a><\/li>\n \t<li><a href=\"https:\/\/raulandhistorielag.no\/wp-content\/uploads\/sites\/51\/2019\/03\/A%CC%8Arsmelding-2018.pdf\">A\u030arsmelding 2018<\/a><\/li>\n \t<li><a href=\"https:\/\/raulandhistorielag.no\/wp-content\/uploads\/sites\/51\/2019\/02\/A%CC%8Arsresultat-Rauland-Historielag-2018.pdf\">A\u030arsresultat Rauland Historielag 2018<\/a><\/li>\n<\/ul><\/div><\/div><\/div><\/div><\/div><\/div>\n","protected":false},"excerpt":{"rendered":"<p>\u00c5rsm\u00f8teSj\u00e5 oversikt over \u00e5rsm\u00f8te, \u00e5rsmeldingar med meir fr\u00e5 Rauland Historielag. &nbsp;\u00c5rsm\u00f8te 2025 \u00c5rsresultat 2024 \u00c5rsmelding 2024 \u00c5rsm\u00f8teprotokoll 2025 \u00c5rsm\u00f8te 2024 \u00c5rsresultat 2023 \u00c5rsmelding 2023 \u00c5rsm\u00f8teprotokoll 2024 \u00c5rsm\u00f8te 2023 Rauland Historielag gjennomf\u00f8rte \u00e5rsm\u00f8tet 9. mars 2023 p\u00e5 Raulandsakademiet. 12 personar m\u00f8tte fram. Opninga gjennomf\u00f8rte to studentar ved Raulandsakademiet med musikalske innslag. Styreleiar gjekk gjennom \u00e5rsmeldinga og framdriftsplan, kasseraren oppsummerte \u00f8konomien i &#8230; <\/p>\n<div><a href=\"https:\/\/visitrauland.com\/raulandhistorielag\/aarsmoter\/\" class=\"more-link\">Les Mer<\/a><\/div>\n","protected":false},"author":10,"featured_media":0,"parent":0,"menu_order":0,"comment_status":"closed","ping_status":"closed","template":"template-blank-4.php","meta":{"_relevanssi_hide_post":"","_relevanssi_hide_content":"","_relevanssi_pin_for_all":"","_relevanssi_pin_keywords":"","_relevanssi_unpin_keywords":"","_relevanssi_related_keywords":"","_relevanssi_related_include_ids":"","_relevanssi_related_exclude_ids":"","_relevanssi_related_no_append":"","_relevanssi_related_not_related":"","_relevanssi_related_posts":"","_relevanssi_noindex_reason":"","seo_booster_metabox":"","footnotes":""},"class_list":["post-2000","page","type-page","status-publish","hentry","no-post-thumbnail"],"yoast_head":"<!-- This site is optimized with the Yoast SEO plugin v27.2 - https:\/\/yoast.com\/product\/yoast-seo-wordpress\/ -->\n<title>\u00c5rsm\u00f8ter - Rauland Historielag<\/title>\n<meta name=\"robots\" content=\"index, follow, max-snippet:-1, max-image-preview:large, max-video-preview:-1\" \/>\n<link rel=\"canonical\" href=\"https:\/\/visitrauland.com\/raulandhistorielag\/aarsmoter\/\" \/>\n<meta property=\"og:locale\" content=\"nb_NO\" \/>\n<meta property=\"og:type\" content=\"article\" \/>\n<meta property=\"og:title\" content=\"\u00c5rsm\u00f8ter - Rauland Historielag\" \/>\n<meta property=\"og:description\" content=\"\u00c5rsm\u00f8teSj\u00e5 oversikt over \u00e5rsm\u00f8te, \u00e5rsmeldingar med meir fr\u00e5 Rauland Historielag. &nbsp;\u00c5rsm\u00f8te 2025 \u00c5rsresultat 2024 \u00c5rsmelding 2024 \u00c5rsm\u00f8teprotokoll 2025 \u00c5rsm\u00f8te 2024 \u00c5rsresultat 2023 \u00c5rsmelding 2023 \u00c5rsm\u00f8teprotokoll 2024 \u00c5rsm\u00f8te 2023 Rauland Historielag gjennomf\u00f8rte \u00e5rsm\u00f8tet 9. mars 2023 p\u00e5 Raulandsakademiet. 12 personar m\u00f8tte fram. Opninga gjennomf\u00f8rte to studentar ved Raulandsakademiet med musikalske innslag. Styreleiar gjekk gjennom \u00e5rsmeldinga og framdriftsplan, kasseraren oppsummerte \u00f8konomien i ... Les Mer\" \/>\n<meta property=\"og:url\" content=\"https:\/\/visitrauland.com\/raulandhistorielag\/aarsmoter\/\" \/>\n<meta property=\"og:site_name\" content=\"Rauland Historielag\" \/>\n<meta property=\"article:modified_time\" content=\"2025-05-20T18:05:31+00:00\" \/>\n<meta name=\"twitter:card\" content=\"summary_large_image\" \/>\n<meta name=\"twitter:label1\" content=\"Ansl. lesetid\" \/>\n\t<meta name=\"twitter:data1\" content=\"2 minutter\" \/>\n<script type=\"application\/ld+json\" class=\"yoast-schema-graph\">{\"@context\":\"https:\/\/schema.org\",\"@graph\":[{\"@type\":\"WebPage\",\"@id\":\"https:\/\/visitrauland.com\/raulandhistorielag\/aarsmoter\/\",\"url\":\"https:\/\/visitrauland.com\/raulandhistorielag\/aarsmoter\/\",\"name\":\"\u00c5rsm\u00f8ter - Rauland Historielag\",\"isPartOf\":{\"@id\":\"https:\/\/visitrauland.com\/raulandhistorielag\/#website\"},\"datePublished\":\"2024-04-15T09:38:07+00:00\",\"dateModified\":\"2025-05-20T18:05:31+00:00\",\"breadcrumb\":{\"@id\":\"https:\/\/visitrauland.com\/raulandhistorielag\/aarsmoter\/#breadcrumb\"},\"inLanguage\":\"nb-NO\",\"potentialAction\":[{\"@type\":\"ReadAction\",\"target\":[\"https:\/\/visitrauland.com\/raulandhistorielag\/aarsmoter\/\"]}]},{\"@type\":\"BreadcrumbList\",\"@id\":\"https:\/\/visitrauland.com\/raulandhistorielag\/aarsmoter\/#breadcrumb\",\"itemListElement\":[{\"@type\":\"ListItem\",\"position\":1,\"name\":\"Hjem\",\"item\":\"https:\/\/visitrauland.com\/raulandhistorielag\/\"},{\"@type\":\"ListItem\",\"position\":2,\"name\":\"\u00c5rsm\u00f8ter\"}]},{\"@type\":\"WebSite\",\"@id\":\"https:\/\/visitrauland.com\/raulandhistorielag\/#website\",\"url\":\"https:\/\/visitrauland.com\/raulandhistorielag\/\",\"name\":\"Rauland Historielag\",\"description\":\"Slagord\",\"potentialAction\":[{\"@type\":\"SearchAction\",\"target\":{\"@type\":\"EntryPoint\",\"urlTemplate\":\"https:\/\/visitrauland.com\/raulandhistorielag\/?s={search_term_string}\"},\"query-input\":{\"@type\":\"PropertyValueSpecification\",\"valueRequired\":true,\"valueName\":\"search_term_string\"}}],\"inLanguage\":\"nb-NO\"}]}<\/script>\n<!-- \/ Yoast SEO plugin. -->","yoast_head_json":{"title":"\u00c5rsm\u00f8ter - Rauland Historielag","robots":{"index":"index","follow":"follow","max-snippet":"max-snippet:-1","max-image-preview":"max-image-preview:large","max-video-preview":"max-video-preview:-1"},"canonical":"https:\/\/visitrauland.com\/raulandhistorielag\/aarsmoter\/","og_locale":"nb_NO","og_type":"article","og_title":"\u00c5rsm\u00f8ter - Rauland Historielag","og_description":"\u00c5rsm\u00f8teSj\u00e5 oversikt over \u00e5rsm\u00f8te, \u00e5rsmeldingar med meir fr\u00e5 Rauland Historielag. &nbsp;\u00c5rsm\u00f8te 2025 \u00c5rsresultat 2024 \u00c5rsmelding 2024 \u00c5rsm\u00f8teprotokoll 2025 \u00c5rsm\u00f8te 2024 \u00c5rsresultat 2023 \u00c5rsmelding 2023 \u00c5rsm\u00f8teprotokoll 2024 \u00c5rsm\u00f8te 2023 Rauland Historielag gjennomf\u00f8rte \u00e5rsm\u00f8tet 9. mars 2023 p\u00e5 Raulandsakademiet. 12 personar m\u00f8tte fram. Opninga gjennomf\u00f8rte to studentar ved Raulandsakademiet med musikalske innslag. Styreleiar gjekk gjennom \u00e5rsmeldinga og framdriftsplan, kasseraren oppsummerte \u00f8konomien i ... Les Mer","og_url":"https:\/\/visitrauland.com\/raulandhistorielag\/aarsmoter\/","og_site_name":"Rauland Historielag","article_modified_time":"2025-05-20T18:05:31+00:00","twitter_card":"summary_large_image","twitter_misc":{"Ansl. lesetid":"2 minutter"},"schema":{"@context":"https:\/\/schema.org","@graph":[{"@type":"WebPage","@id":"https:\/\/visitrauland.com\/raulandhistorielag\/aarsmoter\/","url":"https:\/\/visitrauland.com\/raulandhistorielag\/aarsmoter\/","name":"\u00c5rsm\u00f8ter - Rauland Historielag","isPartOf":{"@id":"https:\/\/visitrauland.com\/raulandhistorielag\/#website"},"datePublished":"2024-04-15T09:38:07+00:00","dateModified":"2025-05-20T18:05:31+00:00","breadcrumb":{"@id":"https:\/\/visitrauland.com\/raulandhistorielag\/aarsmoter\/#breadcrumb"},"inLanguage":"nb-NO","potentialAction":[{"@type":"ReadAction","target":["https:\/\/visitrauland.com\/raulandhistorielag\/aarsmoter\/"]}]},{"@type":"BreadcrumbList","@id":"https:\/\/visitrauland.com\/raulandhistorielag\/aarsmoter\/#breadcrumb","itemListElement":[{"@type":"ListItem","position":1,"name":"Hjem","item":"https:\/\/visitrauland.com\/raulandhistorielag\/"},{"@type":"ListItem","position":2,"name":"\u00c5rsm\u00f8ter"}]},{"@type":"WebSite","@id":"https:\/\/visitrauland.com\/raulandhistorielag\/#website","url":"https:\/\/visitrauland.com\/raulandhistorielag\/","name":"Rauland Historielag","description":"Slagord","potentialAction":[{"@type":"SearchAction","target":{"@type":"EntryPoint","urlTemplate":"https:\/\/visitrauland.com\/raulandhistorielag\/?s={search_term_string}"},"query-input":{"@type":"PropertyValueSpecification","valueRequired":true,"valueName":"search_term_string"}}],"inLanguage":"nb-NO"}]}},"_links":{"self":[{"href":"https:\/\/visitrauland.com\/raulandhistorielag\/wp-json\/wp\/v2\/pages\/2000","targetHints":{"allow":["GET"]}}],"collection":[{"href":"https:\/\/visitrauland.com\/raulandhistorielag\/wp-json\/wp\/v2\/pages"}],"about":[{"href":"https:\/\/visitrauland.com\/raulandhistorielag\/wp-json\/wp\/v2\/types\/page"}],"author":[{"embeddable":true,"href":"https:\/\/visitrauland.com\/raulandhistorielag\/wp-json\/wp\/v2\/users\/10"}],"replies":[{"embeddable":true,"href":"https:\/\/visitrauland.com\/raulandhistorielag\/wp-json\/wp\/v2\/comments?post=2000"}],"version-history":[{"count":15,"href":"https:\/\/visitrauland.com\/raulandhistorielag\/wp-json\/wp\/v2\/pages\/2000\/revisions"}],"predecessor-version":[{"id":2617,"href":"https:\/\/visitrauland.com\/raulandhistorielag\/wp-json\/wp\/v2\/pages\/2000\/revisions\/2617"}],"wp:attachment":[{"href":"https:\/\/visitrauland.com\/raulandhistorielag\/wp-json\/wp\/v2\/media?parent=2000"}],"curies":[{"name":"wp","href":"https:\/\/api.w.org\/{rel}","templated":true}]}}