{"id":1997,"date":"2024-04-15T11:33:53","date_gmt":"2024-04-15T09:33:53","guid":{"rendered":"https:\/\/visitrauland.com\/raulandhistorielag\/?page_id=1997"},"modified":"2024-11-06T14:56:26","modified_gmt":"2024-11-06T13:56:26","slug":"aarsplanar","status":"publish","type":"page","link":"https:\/\/visitrauland.com\/raulandhistorielag\/aarsplanar\/","title":{"rendered":"\u00c5rsplan"},"content":{"rendered":"<div id=\"cs-content\" class=\"cs-content\"><style>.lazy-loader-background-element-1.lazyloaded{ background-image: url(https:\/\/visitrauland.com\/raulandhistorielag\/wp-content\/uploads\/sites\/113\/2024\/03\/Rauland-Esso-1960-talet_1711014626.jpg); background-color: transparent; }<\/style><noscript><style>.lazy-loader-background-element-1.lazyload{ background-image: url(https:\/\/visitrauland.com\/raulandhistorielag\/wp-content\/uploads\/sites\/113\/2024\/03\/Rauland-Esso-1960-talet_1711014626.jpg); background-color: transparent; }<\/style><\/noscript><div id=\"x-section-1\" class=\"x-section bg-image lazyload lazy-loader-background-element-1 \" style=\"margin: 0px;padding: 45px 0px;  \" data-x-element=\"section\" data-x-params=\"{&quot;type&quot;:&quot;image&quot;,&quot;parallax&quot;:false}\"><div id class=\"x-container max width\" style=\"margin: 0px auto;padding: 0px;\"><div class=\"x-column x-sm x-1-2\" style=\"padding: 0px 30px; background-color:hsla(226, 45%, 24%, 0.45);\"><h2 class=\"h-custom-headline h3\" style=\"color: hsl(0, 0%, 100%);\"><span>\u00c5rsplanar<\/span><\/h2><div id class=\"x-text\" style=\"color: white;\"><p><span>Sj\u00e5 oversikt over \u00e5rsplanar fr\u00e5 Rauland Historielag.<\/span><\/p>\n<\/div><\/div><div class=\"x-column x-sm x-1-2\" style=\"padding: 0px;\">&nbsp;<\/div><\/div><div id class=\"x-container max width\" style=\"margin: 0px auto;padding: 0px;\"><div class=\"x-column x-sm x-1-1\" style=\"padding: 0px;\"><hr class=\"x-gap x-hide-sm x-hide-xs x-hide-md\" style=\"margin: 150px 0 0 0;\"><\/div><\/div><\/div><div class=\"x-section e1997-e10 m1jh-0\"><div class=\"x-row x-container max width e1997-e11 m1jh-1 m1jh-2\"><div class=\"x-row-inner\"><div class=\"x-col e1997-e12 m1jh-3\"><div class=\"x-text x-content e1997-e13 m1jh-4\"><p>Her finn du tidlegare \u00e5rsplanar for Rauland Historielag<\/p>\n\n<ul>\n \t<li><a href=\"https:\/\/visitrauland.com\/raulandhistorielag\/wp-content\/uploads\/sites\/113\/2024\/06\/R.H-ARSPLAN-2022-4_1717418187.pdf\"><strong>\u00c5rsplan for 2022<\/strong><\/a><\/li>\n \t<li><a href=\"https:\/\/visitrauland.com\/raulandhistorielag\/wp-content\/uploads\/sites\/113\/2024\/06\/Arsplan-for-2019_1717418200.pdf\"><strong>\u00c5rsplan for 2019<\/strong><\/a><\/li>\n \t<li><a href=\"https:\/\/visitrauland.com\/raulandhistorielag\/wp-content\/uploads\/sites\/113\/2024\/06\/Arsplan-for-2018_1717418198.pdf\"><strong>\u00c5rsplan for 2018<\/strong><\/a><\/li>\n \t<li><a href=\"https:\/\/visitrauland.com\/raulandhistorielag\/wp-content\/uploads\/sites\/113\/2024\/06\/Arsplan-for-2016_1717418195.pdf\"><strong>\u00c5rsplan for 2016<\/strong><\/a><\/li>\n \t<li><a href=\"https:\/\/visitrauland.com\/raulandhistorielag\/wp-content\/uploads\/sites\/113\/2024\/06\/Arsplan-for-2015_1717418193.pdf\"><strong>\u00c5rsplan for 2015<\/strong><\/a><\/li>\n \t<li><a href=\"https:\/\/visitrauland.com\/raulandhistorielag\/wp-content\/uploads\/sites\/113\/2024\/06\/Arsplan-for-2014_1717418191.pdf\"><strong>\u00c5rsplan for 2014<\/strong><\/a><\/li>\n<\/ul><\/div><\/div><\/div><\/div><\/div><\/div>\n","protected":false},"excerpt":{"rendered":"<p>\u00c5rsplanarSj\u00e5 oversikt over \u00e5rsplanar fr\u00e5 Rauland Historielag. &nbsp;Her finn du tidlegare \u00e5rsplanar for Rauland Historielag \u00c5rsplan for 2022 \u00c5rsplan for 2019 \u00c5rsplan for 2018 \u00c5rsplan for 2016 \u00c5rsplan for 2015 \u00c5rsplan for 2014<\/p>\n","protected":false},"author":10,"featured_media":0,"parent":0,"menu_order":0,"comment_status":"closed","ping_status":"closed","template":"template-blank-4.php","meta":{"_relevanssi_hide_post":"","_relevanssi_hide_content":"","_relevanssi_pin_for_all":"","_relevanssi_pin_keywords":"","_relevanssi_unpin_keywords":"","_relevanssi_related_keywords":"","_relevanssi_related_include_ids":"","_relevanssi_related_exclude_ids":"","_relevanssi_related_no_append":"","_relevanssi_related_not_related":"","_relevanssi_related_posts":"","_relevanssi_noindex_reason":"","seo_booster_metabox":"","footnotes":""},"class_list":["post-1997","page","type-page","status-publish","hentry","no-post-thumbnail"],"yoast_head":"<!-- This site is optimized with the Yoast SEO plugin v27.2 - https:\/\/yoast.com\/product\/yoast-seo-wordpress\/ -->\n<title>\u00c5rsplan - Rauland Historielag<\/title>\n<meta name=\"robots\" content=\"index, follow, max-snippet:-1, max-image-preview:large, max-video-preview:-1\" \/>\n<link rel=\"canonical\" href=\"https:\/\/visitrauland.com\/raulandhistorielag\/aarsplanar\/\" \/>\n<meta property=\"og:locale\" content=\"nb_NO\" \/>\n<meta property=\"og:type\" content=\"article\" \/>\n<meta property=\"og:title\" content=\"\u00c5rsplan - Rauland Historielag\" \/>\n<meta property=\"og:description\" content=\"\u00c5rsplanarSj\u00e5 oversikt over \u00e5rsplanar fr\u00e5 Rauland Historielag. &nbsp;Her finn du tidlegare \u00e5rsplanar for Rauland Historielag \u00c5rsplan for 2022 \u00c5rsplan for 2019 \u00c5rsplan for 2018 \u00c5rsplan for 2016 \u00c5rsplan for 2015 \u00c5rsplan for 2014\" \/>\n<meta property=\"og:url\" content=\"https:\/\/visitrauland.com\/raulandhistorielag\/aarsplanar\/\" \/>\n<meta property=\"og:site_name\" content=\"Rauland Historielag\" \/>\n<meta property=\"article:modified_time\" content=\"2024-11-06T13:56:26+00:00\" \/>\n<meta name=\"twitter:card\" content=\"summary_large_image\" \/>\n<meta name=\"twitter:label1\" content=\"Ansl. lesetid\" \/>\n\t<meta name=\"twitter:data1\" content=\"1 minutt\" \/>\n<script type=\"application\/ld+json\" class=\"yoast-schema-graph\">{\"@context\":\"https:\/\/schema.org\",\"@graph\":[{\"@type\":\"WebPage\",\"@id\":\"https:\/\/visitrauland.com\/raulandhistorielag\/aarsplanar\/\",\"url\":\"https:\/\/visitrauland.com\/raulandhistorielag\/aarsplanar\/\",\"name\":\"\u00c5rsplan - Rauland Historielag\",\"isPartOf\":{\"@id\":\"https:\/\/visitrauland.com\/raulandhistorielag\/#website\"},\"datePublished\":\"2024-04-15T09:33:53+00:00\",\"dateModified\":\"2024-11-06T13:56:26+00:00\",\"breadcrumb\":{\"@id\":\"https:\/\/visitrauland.com\/raulandhistorielag\/aarsplanar\/#breadcrumb\"},\"inLanguage\":\"nb-NO\",\"potentialAction\":[{\"@type\":\"ReadAction\",\"target\":[\"https:\/\/visitrauland.com\/raulandhistorielag\/aarsplanar\/\"]}]},{\"@type\":\"BreadcrumbList\",\"@id\":\"https:\/\/visitrauland.com\/raulandhistorielag\/aarsplanar\/#breadcrumb\",\"itemListElement\":[{\"@type\":\"ListItem\",\"position\":1,\"name\":\"Hjem\",\"item\":\"https:\/\/visitrauland.com\/raulandhistorielag\/\"},{\"@type\":\"ListItem\",\"position\":2,\"name\":\"\u00c5rsplan\"}]},{\"@type\":\"WebSite\",\"@id\":\"https:\/\/visitrauland.com\/raulandhistorielag\/#website\",\"url\":\"https:\/\/visitrauland.com\/raulandhistorielag\/\",\"name\":\"Rauland Historielag\",\"description\":\"Slagord\",\"potentialAction\":[{\"@type\":\"SearchAction\",\"target\":{\"@type\":\"EntryPoint\",\"urlTemplate\":\"https:\/\/visitrauland.com\/raulandhistorielag\/?s={search_term_string}\"},\"query-input\":{\"@type\":\"PropertyValueSpecification\",\"valueRequired\":true,\"valueName\":\"search_term_string\"}}],\"inLanguage\":\"nb-NO\"}]}<\/script>\n<!-- \/ Yoast SEO plugin. -->","yoast_head_json":{"title":"\u00c5rsplan - Rauland Historielag","robots":{"index":"index","follow":"follow","max-snippet":"max-snippet:-1","max-image-preview":"max-image-preview:large","max-video-preview":"max-video-preview:-1"},"canonical":"https:\/\/visitrauland.com\/raulandhistorielag\/aarsplanar\/","og_locale":"nb_NO","og_type":"article","og_title":"\u00c5rsplan - Rauland Historielag","og_description":"\u00c5rsplanarSj\u00e5 oversikt over \u00e5rsplanar fr\u00e5 Rauland Historielag. &nbsp;Her finn du tidlegare \u00e5rsplanar for Rauland Historielag \u00c5rsplan for 2022 \u00c5rsplan for 2019 \u00c5rsplan for 2018 \u00c5rsplan for 2016 \u00c5rsplan for 2015 \u00c5rsplan for 2014","og_url":"https:\/\/visitrauland.com\/raulandhistorielag\/aarsplanar\/","og_site_name":"Rauland Historielag","article_modified_time":"2024-11-06T13:56:26+00:00","twitter_card":"summary_large_image","twitter_misc":{"Ansl. lesetid":"1 minutt"},"schema":{"@context":"https:\/\/schema.org","@graph":[{"@type":"WebPage","@id":"https:\/\/visitrauland.com\/raulandhistorielag\/aarsplanar\/","url":"https:\/\/visitrauland.com\/raulandhistorielag\/aarsplanar\/","name":"\u00c5rsplan - Rauland Historielag","isPartOf":{"@id":"https:\/\/visitrauland.com\/raulandhistorielag\/#website"},"datePublished":"2024-04-15T09:33:53+00:00","dateModified":"2024-11-06T13:56:26+00:00","breadcrumb":{"@id":"https:\/\/visitrauland.com\/raulandhistorielag\/aarsplanar\/#breadcrumb"},"inLanguage":"nb-NO","potentialAction":[{"@type":"ReadAction","target":["https:\/\/visitrauland.com\/raulandhistorielag\/aarsplanar\/"]}]},{"@type":"BreadcrumbList","@id":"https:\/\/visitrauland.com\/raulandhistorielag\/aarsplanar\/#breadcrumb","itemListElement":[{"@type":"ListItem","position":1,"name":"Hjem","item":"https:\/\/visitrauland.com\/raulandhistorielag\/"},{"@type":"ListItem","position":2,"name":"\u00c5rsplan"}]},{"@type":"WebSite","@id":"https:\/\/visitrauland.com\/raulandhistorielag\/#website","url":"https:\/\/visitrauland.com\/raulandhistorielag\/","name":"Rauland Historielag","description":"Slagord","potentialAction":[{"@type":"SearchAction","target":{"@type":"EntryPoint","urlTemplate":"https:\/\/visitrauland.com\/raulandhistorielag\/?s={search_term_string}"},"query-input":{"@type":"PropertyValueSpecification","valueRequired":true,"valueName":"search_term_string"}}],"inLanguage":"nb-NO"}]}},"_links":{"self":[{"href":"https:\/\/visitrauland.com\/raulandhistorielag\/wp-json\/wp\/v2\/pages\/1997","targetHints":{"allow":["GET"]}}],"collection":[{"href":"https:\/\/visitrauland.com\/raulandhistorielag\/wp-json\/wp\/v2\/pages"}],"about":[{"href":"https:\/\/visitrauland.com\/raulandhistorielag\/wp-json\/wp\/v2\/types\/page"}],"author":[{"embeddable":true,"href":"https:\/\/visitrauland.com\/raulandhistorielag\/wp-json\/wp\/v2\/users\/10"}],"replies":[{"embeddable":true,"href":"https:\/\/visitrauland.com\/raulandhistorielag\/wp-json\/wp\/v2\/comments?post=1997"}],"version-history":[{"count":4,"href":"https:\/\/visitrauland.com\/raulandhistorielag\/wp-json\/wp\/v2\/pages\/1997\/revisions"}],"predecessor-version":[{"id":2426,"href":"https:\/\/visitrauland.com\/raulandhistorielag\/wp-json\/wp\/v2\/pages\/1997\/revisions\/2426"}],"wp:attachment":[{"href":"https:\/\/visitrauland.com\/raulandhistorielag\/wp-json\/wp\/v2\/media?parent=1997"}],"curies":[{"name":"wp","href":"https:\/\/api.w.org\/{rel}","templated":true}]}}