{"id":9507,"date":"2024-10-21T19:18:28","date_gmt":"2024-10-21T17:18:28","guid":{"rendered":"https:\/\/visitrauland.com\/rauland-skisenter\/?page_id=9507"},"modified":"2025-10-20T14:38:00","modified_gmt":"2025-10-20T12:38:00","slug":"parkshaper","status":"publish","type":"page","link":"https:\/\/visitrauland.com\/rauland-skisenter\/stillinger\/parkshaper\/","title":{"rendered":"Ledig stilling &#8211; Parkshaper"},"content":{"rendered":"<div id=\"cs-content\" class=\"cs-content\"><div id=\"x-section-1\" class=\"x-section\" style=\"margin: 0px;padding: 0px; background-color: transparent;\"><div id class=\"x-container\" style=\"margin: 0px auto;padding: 0px;\"><div class=\"x-column x-sm x-1-1\" style=\"padding: 0px;\"><noscript><img decoding=\"async\" class=\"x-img x-img-none\" src=\"https:\/\/visitrauland.com\/rauland-skisenter\/wp-content\/uploads\/sites\/18\/2024\/10\/DSC01704_1920_1729531147.jpg\"><\/noscript><img decoding=\"async\" class=\"x-img x-img-none lazyload\" src=\"data:image\/gif;base64,R0lGODlhAQABAIAAAAAAAP\/\/\/yH5BAEAAAAALAAAAAABAAEAAAIBRAA7\" data-src=\"https:\/\/visitrauland.com\/rauland-skisenter\/wp-content\/uploads\/sites\/18\/2024\/10\/DSC01704_1920_1729531147.jpg\"><\/div><\/div><div id class=\"x-container\" style=\"margin: 0px auto;padding: 0px;\"><div class=\"x-column x-sm x-1-1\" style=\"padding: 0px;\"><div id class=\"x-text\" style><h4 class=\"m_-928143146573853963MsoListParagraph\">Vi s\u00f8ker en Parkshaper til v\u00e5rt team<\/h4>\n<p style=\"margin-top: 0cm; background: white;\"><span style=\"font-size: 13.5pt; font-family: 'Arial',sans-serif; color: black;\">Vi s\u00f8ker n\u00e5 etter en parkshaper som kan bidra med \u00e5 gj\u00f8re parken p\u00e5 Rauland enda bedre.<br>\n<o:p><\/o:p><\/span><span style=\"font-size: 13.5pt; font-family: 'Arial',sans-serif; color: black;\">Jobben vil i stor grad best\u00e5 av shaping av parkene, vedlikehold og ved behov ogs\u00e5 bygging av elementer i samarbeid med v\u00e5re tr\u00e5kkemaskinf\u00f8rere. Mesteparten av jobben vil foreg\u00e5 torsdag-s\u00f8ndag + ekstra i ferier. Ved behov vil man ogs\u00e5 kunne jobbe noe kveld. <o:p><\/o:p><\/span><\/p>\n<p style=\"margin-top: 0cm; background: white;\"><span style=\"font-size: 13.5pt; font-family: 'Arial',sans-serif; color: black;\">Det er snakk om deltidsstilling, 50 %. <br>\n<o:p><\/o:p><\/span><span style=\"font-size: 13.5pt; font-family: 'Arial',sans-serif; color: black;\">Jobben kan evt. kombineres med stilling som deltid heisvert om du er interessert i en 100 % stilling.<o:p><\/o:p><\/span><\/p>\n<p><strong>Arbeidsoppgaver<\/strong><\/p>\n<ul>\n<li>Shaping, vedlikehold av park\/ elementer<\/li>\n<li>Diverse forfallende<\/li>\n<\/ul>\n<p><strong>Deltidsstilling<\/strong><strong><br>\n<\/strong>Arbeidstid: Turnusarbeid i helger\/ ferier. <br>\nDu m\u00e5 v\u00e6re over 16 \u00e5r.<strong> <\/strong><\/p>\n<p><strong>Kvalifikasjoner<\/strong><\/p>\n<ul>\n<li>Gode samarbeidsevner<\/li>\n<li>Trives med fysisk ute arbeid<\/li>\n<li>Gjerne erfaring fra lignende arbeid<\/li>\n<li>Du kan yte gode kundeservice<\/li>\n<li>Villig til \u00e5 l\u00e6re<\/li>\n<\/ul>\n<p><strong>Vi kan tilby<\/strong><\/p>\n<ul>\n<li>Gode l\u00f8nnsbetingelser, gratis sesongkort og gode personalrabatter<\/li>\n<li>Bistand med bosted<\/li>\n<li>N\u00e6rhet til fjellets aktiviteter<\/li>\n<li>En variert, og til tider hektisk hverdag<\/li>\n<li>En spennende arbeidsplass i stadig utvikling<\/li>\n<li>Godt felleskap med fantastiske kollegaer<\/li>\n<\/ul>\n<p><strong>Ansettelsesperiode\/-form:<br>\n<\/strong>Sesongstilling fra desember-april.<\/p>\n<p><strong>Arbeidstid:<br>\n<\/strong>25-40t\/ uke, varierende arbeidstid b\u00e5de hverdag, helg og ferie.<\/p>\n<p><strong>S\u00f8knadsfrist:<br>\n<\/strong>L\u00f8pende, men senest 2.november.<\/p>\n<p>Ved eventuelle sp\u00f8rsm\u00e5l eller mer informasjon, ta kontakt med:<br>\n<span>Driftsleder: H\u00e5vard Bj\u00f8rke- 97095162\/&nbsp;<\/span><span>hb@raulandskisenter.no<\/span><\/p>\n<p><span><strong>Slik s\u00f8ker du<\/strong><br>\nSend oss en s\u00f8knad med bilde, CV og kompetansebevis til <\/span><a href=\"mailto:jobb@raulandskisenter.no\">jobb@raulandskisenter.no.<\/a><br>\nMerk s\u00f8knaden med &laquo;Jobbs\u00f8knad 2026&raquo;.<\/p>\n<p>Vi gleder oss til \u00e5 h\u00f8re fra deg! Velkommen som s\u00f8ker<\/p>\n<\/div><\/div><\/div><\/div><\/div>\n","protected":false},"excerpt":{"rendered":"","protected":false},"author":10,"featured_media":0,"parent":438,"menu_order":0,"comment_status":"closed","ping_status":"closed","template":"","meta":{"_relevanssi_hide_post":"","_relevanssi_hide_content":"","_relevanssi_pin_for_all":"","_relevanssi_pin_keywords":"","_relevanssi_unpin_keywords":"","_relevanssi_related_keywords":"","_relevanssi_related_include_ids":"","_relevanssi_related_exclude_ids":"","_relevanssi_related_no_append":"","_relevanssi_related_not_related":"","_relevanssi_related_posts":"","_relevanssi_noindex_reason":"","seo_booster_metabox":"","footnotes":""},"class_list":["post-9507","page","type-page","status-publish","hentry","no-post-thumbnail"],"yoast_head":"<!-- This site is optimized with the Yoast SEO plugin v27.2 - https:\/\/yoast.com\/product\/yoast-seo-wordpress\/ -->\n<title>Ledig stilling - Parkshaper - Rauland Skisenter<\/title>\n<meta name=\"robots\" content=\"index, follow, max-snippet:-1, max-image-preview:large, max-video-preview:-1\" \/>\n<link rel=\"canonical\" href=\"https:\/\/visitrauland.com\/rauland-skisenter\/stillinger\/parkshaper\/\" \/>\n<meta property=\"og:locale\" content=\"nb_NO\" \/>\n<meta property=\"og:type\" content=\"article\" \/>\n<meta property=\"og:title\" content=\"Ledig stilling - Parkshaper - Rauland Skisenter\" \/>\n<meta property=\"og:url\" content=\"https:\/\/visitrauland.com\/rauland-skisenter\/stillinger\/parkshaper\/\" \/>\n<meta property=\"og:site_name\" content=\"Rauland Skisenter\" \/>\n<meta property=\"article:modified_time\" content=\"2025-10-20T12:38:00+00:00\" \/>\n<meta name=\"twitter:card\" content=\"summary_large_image\" \/>\n<meta name=\"twitter:label1\" content=\"Ansl. lesetid\" \/>\n\t<meta name=\"twitter:data1\" content=\"2 minutter\" \/>\n<script type=\"application\/ld+json\" class=\"yoast-schema-graph\">{\"@context\":\"https:\/\/schema.org\",\"@graph\":[{\"@type\":\"WebPage\",\"@id\":\"https:\/\/visitrauland.com\/rauland-skisenter\/stillinger\/parkshaper\/\",\"url\":\"https:\/\/visitrauland.com\/rauland-skisenter\/stillinger\/parkshaper\/\",\"name\":\"Ledig stilling - Parkshaper - Rauland Skisenter\",\"isPartOf\":{\"@id\":\"https:\/\/visitrauland.com\/rauland-skisenter\/#website\"},\"datePublished\":\"2024-10-21T17:18:28+00:00\",\"dateModified\":\"2025-10-20T12:38:00+00:00\",\"breadcrumb\":{\"@id\":\"https:\/\/visitrauland.com\/rauland-skisenter\/stillinger\/parkshaper\/#breadcrumb\"},\"inLanguage\":\"nb-NO\",\"potentialAction\":[{\"@type\":\"ReadAction\",\"target\":[\"https:\/\/visitrauland.com\/rauland-skisenter\/stillinger\/parkshaper\/\"]}]},{\"@type\":\"BreadcrumbList\",\"@id\":\"https:\/\/visitrauland.com\/rauland-skisenter\/stillinger\/parkshaper\/#breadcrumb\",\"itemListElement\":[{\"@type\":\"ListItem\",\"position\":1,\"name\":\"Hjem\",\"item\":\"https:\/\/visitrauland.com\/rauland-skisenter\/\"},{\"@type\":\"ListItem\",\"position\":2,\"name\":\"Ledige stillinger\",\"item\":\"https:\/\/visitrauland.com\/rauland-skisenter\/stillinger\/\"},{\"@type\":\"ListItem\",\"position\":3,\"name\":\"Ledig stilling &#8211; Parkshaper\"}]},{\"@type\":\"WebSite\",\"@id\":\"https:\/\/visitrauland.com\/rauland-skisenter\/#website\",\"url\":\"https:\/\/visitrauland.com\/rauland-skisenter\/\",\"name\":\"Rauland Skisenter\",\"description\":\"Aktiviteter for hele familien!\",\"potentialAction\":[{\"@type\":\"SearchAction\",\"target\":{\"@type\":\"EntryPoint\",\"urlTemplate\":\"https:\/\/visitrauland.com\/rauland-skisenter\/?s={search_term_string}\"},\"query-input\":{\"@type\":\"PropertyValueSpecification\",\"valueRequired\":true,\"valueName\":\"search_term_string\"}}],\"inLanguage\":\"nb-NO\"}]}<\/script>\n<!-- \/ Yoast SEO plugin. -->","yoast_head_json":{"title":"Ledig stilling - Parkshaper - Rauland Skisenter","robots":{"index":"index","follow":"follow","max-snippet":"max-snippet:-1","max-image-preview":"max-image-preview:large","max-video-preview":"max-video-preview:-1"},"canonical":"https:\/\/visitrauland.com\/rauland-skisenter\/stillinger\/parkshaper\/","og_locale":"nb_NO","og_type":"article","og_title":"Ledig stilling - Parkshaper - Rauland Skisenter","og_url":"https:\/\/visitrauland.com\/rauland-skisenter\/stillinger\/parkshaper\/","og_site_name":"Rauland Skisenter","article_modified_time":"2025-10-20T12:38:00+00:00","twitter_card":"summary_large_image","twitter_misc":{"Ansl. lesetid":"2 minutter"},"schema":{"@context":"https:\/\/schema.org","@graph":[{"@type":"WebPage","@id":"https:\/\/visitrauland.com\/rauland-skisenter\/stillinger\/parkshaper\/","url":"https:\/\/visitrauland.com\/rauland-skisenter\/stillinger\/parkshaper\/","name":"Ledig stilling - Parkshaper - Rauland Skisenter","isPartOf":{"@id":"https:\/\/visitrauland.com\/rauland-skisenter\/#website"},"datePublished":"2024-10-21T17:18:28+00:00","dateModified":"2025-10-20T12:38:00+00:00","breadcrumb":{"@id":"https:\/\/visitrauland.com\/rauland-skisenter\/stillinger\/parkshaper\/#breadcrumb"},"inLanguage":"nb-NO","potentialAction":[{"@type":"ReadAction","target":["https:\/\/visitrauland.com\/rauland-skisenter\/stillinger\/parkshaper\/"]}]},{"@type":"BreadcrumbList","@id":"https:\/\/visitrauland.com\/rauland-skisenter\/stillinger\/parkshaper\/#breadcrumb","itemListElement":[{"@type":"ListItem","position":1,"name":"Hjem","item":"https:\/\/visitrauland.com\/rauland-skisenter\/"},{"@type":"ListItem","position":2,"name":"Ledige stillinger","item":"https:\/\/visitrauland.com\/rauland-skisenter\/stillinger\/"},{"@type":"ListItem","position":3,"name":"Ledig stilling &#8211; Parkshaper"}]},{"@type":"WebSite","@id":"https:\/\/visitrauland.com\/rauland-skisenter\/#website","url":"https:\/\/visitrauland.com\/rauland-skisenter\/","name":"Rauland Skisenter","description":"Aktiviteter for hele familien!","potentialAction":[{"@type":"SearchAction","target":{"@type":"EntryPoint","urlTemplate":"https:\/\/visitrauland.com\/rauland-skisenter\/?s={search_term_string}"},"query-input":{"@type":"PropertyValueSpecification","valueRequired":true,"valueName":"search_term_string"}}],"inLanguage":"nb-NO"}]}},"publishpress_future_action":{"enabled":false,"date":"2026-04-14 15:07:49","action":"change-status","newStatus":"draft","terms":[],"taxonomy":"","extraData":[]},"publishpress_future_workflow_manual_trigger":{"enabledWorkflows":[]},"_links":{"self":[{"href":"https:\/\/visitrauland.com\/rauland-skisenter\/wp-json\/wp\/v2\/pages\/9507","targetHints":{"allow":["GET"]}}],"collection":[{"href":"https:\/\/visitrauland.com\/rauland-skisenter\/wp-json\/wp\/v2\/pages"}],"about":[{"href":"https:\/\/visitrauland.com\/rauland-skisenter\/wp-json\/wp\/v2\/types\/page"}],"author":[{"embeddable":true,"href":"https:\/\/visitrauland.com\/rauland-skisenter\/wp-json\/wp\/v2\/users\/10"}],"replies":[{"embeddable":true,"href":"https:\/\/visitrauland.com\/rauland-skisenter\/wp-json\/wp\/v2\/comments?post=9507"}],"version-history":[{"count":8,"href":"https:\/\/visitrauland.com\/rauland-skisenter\/wp-json\/wp\/v2\/pages\/9507\/revisions"}],"predecessor-version":[{"id":10523,"href":"https:\/\/visitrauland.com\/rauland-skisenter\/wp-json\/wp\/v2\/pages\/9507\/revisions\/10523"}],"up":[{"embeddable":true,"href":"https:\/\/visitrauland.com\/rauland-skisenter\/wp-json\/wp\/v2\/pages\/438"}],"wp:attachment":[{"href":"https:\/\/visitrauland.com\/rauland-skisenter\/wp-json\/wp\/v2\/media?parent=9507"}],"curies":[{"name":"wp","href":"https:\/\/api.w.org\/{rel}","templated":true}]}}