{"id":9320,"date":"2024-06-17T18:14:55","date_gmt":"2024-06-17T16:14:55","guid":{"rendered":"https:\/\/visitrauland.com\/rauland-skisenter\/?page_id=9320"},"modified":"2025-09-20T10:16:56","modified_gmt":"2025-09-20T08:16:56","slug":"leder-skipatrulje","status":"publish","type":"page","link":"https:\/\/visitrauland.com\/rauland-skisenter\/stillinger\/leder-skipatrulje\/","title":{"rendered":"Ledig stilling &#8211; Leder skipatrulje"},"content":{"rendered":"<div id=\"cs-content\" class=\"cs-content\"><div id=\"x-section-1\" class=\"x-section\" style=\"margin: 0px;padding: 0px; background-color: transparent;\"><div id class=\"x-container\" style=\"margin: 0px auto;padding: 0px;\"><div class=\"x-column x-sm x-1-1\" style=\"padding: 0px;\"><noscript><img decoding=\"async\" class=\"x-img x-img-none\" src=\"https:\/\/visitrauland.com\/rauland-skisenter\/wp-content\/uploads\/sites\/18\/2024\/06\/DSC09907_1920_1718641401.jpg\"><\/noscript><img decoding=\"async\" class=\"x-img x-img-none lazyload\" src=\"data:image\/gif;base64,R0lGODlhAQABAIAAAAAAAP\/\/\/yH5BAEAAAAALAAAAAABAAEAAAIBRAA7\" data-src=\"https:\/\/visitrauland.com\/rauland-skisenter\/wp-content\/uploads\/sites\/18\/2024\/06\/DSC09907_1920_1718641401.jpg\"><\/div><\/div><div id class=\"x-container\" style=\"margin: 0px auto;padding: 0px;\"><div class=\"x-column x-sm x-1-1\" style=\"padding: 0px;\"><div id class=\"x-text\" style><p>Vi gj\u00f8r oss klar til en ny skisesong p\u00e5 Rauland, og s\u00f8ker n\u00e5 etter en leder som skal arbeide med redning, f\u00f8rstehjelp og forebyggende sikkerhetsarbeid i anlegget. Skipatruljen i Rauland Skisenter skal gi god f\u00f8rstehjelp, og sk\u00e5nsom og sikker transport av v\u00e5re gjester. Vi har en h\u00f8y og trygg beredskap knyttet til en eventuell redning fra v\u00e5re stolheiser.<\/p>\n<p>Vi ser etter deg som elsker \u00e5 jobbe ute, er serviceinnstilt og god til \u00e5 kommunisere. Det at du har erfaring fra lignende arbeid som aktiv i R\u00f8de Kors eller arbeid med skadeh\u00e5ndtering og f\u00f8rstehjelp er en stor fordel.<\/p>\n<p>Du er en synlig representant ute i anlegget, oftest p\u00e5 sn\u00f8scooter, men ogs\u00e5 p\u00e5 ski. Du m\u00e5 kunne jobbe selvstendig, men fungerer ogs\u00e5 bra i team. En stor del av arbeidet best\u00e5r i \u00e5 forbygge skader. Du sikrer l\u00f8yper, setter opp gjerder, nett og skilt og holder dette vedlike gjennom sesongen. Annet forefallende driftsarbeid vil ogs\u00e5 tilfalle stillingen.&nbsp;<br>\nDu m\u00e5 kunne arbeide i h\u00f8yden da stillingen inng\u00e5r i bedriftens redningsberedskap.<strong><br>\n<\/strong><\/p>\n<p><strong>Arbeidsoppgaver<\/strong><\/p>\n<ul>\n<li>Leder for skadeh\u00e5ndtering og skaderegistrering.<\/li>\n<li>Ansvar for sikkerhetsarbeidet i nedfarter (stikking av l\u00f8yper, gj\u00e6rer og polstringer)<\/li>\n<li>Ansvar for innkj\u00f8p av bedriftens f\u00f8rstehjelpsutstyr<\/li>\n<li>Oppl\u00e6ring\/ samhandling med andre i skipatruljen<\/li>\n<li>Klatring<\/li>\n<\/ul>\n<p><strong>Heltidsstilling<br>\n<\/strong>Stillingen er en heltidsstilling for vintersesong. Stillingen kan utvides for den rette kandidaten. Stillingen inng\u00e5r i alpinanleggets turnus. Arbeid i ferier og helger m\u00e5 p\u00e5regnes.<\/p>\n<p><strong>Kvalifikasjoner<\/strong><\/p>\n<ul>\n<li>Du har god fysisk helse<\/li>\n<li>Du er ansvarsfull og l\u00f8sningsorientert<\/li>\n<li>Du har gode samarbeidsegenskaper<\/li>\n<li>Du har gode kommunikasjonsferdigheter i norsk\/skandinavisk og engelsk<\/li>\n<li>Du kan h\u00e5ndtere stress og h\u00f8yt tempo<\/li>\n<li>Tidligere erfaring fra bransjen, andre lignende servicejobber og gode referanser er et stort pluss.<\/li>\n<li>Tekniske\/ praktiske ferdigheter er en fordel<\/li>\n<li>Om mulig f\u00f8rerkort klasse S (Eller s\u00e5 tar du dette snarest mulig)<\/li>\n<li>F\u00f8rerkort klasse B<\/li>\n<\/ul>\n<p><strong>Vi kan tilby<\/strong><\/p>\n<ul>\n<li>Gode l\u00f8nnsbetingelser, gratis sesongkort og gode personalrabatter<\/li>\n<li>Bistand med bosted<\/li>\n<li>N\u00e6rhet til fjellets aktiviteter<\/li>\n<li>En variert, og til tider hektisk hverdag<\/li>\n<li>En spennende arbeidsplass i stadig utvikling<\/li>\n<li>Godt felleskap med fantastiske kollegaer<\/li>\n<\/ul>\n<p><strong>Ansettelsesperiode:<br>\n<\/strong>1.november.<\/p>\n<p><strong>S\u00f8knadsfrist<br>\n<\/strong>Snarest men senest 1.oktober.<\/p>\n<p>Ved eventuelle sp\u00f8rsm\u00e5l eller mer informasjon, ta kontakt med:<br>\nDriftsleder: H\u00e5vard Bj\u00f8rke- 97095162\/ hb@raulandskisenter.no<\/p>\n<p><strong>Slik s\u00f8ker du<\/strong><br>\n<span>Send oss en s\u00f8knad med bilde, CV og kompetansebevis til <\/span><a href=\"mailto:jobb@raulandskisenter.no\">jobb@raulandskisenter.no.<\/a><br>\nMerk s\u00f8knaden med &laquo;Jobbs\u00f8knad skipatrulje&raquo;.<\/p>\n<p>Vi gleder oss til \u00e5 h\u00f8re fra deg! Velkommen som s\u00f8ker<\/p>\n<p class=\"m_-928143146573853963MsoListParagraph\"><a href=\"\/rauland-skisenter\/stilling\/\"><strong>\u00bb Tilbake til Ledige stillinger<\/strong><\/a><\/p>\n<\/div><\/div><\/div><\/div><\/div>\n","protected":false},"excerpt":{"rendered":"","protected":false},"author":10,"featured_media":0,"parent":438,"menu_order":0,"comment_status":"closed","ping_status":"closed","template":"","meta":{"_relevanssi_hide_post":"","_relevanssi_hide_content":"","_relevanssi_pin_for_all":"","_relevanssi_pin_keywords":"","_relevanssi_unpin_keywords":"","_relevanssi_related_keywords":"","_relevanssi_related_include_ids":"","_relevanssi_related_exclude_ids":"","_relevanssi_related_no_append":"","_relevanssi_related_not_related":"","_relevanssi_related_posts":"","_relevanssi_noindex_reason":"","seo_booster_metabox":"","footnotes":""},"class_list":["post-9320","page","type-page","status-publish","hentry","no-post-thumbnail"],"yoast_head":"<!-- This site is optimized with the Yoast SEO plugin v27.2 - https:\/\/yoast.com\/product\/yoast-seo-wordpress\/ -->\n<title>Ledig stilling - Leder skipatrulje - Rauland Skisenter<\/title>\n<meta name=\"robots\" content=\"index, follow, max-snippet:-1, max-image-preview:large, max-video-preview:-1\" \/>\n<link rel=\"canonical\" href=\"https:\/\/visitrauland.com\/rauland-skisenter\/stillinger\/leder-skipatrulje\/\" \/>\n<meta property=\"og:locale\" content=\"nb_NO\" \/>\n<meta property=\"og:type\" content=\"article\" \/>\n<meta property=\"og:title\" content=\"Ledig stilling - Leder skipatrulje - Rauland Skisenter\" \/>\n<meta property=\"og:url\" content=\"https:\/\/visitrauland.com\/rauland-skisenter\/stillinger\/leder-skipatrulje\/\" \/>\n<meta property=\"og:site_name\" content=\"Rauland Skisenter\" \/>\n<meta property=\"article:modified_time\" content=\"2025-09-20T08:16:56+00:00\" \/>\n<meta name=\"twitter:card\" content=\"summary_large_image\" \/>\n<meta name=\"twitter:label1\" content=\"Ansl. lesetid\" \/>\n\t<meta name=\"twitter:data1\" content=\"2 minutter\" \/>\n<script type=\"application\/ld+json\" class=\"yoast-schema-graph\">{\"@context\":\"https:\/\/schema.org\",\"@graph\":[{\"@type\":\"WebPage\",\"@id\":\"https:\/\/visitrauland.com\/rauland-skisenter\/stillinger\/leder-skipatrulje\/\",\"url\":\"https:\/\/visitrauland.com\/rauland-skisenter\/stillinger\/leder-skipatrulje\/\",\"name\":\"Ledig stilling - Leder skipatrulje - Rauland Skisenter\",\"isPartOf\":{\"@id\":\"https:\/\/visitrauland.com\/rauland-skisenter\/#website\"},\"datePublished\":\"2024-06-17T16:14:55+00:00\",\"dateModified\":\"2025-09-20T08:16:56+00:00\",\"breadcrumb\":{\"@id\":\"https:\/\/visitrauland.com\/rauland-skisenter\/stillinger\/leder-skipatrulje\/#breadcrumb\"},\"inLanguage\":\"nb-NO\",\"potentialAction\":[{\"@type\":\"ReadAction\",\"target\":[\"https:\/\/visitrauland.com\/rauland-skisenter\/stillinger\/leder-skipatrulje\/\"]}]},{\"@type\":\"BreadcrumbList\",\"@id\":\"https:\/\/visitrauland.com\/rauland-skisenter\/stillinger\/leder-skipatrulje\/#breadcrumb\",\"itemListElement\":[{\"@type\":\"ListItem\",\"position\":1,\"name\":\"Hjem\",\"item\":\"https:\/\/visitrauland.com\/rauland-skisenter\/\"},{\"@type\":\"ListItem\",\"position\":2,\"name\":\"Ledige stillinger\",\"item\":\"https:\/\/visitrauland.com\/rauland-skisenter\/stillinger\/\"},{\"@type\":\"ListItem\",\"position\":3,\"name\":\"Ledig stilling &#8211; Leder skipatrulje\"}]},{\"@type\":\"WebSite\",\"@id\":\"https:\/\/visitrauland.com\/rauland-skisenter\/#website\",\"url\":\"https:\/\/visitrauland.com\/rauland-skisenter\/\",\"name\":\"Rauland Skisenter\",\"description\":\"Aktiviteter for hele familien!\",\"potentialAction\":[{\"@type\":\"SearchAction\",\"target\":{\"@type\":\"EntryPoint\",\"urlTemplate\":\"https:\/\/visitrauland.com\/rauland-skisenter\/?s={search_term_string}\"},\"query-input\":{\"@type\":\"PropertyValueSpecification\",\"valueRequired\":true,\"valueName\":\"search_term_string\"}}],\"inLanguage\":\"nb-NO\"}]}<\/script>\n<!-- \/ Yoast SEO plugin. -->","yoast_head_json":{"title":"Ledig stilling - Leder skipatrulje - Rauland Skisenter","robots":{"index":"index","follow":"follow","max-snippet":"max-snippet:-1","max-image-preview":"max-image-preview:large","max-video-preview":"max-video-preview:-1"},"canonical":"https:\/\/visitrauland.com\/rauland-skisenter\/stillinger\/leder-skipatrulje\/","og_locale":"nb_NO","og_type":"article","og_title":"Ledig stilling - Leder skipatrulje - Rauland Skisenter","og_url":"https:\/\/visitrauland.com\/rauland-skisenter\/stillinger\/leder-skipatrulje\/","og_site_name":"Rauland Skisenter","article_modified_time":"2025-09-20T08:16:56+00:00","twitter_card":"summary_large_image","twitter_misc":{"Ansl. lesetid":"2 minutter"},"schema":{"@context":"https:\/\/schema.org","@graph":[{"@type":"WebPage","@id":"https:\/\/visitrauland.com\/rauland-skisenter\/stillinger\/leder-skipatrulje\/","url":"https:\/\/visitrauland.com\/rauland-skisenter\/stillinger\/leder-skipatrulje\/","name":"Ledig stilling - Leder skipatrulje - Rauland Skisenter","isPartOf":{"@id":"https:\/\/visitrauland.com\/rauland-skisenter\/#website"},"datePublished":"2024-06-17T16:14:55+00:00","dateModified":"2025-09-20T08:16:56+00:00","breadcrumb":{"@id":"https:\/\/visitrauland.com\/rauland-skisenter\/stillinger\/leder-skipatrulje\/#breadcrumb"},"inLanguage":"nb-NO","potentialAction":[{"@type":"ReadAction","target":["https:\/\/visitrauland.com\/rauland-skisenter\/stillinger\/leder-skipatrulje\/"]}]},{"@type":"BreadcrumbList","@id":"https:\/\/visitrauland.com\/rauland-skisenter\/stillinger\/leder-skipatrulje\/#breadcrumb","itemListElement":[{"@type":"ListItem","position":1,"name":"Hjem","item":"https:\/\/visitrauland.com\/rauland-skisenter\/"},{"@type":"ListItem","position":2,"name":"Ledige stillinger","item":"https:\/\/visitrauland.com\/rauland-skisenter\/stillinger\/"},{"@type":"ListItem","position":3,"name":"Ledig stilling &#8211; Leder skipatrulje"}]},{"@type":"WebSite","@id":"https:\/\/visitrauland.com\/rauland-skisenter\/#website","url":"https:\/\/visitrauland.com\/rauland-skisenter\/","name":"Rauland Skisenter","description":"Aktiviteter for hele familien!","potentialAction":[{"@type":"SearchAction","target":{"@type":"EntryPoint","urlTemplate":"https:\/\/visitrauland.com\/rauland-skisenter\/?s={search_term_string}"},"query-input":{"@type":"PropertyValueSpecification","valueRequired":true,"valueName":"search_term_string"}}],"inLanguage":"nb-NO"}]}},"publishpress_future_action":{"enabled":false,"date":"2026-04-14 15:09:35","action":"change-status","newStatus":"draft","terms":[],"taxonomy":"","extraData":[]},"publishpress_future_workflow_manual_trigger":{"enabledWorkflows":[]},"_links":{"self":[{"href":"https:\/\/visitrauland.com\/rauland-skisenter\/wp-json\/wp\/v2\/pages\/9320","targetHints":{"allow":["GET"]}}],"collection":[{"href":"https:\/\/visitrauland.com\/rauland-skisenter\/wp-json\/wp\/v2\/pages"}],"about":[{"href":"https:\/\/visitrauland.com\/rauland-skisenter\/wp-json\/wp\/v2\/types\/page"}],"author":[{"embeddable":true,"href":"https:\/\/visitrauland.com\/rauland-skisenter\/wp-json\/wp\/v2\/users\/10"}],"replies":[{"embeddable":true,"href":"https:\/\/visitrauland.com\/rauland-skisenter\/wp-json\/wp\/v2\/comments?post=9320"}],"version-history":[{"count":14,"href":"https:\/\/visitrauland.com\/rauland-skisenter\/wp-json\/wp\/v2\/pages\/9320\/revisions"}],"predecessor-version":[{"id":10482,"href":"https:\/\/visitrauland.com\/rauland-skisenter\/wp-json\/wp\/v2\/pages\/9320\/revisions\/10482"}],"up":[{"embeddable":true,"href":"https:\/\/visitrauland.com\/rauland-skisenter\/wp-json\/wp\/v2\/pages\/438"}],"wp:attachment":[{"href":"https:\/\/visitrauland.com\/rauland-skisenter\/wp-json\/wp\/v2\/media?parent=9320"}],"curies":[{"name":"wp","href":"https:\/\/api.w.org\/{rel}","templated":true}]}}