{"id":9056,"date":"2024-02-26T16:28:50","date_gmt":"2024-02-26T15:28:50","guid":{"rendered":"https:\/\/visitrauland.com\/rauland-skisenter\/?page_id=9056"},"modified":"2025-10-29T14:33:53","modified_gmt":"2025-10-29T13:33:53","slug":"ledsager","status":"publish","type":"page","link":"https:\/\/visitrauland.com\/rauland-skisenter\/ledsager\/","title":{"rendered":"Ledsager"},"content":{"rendered":"<div id=\"cs-content\" class=\"cs-content\"><div id=\"x-section-1\" class=\"x-section\" style=\"margin: 0px;padding: 0px; background-color: transparent;\"><div id class=\"x-container\" style=\"margin: 0px auto;padding: 0px;\"><div class=\"x-column x-sm x-1-1\" style=\"padding: 0px;\"><noscript><img decoding=\"async\" class=\"x-img x-img-none\" src=\"https:\/\/visitrauland.com\/rauland-skisenter\/wp-content\/uploads\/sites\/18\/2023\/03\/hustveit_skisenteret021_DannyTwang_1920.jpg\"><\/noscript><img decoding=\"async\" class=\"x-img x-img-none lazyload\" src=\"data:image\/gif;base64,R0lGODlhAQABAIAAAAAAAP\/\/\/yH5BAEAAAAALAAAAAABAAEAAAIBRAA7\" data-src=\"https:\/\/visitrauland.com\/rauland-skisenter\/wp-content\/uploads\/sites\/18\/2023\/03\/hustveit_skisenteret021_DannyTwang_1920.jpg\"><\/div><\/div><div id class=\"x-container\" style=\"margin: 0px auto;padding: 0px;\"><\/div><\/div><div id=\"x-section-2\" class=\"x-section\" style=\"margin: 0px;padding: 0px; background-color: transparent;\"><div id class=\"x-container\" style=\"margin: 0px auto;padding: 0px;\"><div class=\"x-column x-sm x-1-1\" style=\"padding: 0px;\"><hr class=\"x-line e9056-e9 m6zk-0\"><div id class=\"x-text\" style><p>Som ledsager er du ogs\u00e5 hjertelig velkommen til oss. Ordningen er litt endret fra tidligere og vi ber deg lese om<a href=\"https:\/\/visitrauland.com\/rauland-skisenter\/wp-content\/uploads\/sites\/18\/2025\/10\/Ledsager25_1761744813.pdf\"><strong>&nbsp;ledsager-ordningen her (PDF)<\/strong><\/a><\/p>\n<p>Har du \u00f8vrige sp\u00f8rsm\u00e5l om ordningen, kontakt oss p\u00e5 telefon 35 07 23 00 eller <strong><a href=\"post@raulandskisenter.no\">e-post.<\/a><\/strong><\/p>\n<\/div><\/div><\/div><\/div><\/div>\n","protected":false},"excerpt":{"rendered":"<p>Som ledsager er du ogs\u00e5 hjertelig velkommen til oss. Ordningen er litt endret fra tidligere og vi ber deg lese om&nbsp;ledsager-ordningen her (PDF) Har du \u00f8vrige sp\u00f8rsm\u00e5l om ordningen, kontakt oss p\u00e5 telefon 35 07 23 00 eller e-post.<\/p>\n","protected":false},"author":10,"featured_media":0,"parent":0,"menu_order":0,"comment_status":"closed","ping_status":"closed","template":"","meta":{"_relevanssi_hide_post":"","_relevanssi_hide_content":"","_relevanssi_pin_for_all":"","_relevanssi_pin_keywords":"","_relevanssi_unpin_keywords":"","_relevanssi_related_keywords":"","_relevanssi_related_include_ids":"","_relevanssi_related_exclude_ids":"","_relevanssi_related_no_append":"","_relevanssi_related_not_related":"","_relevanssi_related_posts":"","_relevanssi_noindex_reason":"","seo_booster_metabox":"","footnotes":""},"class_list":["post-9056","page","type-page","status-publish","hentry","no-post-thumbnail"],"yoast_head":"<!-- This site is optimized with the Yoast SEO plugin v27.5 - https:\/\/yoast.com\/product\/yoast-seo-wordpress\/ -->\n<title>Ledsager - Rauland Skisenter<\/title>\n<meta name=\"robots\" content=\"index, follow, max-snippet:-1, max-image-preview:large, max-video-preview:-1\" \/>\n<link rel=\"canonical\" href=\"https:\/\/visitrauland.com\/rauland-skisenter\/ledsager\/\" \/>\n<meta property=\"og:locale\" content=\"nb_NO\" \/>\n<meta property=\"og:type\" content=\"article\" \/>\n<meta property=\"og:title\" content=\"Ledsager - Rauland Skisenter\" \/>\n<meta property=\"og:description\" content=\"Som ledsager er du ogs\u00e5 hjertelig velkommen til oss. Ordningen er litt endret fra tidligere og vi ber deg lese om&nbsp;ledsager-ordningen her (PDF) Har du \u00f8vrige sp\u00f8rsm\u00e5l om ordningen, kontakt oss p\u00e5 telefon 35 07 23 00 eller e-post.\" \/>\n<meta property=\"og:url\" content=\"https:\/\/visitrauland.com\/rauland-skisenter\/ledsager\/\" \/>\n<meta property=\"og:site_name\" content=\"Rauland Skisenter\" \/>\n<meta property=\"article:modified_time\" content=\"2025-10-29T13:33:53+00:00\" \/>\n<meta name=\"twitter:card\" content=\"summary_large_image\" \/>\n<meta name=\"twitter:label1\" content=\"Ansl. lesetid\" \/>\n\t<meta name=\"twitter:data1\" content=\"1 minutt\" \/>\n<script type=\"application\/ld+json\" class=\"yoast-schema-graph\">{\"@context\":\"https:\\\/\\\/schema.org\",\"@graph\":[{\"@type\":\"WebPage\",\"@id\":\"https:\\\/\\\/visitrauland.com\\\/rauland-skisenter\\\/ledsager\\\/\",\"url\":\"https:\\\/\\\/visitrauland.com\\\/rauland-skisenter\\\/ledsager\\\/\",\"name\":\"Ledsager - Rauland Skisenter\",\"isPartOf\":{\"@id\":\"https:\\\/\\\/visitrauland.com\\\/rauland-skisenter\\\/#website\"},\"datePublished\":\"2024-02-26T15:28:50+00:00\",\"dateModified\":\"2025-10-29T13:33:53+00:00\",\"breadcrumb\":{\"@id\":\"https:\\\/\\\/visitrauland.com\\\/rauland-skisenter\\\/ledsager\\\/#breadcrumb\"},\"inLanguage\":\"nb-NO\",\"potentialAction\":[{\"@type\":\"ReadAction\",\"target\":[\"https:\\\/\\\/visitrauland.com\\\/rauland-skisenter\\\/ledsager\\\/\"]}]},{\"@type\":\"BreadcrumbList\",\"@id\":\"https:\\\/\\\/visitrauland.com\\\/rauland-skisenter\\\/ledsager\\\/#breadcrumb\",\"itemListElement\":[{\"@type\":\"ListItem\",\"position\":1,\"name\":\"Hjem\",\"item\":\"https:\\\/\\\/visitrauland.com\\\/rauland-skisenter\\\/\"},{\"@type\":\"ListItem\",\"position\":2,\"name\":\"Ledsager\"}]},{\"@type\":\"WebSite\",\"@id\":\"https:\\\/\\\/visitrauland.com\\\/rauland-skisenter\\\/#website\",\"url\":\"https:\\\/\\\/visitrauland.com\\\/rauland-skisenter\\\/\",\"name\":\"Rauland Skisenter\",\"description\":\"Aktiviteter for hele familien!\",\"potentialAction\":[{\"@type\":\"SearchAction\",\"target\":{\"@type\":\"EntryPoint\",\"urlTemplate\":\"https:\\\/\\\/visitrauland.com\\\/rauland-skisenter\\\/?s={search_term_string}\"},\"query-input\":{\"@type\":\"PropertyValueSpecification\",\"valueRequired\":true,\"valueName\":\"search_term_string\"}}],\"inLanguage\":\"nb-NO\"}]}<\/script>\n<!-- \/ Yoast SEO plugin. -->","yoast_head_json":{"title":"Ledsager - Rauland Skisenter","robots":{"index":"index","follow":"follow","max-snippet":"max-snippet:-1","max-image-preview":"max-image-preview:large","max-video-preview":"max-video-preview:-1"},"canonical":"https:\/\/visitrauland.com\/rauland-skisenter\/ledsager\/","og_locale":"nb_NO","og_type":"article","og_title":"Ledsager - Rauland Skisenter","og_description":"Som ledsager er du ogs\u00e5 hjertelig velkommen til oss. Ordningen er litt endret fra tidligere og vi ber deg lese om&nbsp;ledsager-ordningen her (PDF) Har du \u00f8vrige sp\u00f8rsm\u00e5l om ordningen, kontakt oss p\u00e5 telefon 35 07 23 00 eller e-post.","og_url":"https:\/\/visitrauland.com\/rauland-skisenter\/ledsager\/","og_site_name":"Rauland Skisenter","article_modified_time":"2025-10-29T13:33:53+00:00","twitter_card":"summary_large_image","twitter_misc":{"Ansl. lesetid":"1 minutt"},"schema":{"@context":"https:\/\/schema.org","@graph":[{"@type":"WebPage","@id":"https:\/\/visitrauland.com\/rauland-skisenter\/ledsager\/","url":"https:\/\/visitrauland.com\/rauland-skisenter\/ledsager\/","name":"Ledsager - Rauland Skisenter","isPartOf":{"@id":"https:\/\/visitrauland.com\/rauland-skisenter\/#website"},"datePublished":"2024-02-26T15:28:50+00:00","dateModified":"2025-10-29T13:33:53+00:00","breadcrumb":{"@id":"https:\/\/visitrauland.com\/rauland-skisenter\/ledsager\/#breadcrumb"},"inLanguage":"nb-NO","potentialAction":[{"@type":"ReadAction","target":["https:\/\/visitrauland.com\/rauland-skisenter\/ledsager\/"]}]},{"@type":"BreadcrumbList","@id":"https:\/\/visitrauland.com\/rauland-skisenter\/ledsager\/#breadcrumb","itemListElement":[{"@type":"ListItem","position":1,"name":"Hjem","item":"https:\/\/visitrauland.com\/rauland-skisenter\/"},{"@type":"ListItem","position":2,"name":"Ledsager"}]},{"@type":"WebSite","@id":"https:\/\/visitrauland.com\/rauland-skisenter\/#website","url":"https:\/\/visitrauland.com\/rauland-skisenter\/","name":"Rauland Skisenter","description":"Aktiviteter for hele familien!","potentialAction":[{"@type":"SearchAction","target":{"@type":"EntryPoint","urlTemplate":"https:\/\/visitrauland.com\/rauland-skisenter\/?s={search_term_string}"},"query-input":{"@type":"PropertyValueSpecification","valueRequired":true,"valueName":"search_term_string"}}],"inLanguage":"nb-NO"}]}},"publishpress_future_action":{"enabled":false,"date":"2026-05-09 07:11:28","action":"change-status","newStatus":"draft","terms":[],"taxonomy":"","extraData":[]},"publishpress_future_workflow_manual_trigger":{"enabledWorkflows":[]},"_links":{"self":[{"href":"https:\/\/visitrauland.com\/rauland-skisenter\/wp-json\/wp\/v2\/pages\/9056","targetHints":{"allow":["GET"]}}],"collection":[{"href":"https:\/\/visitrauland.com\/rauland-skisenter\/wp-json\/wp\/v2\/pages"}],"about":[{"href":"https:\/\/visitrauland.com\/rauland-skisenter\/wp-json\/wp\/v2\/types\/page"}],"author":[{"embeddable":true,"href":"https:\/\/visitrauland.com\/rauland-skisenter\/wp-json\/wp\/v2\/users\/10"}],"replies":[{"embeddable":true,"href":"https:\/\/visitrauland.com\/rauland-skisenter\/wp-json\/wp\/v2\/comments?post=9056"}],"version-history":[{"count":4,"href":"https:\/\/visitrauland.com\/rauland-skisenter\/wp-json\/wp\/v2\/pages\/9056\/revisions"}],"predecessor-version":[{"id":10551,"href":"https:\/\/visitrauland.com\/rauland-skisenter\/wp-json\/wp\/v2\/pages\/9056\/revisions\/10551"}],"wp:attachment":[{"href":"https:\/\/visitrauland.com\/rauland-skisenter\/wp-json\/wp\/v2\/media?parent=9056"}],"curies":[{"name":"wp","href":"https:\/\/api.w.org\/{rel}","templated":true}]}}