{"id":8985,"date":"2024-02-05T09:59:31","date_gmt":"2024-02-05T08:59:31","guid":{"rendered":"https:\/\/visitrauland.com\/rauland-skisenter\/?page_id=8985"},"modified":"2025-03-11T12:04:06","modified_gmt":"2025-03-11T11:04:06","slug":"pamelding-olbollerenn","status":"publish","type":"page","link":"https:\/\/visitrauland.com\/rauland-skisenter\/pamelding-olbollerenn\/","title":{"rendered":"P\u00e5melding til \u00f8lbollerenn"},"content":{"rendered":"<div id=\"cs-content\" class=\"cs-content\"><div id=\"x-section-1\" class=\"x-section\" style=\"margin: 0px;padding: 0px; background-color: transparent;\"><div id class=\"x-container\" style=\"margin: 0px auto;padding: 0px;\"><div class=\"x-column x-sm x-1-1\" style=\"padding: 0px;\"><div class=\"x-text x-content e8985-e4 m6xl-0\">\n<div class=\"wpcf7 no-js\" id=\"wpcf7-f8983-o1\" lang=\"nb-NO\" dir=\"ltr\" data-wpcf7-id=\"8983\">\n<div class=\"screen-reader-response\"><p role=\"status\" aria-live=\"polite\" aria-atomic=\"true\"><\/p> <ul><\/ul><\/div>\n<form action=\"\/rauland-skisenter\/wp-json\/wp\/v2\/pages\/8985#wpcf7-f8983-o1\" method=\"post\" class=\"wpcf7-form init\" aria-label=\"Kontaktskjema\" novalidate=\"novalidate\" data-status=\"init\">\n<fieldset class=\"hidden-fields-container\"><input type=\"hidden\" name=\"_wpcf7\" value=\"8983\"><input type=\"hidden\" name=\"_wpcf7_version\" value=\"6.1.5\"><input type=\"hidden\" name=\"_wpcf7_locale\" value=\"nb_NO\"><input type=\"hidden\" name=\"_wpcf7_unit_tag\" value=\"wpcf7-f8983-o1\"><input type=\"hidden\" name=\"_wpcf7_container_post\" value=\"0\"><input type=\"hidden\" name=\"_wpcf7_posted_data_hash\" value><input type=\"hidden\" name=\"_wpcf7_recaptcha_response\" value>\n<\/fieldset>\n<p>Dette er et renn for voksne, s\u00e5 vi \u00f8nsker at alle deltagere er over 18 \u00e5r.<br>\nPS! \u00d8nsker du \u00e5 melde p\u00e5 flere? Send inn ny p\u00e5melding pr deltager:\n<\/p>\n<p><label> Navn p\u00e5 deltaker<br>\n<span class=\"wpcf7-form-control-wrap\" data-name=\"navn\"><input size=\"40\" maxlength=\"400\" class=\"wpcf7-form-control wpcf7-text wpcf7-validates-as-required\" aria-required=\"true\" aria-invalid=\"false\" value type=\"text\" name=\"navn\"><\/span> <\/label>\n<\/p>\n<p><label> Alder<br>\n<span class=\"wpcf7-form-control-wrap\" data-name=\"alder\"><input size=\"40\" maxlength=\"400\" class=\"wpcf7-form-control wpcf7-text wpcf7-validates-as-required\" aria-required=\"true\" aria-invalid=\"false\" value type=\"text\" name=\"alder\"><\/span> <\/label>\n<\/p>\n<p><label> E-post<br>\n<span class=\"wpcf7-form-control-wrap\" data-name=\"epost\"><input size=\"40\" maxlength=\"400\" class=\"wpcf7-form-control wpcf7-email wpcf7-validates-as-required wpcf7-text wpcf7-validates-as-email\" aria-required=\"true\" aria-invalid=\"false\" value type=\"email\" name=\"epost\"><\/span> <\/label>\n<\/p>\n<p><label> Telefonnummer<br>\n<span class=\"wpcf7-form-control-wrap\" data-name=\"telefonnr\"><input size=\"40\" maxlength=\"400\" class=\"wpcf7-form-control wpcf7-text wpcf7-validates-as-required\" aria-required=\"true\" aria-invalid=\"false\" value type=\"text\" name=\"telefonnr\"><\/span> <\/label>\n<\/p>\n<p><label> Disiplin (velg):<br>\n<span class=\"wpcf7-form-control-wrap\" data-name=\"disiplin\"><select class=\"wpcf7-form-control wpcf7-select\" aria-invalid=\"false\" name=\"disiplin\"><option value=\"Alpint\">Alpint<\/option><option value=\"Telemark\">Telemark<\/option><option value=\"Snowboard\">Snowboard<\/option><\/select><\/span><\/label>\n<\/p>\n<p><label> Evt klubb:<br>\n<span class=\"wpcf7-form-control-wrap\" data-name=\"klubb\"><input size=\"40\" maxlength=\"400\" class=\"wpcf7-form-control wpcf7-text\" aria-invalid=\"false\" value type=\"text\" name=\"klubb\"><\/span> <\/label>\n<\/p>\n<p><input class=\"wpcf7-form-control wpcf7-submit has-spinner\" type=\"submit\" value=\"Send inn\">\n<\/p><div class=\"wpcf7-response-output\" aria-hidden=\"true\"><\/div>\n<\/form>\n<\/div>\n<\/div><\/div><\/div><div id class=\"x-container\" style=\"margin: 0px auto;padding: 0px;\"><\/div><\/div><div id=\"x-section-2\" class=\"x-section\" style=\"margin: 0px;padding: 0px; background-color: transparent;\"><div id class=\"x-container\" style=\"margin: 0px auto;padding: 0px;\"><div class=\"x-column x-sm x-1-1\" style=\"padding: 0px;\"><hr class=\"x-line e8985-e9 m6xl-1\"><noscript><img decoding=\"async\" class=\"x-img x-img-none\" src=\"https:\/\/visitrauland.com\/rauland-skisenter\/wp-content\/uploads\/sites\/18\/2024\/03\/DSCF1504-Olbollerenn_1920_1710933821.jpg\"><\/noscript><img decoding=\"async\" class=\"x-img x-img-none lazyload\" src=\"data:image\/gif;base64,R0lGODlhAQABAIAAAAAAAP\/\/\/yH5BAEAAAAALAAAAAABAAEAAAIBRAA7\" data-src=\"https:\/\/visitrauland.com\/rauland-skisenter\/wp-content\/uploads\/sites\/18\/2024\/03\/DSCF1504-Olbollerenn_1920_1710933821.jpg\"><\/div><\/div><\/div><\/div>\n","protected":false},"excerpt":{"rendered":"<p>Dette er et renn for voksne, s\u00e5 vi \u00f8nsker at alle deltagere er over 18 \u00e5r. PS! \u00d8nsker du \u00e5 melde p\u00e5 flere? Send inn ny p\u00e5melding pr deltager: Navn p\u00e5 deltaker Alder E-post Telefonnummer Disiplin (velg): AlpintTelemarkSnowboard Evt klubb:<\/p>\n","protected":false},"author":10,"featured_media":0,"parent":0,"menu_order":0,"comment_status":"closed","ping_status":"closed","template":"","meta":{"_relevanssi_hide_post":"","_relevanssi_hide_content":"","_relevanssi_pin_for_all":"","_relevanssi_pin_keywords":"","_relevanssi_unpin_keywords":"","_relevanssi_related_keywords":"","_relevanssi_related_include_ids":"","_relevanssi_related_exclude_ids":"","_relevanssi_related_no_append":"","_relevanssi_related_not_related":"","_relevanssi_related_posts":"","_relevanssi_noindex_reason":"","seo_booster_metabox":"","footnotes":""},"class_list":["post-8985","page","type-page","status-publish","hentry","no-post-thumbnail"],"yoast_head":"<!-- This site is optimized with the Yoast SEO plugin v27.5 - https:\/\/yoast.com\/product\/yoast-seo-wordpress\/ -->\n<title>P\u00e5melding til \u00f8lbollerenn - Rauland Skisenter<\/title>\n<meta name=\"robots\" content=\"index, follow, max-snippet:-1, max-image-preview:large, max-video-preview:-1\" \/>\n<link rel=\"canonical\" href=\"https:\/\/visitrauland.com\/rauland-skisenter\/pamelding-olbollerenn\/\" \/>\n<meta property=\"og:locale\" content=\"nb_NO\" \/>\n<meta property=\"og:type\" content=\"article\" \/>\n<meta property=\"og:title\" content=\"P\u00e5melding til \u00f8lbollerenn - Rauland Skisenter\" \/>\n<meta property=\"og:description\" content=\"Dette er et renn for voksne, s\u00e5 vi \u00f8nsker at alle deltagere er over 18 \u00e5r. PS! \u00d8nsker du \u00e5 melde p\u00e5 flere? Send inn ny p\u00e5melding pr deltager: Navn p\u00e5 deltaker Alder E-post Telefonnummer Disiplin (velg): AlpintTelemarkSnowboard Evt klubb:\" \/>\n<meta property=\"og:url\" content=\"https:\/\/visitrauland.com\/rauland-skisenter\/pamelding-olbollerenn\/\" \/>\n<meta property=\"og:site_name\" content=\"Rauland Skisenter\" \/>\n<meta property=\"article:modified_time\" content=\"2025-03-11T11:04:06+00:00\" \/>\n<meta name=\"twitter:card\" content=\"summary_large_image\" \/>\n<meta name=\"twitter:label1\" content=\"Ansl. lesetid\" \/>\n\t<meta name=\"twitter:data1\" content=\"1 minutt\" \/>\n<script type=\"application\/ld+json\" class=\"yoast-schema-graph\">{\"@context\":\"https:\\\/\\\/schema.org\",\"@graph\":[{\"@type\":\"WebPage\",\"@id\":\"https:\\\/\\\/visitrauland.com\\\/rauland-skisenter\\\/pamelding-olbollerenn\\\/\",\"url\":\"https:\\\/\\\/visitrauland.com\\\/rauland-skisenter\\\/pamelding-olbollerenn\\\/\",\"name\":\"P\u00e5melding til \u00f8lbollerenn - Rauland Skisenter\",\"isPartOf\":{\"@id\":\"https:\\\/\\\/visitrauland.com\\\/rauland-skisenter\\\/#website\"},\"datePublished\":\"2024-02-05T08:59:31+00:00\",\"dateModified\":\"2025-03-11T11:04:06+00:00\",\"breadcrumb\":{\"@id\":\"https:\\\/\\\/visitrauland.com\\\/rauland-skisenter\\\/pamelding-olbollerenn\\\/#breadcrumb\"},\"inLanguage\":\"nb-NO\",\"potentialAction\":[{\"@type\":\"ReadAction\",\"target\":[\"https:\\\/\\\/visitrauland.com\\\/rauland-skisenter\\\/pamelding-olbollerenn\\\/\"]}]},{\"@type\":\"BreadcrumbList\",\"@id\":\"https:\\\/\\\/visitrauland.com\\\/rauland-skisenter\\\/pamelding-olbollerenn\\\/#breadcrumb\",\"itemListElement\":[{\"@type\":\"ListItem\",\"position\":1,\"name\":\"Hjem\",\"item\":\"https:\\\/\\\/visitrauland.com\\\/rauland-skisenter\\\/\"},{\"@type\":\"ListItem\",\"position\":2,\"name\":\"P\u00e5melding til \u00f8lbollerenn\"}]},{\"@type\":\"WebSite\",\"@id\":\"https:\\\/\\\/visitrauland.com\\\/rauland-skisenter\\\/#website\",\"url\":\"https:\\\/\\\/visitrauland.com\\\/rauland-skisenter\\\/\",\"name\":\"Rauland Skisenter\",\"description\":\"Aktiviteter for hele familien!\",\"potentialAction\":[{\"@type\":\"SearchAction\",\"target\":{\"@type\":\"EntryPoint\",\"urlTemplate\":\"https:\\\/\\\/visitrauland.com\\\/rauland-skisenter\\\/?s={search_term_string}\"},\"query-input\":{\"@type\":\"PropertyValueSpecification\",\"valueRequired\":true,\"valueName\":\"search_term_string\"}}],\"inLanguage\":\"nb-NO\"}]}<\/script>\n<!-- \/ Yoast SEO plugin. -->","yoast_head_json":{"title":"P\u00e5melding til \u00f8lbollerenn - Rauland Skisenter","robots":{"index":"index","follow":"follow","max-snippet":"max-snippet:-1","max-image-preview":"max-image-preview:large","max-video-preview":"max-video-preview:-1"},"canonical":"https:\/\/visitrauland.com\/rauland-skisenter\/pamelding-olbollerenn\/","og_locale":"nb_NO","og_type":"article","og_title":"P\u00e5melding til \u00f8lbollerenn - Rauland Skisenter","og_description":"Dette er et renn for voksne, s\u00e5 vi \u00f8nsker at alle deltagere er over 18 \u00e5r. PS! \u00d8nsker du \u00e5 melde p\u00e5 flere? Send inn ny p\u00e5melding pr deltager: Navn p\u00e5 deltaker Alder E-post Telefonnummer Disiplin (velg): AlpintTelemarkSnowboard Evt klubb:","og_url":"https:\/\/visitrauland.com\/rauland-skisenter\/pamelding-olbollerenn\/","og_site_name":"Rauland Skisenter","article_modified_time":"2025-03-11T11:04:06+00:00","twitter_card":"summary_large_image","twitter_misc":{"Ansl. lesetid":"1 minutt"},"schema":{"@context":"https:\/\/schema.org","@graph":[{"@type":"WebPage","@id":"https:\/\/visitrauland.com\/rauland-skisenter\/pamelding-olbollerenn\/","url":"https:\/\/visitrauland.com\/rauland-skisenter\/pamelding-olbollerenn\/","name":"P\u00e5melding til \u00f8lbollerenn - Rauland Skisenter","isPartOf":{"@id":"https:\/\/visitrauland.com\/rauland-skisenter\/#website"},"datePublished":"2024-02-05T08:59:31+00:00","dateModified":"2025-03-11T11:04:06+00:00","breadcrumb":{"@id":"https:\/\/visitrauland.com\/rauland-skisenter\/pamelding-olbollerenn\/#breadcrumb"},"inLanguage":"nb-NO","potentialAction":[{"@type":"ReadAction","target":["https:\/\/visitrauland.com\/rauland-skisenter\/pamelding-olbollerenn\/"]}]},{"@type":"BreadcrumbList","@id":"https:\/\/visitrauland.com\/rauland-skisenter\/pamelding-olbollerenn\/#breadcrumb","itemListElement":[{"@type":"ListItem","position":1,"name":"Hjem","item":"https:\/\/visitrauland.com\/rauland-skisenter\/"},{"@type":"ListItem","position":2,"name":"P\u00e5melding til \u00f8lbollerenn"}]},{"@type":"WebSite","@id":"https:\/\/visitrauland.com\/rauland-skisenter\/#website","url":"https:\/\/visitrauland.com\/rauland-skisenter\/","name":"Rauland Skisenter","description":"Aktiviteter for hele familien!","potentialAction":[{"@type":"SearchAction","target":{"@type":"EntryPoint","urlTemplate":"https:\/\/visitrauland.com\/rauland-skisenter\/?s={search_term_string}"},"query-input":{"@type":"PropertyValueSpecification","valueRequired":true,"valueName":"search_term_string"}}],"inLanguage":"nb-NO"}]}},"publishpress_future_action":{"enabled":false,"date":"2026-05-14 07:57:44","action":"change-status","newStatus":"draft","terms":[],"taxonomy":"","extraData":[]},"publishpress_future_workflow_manual_trigger":{"enabledWorkflows":[]},"_links":{"self":[{"href":"https:\/\/visitrauland.com\/rauland-skisenter\/wp-json\/wp\/v2\/pages\/8985","targetHints":{"allow":["GET"]}}],"collection":[{"href":"https:\/\/visitrauland.com\/rauland-skisenter\/wp-json\/wp\/v2\/pages"}],"about":[{"href":"https:\/\/visitrauland.com\/rauland-skisenter\/wp-json\/wp\/v2\/types\/page"}],"author":[{"embeddable":true,"href":"https:\/\/visitrauland.com\/rauland-skisenter\/wp-json\/wp\/v2\/users\/10"}],"replies":[{"embeddable":true,"href":"https:\/\/visitrauland.com\/rauland-skisenter\/wp-json\/wp\/v2\/comments?post=8985"}],"version-history":[{"count":3,"href":"https:\/\/visitrauland.com\/rauland-skisenter\/wp-json\/wp\/v2\/pages\/8985\/revisions"}],"predecessor-version":[{"id":10215,"href":"https:\/\/visitrauland.com\/rauland-skisenter\/wp-json\/wp\/v2\/pages\/8985\/revisions\/10215"}],"wp:attachment":[{"href":"https:\/\/visitrauland.com\/rauland-skisenter\/wp-json\/wp\/v2\/media?parent=8985"}],"curies":[{"name":"wp","href":"https:\/\/api.w.org\/{rel}","templated":true}]}}