{"id":8943,"date":"2024-01-26T15:19:15","date_gmt":"2024-01-26T14:19:15","guid":{"rendered":"https:\/\/visitrauland.com\/rauland-skisenter\/?page_id=8943"},"modified":"2026-02-05T14:38:27","modified_gmt":"2026-02-05T13:38:27","slug":"kveldskjoring","status":"publish","type":"page","link":"https:\/\/visitrauland.com\/rauland-skisenter\/kveldskjoring\/","title":{"rendered":"Kveldskj\u00f8ring"},"content":{"rendered":"<div id=\"cs-content\" class=\"cs-content\"><div id=\"x-section-1\" class=\"x-section\" style=\"margin: 0px;padding: 0px; background-color: transparent;\"><div id class=\"x-container\" style=\"margin: 0px auto;padding: 0px;\"><div class=\"x-column x-sm x-1-1\" style=\"padding: 0px;\"><div id class=\"x-text\" style><p>Rauland Skisenter har kveldskj\u00f8ring i Hotellbakken (ved Rauland H\u00f8gfjellshotell) hver tirsdag og fredag,<span>&nbsp;<\/span><strong>fra 17.00 - 20.00 <br>\n<\/strong>Sesongens siste kveldskj\u00f8ring er fredag 27.mars.<\/p>\n<p><strong>Kveldskj\u00f8ring er inkludert<\/strong> dersom du har flerdagerskort eller sesongkort. For andre koster det 280,- for voksen og 240,- for ungdom 7-17 \u00e5r\/senior 65+ (husk keycard).<\/p>\n<p><strong><a href=\"https:\/\/rauland.skiperformance.com\/no\/shopp#\/no\/kj%C3%B8pe\">Heiskort kj\u00f8pes online her.<\/a>&nbsp;<\/strong><\/p>\n<p>NB! Om du skal kj\u00f8pe med keycard m\u00e5 du huske \u00e5 hente heiskortet ditt i billettautomaten din p\u00e5 Tiur (ved Tilbringerheisen).<\/p>\n<\/div><noscript><img decoding=\"async\" class=\"x-img x-img-none\" src=\"https:\/\/visitrauland.com\/rauland-skisenter\/wp-content\/uploads\/sites\/18\/2019\/01\/kveldskjoring-terrengparken-1920-3.jpg\"><\/noscript><img decoding=\"async\" class=\"x-img x-img-none lazyload\" src=\"data:image\/gif;base64,R0lGODlhAQABAIAAAAAAAP\/\/\/yH5BAEAAAAALAAAAAABAAEAAAIBRAA7\" data-src=\"https:\/\/visitrauland.com\/rauland-skisenter\/wp-content\/uploads\/sites\/18\/2019\/01\/kveldskjoring-terrengparken-1920-3.jpg\"><\/div><\/div><\/div><div id=\"x-section-2\" class=\"x-section\" style=\"margin: 0px;padding: 0px; background-color: transparent;\"><div id class=\"x-container\" style=\"margin: 0px auto;padding: 0px;\"><div class=\"x-column x-sm x-1-1\" style=\"padding: 0px;\"><hr class=\"x-line e8943-e9 m6wf-0\"><\/div><\/div><\/div><\/div>\n","protected":false},"excerpt":{"rendered":"<p>Rauland Skisenter har kveldskj\u00f8ring i Hotellbakken (ved Rauland H\u00f8gfjellshotell) hver tirsdag og fredag,&nbsp;fra 17.00 &#8211; 20.00 Sesongens siste kveldskj\u00f8ring er fredag 27.mars. Kveldskj\u00f8ring er inkludert dersom du har flerdagerskort eller sesongkort. For andre koster det 280,- for voksen og 240,- for ungdom 7-17 \u00e5r\/senior 65+ (husk keycard). Heiskort kj\u00f8pes online her.&nbsp; NB! Om du skal kj\u00f8pe med keycard m\u00e5 du &#8230; <\/p>\n<div><a href=\"https:\/\/visitrauland.com\/rauland-skisenter\/kveldskjoring\/\" class=\"more-link\">Les Mer<\/a><\/div>\n","protected":false},"author":10,"featured_media":4788,"parent":0,"menu_order":0,"comment_status":"closed","ping_status":"closed","template":"","meta":{"_relevanssi_hide_post":"","_relevanssi_hide_content":"","_relevanssi_pin_for_all":"","_relevanssi_pin_keywords":"","_relevanssi_unpin_keywords":"","_relevanssi_related_keywords":"","_relevanssi_related_include_ids":"","_relevanssi_related_exclude_ids":"","_relevanssi_related_no_append":"","_relevanssi_related_not_related":"","_relevanssi_related_posts":"10997,10552,10449,10371,4861,10952","_relevanssi_noindex_reason":"","seo_booster_metabox":"","footnotes":""},"class_list":["post-8943","page","type-page","status-publish","has-post-thumbnail","hentry"],"yoast_head":"<!-- This site is optimized with the Yoast SEO plugin v27.2 - https:\/\/yoast.com\/product\/yoast-seo-wordpress\/ -->\n<title>Kveldskj\u00f8ring - Rauland Skisenter<\/title>\n<meta name=\"description\" content=\"Prepp skiene dine hos oss! Rauland Skisenter tilbyr skiservice med voksing, sliping og vedlikehold av ski.\" \/>\n<meta name=\"robots\" content=\"index, follow, max-snippet:-1, max-image-preview:large, max-video-preview:-1\" \/>\n<link rel=\"canonical\" href=\"https:\/\/visitrauland.com\/rauland-skisenter\/kveldskjoring\/\" \/>\n<meta property=\"og:locale\" content=\"nb_NO\" \/>\n<meta property=\"og:type\" content=\"article\" \/>\n<meta property=\"og:title\" content=\"Kveldskj\u00f8ring - Rauland Skisenter\" \/>\n<meta property=\"og:description\" content=\"Prepp skiene dine hos oss! Rauland Skisenter tilbyr skiservice med voksing, sliping og vedlikehold av ski.\" \/>\n<meta property=\"og:url\" content=\"https:\/\/visitrauland.com\/rauland-skisenter\/kveldskjoring\/\" \/>\n<meta property=\"og:site_name\" content=\"Rauland Skisenter\" \/>\n<meta property=\"article:modified_time\" content=\"2026-02-05T13:38:27+00:00\" \/>\n<meta property=\"og:image\" content=\"https:\/\/visitrauland.com\/rauland-skisenter\/wp-content\/uploads\/sites\/18\/2021\/01\/kveldskjoring-Rauland-1920.jpg\" \/>\n\t<meta property=\"og:image:width\" content=\"1920\" \/>\n\t<meta property=\"og:image:height\" content=\"1080\" \/>\n\t<meta property=\"og:image:type\" content=\"image\/jpeg\" \/>\n<meta name=\"twitter:card\" content=\"summary_large_image\" \/>\n<meta name=\"twitter:label1\" content=\"Ansl. lesetid\" \/>\n\t<meta name=\"twitter:data1\" content=\"2 minutter\" \/>\n<script type=\"application\/ld+json\" class=\"yoast-schema-graph\">{\"@context\":\"https:\/\/schema.org\",\"@graph\":[{\"@type\":\"WebPage\",\"@id\":\"https:\/\/visitrauland.com\/rauland-skisenter\/kveldskjoring\/\",\"url\":\"https:\/\/visitrauland.com\/rauland-skisenter\/kveldskjoring\/\",\"name\":\"Kveldskj\u00f8ring - Rauland Skisenter\",\"isPartOf\":{\"@id\":\"https:\/\/visitrauland.com\/rauland-skisenter\/#website\"},\"primaryImageOfPage\":{\"@id\":\"https:\/\/visitrauland.com\/rauland-skisenter\/kveldskjoring\/#primaryimage\"},\"image\":{\"@id\":\"https:\/\/visitrauland.com\/rauland-skisenter\/kveldskjoring\/#primaryimage\"},\"thumbnailUrl\":\"https:\/\/visitrauland.com\/rauland-skisenter\/wp-content\/uploads\/sites\/18\/2021\/01\/kveldskjoring-Rauland-1920.jpg\",\"datePublished\":\"2024-01-26T14:19:15+00:00\",\"dateModified\":\"2026-02-05T13:38:27+00:00\",\"description\":\"Prepp skiene dine hos oss! Rauland Skisenter tilbyr skiservice med voksing, sliping og vedlikehold av ski.\",\"breadcrumb\":{\"@id\":\"https:\/\/visitrauland.com\/rauland-skisenter\/kveldskjoring\/#breadcrumb\"},\"inLanguage\":\"nb-NO\",\"potentialAction\":[{\"@type\":\"ReadAction\",\"target\":[\"https:\/\/visitrauland.com\/rauland-skisenter\/kveldskjoring\/\"]}]},{\"@type\":\"ImageObject\",\"inLanguage\":\"nb-NO\",\"@id\":\"https:\/\/visitrauland.com\/rauland-skisenter\/kveldskjoring\/#primaryimage\",\"url\":\"https:\/\/visitrauland.com\/rauland-skisenter\/wp-content\/uploads\/sites\/18\/2021\/01\/kveldskjoring-Rauland-1920.jpg\",\"contentUrl\":\"https:\/\/visitrauland.com\/rauland-skisenter\/wp-content\/uploads\/sites\/18\/2021\/01\/kveldskjoring-Rauland-1920.jpg\",\"width\":1920,\"height\":1080,\"caption\":\"Fire personer med ski og snowboard nyter en sn\u00f8rik kveld p\u00e5 fjellet.\"},{\"@type\":\"BreadcrumbList\",\"@id\":\"https:\/\/visitrauland.com\/rauland-skisenter\/kveldskjoring\/#breadcrumb\",\"itemListElement\":[{\"@type\":\"ListItem\",\"position\":1,\"name\":\"Hjem\",\"item\":\"https:\/\/visitrauland.com\/rauland-skisenter\/\"},{\"@type\":\"ListItem\",\"position\":2,\"name\":\"Kveldskj\u00f8ring\"}]},{\"@type\":\"WebSite\",\"@id\":\"https:\/\/visitrauland.com\/rauland-skisenter\/#website\",\"url\":\"https:\/\/visitrauland.com\/rauland-skisenter\/\",\"name\":\"Rauland Skisenter\",\"description\":\"Aktiviteter for hele familien!\",\"potentialAction\":[{\"@type\":\"SearchAction\",\"target\":{\"@type\":\"EntryPoint\",\"urlTemplate\":\"https:\/\/visitrauland.com\/rauland-skisenter\/?s={search_term_string}\"},\"query-input\":{\"@type\":\"PropertyValueSpecification\",\"valueRequired\":true,\"valueName\":\"search_term_string\"}}],\"inLanguage\":\"nb-NO\"}]}<\/script>\n<!-- \/ Yoast SEO plugin. -->","yoast_head_json":{"title":"Kveldskj\u00f8ring - Rauland Skisenter","description":"Prepp skiene dine hos oss! Rauland Skisenter tilbyr skiservice med voksing, sliping og vedlikehold av ski.","robots":{"index":"index","follow":"follow","max-snippet":"max-snippet:-1","max-image-preview":"max-image-preview:large","max-video-preview":"max-video-preview:-1"},"canonical":"https:\/\/visitrauland.com\/rauland-skisenter\/kveldskjoring\/","og_locale":"nb_NO","og_type":"article","og_title":"Kveldskj\u00f8ring - Rauland Skisenter","og_description":"Prepp skiene dine hos oss! Rauland Skisenter tilbyr skiservice med voksing, sliping og vedlikehold av ski.","og_url":"https:\/\/visitrauland.com\/rauland-skisenter\/kveldskjoring\/","og_site_name":"Rauland Skisenter","article_modified_time":"2026-02-05T13:38:27+00:00","og_image":[{"width":1920,"height":1080,"url":"https:\/\/visitrauland.com\/rauland-skisenter\/wp-content\/uploads\/sites\/18\/2021\/01\/kveldskjoring-Rauland-1920.jpg","type":"image\/jpeg"}],"twitter_card":"summary_large_image","twitter_misc":{"Ansl. lesetid":"2 minutter"},"schema":{"@context":"https:\/\/schema.org","@graph":[{"@type":"WebPage","@id":"https:\/\/visitrauland.com\/rauland-skisenter\/kveldskjoring\/","url":"https:\/\/visitrauland.com\/rauland-skisenter\/kveldskjoring\/","name":"Kveldskj\u00f8ring - Rauland Skisenter","isPartOf":{"@id":"https:\/\/visitrauland.com\/rauland-skisenter\/#website"},"primaryImageOfPage":{"@id":"https:\/\/visitrauland.com\/rauland-skisenter\/kveldskjoring\/#primaryimage"},"image":{"@id":"https:\/\/visitrauland.com\/rauland-skisenter\/kveldskjoring\/#primaryimage"},"thumbnailUrl":"https:\/\/visitrauland.com\/rauland-skisenter\/wp-content\/uploads\/sites\/18\/2021\/01\/kveldskjoring-Rauland-1920.jpg","datePublished":"2024-01-26T14:19:15+00:00","dateModified":"2026-02-05T13:38:27+00:00","description":"Prepp skiene dine hos oss! Rauland Skisenter tilbyr skiservice med voksing, sliping og vedlikehold av ski.","breadcrumb":{"@id":"https:\/\/visitrauland.com\/rauland-skisenter\/kveldskjoring\/#breadcrumb"},"inLanguage":"nb-NO","potentialAction":[{"@type":"ReadAction","target":["https:\/\/visitrauland.com\/rauland-skisenter\/kveldskjoring\/"]}]},{"@type":"ImageObject","inLanguage":"nb-NO","@id":"https:\/\/visitrauland.com\/rauland-skisenter\/kveldskjoring\/#primaryimage","url":"https:\/\/visitrauland.com\/rauland-skisenter\/wp-content\/uploads\/sites\/18\/2021\/01\/kveldskjoring-Rauland-1920.jpg","contentUrl":"https:\/\/visitrauland.com\/rauland-skisenter\/wp-content\/uploads\/sites\/18\/2021\/01\/kveldskjoring-Rauland-1920.jpg","width":1920,"height":1080,"caption":"Fire personer med ski og snowboard nyter en sn\u00f8rik kveld p\u00e5 fjellet."},{"@type":"BreadcrumbList","@id":"https:\/\/visitrauland.com\/rauland-skisenter\/kveldskjoring\/#breadcrumb","itemListElement":[{"@type":"ListItem","position":1,"name":"Hjem","item":"https:\/\/visitrauland.com\/rauland-skisenter\/"},{"@type":"ListItem","position":2,"name":"Kveldskj\u00f8ring"}]},{"@type":"WebSite","@id":"https:\/\/visitrauland.com\/rauland-skisenter\/#website","url":"https:\/\/visitrauland.com\/rauland-skisenter\/","name":"Rauland Skisenter","description":"Aktiviteter for hele familien!","potentialAction":[{"@type":"SearchAction","target":{"@type":"EntryPoint","urlTemplate":"https:\/\/visitrauland.com\/rauland-skisenter\/?s={search_term_string}"},"query-input":{"@type":"PropertyValueSpecification","valueRequired":true,"valueName":"search_term_string"}}],"inLanguage":"nb-NO"}]}},"publishpress_future_action":{"enabled":false,"date":"2026-04-26 04:26:26","action":"change-status","newStatus":"draft","terms":[],"taxonomy":"","extraData":[]},"publishpress_future_workflow_manual_trigger":{"enabledWorkflows":[]},"_links":{"self":[{"href":"https:\/\/visitrauland.com\/rauland-skisenter\/wp-json\/wp\/v2\/pages\/8943","targetHints":{"allow":["GET"]}}],"collection":[{"href":"https:\/\/visitrauland.com\/rauland-skisenter\/wp-json\/wp\/v2\/pages"}],"about":[{"href":"https:\/\/visitrauland.com\/rauland-skisenter\/wp-json\/wp\/v2\/types\/page"}],"author":[{"embeddable":true,"href":"https:\/\/visitrauland.com\/rauland-skisenter\/wp-json\/wp\/v2\/users\/10"}],"replies":[{"embeddable":true,"href":"https:\/\/visitrauland.com\/rauland-skisenter\/wp-json\/wp\/v2\/comments?post=8943"}],"version-history":[{"count":11,"href":"https:\/\/visitrauland.com\/rauland-skisenter\/wp-json\/wp\/v2\/pages\/8943\/revisions"}],"predecessor-version":[{"id":11018,"href":"https:\/\/visitrauland.com\/rauland-skisenter\/wp-json\/wp\/v2\/pages\/8943\/revisions\/11018"}],"wp:featuredmedia":[{"embeddable":true,"href":"https:\/\/visitrauland.com\/rauland-skisenter\/wp-json\/wp\/v2\/media\/4788"}],"wp:attachment":[{"href":"https:\/\/visitrauland.com\/rauland-skisenter\/wp-json\/wp\/v2\/media?parent=8943"}],"curies":[{"name":"wp","href":"https:\/\/api.w.org\/{rel}","templated":true}]}}