{"id":8918,"date":"2024-01-23T11:40:34","date_gmt":"2024-01-23T10:40:34","guid":{"rendered":"https:\/\/visitrauland.com\/rauland-skisenter\/?page_id=8918"},"modified":"2026-02-05T15:34:40","modified_gmt":"2026-02-05T14:34:40","slug":"skiservice","status":"publish","type":"page","link":"https:\/\/visitrauland.com\/rauland-skisenter\/skiservice\/","title":{"rendered":"Skiservice"},"content":{"rendered":"<div id=\"cs-content\" class=\"cs-content\"><div id=\"x-section-1\" class=\"x-section\" style=\"margin: 0px;padding: 0px; background-color: transparent;\"><div id class=\"x-container\" style=\"margin: 0px auto;padding: 0px;\"><div class=\"x-column x-sm x-1-1\" style=\"padding: 0px;\"><div id class=\"x-text\" style><p><strong>Vi p\u00e5 Rauland Skisenter er opptatt av at du skal ha en optimal skiopplevelse - derfor er vi stolte over \u00e5 tilby skiservice for alle v\u00e5re gjester. .<\/strong><\/p>\n<p><span>Rauland Skisenter tilbyr skiservice med voksing \/ sliping og vedlikehold av skiutstyr. <\/span><span><strong>Skiverkstedet v\u00e5rt er p\u00e5 Vierli.<\/strong> Vi kan vokse ski p\u00e5 Tiur og i Holtardalen.&nbsp;<\/span><\/p>\n<h5><strong>Hva vi tilbyr:<\/strong><\/h5>\n<ul>\n<li><strong>Prepping og Voksing:<\/strong> Vi s\u00f8rger for at skiene dine er perfekt preppet for forholdene. Med toppmoderne utstyr og h\u00f8ykvalitets voks, sikrer vi at skiene dine glir bedre og holder seg i topp stand lenger.<\/li>\n<li><strong>Sliping og Tuning:<\/strong> Skarpe kanter er n\u00f8kkelen til god kontroll p\u00e5 sn\u00f8en. V\u00e5re eksperter vil slipe og tune kantene p\u00e5 skiene dine for maksimal ytelse.<\/li>\n<li><strong>Reparasjoner:<\/strong> Slitasje skjer. Fra sm\u00e5 riper til dypere skader, v\u00e5rt team har ferdighetene og utstyret for \u00e5 reparere skiene dine og f\u00e5 dem tilbake i topp stand.<\/li>\n<li><strong>Personlig R\u00e5dgivning:<\/strong> Usikker p\u00e5 hva skiene dine trenger? V\u00e5rt erfarne team gir deg personlige r\u00e5d basert p\u00e5 dine ferdigheter og behov.<\/li>\n<\/ul>\n<p>V\u00e5re skiteknikere har lang erfaring og forst\u00e5r n\u00f8yaktig hva som kreves for \u00e5 f\u00e5 skiene dine til \u00e5 yte p\u00e5 sitt beste, uansett forhold.<\/p>\n<p>Vi gleder oss til \u00e5 se deg og dine ski!<\/p>\n<\/div><noscript><img decoding=\"async\" class=\"x-img x-img-none\" src=\"https:\/\/visitrauland.com\/rauland-skisenter\/wp-content\/uploads\/sites\/18\/2023\/01\/DSCF7608_1920.jpg\"><\/noscript><img decoding=\"async\" class=\"x-img x-img-none lazyload\" src=\"data:image\/gif;base64,R0lGODlhAQABAIAAAAAAAP\/\/\/yH5BAEAAAAALAAAAAABAAEAAAIBRAA7\" data-src=\"https:\/\/visitrauland.com\/rauland-skisenter\/wp-content\/uploads\/sites\/18\/2023\/01\/DSCF7608_1920.jpg\"><\/div><\/div><\/div><div id=\"x-section-2\" class=\"x-section\" style=\"margin: 0px;padding: 0px; background-color: transparent;\"><div id class=\"x-container\" style=\"margin: 0px auto;padding: 0px;\"><div class=\"x-column x-sm x-1-1\" style=\"padding: 0px;\"><span class=\"x-image e8918-e9 m6vq-0\"><noscript><img decoding=\"async\" src=\"https:\/\/visitrauland.com\/rauland-skisenter\/wp-content\/uploads\/sites\/18\/2023\/01\/DSCF7849_1920.jpg\" width=\"960\" height=\"540\" alt=\"To personer diskuterer skiutstyr i en sportsbutikk, begge smiler og holder ulike typer ski.\"><\/noscript><img decoding=\"async\" src=\"data:image\/svg+xml,%3Csvg%20xmlns%3D%22http%3A%2F%2Fwww.w3.org%2F2000%2Fsvg%22%20viewBox%3D%220%200%20960%20540%22%3E%3C%2Fsvg%3E\" width=\"960\" height=\"540\" alt=\"To personer diskuterer skiutstyr i en sportsbutikk, begge smiler og holder ulike typer ski.\" data-src=\"https:\/\/visitrauland.com\/rauland-skisenter\/wp-content\/uploads\/sites\/18\/2023\/01\/DSCF7849_1920.jpg\" class=\" lazyload\"><\/span><hr class=\"x-line e8918-e10 m6vq-1\"><div class=\"x-text x-content e8918-e11 m6vq-2\"><h3>Priser Skiservice 2025-2026<\/h3>\n<table class=\"custom-table\">\n<tbody>\n<tr>\n<td>\n<h6><span style=\"color: #f05929\"><strong>Enkel slip<\/strong><\/span><\/h6>\n<\/td>\n<td>\n<h6><span style=\"color: #f05929\"><strong>Komplett slip<\/strong><\/span><\/h6>\n<\/td>\n<td>\n<h6><span style=\"color: #f05929\"><strong>Voksing<\/strong><\/span><\/h6>\n<\/td>\n<\/tr>\n<tr>\n<td>340,-<\/td>\n<td>690,-<\/td>\n<td>180,-<\/td>\n<\/tr>\n<\/tbody>\n<\/table><\/div><\/div><\/div><\/div><\/div>\n","protected":false},"excerpt":{"rendered":"<p>Vi p\u00e5 Rauland Skisenter er opptatt av at du skal ha en optimal skiopplevelse &#8211; derfor er vi stolte over \u00e5 tilby skiservice for alle v\u00e5re gjester. . Rauland Skisenter tilbyr skiservice med voksing \/ sliping og vedlikehold av skiutstyr. Skiverkstedet v\u00e5rt er p\u00e5 Vierli. Vi kan vokse ski p\u00e5 Tiur og i Holtardalen.&nbsp; Hva vi tilbyr: Prepping og Voksing: &#8230; <\/p>\n<div><a href=\"https:\/\/visitrauland.com\/rauland-skisenter\/skiservice\/\" class=\"more-link\">Les Mer<\/a><\/div>\n","protected":false},"author":10,"featured_media":7837,"parent":0,"menu_order":0,"comment_status":"closed","ping_status":"closed","template":"","meta":{"_relevanssi_hide_post":"","_relevanssi_hide_content":"","_relevanssi_pin_for_all":"","_relevanssi_pin_keywords":"","_relevanssi_unpin_keywords":"","_relevanssi_related_keywords":"","_relevanssi_related_include_ids":"","_relevanssi_related_exclude_ids":"","_relevanssi_related_no_append":"","_relevanssi_related_not_related":"","_relevanssi_related_posts":"8624,5868,5734,9708,10922,10932","_relevanssi_noindex_reason":"","seo_booster_metabox":"","footnotes":""},"class_list":["post-8918","page","type-page","status-publish","has-post-thumbnail","hentry"],"yoast_head":"<!-- This site is optimized with the Yoast SEO plugin v27.2 - https:\/\/yoast.com\/product\/yoast-seo-wordpress\/ -->\n<title>Skiservice - Rauland Skisenter<\/title>\n<meta name=\"description\" content=\"Prepp skiene dine hos oss! Rauland Skisenter tilbyr skiservice med voksing, sliping og vedlikehold av ski.\" \/>\n<meta name=\"robots\" content=\"index, follow, max-snippet:-1, max-image-preview:large, max-video-preview:-1\" \/>\n<link rel=\"canonical\" href=\"https:\/\/visitrauland.com\/rauland-skisenter\/skiservice\/\" \/>\n<meta property=\"og:locale\" content=\"nb_NO\" \/>\n<meta property=\"og:type\" content=\"article\" \/>\n<meta property=\"og:title\" content=\"Skiservice - Rauland Skisenter\" \/>\n<meta property=\"og:description\" content=\"Prepp skiene dine hos oss! Rauland Skisenter tilbyr skiservice med voksing, sliping og vedlikehold av ski.\" \/>\n<meta property=\"og:url\" content=\"https:\/\/visitrauland.com\/rauland-skisenter\/skiservice\/\" \/>\n<meta property=\"og:site_name\" content=\"Rauland Skisenter\" \/>\n<meta property=\"article:modified_time\" content=\"2026-02-05T14:34:40+00:00\" \/>\n<meta property=\"og:image\" content=\"https:\/\/visitrauland.com\/rauland-skisenter\/wp-content\/uploads\/sites\/18\/2023\/01\/DSCF7860_1920.jpg\" \/>\n\t<meta property=\"og:image:width\" content=\"1920\" \/>\n\t<meta property=\"og:image:height\" content=\"1080\" \/>\n\t<meta property=\"og:image:type\" content=\"image\/jpeg\" \/>\n<meta name=\"twitter:card\" content=\"summary_large_image\" \/>\n<meta name=\"twitter:label1\" content=\"Ansl. lesetid\" \/>\n\t<meta name=\"twitter:data1\" content=\"2 minutter\" \/>\n<script type=\"application\/ld+json\" class=\"yoast-schema-graph\">{\"@context\":\"https:\/\/schema.org\",\"@graph\":[{\"@type\":\"WebPage\",\"@id\":\"https:\/\/visitrauland.com\/rauland-skisenter\/skiservice\/\",\"url\":\"https:\/\/visitrauland.com\/rauland-skisenter\/skiservice\/\",\"name\":\"Skiservice - Rauland Skisenter\",\"isPartOf\":{\"@id\":\"https:\/\/visitrauland.com\/rauland-skisenter\/#website\"},\"primaryImageOfPage\":{\"@id\":\"https:\/\/visitrauland.com\/rauland-skisenter\/skiservice\/#primaryimage\"},\"image\":{\"@id\":\"https:\/\/visitrauland.com\/rauland-skisenter\/skiservice\/#primaryimage\"},\"thumbnailUrl\":\"https:\/\/visitrauland.com\/rauland-skisenter\/wp-content\/uploads\/sites\/18\/2023\/01\/DSCF7860_1920.jpg\",\"datePublished\":\"2024-01-23T10:40:34+00:00\",\"dateModified\":\"2026-02-05T14:34:40+00:00\",\"description\":\"Prepp skiene dine hos oss! Rauland Skisenter tilbyr skiservice med voksing, sliping og vedlikehold av ski.\",\"breadcrumb\":{\"@id\":\"https:\/\/visitrauland.com\/rauland-skisenter\/skiservice\/#breadcrumb\"},\"inLanguage\":\"nb-NO\",\"potentialAction\":[{\"@type\":\"ReadAction\",\"target\":[\"https:\/\/visitrauland.com\/rauland-skisenter\/skiservice\/\"]}]},{\"@type\":\"ImageObject\",\"inLanguage\":\"nb-NO\",\"@id\":\"https:\/\/visitrauland.com\/rauland-skisenter\/skiservice\/#primaryimage\",\"url\":\"https:\/\/visitrauland.com\/rauland-skisenter\/wp-content\/uploads\/sites\/18\/2023\/01\/DSCF7860_1920.jpg\",\"contentUrl\":\"https:\/\/visitrauland.com\/rauland-skisenter\/wp-content\/uploads\/sites\/18\/2023\/01\/DSCF7860_1920.jpg\",\"width\":1920,\"height\":1080,\"caption\":\"Ung kvinne smiler og holder Elan-ski i en skiutleiebutikk.\"},{\"@type\":\"BreadcrumbList\",\"@id\":\"https:\/\/visitrauland.com\/rauland-skisenter\/skiservice\/#breadcrumb\",\"itemListElement\":[{\"@type\":\"ListItem\",\"position\":1,\"name\":\"Hjem\",\"item\":\"https:\/\/visitrauland.com\/rauland-skisenter\/\"},{\"@type\":\"ListItem\",\"position\":2,\"name\":\"Skiservice\"}]},{\"@type\":\"WebSite\",\"@id\":\"https:\/\/visitrauland.com\/rauland-skisenter\/#website\",\"url\":\"https:\/\/visitrauland.com\/rauland-skisenter\/\",\"name\":\"Rauland Skisenter\",\"description\":\"Aktiviteter for hele familien!\",\"potentialAction\":[{\"@type\":\"SearchAction\",\"target\":{\"@type\":\"EntryPoint\",\"urlTemplate\":\"https:\/\/visitrauland.com\/rauland-skisenter\/?s={search_term_string}\"},\"query-input\":{\"@type\":\"PropertyValueSpecification\",\"valueRequired\":true,\"valueName\":\"search_term_string\"}}],\"inLanguage\":\"nb-NO\"}]}<\/script>\n<!-- \/ Yoast SEO plugin. -->","yoast_head_json":{"title":"Skiservice - Rauland Skisenter","description":"Prepp skiene dine hos oss! Rauland Skisenter tilbyr skiservice med voksing, sliping og vedlikehold av ski.","robots":{"index":"index","follow":"follow","max-snippet":"max-snippet:-1","max-image-preview":"max-image-preview:large","max-video-preview":"max-video-preview:-1"},"canonical":"https:\/\/visitrauland.com\/rauland-skisenter\/skiservice\/","og_locale":"nb_NO","og_type":"article","og_title":"Skiservice - Rauland Skisenter","og_description":"Prepp skiene dine hos oss! Rauland Skisenter tilbyr skiservice med voksing, sliping og vedlikehold av ski.","og_url":"https:\/\/visitrauland.com\/rauland-skisenter\/skiservice\/","og_site_name":"Rauland Skisenter","article_modified_time":"2026-02-05T14:34:40+00:00","og_image":[{"width":1920,"height":1080,"url":"https:\/\/visitrauland.com\/rauland-skisenter\/wp-content\/uploads\/sites\/18\/2023\/01\/DSCF7860_1920.jpg","type":"image\/jpeg"}],"twitter_card":"summary_large_image","twitter_misc":{"Ansl. lesetid":"2 minutter"},"schema":{"@context":"https:\/\/schema.org","@graph":[{"@type":"WebPage","@id":"https:\/\/visitrauland.com\/rauland-skisenter\/skiservice\/","url":"https:\/\/visitrauland.com\/rauland-skisenter\/skiservice\/","name":"Skiservice - Rauland Skisenter","isPartOf":{"@id":"https:\/\/visitrauland.com\/rauland-skisenter\/#website"},"primaryImageOfPage":{"@id":"https:\/\/visitrauland.com\/rauland-skisenter\/skiservice\/#primaryimage"},"image":{"@id":"https:\/\/visitrauland.com\/rauland-skisenter\/skiservice\/#primaryimage"},"thumbnailUrl":"https:\/\/visitrauland.com\/rauland-skisenter\/wp-content\/uploads\/sites\/18\/2023\/01\/DSCF7860_1920.jpg","datePublished":"2024-01-23T10:40:34+00:00","dateModified":"2026-02-05T14:34:40+00:00","description":"Prepp skiene dine hos oss! Rauland Skisenter tilbyr skiservice med voksing, sliping og vedlikehold av ski.","breadcrumb":{"@id":"https:\/\/visitrauland.com\/rauland-skisenter\/skiservice\/#breadcrumb"},"inLanguage":"nb-NO","potentialAction":[{"@type":"ReadAction","target":["https:\/\/visitrauland.com\/rauland-skisenter\/skiservice\/"]}]},{"@type":"ImageObject","inLanguage":"nb-NO","@id":"https:\/\/visitrauland.com\/rauland-skisenter\/skiservice\/#primaryimage","url":"https:\/\/visitrauland.com\/rauland-skisenter\/wp-content\/uploads\/sites\/18\/2023\/01\/DSCF7860_1920.jpg","contentUrl":"https:\/\/visitrauland.com\/rauland-skisenter\/wp-content\/uploads\/sites\/18\/2023\/01\/DSCF7860_1920.jpg","width":1920,"height":1080,"caption":"Ung kvinne smiler og holder Elan-ski i en skiutleiebutikk."},{"@type":"BreadcrumbList","@id":"https:\/\/visitrauland.com\/rauland-skisenter\/skiservice\/#breadcrumb","itemListElement":[{"@type":"ListItem","position":1,"name":"Hjem","item":"https:\/\/visitrauland.com\/rauland-skisenter\/"},{"@type":"ListItem","position":2,"name":"Skiservice"}]},{"@type":"WebSite","@id":"https:\/\/visitrauland.com\/rauland-skisenter\/#website","url":"https:\/\/visitrauland.com\/rauland-skisenter\/","name":"Rauland Skisenter","description":"Aktiviteter for hele familien!","potentialAction":[{"@type":"SearchAction","target":{"@type":"EntryPoint","urlTemplate":"https:\/\/visitrauland.com\/rauland-skisenter\/?s={search_term_string}"},"query-input":{"@type":"PropertyValueSpecification","valueRequired":true,"valueName":"search_term_string"}}],"inLanguage":"nb-NO"}]}},"publishpress_future_action":{"enabled":false,"date":"2026-04-20 15:13:58","action":"change-status","newStatus":"draft","terms":[],"taxonomy":"","extraData":[]},"publishpress_future_workflow_manual_trigger":{"enabledWorkflows":[]},"_links":{"self":[{"href":"https:\/\/visitrauland.com\/rauland-skisenter\/wp-json\/wp\/v2\/pages\/8918","targetHints":{"allow":["GET"]}}],"collection":[{"href":"https:\/\/visitrauland.com\/rauland-skisenter\/wp-json\/wp\/v2\/pages"}],"about":[{"href":"https:\/\/visitrauland.com\/rauland-skisenter\/wp-json\/wp\/v2\/types\/page"}],"author":[{"embeddable":true,"href":"https:\/\/visitrauland.com\/rauland-skisenter\/wp-json\/wp\/v2\/users\/10"}],"replies":[{"embeddable":true,"href":"https:\/\/visitrauland.com\/rauland-skisenter\/wp-json\/wp\/v2\/comments?post=8918"}],"version-history":[{"count":11,"href":"https:\/\/visitrauland.com\/rauland-skisenter\/wp-json\/wp\/v2\/pages\/8918\/revisions"}],"predecessor-version":[{"id":11019,"href":"https:\/\/visitrauland.com\/rauland-skisenter\/wp-json\/wp\/v2\/pages\/8918\/revisions\/11019"}],"wp:featuredmedia":[{"embeddable":true,"href":"https:\/\/visitrauland.com\/rauland-skisenter\/wp-json\/wp\/v2\/media\/7837"}],"wp:attachment":[{"href":"https:\/\/visitrauland.com\/rauland-skisenter\/wp-json\/wp\/v2\/media?parent=8918"}],"curies":[{"name":"wp","href":"https:\/\/api.w.org\/{rel}","templated":true}]}}