{"id":8612,"date":"2023-10-31T20:28:23","date_gmt":"2023-10-31T19:28:23","guid":{"rendered":"https:\/\/visitrauland.com\/rauland-skisenter\/?page_id=8612"},"modified":"2025-09-08T11:48:21","modified_gmt":"2025-09-08T09:48:21","slug":"snoscooter","status":"publish","type":"page","link":"https:\/\/visitrauland.com\/rauland-skisenter\/aktiviteter\/snoscooter\/","title":{"rendered":"Sn\u00f8scooter"},"content":{"rendered":"<div id=\"cs-content\" class=\"cs-content\"><div id=\"x-section-1\" class=\"x-section\" style=\"margin: 0px;padding: 0px; background-color: transparent;\"><div id class=\"x-container\" style=\"margin: 0px auto;padding: 0px;\"><div class=\"x-column x-sm x-1-1\" style=\"padding: 0px;\"><noscript><img decoding=\"async\" class=\"x-img x-img-none\" src=\"https:\/\/visitrauland.com\/rauland-skisenter\/wp-content\/uploads\/sites\/18\/2023\/10\/5B8A9973_1920_1697656860.jpg\"><\/noscript><img decoding=\"async\" class=\"x-img x-img-none lazyload\" src=\"data:image\/gif;base64,R0lGODlhAQABAIAAAAAAAP\/\/\/yH5BAEAAAAALAAAAAABAAEAAAIBRAA7\" data-src=\"https:\/\/visitrauland.com\/rauland-skisenter\/wp-content\/uploads\/sites\/18\/2023\/10\/5B8A9973_1920_1697656860.jpg\"><\/div><\/div><div id class=\"x-container\" style=\"margin: 0px auto;padding: 0px;\"><\/div><\/div><div id=\"x-section-2\" class=\"x-section\" style=\"margin: 0px;padding: 0px; background-color: transparent;\"><div id class=\"x-container\" style=\"margin: 0px auto;padding: 0px;\"><div class=\"x-column x-sm x-1-1\" style=\"padding: 0px;\"><hr class=\"x-line e8612-e9 m6n8-0\"><div id class=\"x-text\" style><p><strong>Rauland er en av f\u00e5 destinasjoner som tilbyr rekreasjonskj\u00f8ring med sn\u00f8scooter!&nbsp;<\/strong><\/p>\n<p>Med Vierli som utgangspunkt har du tilgang til et eget l\u00f8ypenett for sn\u00f8scooterkj\u00f8ring, og vi vil tilby b\u00e5de utleie for ferdsel p\u00e5 egenh\u00e5nd samt guidede gruppeturer.<\/p>\n<p>Det er p\u00e5budt med l\u00f8yve og v\u00e5re sn\u00f8scootere leies ut med dagsl\u00f8yve.<\/p>\n<p>Les mer: <a href=\"https:\/\/visitrauland.com\/rauland-skisenter\/2023\/12\/20\/ikke-dra-til-svalbard-nar-du-kan-dra-til-rauland\/\"><strong>Sn\u00f8scooterkj\u00f8ring p\u00e5 Rauland<\/strong><\/a><\/p>\n<p>------<\/p>\n<h4><em><strong>Noen generelle retningslinjer for bruk av sn\u00f8scooterl\u00f8ypene<\/strong><\/em><\/h4>\n<ul>\n<li>Ta alltid hensyn til skig\u00e5ere og andre personer. Det skal v\u00e6re redusert fart i n\u00e6rheten av hytter, skil\u00f8yper, bosteder og langs private kj\u00f8reveger.<\/li>\n<li>Det er full stopp og vikeplikt ved kryssing av skispor og offentlige veier.<\/li>\n<li>Scootersj\u00e5f\u00f8rer m\u00e5 ha gyldig l\u00f8yve og f\u00f8rerkort.<\/li>\n<li>Rasting er lov opptil 30 meter rett ut fra traseene, der ikke forbud er skiltet. Det er ikke tillatt \u00e5 kj\u00f8re parallelt med l\u00f8ypene.<\/li>\n<li>Generell \u00f8vre fartsgrense er 70 km\/t, med passasjer maks 40 km\/t.<\/li>\n<li>All ferdsel er p\u00e5 eget ansvar!<\/li>\n<\/ul>\n<p>Se for\u00f8vrig informasjon fra <a href=\"#\" target=\"_blank\" rel=\"noopener\"><strong>Vinje kommune om bruken av sn\u00f8cooterl\u00f8yper<\/strong><\/a><\/p>\n<\/div><noscript><img decoding=\"async\" class=\"x-img x-img-none\" src=\"https:\/\/visitrauland.com\/rauland-skisenter\/wp-content\/uploads\/sites\/18\/2023\/10\/MG_6773_1920_1697656842.jpg\"><\/noscript><img decoding=\"async\" class=\"x-img x-img-none lazyload\" src=\"data:image\/gif;base64,R0lGODlhAQABAIAAAAAAAP\/\/\/yH5BAEAAAAALAAAAAABAAEAAAIBRAA7\" data-src=\"https:\/\/visitrauland.com\/rauland-skisenter\/wp-content\/uploads\/sites\/18\/2023\/10\/MG_6773_1920_1697656842.jpg\"><span class=\"x-image e8612-e12 m6n8-1\"><noscript><img decoding=\"async\" src=\"https:\/\/visitrauland.com\/rauland-skisenter\/wp-content\/uploads\/sites\/18\/2025\/02\/DSC04585-Enhanced-NR_1920_1739707371.jpg\" width=\"960\" height=\"540\" alt=\"Person kj\u00f8rer sn\u00f8scooter gjennom en sn\u00f8dekket skog med vinterlandskap i bakgrunnen.\"><\/noscript><img decoding=\"async\" src=\"data:image\/svg+xml,%3Csvg%20xmlns%3D%22http%3A%2F%2Fwww.w3.org%2F2000%2Fsvg%22%20viewBox%3D%220%200%20960%20540%22%3E%3C%2Fsvg%3E\" width=\"960\" height=\"540\" alt=\"Person kj\u00f8rer sn\u00f8scooter gjennom en sn\u00f8dekket skog med vinterlandskap i bakgrunnen.\" data-src=\"https:\/\/visitrauland.com\/rauland-skisenter\/wp-content\/uploads\/sites\/18\/2025\/02\/DSC04585-Enhanced-NR_1920_1739707371.jpg\" class=\" lazyload\"><\/span><\/div><\/div><\/div><\/div>\n","protected":false},"excerpt":{"rendered":"<p>Rauland er en av f\u00e5 destinasjoner som tilbyr rekreasjonskj\u00f8ring med sn\u00f8scooter!&nbsp; Med Vierli som utgangspunkt har du tilgang til et eget l\u00f8ypenett for sn\u00f8scooterkj\u00f8ring, og vi vil tilby b\u00e5de utleie for ferdsel p\u00e5 egenh\u00e5nd samt guidede gruppeturer. Det er p\u00e5budt med l\u00f8yve og v\u00e5re sn\u00f8scootere leies ut med dagsl\u00f8yve. Les mer: Sn\u00f8scooterkj\u00f8ring p\u00e5 Rauland &#8212;&#8212; Noen generelle retningslinjer for bruk &#8230; <\/p>\n<div><a href=\"https:\/\/visitrauland.com\/rauland-skisenter\/aktiviteter\/snoscooter\/\" class=\"more-link\">Les Mer<\/a><\/div>\n","protected":false},"author":10,"featured_media":0,"parent":452,"menu_order":0,"comment_status":"closed","ping_status":"closed","template":"","meta":{"_relevanssi_hide_post":"","_relevanssi_hide_content":"","_relevanssi_pin_for_all":"","_relevanssi_pin_keywords":"","_relevanssi_unpin_keywords":"","_relevanssi_related_keywords":"","_relevanssi_related_include_ids":"","_relevanssi_related_exclude_ids":"","_relevanssi_related_no_append":"","_relevanssi_related_not_related":"","_relevanssi_related_posts":"2791,9827,9600,10465,10365,9341","_relevanssi_noindex_reason":"","seo_booster_metabox":"","footnotes":""},"class_list":["post-8612","page","type-page","status-publish","hentry","no-post-thumbnail"],"yoast_head":"<!-- This site is optimized with the Yoast SEO plugin v27.2 - https:\/\/yoast.com\/product\/yoast-seo-wordpress\/ -->\n<title>Sn\u00f8scooter - Rauland Skisenter<\/title>\n<meta name=\"description\" content=\"Rauland er en av f\u00e5 destinasjoner som tilbyr rekreasjonskj\u00f8ring med sn\u00f8scooter, med eget tilrettelagt l\u00f8ypenett for sn\u00f8scooterkj\u00f8ring.\" \/>\n<meta name=\"robots\" content=\"index, follow, max-snippet:-1, max-image-preview:large, max-video-preview:-1\" \/>\n<link rel=\"canonical\" href=\"https:\/\/visitrauland.com\/rauland-skisenter\/aktiviteter\/snoscooter\/\" \/>\n<meta property=\"og:locale\" content=\"nb_NO\" \/>\n<meta property=\"og:type\" content=\"article\" \/>\n<meta property=\"og:title\" content=\"Sn\u00f8scooter - Rauland Skisenter\" \/>\n<meta property=\"og:description\" content=\"Rauland er en av f\u00e5 destinasjoner som tilbyr rekreasjonskj\u00f8ring med sn\u00f8scooter, med eget tilrettelagt l\u00f8ypenett for sn\u00f8scooterkj\u00f8ring.\" \/>\n<meta property=\"og:url\" content=\"https:\/\/visitrauland.com\/rauland-skisenter\/aktiviteter\/snoscooter\/\" \/>\n<meta property=\"og:site_name\" content=\"Rauland Skisenter\" \/>\n<meta property=\"article:modified_time\" content=\"2025-09-08T09:48:21+00:00\" \/>\n<meta name=\"twitter:card\" content=\"summary_large_image\" \/>\n<meta name=\"twitter:label1\" content=\"Ansl. lesetid\" \/>\n\t<meta name=\"twitter:data1\" content=\"3 minutter\" \/>\n<script type=\"application\/ld+json\" class=\"yoast-schema-graph\">{\"@context\":\"https:\/\/schema.org\",\"@graph\":[{\"@type\":\"WebPage\",\"@id\":\"https:\/\/visitrauland.com\/rauland-skisenter\/aktiviteter\/snoscooter\/\",\"url\":\"https:\/\/visitrauland.com\/rauland-skisenter\/aktiviteter\/snoscooter\/\",\"name\":\"Sn\u00f8scooter - Rauland Skisenter\",\"isPartOf\":{\"@id\":\"https:\/\/visitrauland.com\/rauland-skisenter\/#website\"},\"datePublished\":\"2023-10-31T19:28:23+00:00\",\"dateModified\":\"2025-09-08T09:48:21+00:00\",\"description\":\"Rauland er en av f\u00e5 destinasjoner som tilbyr rekreasjonskj\u00f8ring med sn\u00f8scooter, med eget tilrettelagt l\u00f8ypenett for sn\u00f8scooterkj\u00f8ring.\",\"breadcrumb\":{\"@id\":\"https:\/\/visitrauland.com\/rauland-skisenter\/aktiviteter\/snoscooter\/#breadcrumb\"},\"inLanguage\":\"nb-NO\",\"potentialAction\":[{\"@type\":\"ReadAction\",\"target\":[\"https:\/\/visitrauland.com\/rauland-skisenter\/aktiviteter\/snoscooter\/\"]}]},{\"@type\":\"BreadcrumbList\",\"@id\":\"https:\/\/visitrauland.com\/rauland-skisenter\/aktiviteter\/snoscooter\/#breadcrumb\",\"itemListElement\":[{\"@type\":\"ListItem\",\"position\":1,\"name\":\"Hjem\",\"item\":\"https:\/\/visitrauland.com\/rauland-skisenter\/\"},{\"@type\":\"ListItem\",\"position\":2,\"name\":\"Aktiviteter hos Rauland Skisenter\",\"item\":\"https:\/\/visitrauland.com\/rauland-skisenter\/aktiviteter\/\"},{\"@type\":\"ListItem\",\"position\":3,\"name\":\"Sn\u00f8scooter\"}]},{\"@type\":\"WebSite\",\"@id\":\"https:\/\/visitrauland.com\/rauland-skisenter\/#website\",\"url\":\"https:\/\/visitrauland.com\/rauland-skisenter\/\",\"name\":\"Rauland Skisenter\",\"description\":\"Aktiviteter for hele familien!\",\"potentialAction\":[{\"@type\":\"SearchAction\",\"target\":{\"@type\":\"EntryPoint\",\"urlTemplate\":\"https:\/\/visitrauland.com\/rauland-skisenter\/?s={search_term_string}\"},\"query-input\":{\"@type\":\"PropertyValueSpecification\",\"valueRequired\":true,\"valueName\":\"search_term_string\"}}],\"inLanguage\":\"nb-NO\"}]}<\/script>\n<!-- \/ Yoast SEO plugin. -->","yoast_head_json":{"title":"Sn\u00f8scooter - Rauland Skisenter","description":"Rauland er en av f\u00e5 destinasjoner som tilbyr rekreasjonskj\u00f8ring med sn\u00f8scooter, med eget tilrettelagt l\u00f8ypenett for sn\u00f8scooterkj\u00f8ring.","robots":{"index":"index","follow":"follow","max-snippet":"max-snippet:-1","max-image-preview":"max-image-preview:large","max-video-preview":"max-video-preview:-1"},"canonical":"https:\/\/visitrauland.com\/rauland-skisenter\/aktiviteter\/snoscooter\/","og_locale":"nb_NO","og_type":"article","og_title":"Sn\u00f8scooter - Rauland Skisenter","og_description":"Rauland er en av f\u00e5 destinasjoner som tilbyr rekreasjonskj\u00f8ring med sn\u00f8scooter, med eget tilrettelagt l\u00f8ypenett for sn\u00f8scooterkj\u00f8ring.","og_url":"https:\/\/visitrauland.com\/rauland-skisenter\/aktiviteter\/snoscooter\/","og_site_name":"Rauland Skisenter","article_modified_time":"2025-09-08T09:48:21+00:00","twitter_card":"summary_large_image","twitter_misc":{"Ansl. lesetid":"3 minutter"},"schema":{"@context":"https:\/\/schema.org","@graph":[{"@type":"WebPage","@id":"https:\/\/visitrauland.com\/rauland-skisenter\/aktiviteter\/snoscooter\/","url":"https:\/\/visitrauland.com\/rauland-skisenter\/aktiviteter\/snoscooter\/","name":"Sn\u00f8scooter - Rauland Skisenter","isPartOf":{"@id":"https:\/\/visitrauland.com\/rauland-skisenter\/#website"},"datePublished":"2023-10-31T19:28:23+00:00","dateModified":"2025-09-08T09:48:21+00:00","description":"Rauland er en av f\u00e5 destinasjoner som tilbyr rekreasjonskj\u00f8ring med sn\u00f8scooter, med eget tilrettelagt l\u00f8ypenett for sn\u00f8scooterkj\u00f8ring.","breadcrumb":{"@id":"https:\/\/visitrauland.com\/rauland-skisenter\/aktiviteter\/snoscooter\/#breadcrumb"},"inLanguage":"nb-NO","potentialAction":[{"@type":"ReadAction","target":["https:\/\/visitrauland.com\/rauland-skisenter\/aktiviteter\/snoscooter\/"]}]},{"@type":"BreadcrumbList","@id":"https:\/\/visitrauland.com\/rauland-skisenter\/aktiviteter\/snoscooter\/#breadcrumb","itemListElement":[{"@type":"ListItem","position":1,"name":"Hjem","item":"https:\/\/visitrauland.com\/rauland-skisenter\/"},{"@type":"ListItem","position":2,"name":"Aktiviteter hos Rauland Skisenter","item":"https:\/\/visitrauland.com\/rauland-skisenter\/aktiviteter\/"},{"@type":"ListItem","position":3,"name":"Sn\u00f8scooter"}]},{"@type":"WebSite","@id":"https:\/\/visitrauland.com\/rauland-skisenter\/#website","url":"https:\/\/visitrauland.com\/rauland-skisenter\/","name":"Rauland Skisenter","description":"Aktiviteter for hele familien!","potentialAction":[{"@type":"SearchAction","target":{"@type":"EntryPoint","urlTemplate":"https:\/\/visitrauland.com\/rauland-skisenter\/?s={search_term_string}"},"query-input":{"@type":"PropertyValueSpecification","valueRequired":true,"valueName":"search_term_string"}}],"inLanguage":"nb-NO"}]}},"publishpress_future_action":{"enabled":false,"date":"2026-04-22 00:31:39","action":"change-status","newStatus":"draft","terms":[],"taxonomy":"","extraData":[]},"publishpress_future_workflow_manual_trigger":{"enabledWorkflows":[]},"_links":{"self":[{"href":"https:\/\/visitrauland.com\/rauland-skisenter\/wp-json\/wp\/v2\/pages\/8612","targetHints":{"allow":["GET"]}}],"collection":[{"href":"https:\/\/visitrauland.com\/rauland-skisenter\/wp-json\/wp\/v2\/pages"}],"about":[{"href":"https:\/\/visitrauland.com\/rauland-skisenter\/wp-json\/wp\/v2\/types\/page"}],"author":[{"embeddable":true,"href":"https:\/\/visitrauland.com\/rauland-skisenter\/wp-json\/wp\/v2\/users\/10"}],"replies":[{"embeddable":true,"href":"https:\/\/visitrauland.com\/rauland-skisenter\/wp-json\/wp\/v2\/comments?post=8612"}],"version-history":[{"count":8,"href":"https:\/\/visitrauland.com\/rauland-skisenter\/wp-json\/wp\/v2\/pages\/8612\/revisions"}],"predecessor-version":[{"id":10158,"href":"https:\/\/visitrauland.com\/rauland-skisenter\/wp-json\/wp\/v2\/pages\/8612\/revisions\/10158"}],"up":[{"embeddable":true,"href":"https:\/\/visitrauland.com\/rauland-skisenter\/wp-json\/wp\/v2\/pages\/452"}],"wp:attachment":[{"href":"https:\/\/visitrauland.com\/rauland-skisenter\/wp-json\/wp\/v2\/media?parent=8612"}],"curies":[{"name":"wp","href":"https:\/\/api.w.org\/{rel}","templated":true}]}}