{"id":8507,"date":"2023-09-08T19:20:42","date_gmt":"2023-09-08T17:20:42","guid":{"rendered":"https:\/\/visitrauland.com\/rauland-skisenter\/?page_id=8507"},"modified":"2025-09-20T22:08:10","modified_gmt":"2025-09-20T20:08:10","slug":"kokk","status":"publish","type":"page","link":"https:\/\/visitrauland.com\/rauland-skisenter\/stillinger\/kokk\/","title":{"rendered":"Ledig stilling &#8211; Kokk\/matkyndig"},"content":{"rendered":"<div id=\"cs-content\" class=\"cs-content\"><div id=\"x-section-1\" class=\"x-section\" style=\"margin: 0px;padding: 0px; background-color: transparent;\"><div id class=\"x-container\" style=\"margin: 0px auto;padding: 0px;\"><div class=\"x-column x-sm x-1-1\" style=\"padding: 0px;\"><noscript><img decoding=\"async\" class=\"x-img x-img-none\" src=\"https:\/\/visitrauland.com\/rauland-skisenter\/wp-content\/uploads\/sites\/18\/2022\/03\/ansatte-vierli-kafe-1920.jpg\"><\/noscript><img decoding=\"async\" class=\"x-img x-img-none lazyload\" src=\"data:image\/gif;base64,R0lGODlhAQABAIAAAAAAAP\/\/\/yH5BAEAAAAALAAAAAABAAEAAAIBRAA7\" data-src=\"https:\/\/visitrauland.com\/rauland-skisenter\/wp-content\/uploads\/sites\/18\/2022\/03\/ansatte-vierli-kafe-1920.jpg\"><\/div><\/div><div id class=\"x-container\" style=\"margin: 0px auto;padding: 0px;\"><div class=\"x-column x-sm x-1-1\" style=\"padding: 0px;\"><div id class=\"x-text\" style><h4 class=\"m_-928143146573853963MsoListParagraph\"><strong>Rauland Skisenter s\u00f8ker kokk\/matkyndig<\/strong><\/h4>\n<p>Vi ser etter en matglad person til v\u00e5rt team p\u00e5 Vierli Kafeteria. Vi \u00f8nsker (ikke et krav) at du har faglig kompetanse og arbeidserfaring fra storkj\u00f8kken og matlaging. Du er glad i mat, og brenner for \u00e5 tilrettelegge for de gode opplevelsene ved matbordet.<\/p>\n<p>Vi s\u00f8ker deg som er serviceinnstilt og kan jobbe i team. Du trenger ikke n\u00f8dvendigvis ha fagbrev. Vi vet at det finnes usedvanlig mange dyktige \u00abkokker\u00bb&nbsp;som&nbsp;klarer seg meget godt uten dette.<\/p>\n<p><strong>Arbeidsoppgaver<\/strong><\/p>\n<ul><\/ul>\n<ul>\n<li>Matlaging til kafeteria drift og grupper\/selskap<\/li>\n<li>IK-mat, kj\u00f8kkenrutiner og sikkerhet er en del av ditt arbeid.<\/li>\n<li>Rydde og holde orden<\/li>\n<li>Kasseh\u00e5ndtering<\/li>\n<li>Yte den beste servicen gjestene kan f\u00e5<\/li>\n<\/ul>\n<p><strong><em>Heltidsstilling<\/em><\/strong><strong><br>\n<\/strong>Arbeidstid: Fulltid. Helge og ferie arbeid m\u00e5 p\u00e5regnes. <br>\nM\u00e5 v\u00e6re over 18 \u00e5r.<\/p>\n<p><strong>Kvalifikasjoner<\/strong><\/p>\n<ul>\n<li>Trives med arbeid i til tider et h\u00f8yt tempo<\/li>\n<li>Erfaring fra lignende arbeid<\/li>\n<li>Du kan yte gode kundeservice<\/li>\n<li>Selvstendig, men jobber godt sammen med andre.<\/li>\n<\/ul>\n<p><strong>Vi kan tilby<\/strong><\/p>\n<ul>\n<li>Gode l\u00f8nnsbetingelser, gratis sesongkort og gode personalrabatter<\/li>\n<li>Bistand med bosted<\/li>\n<li>N\u00e6rhet til fjellets aktiviteter<\/li>\n<li>En variert, og til tider hektisk hverdag<\/li>\n<li>En spennende arbeidsplass i stadig utvikling<\/li>\n<li>Godt felleskap med fantastiske kollegaer<\/li>\n<\/ul>\n<p><strong>Ansettelsesperiode\/-form:<br>\n<\/strong>Sesongstilling november-mai. <br>\nFor den rette kandidaten kan det v\u00e6re aktuelt med en forlengelse av sesongkontrakten.<\/p>\n<p><strong>Arbeidstid:<br>\n<\/strong>40t\/ uke, varierende arbeidstid b\u00e5de hverdag, helg og ferie.<\/p>\n<p><strong>S\u00f8knadsfrist<br>\n<\/strong>1.oktober<br>\nVed eventuelle sp\u00f8rsm\u00e5l eller mer informasjon, ta kontakt med:<br>\nAvdelingsleder: : Donata Impoliene- 95436720, <a href=\"mailto:dc@raulandferiesenter.no\">dc@raulandferiesenter.no<\/a><\/p>\n<p><span>Send oss en s\u00f8knad med bilde, CV og kompetansebevis til <\/span><a href=\"mailto:jobb@raulandskisenter.no\">jobb@raulandskisenter.no.<\/a><br>\nMerk s\u00f8knaden med \"Jobbs\u00f8knad kokk7matkyndig\".<\/p>\n<p>Vi gleder oss til \u00e5 h\u00f8re fra deg! Velkommen som s\u00f8ker!<\/p>\n<\/div><\/div><\/div><\/div><div class=\"x-section e8507-e8 m6kb-0\"><div class=\"x-row x-container max width e8507-e9 m6kb-1 m6kb-2\"><div class=\"x-row-inner\"><\/div><\/div><\/div><\/div>\n","protected":false},"excerpt":{"rendered":"<p>Rauland Skisenter s\u00f8ker kokk\/matkyndig Vi ser etter en matglad person til v\u00e5rt team p\u00e5 Vierli Kafeteria. Vi \u00f8nsker (ikke et krav) at du har faglig kompetanse og arbeidserfaring fra storkj\u00f8kken og matlaging. Du er glad i mat, og brenner for \u00e5 tilrettelegge for de gode opplevelsene ved matbordet. Vi s\u00f8ker deg som er serviceinnstilt og kan jobbe i team. Du &#8230; <\/p>\n<div><a href=\"https:\/\/visitrauland.com\/rauland-skisenter\/stillinger\/kokk\/\" class=\"more-link\">Les Mer<\/a><\/div>\n","protected":false},"author":10,"featured_media":0,"parent":438,"menu_order":0,"comment_status":"closed","ping_status":"closed","template":"","meta":{"_relevanssi_hide_post":"","_relevanssi_hide_content":"","_relevanssi_pin_for_all":"","_relevanssi_pin_keywords":"","_relevanssi_unpin_keywords":"","_relevanssi_related_keywords":"","_relevanssi_related_include_ids":"","_relevanssi_related_exclude_ids":"","_relevanssi_related_no_append":"","_relevanssi_related_not_related":"","_relevanssi_related_posts":"10386,9600,9364,10465,9337,9869","_relevanssi_noindex_reason":"","seo_booster_metabox":"","footnotes":""},"class_list":["post-8507","page","type-page","status-publish","hentry","no-post-thumbnail"],"yoast_head":"<!-- This site is optimized with the Yoast SEO plugin v27.2 - https:\/\/yoast.com\/product\/yoast-seo-wordpress\/ -->\n<title>Ledig stilling - Kokk\/matkyndig - Rauland Skisenter<\/title>\n<meta name=\"robots\" content=\"index, follow, max-snippet:-1, max-image-preview:large, max-video-preview:-1\" \/>\n<link rel=\"canonical\" href=\"https:\/\/visitrauland.com\/rauland-skisenter\/stillinger\/kokk\/\" \/>\n<meta property=\"og:locale\" content=\"nb_NO\" \/>\n<meta property=\"og:type\" content=\"article\" \/>\n<meta property=\"og:title\" content=\"Ledig stilling - Kokk\/matkyndig - Rauland Skisenter\" \/>\n<meta property=\"og:description\" content=\"Rauland Skisenter s\u00f8ker kokk\/matkyndig Vi ser etter en matglad person til v\u00e5rt team p\u00e5 Vierli Kafeteria. Vi \u00f8nsker (ikke et krav) at du har faglig kompetanse og arbeidserfaring fra storkj\u00f8kken og matlaging. Du er glad i mat, og brenner for \u00e5 tilrettelegge for de gode opplevelsene ved matbordet. Vi s\u00f8ker deg som er serviceinnstilt og kan jobbe i team. Du ... Les Mer\" \/>\n<meta property=\"og:url\" content=\"https:\/\/visitrauland.com\/rauland-skisenter\/stillinger\/kokk\/\" \/>\n<meta property=\"og:site_name\" content=\"Rauland Skisenter\" \/>\n<meta property=\"article:modified_time\" content=\"2025-09-20T20:08:10+00:00\" \/>\n<meta name=\"twitter:card\" content=\"summary_large_image\" \/>\n<meta name=\"twitter:label1\" content=\"Ansl. lesetid\" \/>\n\t<meta name=\"twitter:data1\" content=\"4 minutter\" \/>\n<script type=\"application\/ld+json\" class=\"yoast-schema-graph\">{\"@context\":\"https:\/\/schema.org\",\"@graph\":[{\"@type\":\"WebPage\",\"@id\":\"https:\/\/visitrauland.com\/rauland-skisenter\/stillinger\/kokk\/\",\"url\":\"https:\/\/visitrauland.com\/rauland-skisenter\/stillinger\/kokk\/\",\"name\":\"Ledig stilling - Kokk\/matkyndig - Rauland Skisenter\",\"isPartOf\":{\"@id\":\"https:\/\/visitrauland.com\/rauland-skisenter\/#website\"},\"datePublished\":\"2023-09-08T17:20:42+00:00\",\"dateModified\":\"2025-09-20T20:08:10+00:00\",\"breadcrumb\":{\"@id\":\"https:\/\/visitrauland.com\/rauland-skisenter\/stillinger\/kokk\/#breadcrumb\"},\"inLanguage\":\"nb-NO\",\"potentialAction\":[{\"@type\":\"ReadAction\",\"target\":[\"https:\/\/visitrauland.com\/rauland-skisenter\/stillinger\/kokk\/\"]}]},{\"@type\":\"BreadcrumbList\",\"@id\":\"https:\/\/visitrauland.com\/rauland-skisenter\/stillinger\/kokk\/#breadcrumb\",\"itemListElement\":[{\"@type\":\"ListItem\",\"position\":1,\"name\":\"Hjem\",\"item\":\"https:\/\/visitrauland.com\/rauland-skisenter\/\"},{\"@type\":\"ListItem\",\"position\":2,\"name\":\"Ledige stillinger\",\"item\":\"https:\/\/visitrauland.com\/rauland-skisenter\/stillinger\/\"},{\"@type\":\"ListItem\",\"position\":3,\"name\":\"Ledig stilling &#8211; Kokk\/matkyndig\"}]},{\"@type\":\"WebSite\",\"@id\":\"https:\/\/visitrauland.com\/rauland-skisenter\/#website\",\"url\":\"https:\/\/visitrauland.com\/rauland-skisenter\/\",\"name\":\"Rauland Skisenter\",\"description\":\"Aktiviteter for hele familien!\",\"potentialAction\":[{\"@type\":\"SearchAction\",\"target\":{\"@type\":\"EntryPoint\",\"urlTemplate\":\"https:\/\/visitrauland.com\/rauland-skisenter\/?s={search_term_string}\"},\"query-input\":{\"@type\":\"PropertyValueSpecification\",\"valueRequired\":true,\"valueName\":\"search_term_string\"}}],\"inLanguage\":\"nb-NO\"}]}<\/script>\n<!-- \/ Yoast SEO plugin. -->","yoast_head_json":{"title":"Ledig stilling - Kokk\/matkyndig - Rauland Skisenter","robots":{"index":"index","follow":"follow","max-snippet":"max-snippet:-1","max-image-preview":"max-image-preview:large","max-video-preview":"max-video-preview:-1"},"canonical":"https:\/\/visitrauland.com\/rauland-skisenter\/stillinger\/kokk\/","og_locale":"nb_NO","og_type":"article","og_title":"Ledig stilling - Kokk\/matkyndig - Rauland Skisenter","og_description":"Rauland Skisenter s\u00f8ker kokk\/matkyndig Vi ser etter en matglad person til v\u00e5rt team p\u00e5 Vierli Kafeteria. Vi \u00f8nsker (ikke et krav) at du har faglig kompetanse og arbeidserfaring fra storkj\u00f8kken og matlaging. Du er glad i mat, og brenner for \u00e5 tilrettelegge for de gode opplevelsene ved matbordet. Vi s\u00f8ker deg som er serviceinnstilt og kan jobbe i team. Du ... Les Mer","og_url":"https:\/\/visitrauland.com\/rauland-skisenter\/stillinger\/kokk\/","og_site_name":"Rauland Skisenter","article_modified_time":"2025-09-20T20:08:10+00:00","twitter_card":"summary_large_image","twitter_misc":{"Ansl. lesetid":"4 minutter"},"schema":{"@context":"https:\/\/schema.org","@graph":[{"@type":"WebPage","@id":"https:\/\/visitrauland.com\/rauland-skisenter\/stillinger\/kokk\/","url":"https:\/\/visitrauland.com\/rauland-skisenter\/stillinger\/kokk\/","name":"Ledig stilling - Kokk\/matkyndig - Rauland Skisenter","isPartOf":{"@id":"https:\/\/visitrauland.com\/rauland-skisenter\/#website"},"datePublished":"2023-09-08T17:20:42+00:00","dateModified":"2025-09-20T20:08:10+00:00","breadcrumb":{"@id":"https:\/\/visitrauland.com\/rauland-skisenter\/stillinger\/kokk\/#breadcrumb"},"inLanguage":"nb-NO","potentialAction":[{"@type":"ReadAction","target":["https:\/\/visitrauland.com\/rauland-skisenter\/stillinger\/kokk\/"]}]},{"@type":"BreadcrumbList","@id":"https:\/\/visitrauland.com\/rauland-skisenter\/stillinger\/kokk\/#breadcrumb","itemListElement":[{"@type":"ListItem","position":1,"name":"Hjem","item":"https:\/\/visitrauland.com\/rauland-skisenter\/"},{"@type":"ListItem","position":2,"name":"Ledige stillinger","item":"https:\/\/visitrauland.com\/rauland-skisenter\/stillinger\/"},{"@type":"ListItem","position":3,"name":"Ledig stilling &#8211; Kokk\/matkyndig"}]},{"@type":"WebSite","@id":"https:\/\/visitrauland.com\/rauland-skisenter\/#website","url":"https:\/\/visitrauland.com\/rauland-skisenter\/","name":"Rauland Skisenter","description":"Aktiviteter for hele familien!","potentialAction":[{"@type":"SearchAction","target":{"@type":"EntryPoint","urlTemplate":"https:\/\/visitrauland.com\/rauland-skisenter\/?s={search_term_string}"},"query-input":{"@type":"PropertyValueSpecification","valueRequired":true,"valueName":"search_term_string"}}],"inLanguage":"nb-NO"}]}},"publishpress_future_action":{"enabled":false,"date":"2026-04-14 15:09:46","action":"change-status","newStatus":"draft","terms":[],"taxonomy":"","extraData":[]},"publishpress_future_workflow_manual_trigger":{"enabledWorkflows":[]},"_links":{"self":[{"href":"https:\/\/visitrauland.com\/rauland-skisenter\/wp-json\/wp\/v2\/pages\/8507","targetHints":{"allow":["GET"]}}],"collection":[{"href":"https:\/\/visitrauland.com\/rauland-skisenter\/wp-json\/wp\/v2\/pages"}],"about":[{"href":"https:\/\/visitrauland.com\/rauland-skisenter\/wp-json\/wp\/v2\/types\/page"}],"author":[{"embeddable":true,"href":"https:\/\/visitrauland.com\/rauland-skisenter\/wp-json\/wp\/v2\/users\/10"}],"replies":[{"embeddable":true,"href":"https:\/\/visitrauland.com\/rauland-skisenter\/wp-json\/wp\/v2\/comments?post=8507"}],"version-history":[{"count":11,"href":"https:\/\/visitrauland.com\/rauland-skisenter\/wp-json\/wp\/v2\/pages\/8507\/revisions"}],"predecessor-version":[{"id":10487,"href":"https:\/\/visitrauland.com\/rauland-skisenter\/wp-json\/wp\/v2\/pages\/8507\/revisions\/10487"}],"up":[{"embeddable":true,"href":"https:\/\/visitrauland.com\/rauland-skisenter\/wp-json\/wp\/v2\/pages\/438"}],"wp:attachment":[{"href":"https:\/\/visitrauland.com\/rauland-skisenter\/wp-json\/wp\/v2\/media?parent=8507"}],"curies":[{"name":"wp","href":"https:\/\/api.w.org\/{rel}","templated":true}]}}