{"id":7022,"date":"2022-06-14T00:41:41","date_gmt":"2022-06-13T22:41:41","guid":{"rendered":"https:\/\/visitrauland.com\/rauland-skisenter\/?page_id=7022"},"modified":"2026-02-10T13:56:52","modified_gmt":"2026-02-10T12:56:52","slug":"sommeraktiviteter","status":"publish","type":"page","link":"https:\/\/visitrauland.com\/rauland-skisenter\/sommeraktiviteter\/","title":{"rendered":"Sommeraktiviteter"},"content":{"rendered":"<div id=\"cs-content\" class=\"cs-content\"><div class=\"x-section e7022-e1 m5f2-0 m5f2-1 hero-2026\"><div class=\"x-bg\" aria-hidden=\"true\"><div class=\"x-bg-layer-lower-image\"><\/div><div class=\"x-bg-layer-upper-color\"><\/div><\/div><div class=\"x-div e7022-e2 m5f2-3\"><div class=\"x-text x-text-headline e7022-e3 m5f2-4\"><div class=\"x-text-content\"><div class=\"x-text-content-text\"><h1 class=\"x-text-content-text-primary\">Sommer- og h&oslash;staktiviteter<\/h1>\n<\/div><\/div><\/div><\/div><\/div><div id=\"x-section-1\" class=\"x-section text-24px underhero-text\" style=\"margin: 0px;padding: 45px 0px; background-color: transparent;\"><div id class=\"x-container max width\" style=\"margin: 0px auto;padding: 0px;\"><div class=\"x-column x-sm x-2-3\" style=\"padding: 0px;\"><div id class=\"x-text\" style><h5><b> Sommer og h\u00f8st p\u00e5 Rauland<\/b><\/h5>\n<p><a href=\"https:\/\/visitrauland.com\/rauland-skisenter\/mat-og-drikke\/\">Vierli Kafeteria<\/a> har \u00e5pent hver dag i sommersesongen. Fra 20.juni-16.august.<br>\nHelger gjennom h\u00f8sten, og hver dag i h\u00f8stferien ( uke 40+41)<\/p>\n<p>Hos oss kan hele familien v\u00e6re aktive sammen. P\u00e5 Vierli finner du v\u00e5r sommerlokasjon med aktiviteter som Frisbeegolfbane, minigolf, Barnas Seter, stor lekeplass, b\u00e5t og kano utleie, fiskevann og kafeteria mye mer!<\/p>\n<p>Skulpturen <a href=\"https:\/\/visitrauland.com\/sommer\/vidsyn\/\">Vidsyn<\/a> er verdt et bes\u00f8k, for hele familien. P\u00e5 varme sommerdager er badeplassen <a href=\"https:\/\/visitrauland.com\/rauland-skisenter\/2022\/05\/07\/nyt-strandlivet-pa-fagersand\/\">Fagersand<\/a> en nydelig perle. Start eller avslutt dagen i varmen i v\u00e5re <a href=\"https:\/\/visitrauland.com\/rauland-skisenter\/2022\/02\/03\/nyhet-badstuer-pa-vierli\/\">Badstuer<\/a>, kombiner med en svalende dukkert i Uvatn.<\/p>\n<p>Rauland er ogs\u00e5 en natur perle om sommeren. Vi kan by p\u00e5 mange vakre fjellturer, mange av stiene v\u00e5re er godt merket slik at du kan trygt vandre i fjellheimen.<\/p>\n<p><a href=\"https:\/\/360.vistaportal.io\/share\/collection\/71rDW?logo=1&amp;amp;info=0&amp;amp;logosize= 96&amp;amp;fs=0&amp;amp;vr=0&amp;amp;zoom=1&amp;amp;gyro=0&amp;amp;thumbs=4&amp;amp;margin=6&amp;amp;alpha=0.78&amp;amp;inst=0\" data-wplink-url-error=\"true\"><strong>\u00bb Se 360-graders visning av Vierli her<\/strong><\/a><\/p>\n<\/div><\/div><div class=\"x-column x-sm x-1-3\" style=\"padding: 0px 0px 45px;\">&nbsp;<\/div><\/div><\/div><div id=\"x-section-2\" class=\"x-section\" style=\"margin: 0px;padding: 45px 0px; background-color: hsl(0, 0%, 94%);\"><div id class=\"x-container max width\" style=\"margin: 0px auto;padding: 0px;\"><div class=\"x-column x-sm x-1-1\" style=\"padding: 0px;\"><hr class=\"x-gap\" style=\"margin: 50px 0 0 0;\"><\/div><\/div><div id class=\"x-container max width\" style=\"margin: 0px auto;padding: 0px;\"><div class=\"x-column x-sm x-1-3\" style=\"padding: 0px;\"><div class=\"x-promo\"><div class=\"x-promo-image-wrap\"><noscript><img decoding=\"async\" src=\"https:\/\/visitrauland.com\/rauland-skisenter\/wp-content\/uploads\/sites\/18\/2022\/08\/badstue004_1920.jpg\"><\/noscript><img decoding=\"async\" src=\"data:image\/gif;base64,R0lGODlhAQABAIAAAAAAAP\/\/\/yH5BAEAAAAALAAAAAABAAEAAAIBRAA7\" data-src=\"https:\/\/visitrauland.com\/rauland-skisenter\/wp-content\/uploads\/sites\/18\/2022\/08\/badstue004_1920.jpg\" class=\" lazyload\"><\/div><div class=\"x-promo-content\"><p><strong><a href=\"\/rauland-skisenter\/aktiviteter\/badstuer\/\">BADSTUER<\/a><\/strong><br>\nPr\u00f8v v\u00e5re badstuer ved Uvatn.<\/p>\n<p><a class=\"x-btn\" href=\"\/rauland-skisenter\/aktiviteter\/badstuer\/\" data-options=\"thumbnail: ''\">Les mer<\/a><\/p><\/div><\/div><\/div><div class=\"x-column x-sm x-1-3\" style=\"padding: 0px;\"><div class=\"x-promo\"><div class=\"x-promo-image-wrap\"><noscript><img decoding=\"async\" src=\"https:\/\/visitrauland.com\/rauland-skisenter\/wp-content\/uploads\/sites\/18\/2022\/08\/frisbeegolf024_1920.jpg\"><\/noscript><img decoding=\"async\" src=\"data:image\/gif;base64,R0lGODlhAQABAIAAAAAAAP\/\/\/yH5BAEAAAAALAAAAAABAAEAAAIBRAA7\" data-src=\"https:\/\/visitrauland.com\/rauland-skisenter\/wp-content\/uploads\/sites\/18\/2022\/08\/frisbeegolf024_1920.jpg\" class=\" lazyload\"><\/div><div class=\"x-promo-content\"><p><strong><a href=\"\/rauland-skisenter\/aktiviteter\/frisbeegolf\/\">FRISBEEGOLF<\/a><\/strong><br>\nFrisbeegolfbane p\u00e5 Vierli.<\/p>\n<p><a class=\"x-btn\" href=\"\/rauland-skisenter\/aktiviteter\/frisbeegolf\/\" data-options=\"thumbnail: ''\">Les mer<\/a><\/p><\/div><\/div><\/div><div class=\"x-column x-sm x-1-3\" style=\"padding: 0px;\"><div class=\"x-promo\"><div class=\"x-promo-image-wrap\"><noscript><img decoding=\"async\" src=\"https:\/\/visitrauland.com\/rauland-skisenter\/wp-content\/uploads\/sites\/18\/2022\/08\/minigolf006_1920.jpg\"><\/noscript><img decoding=\"async\" src=\"data:image\/gif;base64,R0lGODlhAQABAIAAAAAAAP\/\/\/yH5BAEAAAAALAAAAAABAAEAAAIBRAA7\" data-src=\"https:\/\/visitrauland.com\/rauland-skisenter\/wp-content\/uploads\/sites\/18\/2022\/08\/minigolf006_1920.jpg\" class=\" lazyload\"><\/div><div class=\"x-promo-content\"><p><strong><a href=\"\/rauland-skisenter\/aktiviteter\/minigolf\/\">MINIGOLF<\/a><\/strong><br>\nPr\u00f8v minigolf hos oss.<\/p>\n<p><a class=\"x-btn\" href=\"\/rauland-skisenter\/aktiviteter\/minigolf\/\" data-options=\"thumbnail: ''\">Les mer<\/a><\/p><\/div><\/div><\/div><\/div><div id class=\"x-container max width\" style=\"margin: 0px auto;padding: 0px;\"><div class=\"x-column x-sm x-1-3\" style=\"padding: 0px;\"><div class=\"x-promo\"><div class=\"x-promo-image-wrap\"><noscript><img decoding=\"async\" src=\"https:\/\/visitrauland.com\/rauland-skisenter\/wp-content\/uploads\/sites\/18\/2022\/06\/B50A9804_1920.jpg\"><\/noscript><img decoding=\"async\" src=\"data:image\/gif;base64,R0lGODlhAQABAIAAAAAAAP\/\/\/yH5BAEAAAAALAAAAAABAAEAAAIBRAA7\" data-src=\"https:\/\/visitrauland.com\/rauland-skisenter\/wp-content\/uploads\/sites\/18\/2022\/06\/B50A9804_1920.jpg\" class=\" lazyload\"><\/div><div class=\"x-promo-content\"><p><strong><a href=\"\/rauland-skisenter\/aktiviteter\/kano\/\">B\u00c5T, KANO, FISKE<\/a><\/strong><br>\nUtleie av b\u00e5t og kano i Uvatn<\/p>\n<p><a class=\"x-btn\" href=\"\/rauland-skisenter\/aktiviteter\/kano\/\" data-options=\"thumbnail: ''\">Les mer<\/a><\/p><\/div><\/div><\/div><div class=\"x-column x-sm x-1-3\" style=\"padding: 0px;\"><div class=\"x-promo\"><div class=\"x-promo-image-wrap\"><noscript><img decoding=\"async\" src=\"https:\/\/visitrauland.com\/rauland-skisenter\/wp-content\/uploads\/sites\/18\/2022\/08\/lekeplass017_1920.jpg\"><\/noscript><img decoding=\"async\" src=\"data:image\/gif;base64,R0lGODlhAQABAIAAAAAAAP\/\/\/yH5BAEAAAAALAAAAAABAAEAAAIBRAA7\" data-src=\"https:\/\/visitrauland.com\/rauland-skisenter\/wp-content\/uploads\/sites\/18\/2022\/08\/lekeplass017_1920.jpg\" class=\" lazyload\"><\/div><div class=\"x-promo-content\"><p><strong><a href=\"\/rauland-skisenter\/aktiviteter\/lekeplass\/\">LEKEPLASS<\/a><\/strong><br>\nStor lekeplass p\u00e5 Vierli.<\/p>\n<p><a class=\"x-btn\" href=\"\/rauland-skisenter\/aktiviteter\/lekeplass\/\" data-options=\"thumbnail: ''\">Les mer<\/a><\/p><\/div><\/div><\/div><div class=\"x-column x-sm x-1-3\" style=\"padding: 0px;\"><div class=\"x-promo\"><div class=\"x-promo-image-wrap\"><noscript><img decoding=\"async\" src=\"https:\/\/visitrauland.com\/rauland-skisenter\/wp-content\/uploads\/sites\/18\/2018\/06\/Barnas-seter-1920.jpg\"><\/noscript><img decoding=\"async\" src=\"data:image\/gif;base64,R0lGODlhAQABAIAAAAAAAP\/\/\/yH5BAEAAAAALAAAAAABAAEAAAIBRAA7\" data-src=\"https:\/\/visitrauland.com\/rauland-skisenter\/wp-content\/uploads\/sites\/18\/2018\/06\/Barnas-seter-1920.jpg\" class=\" lazyload\"><\/div><div class=\"x-promo-content\"><p><strong><a href=\"\/rauland-skisenter\/aktiviteter\/barnasseter\/\">BARNAS SETER<\/a><\/strong><br>\nBes\u00f8k Barnas Seter p\u00e5 Vierli.<\/p>\n<p><a class=\"x-btn\" href=\"\/rauland-skisenter\/aktiviteter\/barnasseter\/\" data-options=\"thumbnail: ''\">Les mer<\/a><\/p><\/div><\/div><\/div><\/div><div id class=\"x-container max width\" style=\"margin: 0px auto;padding: 0px;\"><div class=\"x-column x-sm x-1-3\" style=\"padding: 0px;\"><div class=\"x-promo\"><div class=\"x-promo-image-wrap\"><noscript><img decoding=\"async\" src=\"https:\/\/visitrauland.com\/rauland-skisenter\/wp-content\/uploads\/sites\/18\/2022\/06\/B50A9745_1920.jpg\"><\/noscript><img decoding=\"async\" src=\"data:image\/gif;base64,R0lGODlhAQABAIAAAAAAAP\/\/\/yH5BAEAAAAALAAAAAABAAEAAAIBRAA7\" data-src=\"https:\/\/visitrauland.com\/rauland-skisenter\/wp-content\/uploads\/sites\/18\/2022\/06\/B50A9745_1920.jpg\" class=\" lazyload\"><\/div><div class=\"x-promo-content\"><p><strong><a href=\"\/rauland-skisenter\/aktiviteter\/turorientering\/\"> TURORIENTERING<\/a><\/strong><br>\nFlotte omr\u00e5der for orientering i sommer.<\/p>\n<p><a class=\"x-btn\" href=\"\/rauland-skisenter\/aktiviteter\/turorientering\/\" data-options=\"thumbnail: ''\">Les mer<\/a><\/p><\/div><\/div><\/div><div class=\"x-column x-sm x-1-3\" style=\"padding: 0px;\"><div class=\"x-promo\"><div class=\"x-promo-image-wrap\"><noscript><img decoding=\"async\" src=\"https:\/\/visitrauland.com\/rauland-skisenter\/wp-content\/uploads\/sites\/18\/2022\/06\/B50A9683_1920.jpg\"><\/noscript><img decoding=\"async\" src=\"data:image\/gif;base64,R0lGODlhAQABAIAAAAAAAP\/\/\/yH5BAEAAAAALAAAAAABAAEAAAIBRAA7\" data-src=\"https:\/\/visitrauland.com\/rauland-skisenter\/wp-content\/uploads\/sites\/18\/2022\/06\/B50A9683_1920.jpg\" class=\" lazyload\"><\/div><div class=\"x-promo-content\"><p><strong><a href=\"\/rauland-skisenter\/aktiviteter\/vandring\/\">VANDRING<\/a><\/strong><br>\nFlotte vandremuligheter p\u00e5 Vierli.<\/p>\n<p><a class=\"x-btn\" href=\"\/rauland-skisenter\/aktiviteter\/vandring\/\" data-options=\"thumbnail: ''\">Les mer<\/a><\/p><\/div><\/div><\/div><div class=\"x-column x-sm x-1-3\" style=\"padding: 0px;\"><div class=\"x-promo\"><div class=\"x-promo-image-wrap\"><noscript><img decoding=\"async\" src=\"https:\/\/visitrauland.com\/rauland-skisenter\/wp-content\/uploads\/sites\/18\/2021\/06\/vidsyn-2-1920.jpg\"><\/noscript><img decoding=\"async\" src=\"data:image\/gif;base64,R0lGODlhAQABAIAAAAAAAP\/\/\/yH5BAEAAAAALAAAAAABAAEAAAIBRAA7\" data-src=\"https:\/\/visitrauland.com\/rauland-skisenter\/wp-content\/uploads\/sites\/18\/2021\/06\/vidsyn-2-1920.jpg\" class=\" lazyload\"><\/div><div class=\"x-promo-content\"><p><strong><a href=\"\/sommer\/vidsyn\/\">SKULPTUREN VIDSYN<\/a><\/strong><br>\nBes\u00f8k den mystiske skulpturen p\u00e5 Vierlitoppen.<\/p>\n<p><a class=\"x-btn\" href=\"\/sommer\/vidsyn\/\" data-options=\"thumbnail: ''\">Les mer<\/a><\/p><\/div><\/div><\/div><\/div><div id class=\"x-container max width\" style=\"margin: 0px auto;padding: 0px;\"><div class=\"x-column x-sm x-1-3\" style=\"padding: 0px;\"><div class=\"x-promo\"><div class=\"x-promo-image-wrap\"><noscript><img decoding=\"async\" src=\"https:\/\/visitrauland.com\/rauland-skisenter\/wp-content\/uploads\/sites\/18\/2022\/06\/5B8A1473.jpg\"><\/noscript><img decoding=\"async\" src=\"data:image\/gif;base64,R0lGODlhAQABAIAAAAAAAP\/\/\/yH5BAEAAAAALAAAAAABAAEAAAIBRAA7\" data-src=\"https:\/\/visitrauland.com\/rauland-skisenter\/wp-content\/uploads\/sites\/18\/2022\/06\/5B8A1473.jpg\" class=\" lazyload\"><\/div><div class=\"x-promo-content\"><p><strong><a href=\"\/sommer\/\">SOMMER P\u00c5 RAULAND<\/a><\/strong><br>\nFlere sommeraktiviteter og tips i Rauland.<\/p>\n<p><a class=\"x-btn\" href=\"\/sommer\/\" data-options=\"thumbnail: ''\">Les mer<\/a><\/p><\/div><\/div><\/div><div class=\"x-column x-sm x-1-3\" style=\"padding: 0px;\"><div class=\"x-promo\"><div class=\"x-promo-image-wrap\"><noscript><img decoding=\"async\" src=\"https:\/\/visitrauland.com\/rauland-skisenter\/wp-content\/uploads\/sites\/18\/2018\/12\/Snoscooter-2-1920.jpg\"><\/noscript><img decoding=\"async\" src=\"data:image\/gif;base64,R0lGODlhAQABAIAAAAAAAP\/\/\/yH5BAEAAAAALAAAAAABAAEAAAIBRAA7\" data-src=\"https:\/\/visitrauland.com\/rauland-skisenter\/wp-content\/uploads\/sites\/18\/2018\/12\/Snoscooter-2-1920.jpg\" class=\" lazyload\"><\/div><div class=\"x-promo-content\"><p><strong><a href=\"\/rauland-skisenter\/aktiviteter\/\">VINTERAKTIVITETER<\/a><\/strong><br>\nLes mer om vinteraktiviteter p\u00e5 Vierli!<\/p>\n<p><a class=\"x-btn\" href=\"\/rauland-skisenter\/aktiviteter\/\" data-options=\"thumbnail: ''\">Les mer<\/a><\/p><\/div><\/div><\/div><div class=\"x-column x-sm x-1-3\" style=\"padding: 0px;\">&nbsp;<\/div><\/div><\/div><div class=\"x-section e7022-e40 m5f2-0 m5f2-2\"><div class=\"x-bg\" aria-hidden=\"true\"><div class=\"x-bg-layer-lower-image\" data-x-element-bg-layer=\"{&quot;parallaxSize&quot;:&quot;150%&quot;,&quot;parallaxDir&quot;:&quot;v&quot;,&quot;parallaxRev&quot;:false}\"><\/div><\/div><div class=\"x-row x-container max width e7022-e41 m5f2-5 m5f2-6\"><div class=\"x-row-inner\"><div class=\"x-col e7022-e42 m5f2-7\"><\/div><\/div><\/div><\/div><\/div>\n","protected":false},"excerpt":{"rendered":"<p>Sommer- og h&oslash;staktiviteter Sommer og h\u00f8st p\u00e5 Rauland Vierli Kafeteria har \u00e5pent hver dag i sommersesongen. Fra 20.juni-16.august. Helger gjennom h\u00f8sten, og hver dag i h\u00f8stferien ( uke 40+41) Hos oss kan hele familien v\u00e6re aktive sammen. P\u00e5 Vierli finner du v\u00e5r sommerlokasjon med aktiviteter som Frisbeegolfbane, minigolf, Barnas Seter, stor lekeplass, b\u00e5t og kano utleie, fiskevann og kafeteria mye &#8230; <\/p>\n<div><a href=\"https:\/\/visitrauland.com\/rauland-skisenter\/sommeraktiviteter\/\" class=\"more-link\">Les Mer<\/a><\/div>\n","protected":false},"author":10,"featured_media":0,"parent":0,"menu_order":0,"comment_status":"closed","ping_status":"closed","template":"template-blank-4.php","meta":{"_relevanssi_hide_post":"","_relevanssi_hide_content":"","_relevanssi_pin_for_all":"","_relevanssi_pin_keywords":"","_relevanssi_unpin_keywords":"","_relevanssi_related_keywords":"","_relevanssi_related_include_ids":"","_relevanssi_related_exclude_ids":"","_relevanssi_related_no_append":"","_relevanssi_related_not_related":"","_relevanssi_related_posts":"10365,8624,9600,9869,10371,9827","_relevanssi_noindex_reason":"","seo_booster_metabox":"","footnotes":""},"class_list":["post-7022","page","type-page","status-publish","hentry","no-post-thumbnail"],"yoast_head":"<!-- This site is optimized with the Yoast SEO plugin v27.2 - https:\/\/yoast.com\/product\/yoast-seo-wordpress\/ -->\n<title>Sommeraktiviteter - Rauland Skisenter<\/title>\n<meta name=\"robots\" content=\"index, follow, max-snippet:-1, max-image-preview:large, max-video-preview:-1\" \/>\n<link rel=\"canonical\" href=\"https:\/\/visitrauland.com\/rauland-skisenter\/sommeraktiviteter\/\" \/>\n<meta property=\"og:locale\" content=\"nb_NO\" \/>\n<meta property=\"og:type\" content=\"article\" \/>\n<meta property=\"og:title\" content=\"Sommeraktiviteter - Rauland Skisenter\" \/>\n<meta property=\"og:description\" content=\"Sommer- og h&oslash;staktiviteter Sommer og h\u00f8st p\u00e5 Rauland Vierli Kafeteria har \u00e5pent hver dag i sommersesongen. Fra 20.juni-16.august. Helger gjennom h\u00f8sten, og hver dag i h\u00f8stferien ( uke 40+41) Hos oss kan hele familien v\u00e6re aktive sammen. P\u00e5 Vierli finner du v\u00e5r sommerlokasjon med aktiviteter som Frisbeegolfbane, minigolf, Barnas Seter, stor lekeplass, b\u00e5t og kano utleie, fiskevann og kafeteria mye ... Les Mer\" \/>\n<meta property=\"og:url\" content=\"https:\/\/visitrauland.com\/rauland-skisenter\/sommeraktiviteter\/\" \/>\n<meta property=\"og:site_name\" content=\"Rauland Skisenter\" \/>\n<meta property=\"article:modified_time\" content=\"2026-02-10T12:56:52+00:00\" \/>\n<meta name=\"twitter:card\" content=\"summary_large_image\" \/>\n<meta name=\"twitter:label1\" content=\"Ansl. lesetid\" \/>\n\t<meta name=\"twitter:data1\" content=\"7 minutter\" \/>\n<script type=\"application\/ld+json\" class=\"yoast-schema-graph\">{\"@context\":\"https:\/\/schema.org\",\"@graph\":[{\"@type\":\"WebPage\",\"@id\":\"https:\/\/visitrauland.com\/rauland-skisenter\/sommeraktiviteter\/\",\"url\":\"https:\/\/visitrauland.com\/rauland-skisenter\/sommeraktiviteter\/\",\"name\":\"Sommeraktiviteter - Rauland Skisenter\",\"isPartOf\":{\"@id\":\"https:\/\/visitrauland.com\/rauland-skisenter\/#website\"},\"datePublished\":\"2022-06-13T22:41:41+00:00\",\"dateModified\":\"2026-02-10T12:56:52+00:00\",\"breadcrumb\":{\"@id\":\"https:\/\/visitrauland.com\/rauland-skisenter\/sommeraktiviteter\/#breadcrumb\"},\"inLanguage\":\"nb-NO\",\"potentialAction\":[{\"@type\":\"ReadAction\",\"target\":[\"https:\/\/visitrauland.com\/rauland-skisenter\/sommeraktiviteter\/\"]}]},{\"@type\":\"BreadcrumbList\",\"@id\":\"https:\/\/visitrauland.com\/rauland-skisenter\/sommeraktiviteter\/#breadcrumb\",\"itemListElement\":[{\"@type\":\"ListItem\",\"position\":1,\"name\":\"Hjem\",\"item\":\"https:\/\/visitrauland.com\/rauland-skisenter\/\"},{\"@type\":\"ListItem\",\"position\":2,\"name\":\"Sommeraktiviteter\"}]},{\"@type\":\"WebSite\",\"@id\":\"https:\/\/visitrauland.com\/rauland-skisenter\/#website\",\"url\":\"https:\/\/visitrauland.com\/rauland-skisenter\/\",\"name\":\"Rauland Skisenter\",\"description\":\"Aktiviteter for hele familien!\",\"potentialAction\":[{\"@type\":\"SearchAction\",\"target\":{\"@type\":\"EntryPoint\",\"urlTemplate\":\"https:\/\/visitrauland.com\/rauland-skisenter\/?s={search_term_string}\"},\"query-input\":{\"@type\":\"PropertyValueSpecification\",\"valueRequired\":true,\"valueName\":\"search_term_string\"}}],\"inLanguage\":\"nb-NO\"}]}<\/script>\n<!-- \/ Yoast SEO plugin. -->","yoast_head_json":{"title":"Sommeraktiviteter - Rauland Skisenter","robots":{"index":"index","follow":"follow","max-snippet":"max-snippet:-1","max-image-preview":"max-image-preview:large","max-video-preview":"max-video-preview:-1"},"canonical":"https:\/\/visitrauland.com\/rauland-skisenter\/sommeraktiviteter\/","og_locale":"nb_NO","og_type":"article","og_title":"Sommeraktiviteter - Rauland Skisenter","og_description":"Sommer- og h&oslash;staktiviteter Sommer og h\u00f8st p\u00e5 Rauland Vierli Kafeteria har \u00e5pent hver dag i sommersesongen. Fra 20.juni-16.august. Helger gjennom h\u00f8sten, og hver dag i h\u00f8stferien ( uke 40+41) Hos oss kan hele familien v\u00e6re aktive sammen. P\u00e5 Vierli finner du v\u00e5r sommerlokasjon med aktiviteter som Frisbeegolfbane, minigolf, Barnas Seter, stor lekeplass, b\u00e5t og kano utleie, fiskevann og kafeteria mye ... Les Mer","og_url":"https:\/\/visitrauland.com\/rauland-skisenter\/sommeraktiviteter\/","og_site_name":"Rauland Skisenter","article_modified_time":"2026-02-10T12:56:52+00:00","twitter_card":"summary_large_image","twitter_misc":{"Ansl. lesetid":"7 minutter"},"schema":{"@context":"https:\/\/schema.org","@graph":[{"@type":"WebPage","@id":"https:\/\/visitrauland.com\/rauland-skisenter\/sommeraktiviteter\/","url":"https:\/\/visitrauland.com\/rauland-skisenter\/sommeraktiviteter\/","name":"Sommeraktiviteter - Rauland Skisenter","isPartOf":{"@id":"https:\/\/visitrauland.com\/rauland-skisenter\/#website"},"datePublished":"2022-06-13T22:41:41+00:00","dateModified":"2026-02-10T12:56:52+00:00","breadcrumb":{"@id":"https:\/\/visitrauland.com\/rauland-skisenter\/sommeraktiviteter\/#breadcrumb"},"inLanguage":"nb-NO","potentialAction":[{"@type":"ReadAction","target":["https:\/\/visitrauland.com\/rauland-skisenter\/sommeraktiviteter\/"]}]},{"@type":"BreadcrumbList","@id":"https:\/\/visitrauland.com\/rauland-skisenter\/sommeraktiviteter\/#breadcrumb","itemListElement":[{"@type":"ListItem","position":1,"name":"Hjem","item":"https:\/\/visitrauland.com\/rauland-skisenter\/"},{"@type":"ListItem","position":2,"name":"Sommeraktiviteter"}]},{"@type":"WebSite","@id":"https:\/\/visitrauland.com\/rauland-skisenter\/#website","url":"https:\/\/visitrauland.com\/rauland-skisenter\/","name":"Rauland Skisenter","description":"Aktiviteter for hele familien!","potentialAction":[{"@type":"SearchAction","target":{"@type":"EntryPoint","urlTemplate":"https:\/\/visitrauland.com\/rauland-skisenter\/?s={search_term_string}"},"query-input":{"@type":"PropertyValueSpecification","valueRequired":true,"valueName":"search_term_string"}}],"inLanguage":"nb-NO"}]}},"publishpress_future_action":{"enabled":false,"date":"2026-04-13 05:10:54","action":"change-status","newStatus":"draft","terms":[],"taxonomy":"","extraData":[]},"publishpress_future_workflow_manual_trigger":{"enabledWorkflows":[]},"_links":{"self":[{"href":"https:\/\/visitrauland.com\/rauland-skisenter\/wp-json\/wp\/v2\/pages\/7022","targetHints":{"allow":["GET"]}}],"collection":[{"href":"https:\/\/visitrauland.com\/rauland-skisenter\/wp-json\/wp\/v2\/pages"}],"about":[{"href":"https:\/\/visitrauland.com\/rauland-skisenter\/wp-json\/wp\/v2\/types\/page"}],"author":[{"embeddable":true,"href":"https:\/\/visitrauland.com\/rauland-skisenter\/wp-json\/wp\/v2\/users\/10"}],"replies":[{"embeddable":true,"href":"https:\/\/visitrauland.com\/rauland-skisenter\/wp-json\/wp\/v2\/comments?post=7022"}],"version-history":[{"count":47,"href":"https:\/\/visitrauland.com\/rauland-skisenter\/wp-json\/wp\/v2\/pages\/7022\/revisions"}],"predecessor-version":[{"id":11034,"href":"https:\/\/visitrauland.com\/rauland-skisenter\/wp-json\/wp\/v2\/pages\/7022\/revisions\/11034"}],"wp:attachment":[{"href":"https:\/\/visitrauland.com\/rauland-skisenter\/wp-json\/wp\/v2\/media?parent=7022"}],"curies":[{"name":"wp","href":"https:\/\/api.w.org\/{rel}","templated":true}]}}