{"id":6972,"date":"2022-06-13T15:29:44","date_gmt":"2022-06-13T13:29:44","guid":{"rendered":"https:\/\/visitrauland.com\/rauland-skisenter\/?page_id=6972"},"modified":"2025-05-13T13:04:34","modified_gmt":"2025-05-13T11:04:34","slug":"turorientering","status":"publish","type":"page","link":"https:\/\/visitrauland.com\/rauland-skisenter\/aktiviteter\/turorientering\/","title":{"rendered":"Turorientering"},"content":{"rendered":"<div id=\"cs-content\" class=\"cs-content\"><div id=\"x-section-1\" class=\"x-section\" style=\"margin: 0px;padding: 0px; background-color: transparent;\"><div id class=\"x-container\" style=\"margin: 0px auto;padding: 0px;\"><div class=\"x-column x-sm x-1-1\" style=\"padding: 0px;\"><noscript><img decoding=\"async\" class=\"x-img x-img-none\" src=\"https:\/\/visitrauland.com\/rauland-skisenter\/wp-content\/uploads\/sites\/18\/2022\/06\/B50A9712_1920.jpg\"><\/noscript><img decoding=\"async\" class=\"x-img x-img-none lazyload\" src=\"data:image\/gif;base64,R0lGODlhAQABAIAAAAAAAP\/\/\/yH5BAEAAAAALAAAAAABAAEAAAIBRAA7\" data-src=\"https:\/\/visitrauland.com\/rauland-skisenter\/wp-content\/uploads\/sites\/18\/2022\/06\/B50A9712_1920.jpg\"><\/div><\/div><div id class=\"x-container\" style=\"margin: 0px auto;padding: 0px;\"><\/div><\/div><div id=\"x-section-2\" class=\"x-section\" style=\"margin: 0px;padding: 0px; background-color: transparent;\"><div id class=\"x-container\" style=\"margin: 0px auto;padding: 0px;\"><div class=\"x-column x-sm x-1-1\" style=\"padding: 0px;\"><hr class=\"x-line e6972-e9 m5do-0\"><div id class=\"x-text\" style><p style=\"background: white; margin: 0cm 0cm 15.75pt 0cm;\"><strong><span style=\"font-size: 16.5pt; font-family: 'Arial',sans-serif; color: #222f59;\">Turorientering for hele familien p\u00e5 Vierli. <\/span><\/strong><\/p>\n<p style=\"background: white; margin: 0cm 0cm 15.75pt 0cm;\"><span style=\"font-size: 16.5pt; font-family: 'Arial',sans-serif; color: #222f59;\"><strong>Sommer 2025<br>\n<\/strong>Tilgjengelig hver dag gjennom sommer og h\u00f8st sesongen<br>\nFra 21 juni til 12.oktober.&nbsp;<\/span><\/p>\n<p style=\"background: white; margin: 0cm 0cm 15.75pt 0cm;\"><span style=\"font-size: 16.5pt; font-family: 'Arial',sans-serif; color: #222f59;\">Vi tilbyr egen turorientering tilrettelagt for barnefamilier med \u00e5tte poster i n\u00e6romr\u00e5det. Alle som fullf\u00f8rer turorienteringen f\u00e5r en liten premie. <\/span><\/p>\n<p style=\"background: white; margin: 0cm 0cm 15.75pt 0cm;\"><span style=\"font-size: 16.5pt; font-family: 'Arial',sans-serif; color: #222f59;\">Ta kontakt med personalet p\u00e5 Vierli kafeteria for utlevering av kart. <a href=\"https:\/\/visitrauland.com\/rauland-skisenter\/mat-og-drikke\/\">Se her for \u00e5pningstider.<\/a><o:p><\/o:p><\/span><\/p>\n<\/div><\/div><\/div><\/div><\/div>\n","protected":false},"excerpt":{"rendered":"<p>Turorientering for hele familien p\u00e5 Vierli. Sommer 2025 Tilgjengelig hver dag gjennom sommer og h\u00f8st sesongen Fra 21 juni til 12.oktober.&nbsp; Vi tilbyr egen turorientering tilrettelagt for barnefamilier med \u00e5tte poster i n\u00e6romr\u00e5det. Alle som fullf\u00f8rer turorienteringen f\u00e5r en liten premie. Ta kontakt med personalet p\u00e5 Vierli kafeteria for utlevering av kart. Se her for \u00e5pningstider.<\/p>\n","protected":false},"author":10,"featured_media":0,"parent":452,"menu_order":0,"comment_status":"closed","ping_status":"closed","template":"","meta":{"_relevanssi_hide_post":"","_relevanssi_hide_content":"","_relevanssi_pin_for_all":"","_relevanssi_pin_keywords":"","_relevanssi_unpin_keywords":"","_relevanssi_related_keywords":"","_relevanssi_related_include_ids":"","_relevanssi_related_exclude_ids":"","_relevanssi_related_no_append":"","_relevanssi_related_not_related":"","_relevanssi_related_posts":"","_relevanssi_noindex_reason":"","seo_booster_metabox":"","footnotes":""},"class_list":["post-6972","page","type-page","status-publish","hentry","no-post-thumbnail"],"yoast_head":"<!-- This site is optimized with the Yoast SEO plugin v27.2 - https:\/\/yoast.com\/product\/yoast-seo-wordpress\/ -->\n<title>Turorientering - Rauland Skisenter<\/title>\n<meta name=\"robots\" content=\"index, follow, max-snippet:-1, max-image-preview:large, max-video-preview:-1\" \/>\n<link rel=\"canonical\" href=\"https:\/\/visitrauland.com\/rauland-skisenter\/aktiviteter\/turorientering\/\" \/>\n<meta property=\"og:locale\" content=\"nb_NO\" \/>\n<meta property=\"og:type\" content=\"article\" \/>\n<meta property=\"og:title\" content=\"Turorientering - Rauland Skisenter\" \/>\n<meta property=\"og:description\" content=\"Turorientering for hele familien p\u00e5 Vierli. Sommer 2025 Tilgjengelig hver dag gjennom sommer og h\u00f8st sesongen Fra 21 juni til 12.oktober.&nbsp; Vi tilbyr egen turorientering tilrettelagt for barnefamilier med \u00e5tte poster i n\u00e6romr\u00e5det. Alle som fullf\u00f8rer turorienteringen f\u00e5r en liten premie. Ta kontakt med personalet p\u00e5 Vierli kafeteria for utlevering av kart. Se her for \u00e5pningstider.\" \/>\n<meta property=\"og:url\" content=\"https:\/\/visitrauland.com\/rauland-skisenter\/aktiviteter\/turorientering\/\" \/>\n<meta property=\"og:site_name\" content=\"Rauland Skisenter\" \/>\n<meta property=\"article:modified_time\" content=\"2025-05-13T11:04:34+00:00\" \/>\n<meta name=\"twitter:card\" content=\"summary_large_image\" \/>\n<meta name=\"twitter:label1\" content=\"Ansl. lesetid\" \/>\n\t<meta name=\"twitter:data1\" content=\"1 minutt\" \/>\n<script type=\"application\/ld+json\" class=\"yoast-schema-graph\">{\"@context\":\"https:\/\/schema.org\",\"@graph\":[{\"@type\":\"WebPage\",\"@id\":\"https:\/\/visitrauland.com\/rauland-skisenter\/aktiviteter\/turorientering\/\",\"url\":\"https:\/\/visitrauland.com\/rauland-skisenter\/aktiviteter\/turorientering\/\",\"name\":\"Turorientering - Rauland Skisenter\",\"isPartOf\":{\"@id\":\"https:\/\/visitrauland.com\/rauland-skisenter\/#website\"},\"datePublished\":\"2022-06-13T13:29:44+00:00\",\"dateModified\":\"2025-05-13T11:04:34+00:00\",\"breadcrumb\":{\"@id\":\"https:\/\/visitrauland.com\/rauland-skisenter\/aktiviteter\/turorientering\/#breadcrumb\"},\"inLanguage\":\"nb-NO\",\"potentialAction\":[{\"@type\":\"ReadAction\",\"target\":[\"https:\/\/visitrauland.com\/rauland-skisenter\/aktiviteter\/turorientering\/\"]}]},{\"@type\":\"BreadcrumbList\",\"@id\":\"https:\/\/visitrauland.com\/rauland-skisenter\/aktiviteter\/turorientering\/#breadcrumb\",\"itemListElement\":[{\"@type\":\"ListItem\",\"position\":1,\"name\":\"Hjem\",\"item\":\"https:\/\/visitrauland.com\/rauland-skisenter\/\"},{\"@type\":\"ListItem\",\"position\":2,\"name\":\"Aktiviteter hos Rauland Skisenter\",\"item\":\"https:\/\/visitrauland.com\/rauland-skisenter\/aktiviteter\/\"},{\"@type\":\"ListItem\",\"position\":3,\"name\":\"Turorientering\"}]},{\"@type\":\"WebSite\",\"@id\":\"https:\/\/visitrauland.com\/rauland-skisenter\/#website\",\"url\":\"https:\/\/visitrauland.com\/rauland-skisenter\/\",\"name\":\"Rauland Skisenter\",\"description\":\"Aktiviteter for hele familien!\",\"potentialAction\":[{\"@type\":\"SearchAction\",\"target\":{\"@type\":\"EntryPoint\",\"urlTemplate\":\"https:\/\/visitrauland.com\/rauland-skisenter\/?s={search_term_string}\"},\"query-input\":{\"@type\":\"PropertyValueSpecification\",\"valueRequired\":true,\"valueName\":\"search_term_string\"}}],\"inLanguage\":\"nb-NO\"}]}<\/script>\n<!-- \/ Yoast SEO plugin. -->","yoast_head_json":{"title":"Turorientering - Rauland Skisenter","robots":{"index":"index","follow":"follow","max-snippet":"max-snippet:-1","max-image-preview":"max-image-preview:large","max-video-preview":"max-video-preview:-1"},"canonical":"https:\/\/visitrauland.com\/rauland-skisenter\/aktiviteter\/turorientering\/","og_locale":"nb_NO","og_type":"article","og_title":"Turorientering - Rauland Skisenter","og_description":"Turorientering for hele familien p\u00e5 Vierli. Sommer 2025 Tilgjengelig hver dag gjennom sommer og h\u00f8st sesongen Fra 21 juni til 12.oktober.&nbsp; Vi tilbyr egen turorientering tilrettelagt for barnefamilier med \u00e5tte poster i n\u00e6romr\u00e5det. Alle som fullf\u00f8rer turorienteringen f\u00e5r en liten premie. Ta kontakt med personalet p\u00e5 Vierli kafeteria for utlevering av kart. Se her for \u00e5pningstider.","og_url":"https:\/\/visitrauland.com\/rauland-skisenter\/aktiviteter\/turorientering\/","og_site_name":"Rauland Skisenter","article_modified_time":"2025-05-13T11:04:34+00:00","twitter_card":"summary_large_image","twitter_misc":{"Ansl. lesetid":"1 minutt"},"schema":{"@context":"https:\/\/schema.org","@graph":[{"@type":"WebPage","@id":"https:\/\/visitrauland.com\/rauland-skisenter\/aktiviteter\/turorientering\/","url":"https:\/\/visitrauland.com\/rauland-skisenter\/aktiviteter\/turorientering\/","name":"Turorientering - Rauland Skisenter","isPartOf":{"@id":"https:\/\/visitrauland.com\/rauland-skisenter\/#website"},"datePublished":"2022-06-13T13:29:44+00:00","dateModified":"2025-05-13T11:04:34+00:00","breadcrumb":{"@id":"https:\/\/visitrauland.com\/rauland-skisenter\/aktiviteter\/turorientering\/#breadcrumb"},"inLanguage":"nb-NO","potentialAction":[{"@type":"ReadAction","target":["https:\/\/visitrauland.com\/rauland-skisenter\/aktiviteter\/turorientering\/"]}]},{"@type":"BreadcrumbList","@id":"https:\/\/visitrauland.com\/rauland-skisenter\/aktiviteter\/turorientering\/#breadcrumb","itemListElement":[{"@type":"ListItem","position":1,"name":"Hjem","item":"https:\/\/visitrauland.com\/rauland-skisenter\/"},{"@type":"ListItem","position":2,"name":"Aktiviteter hos Rauland Skisenter","item":"https:\/\/visitrauland.com\/rauland-skisenter\/aktiviteter\/"},{"@type":"ListItem","position":3,"name":"Turorientering"}]},{"@type":"WebSite","@id":"https:\/\/visitrauland.com\/rauland-skisenter\/#website","url":"https:\/\/visitrauland.com\/rauland-skisenter\/","name":"Rauland Skisenter","description":"Aktiviteter for hele familien!","potentialAction":[{"@type":"SearchAction","target":{"@type":"EntryPoint","urlTemplate":"https:\/\/visitrauland.com\/rauland-skisenter\/?s={search_term_string}"},"query-input":{"@type":"PropertyValueSpecification","valueRequired":true,"valueName":"search_term_string"}}],"inLanguage":"nb-NO"}]}},"publishpress_future_action":{"enabled":false,"date":"2026-04-19 20:48:26","action":"change-status","newStatus":"draft","terms":[],"taxonomy":"","extraData":[]},"publishpress_future_workflow_manual_trigger":{"enabledWorkflows":[]},"_links":{"self":[{"href":"https:\/\/visitrauland.com\/rauland-skisenter\/wp-json\/wp\/v2\/pages\/6972","targetHints":{"allow":["GET"]}}],"collection":[{"href":"https:\/\/visitrauland.com\/rauland-skisenter\/wp-json\/wp\/v2\/pages"}],"about":[{"href":"https:\/\/visitrauland.com\/rauland-skisenter\/wp-json\/wp\/v2\/types\/page"}],"author":[{"embeddable":true,"href":"https:\/\/visitrauland.com\/rauland-skisenter\/wp-json\/wp\/v2\/users\/10"}],"replies":[{"embeddable":true,"href":"https:\/\/visitrauland.com\/rauland-skisenter\/wp-json\/wp\/v2\/comments?post=6972"}],"version-history":[{"count":8,"href":"https:\/\/visitrauland.com\/rauland-skisenter\/wp-json\/wp\/v2\/pages\/6972\/revisions"}],"predecessor-version":[{"id":10358,"href":"https:\/\/visitrauland.com\/rauland-skisenter\/wp-json\/wp\/v2\/pages\/6972\/revisions\/10358"}],"up":[{"embeddable":true,"href":"https:\/\/visitrauland.com\/rauland-skisenter\/wp-json\/wp\/v2\/pages\/452"}],"wp:attachment":[{"href":"https:\/\/visitrauland.com\/rauland-skisenter\/wp-json\/wp\/v2\/media?parent=6972"}],"curies":[{"name":"wp","href":"https:\/\/api.w.org\/{rel}","templated":true}]}}