{"id":6970,"date":"2022-06-13T15:29:09","date_gmt":"2022-06-13T13:29:09","guid":{"rendered":"https:\/\/visitrauland.com\/rauland-skisenter\/?page_id=6970"},"modified":"2025-10-21T14:57:51","modified_gmt":"2025-10-21T12:57:51","slug":"barnasseter","status":"publish","type":"page","link":"https:\/\/visitrauland.com\/rauland-skisenter\/aktiviteter\/barnasseter\/","title":{"rendered":"Barnas Seter"},"content":{"rendered":"<div id=\"cs-content\" class=\"cs-content\"><div id=\"x-section-1\" class=\"x-section\" style=\"margin: 0px;padding: 0px; background-color: transparent;\"><div id class=\"x-container\" style=\"margin: 0px auto;padding: 0px;\"><div class=\"x-column x-sm x-1-1\" style=\"padding: 0px;\">&nbsp;<\/div><\/div><div id class=\"x-container\" style=\"margin: 0px auto;padding: 0px;\"><\/div><\/div><div id=\"x-section-2\" class=\"x-section\" style=\"margin: 0px;padding: 0px; background-color: transparent;\"><div id class=\"x-container\" style=\"margin: 0px auto;padding: 0px;\"><div class=\"x-column x-sm x-1-1\" style=\"padding: 0px;\"><hr class=\"x-line e6970-e9 m5dm-0\"><div id class=\"x-text\" style><p style=\"font-weight: 400;\">Ved Barnas Seter kan du oppleve&nbsp; kaniner, ender og h\u00f8ner p\u00e5 n\u00e6rt hold. Barnas seter holder \u00e5pent hver dag gjennom sommeren, fra ca 1. juli- 30. august.<\/p>\n<p><strong>Vi ber alle som bes\u00f8ker Barnas Seter forholde seg til disse reglene:<\/strong><\/p>\n<ul>\n<li>Alle er velkomne inn til dyrene, men v\u00e6r vennlig \u00e5 ikke spring etter dyrene.<\/li>\n<li>Det er ikke lov \u00e5 mate dyrene, de f\u00e5r egen mat.<\/li>\n<li>Lukk porten n\u00e5r du g\u00e5r inn og ut.<\/li>\n<li>Barn skal ha oppsyn av voksne.<\/li>\n<\/ul>\n<p><noscript><img decoding=\"async\" src=\"https:\/\/visitrauland.com\/rauland-skisenter\/wp-content\/uploads\/sites\/18\/2018\/06\/Barnas-seter-1920.jpg\" alt=\"Barn foran inngangen til barnas seter p\u00e5 Vik\u00f8rli Turistsenter, med advarsel om ikke \u00e5 l\u00f8pe etter dyrene.\" width=\"1920\" height=\"1080\" class=\"alignnone size-full wp-image-2335\" srcset=\"https:\/\/visitrauland.com\/rauland-skisenter\/wp-content\/uploads\/sites\/18\/2018\/06\/Barnas-seter-1920.jpg 1920w, https:\/\/visitrauland.com\/rauland-skisenter\/wp-content\/uploads\/sites\/18\/2018\/06\/Barnas-seter-1920-300x169.jpg 300w, https:\/\/visitrauland.com\/rauland-skisenter\/wp-content\/uploads\/sites\/18\/2018\/06\/Barnas-seter-1920-768x432.jpg 768w, https:\/\/visitrauland.com\/rauland-skisenter\/wp-content\/uploads\/sites\/18\/2018\/06\/Barnas-seter-1920-1024x576.jpg 1024w, https:\/\/visitrauland.com\/rauland-skisenter\/wp-content\/uploads\/sites\/18\/2018\/06\/Barnas-seter-1920-500x281.jpg 500w, https:\/\/visitrauland.com\/rauland-skisenter\/wp-content\/uploads\/sites\/18\/2018\/06\/Barnas-seter-1920-100x56.jpg 100w, https:\/\/visitrauland.com\/rauland-skisenter\/wp-content\/uploads\/sites\/18\/2018\/06\/Barnas-seter-1920-862x485.jpg 862w, https:\/\/visitrauland.com\/rauland-skisenter\/wp-content\/uploads\/sites\/18\/2018\/06\/Barnas-seter-1920-1200x675.jpg 1200w\" sizes=\"(max-width: 1920px) 100vw, 1920px\"><\/noscript><img decoding=\"async\" src=\"data:image\/svg+xml,%3Csvg%20xmlns%3D%22http%3A%2F%2Fwww.w3.org%2F2000%2Fsvg%22%20viewBox%3D%220%200%201920%201080%22%3E%3C%2Fsvg%3E\" alt=\"Barn foran inngangen til barnas seter p\u00e5 Vik\u00f8rli Turistsenter, med advarsel om ikke \u00e5 l\u00f8pe etter dyrene.\" width=\"1920\" height=\"1080\" class=\"alignnone size-full wp-image-2335 lazyload\" srcset=\"data:image\/svg+xml,%3Csvg%20xmlns%3D%22http%3A%2F%2Fwww.w3.org%2F2000%2Fsvg%22%20viewBox%3D%220%200%201920%201080%22%3E%3C%2Fsvg%3E 1920w\" sizes=\"(max-width: 1920px) 100vw, 1920px\" data-srcset=\"https:\/\/visitrauland.com\/rauland-skisenter\/wp-content\/uploads\/sites\/18\/2018\/06\/Barnas-seter-1920.jpg 1920w, https:\/\/visitrauland.com\/rauland-skisenter\/wp-content\/uploads\/sites\/18\/2018\/06\/Barnas-seter-1920-300x169.jpg 300w, https:\/\/visitrauland.com\/rauland-skisenter\/wp-content\/uploads\/sites\/18\/2018\/06\/Barnas-seter-1920-768x432.jpg 768w, https:\/\/visitrauland.com\/rauland-skisenter\/wp-content\/uploads\/sites\/18\/2018\/06\/Barnas-seter-1920-1024x576.jpg 1024w, https:\/\/visitrauland.com\/rauland-skisenter\/wp-content\/uploads\/sites\/18\/2018\/06\/Barnas-seter-1920-500x281.jpg 500w, https:\/\/visitrauland.com\/rauland-skisenter\/wp-content\/uploads\/sites\/18\/2018\/06\/Barnas-seter-1920-100x56.jpg 100w, https:\/\/visitrauland.com\/rauland-skisenter\/wp-content\/uploads\/sites\/18\/2018\/06\/Barnas-seter-1920-862x485.jpg 862w, https:\/\/visitrauland.com\/rauland-skisenter\/wp-content\/uploads\/sites\/18\/2018\/06\/Barnas-seter-1920-1200x675.jpg 1200w\" data-src=\"https:\/\/visitrauland.com\/rauland-skisenter\/wp-content\/uploads\/sites\/18\/2018\/06\/Barnas-seter-1920.jpg\"><\/p>\n<\/div><\/div><\/div><\/div><\/div>\n","protected":false},"excerpt":{"rendered":"<p>&nbsp;Ved Barnas Seter kan du oppleve&nbsp; kaniner, ender og h\u00f8ner p\u00e5 n\u00e6rt hold. Barnas seter holder \u00e5pent hver dag gjennom sommeren, fra ca 1. juli- 30. august. Vi ber alle som bes\u00f8ker Barnas Seter forholde seg til disse reglene: Alle er velkomne inn til dyrene, men v\u00e6r vennlig \u00e5 ikke spring etter dyrene. Det er ikke lov \u00e5 mate dyrene, &#8230; <\/p>\n<div><a href=\"https:\/\/visitrauland.com\/rauland-skisenter\/aktiviteter\/barnasseter\/\" class=\"more-link\">Les Mer<\/a><\/div>\n","protected":false},"author":10,"featured_media":0,"parent":452,"menu_order":0,"comment_status":"closed","ping_status":"closed","template":"","meta":{"_relevanssi_hide_post":"","_relevanssi_hide_content":"","_relevanssi_pin_for_all":"","_relevanssi_pin_keywords":"","_relevanssi_unpin_keywords":"","_relevanssi_related_keywords":"","_relevanssi_related_include_ids":"","_relevanssi_related_exclude_ids":"","_relevanssi_related_no_append":"","_relevanssi_related_not_related":"","_relevanssi_related_posts":"9341,5868,9708,8624,10465,10427","_relevanssi_noindex_reason":"","seo_booster_metabox":"","footnotes":""},"class_list":["post-6970","page","type-page","status-publish","hentry","no-post-thumbnail"],"yoast_head":"<!-- This site is optimized with the Yoast SEO plugin v27.2 - https:\/\/yoast.com\/product\/yoast-seo-wordpress\/ -->\n<title>Barnas Seter - Rauland Skisenter<\/title>\n<meta name=\"description\" content=\"Barnas Seter finner du p\u00e5 Vierli, med geiter, kaniner m.m. Barnas Seter har \u00e5pent hele sommeren.\" \/>\n<meta name=\"robots\" content=\"index, follow, max-snippet:-1, max-image-preview:large, max-video-preview:-1\" \/>\n<link rel=\"canonical\" href=\"https:\/\/visitrauland.com\/rauland-skisenter\/aktiviteter\/barnasseter\/\" \/>\n<meta property=\"og:locale\" content=\"nb_NO\" \/>\n<meta property=\"og:type\" content=\"article\" \/>\n<meta property=\"og:title\" content=\"Barnas Seter - Rauland Skisenter\" \/>\n<meta property=\"og:description\" content=\"Barnas Seter finner du p\u00e5 Vierli, med geiter, kaniner m.m. Barnas Seter har \u00e5pent hele sommeren.\" \/>\n<meta property=\"og:url\" content=\"https:\/\/visitrauland.com\/rauland-skisenter\/aktiviteter\/barnasseter\/\" \/>\n<meta property=\"og:site_name\" content=\"Rauland Skisenter\" \/>\n<meta property=\"article:modified_time\" content=\"2025-10-21T12:57:51+00:00\" \/>\n<meta property=\"og:image\" content=\"https:\/\/visitrauland.com\/rauland-skisenter\/wp-content\/uploads\/sites\/18\/2018\/06\/Barnas-seter-1920.jpg\" \/>\n\t<meta property=\"og:image:width\" content=\"1920\" \/>\n\t<meta property=\"og:image:height\" content=\"1080\" \/>\n\t<meta property=\"og:image:type\" content=\"image\/jpeg\" \/>\n<meta name=\"twitter:card\" content=\"summary_large_image\" \/>\n<meta name=\"twitter:label1\" content=\"Ansl. lesetid\" \/>\n\t<meta name=\"twitter:data1\" content=\"2 minutter\" \/>\n<script type=\"application\/ld+json\" class=\"yoast-schema-graph\">{\"@context\":\"https:\/\/schema.org\",\"@graph\":[{\"@type\":\"WebPage\",\"@id\":\"https:\/\/visitrauland.com\/rauland-skisenter\/aktiviteter\/barnasseter\/\",\"url\":\"https:\/\/visitrauland.com\/rauland-skisenter\/aktiviteter\/barnasseter\/\",\"name\":\"Barnas Seter - Rauland Skisenter\",\"isPartOf\":{\"@id\":\"https:\/\/visitrauland.com\/rauland-skisenter\/#website\"},\"primaryImageOfPage\":{\"@id\":\"https:\/\/visitrauland.com\/rauland-skisenter\/aktiviteter\/barnasseter\/#primaryimage\"},\"image\":{\"@id\":\"https:\/\/visitrauland.com\/rauland-skisenter\/aktiviteter\/barnasseter\/#primaryimage\"},\"thumbnailUrl\":\"https:\/\/visitrauland.com\/rauland-skisenter\/wp-content\/uploads\/sites\/18\/2018\/06\/Barnas-seter-1920.jpg\",\"datePublished\":\"2022-06-13T13:29:09+00:00\",\"dateModified\":\"2025-10-21T12:57:51+00:00\",\"description\":\"Barnas Seter finner du p\u00e5 Vierli, med geiter, kaniner m.m. Barnas Seter har \u00e5pent hele sommeren.\",\"breadcrumb\":{\"@id\":\"https:\/\/visitrauland.com\/rauland-skisenter\/aktiviteter\/barnasseter\/#breadcrumb\"},\"inLanguage\":\"nb-NO\",\"potentialAction\":[{\"@type\":\"ReadAction\",\"target\":[\"https:\/\/visitrauland.com\/rauland-skisenter\/aktiviteter\/barnasseter\/\"]}]},{\"@type\":\"ImageObject\",\"inLanguage\":\"nb-NO\",\"@id\":\"https:\/\/visitrauland.com\/rauland-skisenter\/aktiviteter\/barnasseter\/#primaryimage\",\"url\":\"https:\/\/visitrauland.com\/rauland-skisenter\/wp-content\/uploads\/sites\/18\/2018\/06\/Barnas-seter-1920.jpg\",\"contentUrl\":\"https:\/\/visitrauland.com\/rauland-skisenter\/wp-content\/uploads\/sites\/18\/2018\/06\/Barnas-seter-1920.jpg\",\"width\":1920,\"height\":1080,\"caption\":\"Barn foran inngangen til barnas seter p\u00e5 Vik\u00f8rli Turistsenter, med advarsel om ikke \u00e5 l\u00f8pe etter dyrene.\"},{\"@type\":\"BreadcrumbList\",\"@id\":\"https:\/\/visitrauland.com\/rauland-skisenter\/aktiviteter\/barnasseter\/#breadcrumb\",\"itemListElement\":[{\"@type\":\"ListItem\",\"position\":1,\"name\":\"Hjem\",\"item\":\"https:\/\/visitrauland.com\/rauland-skisenter\/\"},{\"@type\":\"ListItem\",\"position\":2,\"name\":\"Aktiviteter hos Rauland Skisenter\",\"item\":\"https:\/\/visitrauland.com\/rauland-skisenter\/aktiviteter\/\"},{\"@type\":\"ListItem\",\"position\":3,\"name\":\"Barnas Seter\"}]},{\"@type\":\"WebSite\",\"@id\":\"https:\/\/visitrauland.com\/rauland-skisenter\/#website\",\"url\":\"https:\/\/visitrauland.com\/rauland-skisenter\/\",\"name\":\"Rauland Skisenter\",\"description\":\"Aktiviteter for hele familien!\",\"potentialAction\":[{\"@type\":\"SearchAction\",\"target\":{\"@type\":\"EntryPoint\",\"urlTemplate\":\"https:\/\/visitrauland.com\/rauland-skisenter\/?s={search_term_string}\"},\"query-input\":{\"@type\":\"PropertyValueSpecification\",\"valueRequired\":true,\"valueName\":\"search_term_string\"}}],\"inLanguage\":\"nb-NO\"}]}<\/script>\n<!-- \/ Yoast SEO plugin. -->","yoast_head_json":{"title":"Barnas Seter - Rauland Skisenter","description":"Barnas Seter finner du p\u00e5 Vierli, med geiter, kaniner m.m. Barnas Seter har \u00e5pent hele sommeren.","robots":{"index":"index","follow":"follow","max-snippet":"max-snippet:-1","max-image-preview":"max-image-preview:large","max-video-preview":"max-video-preview:-1"},"canonical":"https:\/\/visitrauland.com\/rauland-skisenter\/aktiviteter\/barnasseter\/","og_locale":"nb_NO","og_type":"article","og_title":"Barnas Seter - Rauland Skisenter","og_description":"Barnas Seter finner du p\u00e5 Vierli, med geiter, kaniner m.m. Barnas Seter har \u00e5pent hele sommeren.","og_url":"https:\/\/visitrauland.com\/rauland-skisenter\/aktiviteter\/barnasseter\/","og_site_name":"Rauland Skisenter","article_modified_time":"2025-10-21T12:57:51+00:00","og_image":[{"width":1920,"height":1080,"url":"https:\/\/visitrauland.com\/rauland-skisenter\/wp-content\/uploads\/sites\/18\/2018\/06\/Barnas-seter-1920.jpg","type":"image\/jpeg"}],"twitter_card":"summary_large_image","twitter_misc":{"Ansl. lesetid":"2 minutter"},"schema":{"@context":"https:\/\/schema.org","@graph":[{"@type":"WebPage","@id":"https:\/\/visitrauland.com\/rauland-skisenter\/aktiviteter\/barnasseter\/","url":"https:\/\/visitrauland.com\/rauland-skisenter\/aktiviteter\/barnasseter\/","name":"Barnas Seter - Rauland Skisenter","isPartOf":{"@id":"https:\/\/visitrauland.com\/rauland-skisenter\/#website"},"primaryImageOfPage":{"@id":"https:\/\/visitrauland.com\/rauland-skisenter\/aktiviteter\/barnasseter\/#primaryimage"},"image":{"@id":"https:\/\/visitrauland.com\/rauland-skisenter\/aktiviteter\/barnasseter\/#primaryimage"},"thumbnailUrl":"https:\/\/visitrauland.com\/rauland-skisenter\/wp-content\/uploads\/sites\/18\/2018\/06\/Barnas-seter-1920.jpg","datePublished":"2022-06-13T13:29:09+00:00","dateModified":"2025-10-21T12:57:51+00:00","description":"Barnas Seter finner du p\u00e5 Vierli, med geiter, kaniner m.m. Barnas Seter har \u00e5pent hele sommeren.","breadcrumb":{"@id":"https:\/\/visitrauland.com\/rauland-skisenter\/aktiviteter\/barnasseter\/#breadcrumb"},"inLanguage":"nb-NO","potentialAction":[{"@type":"ReadAction","target":["https:\/\/visitrauland.com\/rauland-skisenter\/aktiviteter\/barnasseter\/"]}]},{"@type":"ImageObject","inLanguage":"nb-NO","@id":"https:\/\/visitrauland.com\/rauland-skisenter\/aktiviteter\/barnasseter\/#primaryimage","url":"https:\/\/visitrauland.com\/rauland-skisenter\/wp-content\/uploads\/sites\/18\/2018\/06\/Barnas-seter-1920.jpg","contentUrl":"https:\/\/visitrauland.com\/rauland-skisenter\/wp-content\/uploads\/sites\/18\/2018\/06\/Barnas-seter-1920.jpg","width":1920,"height":1080,"caption":"Barn foran inngangen til barnas seter p\u00e5 Vik\u00f8rli Turistsenter, med advarsel om ikke \u00e5 l\u00f8pe etter dyrene."},{"@type":"BreadcrumbList","@id":"https:\/\/visitrauland.com\/rauland-skisenter\/aktiviteter\/barnasseter\/#breadcrumb","itemListElement":[{"@type":"ListItem","position":1,"name":"Hjem","item":"https:\/\/visitrauland.com\/rauland-skisenter\/"},{"@type":"ListItem","position":2,"name":"Aktiviteter hos Rauland Skisenter","item":"https:\/\/visitrauland.com\/rauland-skisenter\/aktiviteter\/"},{"@type":"ListItem","position":3,"name":"Barnas Seter"}]},{"@type":"WebSite","@id":"https:\/\/visitrauland.com\/rauland-skisenter\/#website","url":"https:\/\/visitrauland.com\/rauland-skisenter\/","name":"Rauland Skisenter","description":"Aktiviteter for hele familien!","potentialAction":[{"@type":"SearchAction","target":{"@type":"EntryPoint","urlTemplate":"https:\/\/visitrauland.com\/rauland-skisenter\/?s={search_term_string}"},"query-input":{"@type":"PropertyValueSpecification","valueRequired":true,"valueName":"search_term_string"}}],"inLanguage":"nb-NO"}]}},"publishpress_future_action":{"enabled":false,"date":"2026-04-21 09:06:16","action":"change-status","newStatus":"draft","terms":[],"taxonomy":"","extraData":[]},"publishpress_future_workflow_manual_trigger":{"enabledWorkflows":[]},"_links":{"self":[{"href":"https:\/\/visitrauland.com\/rauland-skisenter\/wp-json\/wp\/v2\/pages\/6970","targetHints":{"allow":["GET"]}}],"collection":[{"href":"https:\/\/visitrauland.com\/rauland-skisenter\/wp-json\/wp\/v2\/pages"}],"about":[{"href":"https:\/\/visitrauland.com\/rauland-skisenter\/wp-json\/wp\/v2\/types\/page"}],"author":[{"embeddable":true,"href":"https:\/\/visitrauland.com\/rauland-skisenter\/wp-json\/wp\/v2\/users\/10"}],"replies":[{"embeddable":true,"href":"https:\/\/visitrauland.com\/rauland-skisenter\/wp-json\/wp\/v2\/comments?post=6970"}],"version-history":[{"count":5,"href":"https:\/\/visitrauland.com\/rauland-skisenter\/wp-json\/wp\/v2\/pages\/6970\/revisions"}],"predecessor-version":[{"id":9357,"href":"https:\/\/visitrauland.com\/rauland-skisenter\/wp-json\/wp\/v2\/pages\/6970\/revisions\/9357"}],"up":[{"embeddable":true,"href":"https:\/\/visitrauland.com\/rauland-skisenter\/wp-json\/wp\/v2\/pages\/452"}],"wp:attachment":[{"href":"https:\/\/visitrauland.com\/rauland-skisenter\/wp-json\/wp\/v2\/media?parent=6970"}],"curies":[{"name":"wp","href":"https:\/\/api.w.org\/{rel}","templated":true}]}}