{"id":6968,"date":"2022-06-13T15:28:47","date_gmt":"2022-06-13T13:28:47","guid":{"rendered":"https:\/\/visitrauland.com\/rauland-skisenter\/?page_id=6968"},"modified":"2025-05-13T13:02:52","modified_gmt":"2025-05-13T11:02:52","slug":"lekeplass","status":"publish","type":"page","link":"https:\/\/visitrauland.com\/rauland-skisenter\/aktiviteter\/lekeplass\/","title":{"rendered":"Lekeplass"},"content":{"rendered":"<div id=\"cs-content\" class=\"cs-content\"><div id=\"x-section-1\" class=\"x-section\" style=\"margin: 0px;padding: 0px; background-color: transparent;\"><div id class=\"x-container\" style=\"margin: 0px auto;padding: 0px;\"><div class=\"x-column x-sm x-1-1\" style=\"padding: 0px;\"><noscript><img decoding=\"async\" class=\"x-img x-img-none\" src=\"https:\/\/visitrauland.com\/rauland-skisenter\/wp-content\/uploads\/sites\/18\/2022\/08\/lekeplass001_1920-1.jpg\"><\/noscript><img decoding=\"async\" class=\"x-img x-img-none lazyload\" src=\"data:image\/gif;base64,R0lGODlhAQABAIAAAAAAAP\/\/\/yH5BAEAAAAALAAAAAABAAEAAAIBRAA7\" data-src=\"https:\/\/visitrauland.com\/rauland-skisenter\/wp-content\/uploads\/sites\/18\/2022\/08\/lekeplass001_1920-1.jpg\"><\/div><\/div><div id class=\"x-container\" style=\"margin: 0px auto;padding: 0px;\"><\/div><\/div><div id=\"x-section-2\" class=\"x-section\" style=\"margin: 0px;padding: 0px; background-color: transparent;\"><div id class=\"x-container\" style=\"margin: 0px auto;padding: 0px;\"><div class=\"x-column x-sm x-1-1\" style=\"padding: 0px;\"><hr class=\"x-line e6968-e9 m5dk-0\"><div id class=\"x-text\" style><h4 style=\"font-weight: 400;\">V\u00e5re lekeplasser<\/h4>\n<p><b>Sommer 2025<br>\n<\/b>Tilgjengelig hver dag gjennom sommer og h\u00f8st sesongen fra 01.mai til 12.oktober.<\/p>\n<p>P\u00e5 <strong>Vierli<\/strong> finner du v\u00e5r st\u00f8rste og oppgraderte lekeplass. Lekeplassen inneholder et stort lekestativ med bla. sklie og klatrevegg. Du finner ogs\u00e5 en tarzan slynge, huskestativ, trampoline, vippedyr og megasjakk.<\/p>\n<p>I <strong>Holtardalen<\/strong> finner du ogs\u00e5 en flott lekeplass. Her har vi bla. et mindre lekestativ, vippedyr, sandkasse og en flott fotballbane. Lekeplassen ligger ved Holtarstua.&nbsp; I Holtardalen kan du ogs\u00e5 lade din E-bil p\u00e5 v\u00e5re Hurtigladere.<\/p>\n<\/div><\/div><\/div><\/div><\/div>\n","protected":false},"excerpt":{"rendered":"<p>V\u00e5re lekeplasser Sommer 2025 Tilgjengelig hver dag gjennom sommer og h\u00f8st sesongen fra 01.mai til 12.oktober. P\u00e5 Vierli finner du v\u00e5r st\u00f8rste og oppgraderte lekeplass. Lekeplassen inneholder et stort lekestativ med bla. sklie og klatrevegg. Du finner ogs\u00e5 en tarzan slynge, huskestativ, trampoline, vippedyr og megasjakk. I Holtardalen finner du ogs\u00e5 en flott lekeplass. Her har vi bla. et mindre &#8230; <\/p>\n<div><a href=\"https:\/\/visitrauland.com\/rauland-skisenter\/aktiviteter\/lekeplass\/\" class=\"more-link\">Les Mer<\/a><\/div>\n","protected":false},"author":10,"featured_media":0,"parent":452,"menu_order":0,"comment_status":"closed","ping_status":"closed","template":"","meta":{"_relevanssi_hide_post":"","_relevanssi_hide_content":"","_relevanssi_pin_for_all":"","_relevanssi_pin_keywords":"","_relevanssi_unpin_keywords":"","_relevanssi_related_keywords":"","_relevanssi_related_include_ids":"","_relevanssi_related_exclude_ids":"","_relevanssi_related_no_append":"","_relevanssi_related_not_related":"","_relevanssi_related_posts":"9341,9600,9294,10427,5167,9708","_relevanssi_noindex_reason":"","seo_booster_metabox":"","footnotes":""},"class_list":["post-6968","page","type-page","status-publish","hentry","no-post-thumbnail"],"yoast_head":"<!-- This site is optimized with the Yoast SEO plugin v27.2 - https:\/\/yoast.com\/product\/yoast-seo-wordpress\/ -->\n<title>Lekeplass - Rauland Skisenter<\/title>\n<meta name=\"robots\" content=\"index, follow, max-snippet:-1, max-image-preview:large, max-video-preview:-1\" \/>\n<link rel=\"canonical\" href=\"https:\/\/visitrauland.com\/rauland-skisenter\/aktiviteter\/lekeplass\/\" \/>\n<meta property=\"og:locale\" content=\"nb_NO\" \/>\n<meta property=\"og:type\" content=\"article\" \/>\n<meta property=\"og:title\" content=\"Lekeplass - Rauland Skisenter\" \/>\n<meta property=\"og:description\" content=\"V\u00e5re lekeplasser Sommer 2025 Tilgjengelig hver dag gjennom sommer og h\u00f8st sesongen fra 01.mai til 12.oktober. P\u00e5 Vierli finner du v\u00e5r st\u00f8rste og oppgraderte lekeplass. Lekeplassen inneholder et stort lekestativ med bla. sklie og klatrevegg. Du finner ogs\u00e5 en tarzan slynge, huskestativ, trampoline, vippedyr og megasjakk. I Holtardalen finner du ogs\u00e5 en flott lekeplass. Her har vi bla. et mindre ... Les Mer\" \/>\n<meta property=\"og:url\" content=\"https:\/\/visitrauland.com\/rauland-skisenter\/aktiviteter\/lekeplass\/\" \/>\n<meta property=\"og:site_name\" content=\"Rauland Skisenter\" \/>\n<meta property=\"article:modified_time\" content=\"2025-05-13T11:02:52+00:00\" \/>\n<meta name=\"twitter:card\" content=\"summary_large_image\" \/>\n<meta name=\"twitter:label1\" content=\"Ansl. lesetid\" \/>\n\t<meta name=\"twitter:data1\" content=\"2 minutter\" \/>\n<script type=\"application\/ld+json\" class=\"yoast-schema-graph\">{\"@context\":\"https:\/\/schema.org\",\"@graph\":[{\"@type\":\"WebPage\",\"@id\":\"https:\/\/visitrauland.com\/rauland-skisenter\/aktiviteter\/lekeplass\/\",\"url\":\"https:\/\/visitrauland.com\/rauland-skisenter\/aktiviteter\/lekeplass\/\",\"name\":\"Lekeplass - Rauland Skisenter\",\"isPartOf\":{\"@id\":\"https:\/\/visitrauland.com\/rauland-skisenter\/#website\"},\"datePublished\":\"2022-06-13T13:28:47+00:00\",\"dateModified\":\"2025-05-13T11:02:52+00:00\",\"breadcrumb\":{\"@id\":\"https:\/\/visitrauland.com\/rauland-skisenter\/aktiviteter\/lekeplass\/#breadcrumb\"},\"inLanguage\":\"nb-NO\",\"potentialAction\":[{\"@type\":\"ReadAction\",\"target\":[\"https:\/\/visitrauland.com\/rauland-skisenter\/aktiviteter\/lekeplass\/\"]}]},{\"@type\":\"BreadcrumbList\",\"@id\":\"https:\/\/visitrauland.com\/rauland-skisenter\/aktiviteter\/lekeplass\/#breadcrumb\",\"itemListElement\":[{\"@type\":\"ListItem\",\"position\":1,\"name\":\"Hjem\",\"item\":\"https:\/\/visitrauland.com\/rauland-skisenter\/\"},{\"@type\":\"ListItem\",\"position\":2,\"name\":\"Aktiviteter hos Rauland Skisenter\",\"item\":\"https:\/\/visitrauland.com\/rauland-skisenter\/aktiviteter\/\"},{\"@type\":\"ListItem\",\"position\":3,\"name\":\"Lekeplass\"}]},{\"@type\":\"WebSite\",\"@id\":\"https:\/\/visitrauland.com\/rauland-skisenter\/#website\",\"url\":\"https:\/\/visitrauland.com\/rauland-skisenter\/\",\"name\":\"Rauland Skisenter\",\"description\":\"Aktiviteter for hele familien!\",\"potentialAction\":[{\"@type\":\"SearchAction\",\"target\":{\"@type\":\"EntryPoint\",\"urlTemplate\":\"https:\/\/visitrauland.com\/rauland-skisenter\/?s={search_term_string}\"},\"query-input\":{\"@type\":\"PropertyValueSpecification\",\"valueRequired\":true,\"valueName\":\"search_term_string\"}}],\"inLanguage\":\"nb-NO\"}]}<\/script>\n<!-- \/ Yoast SEO plugin. -->","yoast_head_json":{"title":"Lekeplass - Rauland Skisenter","robots":{"index":"index","follow":"follow","max-snippet":"max-snippet:-1","max-image-preview":"max-image-preview:large","max-video-preview":"max-video-preview:-1"},"canonical":"https:\/\/visitrauland.com\/rauland-skisenter\/aktiviteter\/lekeplass\/","og_locale":"nb_NO","og_type":"article","og_title":"Lekeplass - Rauland Skisenter","og_description":"V\u00e5re lekeplasser Sommer 2025 Tilgjengelig hver dag gjennom sommer og h\u00f8st sesongen fra 01.mai til 12.oktober. P\u00e5 Vierli finner du v\u00e5r st\u00f8rste og oppgraderte lekeplass. Lekeplassen inneholder et stort lekestativ med bla. sklie og klatrevegg. Du finner ogs\u00e5 en tarzan slynge, huskestativ, trampoline, vippedyr og megasjakk. I Holtardalen finner du ogs\u00e5 en flott lekeplass. Her har vi bla. et mindre ... Les Mer","og_url":"https:\/\/visitrauland.com\/rauland-skisenter\/aktiviteter\/lekeplass\/","og_site_name":"Rauland Skisenter","article_modified_time":"2025-05-13T11:02:52+00:00","twitter_card":"summary_large_image","twitter_misc":{"Ansl. lesetid":"2 minutter"},"schema":{"@context":"https:\/\/schema.org","@graph":[{"@type":"WebPage","@id":"https:\/\/visitrauland.com\/rauland-skisenter\/aktiviteter\/lekeplass\/","url":"https:\/\/visitrauland.com\/rauland-skisenter\/aktiviteter\/lekeplass\/","name":"Lekeplass - Rauland Skisenter","isPartOf":{"@id":"https:\/\/visitrauland.com\/rauland-skisenter\/#website"},"datePublished":"2022-06-13T13:28:47+00:00","dateModified":"2025-05-13T11:02:52+00:00","breadcrumb":{"@id":"https:\/\/visitrauland.com\/rauland-skisenter\/aktiviteter\/lekeplass\/#breadcrumb"},"inLanguage":"nb-NO","potentialAction":[{"@type":"ReadAction","target":["https:\/\/visitrauland.com\/rauland-skisenter\/aktiviteter\/lekeplass\/"]}]},{"@type":"BreadcrumbList","@id":"https:\/\/visitrauland.com\/rauland-skisenter\/aktiviteter\/lekeplass\/#breadcrumb","itemListElement":[{"@type":"ListItem","position":1,"name":"Hjem","item":"https:\/\/visitrauland.com\/rauland-skisenter\/"},{"@type":"ListItem","position":2,"name":"Aktiviteter hos Rauland Skisenter","item":"https:\/\/visitrauland.com\/rauland-skisenter\/aktiviteter\/"},{"@type":"ListItem","position":3,"name":"Lekeplass"}]},{"@type":"WebSite","@id":"https:\/\/visitrauland.com\/rauland-skisenter\/#website","url":"https:\/\/visitrauland.com\/rauland-skisenter\/","name":"Rauland Skisenter","description":"Aktiviteter for hele familien!","potentialAction":[{"@type":"SearchAction","target":{"@type":"EntryPoint","urlTemplate":"https:\/\/visitrauland.com\/rauland-skisenter\/?s={search_term_string}"},"query-input":{"@type":"PropertyValueSpecification","valueRequired":true,"valueName":"search_term_string"}}],"inLanguage":"nb-NO"}]}},"publishpress_future_action":{"enabled":false,"date":"2026-04-24 00:30:32","action":"change-status","newStatus":"draft","terms":[],"taxonomy":"","extraData":[]},"publishpress_future_workflow_manual_trigger":{"enabledWorkflows":[]},"_links":{"self":[{"href":"https:\/\/visitrauland.com\/rauland-skisenter\/wp-json\/wp\/v2\/pages\/6968","targetHints":{"allow":["GET"]}}],"collection":[{"href":"https:\/\/visitrauland.com\/rauland-skisenter\/wp-json\/wp\/v2\/pages"}],"about":[{"href":"https:\/\/visitrauland.com\/rauland-skisenter\/wp-json\/wp\/v2\/types\/page"}],"author":[{"embeddable":true,"href":"https:\/\/visitrauland.com\/rauland-skisenter\/wp-json\/wp\/v2\/users\/10"}],"replies":[{"embeddable":true,"href":"https:\/\/visitrauland.com\/rauland-skisenter\/wp-json\/wp\/v2\/comments?post=6968"}],"version-history":[{"count":13,"href":"https:\/\/visitrauland.com\/rauland-skisenter\/wp-json\/wp\/v2\/pages\/6968\/revisions"}],"predecessor-version":[{"id":10357,"href":"https:\/\/visitrauland.com\/rauland-skisenter\/wp-json\/wp\/v2\/pages\/6968\/revisions\/10357"}],"up":[{"embeddable":true,"href":"https:\/\/visitrauland.com\/rauland-skisenter\/wp-json\/wp\/v2\/pages\/452"}],"wp:attachment":[{"href":"https:\/\/visitrauland.com\/rauland-skisenter\/wp-json\/wp\/v2\/media?parent=6968"}],"curies":[{"name":"wp","href":"https:\/\/api.w.org\/{rel}","templated":true}]}}