{"id":6963,"date":"2022-06-13T15:22:56","date_gmt":"2022-06-13T13:22:56","guid":{"rendered":"https:\/\/visitrauland.com\/rauland-skisenter\/?page_id=6963"},"modified":"2025-09-08T11:46:07","modified_gmt":"2025-09-08T09:46:07","slug":"kano","status":"publish","type":"page","link":"https:\/\/visitrauland.com\/rauland-skisenter\/aktiviteter\/kano\/","title":{"rendered":"B\u00e5t og kano"},"content":{"rendered":"<div id=\"cs-content\" class=\"cs-content\"><div id=\"x-section-1\" class=\"x-section\" style=\"margin: 0px;padding: 0px; background-color: transparent;\"><div id class=\"x-container\" style=\"margin: 0px auto;padding: 0px;\"><div class=\"x-column x-sm x-1-1\" style=\"padding: 0px;\"><noscript><img decoding=\"async\" class=\"x-img x-img-none\" src=\"https:\/\/visitrauland.com\/rauland-skisenter\/wp-content\/uploads\/sites\/18\/2022\/06\/B50A9804_1920.jpg\" alt=\"Far og to barn i kano padler p\u00e5 en innsj\u00f8 med redningsvester og solbriller, nyter en sommerdag.\"><\/noscript><img decoding=\"async\" class=\"x-img x-img-none lazyload\" src=\"data:image\/gif;base64,R0lGODlhAQABAIAAAAAAAP\/\/\/yH5BAEAAAAALAAAAAABAAEAAAIBRAA7\" alt=\"Far og to barn i kano padler p\u00e5 en innsj\u00f8 med redningsvester og solbriller, nyter en sommerdag.\" data-src=\"https:\/\/visitrauland.com\/rauland-skisenter\/wp-content\/uploads\/sites\/18\/2022\/06\/B50A9804_1920.jpg\"><\/div><\/div><div id class=\"x-container\" style=\"margin: 0px auto;padding: 0px;\"><\/div><\/div><div id=\"x-section-2\" class=\"x-section\" style=\"margin: 0px;padding: 0px; background-color: transparent;\"><div id class=\"x-container\" style=\"margin: 0px auto;padding: 0px;\"><div class=\"x-column x-sm x-1-1\" style=\"padding: 0px;\"><hr class=\"x-line e6963-e9 m5df-0\"><div id class=\"x-text\" style><h5 style=\"background: white; margin: 21.0pt 0cm 6.0pt 0cm;\"><span style=\"font-size: 25.0pt; font-family: 'Arial',sans-serif; color: #222f59; letter-spacing: -.4pt;\">Fiske\/ b\u00e5t og kano<p><\/p><\/span><\/h5>\n<p style=\"background: white; box-sizing: border-box; overflow-wrap: break-word; font-variant-ligatures: normal; font-variant-caps: normal; orphans: 2; text-align: start; widows: 2; -webkit-text-stroke-width: 0px; text-decoration-thickness: initial; text-decoration-style: initial; text-decoration-color: initial; word-spacing: 0px; margin: 0cm 0cm 15.75pt 0cm;\"><span style=\"color: #222f59; font-family: Arial, sans-serif;\"><span style=\"font-size: 22px;\"><b>Sommer 2024<br>\n<\/b><span style=\"font-size: 16.5pt; font-family: 'Arial',sans-serif; color: #222f59;\">Tilgjengelig hver dag gjennom sommer og h\u00f8st sesongen<br>\nFra 21 juni til 12.oktober<\/span><b><br>\n<\/b><\/span><\/span><\/p>\n<p style=\"background: white; box-sizing: border-box; overflow-wrap: break-word; font-variant-ligatures: normal; font-variant-caps: normal; orphans: 2; text-align: start; widows: 2; -webkit-text-stroke-width: 0px; text-decoration-thickness: initial; text-decoration-style: initial; text-decoration-color: initial; word-spacing: 0px; margin: 0cm 0cm 15.75pt 0cm;\"><span style=\"font-size: 16.5pt; font-family: 'Arial',sans-serif; color: #222f59;\">Leier du hytter hos <a href=\"https:\/\/visitrauland.com\/rauland-feriesenter\">Rauland Feriesenter<\/a>, f\u00e5r du fiske gratis i v\u00e5re fjellvann Oksatj\u00f8nn og Uvatn. I Uvatn er det et begrenset omr\u00e5de, men i Oksatj\u00f8nn kan du fiske i hele vannet. Fiskekort kj\u00f8pes <a href=\"https:\/\/www.inatur.no\/sok\/innlandsfisketilbud?q=rauland&amp;f=%5B%7B%22felt%22%3A%22type%22%2C%22sokeord%22%3A%22innlandsfisketilbud%22%7D%5D&amp;ledig=false&amp;p=0\">inatur.<\/a>&nbsp;<\/span><\/p><p><\/p>\n<p style=\"background: white; box-sizing: border-box; overflow-wrap: break-word; font-variant-ligatures: normal; font-variant-caps: normal; orphans: 2; text-align: start; widows: 2; -webkit-text-stroke-width: 0px; text-decoration-thickness: initial; text-decoration-style: initial; text-decoration-color: initial; word-spacing: 0px; margin: 0cm 0cm 15.75pt 0cm;\"><span style=\"font-size: 16.5pt; font-family: 'Arial',sans-serif; color: #222f59;\">Rauland har fantastiske fiskevann i Totak, Lognvikvatn, Tansvatn og M\u00f8svatn, 8\u201310 km fra Vierli.&nbsp;<\/span><\/p><p><\/p>\n<p style=\"background: white; box-sizing: border-box; overflow-wrap: break-word; font-variant-ligatures: normal; font-variant-caps: normal; orphans: 2; text-align: start; widows: 2; -webkit-text-stroke-width: 0px; text-decoration-thickness: initial; text-decoration-style: initial; text-decoration-color: initial; word-spacing: 0px; margin: 0cm 0cm 15.75pt 0cm;\"><span style=\"font-size: 16.5pt; font-family: 'Arial',sans-serif; color: #222f59;\">P\u00e5 Vierli kan du ogs\u00e5 leie kano og b\u00e5t i Uvatn. Sommeren 2022 har vi oppgradert b\u00e5tplassen med ny flytebrygge, nye kanoer, etablert en flott rasteplass med b\u00e5lpanne tilgjengelig.&nbsp;<\/span><\/p>\n<p style=\"background: white; box-sizing: border-box; overflow-wrap: break-word; font-variant-ligatures: normal; font-variant-caps: normal; orphans: 2; text-align: start; widows: 2; -webkit-text-stroke-width: 0px; text-decoration-thickness: initial; text-decoration-style: initial; text-decoration-color: initial; word-spacing: 0px; margin: 0cm 0cm 15.75pt 0cm;\"><span style=\"font-size: 16.5pt; font-family: 'Arial',sans-serif; color: #222f59;\">Priser:<br>\n100 kr pr time og 300 pr dag. \u00c5rer og redningsvester f\u00f8lger med.Vi leier ogs\u00e5 ut fiskestenger.\u00c5pent for utleie i <a href=\"https:\/\/visitrauland.com\/rauland-skisenter\/mat-og-drikke\/\">kafeen p\u00e5 Vierli<\/a> sine \u00e5pningstider.&nbsp;<\/span><\/p><p><\/p>\n<p><noscript><img decoding=\"async\" src=\"https:\/\/visitrauland.com\/rauland-skisenter\/wp-content\/uploads\/sites\/18\/2022\/06\/Bat-Vann-to-bater_1920.jpg\" alt=\"R\u00f8de b\u00e5ter ved bryggen p\u00e5 en innsj\u00f8 om sommeren, omgitt av norsk natur og gr\u00f8nne \u00e5ser.\" width=\"1920\" height=\"1080\" class=\"alignnone size-full wp-image-6986\" srcset=\"https:\/\/visitrauland.com\/rauland-skisenter\/wp-content\/uploads\/sites\/18\/2022\/06\/Bat-Vann-to-bater_1920.jpg 1920w, https:\/\/visitrauland.com\/rauland-skisenter\/wp-content\/uploads\/sites\/18\/2022\/06\/Bat-Vann-to-bater_1920-300x169.jpg 300w, https:\/\/visitrauland.com\/rauland-skisenter\/wp-content\/uploads\/sites\/18\/2022\/06\/Bat-Vann-to-bater_1920-1024x576.jpg 1024w, https:\/\/visitrauland.com\/rauland-skisenter\/wp-content\/uploads\/sites\/18\/2022\/06\/Bat-Vann-to-bater_1920-768x432.jpg 768w, https:\/\/visitrauland.com\/rauland-skisenter\/wp-content\/uploads\/sites\/18\/2022\/06\/Bat-Vann-to-bater_1920-1536x864.jpg 1536w, https:\/\/visitrauland.com\/rauland-skisenter\/wp-content\/uploads\/sites\/18\/2022\/06\/Bat-Vann-to-bater_1920-500x281.jpg 500w, https:\/\/visitrauland.com\/rauland-skisenter\/wp-content\/uploads\/sites\/18\/2022\/06\/Bat-Vann-to-bater_1920-100x56.jpg 100w, https:\/\/visitrauland.com\/rauland-skisenter\/wp-content\/uploads\/sites\/18\/2022\/06\/Bat-Vann-to-bater_1920-862x485.jpg 862w, https:\/\/visitrauland.com\/rauland-skisenter\/wp-content\/uploads\/sites\/18\/2022\/06\/Bat-Vann-to-bater_1920-1200x675.jpg 1200w\" sizes=\"(max-width: 1920px) 100vw, 1920px\"><\/noscript><img decoding=\"async\" src=\"data:image\/svg+xml,%3Csvg%20xmlns%3D%22http%3A%2F%2Fwww.w3.org%2F2000%2Fsvg%22%20viewBox%3D%220%200%201920%201080%22%3E%3C%2Fsvg%3E\" alt=\"R\u00f8de b\u00e5ter ved bryggen p\u00e5 en innsj\u00f8 om sommeren, omgitt av norsk natur og gr\u00f8nne \u00e5ser.\" width=\"1920\" height=\"1080\" class=\"alignnone size-full wp-image-6986 lazyload\" srcset=\"data:image\/svg+xml,%3Csvg%20xmlns%3D%22http%3A%2F%2Fwww.w3.org%2F2000%2Fsvg%22%20viewBox%3D%220%200%201920%201080%22%3E%3C%2Fsvg%3E 1920w\" sizes=\"(max-width: 1920px) 100vw, 1920px\" data-srcset=\"https:\/\/visitrauland.com\/rauland-skisenter\/wp-content\/uploads\/sites\/18\/2022\/06\/Bat-Vann-to-bater_1920.jpg 1920w, https:\/\/visitrauland.com\/rauland-skisenter\/wp-content\/uploads\/sites\/18\/2022\/06\/Bat-Vann-to-bater_1920-300x169.jpg 300w, https:\/\/visitrauland.com\/rauland-skisenter\/wp-content\/uploads\/sites\/18\/2022\/06\/Bat-Vann-to-bater_1920-1024x576.jpg 1024w, https:\/\/visitrauland.com\/rauland-skisenter\/wp-content\/uploads\/sites\/18\/2022\/06\/Bat-Vann-to-bater_1920-768x432.jpg 768w, https:\/\/visitrauland.com\/rauland-skisenter\/wp-content\/uploads\/sites\/18\/2022\/06\/Bat-Vann-to-bater_1920-1536x864.jpg 1536w, https:\/\/visitrauland.com\/rauland-skisenter\/wp-content\/uploads\/sites\/18\/2022\/06\/Bat-Vann-to-bater_1920-500x281.jpg 500w, https:\/\/visitrauland.com\/rauland-skisenter\/wp-content\/uploads\/sites\/18\/2022\/06\/Bat-Vann-to-bater_1920-100x56.jpg 100w, https:\/\/visitrauland.com\/rauland-skisenter\/wp-content\/uploads\/sites\/18\/2022\/06\/Bat-Vann-to-bater_1920-862x485.jpg 862w, https:\/\/visitrauland.com\/rauland-skisenter\/wp-content\/uploads\/sites\/18\/2022\/06\/Bat-Vann-to-bater_1920-1200x675.jpg 1200w\" data-src=\"https:\/\/visitrauland.com\/rauland-skisenter\/wp-content\/uploads\/sites\/18\/2022\/06\/Bat-Vann-to-bater_1920.jpg\"><\/p>\n<\/div><\/div><\/div><\/div><\/div>\n","protected":false},"excerpt":{"rendered":"<p>Fiske\/ b\u00e5t og kano Sommer 2024 Tilgjengelig hver dag gjennom sommer og h\u00f8st sesongen Fra 21 juni til 12.oktober Leier du hytter hos Rauland Feriesenter, f\u00e5r du fiske gratis i v\u00e5re fjellvann Oksatj\u00f8nn og Uvatn. I Uvatn er det et begrenset omr\u00e5de, men i Oksatj\u00f8nn kan du fiske i hele vannet. Fiskekort kj\u00f8pes inatur.&nbsp; Rauland har fantastiske fiskevann i Totak, &#8230; <\/p>\n<div><a href=\"https:\/\/visitrauland.com\/rauland-skisenter\/aktiviteter\/kano\/\" class=\"more-link\">Les Mer<\/a><\/div>\n","protected":false},"author":10,"featured_media":0,"parent":452,"menu_order":0,"comment_status":"closed","ping_status":"closed","template":"","meta":{"_relevanssi_hide_post":"","_relevanssi_hide_content":"","_relevanssi_pin_for_all":"","_relevanssi_pin_keywords":"","_relevanssi_unpin_keywords":"","_relevanssi_related_keywords":"","_relevanssi_related_include_ids":"","_relevanssi_related_exclude_ids":"","_relevanssi_related_no_append":"","_relevanssi_related_not_related":"","_relevanssi_related_posts":"9341,9869,9364,10423,5734,5868","_relevanssi_noindex_reason":"","seo_booster_metabox":"","footnotes":""},"class_list":["post-6963","page","type-page","status-publish","hentry","no-post-thumbnail"],"yoast_head":"<!-- This site is optimized with the Yoast SEO plugin v27.2 - https:\/\/yoast.com\/product\/yoast-seo-wordpress\/ -->\n<title>B\u00e5t og kano - Rauland Skisenter<\/title>\n<meta name=\"description\" content=\"Ved fjellvannet Uvatn kan du padle i kano eller ro i b\u00e5t. Leies ved Vierli Kafeteria.\" \/>\n<meta name=\"robots\" content=\"index, follow, max-snippet:-1, max-image-preview:large, max-video-preview:-1\" \/>\n<link rel=\"canonical\" href=\"https:\/\/visitrauland.com\/rauland-skisenter\/aktiviteter\/kano\/\" \/>\n<meta property=\"og:locale\" content=\"nb_NO\" \/>\n<meta property=\"og:type\" content=\"article\" \/>\n<meta property=\"og:title\" content=\"B\u00e5t og kano - Rauland Skisenter\" \/>\n<meta property=\"og:description\" content=\"Ved fjellvannet Uvatn kan du padle i kano eller ro i b\u00e5t. Leies ved Vierli Kafeteria.\" \/>\n<meta property=\"og:url\" content=\"https:\/\/visitrauland.com\/rauland-skisenter\/aktiviteter\/kano\/\" \/>\n<meta property=\"og:site_name\" content=\"Rauland Skisenter\" \/>\n<meta property=\"article:modified_time\" content=\"2025-09-08T09:46:07+00:00\" \/>\n<meta property=\"og:image\" content=\"https:\/\/visitrauland.com\/rauland-skisenter\/wp-content\/uploads\/sites\/18\/2022\/06\/Bat-Vann-to-bater_1920.jpg\" \/>\n<meta name=\"twitter:card\" content=\"summary_large_image\" \/>\n<meta name=\"twitter:label1\" content=\"Ansl. lesetid\" \/>\n\t<meta name=\"twitter:data1\" content=\"3 minutter\" \/>\n<script type=\"application\/ld+json\" class=\"yoast-schema-graph\">{\"@context\":\"https:\/\/schema.org\",\"@graph\":[{\"@type\":\"WebPage\",\"@id\":\"https:\/\/visitrauland.com\/rauland-skisenter\/aktiviteter\/kano\/\",\"url\":\"https:\/\/visitrauland.com\/rauland-skisenter\/aktiviteter\/kano\/\",\"name\":\"B\u00e5t og kano - Rauland Skisenter\",\"isPartOf\":{\"@id\":\"https:\/\/visitrauland.com\/rauland-skisenter\/#website\"},\"primaryImageOfPage\":{\"@id\":\"https:\/\/visitrauland.com\/rauland-skisenter\/aktiviteter\/kano\/#primaryimage\"},\"image\":{\"@id\":\"https:\/\/visitrauland.com\/rauland-skisenter\/aktiviteter\/kano\/#primaryimage\"},\"thumbnailUrl\":\"https:\/\/visitrauland.com\/rauland-skisenter\/wp-content\/uploads\/sites\/18\/2022\/06\/Bat-Vann-to-bater_1920.jpg\",\"datePublished\":\"2022-06-13T13:22:56+00:00\",\"dateModified\":\"2025-09-08T09:46:07+00:00\",\"description\":\"Ved fjellvannet Uvatn kan du padle i kano eller ro i b\u00e5t. Leies ved Vierli Kafeteria.\",\"breadcrumb\":{\"@id\":\"https:\/\/visitrauland.com\/rauland-skisenter\/aktiviteter\/kano\/#breadcrumb\"},\"inLanguage\":\"nb-NO\",\"potentialAction\":[{\"@type\":\"ReadAction\",\"target\":[\"https:\/\/visitrauland.com\/rauland-skisenter\/aktiviteter\/kano\/\"]}]},{\"@type\":\"ImageObject\",\"inLanguage\":\"nb-NO\",\"@id\":\"https:\/\/visitrauland.com\/rauland-skisenter\/aktiviteter\/kano\/#primaryimage\",\"url\":\"https:\/\/visitrauland.com\/rauland-skisenter\/wp-content\/uploads\/sites\/18\/2022\/06\/Bat-Vann-to-bater_1920.jpg\",\"contentUrl\":\"https:\/\/visitrauland.com\/rauland-skisenter\/wp-content\/uploads\/sites\/18\/2022\/06\/Bat-Vann-to-bater_1920.jpg\",\"width\":1920,\"height\":1080,\"caption\":\"R\u00f8de b\u00e5ter ved bryggen p\u00e5 en innsj\u00f8 om sommeren, omgitt av norsk natur og gr\u00f8nne \u00e5ser.\"},{\"@type\":\"BreadcrumbList\",\"@id\":\"https:\/\/visitrauland.com\/rauland-skisenter\/aktiviteter\/kano\/#breadcrumb\",\"itemListElement\":[{\"@type\":\"ListItem\",\"position\":1,\"name\":\"Hjem\",\"item\":\"https:\/\/visitrauland.com\/rauland-skisenter\/\"},{\"@type\":\"ListItem\",\"position\":2,\"name\":\"Aktiviteter hos Rauland Skisenter\",\"item\":\"https:\/\/visitrauland.com\/rauland-skisenter\/aktiviteter\/\"},{\"@type\":\"ListItem\",\"position\":3,\"name\":\"B\u00e5t og kano\"}]},{\"@type\":\"WebSite\",\"@id\":\"https:\/\/visitrauland.com\/rauland-skisenter\/#website\",\"url\":\"https:\/\/visitrauland.com\/rauland-skisenter\/\",\"name\":\"Rauland Skisenter\",\"description\":\"Aktiviteter for hele familien!\",\"potentialAction\":[{\"@type\":\"SearchAction\",\"target\":{\"@type\":\"EntryPoint\",\"urlTemplate\":\"https:\/\/visitrauland.com\/rauland-skisenter\/?s={search_term_string}\"},\"query-input\":{\"@type\":\"PropertyValueSpecification\",\"valueRequired\":true,\"valueName\":\"search_term_string\"}}],\"inLanguage\":\"nb-NO\"}]}<\/script>\n<!-- \/ Yoast SEO plugin. -->","yoast_head_json":{"title":"B\u00e5t og kano - Rauland Skisenter","description":"Ved fjellvannet Uvatn kan du padle i kano eller ro i b\u00e5t. Leies ved Vierli Kafeteria.","robots":{"index":"index","follow":"follow","max-snippet":"max-snippet:-1","max-image-preview":"max-image-preview:large","max-video-preview":"max-video-preview:-1"},"canonical":"https:\/\/visitrauland.com\/rauland-skisenter\/aktiviteter\/kano\/","og_locale":"nb_NO","og_type":"article","og_title":"B\u00e5t og kano - Rauland Skisenter","og_description":"Ved fjellvannet Uvatn kan du padle i kano eller ro i b\u00e5t. Leies ved Vierli Kafeteria.","og_url":"https:\/\/visitrauland.com\/rauland-skisenter\/aktiviteter\/kano\/","og_site_name":"Rauland Skisenter","article_modified_time":"2025-09-08T09:46:07+00:00","og_image":[{"url":"https:\/\/visitrauland.com\/rauland-skisenter\/wp-content\/uploads\/sites\/18\/2022\/06\/Bat-Vann-to-bater_1920.jpg","type":"","width":"","height":""}],"twitter_card":"summary_large_image","twitter_misc":{"Ansl. lesetid":"3 minutter"},"schema":{"@context":"https:\/\/schema.org","@graph":[{"@type":"WebPage","@id":"https:\/\/visitrauland.com\/rauland-skisenter\/aktiviteter\/kano\/","url":"https:\/\/visitrauland.com\/rauland-skisenter\/aktiviteter\/kano\/","name":"B\u00e5t og kano - Rauland Skisenter","isPartOf":{"@id":"https:\/\/visitrauland.com\/rauland-skisenter\/#website"},"primaryImageOfPage":{"@id":"https:\/\/visitrauland.com\/rauland-skisenter\/aktiviteter\/kano\/#primaryimage"},"image":{"@id":"https:\/\/visitrauland.com\/rauland-skisenter\/aktiviteter\/kano\/#primaryimage"},"thumbnailUrl":"https:\/\/visitrauland.com\/rauland-skisenter\/wp-content\/uploads\/sites\/18\/2022\/06\/Bat-Vann-to-bater_1920.jpg","datePublished":"2022-06-13T13:22:56+00:00","dateModified":"2025-09-08T09:46:07+00:00","description":"Ved fjellvannet Uvatn kan du padle i kano eller ro i b\u00e5t. Leies ved Vierli Kafeteria.","breadcrumb":{"@id":"https:\/\/visitrauland.com\/rauland-skisenter\/aktiviteter\/kano\/#breadcrumb"},"inLanguage":"nb-NO","potentialAction":[{"@type":"ReadAction","target":["https:\/\/visitrauland.com\/rauland-skisenter\/aktiviteter\/kano\/"]}]},{"@type":"ImageObject","inLanguage":"nb-NO","@id":"https:\/\/visitrauland.com\/rauland-skisenter\/aktiviteter\/kano\/#primaryimage","url":"https:\/\/visitrauland.com\/rauland-skisenter\/wp-content\/uploads\/sites\/18\/2022\/06\/Bat-Vann-to-bater_1920.jpg","contentUrl":"https:\/\/visitrauland.com\/rauland-skisenter\/wp-content\/uploads\/sites\/18\/2022\/06\/Bat-Vann-to-bater_1920.jpg","width":1920,"height":1080,"caption":"R\u00f8de b\u00e5ter ved bryggen p\u00e5 en innsj\u00f8 om sommeren, omgitt av norsk natur og gr\u00f8nne \u00e5ser."},{"@type":"BreadcrumbList","@id":"https:\/\/visitrauland.com\/rauland-skisenter\/aktiviteter\/kano\/#breadcrumb","itemListElement":[{"@type":"ListItem","position":1,"name":"Hjem","item":"https:\/\/visitrauland.com\/rauland-skisenter\/"},{"@type":"ListItem","position":2,"name":"Aktiviteter hos Rauland Skisenter","item":"https:\/\/visitrauland.com\/rauland-skisenter\/aktiviteter\/"},{"@type":"ListItem","position":3,"name":"B\u00e5t og kano"}]},{"@type":"WebSite","@id":"https:\/\/visitrauland.com\/rauland-skisenter\/#website","url":"https:\/\/visitrauland.com\/rauland-skisenter\/","name":"Rauland Skisenter","description":"Aktiviteter for hele familien!","potentialAction":[{"@type":"SearchAction","target":{"@type":"EntryPoint","urlTemplate":"https:\/\/visitrauland.com\/rauland-skisenter\/?s={search_term_string}"},"query-input":{"@type":"PropertyValueSpecification","valueRequired":true,"valueName":"search_term_string"}}],"inLanguage":"nb-NO"}]}},"publishpress_future_action":{"enabled":false,"date":"2026-04-25 12:00:38","action":"change-status","newStatus":"draft","terms":[],"taxonomy":"","extraData":[]},"publishpress_future_workflow_manual_trigger":{"enabledWorkflows":[]},"_links":{"self":[{"href":"https:\/\/visitrauland.com\/rauland-skisenter\/wp-json\/wp\/v2\/pages\/6963","targetHints":{"allow":["GET"]}}],"collection":[{"href":"https:\/\/visitrauland.com\/rauland-skisenter\/wp-json\/wp\/v2\/pages"}],"about":[{"href":"https:\/\/visitrauland.com\/rauland-skisenter\/wp-json\/wp\/v2\/types\/page"}],"author":[{"embeddable":true,"href":"https:\/\/visitrauland.com\/rauland-skisenter\/wp-json\/wp\/v2\/users\/10"}],"replies":[{"embeddable":true,"href":"https:\/\/visitrauland.com\/rauland-skisenter\/wp-json\/wp\/v2\/comments?post=6963"}],"version-history":[{"count":10,"href":"https:\/\/visitrauland.com\/rauland-skisenter\/wp-json\/wp\/v2\/pages\/6963\/revisions"}],"predecessor-version":[{"id":10355,"href":"https:\/\/visitrauland.com\/rauland-skisenter\/wp-json\/wp\/v2\/pages\/6963\/revisions\/10355"}],"up":[{"embeddable":true,"href":"https:\/\/visitrauland.com\/rauland-skisenter\/wp-json\/wp\/v2\/pages\/452"}],"wp:attachment":[{"href":"https:\/\/visitrauland.com\/rauland-skisenter\/wp-json\/wp\/v2\/media?parent=6963"}],"curies":[{"name":"wp","href":"https:\/\/api.w.org\/{rel}","templated":true}]}}