{"id":6961,"date":"2022-06-13T15:22:14","date_gmt":"2022-06-13T13:22:14","guid":{"rendered":"https:\/\/visitrauland.com\/rauland-skisenter\/?page_id=6961"},"modified":"2025-09-08T11:47:27","modified_gmt":"2025-09-08T09:47:27","slug":"minigolf","status":"publish","type":"page","link":"https:\/\/visitrauland.com\/rauland-skisenter\/aktiviteter\/minigolf\/","title":{"rendered":"Minigolf"},"content":{"rendered":"<div id=\"cs-content\" class=\"cs-content\"><div id=\"x-section-1\" class=\"x-section\" style=\"margin: 0px;padding: 0px; background-color: transparent;\"><div id class=\"x-container\" style=\"margin: 0px auto;padding: 0px;\"><div class=\"x-column x-sm x-1-1\" style=\"padding: 0px;\"><noscript><img decoding=\"async\" class=\"x-img x-img-none\" src=\"https:\/\/visitrauland.com\/rauland-skisenter\/wp-content\/uploads\/sites\/18\/2022\/08\/minigolf018_1920.jpg\"><\/noscript><img decoding=\"async\" class=\"x-img x-img-none lazyload\" src=\"data:image\/gif;base64,R0lGODlhAQABAIAAAAAAAP\/\/\/yH5BAEAAAAALAAAAAABAAEAAAIBRAA7\" data-src=\"https:\/\/visitrauland.com\/rauland-skisenter\/wp-content\/uploads\/sites\/18\/2022\/08\/minigolf018_1920.jpg\"><\/div><\/div><div id class=\"x-container\" style=\"margin: 0px auto;padding: 0px;\"><\/div><\/div><div id=\"x-section-2\" class=\"x-section\" style=\"margin: 0px;padding: 0px; background-color: transparent;\"><div id class=\"x-container\" style=\"margin: 0px auto;padding: 0px;\"><div class=\"x-column x-sm x-1-1\" style=\"padding: 0px;\"><hr class=\"x-line e6961-e9 m5dd-0\"><div id class=\"x-text\" style><h5 style=\"font-weight: 400;\">Vierli Minigolfbane<\/h5>\n<p><strong>Sommer 2025<\/strong><br>\nTilgjengelig under Vierli Kafeteria's \u00e5pningstid i perioden, 21. juni til 13 oktober.<\/p>\n<p><strong>Priser<\/strong><br>\nAlle 50,-<\/p>\n<p>For at alle skal ha en hyggelig opplevelse har vi noen regler som alle m\u00e5 f\u00f8lge.<\/p>\n<p>Du f\u00e5r utlevert 1 k\u00f8lle og 1 ball, samt kort for \u00e5 notere ned antall slag du bruker.<\/p>\n<ul>\n<li>En runde er 9 hull.<\/li>\n<li>Hver spiller skal bruke sin tildelte putter og minigolf-ball.<\/li>\n<li>Maks 7 slag p\u00e5 hver hull.<\/li>\n<li>Alle spillere sl\u00e5r sitt f\u00f8rste slag og deretter sl\u00e5r den som er n\u00e6rmest hullet sin ball til denne er i hullet. Slik fortsetter man til alle har hullet ut p\u00e5 gjeldene bane. Skulle du treffe en annen ball, spilles det videre der de bli liggende.<\/li>\n<li>Om ballen spilles ut av banen, legges den tilbake der den gikk ut, og 1 straffeslag noteres.<\/li>\n<li>Den som har f\u00e6rrest antall slag n\u00e5r runden er over, vinner.<\/li>\n<\/ul>\n<p>Etter endt runde leverer du tilbake utstyret p\u00e5 Vierli Kafeteria.&nbsp;<br>\nDet er ikke tillatt \u00e5 bruke andre baller enn de du f\u00e5r utlevert f\u00f8r start. Egen putter kan benyttes.<\/p>\n<p>Maks 4 spillere. pr runde.<\/p>\n<p>God runde!<\/p>\n<\/div><noscript><img decoding=\"async\" class=\"x-img x-img-none\" src=\"https:\/\/visitrauland.com\/rauland-skisenter\/wp-content\/uploads\/sites\/18\/2022\/08\/minigolf006_1920.jpg\"><\/noscript><img decoding=\"async\" class=\"x-img x-img-none lazyload\" src=\"data:image\/gif;base64,R0lGODlhAQABAIAAAAAAAP\/\/\/yH5BAEAAAAALAAAAAABAAEAAAIBRAA7\" data-src=\"https:\/\/visitrauland.com\/rauland-skisenter\/wp-content\/uploads\/sites\/18\/2022\/08\/minigolf006_1920.jpg\"><\/div><\/div><\/div><\/div>\n","protected":false},"excerpt":{"rendered":"<p>Vierli Minigolfbane Sommer 2025 Tilgjengelig under Vierli Kafeteria&#8217;s \u00e5pningstid i perioden, 21. juni til 13 oktober. Priser Alle 50,- For at alle skal ha en hyggelig opplevelse har vi noen regler som alle m\u00e5 f\u00f8lge. Du f\u00e5r utlevert 1 k\u00f8lle og 1 ball, samt kort for \u00e5 notere ned antall slag du bruker. En runde er 9 hull. Hver spiller &#8230; <\/p>\n<div><a href=\"https:\/\/visitrauland.com\/rauland-skisenter\/aktiviteter\/minigolf\/\" class=\"more-link\">Les Mer<\/a><\/div>\n","protected":false},"author":10,"featured_media":0,"parent":452,"menu_order":0,"comment_status":"closed","ping_status":"closed","template":"","meta":{"_relevanssi_hide_post":"","_relevanssi_hide_content":"","_relevanssi_pin_for_all":"","_relevanssi_pin_keywords":"","_relevanssi_unpin_keywords":"","_relevanssi_related_keywords":"","_relevanssi_related_include_ids":"","_relevanssi_related_exclude_ids":"","_relevanssi_related_no_append":"","_relevanssi_related_not_related":"","_relevanssi_related_posts":"9294,9364,9869,10365,9600,2791","_relevanssi_noindex_reason":"","seo_booster_metabox":"","footnotes":""},"class_list":["post-6961","page","type-page","status-publish","hentry","no-post-thumbnail"],"yoast_head":"<!-- This site is optimized with the Yoast SEO plugin v27.2 - https:\/\/yoast.com\/product\/yoast-seo-wordpress\/ -->\n<title>Minigolf - Rauland Skisenter<\/title>\n<meta name=\"description\" content=\"Minigolf er blant familieaktivitetene p\u00e5 Vierli, \u00e5pent hele sommeren.\" \/>\n<meta name=\"robots\" content=\"index, follow, max-snippet:-1, max-image-preview:large, max-video-preview:-1\" \/>\n<link rel=\"canonical\" href=\"https:\/\/visitrauland.com\/rauland-skisenter\/aktiviteter\/minigolf\/\" \/>\n<meta property=\"og:locale\" content=\"nb_NO\" \/>\n<meta property=\"og:type\" content=\"article\" \/>\n<meta property=\"og:title\" content=\"Minigolf - Rauland Skisenter\" \/>\n<meta property=\"og:description\" content=\"Minigolf er blant familieaktivitetene p\u00e5 Vierli, \u00e5pent hele sommeren.\" \/>\n<meta property=\"og:url\" content=\"https:\/\/visitrauland.com\/rauland-skisenter\/aktiviteter\/minigolf\/\" \/>\n<meta property=\"og:site_name\" content=\"Rauland Skisenter\" \/>\n<meta property=\"article:modified_time\" content=\"2025-09-08T09:47:27+00:00\" \/>\n<meta name=\"twitter:card\" content=\"summary_large_image\" \/>\n<meta name=\"twitter:label1\" content=\"Ansl. lesetid\" \/>\n\t<meta name=\"twitter:data1\" content=\"3 minutter\" \/>\n<script type=\"application\/ld+json\" class=\"yoast-schema-graph\">{\"@context\":\"https:\/\/schema.org\",\"@graph\":[{\"@type\":\"WebPage\",\"@id\":\"https:\/\/visitrauland.com\/rauland-skisenter\/aktiviteter\/minigolf\/\",\"url\":\"https:\/\/visitrauland.com\/rauland-skisenter\/aktiviteter\/minigolf\/\",\"name\":\"Minigolf - Rauland Skisenter\",\"isPartOf\":{\"@id\":\"https:\/\/visitrauland.com\/rauland-skisenter\/#website\"},\"datePublished\":\"2022-06-13T13:22:14+00:00\",\"dateModified\":\"2025-09-08T09:47:27+00:00\",\"description\":\"Minigolf er blant familieaktivitetene p\u00e5 Vierli, \u00e5pent hele sommeren.\",\"breadcrumb\":{\"@id\":\"https:\/\/visitrauland.com\/rauland-skisenter\/aktiviteter\/minigolf\/#breadcrumb\"},\"inLanguage\":\"nb-NO\",\"potentialAction\":[{\"@type\":\"ReadAction\",\"target\":[\"https:\/\/visitrauland.com\/rauland-skisenter\/aktiviteter\/minigolf\/\"]}]},{\"@type\":\"BreadcrumbList\",\"@id\":\"https:\/\/visitrauland.com\/rauland-skisenter\/aktiviteter\/minigolf\/#breadcrumb\",\"itemListElement\":[{\"@type\":\"ListItem\",\"position\":1,\"name\":\"Hjem\",\"item\":\"https:\/\/visitrauland.com\/rauland-skisenter\/\"},{\"@type\":\"ListItem\",\"position\":2,\"name\":\"Aktiviteter hos Rauland Skisenter\",\"item\":\"https:\/\/visitrauland.com\/rauland-skisenter\/aktiviteter\/\"},{\"@type\":\"ListItem\",\"position\":3,\"name\":\"Minigolf\"}]},{\"@type\":\"WebSite\",\"@id\":\"https:\/\/visitrauland.com\/rauland-skisenter\/#website\",\"url\":\"https:\/\/visitrauland.com\/rauland-skisenter\/\",\"name\":\"Rauland Skisenter\",\"description\":\"Aktiviteter for hele familien!\",\"potentialAction\":[{\"@type\":\"SearchAction\",\"target\":{\"@type\":\"EntryPoint\",\"urlTemplate\":\"https:\/\/visitrauland.com\/rauland-skisenter\/?s={search_term_string}\"},\"query-input\":{\"@type\":\"PropertyValueSpecification\",\"valueRequired\":true,\"valueName\":\"search_term_string\"}}],\"inLanguage\":\"nb-NO\"}]}<\/script>\n<!-- \/ Yoast SEO plugin. -->","yoast_head_json":{"title":"Minigolf - Rauland Skisenter","description":"Minigolf er blant familieaktivitetene p\u00e5 Vierli, \u00e5pent hele sommeren.","robots":{"index":"index","follow":"follow","max-snippet":"max-snippet:-1","max-image-preview":"max-image-preview:large","max-video-preview":"max-video-preview:-1"},"canonical":"https:\/\/visitrauland.com\/rauland-skisenter\/aktiviteter\/minigolf\/","og_locale":"nb_NO","og_type":"article","og_title":"Minigolf - Rauland Skisenter","og_description":"Minigolf er blant familieaktivitetene p\u00e5 Vierli, \u00e5pent hele sommeren.","og_url":"https:\/\/visitrauland.com\/rauland-skisenter\/aktiviteter\/minigolf\/","og_site_name":"Rauland Skisenter","article_modified_time":"2025-09-08T09:47:27+00:00","twitter_card":"summary_large_image","twitter_misc":{"Ansl. lesetid":"3 minutter"},"schema":{"@context":"https:\/\/schema.org","@graph":[{"@type":"WebPage","@id":"https:\/\/visitrauland.com\/rauland-skisenter\/aktiviteter\/minigolf\/","url":"https:\/\/visitrauland.com\/rauland-skisenter\/aktiviteter\/minigolf\/","name":"Minigolf - Rauland Skisenter","isPartOf":{"@id":"https:\/\/visitrauland.com\/rauland-skisenter\/#website"},"datePublished":"2022-06-13T13:22:14+00:00","dateModified":"2025-09-08T09:47:27+00:00","description":"Minigolf er blant familieaktivitetene p\u00e5 Vierli, \u00e5pent hele sommeren.","breadcrumb":{"@id":"https:\/\/visitrauland.com\/rauland-skisenter\/aktiviteter\/minigolf\/#breadcrumb"},"inLanguage":"nb-NO","potentialAction":[{"@type":"ReadAction","target":["https:\/\/visitrauland.com\/rauland-skisenter\/aktiviteter\/minigolf\/"]}]},{"@type":"BreadcrumbList","@id":"https:\/\/visitrauland.com\/rauland-skisenter\/aktiviteter\/minigolf\/#breadcrumb","itemListElement":[{"@type":"ListItem","position":1,"name":"Hjem","item":"https:\/\/visitrauland.com\/rauland-skisenter\/"},{"@type":"ListItem","position":2,"name":"Aktiviteter hos Rauland Skisenter","item":"https:\/\/visitrauland.com\/rauland-skisenter\/aktiviteter\/"},{"@type":"ListItem","position":3,"name":"Minigolf"}]},{"@type":"WebSite","@id":"https:\/\/visitrauland.com\/rauland-skisenter\/#website","url":"https:\/\/visitrauland.com\/rauland-skisenter\/","name":"Rauland Skisenter","description":"Aktiviteter for hele familien!","potentialAction":[{"@type":"SearchAction","target":{"@type":"EntryPoint","urlTemplate":"https:\/\/visitrauland.com\/rauland-skisenter\/?s={search_term_string}"},"query-input":{"@type":"PropertyValueSpecification","valueRequired":true,"valueName":"search_term_string"}}],"inLanguage":"nb-NO"}]}},"publishpress_future_action":{"enabled":false,"date":"2026-04-26 06:26:10","action":"change-status","newStatus":"draft","terms":[],"taxonomy":"","extraData":[]},"publishpress_future_workflow_manual_trigger":{"enabledWorkflows":[]},"_links":{"self":[{"href":"https:\/\/visitrauland.com\/rauland-skisenter\/wp-json\/wp\/v2\/pages\/6961","targetHints":{"allow":["GET"]}}],"collection":[{"href":"https:\/\/visitrauland.com\/rauland-skisenter\/wp-json\/wp\/v2\/pages"}],"about":[{"href":"https:\/\/visitrauland.com\/rauland-skisenter\/wp-json\/wp\/v2\/types\/page"}],"author":[{"embeddable":true,"href":"https:\/\/visitrauland.com\/rauland-skisenter\/wp-json\/wp\/v2\/users\/10"}],"replies":[{"embeddable":true,"href":"https:\/\/visitrauland.com\/rauland-skisenter\/wp-json\/wp\/v2\/comments?post=6961"}],"version-history":[{"count":15,"href":"https:\/\/visitrauland.com\/rauland-skisenter\/wp-json\/wp\/v2\/pages\/6961\/revisions"}],"predecessor-version":[{"id":10354,"href":"https:\/\/visitrauland.com\/rauland-skisenter\/wp-json\/wp\/v2\/pages\/6961\/revisions\/10354"}],"up":[{"embeddable":true,"href":"https:\/\/visitrauland.com\/rauland-skisenter\/wp-json\/wp\/v2\/pages\/452"}],"wp:attachment":[{"href":"https:\/\/visitrauland.com\/rauland-skisenter\/wp-json\/wp\/v2\/media?parent=6961"}],"curies":[{"name":"wp","href":"https:\/\/api.w.org\/{rel}","templated":true}]}}