{"id":6959,"date":"2022-06-13T15:21:48","date_gmt":"2022-06-13T13:21:48","guid":{"rendered":"https:\/\/visitrauland.com\/rauland-skisenter\/?page_id=6959"},"modified":"2025-10-21T14:58:54","modified_gmt":"2025-10-21T12:58:54","slug":"frisbeegolf","status":"publish","type":"page","link":"https:\/\/visitrauland.com\/rauland-skisenter\/aktiviteter\/frisbeegolf\/","title":{"rendered":"Frisbeegolf"},"content":{"rendered":"<div id=\"cs-content\" class=\"cs-content\"><div id=\"x-section-1\" class=\"x-section\" style=\"margin: 0px;padding: 0px; background-color: transparent;\"><div id class=\"x-container\" style=\"margin: 0px auto;padding: 0px;\"><div class=\"x-column x-sm x-1-1\" style=\"padding: 0px;\"><noscript><img decoding=\"async\" class=\"x-img x-img-none\" src=\"https:\/\/visitrauland.com\/rauland-skisenter\/wp-content\/uploads\/sites\/18\/2022\/08\/frisbeegolf011_1920.jpg\" alt=\"Familie nyter frisbee-golf i naturskj\u00f8nne omgivelser p\u00e5 fjellet, med fokus p\u00e5 m\u00e5lkurv.\"><\/noscript><img decoding=\"async\" class=\"x-img x-img-none lazyload\" src=\"data:image\/gif;base64,R0lGODlhAQABAIAAAAAAAP\/\/\/yH5BAEAAAAALAAAAAABAAEAAAIBRAA7\" alt=\"Familie nyter frisbee-golf i naturskj\u00f8nne omgivelser p\u00e5 fjellet, med fokus p\u00e5 m\u00e5lkurv.\" data-src=\"https:\/\/visitrauland.com\/rauland-skisenter\/wp-content\/uploads\/sites\/18\/2022\/08\/frisbeegolf011_1920.jpg\"><\/div><\/div><div id class=\"x-container\" style=\"margin: 0px auto;padding: 0px;\"><\/div><\/div><div id=\"x-section-2\" class=\"x-section\" style=\"margin: 0px;padding: 0px; background-color: transparent;\"><div id class=\"x-container\" style=\"margin: 0px auto;padding: 0px;\"><div class=\"x-column x-sm x-1-1\" style=\"padding: 0px;\"><hr class=\"x-line e6959-e9 m5db-0\"><div id class=\"x-text\" style><h4 style=\"font-weight: 400;\"><strong>Pr\u00f8v Frisbeegolf-banen p\u00e5 Vierli.&nbsp;<\/strong><\/h4>\n<p><span><strong>Sommer 2025<\/strong><br>\nTilgjengelig hver dag gjennom sommer og h\u00f8st sesongen. <br>\n<\/span><span>Fra 01.mai&nbsp; til 13. oktober.<br>\n<\/span><\/p>\n<p><span>Vi selger og leier ut discer p\u00e5 Vierli Kafeteria. <br>\n<\/span><\/p>\n<p><span>Du kan spille individuelt eller i lagkonkurranse. Banen best\u00e5r av 12 hull og p\u00e5 Vierli (9 hull p\u00e5 nedsiden av Vierli Kafeteria og 3 i omr\u00e5det opp mot Vierlinuten.<br>\nF\u00f8lg grusveien p\u00e5 venstre side av Vierli Kafeteria mot vannet for startpunkt for banen. Her vil du se et gult skilt med oversiktskart.&nbsp;<\/span><\/p>\n<p><span>Hull 6 er et litt annerledes hull hvor du m\u00e5 bruke DiscGolf-b\u00e5ten for \u00e5 hente discen. B\u00e5ten ligger p\u00e5 nedsiden av teepaden og har \u00e5rer og 2 redningsvester.&nbsp;<\/span><\/p>\n<p>Utforsk en ny g\u00f8y aktivitet for vennegjengen eller hele familien. Og det er gratis \u00e5 bruke, men disker m\u00e5 ha selv! Trenger du disker, s\u00e5 selger vi dette ved Vierli Kafeteria.<\/p>\n<p>Lykke til!<\/p>\n<p><noscript><img decoding=\"async\" src=\"https:\/\/visitrauland.com\/rauland-skisenter\/wp-content\/uploads\/sites\/18\/2024\/06\/Skjermbilde-2024-06-04-112435_1717493152.png\" alt=\"Kart over Vierli DiscGolfBane i Norge med regler og banebeskrivelse. Viser layout og viktige punkter for spillere.\" width=\"901\" height=\"654\" class=\"alignnone size-full wp-image-9304\" srcset=\"https:\/\/visitrauland.com\/rauland-skisenter\/wp-content\/uploads\/sites\/18\/2024\/06\/Skjermbilde-2024-06-04-112435_1717493152.png 901w, https:\/\/visitrauland.com\/rauland-skisenter\/wp-content\/uploads\/sites\/18\/2024\/06\/Skjermbilde-2024-06-04-112435_1717493152-300x218.png 300w, https:\/\/visitrauland.com\/rauland-skisenter\/wp-content\/uploads\/sites\/18\/2024\/06\/Skjermbilde-2024-06-04-112435_1717493152-768x557.png 768w, https:\/\/visitrauland.com\/rauland-skisenter\/wp-content\/uploads\/sites\/18\/2024\/06\/Skjermbilde-2024-06-04-112435_1717493152-500x363.png 500w, https:\/\/visitrauland.com\/rauland-skisenter\/wp-content\/uploads\/sites\/18\/2024\/06\/Skjermbilde-2024-06-04-112435_1717493152-100x73.png 100w, https:\/\/visitrauland.com\/rauland-skisenter\/wp-content\/uploads\/sites\/18\/2024\/06\/Skjermbilde-2024-06-04-112435_1717493152-862x626.png 862w\" sizes=\"(max-width: 901px) 100vw, 901px\"><\/noscript><img decoding=\"async\" src=\"data:image\/svg+xml,%3Csvg%20xmlns%3D%22http%3A%2F%2Fwww.w3.org%2F2000%2Fsvg%22%20viewBox%3D%220%200%20901%20654%22%3E%3C%2Fsvg%3E\" alt=\"Kart over Vierli DiscGolfBane i Norge med regler og banebeskrivelse. Viser layout og viktige punkter for spillere.\" width=\"901\" height=\"654\" class=\"alignnone size-full wp-image-9304 lazyload\" srcset=\"data:image\/svg+xml,%3Csvg%20xmlns%3D%22http%3A%2F%2Fwww.w3.org%2F2000%2Fsvg%22%20viewBox%3D%220%200%20901%20654%22%3E%3C%2Fsvg%3E 901w\" sizes=\"(max-width: 901px) 100vw, 901px\" data-srcset=\"https:\/\/visitrauland.com\/rauland-skisenter\/wp-content\/uploads\/sites\/18\/2024\/06\/Skjermbilde-2024-06-04-112435_1717493152.png 901w, https:\/\/visitrauland.com\/rauland-skisenter\/wp-content\/uploads\/sites\/18\/2024\/06\/Skjermbilde-2024-06-04-112435_1717493152-300x218.png 300w, https:\/\/visitrauland.com\/rauland-skisenter\/wp-content\/uploads\/sites\/18\/2024\/06\/Skjermbilde-2024-06-04-112435_1717493152-768x557.png 768w, https:\/\/visitrauland.com\/rauland-skisenter\/wp-content\/uploads\/sites\/18\/2024\/06\/Skjermbilde-2024-06-04-112435_1717493152-500x363.png 500w, https:\/\/visitrauland.com\/rauland-skisenter\/wp-content\/uploads\/sites\/18\/2024\/06\/Skjermbilde-2024-06-04-112435_1717493152-100x73.png 100w, https:\/\/visitrauland.com\/rauland-skisenter\/wp-content\/uploads\/sites\/18\/2024\/06\/Skjermbilde-2024-06-04-112435_1717493152-862x626.png 862w\" data-src=\"https:\/\/visitrauland.com\/rauland-skisenter\/wp-content\/uploads\/sites\/18\/2024\/06\/Skjermbilde-2024-06-04-112435_1717493152.png\"><\/p>\n<p><a href=\"https:\/\/visitrauland.com\/rauland-skisenter\/wp-content\/uploads\/sites\/18\/2024\/06\/Rauland-Infoboard-2024-LOW_1717493211.pdf\"><strong>Last ned PDF her<\/strong><\/a><\/p>\n<\/div><noscript><img decoding=\"async\" class=\"x-img x-img-none\" src=\"https:\/\/visitrauland.com\/rauland-skisenter\/wp-content\/uploads\/sites\/18\/2022\/08\/frisbeegolf003_1920.jpg\" alt=\"Familie spiller frisbeegolf i norsk landskap med innsj\u00f8 og fjell i bakgrunnen.\"><\/noscript><img decoding=\"async\" class=\"x-img x-img-none lazyload\" src=\"data:image\/gif;base64,R0lGODlhAQABAIAAAAAAAP\/\/\/yH5BAEAAAAALAAAAAABAAEAAAIBRAA7\" alt=\"Familie spiller frisbeegolf i norsk landskap med innsj\u00f8 og fjell i bakgrunnen.\" data-src=\"https:\/\/visitrauland.com\/rauland-skisenter\/wp-content\/uploads\/sites\/18\/2022\/08\/frisbeegolf003_1920.jpg\"><\/div><\/div><\/div><\/div>\n","protected":false},"excerpt":{"rendered":"<p>Pr\u00f8v Frisbeegolf-banen p\u00e5 Vierli.&nbsp; Sommer 2025 Tilgjengelig hver dag gjennom sommer og h\u00f8st sesongen. Fra 01.mai&nbsp; til 13. oktober. Vi selger og leier ut discer p\u00e5 Vierli Kafeteria. Du kan spille individuelt eller i lagkonkurranse. Banen best\u00e5r av 12 hull og p\u00e5 Vierli (9 hull p\u00e5 nedsiden av Vierli Kafeteria og 3 i omr\u00e5det opp mot Vierlinuten. F\u00f8lg grusveien p\u00e5 &#8230; <\/p>\n<div><a href=\"https:\/\/visitrauland.com\/rauland-skisenter\/aktiviteter\/frisbeegolf\/\" class=\"more-link\">Les Mer<\/a><\/div>\n","protected":false},"author":10,"featured_media":0,"parent":452,"menu_order":0,"comment_status":"closed","ping_status":"closed","template":"","meta":{"_relevanssi_hide_post":"","_relevanssi_hide_content":"","_relevanssi_pin_for_all":"","_relevanssi_pin_keywords":"","_relevanssi_unpin_keywords":"","_relevanssi_related_keywords":"","_relevanssi_related_include_ids":"","_relevanssi_related_exclude_ids":"","_relevanssi_related_no_append":"","_relevanssi_related_not_related":"","_relevanssi_related_posts":"9294,10386,9827,5868,2791,10465","_relevanssi_noindex_reason":"","seo_booster_metabox":"","footnotes":""},"class_list":["post-6959","page","type-page","status-publish","hentry","no-post-thumbnail"],"yoast_head":"<!-- This site is optimized with the Yoast SEO plugin v27.2 - https:\/\/yoast.com\/product\/yoast-seo-wordpress\/ -->\n<title>Frisbeegolf - Hyggelige familieaktiviteter p\u00e5 Vierli<\/title>\n<meta name=\"description\" content=\"Rauland Skisenter har frisbeegolfbane ved Vierli Kafeteria, \u00e5pent hele sommeren.\" \/>\n<meta name=\"robots\" content=\"index, follow, max-snippet:-1, max-image-preview:large, max-video-preview:-1\" \/>\n<link rel=\"canonical\" href=\"https:\/\/visitrauland.com\/rauland-skisenter\/aktiviteter\/frisbeegolf\/\" \/>\n<meta property=\"og:locale\" content=\"nb_NO\" \/>\n<meta property=\"og:type\" content=\"article\" \/>\n<meta property=\"og:title\" content=\"Frisbeegolf - Hyggelige familieaktiviteter p\u00e5 Vierli\" \/>\n<meta property=\"og:description\" content=\"Rauland Skisenter har frisbeegolfbane ved Vierli Kafeteria, \u00e5pent hele sommeren.\" \/>\n<meta property=\"og:url\" content=\"https:\/\/visitrauland.com\/rauland-skisenter\/aktiviteter\/frisbeegolf\/\" \/>\n<meta property=\"og:site_name\" content=\"Rauland Skisenter\" \/>\n<meta property=\"article:modified_time\" content=\"2025-10-21T12:58:54+00:00\" \/>\n<meta property=\"og:image\" content=\"https:\/\/visitrauland.com\/rauland-skisenter\/wp-content\/uploads\/sites\/18\/2024\/06\/Skjermbilde-2024-06-04-112435_1717493152.png\" \/>\n<meta name=\"twitter:card\" content=\"summary_large_image\" \/>\n<meta name=\"twitter:label1\" content=\"Ansl. lesetid\" \/>\n\t<meta name=\"twitter:data1\" content=\"3 minutter\" \/>\n<script type=\"application\/ld+json\" class=\"yoast-schema-graph\">{\"@context\":\"https:\/\/schema.org\",\"@graph\":[{\"@type\":\"WebPage\",\"@id\":\"https:\/\/visitrauland.com\/rauland-skisenter\/aktiviteter\/frisbeegolf\/\",\"url\":\"https:\/\/visitrauland.com\/rauland-skisenter\/aktiviteter\/frisbeegolf\/\",\"name\":\"Frisbeegolf - Hyggelige familieaktiviteter p\u00e5 Vierli\",\"isPartOf\":{\"@id\":\"https:\/\/visitrauland.com\/rauland-skisenter\/#website\"},\"primaryImageOfPage\":{\"@id\":\"https:\/\/visitrauland.com\/rauland-skisenter\/aktiviteter\/frisbeegolf\/#primaryimage\"},\"image\":{\"@id\":\"https:\/\/visitrauland.com\/rauland-skisenter\/aktiviteter\/frisbeegolf\/#primaryimage\"},\"thumbnailUrl\":\"https:\/\/visitrauland.com\/rauland-skisenter\/wp-content\/uploads\/sites\/18\/2024\/06\/Skjermbilde-2024-06-04-112435_1717493152.png\",\"datePublished\":\"2022-06-13T13:21:48+00:00\",\"dateModified\":\"2025-10-21T12:58:54+00:00\",\"description\":\"Rauland Skisenter har frisbeegolfbane ved Vierli Kafeteria, \u00e5pent hele sommeren.\",\"breadcrumb\":{\"@id\":\"https:\/\/visitrauland.com\/rauland-skisenter\/aktiviteter\/frisbeegolf\/#breadcrumb\"},\"inLanguage\":\"nb-NO\",\"potentialAction\":[{\"@type\":\"ReadAction\",\"target\":[\"https:\/\/visitrauland.com\/rauland-skisenter\/aktiviteter\/frisbeegolf\/\"]}]},{\"@type\":\"ImageObject\",\"inLanguage\":\"nb-NO\",\"@id\":\"https:\/\/visitrauland.com\/rauland-skisenter\/aktiviteter\/frisbeegolf\/#primaryimage\",\"url\":\"https:\/\/visitrauland.com\/rauland-skisenter\/wp-content\/uploads\/sites\/18\/2024\/06\/Skjermbilde-2024-06-04-112435_1717493152.png\",\"contentUrl\":\"https:\/\/visitrauland.com\/rauland-skisenter\/wp-content\/uploads\/sites\/18\/2024\/06\/Skjermbilde-2024-06-04-112435_1717493152.png\",\"width\":901,\"height\":654,\"caption\":\"Kart over Vierli DiscGolfBane i Norge med regler og banebeskrivelse. Viser layout og viktige punkter for spillere.\"},{\"@type\":\"BreadcrumbList\",\"@id\":\"https:\/\/visitrauland.com\/rauland-skisenter\/aktiviteter\/frisbeegolf\/#breadcrumb\",\"itemListElement\":[{\"@type\":\"ListItem\",\"position\":1,\"name\":\"Hjem\",\"item\":\"https:\/\/visitrauland.com\/rauland-skisenter\/\"},{\"@type\":\"ListItem\",\"position\":2,\"name\":\"Aktiviteter hos Rauland Skisenter\",\"item\":\"https:\/\/visitrauland.com\/rauland-skisenter\/aktiviteter\/\"},{\"@type\":\"ListItem\",\"position\":3,\"name\":\"Frisbeegolf\"}]},{\"@type\":\"WebSite\",\"@id\":\"https:\/\/visitrauland.com\/rauland-skisenter\/#website\",\"url\":\"https:\/\/visitrauland.com\/rauland-skisenter\/\",\"name\":\"Rauland Skisenter\",\"description\":\"Aktiviteter for hele familien!\",\"potentialAction\":[{\"@type\":\"SearchAction\",\"target\":{\"@type\":\"EntryPoint\",\"urlTemplate\":\"https:\/\/visitrauland.com\/rauland-skisenter\/?s={search_term_string}\"},\"query-input\":{\"@type\":\"PropertyValueSpecification\",\"valueRequired\":true,\"valueName\":\"search_term_string\"}}],\"inLanguage\":\"nb-NO\"}]}<\/script>\n<!-- \/ Yoast SEO plugin. -->","yoast_head_json":{"title":"Frisbeegolf - Hyggelige familieaktiviteter p\u00e5 Vierli","description":"Rauland Skisenter har frisbeegolfbane ved Vierli Kafeteria, \u00e5pent hele sommeren.","robots":{"index":"index","follow":"follow","max-snippet":"max-snippet:-1","max-image-preview":"max-image-preview:large","max-video-preview":"max-video-preview:-1"},"canonical":"https:\/\/visitrauland.com\/rauland-skisenter\/aktiviteter\/frisbeegolf\/","og_locale":"nb_NO","og_type":"article","og_title":"Frisbeegolf - Hyggelige familieaktiviteter p\u00e5 Vierli","og_description":"Rauland Skisenter har frisbeegolfbane ved Vierli Kafeteria, \u00e5pent hele sommeren.","og_url":"https:\/\/visitrauland.com\/rauland-skisenter\/aktiviteter\/frisbeegolf\/","og_site_name":"Rauland Skisenter","article_modified_time":"2025-10-21T12:58:54+00:00","og_image":[{"url":"https:\/\/visitrauland.com\/rauland-skisenter\/wp-content\/uploads\/sites\/18\/2024\/06\/Skjermbilde-2024-06-04-112435_1717493152.png","type":"","width":"","height":""}],"twitter_card":"summary_large_image","twitter_misc":{"Ansl. lesetid":"3 minutter"},"schema":{"@context":"https:\/\/schema.org","@graph":[{"@type":"WebPage","@id":"https:\/\/visitrauland.com\/rauland-skisenter\/aktiviteter\/frisbeegolf\/","url":"https:\/\/visitrauland.com\/rauland-skisenter\/aktiviteter\/frisbeegolf\/","name":"Frisbeegolf - Hyggelige familieaktiviteter p\u00e5 Vierli","isPartOf":{"@id":"https:\/\/visitrauland.com\/rauland-skisenter\/#website"},"primaryImageOfPage":{"@id":"https:\/\/visitrauland.com\/rauland-skisenter\/aktiviteter\/frisbeegolf\/#primaryimage"},"image":{"@id":"https:\/\/visitrauland.com\/rauland-skisenter\/aktiviteter\/frisbeegolf\/#primaryimage"},"thumbnailUrl":"https:\/\/visitrauland.com\/rauland-skisenter\/wp-content\/uploads\/sites\/18\/2024\/06\/Skjermbilde-2024-06-04-112435_1717493152.png","datePublished":"2022-06-13T13:21:48+00:00","dateModified":"2025-10-21T12:58:54+00:00","description":"Rauland Skisenter har frisbeegolfbane ved Vierli Kafeteria, \u00e5pent hele sommeren.","breadcrumb":{"@id":"https:\/\/visitrauland.com\/rauland-skisenter\/aktiviteter\/frisbeegolf\/#breadcrumb"},"inLanguage":"nb-NO","potentialAction":[{"@type":"ReadAction","target":["https:\/\/visitrauland.com\/rauland-skisenter\/aktiviteter\/frisbeegolf\/"]}]},{"@type":"ImageObject","inLanguage":"nb-NO","@id":"https:\/\/visitrauland.com\/rauland-skisenter\/aktiviteter\/frisbeegolf\/#primaryimage","url":"https:\/\/visitrauland.com\/rauland-skisenter\/wp-content\/uploads\/sites\/18\/2024\/06\/Skjermbilde-2024-06-04-112435_1717493152.png","contentUrl":"https:\/\/visitrauland.com\/rauland-skisenter\/wp-content\/uploads\/sites\/18\/2024\/06\/Skjermbilde-2024-06-04-112435_1717493152.png","width":901,"height":654,"caption":"Kart over Vierli DiscGolfBane i Norge med regler og banebeskrivelse. Viser layout og viktige punkter for spillere."},{"@type":"BreadcrumbList","@id":"https:\/\/visitrauland.com\/rauland-skisenter\/aktiviteter\/frisbeegolf\/#breadcrumb","itemListElement":[{"@type":"ListItem","position":1,"name":"Hjem","item":"https:\/\/visitrauland.com\/rauland-skisenter\/"},{"@type":"ListItem","position":2,"name":"Aktiviteter hos Rauland Skisenter","item":"https:\/\/visitrauland.com\/rauland-skisenter\/aktiviteter\/"},{"@type":"ListItem","position":3,"name":"Frisbeegolf"}]},{"@type":"WebSite","@id":"https:\/\/visitrauland.com\/rauland-skisenter\/#website","url":"https:\/\/visitrauland.com\/rauland-skisenter\/","name":"Rauland Skisenter","description":"Aktiviteter for hele familien!","potentialAction":[{"@type":"SearchAction","target":{"@type":"EntryPoint","urlTemplate":"https:\/\/visitrauland.com\/rauland-skisenter\/?s={search_term_string}"},"query-input":{"@type":"PropertyValueSpecification","valueRequired":true,"valueName":"search_term_string"}}],"inLanguage":"nb-NO"}]}},"publishpress_future_action":{"enabled":false,"date":"2026-04-18 01:19:20","action":"change-status","newStatus":"draft","terms":[],"taxonomy":"","extraData":[]},"publishpress_future_workflow_manual_trigger":{"enabledWorkflows":[]},"_links":{"self":[{"href":"https:\/\/visitrauland.com\/rauland-skisenter\/wp-json\/wp\/v2\/pages\/6959","targetHints":{"allow":["GET"]}}],"collection":[{"href":"https:\/\/visitrauland.com\/rauland-skisenter\/wp-json\/wp\/v2\/pages"}],"about":[{"href":"https:\/\/visitrauland.com\/rauland-skisenter\/wp-json\/wp\/v2\/types\/page"}],"author":[{"embeddable":true,"href":"https:\/\/visitrauland.com\/rauland-skisenter\/wp-json\/wp\/v2\/users\/10"}],"replies":[{"embeddable":true,"href":"https:\/\/visitrauland.com\/rauland-skisenter\/wp-json\/wp\/v2\/comments?post=6959"}],"version-history":[{"count":17,"href":"https:\/\/visitrauland.com\/rauland-skisenter\/wp-json\/wp\/v2\/pages\/6959\/revisions"}],"predecessor-version":[{"id":10353,"href":"https:\/\/visitrauland.com\/rauland-skisenter\/wp-json\/wp\/v2\/pages\/6959\/revisions\/10353"}],"up":[{"embeddable":true,"href":"https:\/\/visitrauland.com\/rauland-skisenter\/wp-json\/wp\/v2\/pages\/452"}],"wp:attachment":[{"href":"https:\/\/visitrauland.com\/rauland-skisenter\/wp-json\/wp\/v2\/media?parent=6959"}],"curies":[{"name":"wp","href":"https:\/\/api.w.org\/{rel}","templated":true}]}}