{"id":632,"date":"2017-12-07T11:14:27","date_gmt":"2017-12-07T10:14:27","guid":{"rendered":"https:\/\/visitrauland.com\/rauland-skisenter\/?page_id=632"},"modified":"2026-01-08T22:27:34","modified_gmt":"2026-01-08T21:27:34","slug":"om-oss","status":"publish","type":"page","link":"https:\/\/visitrauland.com\/rauland-skisenter\/om-oss\/","title":{"rendered":"Om oss"},"content":{"rendered":"<div id=\"cs-content\" class=\"cs-content\"><div id=\"x-section-1\" class=\"x-section\" style=\"margin: 0px;padding: 0px; background-color: transparent;\"><div id class=\"x-container\" style=\"margin: 0px auto;padding: 0px;\"><div class=\"x-column x-sm x-1-1\" style=\"padding: 0px;\"><noscript><img decoding=\"async\" class=\"x-img x-img-none\" src=\"https:\/\/visitrauland.com\/rauland-skisenter\/wp-content\/uploads\/sites\/18\/2024\/10\/S6A0199_1920_1728903965.jpg\"><\/noscript><img decoding=\"async\" class=\"x-img x-img-none lazyload\" src=\"data:image\/gif;base64,R0lGODlhAQABAIAAAAAAAP\/\/\/yH5BAEAAAAALAAAAAABAAEAAAIBRAA7\" data-src=\"https:\/\/visitrauland.com\/rauland-skisenter\/wp-content\/uploads\/sites\/18\/2024\/10\/S6A0199_1920_1728903965.jpg\"><\/div><\/div><div id class=\"x-container\" style=\"margin: 0px auto;padding: 0px;\"><div class=\"x-column x-sm x-1-1\" style=\"padding: 0px;\"><div id class=\"x-text\" style><p>Nyttig info:<br>\n<a href=\"https:\/\/visitrauland.com\/rauland-skisenter\/2024\/12\/15\/parkering-i-rauland-skisenter\/\">Parkering p\u00e5 Rauland Skisenter<\/a> <br>\n<a href=\"https:\/\/visitrauland.com\/rauland-skisenter\/samarbeidspartnere\/\">V\u00e5re samarbeidspartnere<\/a> <br>\n<a href=\"https:\/\/visitrauland.com\/rauland-skisenter\/stillinger\/\">Jobbe hos oss?&nbsp;<\/a><br>\n<a href=\"https:\/\/visitrauland.com\/rauland-skisenter\/miljopolicy\/\">Milj\u00f8policy<\/a><\/p>\n<h4><strong>Rauland er Telemarks st\u00f8rste skidestinasjon<\/strong><\/h4>\n<p><strong>Rauland Skisenter drifter i dag:<\/strong><\/p>\n<ul>\n<li>Skiomr\u00e5dene p\u00e5 Vierli, Tiur og i Holtardalen. Totalt 12 heiser og 26 nedfarter.<\/li>\n<li>Skiutleier, skiskole og aktiviteter<\/li>\n<li>4 serveringssteder<\/li>\n<li>Utleie av hytter og leiligheter gjennom Rauland Feriesenter<\/li>\n<li>Sommeraktiviteter p\u00e5 Vierli (b\u00e5t\/kano utleie, fiske, barnas seter, lekeplass)<br>\n<h5>Kontakt oss:<\/h5>\n<p><strong>Rauland Skisenter<\/strong><br>\nSp\u00f8rsm\u00e5l vedr\u00f8rende skisenterdrift, \u00e5pningstider heiser, skiutleie, skiskole og administrasjon:<br>\n<a href=\"mailto:post@raulandskisenter.no\">post@raulandskisenter.no<\/a><\/p>\n<p><strong>Rauland Feriesenter<\/strong><br>\nSp\u00f8rsm\u00e5l vedr\u00f8rende overnatting i hytter og leiligheter<br>\n<a href=\"mailto:booking@raulandferiesenter.no\">booking@raulandferiesenter.no<\/a><br>\nTlf: 35 07 23 00 (valg 1)<\/p>\n<p><strong>Leder Ski\/ Servering<br>\n<\/strong>Guri Solbu<br>\n<a href=\"mailto:gs@raulandskisenter.no\">gs@raulandskisenter.no<\/a><\/p>\n<p><strong>Leder Renhold\/ Vierli Kafeteria<\/strong><br>\nDonata Impolis<br>\n<a href=\"mailto:dc@raulandferiesenter.no\">dc@raulandferiesenter.no<\/a><\/p>\n<p><a href=\"mailto:gs@raulandskisenter.no\"><\/a><\/p>\n<p><strong>Teknisk leder<br>\n<\/strong>H\u00e5vard Bj\u00f8rke<strong><br>\n<a href=\"mailto:hbk@raulandskisenter.no\">hb@raulandskisenter.no<\/a><\/strong><\/p>\n<p><strong><a href=\"mailto:hbk@raulandskisenter.no\"><\/a><\/strong><\/p>\n<p><strong>Leder Administrasjon<br>\n<\/strong>Wenche H \u00d8deg\u00e5rd<strong><br>\n<a href=\"mailto:gs@raulandskisenter.no\">who@raulandskisenter.no<\/a><\/strong><\/p>\n<p><strong>\u00d8konomi\/ Regnskap<br>\n<\/strong>Janne Karlsen<strong><br>\n<\/strong><a href=\"mailto:jk@raulandskisenter.no\">jk@raulandskisenter.no<\/a><\/p>\n<p><a href=\"mailto:jk@raulandskisenter.no\"><\/a><\/p>\n<p><strong>Daglig leder<br>\n<\/strong>Kristin Larsen<strong><br>\n<a href=\"mailto:klk@raulandskisenter.no\">kl@raulandskisenter.no<\/a><\/strong><\/p>\n<p><strong><\/strong><strong>Rauland Skisenter AS<\/strong><br>\nRjukanvegen 1066<br>\n3864 Rauland<\/p>\n<p><a href=\"mailto:gs@raulandskisenter.no\"><\/a><\/p>\n<p><strong><\/strong><\/p>\n<p><strong><\/strong><\/p>\n<p>GPS-koordinater:<br>\n59&#8217;44&#8217;47&#8217; og<br>\n8&#8217;10&#8217;11,89 E<\/p>\n<\/li>\n<\/ul>\n<\/div><\/div><\/div><\/div><div id=\"x-section-2\" class=\"x-section\" style=\"margin: 0px;padding: 45px 0px; background-color: transparent;\"><div id class=\"x-container\" style=\"margin: 0px auto;padding: 0px;\"><div class=\"x-column x-sm x-1-1\" style=\"padding: 0px;\"><noscript><img decoding=\"async\" class=\"x-img x-img-none\" src=\"https:\/\/visitrauland.com\/rauland-skisenter\/wp-content\/uploads\/sites\/18\/2017\/12\/RS-Prepping-1920.jpg\"><\/noscript><img decoding=\"async\" class=\"x-img x-img-none lazyload\" src=\"data:image\/gif;base64,R0lGODlhAQABAIAAAAAAAP\/\/\/yH5BAEAAAAALAAAAAABAAEAAAIBRAA7\" data-src=\"https:\/\/visitrauland.com\/rauland-skisenter\/wp-content\/uploads\/sites\/18\/2017\/12\/RS-Prepping-1920.jpg\"><\/div><\/div><\/div><\/div>\n","protected":false},"excerpt":{"rendered":"","protected":false},"author":1,"featured_media":0,"parent":0,"menu_order":0,"comment_status":"closed","ping_status":"closed","template":"","meta":{"_relevanssi_hide_post":"","_relevanssi_hide_content":"","_relevanssi_pin_for_all":"","_relevanssi_pin_keywords":"","_relevanssi_unpin_keywords":"","_relevanssi_related_keywords":"","_relevanssi_related_include_ids":"","_relevanssi_related_exclude_ids":"","_relevanssi_related_no_append":"","_relevanssi_related_not_related":"","_relevanssi_related_posts":"","_relevanssi_noindex_reason":"","seo_booster_metabox":"","footnotes":""},"class_list":["post-632","page","type-page","status-publish","hentry","no-post-thumbnail"],"yoast_head":"<!-- This site is optimized with the Yoast SEO plugin v27.2 - https:\/\/yoast.com\/product\/yoast-seo-wordpress\/ -->\n<title>Om oss - Rauland Skisenter<\/title>\n<meta name=\"robots\" content=\"index, follow, max-snippet:-1, max-image-preview:large, max-video-preview:-1\" \/>\n<link rel=\"canonical\" href=\"https:\/\/visitrauland.com\/rauland-skisenter\/om-oss\/\" \/>\n<meta property=\"og:locale\" content=\"nb_NO\" \/>\n<meta property=\"og:type\" content=\"article\" \/>\n<meta property=\"og:title\" content=\"Om oss - Rauland Skisenter\" \/>\n<meta property=\"og:url\" content=\"https:\/\/visitrauland.com\/rauland-skisenter\/om-oss\/\" \/>\n<meta property=\"og:site_name\" content=\"Rauland Skisenter\" \/>\n<meta property=\"article:modified_time\" content=\"2026-01-08T21:27:34+00:00\" \/>\n<meta name=\"twitter:card\" content=\"summary_large_image\" \/>\n<meta name=\"twitter:label1\" content=\"Ansl. lesetid\" \/>\n\t<meta name=\"twitter:data1\" content=\"2 minutter\" \/>\n<script type=\"application\/ld+json\" class=\"yoast-schema-graph\">{\"@context\":\"https:\/\/schema.org\",\"@graph\":[{\"@type\":\"WebPage\",\"@id\":\"https:\/\/visitrauland.com\/rauland-skisenter\/om-oss\/\",\"url\":\"https:\/\/visitrauland.com\/rauland-skisenter\/om-oss\/\",\"name\":\"Om oss - Rauland Skisenter\",\"isPartOf\":{\"@id\":\"https:\/\/visitrauland.com\/rauland-skisenter\/#website\"},\"datePublished\":\"2017-12-07T10:14:27+00:00\",\"dateModified\":\"2026-01-08T21:27:34+00:00\",\"breadcrumb\":{\"@id\":\"https:\/\/visitrauland.com\/rauland-skisenter\/om-oss\/#breadcrumb\"},\"inLanguage\":\"nb-NO\",\"potentialAction\":[{\"@type\":\"ReadAction\",\"target\":[\"https:\/\/visitrauland.com\/rauland-skisenter\/om-oss\/\"]}]},{\"@type\":\"BreadcrumbList\",\"@id\":\"https:\/\/visitrauland.com\/rauland-skisenter\/om-oss\/#breadcrumb\",\"itemListElement\":[{\"@type\":\"ListItem\",\"position\":1,\"name\":\"Hjem\",\"item\":\"https:\/\/visitrauland.com\/rauland-skisenter\/\"},{\"@type\":\"ListItem\",\"position\":2,\"name\":\"Om oss\"}]},{\"@type\":\"WebSite\",\"@id\":\"https:\/\/visitrauland.com\/rauland-skisenter\/#website\",\"url\":\"https:\/\/visitrauland.com\/rauland-skisenter\/\",\"name\":\"Rauland Skisenter\",\"description\":\"Aktiviteter for hele familien!\",\"potentialAction\":[{\"@type\":\"SearchAction\",\"target\":{\"@type\":\"EntryPoint\",\"urlTemplate\":\"https:\/\/visitrauland.com\/rauland-skisenter\/?s={search_term_string}\"},\"query-input\":{\"@type\":\"PropertyValueSpecification\",\"valueRequired\":true,\"valueName\":\"search_term_string\"}}],\"inLanguage\":\"nb-NO\"}]}<\/script>\n<!-- \/ Yoast SEO plugin. -->","yoast_head_json":{"title":"Om oss - Rauland Skisenter","robots":{"index":"index","follow":"follow","max-snippet":"max-snippet:-1","max-image-preview":"max-image-preview:large","max-video-preview":"max-video-preview:-1"},"canonical":"https:\/\/visitrauland.com\/rauland-skisenter\/om-oss\/","og_locale":"nb_NO","og_type":"article","og_title":"Om oss - Rauland Skisenter","og_url":"https:\/\/visitrauland.com\/rauland-skisenter\/om-oss\/","og_site_name":"Rauland Skisenter","article_modified_time":"2026-01-08T21:27:34+00:00","twitter_card":"summary_large_image","twitter_misc":{"Ansl. lesetid":"2 minutter"},"schema":{"@context":"https:\/\/schema.org","@graph":[{"@type":"WebPage","@id":"https:\/\/visitrauland.com\/rauland-skisenter\/om-oss\/","url":"https:\/\/visitrauland.com\/rauland-skisenter\/om-oss\/","name":"Om oss - Rauland Skisenter","isPartOf":{"@id":"https:\/\/visitrauland.com\/rauland-skisenter\/#website"},"datePublished":"2017-12-07T10:14:27+00:00","dateModified":"2026-01-08T21:27:34+00:00","breadcrumb":{"@id":"https:\/\/visitrauland.com\/rauland-skisenter\/om-oss\/#breadcrumb"},"inLanguage":"nb-NO","potentialAction":[{"@type":"ReadAction","target":["https:\/\/visitrauland.com\/rauland-skisenter\/om-oss\/"]}]},{"@type":"BreadcrumbList","@id":"https:\/\/visitrauland.com\/rauland-skisenter\/om-oss\/#breadcrumb","itemListElement":[{"@type":"ListItem","position":1,"name":"Hjem","item":"https:\/\/visitrauland.com\/rauland-skisenter\/"},{"@type":"ListItem","position":2,"name":"Om oss"}]},{"@type":"WebSite","@id":"https:\/\/visitrauland.com\/rauland-skisenter\/#website","url":"https:\/\/visitrauland.com\/rauland-skisenter\/","name":"Rauland Skisenter","description":"Aktiviteter for hele familien!","potentialAction":[{"@type":"SearchAction","target":{"@type":"EntryPoint","urlTemplate":"https:\/\/visitrauland.com\/rauland-skisenter\/?s={search_term_string}"},"query-input":{"@type":"PropertyValueSpecification","valueRequired":true,"valueName":"search_term_string"}}],"inLanguage":"nb-NO"}]}},"publishpress_future_action":{"enabled":false,"date":"2026-04-11 07:17:34","action":"change-status","newStatus":"draft","terms":[],"taxonomy":"","extraData":[]},"publishpress_future_workflow_manual_trigger":{"enabledWorkflows":[]},"_links":{"self":[{"href":"https:\/\/visitrauland.com\/rauland-skisenter\/wp-json\/wp\/v2\/pages\/632","targetHints":{"allow":["GET"]}}],"collection":[{"href":"https:\/\/visitrauland.com\/rauland-skisenter\/wp-json\/wp\/v2\/pages"}],"about":[{"href":"https:\/\/visitrauland.com\/rauland-skisenter\/wp-json\/wp\/v2\/types\/page"}],"author":[{"embeddable":true,"href":"https:\/\/visitrauland.com\/rauland-skisenter\/wp-json\/wp\/v2\/users\/1"}],"replies":[{"embeddable":true,"href":"https:\/\/visitrauland.com\/rauland-skisenter\/wp-json\/wp\/v2\/comments?post=632"}],"version-history":[{"count":12,"href":"https:\/\/visitrauland.com\/rauland-skisenter\/wp-json\/wp\/v2\/pages\/632\/revisions"}],"predecessor-version":[{"id":10844,"href":"https:\/\/visitrauland.com\/rauland-skisenter\/wp-json\/wp\/v2\/pages\/632\/revisions\/10844"}],"wp:attachment":[{"href":"https:\/\/visitrauland.com\/rauland-skisenter\/wp-json\/wp\/v2\/media?parent=632"}],"curies":[{"name":"wp","href":"https:\/\/api.w.org\/{rel}","templated":true}]}}