{"id":628,"date":"2018-02-25T16:11:15","date_gmt":"2018-02-25T15:11:15","guid":{"rendered":"https:\/\/visitrauland.com\/rauland-skisenter\/?page_id=628"},"modified":"2024-11-19T18:28:19","modified_gmt":"2024-11-19T17:28:19","slug":"loypekart","status":"publish","type":"page","link":"https:\/\/visitrauland.com\/rauland-skisenter\/loypekart\/","title":{"rendered":"L\u00f8ypekart"},"content":{"rendered":"<div id=\"cs-content\" class=\"cs-content\"><div id=\"x-section-1\" class=\"x-section\" style=\"margin: 0px;padding: 0px; background-color: transparent;\"><div id class=\"x-container\" style=\"margin: 0px auto;padding: 0px;\"><div class=\"x-column x-sm x-1-1\" style=\"padding: 0px;\"><div id class=\"x-text\" style><p>Her er l\u00f8ypekartene for skistedene i Rauland.<\/p>\n<p>L\u00f8ypekart over langrennsl\u00f8ypene <strong><a href=\"https:\/\/visitrauland.com\/skiferietelemark\/langrenn\/loypekart\/\">finner du her<\/a>.<\/strong><\/p>\n<p>Se <strong><a href=\"https:\/\/virtualtours.dk\/Hosting\/Norway\/Rauland\/rauland%20invest\/map\/rs_tour\/rs.html\" target=\"_blank\" rel=\"noopener\">interaktivt vinterkart<\/a><\/strong><\/p>\n<\/div><\/div><\/div><div id class=\"x-container\" style=\"margin: 0px auto;padding: 0px;\"><div class=\"x-column x-sm x-1-1\" style=\"padding: 0px;\"><h4 class=\"h-custom-headline h4\"><span><a href=\"\/rauland-skisenter\/\">Rauland Skisenter<\/a><\/span><\/h4><\/div><\/div><div id class=\"x-container\" style=\"margin: 0px auto;padding: 0px;\"><div class=\"x-column x-sm x-1-1\" style=\"padding: 0px;\"><div id class=\"x-text\" style><p>Klikk p\u00e5 kartet for \u00e5 forst\u00f8rre:<strong><\/strong><\/p>\n<\/div><\/div><\/div><div id class=\"x-container\" style=\"margin: 0px auto;padding: 0px;\"><div class=\"x-column x-sm x-1-1\" style=\"padding: 0px;\"><a class=\"x-img x-img-link x-img-none\" href=\"https:\/\/visitrauland.com\/rauland-skisenter\/wp-content\/uploads\/sites\/18\/2023\/11\/Rauland_pistemap_4.1_web1920px_1700219330.jpg\" data-options=\"thumbnail: '9627:full'\" data-rel=\"lightbox-image-0\" data-rl_title data-rl_caption title><noscript><img decoding=\"async\" src=\"https:\/\/visitrauland.com\/rauland-skisenter\/wp-content\/uploads\/sites\/18\/2024\/11\/Rauland_pistemap_4.4_web2524px_1920_1732037260.jpg\"><\/noscript><img decoding=\"async\" src=\"data:image\/gif;base64,R0lGODlhAQABAIAAAAAAAP\/\/\/yH5BAEAAAAALAAAAAABAAEAAAIBRAA7\" data-src=\"https:\/\/visitrauland.com\/rauland-skisenter\/wp-content\/uploads\/sites\/18\/2024\/11\/Rauland_pistemap_4.4_web2524px_1920_1732037260.jpg\" class=\" lazyload\"><\/a><\/div><\/div><\/div><\/div>\n","protected":false},"excerpt":{"rendered":"","protected":false},"author":1,"featured_media":0,"parent":0,"menu_order":0,"comment_status":"closed","ping_status":"closed","template":"","meta":{"_relevanssi_hide_post":"","_relevanssi_hide_content":"","_relevanssi_pin_for_all":"","_relevanssi_pin_keywords":"","_relevanssi_unpin_keywords":"","_relevanssi_related_keywords":"","_relevanssi_related_include_ids":"","_relevanssi_related_exclude_ids":"","_relevanssi_related_no_append":"","_relevanssi_related_not_related":"","_relevanssi_related_posts":"","_relevanssi_noindex_reason":"","seo_booster_metabox":"","footnotes":""},"class_list":["post-628","page","type-page","status-publish","hentry","no-post-thumbnail"],"yoast_head":"<!-- This site is optimized with the Yoast SEO plugin v27.2 - https:\/\/yoast.com\/product\/yoast-seo-wordpress\/ -->\n<title>L\u00f8ypekart - Rauland Skisenter<\/title>\n<meta name=\"robots\" content=\"index, follow, max-snippet:-1, max-image-preview:large, max-video-preview:-1\" \/>\n<link rel=\"canonical\" href=\"https:\/\/visitrauland.com\/rauland-skisenter\/loypekart\/\" \/>\n<meta property=\"og:locale\" content=\"nb_NO\" \/>\n<meta property=\"og:type\" content=\"article\" \/>\n<meta property=\"og:title\" content=\"L\u00f8ypekart - Rauland Skisenter\" \/>\n<meta property=\"og:url\" content=\"https:\/\/visitrauland.com\/rauland-skisenter\/loypekart\/\" \/>\n<meta property=\"og:site_name\" content=\"Rauland Skisenter\" \/>\n<meta property=\"article:modified_time\" content=\"2024-11-19T17:28:19+00:00\" \/>\n<meta name=\"twitter:card\" content=\"summary_large_image\" \/>\n<meta name=\"twitter:label1\" content=\"Ansl. lesetid\" \/>\n\t<meta name=\"twitter:data1\" content=\"2 minutter\" \/>\n<script type=\"application\/ld+json\" class=\"yoast-schema-graph\">{\"@context\":\"https:\/\/schema.org\",\"@graph\":[{\"@type\":\"WebPage\",\"@id\":\"https:\/\/visitrauland.com\/rauland-skisenter\/loypekart\/\",\"url\":\"https:\/\/visitrauland.com\/rauland-skisenter\/loypekart\/\",\"name\":\"L\u00f8ypekart - Rauland Skisenter\",\"isPartOf\":{\"@id\":\"https:\/\/visitrauland.com\/rauland-skisenter\/#website\"},\"datePublished\":\"2018-02-25T15:11:15+00:00\",\"dateModified\":\"2024-11-19T17:28:19+00:00\",\"breadcrumb\":{\"@id\":\"https:\/\/visitrauland.com\/rauland-skisenter\/loypekart\/#breadcrumb\"},\"inLanguage\":\"nb-NO\",\"potentialAction\":[{\"@type\":\"ReadAction\",\"target\":[\"https:\/\/visitrauland.com\/rauland-skisenter\/loypekart\/\"]}]},{\"@type\":\"BreadcrumbList\",\"@id\":\"https:\/\/visitrauland.com\/rauland-skisenter\/loypekart\/#breadcrumb\",\"itemListElement\":[{\"@type\":\"ListItem\",\"position\":1,\"name\":\"Hjem\",\"item\":\"https:\/\/visitrauland.com\/rauland-skisenter\/\"},{\"@type\":\"ListItem\",\"position\":2,\"name\":\"L\u00f8ypekart\"}]},{\"@type\":\"WebSite\",\"@id\":\"https:\/\/visitrauland.com\/rauland-skisenter\/#website\",\"url\":\"https:\/\/visitrauland.com\/rauland-skisenter\/\",\"name\":\"Rauland Skisenter\",\"description\":\"Aktiviteter for hele familien!\",\"potentialAction\":[{\"@type\":\"SearchAction\",\"target\":{\"@type\":\"EntryPoint\",\"urlTemplate\":\"https:\/\/visitrauland.com\/rauland-skisenter\/?s={search_term_string}\"},\"query-input\":{\"@type\":\"PropertyValueSpecification\",\"valueRequired\":true,\"valueName\":\"search_term_string\"}}],\"inLanguage\":\"nb-NO\"}]}<\/script>\n<!-- \/ Yoast SEO plugin. -->","yoast_head_json":{"title":"L\u00f8ypekart - Rauland Skisenter","robots":{"index":"index","follow":"follow","max-snippet":"max-snippet:-1","max-image-preview":"max-image-preview:large","max-video-preview":"max-video-preview:-1"},"canonical":"https:\/\/visitrauland.com\/rauland-skisenter\/loypekart\/","og_locale":"nb_NO","og_type":"article","og_title":"L\u00f8ypekart - Rauland Skisenter","og_url":"https:\/\/visitrauland.com\/rauland-skisenter\/loypekart\/","og_site_name":"Rauland Skisenter","article_modified_time":"2024-11-19T17:28:19+00:00","twitter_card":"summary_large_image","twitter_misc":{"Ansl. lesetid":"2 minutter"},"schema":{"@context":"https:\/\/schema.org","@graph":[{"@type":"WebPage","@id":"https:\/\/visitrauland.com\/rauland-skisenter\/loypekart\/","url":"https:\/\/visitrauland.com\/rauland-skisenter\/loypekart\/","name":"L\u00f8ypekart - Rauland Skisenter","isPartOf":{"@id":"https:\/\/visitrauland.com\/rauland-skisenter\/#website"},"datePublished":"2018-02-25T15:11:15+00:00","dateModified":"2024-11-19T17:28:19+00:00","breadcrumb":{"@id":"https:\/\/visitrauland.com\/rauland-skisenter\/loypekart\/#breadcrumb"},"inLanguage":"nb-NO","potentialAction":[{"@type":"ReadAction","target":["https:\/\/visitrauland.com\/rauland-skisenter\/loypekart\/"]}]},{"@type":"BreadcrumbList","@id":"https:\/\/visitrauland.com\/rauland-skisenter\/loypekart\/#breadcrumb","itemListElement":[{"@type":"ListItem","position":1,"name":"Hjem","item":"https:\/\/visitrauland.com\/rauland-skisenter\/"},{"@type":"ListItem","position":2,"name":"L\u00f8ypekart"}]},{"@type":"WebSite","@id":"https:\/\/visitrauland.com\/rauland-skisenter\/#website","url":"https:\/\/visitrauland.com\/rauland-skisenter\/","name":"Rauland Skisenter","description":"Aktiviteter for hele familien!","potentialAction":[{"@type":"SearchAction","target":{"@type":"EntryPoint","urlTemplate":"https:\/\/visitrauland.com\/rauland-skisenter\/?s={search_term_string}"},"query-input":{"@type":"PropertyValueSpecification","valueRequired":true,"valueName":"search_term_string"}}],"inLanguage":"nb-NO"}]}},"publishpress_future_action":{"enabled":false,"date":"2026-04-25 01:54:10","action":"change-status","newStatus":"draft","terms":[],"taxonomy":"","extraData":[]},"publishpress_future_workflow_manual_trigger":{"enabledWorkflows":[]},"_links":{"self":[{"href":"https:\/\/visitrauland.com\/rauland-skisenter\/wp-json\/wp\/v2\/pages\/628","targetHints":{"allow":["GET"]}}],"collection":[{"href":"https:\/\/visitrauland.com\/rauland-skisenter\/wp-json\/wp\/v2\/pages"}],"about":[{"href":"https:\/\/visitrauland.com\/rauland-skisenter\/wp-json\/wp\/v2\/types\/page"}],"author":[{"embeddable":true,"href":"https:\/\/visitrauland.com\/rauland-skisenter\/wp-json\/wp\/v2\/users\/1"}],"replies":[{"embeddable":true,"href":"https:\/\/visitrauland.com\/rauland-skisenter\/wp-json\/wp\/v2\/comments?post=628"}],"version-history":[{"count":20,"href":"https:\/\/visitrauland.com\/rauland-skisenter\/wp-json\/wp\/v2\/pages\/628\/revisions"}],"predecessor-version":[{"id":9628,"href":"https:\/\/visitrauland.com\/rauland-skisenter\/wp-json\/wp\/v2\/pages\/628\/revisions\/9628"}],"wp:attachment":[{"href":"https:\/\/visitrauland.com\/rauland-skisenter\/wp-json\/wp\/v2\/media?parent=628"}],"curies":[{"name":"wp","href":"https:\/\/api.w.org\/{rel}","templated":true}]}}