{"id":5785,"date":"2022-01-23T17:02:32","date_gmt":"2022-01-23T16:02:32","guid":{"rendered":"https:\/\/visitrauland.com\/rauland-skisenter\/?page_id=5785"},"modified":"2025-09-08T11:43:56","modified_gmt":"2025-09-08T09:43:56","slug":"badstuer","status":"publish","type":"page","link":"https:\/\/visitrauland.com\/rauland-skisenter\/aktiviteter\/badstuer\/","title":{"rendered":"Badstuer p\u00e5 Vierli"},"content":{"rendered":"<div id=\"cs-content\" class=\"cs-content\"><div id=\"x-section-1\" class=\"x-section\" style=\"margin: 0px;padding: 0px; background-color: transparent;\"><div id class=\"x-container\" style=\"margin: 0px auto;padding: 0px;\"><div class=\"x-column x-sm x-1-1\" style=\"padding: 0px;\"><noscript><img decoding=\"async\" class=\"x-img x-img-none\" src=\"https:\/\/visitrauland.com\/rauland-skisenter\/wp-content\/uploads\/sites\/18\/2022\/02\/badstuer-19200.jpg\" alt=\"To sm\u00e5 hytter i et sn\u00f8dekket fjellandskap under klar bl\u00e5 himmel.\"><\/noscript><img decoding=\"async\" class=\"x-img x-img-none lazyload\" src=\"data:image\/gif;base64,R0lGODlhAQABAIAAAAAAAP\/\/\/yH5BAEAAAAALAAAAAABAAEAAAIBRAA7\" alt=\"To sm\u00e5 hytter i et sn\u00f8dekket fjellandskap under klar bl\u00e5 himmel.\" data-src=\"https:\/\/visitrauland.com\/rauland-skisenter\/wp-content\/uploads\/sites\/18\/2022\/02\/badstuer-19200.jpg\"><\/div><\/div><div id class=\"x-container\" style=\"margin: 0px auto;padding: 0px;\"><\/div><\/div><div id=\"x-section-2\" class=\"x-section\" style=\"margin: 0px;padding: 0px; background-color: transparent;\"><div id class=\"x-container\" style=\"margin: 0px auto;padding: 0px;\"><div class=\"x-column x-sm x-1-1\" style=\"padding: 0px;\"><hr class=\"x-line e5785-e9 m4gp-0\"><div id class=\"x-text\" style><p style=\"font-weight: 400;\">\u00c5 ta badstue\/sauna er en gammel tradisjon, men som har blitt sv\u00e6rt popul\u00e6rt de siste \u00e5rene.&nbsp; N\u00e5 kan du teste v\u00e5rt nye badstuekonsept p\u00e5 Vierli. To stk. badstuer er plassert ved Uvatn, med herlig utsikt mot Farhovd og randen av Hardangervidda.<\/p>\n<p style=\"font-weight: 400;\">Start eller avslutt dagen i varmen. Avkj\u00f8l deg i Uvatn sommerstid, eller med et sn\u00f8bad p\u00e5 Vinteren.<\/p>\n<p style=\"font-weight: 400;\"><strong>LES DETTE F\u00d8R DU BOOKER OG TAR BADSTUE\/SAUNA:<\/strong><\/p>\n<p style=\"font-weight: 400;\"><strong>Badstuene har elektrisk oppvaring og vil v\u00e6re oppvarmet ved ankomst\/tiden dere har booket.<\/strong><\/p>\n<p style=\"font-weight: 400;\"><strong>KAPASITET:<\/strong><br>\nAnbefalt 2- 4 personer<\/p>\n<p><strong>BADSTUE 1. RAULAND<\/strong> (N\u00e6rmest Bierli barneheis)<strong><br>\n<\/strong><strong>BADSTUE 2. M\u00d8SSTROND <\/strong>(N\u00e6rmest Svineglupen)<\/p>\n<p style=\"font-weight: 400;\"><strong>PRIS:<br>\n<\/strong>400,- kr pr booking (tilgjengelig i 2 timer)<\/p>\n<p style=\"font-weight: 400;\"><strong>\u00c5PNINGSTID:<br>\n<\/strong>Hver dag, 09:00 -22:00<\/p>\n<p style=\"font-weight: 400;\"><strong>PARKERING OG TILGANG:<br>\n<\/strong>Parkering ved Vierli kafeteria.<br>\nF\u00f8lg vei\/ l\u00f8ype (vinterstid) fra kafeen, via gapahuken, forbi Vierli Sn\u00f8brog ned til badstuene. NB! Ha gode vintersko eller ski vinterstid.<\/p>\n<p style=\"font-weight: 400;\"><strong>FASILITETER<\/strong>:<br>\nOmkledningsrom.<br>\nToaletter er tilgjengelig p\u00e5 Vierli kafeteria i kafeens \u00e5pningstid.<\/p>\n<p style=\"font-weight: 400;\"><strong>H\u00c5NDKLE:<\/strong><br>\nTa med eget h\u00e5ndkle.<br>\nH\u00e5ndkle\/badek\u00e5pe kan ogs\u00e5 leies p\u00e5 Vierli kafeteria i kafeens \u00e5pningstid.<\/p>\n<p style=\"font-weight: 400;\"><strong>BADET\u00d8Y:<br>\n<\/strong>Det er p\u00e5budt med badet\u00f8y i badstuene.<br>\nAldersgrense er 18 \u00e5r .<\/p>\n<p style=\"font-weight: 400;\"><a href=\"\/rauland-skisenter\/aktiviteter\/badstuer\/vilkaar\/\"><strong>Les v\u00e5re regler og vilk\u00e5r her.<\/strong><\/a><\/p>\n<p><strong><a href=\"https:\/\/apps.apple.com\/no\/app\/camp-booking\/id1559028645?l=nb\">BOOK via denne appen (iOS)<\/a> |&nbsp;<\/strong><a href=\"https:\/\/play.google.com\/store\/apps\/details?id=no.tempe.campbooking&amp;gl=NO\" target=\"_blank\" rel=\"noopener\"><strong>Google Play (Android)<\/strong><\/a><\/p>\n<p><noscript><img decoding=\"async\" src=\"https:\/\/visitrauland.com\/rauland-skisenter\/wp-content\/uploads\/sites\/18\/2022\/01\/frame.png\" alt=\"QR-kode som peker til nettadresse for mer informasjon. Skannes med QR-leser for tilgang.\" width=\"300\" height=\"300\" class=\"alignnone size-full wp-image-5798\" srcset=\"https:\/\/visitrauland.com\/rauland-skisenter\/wp-content\/uploads\/sites\/18\/2022\/01\/frame.png 300w, https:\/\/visitrauland.com\/rauland-skisenter\/wp-content\/uploads\/sites\/18\/2022\/01\/frame-150x150.png 150w, https:\/\/visitrauland.com\/rauland-skisenter\/wp-content\/uploads\/sites\/18\/2022\/01\/frame-100x100.png 100w\" sizes=\"(max-width: 300px) 100vw, 300px\"><\/noscript><img decoding=\"async\" src=\"data:image\/svg+xml,%3Csvg%20xmlns%3D%22http%3A%2F%2Fwww.w3.org%2F2000%2Fsvg%22%20viewBox%3D%220%200%20300%20300%22%3E%3C%2Fsvg%3E\" alt=\"QR-kode som peker til nettadresse for mer informasjon. Skannes med QR-leser for tilgang.\" width=\"300\" height=\"300\" class=\"alignnone size-full wp-image-5798 lazyload\" srcset=\"data:image\/svg+xml,%3Csvg%20xmlns%3D%22http%3A%2F%2Fwww.w3.org%2F2000%2Fsvg%22%20viewBox%3D%220%200%20300%20300%22%3E%3C%2Fsvg%3E 300w\" sizes=\"(max-width: 300px) 100vw, 300px\" data-srcset=\"https:\/\/visitrauland.com\/rauland-skisenter\/wp-content\/uploads\/sites\/18\/2022\/01\/frame.png 300w, https:\/\/visitrauland.com\/rauland-skisenter\/wp-content\/uploads\/sites\/18\/2022\/01\/frame-150x150.png 150w, https:\/\/visitrauland.com\/rauland-skisenter\/wp-content\/uploads\/sites\/18\/2022\/01\/frame-100x100.png 100w\" data-src=\"https:\/\/visitrauland.com\/rauland-skisenter\/wp-content\/uploads\/sites\/18\/2022\/01\/frame.png\"><noscript><img decoding=\"async\" src=\"https:\/\/visitrauland.com\/rauland-skisenter\/wp-content\/uploads\/sites\/18\/2022\/02\/qr-code-1-300x300.png\" alt=\"QR-kode for nettside tilgang, skann for mer informasjon.\" width=\"250\" height=\"250\" class=\"alignnone wp-image-5865\" srcset=\"https:\/\/visitrauland.com\/rauland-skisenter\/wp-content\/uploads\/sites\/18\/2022\/02\/qr-code-1-300x300.png 300w, https:\/\/visitrauland.com\/rauland-skisenter\/wp-content\/uploads\/sites\/18\/2022\/02\/qr-code-1-1024x1024.png 1024w, https:\/\/visitrauland.com\/rauland-skisenter\/wp-content\/uploads\/sites\/18\/2022\/02\/qr-code-1-150x150.png 150w, https:\/\/visitrauland.com\/rauland-skisenter\/wp-content\/uploads\/sites\/18\/2022\/02\/qr-code-1-768x768.png 768w, https:\/\/visitrauland.com\/rauland-skisenter\/wp-content\/uploads\/sites\/18\/2022\/02\/qr-code-1-500x500.png 500w, https:\/\/visitrauland.com\/rauland-skisenter\/wp-content\/uploads\/sites\/18\/2022\/02\/qr-code-1-1000x1000.png 1000w, https:\/\/visitrauland.com\/rauland-skisenter\/wp-content\/uploads\/sites\/18\/2022\/02\/qr-code-1-100x100.png 100w, https:\/\/visitrauland.com\/rauland-skisenter\/wp-content\/uploads\/sites\/18\/2022\/02\/qr-code-1-862x862.png 862w, https:\/\/visitrauland.com\/rauland-skisenter\/wp-content\/uploads\/sites\/18\/2022\/02\/qr-code-1.png 1148w\" sizes=\"(max-width: 250px) 100vw, 250px\"><\/noscript><img decoding=\"async\" src=\"data:image\/svg+xml,%3Csvg%20xmlns%3D%22http%3A%2F%2Fwww.w3.org%2F2000%2Fsvg%22%20viewBox%3D%220%200%20250%20250%22%3E%3C%2Fsvg%3E\" alt=\"QR-kode for nettside tilgang, skann for mer informasjon.\" width=\"250\" height=\"250\" class=\"alignnone wp-image-5865 lazyload\" srcset=\"data:image\/svg+xml,%3Csvg%20xmlns%3D%22http%3A%2F%2Fwww.w3.org%2F2000%2Fsvg%22%20viewBox%3D%220%200%20250%20250%22%3E%3C%2Fsvg%3E 250w\" sizes=\"(max-width: 250px) 100vw, 250px\" data-srcset=\"https:\/\/visitrauland.com\/rauland-skisenter\/wp-content\/uploads\/sites\/18\/2022\/02\/qr-code-1-300x300.png 300w, https:\/\/visitrauland.com\/rauland-skisenter\/wp-content\/uploads\/sites\/18\/2022\/02\/qr-code-1-1024x1024.png 1024w, https:\/\/visitrauland.com\/rauland-skisenter\/wp-content\/uploads\/sites\/18\/2022\/02\/qr-code-1-150x150.png 150w, https:\/\/visitrauland.com\/rauland-skisenter\/wp-content\/uploads\/sites\/18\/2022\/02\/qr-code-1-768x768.png 768w, https:\/\/visitrauland.com\/rauland-skisenter\/wp-content\/uploads\/sites\/18\/2022\/02\/qr-code-1-500x500.png 500w, https:\/\/visitrauland.com\/rauland-skisenter\/wp-content\/uploads\/sites\/18\/2022\/02\/qr-code-1-1000x1000.png 1000w, https:\/\/visitrauland.com\/rauland-skisenter\/wp-content\/uploads\/sites\/18\/2022\/02\/qr-code-1-100x100.png 100w, https:\/\/visitrauland.com\/rauland-skisenter\/wp-content\/uploads\/sites\/18\/2022\/02\/qr-code-1-862x862.png 862w, https:\/\/visitrauland.com\/rauland-skisenter\/wp-content\/uploads\/sites\/18\/2022\/02\/qr-code-1.png 1148w\" data-src=\"https:\/\/visitrauland.com\/rauland-skisenter\/wp-content\/uploads\/sites\/18\/2022\/02\/qr-code-1-300x300.png\"><\/p>\n<\/div><span class=\"x-image e5785-e11 m4gp-1\"><noscript><img decoding=\"async\" src=\"https:\/\/visitrauland.com\/rauland-skisenter\/wp-content\/uploads\/sites\/18\/2022\/08\/badstue001_1920.jpg\" width=\"960\" height=\"540\" alt=\"Liten hytte p\u00e5 en \u00e5s med bl\u00e5 himmel og tr\u00e6r, perfekt for rolige utflukter i norsk natur.\"><\/noscript><img decoding=\"async\" src=\"data:image\/svg+xml,%3Csvg%20xmlns%3D%22http%3A%2F%2Fwww.w3.org%2F2000%2Fsvg%22%20viewBox%3D%220%200%20960%20540%22%3E%3C%2Fsvg%3E\" width=\"960\" height=\"540\" alt=\"Liten hytte p\u00e5 en \u00e5s med bl\u00e5 himmel og tr\u00e6r, perfekt for rolige utflukter i norsk natur.\" data-src=\"https:\/\/visitrauland.com\/rauland-skisenter\/wp-content\/uploads\/sites\/18\/2022\/08\/badstue001_1920.jpg\" class=\" lazyload\"><\/span><\/div><\/div><\/div><\/div>\n","protected":false},"excerpt":{"rendered":"<p>\u00c5 ta badstue\/sauna er en gammel tradisjon, men som har blitt sv\u00e6rt popul\u00e6rt de siste \u00e5rene.&nbsp; N\u00e5 kan du teste v\u00e5rt nye badstuekonsept p\u00e5 Vierli. To stk. badstuer er plassert ved Uvatn, med herlig utsikt mot Farhovd og randen av Hardangervidda. Start eller avslutt dagen i varmen. Avkj\u00f8l deg i Uvatn sommerstid, eller med et sn\u00f8bad p\u00e5 Vinteren. LES DETTE &#8230; <\/p>\n<div><a href=\"https:\/\/visitrauland.com\/rauland-skisenter\/aktiviteter\/badstuer\/\" class=\"more-link\">Les Mer<\/a><\/div>\n","protected":false},"author":10,"featured_media":0,"parent":452,"menu_order":0,"comment_status":"closed","ping_status":"closed","template":"","meta":{"_relevanssi_hide_post":"","_relevanssi_hide_content":"","_relevanssi_pin_for_all":"","_relevanssi_pin_keywords":"","_relevanssi_unpin_keywords":"","_relevanssi_related_keywords":"","_relevanssi_related_include_ids":"","_relevanssi_related_exclude_ids":"","_relevanssi_related_no_append":"","_relevanssi_related_not_related":"","_relevanssi_related_posts":"10427,9869,10423,10365,9294,10371","_relevanssi_noindex_reason":"","seo_booster_metabox":"","footnotes":""},"class_list":["post-5785","page","type-page","status-publish","hentry","no-post-thumbnail"],"yoast_head":"<!-- This site is optimized with the Yoast SEO plugin v27.2 - https:\/\/yoast.com\/product\/yoast-seo-wordpress\/ -->\n<title>Badstuer p\u00e5 Vierli - Rauland Skisenter<\/title>\n<meta name=\"description\" content=\"Start eller avslutt dagen i varmen. Badstuene ved Uvatn leies ut og bookes med egen app.\" \/>\n<meta name=\"robots\" content=\"index, follow, max-snippet:-1, max-image-preview:large, max-video-preview:-1\" \/>\n<link rel=\"canonical\" href=\"https:\/\/visitrauland.com\/rauland-skisenter\/aktiviteter\/badstuer\/\" \/>\n<meta property=\"og:locale\" content=\"nb_NO\" \/>\n<meta property=\"og:type\" content=\"article\" \/>\n<meta property=\"og:title\" content=\"Badstuer p\u00e5 Vierli - Rauland Skisenter\" \/>\n<meta property=\"og:description\" content=\"Start eller avslutt dagen i varmen. Badstuene ved Uvatn leies ut og bookes med egen app.\" \/>\n<meta property=\"og:url\" content=\"https:\/\/visitrauland.com\/rauland-skisenter\/aktiviteter\/badstuer\/\" \/>\n<meta property=\"og:site_name\" content=\"Rauland Skisenter\" \/>\n<meta property=\"article:modified_time\" content=\"2025-09-08T09:43:56+00:00\" \/>\n<meta property=\"og:image\" content=\"https:\/\/visitrauland.com\/rauland-skisenter\/wp-content\/uploads\/sites\/18\/2022\/01\/frame.png\" \/>\n<meta name=\"twitter:card\" content=\"summary_large_image\" \/>\n<meta name=\"twitter:label1\" content=\"Ansl. lesetid\" \/>\n\t<meta name=\"twitter:data1\" content=\"4 minutter\" \/>\n<script type=\"application\/ld+json\" class=\"yoast-schema-graph\">{\"@context\":\"https:\/\/schema.org\",\"@graph\":[{\"@type\":\"WebPage\",\"@id\":\"https:\/\/visitrauland.com\/rauland-skisenter\/aktiviteter\/badstuer\/\",\"url\":\"https:\/\/visitrauland.com\/rauland-skisenter\/aktiviteter\/badstuer\/\",\"name\":\"Badstuer p\u00e5 Vierli - Rauland Skisenter\",\"isPartOf\":{\"@id\":\"https:\/\/visitrauland.com\/rauland-skisenter\/#website\"},\"primaryImageOfPage\":{\"@id\":\"https:\/\/visitrauland.com\/rauland-skisenter\/aktiviteter\/badstuer\/#primaryimage\"},\"image\":{\"@id\":\"https:\/\/visitrauland.com\/rauland-skisenter\/aktiviteter\/badstuer\/#primaryimage\"},\"thumbnailUrl\":\"https:\/\/visitrauland.com\/rauland-skisenter\/wp-content\/uploads\/sites\/18\/2022\/01\/frame.png\",\"datePublished\":\"2022-01-23T16:02:32+00:00\",\"dateModified\":\"2025-09-08T09:43:56+00:00\",\"description\":\"Start eller avslutt dagen i varmen. Badstuene ved Uvatn leies ut og bookes med egen app.\",\"breadcrumb\":{\"@id\":\"https:\/\/visitrauland.com\/rauland-skisenter\/aktiviteter\/badstuer\/#breadcrumb\"},\"inLanguage\":\"nb-NO\",\"potentialAction\":[{\"@type\":\"ReadAction\",\"target\":[\"https:\/\/visitrauland.com\/rauland-skisenter\/aktiviteter\/badstuer\/\"]}]},{\"@type\":\"ImageObject\",\"inLanguage\":\"nb-NO\",\"@id\":\"https:\/\/visitrauland.com\/rauland-skisenter\/aktiviteter\/badstuer\/#primaryimage\",\"url\":\"https:\/\/visitrauland.com\/rauland-skisenter\/wp-content\/uploads\/sites\/18\/2022\/01\/frame.png\",\"contentUrl\":\"https:\/\/visitrauland.com\/rauland-skisenter\/wp-content\/uploads\/sites\/18\/2022\/01\/frame.png\",\"width\":300,\"height\":300,\"caption\":\"QR-kode som peker til nettadresse for mer informasjon. Skannes med QR-leser for tilgang.\"},{\"@type\":\"BreadcrumbList\",\"@id\":\"https:\/\/visitrauland.com\/rauland-skisenter\/aktiviteter\/badstuer\/#breadcrumb\",\"itemListElement\":[{\"@type\":\"ListItem\",\"position\":1,\"name\":\"Hjem\",\"item\":\"https:\/\/visitrauland.com\/rauland-skisenter\/\"},{\"@type\":\"ListItem\",\"position\":2,\"name\":\"Aktiviteter hos Rauland Skisenter\",\"item\":\"https:\/\/visitrauland.com\/rauland-skisenter\/aktiviteter\/\"},{\"@type\":\"ListItem\",\"position\":3,\"name\":\"Badstuer p\u00e5 Vierli\"}]},{\"@type\":\"WebSite\",\"@id\":\"https:\/\/visitrauland.com\/rauland-skisenter\/#website\",\"url\":\"https:\/\/visitrauland.com\/rauland-skisenter\/\",\"name\":\"Rauland Skisenter\",\"description\":\"Aktiviteter for hele familien!\",\"potentialAction\":[{\"@type\":\"SearchAction\",\"target\":{\"@type\":\"EntryPoint\",\"urlTemplate\":\"https:\/\/visitrauland.com\/rauland-skisenter\/?s={search_term_string}\"},\"query-input\":{\"@type\":\"PropertyValueSpecification\",\"valueRequired\":true,\"valueName\":\"search_term_string\"}}],\"inLanguage\":\"nb-NO\"}]}<\/script>\n<!-- \/ Yoast SEO plugin. -->","yoast_head_json":{"title":"Badstuer p\u00e5 Vierli - Rauland Skisenter","description":"Start eller avslutt dagen i varmen. Badstuene ved Uvatn leies ut og bookes med egen app.","robots":{"index":"index","follow":"follow","max-snippet":"max-snippet:-1","max-image-preview":"max-image-preview:large","max-video-preview":"max-video-preview:-1"},"canonical":"https:\/\/visitrauland.com\/rauland-skisenter\/aktiviteter\/badstuer\/","og_locale":"nb_NO","og_type":"article","og_title":"Badstuer p\u00e5 Vierli - Rauland Skisenter","og_description":"Start eller avslutt dagen i varmen. Badstuene ved Uvatn leies ut og bookes med egen app.","og_url":"https:\/\/visitrauland.com\/rauland-skisenter\/aktiviteter\/badstuer\/","og_site_name":"Rauland Skisenter","article_modified_time":"2025-09-08T09:43:56+00:00","og_image":[{"url":"https:\/\/visitrauland.com\/rauland-skisenter\/wp-content\/uploads\/sites\/18\/2022\/01\/frame.png","type":"","width":"","height":""}],"twitter_card":"summary_large_image","twitter_misc":{"Ansl. lesetid":"4 minutter"},"schema":{"@context":"https:\/\/schema.org","@graph":[{"@type":"WebPage","@id":"https:\/\/visitrauland.com\/rauland-skisenter\/aktiviteter\/badstuer\/","url":"https:\/\/visitrauland.com\/rauland-skisenter\/aktiviteter\/badstuer\/","name":"Badstuer p\u00e5 Vierli - Rauland Skisenter","isPartOf":{"@id":"https:\/\/visitrauland.com\/rauland-skisenter\/#website"},"primaryImageOfPage":{"@id":"https:\/\/visitrauland.com\/rauland-skisenter\/aktiviteter\/badstuer\/#primaryimage"},"image":{"@id":"https:\/\/visitrauland.com\/rauland-skisenter\/aktiviteter\/badstuer\/#primaryimage"},"thumbnailUrl":"https:\/\/visitrauland.com\/rauland-skisenter\/wp-content\/uploads\/sites\/18\/2022\/01\/frame.png","datePublished":"2022-01-23T16:02:32+00:00","dateModified":"2025-09-08T09:43:56+00:00","description":"Start eller avslutt dagen i varmen. Badstuene ved Uvatn leies ut og bookes med egen app.","breadcrumb":{"@id":"https:\/\/visitrauland.com\/rauland-skisenter\/aktiviteter\/badstuer\/#breadcrumb"},"inLanguage":"nb-NO","potentialAction":[{"@type":"ReadAction","target":["https:\/\/visitrauland.com\/rauland-skisenter\/aktiviteter\/badstuer\/"]}]},{"@type":"ImageObject","inLanguage":"nb-NO","@id":"https:\/\/visitrauland.com\/rauland-skisenter\/aktiviteter\/badstuer\/#primaryimage","url":"https:\/\/visitrauland.com\/rauland-skisenter\/wp-content\/uploads\/sites\/18\/2022\/01\/frame.png","contentUrl":"https:\/\/visitrauland.com\/rauland-skisenter\/wp-content\/uploads\/sites\/18\/2022\/01\/frame.png","width":300,"height":300,"caption":"QR-kode som peker til nettadresse for mer informasjon. Skannes med QR-leser for tilgang."},{"@type":"BreadcrumbList","@id":"https:\/\/visitrauland.com\/rauland-skisenter\/aktiviteter\/badstuer\/#breadcrumb","itemListElement":[{"@type":"ListItem","position":1,"name":"Hjem","item":"https:\/\/visitrauland.com\/rauland-skisenter\/"},{"@type":"ListItem","position":2,"name":"Aktiviteter hos Rauland Skisenter","item":"https:\/\/visitrauland.com\/rauland-skisenter\/aktiviteter\/"},{"@type":"ListItem","position":3,"name":"Badstuer p\u00e5 Vierli"}]},{"@type":"WebSite","@id":"https:\/\/visitrauland.com\/rauland-skisenter\/#website","url":"https:\/\/visitrauland.com\/rauland-skisenter\/","name":"Rauland Skisenter","description":"Aktiviteter for hele familien!","potentialAction":[{"@type":"SearchAction","target":{"@type":"EntryPoint","urlTemplate":"https:\/\/visitrauland.com\/rauland-skisenter\/?s={search_term_string}"},"query-input":{"@type":"PropertyValueSpecification","valueRequired":true,"valueName":"search_term_string"}}],"inLanguage":"nb-NO"}]}},"publishpress_future_action":{"enabled":false,"date":"2026-04-22 05:59:30","action":"change-status","newStatus":"draft","terms":[],"taxonomy":"","extraData":[]},"publishpress_future_workflow_manual_trigger":{"enabledWorkflows":[]},"_links":{"self":[{"href":"https:\/\/visitrauland.com\/rauland-skisenter\/wp-json\/wp\/v2\/pages\/5785","targetHints":{"allow":["GET"]}}],"collection":[{"href":"https:\/\/visitrauland.com\/rauland-skisenter\/wp-json\/wp\/v2\/pages"}],"about":[{"href":"https:\/\/visitrauland.com\/rauland-skisenter\/wp-json\/wp\/v2\/types\/page"}],"author":[{"embeddable":true,"href":"https:\/\/visitrauland.com\/rauland-skisenter\/wp-json\/wp\/v2\/users\/10"}],"replies":[{"embeddable":true,"href":"https:\/\/visitrauland.com\/rauland-skisenter\/wp-json\/wp\/v2\/comments?post=5785"}],"version-history":[{"count":22,"href":"https:\/\/visitrauland.com\/rauland-skisenter\/wp-json\/wp\/v2\/pages\/5785\/revisions"}],"predecessor-version":[{"id":9430,"href":"https:\/\/visitrauland.com\/rauland-skisenter\/wp-json\/wp\/v2\/pages\/5785\/revisions\/9430"}],"up":[{"embeddable":true,"href":"https:\/\/visitrauland.com\/rauland-skisenter\/wp-json\/wp\/v2\/pages\/452"}],"wp:attachment":[{"href":"https:\/\/visitrauland.com\/rauland-skisenter\/wp-json\/wp\/v2\/media?parent=5785"}],"curies":[{"name":"wp","href":"https:\/\/api.w.org\/{rel}","templated":true}]}}